{"id":2380,"date":"2023-10-05T23:03:52","date_gmt":"2023-10-06T04:03:52","guid":{"rendered":"https:\/\/www.jiproequip.com\/?page_id=2380"},"modified":"2025-06-02T16:42:03","modified_gmt":"2025-06-02T21:42:03","slug":"carrete-transporte-manual","status":"publish","type":"page","link":"https:\/\/www.jiproequip.com\/index.php\/carrete-transporte-manual\/","title":{"rendered":"COCHE MANUAL CON CARRETE INCLUIDO"},"content":{"rendered":"<div class=\"yoast-breadcrumbs breadcrumb-p\"><span><span><a href=\"https:\/\/www.jiproequip.com\/\">Home<\/a><\/span> \u00bb <span class=\"breadcrumb_last\" aria-current=\"page\"><strong>COCHE MANUAL CON CARRETE INCLUIDO<\/strong><\/span><\/span><\/div><div data-block-name=\"woocommerce\/single-product\" data-product-id=\"2374\" class=\"wp-block-woocommerce-single-product\"><div class=\"wp-block-columns is-layout-flex wp-container-core-columns-is-layout-28f84493 wp-block-columns-is-layout-flex\"><div class=\"wp-block-column is-layout-flow wp-block-column-is-layout-flow\"><div class=\"wp-block-stackable-image stk-block-image stk-block stk-8512e67\" data-block-id=\"8512e67\"><style>.stk-8512e67 .stk-img-wrapper{width:69% !important;height:542px !important}<\/style><figure><span class=\"stk-img-wrapper stk-image--shape-stretch\"><img loading=\"lazy\" decoding=\"async\" class=\"stk-img wp-image-2379\" src=\"https:\/\/www.jiproequip.com\/wp-content\/uploads\/2023\/08\/carretes_industriales_demanguera_cochemanual_reelcraft_columbec_B.png\" width=\"481\" height=\"600\"\/><\/span><\/figure><\/div><\/div>\n\n<div class=\"wp-block-column is-layout-constrained wp-container-core-column-is-layout-639b5052 wp-block-column-is-layout-constrained\" style=\"border-style:none;border-width:0px;padding-top:0;padding-right:0;padding-bottom:0;padding-left:0\"><h2 style=\"color:#103c6e;background-color:#00aaba; font-size:25px;font-style:normal;font-weight:800;\" class=\"titulo-producto wp-block-post-title has-text-color has-background\">COCHE MANUAL CON CARRETE INCLUIDO<\/h2>\n\n<div class=\"wp-block-post-excerpt\"><p class=\"wp-block-post-excerpt__excerpt\">COCHE MANUAL CON CARRETE INCLUIDO Carrito para transporte manual del carrete industrial que haya seleccionado.\u00a0 Este accesorio es ideal para transportar especialmente carretes con manguera sin inconvenientes, hace el punto de riego m\u00e1s f\u00e1cil, m\u00e1s r\u00e1pido y m\u00e1s sencillo. Las aplicaciones incluyen campos de golf, campos deportivos, c\u00e9spedes deportivos, mantenimiento de jardines, parques y recreaci\u00f3n,&hellip; <\/p><\/div>\n\n<div data-block-name=\"woocommerce\/product-meta\" class=\"wp-block-woocommerce-product-meta\"><div class=\"wp-block-group is-nowrap is-layout-flex wp-container-core-group-is-layout-6c531013 wp-block-group-is-layout-flex\">\n\n<div class=\"taxonomy-product_cat wp-block-post-terms\"><span class=\"wp-block-post-terms__prefix\">Category: <\/span><a href=\"https:\/\/www.jiproequip.com\/index.php\/categoria-producto\/carretes\/\" rel=\"tag\">carretes<\/a><\/div>\n\n<\/div><\/div><\/div><\/div><\/div><div class=\"wp-block-stackable-columns stk-block-columns stk-block stk-6220373 stk-block-background\" data-block-id=\"6220373\"><div class=\"stk-row stk-inner-blocks stk-block-content stk-content-align stk-6220373-column\"><div class=\"wp-block-stackable-column stk-block-column stk-column stk-block stk-4cb0fc4\" data-v=\"4\" data-block-id=\"4cb0fc4\"><style>.stk-4cb0fc4{padding-right:0% !important;padding-left:0% !important}.stk-4cb0fc4-container{padding-top:0px !important;padding-right:0px !important;padding-bottom:0px !important;padding-left:0px !important}<\/style><div class=\"stk-column-wrapper stk-block-column__content stk-container stk-4cb0fc4-container stk--no-background stk--no-padding\"><div class=\"stk-block-content stk-inner-blocks stk-4cb0fc4-inner-blocks\"><\/div><\/div><\/div>\n\n<div class=\"wp-block-stackable-column stk-block-column stk-column stk-block stk-1f3b18f stk-block-background\" data-v=\"4\" data-block-id=\"1f3b18f\"><style>.stk-1f3b18f{background-color:var(--paletteColor8,#ffffff) !important;border-radius:5px !important;overflow:hidden !important}.stk-1f3b18f:before{background-color:var(--paletteColor8,#ffffff) !important}<\/style><div class=\"stk-column-wrapper stk-block-column__content stk-container stk-1f3b18f-container stk--no-background stk--no-padding\"><div class=\"stk-block-content stk-inner-blocks stk-1f3b18f-inner-blocks\"><div class=\"wp-block-stackable-image stk-block-image stk-block stk-bf7c32b\" data-block-id=\"bf7c32b\"><style>.stk-bf7c32b{margin-bottom:12px !important}.stk-bf7c32b .stk-img-wrapper{width:54% !important;height:371px !important}.stk-bf7c32b .stk-img-wrapper img{border-radius:8px !important}<\/style><figure><span class=\"stk-img-wrapper stk-image--shape-stretch\"><img loading=\"lazy\" decoding=\"async\" class=\"stk-img wp-image-2379\" src=\"https:\/\/www.jiproequip.com\/wp-content\/uploads\/2023\/08\/carretes_industriales_demanguera_cochemanual_reelcraft_columbec_B.png\" width=\"481\" height=\"600\"\/><\/span><\/figure><\/div>\n\n<div class=\"wp-block-group has-background has-medium-font-size is-content-justification-center is-layout-constrained wp-container-core-group-is-layout-1719969e wp-block-group-is-layout-constrained\" style=\"background-color:#fdf311;margin-top:var(--wp--preset--spacing--30);margin-bottom:var(--wp--preset--spacing--30);padding-top:var(--wp--preset--spacing--40);padding-right:var(--wp--preset--spacing--20);padding-bottom:var(--wp--preset--spacing--40);padding-left:var(--wp--preset--spacing--20)\"><div class=\"wp-block-stackable-text stk-block-text stk-block stk-e71f9f2\" data-block-id=\"e71f9f2\"><style>.stk-e71f9f2{margin-bottom:7px !important}.stk-e71f9f2 .stk-block-text__text{font-size:17px !important;color:#103c6e !important;font-weight:bold !important;font-family:\"Poppins\",Sans-serif !important}@media screen and (max-width:999px){.stk-e71f9f2 .stk-block-text__text{font-size:17px !important}}<\/style><p class=\"stk-block-text__text has-text-color has-text-align-center\">COTIZAR ESTE EQUIPO<\/p><\/div><\/div>\n\n<div class=\"wpforms-container wpforms-block wpforms-block-a46d555c-0c52-456c-8563-62ee129e12bf wpforms-render-modern\" id=\"wpforms-1351\"><form id=\"wpforms-form-1351\" class=\"wpforms-validate wpforms-form wpforms-ajax-form\" data-formid=\"1351\" method=\"post\" enctype=\"multipart\/form-data\" action=\"\/index.php\/wp-json\/wp\/v2\/pages\/2380\" data-token=\"4c4d2c01ba96c85a3458ff5f5841211f\" data-token-time=\"1777567177\"><noscript class=\"wpforms-error-noscript\">Por favor, activa JavaScript en tu navegador para completar este formulario.<\/noscript><div class=\"wpforms-hidden\" id=\"wpforms-error-noscript\">Por favor, activa JavaScript en tu navegador para completar este formulario.<\/div><div class=\"wpforms-field-container\"><div id=\"wpforms-1351-field_1-container\" class=\"wpforms-field wpforms-field-text\" data-field-id=\"1\"><label class=\"wpforms-field-label\" for=\"wpforms-1351-field_1\">Nombre <span class=\"wpforms-required-label\" aria-hidden=\"true\">*<\/span><\/label><input type=\"text\" id=\"wpforms-1351-field_1\" class=\"wpforms-field-large wpforms-field-required\" name=\"wpforms[fields][1]\" aria-errormessage=\"wpforms-1351-field_1-error\" required><\/div><div id=\"wpforms-1351-field_2-container\" class=\"wpforms-field wpforms-field-email\" data-field-id=\"2\"><label class=\"wpforms-field-label\" for=\"wpforms-1351-field_2\">Correo electr\u00f3nico <span class=\"wpforms-required-label\" aria-hidden=\"true\">*<\/span><\/label><input type=\"email\" id=\"wpforms-1351-field_2\" class=\"wpforms-field-large wpforms-field-required\" name=\"wpforms[fields][2]\" spellcheck=\"false\" aria-errormessage=\"wpforms-1351-field_2-error\" required><\/div><div id=\"wpforms-1351-field_3-container\" class=\"wpforms-field wpforms-field-text\" data-field-id=\"3\"><label class=\"wpforms-field-label\" for=\"wpforms-1351-field_3\">Tel\u00e9fono <span class=\"wpforms-required-label\" aria-hidden=\"true\">*<\/span><\/label><input type=\"text\" id=\"wpforms-1351-field_3\" class=\"wpforms-field-large wpforms-field-required wpforms-masked-input\" data-rule-inputmask-incomplete=\"1\" data-inputmask-mask=\"9999999999\" name=\"wpforms[fields][3]\" aria-errormessage=\"wpforms-1351-field_3-error\" required><\/div><div id=\"wpforms-1351-field_4-container\" class=\"wpforms-field wpforms-field-text\" data-field-id=\"4\"><label class=\"wpforms-field-label\" for=\"wpforms-1351-field_4\">Modelo del equipo <span class=\"wpforms-required-label\" aria-hidden=\"true\">*<\/span><\/label><input type=\"text\" id=\"wpforms-1351-field_4\" class=\"wpforms-field-large wpforms-field-required\" name=\"wpforms[fields][4]\" aria-errormessage=\"wpforms-1351-field_4-error\" required><\/div><\/div><!-- .wpforms-field-container --><div class=\"wpforms-submit-container\" ><input type=\"hidden\" name=\"wpforms[id]\" value=\"1351\"><input type=\"hidden\" name=\"page_title\" value=\"\"><input type=\"hidden\" name=\"page_url\" value=\"https:\/\/www.jiproequip.com\/index.php\/wp-json\/wp\/v2\/pages\/2380\"><input type=\"hidden\" name=\"url_referer\" value=\"\"><button type=\"submit\" name=\"wpforms[submit]\" id=\"wpforms-submit-1351\" class=\"wpforms-submit btn_cotizarProd\" data-alt-text=\"Enviando...\" data-submit-text=\"Enviar\" aria-live=\"assertive\" value=\"wpforms-submit\">Enviar<\/button><img loading=\"lazy\" decoding=\"async\" src=\"https:\/\/www.jiproequip.com\/wp-content\/plugins\/wpforms-lite\/assets\/images\/submit-spin.svg\" class=\"wpforms-submit-spinner\" style=\"display: none;\" width=\"26\" height=\"26\" alt=\"Cargando\"><\/div><\/form><\/div>  <!-- .wpforms-container --><\/div><\/div><\/div><\/div><\/div><p><\/p>","protected":false},"excerpt":{"rendered":"<p>COTIZAR ESTE EQUIPO<\/p>\n","protected":false},"author":1,"featured_media":0,"parent":0,"menu_order":0,"comment_status":"closed","ping_status":"closed","template":"","meta":{"_uag_custom_page_level_css":"","footnotes":""},"class_list":["post-2380","page","type-page","status-publish","hentry"],"blocksy_meta":{"has_hero_section":"disabled"},"yoast_head":"<!-- This site is optimized with the Yoast SEO plugin v25.2 - https:\/\/yoast.com\/wordpress\/plugins\/seo\/ -->\n<title>COCHE MANUAL CON CARRETE INCLUIDO - Ji-proequip<\/title>\n<meta name=\"robots\" content=\"index, follow, max-snippet:-1, max-image-preview:large, max-video-preview:-1\" \/>\n<link rel=\"canonical\" href=\"https:\/\/www.jiproequip.com\/index.php\/carrete-transporte-manual\/\" \/>\n<meta property=\"og:locale\" content=\"es_ES\" \/>\n<meta property=\"og:type\" content=\"article\" \/>\n<meta property=\"og:title\" content=\"COCHE MANUAL CON CARRETE INCLUIDO - Ji-proequip\" \/>\n<meta property=\"og:description\" content=\"COTIZAR ESTE EQUIPO\" \/>\n<meta property=\"og:url\" content=\"https:\/\/www.jiproequip.com\/index.php\/carrete-transporte-manual\/\" \/>\n<meta property=\"og:site_name\" content=\"Ji-proequip\" \/>\n<meta property=\"article:modified_time\" content=\"2025-06-02T21:42:03+00:00\" \/>\n<meta property=\"og:image\" content=\"https:\/\/www.jiproequip.com\/wp-content\/uploads\/2023\/08\/carretes_industriales_demanguera_cochemanual_reelcraft_columbec_B.png\" \/>\n<meta name=\"twitter:card\" content=\"summary_large_image\" \/>\n<meta name=\"twitter:label1\" content=\"Tiempo de lectura\" \/>\n\t<meta name=\"twitter:data1\" content=\"1 minuto\" \/>\n<script type=\"application\/ld+json\" class=\"yoast-schema-graph\">{\"@context\":\"https:\/\/schema.org\",\"@graph\":[{\"@type\":\"WebPage\",\"@id\":\"https:\/\/www.jiproequip.com\/index.php\/carrete-transporte-manual\/\",\"url\":\"https:\/\/www.jiproequip.com\/index.php\/carrete-transporte-manual\/\",\"name\":\"COCHE MANUAL CON CARRETE INCLUIDO - Ji-proequip\",\"isPartOf\":{\"@id\":\"https:\/\/www.jiproequip.com\/#website\"},\"primaryImageOfPage\":{\"@id\":\"https:\/\/www.jiproequip.com\/index.php\/carrete-transporte-manual\/#primaryimage\"},\"image\":{\"@id\":\"https:\/\/www.jiproequip.com\/index.php\/carrete-transporte-manual\/#primaryimage\"},\"thumbnailUrl\":\"https:\/\/www.jiproequip.com\/wp-content\/uploads\/2023\/08\/carretes_industriales_demanguera_cochemanual_reelcraft_columbec_B.png\",\"datePublished\":\"2023-10-06T04:03:52+00:00\",\"dateModified\":\"2025-06-02T21:42:03+00:00\",\"breadcrumb\":{\"@id\":\"https:\/\/www.jiproequip.com\/index.php\/carrete-transporte-manual\/#breadcrumb\"},\"inLanguage\":\"es\",\"potentialAction\":[{\"@type\":\"ReadAction\",\"target\":[\"https:\/\/www.jiproequip.com\/index.php\/carrete-transporte-manual\/\"]}]},{\"@type\":\"ImageObject\",\"inLanguage\":\"es\",\"@id\":\"https:\/\/www.jiproequip.com\/index.php\/carrete-transporte-manual\/#primaryimage\",\"url\":\"https:\/\/www.jiproequip.com\/wp-content\/uploads\/2023\/08\/carretes_industriales_demanguera_cochemanual_reelcraft_columbec_B.png\",\"contentUrl\":\"https:\/\/www.jiproequip.com\/wp-content\/uploads\/2023\/08\/carretes_industriales_demanguera_cochemanual_reelcraft_columbec_B.png\",\"width\":481,\"height\":600},{\"@type\":\"BreadcrumbList\",\"@id\":\"https:\/\/www.jiproequip.com\/index.php\/carrete-transporte-manual\/#breadcrumb\",\"itemListElement\":[{\"@type\":\"ListItem\",\"position\":1,\"name\":\"Home\",\"item\":\"https:\/\/www.jiproequip.com\/\"},{\"@type\":\"ListItem\",\"position\":2,\"name\":\"COCHE MANUAL CON CARRETE INCLUIDO\"}]},{\"@type\":\"WebSite\",\"@id\":\"https:\/\/www.jiproequip.com\/#website\",\"url\":\"https:\/\/www.jiproequip.com\/\",\"name\":\"Ji-proequip\",\"description\":\"Venta de equipos industriales con servicio t\u00e9cnico especializado\",\"publisher\":{\"@id\":\"https:\/\/www.jiproequip.com\/#organization\"},\"potentialAction\":[{\"@type\":\"SearchAction\",\"target\":{\"@type\":\"EntryPoint\",\"urlTemplate\":\"https:\/\/www.jiproequip.com\/?s={search_term_string}\"},\"query-input\":{\"@type\":\"PropertyValueSpecification\",\"valueRequired\":true,\"valueName\":\"search_term_string\"}}],\"inLanguage\":\"es\"},{\"@type\":\"Organization\",\"@id\":\"https:\/\/www.jiproequip.com\/#organization\",\"name\":\"Ji-proequip\",\"url\":\"https:\/\/www.jiproequip.com\/\",\"logo\":{\"@type\":\"ImageObject\",\"inLanguage\":\"es\",\"@id\":\"https:\/\/www.jiproequip.com\/#\/schema\/logo\/image\/\",\"url\":\"https:\/\/www.jiproequip.com\/wp-content\/uploads\/2025\/06\/LOGO-JIproequip-2025.png\",\"contentUrl\":\"https:\/\/www.jiproequip.com\/wp-content\/uploads\/2025\/06\/LOGO-JIproequip-2025.png\",\"width\":2433,\"height\":596,\"caption\":\"Ji-proequip\"},\"image\":{\"@id\":\"https:\/\/www.jiproequip.com\/#\/schema\/logo\/image\/\"}}]}<\/script>\n<!-- \/ Yoast SEO plugin. -->","yoast_head_json":{"title":"COCHE MANUAL CON CARRETE INCLUIDO - Ji-proequip","robots":{"index":"index","follow":"follow","max-snippet":"max-snippet:-1","max-image-preview":"max-image-preview:large","max-video-preview":"max-video-preview:-1"},"canonical":"https:\/\/www.jiproequip.com\/index.php\/carrete-transporte-manual\/","og_locale":"es_ES","og_type":"article","og_title":"COCHE MANUAL CON CARRETE INCLUIDO - Ji-proequip","og_description":"COTIZAR ESTE EQUIPO","og_url":"https:\/\/www.jiproequip.com\/index.php\/carrete-transporte-manual\/","og_site_name":"Ji-proequip","article_modified_time":"2025-06-02T21:42:03+00:00","og_image":[{"url":"https:\/\/www.jiproequip.com\/wp-content\/uploads\/2023\/08\/carretes_industriales_demanguera_cochemanual_reelcraft_columbec_B.png","type":"","width":"","height":""}],"twitter_card":"summary_large_image","twitter_misc":{"Tiempo de lectura":"1 minuto"},"schema":{"@context":"https:\/\/schema.org","@graph":[{"@type":"WebPage","@id":"https:\/\/www.jiproequip.com\/index.php\/carrete-transporte-manual\/","url":"https:\/\/www.jiproequip.com\/index.php\/carrete-transporte-manual\/","name":"COCHE MANUAL CON CARRETE INCLUIDO - Ji-proequip","isPartOf":{"@id":"https:\/\/www.jiproequip.com\/#website"},"primaryImageOfPage":{"@id":"https:\/\/www.jiproequip.com\/index.php\/carrete-transporte-manual\/#primaryimage"},"image":{"@id":"https:\/\/www.jiproequip.com\/index.php\/carrete-transporte-manual\/#primaryimage"},"thumbnailUrl":"https:\/\/www.jiproequip.com\/wp-content\/uploads\/2023\/08\/carretes_industriales_demanguera_cochemanual_reelcraft_columbec_B.png","datePublished":"2023-10-06T04:03:52+00:00","dateModified":"2025-06-02T21:42:03+00:00","breadcrumb":{"@id":"https:\/\/www.jiproequip.com\/index.php\/carrete-transporte-manual\/#breadcrumb"},"inLanguage":"es","potentialAction":[{"@type":"ReadAction","target":["https:\/\/www.jiproequip.com\/index.php\/carrete-transporte-manual\/"]}]},{"@type":"ImageObject","inLanguage":"es","@id":"https:\/\/www.jiproequip.com\/index.php\/carrete-transporte-manual\/#primaryimage","url":"https:\/\/www.jiproequip.com\/wp-content\/uploads\/2023\/08\/carretes_industriales_demanguera_cochemanual_reelcraft_columbec_B.png","contentUrl":"https:\/\/www.jiproequip.com\/wp-content\/uploads\/2023\/08\/carretes_industriales_demanguera_cochemanual_reelcraft_columbec_B.png","width":481,"height":600},{"@type":"BreadcrumbList","@id":"https:\/\/www.jiproequip.com\/index.php\/carrete-transporte-manual\/#breadcrumb","itemListElement":[{"@type":"ListItem","position":1,"name":"Home","item":"https:\/\/www.jiproequip.com\/"},{"@type":"ListItem","position":2,"name":"COCHE MANUAL CON CARRETE INCLUIDO"}]},{"@type":"WebSite","@id":"https:\/\/www.jiproequip.com\/#website","url":"https:\/\/www.jiproequip.com\/","name":"Ji-proequip","description":"Venta de equipos industriales con servicio t\u00e9cnico especializado","publisher":{"@id":"https:\/\/www.jiproequip.com\/#organization"},"potentialAction":[{"@type":"SearchAction","target":{"@type":"EntryPoint","urlTemplate":"https:\/\/www.jiproequip.com\/?s={search_term_string}"},"query-input":{"@type":"PropertyValueSpecification","valueRequired":true,"valueName":"search_term_string"}}],"inLanguage":"es"},{"@type":"Organization","@id":"https:\/\/www.jiproequip.com\/#organization","name":"Ji-proequip","url":"https:\/\/www.jiproequip.com\/","logo":{"@type":"ImageObject","inLanguage":"es","@id":"https:\/\/www.jiproequip.com\/#\/schema\/logo\/image\/","url":"https:\/\/www.jiproequip.com\/wp-content\/uploads\/2025\/06\/LOGO-JIproequip-2025.png","contentUrl":"https:\/\/www.jiproequip.com\/wp-content\/uploads\/2025\/06\/LOGO-JIproequip-2025.png","width":2433,"height":596,"caption":"Ji-proequip"},"image":{"@id":"https:\/\/www.jiproequip.com\/#\/schema\/logo\/image\/"}}]}},"uagb_featured_image_src":{"full":false,"thumbnail":false,"medium":false,"medium_large":false,"large":false,"1536x1536":false,"2048x2048":false,"mailpoet_newsletter_max":false,"woocommerce_thumbnail":false,"woocommerce_single":false,"woocommerce_gallery_thumbnail":false},"uagb_author_info":{"display_name":"admin_jiproeq","author_link":"https:\/\/www.jiproequip.com\/index.php\/author\/admin_jiproeq\/"},"uagb_comment_info":0,"uagb_excerpt":"COTIZAR ESTE EQUIPO","jetpack_sharing_enabled":true,"_links":{"self":[{"href":"https:\/\/www.jiproequip.com\/index.php\/wp-json\/wp\/v2\/pages\/2380","targetHints":{"allow":["GET"]}}],"collection":[{"href":"https:\/\/www.jiproequip.com\/index.php\/wp-json\/wp\/v2\/pages"}],"about":[{"href":"https:\/\/www.jiproequip.com\/index.php\/wp-json\/wp\/v2\/types\/page"}],"author":[{"embeddable":true,"href":"https:\/\/www.jiproequip.com\/index.php\/wp-json\/wp\/v2\/users\/1"}],"replies":[{"embeddable":true,"href":"https:\/\/www.jiproequip.com\/index.php\/wp-json\/wp\/v2\/comments?post=2380"}],"version-history":[{"count":6,"href":"https:\/\/www.jiproequip.com\/index.php\/wp-json\/wp\/v2\/pages\/2380\/revisions"}],"predecessor-version":[{"id":5287,"href":"https:\/\/www.jiproequip.com\/index.php\/wp-json\/wp\/v2\/pages\/2380\/revisions\/5287"}],"wp:attachment":[{"href":"https:\/\/www.jiproequip.com\/index.php\/wp-json\/wp\/v2\/media?parent=2380"}],"curies":[{"name":"wp","href":"https:\/\/api.w.org\/{rel}","templated":true}]}}