{"id":3,"date":"2023-08-28T11:45:14","date_gmt":"2023-08-28T16:45:14","guid":{"rendered":"https:\/\/www.jiproequip.com\/?page_id=3"},"modified":"2023-11-08T21:51:13","modified_gmt":"2023-11-09T02:51:13","slug":"legal","status":"publish","type":"page","link":"https:\/\/www.jiproequip.com\/index.php\/legal\/","title":{"rendered":"AVISO LEGAL Y CONDICIONES GENERALES DE USO"},"content":{"rendered":"<h6 class=\"wp-block-heading\">www.jiproequip.com<\/h6><div class=\"wp-block-stackable-heading stk-block-heading stk-block-heading--v2 stk-block stk-050090f\" id=\"i-informacion-general\" data-block-id=\"050090f\"><h2 class=\"stk-block-heading__text\">I. INFORMACI\u00d3N GENERAL<\/h2><\/div><div class=\"wp-block-stackable-text stk-block-text stk-block stk-2671dd2\" data-block-id=\"2671dd2\"><p class=\"stk-block-text__text\">En cumplimiento con el deber de informaci\u00f3n dispuesto en la Ley 34\/2002 de Servicios de la Sociedad de la Informaci\u00f3n y el Comercio Electr\u00f3nico (LSSI-CE) de 11 de julio, se facilitan a continuaci\u00f3n los siguientes datos de informaci\u00f3n general de este sitio web:<\/p><\/div><div class=\"wp-block-stackable-text stk-block-text stk-block stk-b83959c\" data-block-id=\"b83959c\"><p class=\"stk-block-text__text\">La titularidad de este sitio web, www.jiproequip.com, (en adelante, Sitio Web) la ostenta: Jiproequip, provista de NIF: e inscrita en: con los siguientes datos registrales: , cuyo representante es: , y cuyos datos de contacto son:<\/p><\/div><div class=\"wp-block-stackable-text stk-block-text stk-block stk-4ce5560\" data-block-id=\"4ce5560\"><p class=\"stk-block-text__text\">Direcci\u00f3n:<\/p><\/div><div class=\"wp-block-stackable-text stk-block-text stk-block stk-d556c48\" data-block-id=\"d556c48\"><p class=\"stk-block-text__text\">Tel\u00e9fono de contacto:<\/p><\/div><div class=\"wp-block-stackable-text stk-block-text stk-block stk-a76df6a\" data-block-id=\"a76df6a\"><p class=\"stk-block-text__text\">Email de contacto:<\/p><\/div><div class=\"wp-block-stackable-heading stk-block-heading stk-block-heading--v2 stk-block stk-ae1f74e\" id=\"ii-terminos-y-condiciones-generales-de-uso\" data-block-id=\"ae1f74e\"><h2 class=\"stk-block-heading__text\">II. T\u00c9RMINOS Y CONDICIONES GENERALES DE USO<\/h2><\/div><div class=\"wp-block-stackable-heading stk-block-heading stk-block-heading--v2 stk-block stk-2ee9bcc\" id=\"el-objeto-de-las-condiciones-el-sitio-web\" data-block-id=\"2ee9bcc\"><h4 class=\"stk-block-heading__text\">El objeto de las condiciones: El Sitio Web<\/h4><\/div><div class=\"wp-block-stackable-text stk-block-text stk-block stk-878b6cd\" data-block-id=\"878b6cd\"><p class=\"stk-block-text__text\">El objeto de las presentes Condiciones Generales de Uso (en adelante, Condiciones) es regular el acceso y la utilizaci\u00f3n del Sitio Web. A los efectos de las presentes Condiciones se entender\u00e1 como Sitio Web: la apariencia externa de los interfaces de pantalla, tanto de forma est\u00e1tica como de forma din\u00e1mica, es decir, el \u00e1rbol de navegaci\u00f3n; y todos los elementos integrados tanto en los interfaces de pantalla como en el \u00e1rbol de navegaci\u00f3n (en adelante, Contenidos) y todos aquellos servicios o recursos en l\u00ednea que en su caso ofrezca a los Usuarios (en adelante, Servicios).<\/p><\/div><div class=\"wp-block-stackable-text stk-block-text stk-block stk-3e4a7b5\" data-block-id=\"3e4a7b5\"><p class=\"stk-block-text__text\">Jiproequip se reserva la facultad de modificar, en cualquier momento, y sin aviso previo, la presentaci\u00f3n y configuraci\u00f3n del Sitio Web y de los Contenidos y Servicios que en \u00e9l pudieran estar incorporados. El Usuario reconoce y acepta que en cualquier momento Jiproequip pueda interrumpir, desactivar y\/o cancelar cualquiera de estos elementos que se integran en el Sitio Web o el acceso a los mismos.<\/p><\/div><div class=\"wp-block-stackable-text stk-block-text stk-block stk-9b004a3\" data-block-id=\"9b004a3\"><p class=\"stk-block-text__text\">El acceso al Sitio Web por el Usuario tiene car\u00e1cter libre y, por regla general, es gratuito sin que el Usuario tenga que proporcionar una contraprestaci\u00f3n para poder disfrutar de ello, salvo en lo relativo al coste de conexi\u00f3n a trav\u00e9s de la red de telecomunicaciones suministrada por el proveedor de acceso que hubiere contratado el Usuario.<\/p><\/div><div class=\"wp-block-stackable-text stk-block-text stk-block stk-da32934\" data-block-id=\"da32934\"><p class=\"stk-block-text__text\">La utilizaci\u00f3n de alguno de los Contenidos o Servicios del Sitio Web podr\u00e1 hacerse mediante la suscripci\u00f3n o registro previo del Usuario.<\/p><\/div><div class=\"wp-block-stackable-heading stk-block-heading stk-block-heading--v2 stk-block stk-be44a1b\" id=\"el-usuario\" data-block-id=\"be44a1b\"><h4 class=\"stk-block-heading__text\">El Usuario<\/h4><\/div><div class=\"wp-block-stackable-text stk-block-text stk-block stk-a68fbee\" data-block-id=\"a68fbee\"><p class=\"stk-block-text__text\">El acceso, la navegaci\u00f3n y uso del Sitio Web, confiere la condici\u00f3n de Usuario, por lo que se aceptan, desde que se inicia la navegaci\u00f3n por el Sitio Web, todas las Condiciones aqu\u00ed establecidas, as\u00ed como sus ulteriores modificaciones, sin perjuicio de la aplicaci\u00f3n de la correspondiente normativa legal de obligado cumplimiento seg\u00fan el caso. Dada la relevancia de lo anterior, se recomienda al Usuario leerlas cada vez que visite el Sitio Web.<\/p><\/div><div class=\"wp-block-stackable-text stk-block-text stk-block stk-ff9e738\" data-block-id=\"ff9e738\"><p class=\"stk-block-text__text\">El Sitio Web de Jiproequip proporciona gran diversidad de informaci\u00f3n, servicios y datos. El Usuario asume su responsabilidad para realizar un uso correcto del Sitio Web. Esta responsabilidad se extender\u00e1 a:<\/p><\/div><ul class=\"wp-block-list\"><li>Un uso de la informaci\u00f3n, Contenidos y\/o Servicios y datos ofrecidos por Jiproequip sin que sea contrario a lo dispuesto por las presentes Condiciones, la Ley, la moral o el orden p\u00fablico, o que de cualquier otro modo puedan suponer lesi\u00f3n de los derechos de terceros o del mismo funcionamiento del Sitio Web.<\/li>\n\n<li>La veracidad y licitud de las informaciones aportadas por el Usuario en los formularios extendidos por Jiproequip para el acceso a ciertos Contenidos o Servicios ofrecidos por el Sitio Web. En todo caso, el Usuario notificar\u00e1 de forma inmediata a Jiproequip acerca de cualquier hecho que permita el uso indebido de la informaci\u00f3n registrada en dichos formularios, tales como, pero no solo, el robo, extrav\u00edo, o el acceso no autorizado a identificadores y\/o contrase\u00f1as, con el fin de proceder a su inmediata cancelaci\u00f3n.<\/li><\/ul><div class=\"wp-block-stackable-text stk-block-text stk-block stk-ddd3d08\" data-block-id=\"ddd3d08\"><p class=\"stk-block-text__text\">El mero acceso a este Sitio Web no supone entablar ning\u00fan tipo de relaci\u00f3n de car\u00e1cter comercial entre Jiproequip y el Usuario.<\/p><\/div><div class=\"wp-block-stackable-text stk-block-text stk-block stk-041653b\" data-block-id=\"041653b\"><p class=\"stk-block-text__text\">El Usuario declara ser mayor de edad y disponer de la capacidad jur\u00eddica suficiente para vincularse por las presentes Condiciones. Por lo tanto, este Sitio Web de Jiproequip no se dirige a menores de edad. Jiproequip declina cualquier responsabilidad por el incumplimiento de este requisito.<\/p><\/div><div class=\"wp-block-stackable-text stk-block-text stk-block stk-66f8893\" data-block-id=\"66f8893\"><p class=\"stk-block-text__text\">El Sitio Web est\u00e1 dirigido principalmente a Usuarios residentes en Ecuador. Jiproequip no asegura que el Sitio Web cumpla con legislaciones de otros pa\u00edses, ya sea total o parcialmente. Si el Usuario reside o tiene su domiciliado en otro lugar y decide acceder y\/o navegar en el Sitio Web lo har\u00e1 bajo su propia responsabilidad, deber\u00e1 asegurarse de que tal acceso y navegaci\u00f3n cumple con la legislaci\u00f3n local que le es aplicable, no asumiendo Jiproequip responsabilidad alguna que se pueda derivar de dicho acceso.<\/p><\/div><div class=\"wp-block-stackable-heading stk-block-heading stk-block-heading--v2 stk-block stk-c8e7b4b\" id=\"iii-acceso-y-navegacion-en-el-sitio-web-exclusion-de-garantias-y-responsabilidad\" data-block-id=\"c8e7b4b\"><h2 class=\"stk-block-heading__text\">III. ACCESO Y NAVEGACI\u00d3N EN EL SITIO WEB: EXCLUSI\u00d3N DE GARANT\u00cdAS Y RESPONSABILIDAD<\/h2><\/div><div class=\"wp-block-stackable-text stk-block-text stk-block stk-bafe4c9\" data-block-id=\"bafe4c9\"><p class=\"stk-block-text__text\">Jiproequip no garantiza la continuidad, disponibilidad y utilidad del Sitio Web, ni de los Contenidos o Servicios. Jiproequip har\u00e1 todo lo posible por el buen funcionamiento del Sitio Web, sin embargo, no se responsabiliza ni garantiza que el acceso a este Sitio Web no vaya a ser ininterrumpido o que est\u00e9 libre de error.<\/p><\/div><div class=\"wp-block-stackable-text stk-block-text stk-block stk-3fbbf60\" data-block-id=\"3fbbf60\"><p class=\"stk-block-text__text\">Tampoco se responsabiliza o garantiza que el contenido o software al que pueda accederse a trav\u00e9s de este Sitio Web, est\u00e9 libre de error o cause un da\u00f1o al sistema inform\u00e1tico (software y hardware) del Usuario. En ning\u00fan caso Jiproequip ser\u00e1 responsable por las p\u00e9rdidas, da\u00f1os o perjuicios de cualquier tipo que surjan por el acceso, navegaci\u00f3n y el uso del Sitio Web, incluy\u00e9ndose, pero no limit\u00e1ndose, a los ocasionados a los sistemas inform\u00e1ticos o los provocados por la introducci\u00f3n de virus.<\/p><\/div><div class=\"wp-block-stackable-text stk-block-text stk-block stk-251dcfe\" data-block-id=\"251dcfe\"><p class=\"stk-block-text__text\">Jiproequip tampoco se hace responsable de los da\u00f1os que pudiesen ocasionarse a los usuarios por un uso inadecuado de este Sitio Web. En particular, no se hace responsable en modo alguno de las ca\u00eddas, interrupciones, falta o defecto de las telecomunicaciones que pudieran ocurrir.<\/p><\/div><div class=\"wp-block-stackable-heading stk-block-heading stk-block-heading--v2 stk-block stk-bf61556\" id=\"iv-politica-de-enlaces\" data-block-id=\"bf61556\"><h2 class=\"stk-block-heading__text\">IV. POL\u00cdTICA DE ENLACES<\/h2><\/div><div class=\"wp-block-stackable-text stk-block-text stk-block stk-9bbcd14\" data-block-id=\"9bbcd14\"><p class=\"stk-block-text__text\">El Usuario o tercero que realice un hiperv\u00ednculo desde una p\u00e1gina web de otro, distinto, sitio web al Sitio Web de Jiproequip deber\u00e1 saber que:<\/p><\/div><div class=\"wp-block-stackable-text stk-block-text stk-block stk-3091029\" data-block-id=\"3091029\"><p class=\"stk-block-text__text\">No se permite la reproducci\u00f3n \u2014total o parcialmente\u2014 de ninguno de los Contenidos y\/o Servicios del Sitio Web sin autorizaci\u00f3n expresa de Jiproequip.<\/p><\/div><div class=\"wp-block-stackable-text stk-block-text stk-block stk-73b9116\" data-block-id=\"73b9116\"><p class=\"stk-block-text__text\">No se permite tampoco ninguna manifestaci\u00f3n falsa, inexacta o incorrecta sobre el Sitio Web de Jiproequip, ni sobre los Contenidos y\/o Servicios del mismo.<\/p><\/div><div class=\"wp-block-stackable-text stk-block-text stk-block stk-0f356b3\" data-block-id=\"0f356b3\"><p class=\"stk-block-text__text\">A excepci\u00f3n del hiperv\u00ednculo, el sitio web en el que se establezca dicho hiperenlace no contendr\u00e1 ning\u00fan elemento, de este Sitio Web, protegido como propiedad intelectual por el ordenamiento jur\u00eddico espa\u00f1ol, salvo autorizaci\u00f3n expresa de Jiproequip.<\/p><\/div><div class=\"wp-block-stackable-text stk-block-text stk-block stk-0940705\" data-block-id=\"0940705\"><p class=\"stk-block-text__text\">El establecimiento del hiperv\u00ednculo no implicar\u00e1 la existencia de relaciones entre Jiproequip y el titular del sitio web desde el cual se realice, ni el conocimiento y aceptaci\u00f3n de Jiproequip de los contenidos, servicios y\/o actividades ofrecidas en dicho sitio web, y viceversa.<\/p><\/div><div class=\"wp-block-stackable-heading stk-block-heading stk-block-heading--v2 stk-block stk-5f64106\" id=\"v-propiedad-intelectual-e-industrial\" data-block-id=\"5f64106\"><h2 class=\"stk-block-heading__text\">V. PROPIEDAD INTELECTUAL E INDUSTRIAL<\/h2><\/div><div class=\"wp-block-stackable-text stk-block-text stk-block stk-370d4c2\" data-block-id=\"370d4c2\"><p class=\"stk-block-text__text\">Jiproequip por s\u00ed o como parte cesionaria, es titular de todos los derechos de propiedad intelectual e industrial del Sitio Web, as\u00ed como de los elementos contenidos en el mismo (a t\u00edtulo enunciativo y no exhaustivo, im\u00e1genes, sonido, audio, v\u00eddeo, software o textos, marcas o logotipos, combinaciones de colores, estructura y dise\u00f1o, selecci\u00f3n de materiales usados, programas de ordenador necesarios para su funcionamiento, acceso y uso, etc.). Ser\u00e1n, por consiguiente, obras protegidas como propiedad intelectual por el ordenamiento jur\u00eddico espa\u00f1ol, si\u00e9ndoles aplicables tanto la normativa espa\u00f1ola y comunitaria en este campo, como los tratados internacionales relativos a la materia y suscritos por Espa\u00f1a.<\/p><\/div><div class=\"wp-block-stackable-text stk-block-text stk-block stk-ded61b4\" data-block-id=\"ded61b4\"><p class=\"stk-block-text__text\">Todos los derechos reservados. En virtud de lo dispuesto en la Ley de Propiedad Intelectual, quedan expresamente prohibidas la reproducci\u00f3n, la distribuci\u00f3n y la comunicaci\u00f3n p\u00fablica, incluida su modalidad de puesta a disposici\u00f3n, de la totalidad o parte de los contenidos de esta p\u00e1gina web, con fines comerciales, en cualquier soporte y por cualquier medio t\u00e9cnico, sin la autorizaci\u00f3n de Jiproequip.<\/p><\/div><div class=\"wp-block-stackable-text stk-block-text stk-block stk-ba5c28a\" data-block-id=\"ba5c28a\"><p class=\"stk-block-text__text\">El Usuario se compromete a respetar los derechos de propiedad intelectual e industrial de Jiproequip. Podr\u00e1 visualizar los elementos del Sitio Web o incluso imprimirlos, copiarlos y almacenarlos en el disco duro de su ordenador o en cualquier otro soporte f\u00edsico siempre y cuando sea, exclusivamente, para su uso personal. El Usuario, sin embargo, no podr\u00e1 suprimir, alterar, o manipular cualquier dispositivo de protecci\u00f3n o sistema de seguridad que estuviera instalado en el Sitio Web.<\/p><\/div><div class=\"wp-block-stackable-text stk-block-text stk-block stk-227fe38\" data-block-id=\"227fe38\"><p class=\"stk-block-text__text\">En caso de que el Usuario o tercero considere que cualquiera de los Contenidos del Sitio Web suponga una violaci\u00f3n de los derechos de protecci\u00f3n de la propiedad intelectual, deber\u00e1 comunicarlo inmediatamente a Jiproequip a trav\u00e9s de los datos de contacto del apartado de INFORMACI\u00d3N GENERAL de este Aviso Legal y Condiciones Generales de Uso.<\/p><\/div><div class=\"wp-block-stackable-heading stk-block-heading stk-block-heading--v2 stk-block stk-57e09f0\" id=\"vi-acciones-legales-legislacion-aplicable-y-jurisdiccion\" data-block-id=\"57e09f0\"><h2 class=\"stk-block-heading__text\">VI. ACCIONES LEGALES, LEGISLACI\u00d3N APLICABLE Y JURISDICCI\u00d3N<\/h2><\/div><div class=\"wp-block-stackable-text stk-block-text stk-block stk-d8ac4f9\" data-block-id=\"d8ac4f9\"><p class=\"stk-block-text__text\">Jiproequip se reserva la facultad de presentar las acciones civiles o penales que considere necesarias por la utilizaci\u00f3n indebida del Sitio Web y Contenidos, o por el incumplimiento de las presentes Condiciones.<\/p><\/div><div class=\"wp-block-stackable-text stk-block-text stk-block stk-b21d000\" data-block-id=\"b21d000\"><p class=\"stk-block-text__text\">La relaci\u00f3n entre el Usuario y Jiproequip se regir\u00e1 por la normativa vigente y de aplicaci\u00f3n en el territorio espa\u00f1ol. De surgir cualquier controversia en relaci\u00f3n con la interpretaci\u00f3n y\/o a la aplicaci\u00f3n de estas Condiciones las partes someter\u00e1n sus conflictos a la jurisdicci\u00f3n ordinaria someti\u00e9ndose a los jueces y tribunales que correspondan conforme a derecho.<\/p><\/div><div class=\"wp-block-stackable-text stk-block-text stk-block stk-ffd0bf5\" data-block-id=\"ffd0bf5\"><p class=\"stk-block-text__text\">Este documento de Aviso Legal y Condiciones Generales de uso del sitio web ha sido creado mediante el generador de <a href=\"https:\/\/textos-legales.edgartamarit.com\/\">plantilla de aviso legal y condiciones de uso<\/a> online el d\u00eda 09\/11\/2023.<\/p><\/div>","protected":false},"excerpt":{"rendered":"<p>www.jiproequip.com I. INFORMACI\u00d3N GENERAL En cumplimiento con el deber de informaci\u00f3n dispuesto en la Ley 34\/2002 de Servicios de la Sociedad de la Informaci\u00f3n y el Comercio Electr\u00f3nico (LSSI-CE) de 11 de julio, se facilitan a continuaci\u00f3n los siguientes datos de informaci\u00f3n general de este sitio web: La titularidad de este sitio web, www.jiproequip.com, (en [&hellip;]<\/p>\n","protected":false},"author":1,"featured_media":0,"parent":0,"menu_order":0,"comment_status":"closed","ping_status":"closed","template":"","meta":{"_uag_custom_page_level_css":"","footnotes":""},"class_list":["post-3","page","type-page","status-publish","hentry"],"blocksy_meta":{"has_hero_section":"enabled","hero_section":"type-2","pageTitleBackground":{"background_type":"color","background_pattern":"type-1","background_image":{"attachment_id":null,"x":0,"y":0},"gradient":"linear-gradient(135deg,rgba(6,147,227,1) 0%,rgb(155,81,224) 100%)","background_repeat":"repeat","background_size":"auto","background_attachment":"scroll","patternColor":{"default":{"color":"#e5e7ea"}},"overlayColor":{"default":{"color":"CT_CSS_SKIP_RULE"}},"backgroundColor":{"default":{"color":"#00aaba"}}},"pageTitleFontColor":{"default":{"color":"var(--paletteColor8)"}},"styles_descriptor":{"styles":{"desktop":"[data-prefix=\"single_page\"] .entry-header .page-title {--fontSize:30px;--heading-color:var(--paletteColor8);} [data-prefix=\"single_page\"] .entry-header .entry-meta {--fontWeight:600;--textTransform:uppercase;--fontSize:12px;--lineHeight:1.3;} [data-prefix=\"single_page\"] .hero-section[data-type=\"type-2\"] {background-color:#00aaba;background-image:none;--container-padding:50px 0;}","tablet":"","mobile":""},"google_fonts":{"Open Sans":["n4","n6"]},"version":5}},"yoast_head":"<!-- This site is optimized with the Yoast SEO plugin v25.2 - https:\/\/yoast.com\/wordpress\/plugins\/seo\/ -->\n<title>AVISO LEGAL Y CONDICIONES GENERALES DE USO - Ji-proequip<\/title>\n<meta name=\"robots\" content=\"index, follow, max-snippet:-1, max-image-preview:large, max-video-preview:-1\" \/>\n<link rel=\"canonical\" href=\"https:\/\/www.jiproequip.com\/index.php\/legal\/\" \/>\n<meta property=\"og:locale\" content=\"es_ES\" \/>\n<meta property=\"og:type\" content=\"article\" \/>\n<meta property=\"og:title\" content=\"AVISO LEGAL Y CONDICIONES GENERALES DE USO - Ji-proequip\" \/>\n<meta property=\"og:description\" content=\"www.jiproequip.com I. INFORMACI\u00d3N GENERAL En cumplimiento con el deber de informaci\u00f3n dispuesto en la Ley 34\/2002 de Servicios de la Sociedad de la Informaci\u00f3n y el Comercio Electr\u00f3nico (LSSI-CE) de 11 de julio, se facilitan a continuaci\u00f3n los siguientes datos de informaci\u00f3n general de este sitio web: La titularidad de este sitio web, www.jiproequip.com, (en [&hellip;]\" \/>\n<meta property=\"og:url\" content=\"https:\/\/www.jiproequip.com\/index.php\/legal\/\" \/>\n<meta property=\"og:site_name\" content=\"Ji-proequip\" \/>\n<meta property=\"article:modified_time\" content=\"2023-11-09T02:51:13+00:00\" \/>\n<meta name=\"twitter:card\" content=\"summary_large_image\" \/>\n<meta name=\"twitter:label1\" content=\"Tiempo de lectura\" \/>\n\t<meta name=\"twitter:data1\" content=\"7 minutos\" \/>\n<script type=\"application\/ld+json\" class=\"yoast-schema-graph\">{\"@context\":\"https:\/\/schema.org\",\"@graph\":[{\"@type\":\"WebPage\",\"@id\":\"https:\/\/www.jiproequip.com\/index.php\/legal\/\",\"url\":\"https:\/\/www.jiproequip.com\/index.php\/legal\/\",\"name\":\"AVISO LEGAL Y CONDICIONES GENERALES DE USO - Ji-proequip\",\"isPartOf\":{\"@id\":\"https:\/\/www.jiproequip.com\/#website\"},\"datePublished\":\"2023-08-28T16:45:14+00:00\",\"dateModified\":\"2023-11-09T02:51:13+00:00\",\"breadcrumb\":{\"@id\":\"https:\/\/www.jiproequip.com\/index.php\/legal\/#breadcrumb\"},\"inLanguage\":\"es\",\"potentialAction\":[{\"@type\":\"ReadAction\",\"target\":[\"https:\/\/www.jiproequip.com\/index.php\/legal\/\"]}]},{\"@type\":\"BreadcrumbList\",\"@id\":\"https:\/\/www.jiproequip.com\/index.php\/legal\/#breadcrumb\",\"itemListElement\":[{\"@type\":\"ListItem\",\"position\":1,\"name\":\"Home\",\"item\":\"https:\/\/www.jiproequip.com\/\"},{\"@type\":\"ListItem\",\"position\":2,\"name\":\"AVISO LEGAL Y CONDICIONES GENERALES DE USO\"}]},{\"@type\":\"WebSite\",\"@id\":\"https:\/\/www.jiproequip.com\/#website\",\"url\":\"https:\/\/www.jiproequip.com\/\",\"name\":\"Ji-proequip\",\"description\":\"Venta de equipos industriales con servicio t\u00e9cnico especializado\",\"publisher\":{\"@id\":\"https:\/\/www.jiproequip.com\/#organization\"},\"potentialAction\":[{\"@type\":\"SearchAction\",\"target\":{\"@type\":\"EntryPoint\",\"urlTemplate\":\"https:\/\/www.jiproequip.com\/?s={search_term_string}\"},\"query-input\":{\"@type\":\"PropertyValueSpecification\",\"valueRequired\":true,\"valueName\":\"search_term_string\"}}],\"inLanguage\":\"es\"},{\"@type\":\"Organization\",\"@id\":\"https:\/\/www.jiproequip.com\/#organization\",\"name\":\"Ji-proequip\",\"url\":\"https:\/\/www.jiproequip.com\/\",\"logo\":{\"@type\":\"ImageObject\",\"inLanguage\":\"es\",\"@id\":\"https:\/\/www.jiproequip.com\/#\/schema\/logo\/image\/\",\"url\":\"https:\/\/www.jiproequip.com\/wp-content\/uploads\/2025\/06\/LOGO-JIproequip-2025.png\",\"contentUrl\":\"https:\/\/www.jiproequip.com\/wp-content\/uploads\/2025\/06\/LOGO-JIproequip-2025.png\",\"width\":2433,\"height\":596,\"caption\":\"Ji-proequip\"},\"image\":{\"@id\":\"https:\/\/www.jiproequip.com\/#\/schema\/logo\/image\/\"}}]}<\/script>\n<!-- \/ Yoast SEO plugin. -->","yoast_head_json":{"title":"AVISO LEGAL Y CONDICIONES GENERALES DE USO - Ji-proequip","robots":{"index":"index","follow":"follow","max-snippet":"max-snippet:-1","max-image-preview":"max-image-preview:large","max-video-preview":"max-video-preview:-1"},"canonical":"https:\/\/www.jiproequip.com\/index.php\/legal\/","og_locale":"es_ES","og_type":"article","og_title":"AVISO LEGAL Y CONDICIONES GENERALES DE USO - Ji-proequip","og_description":"www.jiproequip.com I. INFORMACI\u00d3N GENERAL En cumplimiento con el deber de informaci\u00f3n dispuesto en la Ley 34\/2002 de Servicios de la Sociedad de la Informaci\u00f3n y el Comercio Electr\u00f3nico (LSSI-CE) de 11 de julio, se facilitan a continuaci\u00f3n los siguientes datos de informaci\u00f3n general de este sitio web: La titularidad de este sitio web, www.jiproequip.com, (en [&hellip;]","og_url":"https:\/\/www.jiproequip.com\/index.php\/legal\/","og_site_name":"Ji-proequip","article_modified_time":"2023-11-09T02:51:13+00:00","twitter_card":"summary_large_image","twitter_misc":{"Tiempo de lectura":"7 minutos"},"schema":{"@context":"https:\/\/schema.org","@graph":[{"@type":"WebPage","@id":"https:\/\/www.jiproequip.com\/index.php\/legal\/","url":"https:\/\/www.jiproequip.com\/index.php\/legal\/","name":"AVISO LEGAL Y CONDICIONES GENERALES DE USO - Ji-proequip","isPartOf":{"@id":"https:\/\/www.jiproequip.com\/#website"},"datePublished":"2023-08-28T16:45:14+00:00","dateModified":"2023-11-09T02:51:13+00:00","breadcrumb":{"@id":"https:\/\/www.jiproequip.com\/index.php\/legal\/#breadcrumb"},"inLanguage":"es","potentialAction":[{"@type":"ReadAction","target":["https:\/\/www.jiproequip.com\/index.php\/legal\/"]}]},{"@type":"BreadcrumbList","@id":"https:\/\/www.jiproequip.com\/index.php\/legal\/#breadcrumb","itemListElement":[{"@type":"ListItem","position":1,"name":"Home","item":"https:\/\/www.jiproequip.com\/"},{"@type":"ListItem","position":2,"name":"AVISO LEGAL Y CONDICIONES GENERALES DE USO"}]},{"@type":"WebSite","@id":"https:\/\/www.jiproequip.com\/#website","url":"https:\/\/www.jiproequip.com\/","name":"Ji-proequip","description":"Venta de equipos industriales con servicio t\u00e9cnico especializado","publisher":{"@id":"https:\/\/www.jiproequip.com\/#organization"},"potentialAction":[{"@type":"SearchAction","target":{"@type":"EntryPoint","urlTemplate":"https:\/\/www.jiproequip.com\/?s={search_term_string}"},"query-input":{"@type":"PropertyValueSpecification","valueRequired":true,"valueName":"search_term_string"}}],"inLanguage":"es"},{"@type":"Organization","@id":"https:\/\/www.jiproequip.com\/#organization","name":"Ji-proequip","url":"https:\/\/www.jiproequip.com\/","logo":{"@type":"ImageObject","inLanguage":"es","@id":"https:\/\/www.jiproequip.com\/#\/schema\/logo\/image\/","url":"https:\/\/www.jiproequip.com\/wp-content\/uploads\/2025\/06\/LOGO-JIproequip-2025.png","contentUrl":"https:\/\/www.jiproequip.com\/wp-content\/uploads\/2025\/06\/LOGO-JIproequip-2025.png","width":2433,"height":596,"caption":"Ji-proequip"},"image":{"@id":"https:\/\/www.jiproequip.com\/#\/schema\/logo\/image\/"}}]}},"uagb_featured_image_src":{"full":false,"thumbnail":false,"medium":false,"medium_large":false,"large":false,"1536x1536":false,"2048x2048":false,"mailpoet_newsletter_max":false,"woocommerce_thumbnail":false,"woocommerce_single":false,"woocommerce_gallery_thumbnail":false},"uagb_author_info":{"display_name":"admin_jiproeq","author_link":"https:\/\/www.jiproequip.com\/index.php\/author\/admin_jiproeq\/"},"uagb_comment_info":0,"uagb_excerpt":"www.jiproequip.com I. INFORMACI\u00d3N GENERAL En cumplimiento con el deber de informaci\u00f3n dispuesto en la Ley 34\/2002 de Servicios de la Sociedad de la Informaci\u00f3n y el Comercio Electr\u00f3nico (LSSI-CE) de 11 de julio, se facilitan a continuaci\u00f3n los siguientes datos de informaci\u00f3n general de este sitio web: La titularidad de este sitio web, www.jiproequip.com, (en&hellip;","jetpack_sharing_enabled":true,"_links":{"self":[{"href":"https:\/\/www.jiproequip.com\/index.php\/wp-json\/wp\/v2\/pages\/3","targetHints":{"allow":["GET"]}}],"collection":[{"href":"https:\/\/www.jiproequip.com\/index.php\/wp-json\/wp\/v2\/pages"}],"about":[{"href":"https:\/\/www.jiproequip.com\/index.php\/wp-json\/wp\/v2\/types\/page"}],"author":[{"embeddable":true,"href":"https:\/\/www.jiproequip.com\/index.php\/wp-json\/wp\/v2\/users\/1"}],"replies":[{"embeddable":true,"href":"https:\/\/www.jiproequip.com\/index.php\/wp-json\/wp\/v2\/comments?post=3"}],"version-history":[{"count":12,"href":"https:\/\/www.jiproequip.com\/index.php\/wp-json\/wp\/v2\/pages\/3\/revisions"}],"predecessor-version":[{"id":4606,"href":"https:\/\/www.jiproequip.com\/index.php\/wp-json\/wp\/v2\/pages\/3\/revisions\/4606"}],"wp:attachment":[{"href":"https:\/\/www.jiproequip.com\/index.php\/wp-json\/wp\/v2\/media?parent=3"}],"curies":[{"name":"wp","href":"https:\/\/api.w.org\/{rel}","templated":true}]}}