{"id":3089,"date":"2023-10-18T22:42:59","date_gmt":"2023-10-19T03:42:59","guid":{"rendered":"https:\/\/www.jiproequip.com\/?page_id=3089"},"modified":"2025-06-03T11:34:44","modified_gmt":"2025-06-03T16:34:44","slug":"medidor-espesor-pintura-en-polvo","status":"publish","type":"page","link":"https:\/\/www.jiproequip.com\/index.php\/medidor-espesor-pintura-en-polvo\/","title":{"rendered":"MEDIDOR DE ESPESOR DE PINTURA EN POLVO"},"content":{"rendered":"<div class=\"yoast-breadcrumbs breadcrumb-p\"><span><span><a href=\"https:\/\/www.jiproequip.com\/\">Home<\/a><\/span> \u00bb <span class=\"breadcrumb_last\" aria-current=\"page\"><strong>MEDIDOR DE ESPESOR DE PINTURA EN POLVO<\/strong><\/span><\/span><\/div><div data-block-name=\"woocommerce\/single-product\" data-product-id=\"3085\" class=\"wp-block-woocommerce-single-product\"><div class=\"wp-block-columns is-layout-flex wp-container-core-columns-is-layout-28f84493 wp-block-columns-is-layout-flex\"><div class=\"wp-block-column is-layout-flow wp-block-column-is-layout-flow\"><div class=\"wp-block-jetpack-slideshow aligncenter\" data-effect=\"slide\"><div class=\"wp-block-jetpack-slideshow_container swiper-container\"><ul class=\"wp-block-jetpack-slideshow_swiper-wrapper swiper-wrapper\"><li class=\"wp-block-jetpack-slideshow_slide swiper-slide\"><figure><img loading=\"lazy\" decoding=\"async\" width=\"500\" height=\"500\" alt=\"\" class=\"wp-block-jetpack-slideshow_image wp-image-3088\" data-id=\"3088\" src=\"https:\/\/www.jiproequip.com\/wp-content\/uploads\/2023\/10\/PositectorPC_Columbec_03_B.png\"\/><\/figure><\/li><li class=\"wp-block-jetpack-slideshow_slide swiper-slide\"><figure><img loading=\"lazy\" decoding=\"async\" width=\"500\" height=\"500\" alt=\"\" class=\"wp-block-jetpack-slideshow_image wp-image-3087\" data-id=\"3087\" src=\"https:\/\/www.jiproequip.com\/wp-content\/uploads\/2023\/10\/PositectorPC_Columbec_02_B.png\"\/><\/figure><\/li><li class=\"wp-block-jetpack-slideshow_slide swiper-slide\"><figure><img loading=\"lazy\" decoding=\"async\" width=\"500\" height=\"500\" alt=\"\" class=\"wp-block-jetpack-slideshow_image wp-image-3086\" data-id=\"3086\" src=\"https:\/\/www.jiproequip.com\/wp-content\/uploads\/2023\/10\/PositectorPC_Columbec_01_B.png\"\/><\/figure><\/li><\/ul><a class=\"wp-block-jetpack-slideshow_button-prev swiper-button-prev swiper-button-white\" role=\"button\"><\/a><a class=\"wp-block-jetpack-slideshow_button-next swiper-button-next swiper-button-white\" role=\"button\"><\/a><a aria-label=\"Pause Slideshow\" class=\"wp-block-jetpack-slideshow_button-pause\" role=\"button\"><\/a><div class=\"wp-block-jetpack-slideshow_pagination swiper-pagination swiper-pagination-white\"><\/div><\/div><\/div><\/div>\n\n<div class=\"wp-block-column is-layout-constrained wp-container-core-column-is-layout-639b5052 wp-block-column-is-layout-constrained\" style=\"border-style:none;border-width:0px;padding-top:0;padding-right:0;padding-bottom:0;padding-left:0\"><h2 style=\"color:#103c6e;background-color:#00aaba; font-size:25px;font-style:normal;font-weight:800;\" class=\"titulo-producto wp-block-post-title has-text-color has-background\">MEDIDOR DE ESPESOR DE PINTURA EN POLVO<\/h2>\n\n<div class=\"wp-block-post-excerpt\"><p class=\"wp-block-post-excerpt__excerpt\">MEDIDOR DE ESPESOR DE PINTURA EN POLVO Medidor de espesor de pintura en polvo sin contacto. Mide de forma asequible revestimientos en polvo sin curar utilizando tecnolog\u00eda ultras\u00f3nica sin contacto para obtener un espesor curado. Lista para trabajo inmediato. No se requiere ajuste de calibraci\u00f3n para la mayor\u00eda de los polvos. Almacenamiento de 999 lecturas&hellip; <\/p><\/div>\n\n<div data-block-name=\"woocommerce\/product-meta\" class=\"wp-block-woocommerce-product-meta\"><div class=\"wp-block-group is-nowrap is-layout-flex wp-container-core-group-is-layout-6c531013 wp-block-group-is-layout-flex\">\n\n<div class=\"taxonomy-product_cat wp-block-post-terms\"><span class=\"wp-block-post-terms__prefix\">Category: <\/span><a href=\"https:\/\/www.jiproequip.com\/index.php\/categoria-producto\/medidores-de-calidad\/\" rel=\"tag\">Medidores-de-calidad<\/a><\/div>\n\n<\/div><\/div><\/div><\/div><\/div><div class=\"wp-block-stackable-columns stk-block-columns stk-block stk-f7b721f\" data-block-id=\"f7b721f\"><div class=\"stk-row stk-inner-blocks stk-block-content stk-content-align stk-f7b721f-column\"><div class=\"wp-block-stackable-column stk-block-column stk-column stk-block stk-61e5565\" data-v=\"4\" data-block-id=\"61e5565\"><div class=\"stk-column-wrapper stk-block-column__content stk-container stk-61e5565-container stk--no-background stk--no-padding\"><div class=\"stk-block-content stk-inner-blocks stk-61e5565-inner-blocks\"><details class=\"wp-block-stackable-accordion stk-block-accordion stk-inner-blocks stk-block-content stk-block stk-1be9711 is-style-default\" data-block-id=\"1be9711\"><summary class=\"wp-block-stackable-column stk-block-column stk-column stk-block stk-205470b stk-block-background stk--container-small stk-block-accordion__heading stk--has-background-overlay\" data-v=\"4\" data-block-id=\"205470b\"><style>.stk-205470b{background-color:linear-gradient(90deg,#00a1b3 0%,#00346d 100%) !important;border-radius:10px !important;overflow:hidden !important;padding-top:0em !important;padding-bottom:0em !important}.stk-205470b:before{background-image:linear-gradient(90deg,#00a1b3 0%,#00346d 100%) !important}<\/style><div class=\"stk-column-wrapper stk-block-column__content stk-container stk-205470b-container stk--no-background stk--no-padding\"><div class=\"stk-block-content stk-inner-blocks stk-205470b-inner-blocks\"><div class=\"wp-block-stackable-icon-label stk-block-icon-label stk-block stk-b22d9c0\" data-block-id=\"b22d9c0\"><div class=\"stk-row stk-inner-blocks stk-block-content\"><div class=\"wp-block-stackable-heading stk-block-heading stk-block-heading--v2 stk-block stk-2bb49c6\" id=\"ficha-tecnica\" data-block-id=\"2bb49c6\"><style>.stk-2bb49c6 .stk-block-heading__text{color:var(--paletteColor8,#ffffff) !important}<\/style><h4 class=\"stk-block-heading__text has-text-color\">Ficha t\u00e9cnica<\/h4><\/div>\n\n<div class=\"wp-block-stackable-icon stk-block-icon stk-block stk-626bbe9\" data-block-id=\"626bbe9\"><style>.stk-626bbe9 .stk--svg-wrapper .stk--inner-svg svg:last-child{height:24px !important;width:24px !important}.stk-626bbe9 .stk--svg-wrapper .stk--inner-svg svg:last-child,.stk-626bbe9 .stk--svg-wrapper .stk--inner-svg svg:last-child :is(g,path,rect,polygon,ellipse){fill:var(--paletteColor8,#ffffff) !important}<\/style><span class=\"stk--svg-wrapper stk--has-icon2\"><div class=\"stk--inner-svg\"><svg style=\"height:0;width:0\"><defs><linearGradient id=\"linear-gradient-626bbe9\" x1=\"0\" x2=\"100%\" y1=\"0\" y2=\"0\"><stop offset=\"0%\" style=\"stop-opacity:1;stop-color:var(--linear-gradient-626-bbe-9-color-1)\"><\/stop><stop offset=\"100%\" style=\"stop-opacity:1;stop-color:var(--linear-gradient-626-bbe-9-color-2)\"><\/stop><\/linearGradient><\/defs><\/svg><svg aria-hidden=\"true\" focusable=\"false\" data-prefix=\"fas\" data-icon=\"angle-double-down\" class=\"svg-inline--fa fa-angle-double-down fa-w-10\" xmlns=\"http:\/\/www.w3.org\/2000\/svg\" viewBox=\"0 0 320 512\" width=\"32\" height=\"32\"><path fill=\"currentColor\" d=\"M143 256.3L7 120.3c-9.4-9.4-9.4-24.6 0-33.9l22.6-22.6c9.4-9.4 24.6-9.4 33.9 0l96.4 96.4 96.4-96.4c9.4-9.4 24.6-9.4 33.9 0L313 86.3c9.4 9.4 9.4 24.6 0 33.9l-136 136c-9.4 9.5-24.6 9.5-34 .1zm34 192l136-136c9.4-9.4 9.4-24.6 0-33.9l-22.6-22.6c-9.4-9.4-24.6-9.4-33.9 0L160 352.1l-96.4-96.4c-9.4-9.4-24.6-9.4-33.9 0L7 278.3c-9.4 9.4-9.4 24.6 0 33.9l136 136c9.4 9.5 24.6 9.5 34 .1z\"><\/path><\/svg><\/div><div class=\"stk--inner-svg stk--icon-2\" style=\"display:none\"><svg style=\"height:0;width:0\"><defs><linearGradient id=\"linear-gradient-626bbe9\" x1=\"0\" x2=\"100%\" y1=\"0\" y2=\"0\"><stop offset=\"0%\" style=\"stop-opacity:1;stop-color:var(--linear-gradient-626-bbe-9-color-1)\"><\/stop><stop offset=\"100%\" style=\"stop-opacity:1;stop-color:var(--linear-gradient-626-bbe-9-color-2)\"><\/stop><\/linearGradient><\/defs><\/svg><svg aria-hidden=\"true\" focusable=\"false\" data-prefix=\"fas\" data-icon=\"angle-double-up\" class=\"svg-inline--fa fa-angle-double-up fa-w-10\" xmlns=\"http:\/\/www.w3.org\/2000\/svg\" viewBox=\"0 0 320 512\" width=\"32\" height=\"32\"><path fill=\"currentColor\" d=\"M177 255.7l136 136c9.4 9.4 9.4 24.6 0 33.9l-22.6 22.6c-9.4 9.4-24.6 9.4-33.9 0L160 351.9l-96.4 96.4c-9.4 9.4-24.6 9.4-33.9 0L7 425.7c-9.4-9.4-9.4-24.6 0-33.9l136-136c9.4-9.5 24.6-9.5 34-.1zm-34-192L7 199.7c-9.4 9.4-9.4 24.6 0 33.9l22.6 22.6c9.4 9.4 24.6 9.4 33.9 0l96.4-96.4 96.4 96.4c9.4 9.4 24.6 9.4 33.9 0l22.6-22.6c9.4-9.4 9.4-24.6 0-33.9l-136-136c-9.2-9.4-24.4-9.4-33.8 0z\"><\/path><\/svg><\/div><\/span><\/div><\/div><\/div><\/div><\/div><\/summary>\n\n<div class=\"wp-block-stackable-column stk-block-column stk-column stk-block stk-b31e4bc stk-block-accordion__content\" data-v=\"4\" data-block-id=\"b31e4bc\"><style>.stk-b31e4bc-container{padding-top:5px !important;padding-right:5px !important;padding-left:5px !important}<\/style><div class=\"stk-column-wrapper stk-block-column__content stk-container stk-b31e4bc-container stk-hover-parent\"><div class=\"stk-block-content stk-inner-blocks stk-b31e4bc-inner-blocks\"><ul class=\"wp-block-list\"><li>Rango: 20 &#8211; 100 um (0,8 &#8211; 4,0 mil\u00e9simas de pulgada)<\/li>\n\n<li>Resoluci\u00f3n: 1 um (0,1 mil)<\/li>\n\n<li>Precisi\u00f3n: \u00b1 5 um (\u00b1 0,2 mil)<\/li>\n\n<li>Tiempo de medici\u00f3n: 1-3 segundos<\/li>\n\n<li>Distancia de medici\u00f3n al polvo: 19 mm (0,75 pulgadas)<\/li>\n\n<li>\u00c1rea de medici\u00f3n: 2 mm (0,8 pulgadas)<\/li>\n\n<li>Tama\u00f1o: 241 x 64 x 51 mm | (9,5 \u00abx 2,5\u00bb x 2,0 \u00ab)<\/li>\n\n<li>Peso: 180 g (6,4 oz) sin pilas<\/li><\/ul><\/div><\/div><\/div><\/details><\/div><\/div><\/div><\/div><\/div><div class=\"wp-block-stackable-columns stk-block-columns stk-block stk-6220373 stk-block-background\" data-block-id=\"6220373\"><div class=\"stk-row stk-inner-blocks stk-block-content stk-content-align stk-6220373-column\"><div class=\"wp-block-stackable-column stk-block-column stk-column stk-block stk-4cb0fc4\" data-v=\"4\" data-block-id=\"4cb0fc4\"><style>.stk-4cb0fc4{padding-right:0% !important;padding-left:0% !important}.stk-4cb0fc4-container{padding-top:0px !important;padding-right:0px !important;padding-bottom:0px !important;padding-left:0px !important}<\/style><div class=\"stk-column-wrapper stk-block-column__content stk-container stk-4cb0fc4-container stk--no-background stk--no-padding\"><div class=\"stk-block-content stk-inner-blocks stk-4cb0fc4-inner-blocks\"><\/div><\/div><\/div>\n\n<div class=\"wp-block-stackable-column stk-block-column stk-column stk-block stk-1f3b18f stk-block-background\" data-v=\"4\" data-block-id=\"1f3b18f\"><style>.stk-1f3b18f{background-color:var(--paletteColor8,#ffffff) !important;border-radius:5px !important;overflow:hidden !important}.stk-1f3b18f:before{background-color:var(--paletteColor8,#ffffff) !important}<\/style><div class=\"stk-column-wrapper stk-block-column__content stk-container stk-1f3b18f-container stk--no-background stk--no-padding\"><div class=\"stk-block-content stk-inner-blocks stk-1f3b18f-inner-blocks\"><div class=\"wp-block-stackable-image stk-block-image stk-block stk-bf7c32b\" data-block-id=\"bf7c32b\"><style>.stk-bf7c32b{margin-bottom:12px !important}.stk-bf7c32b .stk-img-wrapper{width:69% !important}.stk-bf7c32b .stk-img-wrapper img{border-radius:8px !important}<\/style><figure><span class=\"stk-img-wrapper stk-image--shape-stretch\"><img loading=\"lazy\" decoding=\"async\" class=\"stk-img wp-image-3088\" src=\"https:\/\/www.jiproequip.com\/wp-content\/uploads\/2023\/10\/PositectorPC_Columbec_03_B.png\" width=\"500\" height=\"500\"\/><\/span><\/figure><\/div>\n\n<div class=\"wp-block-group has-background has-medium-font-size is-content-justification-center is-layout-constrained wp-container-core-group-is-layout-1719969e wp-block-group-is-layout-constrained\" style=\"background-color:#fdf311;margin-top:var(--wp--preset--spacing--30);margin-bottom:var(--wp--preset--spacing--30);padding-top:var(--wp--preset--spacing--40);padding-right:var(--wp--preset--spacing--20);padding-bottom:var(--wp--preset--spacing--40);padding-left:var(--wp--preset--spacing--20)\"><div class=\"wp-block-stackable-text stk-block-text stk-block stk-e71f9f2\" data-block-id=\"e71f9f2\"><style>.stk-e71f9f2{margin-bottom:7px !important}.stk-e71f9f2 .stk-block-text__text{font-size:17px !important;color:#103c6e !important;font-weight:bold !important;font-family:\"Poppins\",Sans-serif !important}@media screen and (max-width:999px){.stk-e71f9f2 .stk-block-text__text{font-size:17px !important}}<\/style><p class=\"stk-block-text__text has-text-color has-text-align-center\">COTIZAR ESTE EQUIPO<\/p><\/div><\/div>\n\n<div class=\"wpforms-container wpforms-block wpforms-block-a46d555c-0c52-456c-8563-62ee129e12bf wpforms-render-modern\" id=\"wpforms-1351\"><form id=\"wpforms-form-1351\" class=\"wpforms-validate wpforms-form wpforms-ajax-form\" data-formid=\"1351\" method=\"post\" enctype=\"multipart\/form-data\" action=\"\/index.php\/wp-json\/wp\/v2\/pages\/3089\" data-token=\"7bc7d23e568c63782ebc97dd2da65f79\" data-token-time=\"1776518141\"><noscript class=\"wpforms-error-noscript\">Por favor, activa JavaScript en tu navegador para completar este formulario.<\/noscript><div class=\"wpforms-hidden\" id=\"wpforms-error-noscript\">Por favor, activa JavaScript en tu navegador para completar este formulario.<\/div><div class=\"wpforms-field-container\"><div id=\"wpforms-1351-field_1-container\" class=\"wpforms-field wpforms-field-text\" data-field-id=\"1\"><label class=\"wpforms-field-label\" for=\"wpforms-1351-field_1\">Nombre <span class=\"wpforms-required-label\" aria-hidden=\"true\">*<\/span><\/label><input type=\"text\" id=\"wpforms-1351-field_1\" class=\"wpforms-field-large wpforms-field-required\" name=\"wpforms[fields][1]\" aria-errormessage=\"wpforms-1351-field_1-error\" required><\/div><div id=\"wpforms-1351-field_2-container\" class=\"wpforms-field wpforms-field-email\" data-field-id=\"2\"><label class=\"wpforms-field-label\" for=\"wpforms-1351-field_2\">Correo electr\u00f3nico <span class=\"wpforms-required-label\" aria-hidden=\"true\">*<\/span><\/label><input type=\"email\" id=\"wpforms-1351-field_2\" class=\"wpforms-field-large wpforms-field-required\" name=\"wpforms[fields][2]\" spellcheck=\"false\" aria-errormessage=\"wpforms-1351-field_2-error\" required><\/div><div id=\"wpforms-1351-field_3-container\" class=\"wpforms-field wpforms-field-text\" data-field-id=\"3\"><label class=\"wpforms-field-label\" for=\"wpforms-1351-field_3\">Tel\u00e9fono <span class=\"wpforms-required-label\" aria-hidden=\"true\">*<\/span><\/label><input type=\"text\" id=\"wpforms-1351-field_3\" class=\"wpforms-field-large wpforms-field-required wpforms-masked-input\" data-rule-inputmask-incomplete=\"1\" data-inputmask-mask=\"9999999999\" name=\"wpforms[fields][3]\" aria-errormessage=\"wpforms-1351-field_3-error\" required><\/div><div id=\"wpforms-1351-field_4-container\" class=\"wpforms-field wpforms-field-text\" data-field-id=\"4\"><label class=\"wpforms-field-label\" for=\"wpforms-1351-field_4\">Modelo del equipo <span class=\"wpforms-required-label\" aria-hidden=\"true\">*<\/span><\/label><input type=\"text\" id=\"wpforms-1351-field_4\" class=\"wpforms-field-large wpforms-field-required\" name=\"wpforms[fields][4]\" aria-errormessage=\"wpforms-1351-field_4-error\" required><\/div><\/div><!-- .wpforms-field-container --><div class=\"wpforms-submit-container\" ><input type=\"hidden\" name=\"wpforms[id]\" value=\"1351\"><input type=\"hidden\" name=\"page_title\" value=\"\"><input type=\"hidden\" name=\"page_url\" value=\"https:\/\/www.jiproequip.com\/index.php\/wp-json\/wp\/v2\/pages\/3089\"><input type=\"hidden\" name=\"url_referer\" value=\"\"><button type=\"submit\" name=\"wpforms[submit]\" id=\"wpforms-submit-1351\" class=\"wpforms-submit btn_cotizarProd\" data-alt-text=\"Enviando...\" data-submit-text=\"Enviar\" aria-live=\"assertive\" value=\"wpforms-submit\">Enviar<\/button><img loading=\"lazy\" decoding=\"async\" src=\"https:\/\/www.jiproequip.com\/wp-content\/plugins\/wpforms-lite\/assets\/images\/submit-spin.svg\" class=\"wpforms-submit-spinner\" style=\"display: none;\" width=\"26\" height=\"26\" alt=\"Cargando\"><\/div><\/form><\/div>  <!-- .wpforms-container --><\/div><\/div><\/div><\/div><\/div>","protected":false},"excerpt":{"rendered":"<p>Ficha t\u00e9cnica COTIZAR ESTE EQUIPO<\/p>\n","protected":false},"author":1,"featured_media":0,"parent":0,"menu_order":0,"comment_status":"closed","ping_status":"closed","template":"","meta":{"_uag_custom_page_level_css":"","footnotes":""},"class_list":["post-3089","page","type-page","status-publish","hentry"],"blocksy_meta":{"has_hero_section":"disabled"},"yoast_head":"<!-- This site is optimized with the Yoast SEO plugin v25.2 - https:\/\/yoast.com\/wordpress\/plugins\/seo\/ -->\n<title>MEDIDOR DE ESPESOR DE PINTURA EN POLVO - Ji-proequip<\/title>\n<meta name=\"robots\" content=\"index, follow, max-snippet:-1, max-image-preview:large, max-video-preview:-1\" \/>\n<link rel=\"canonical\" href=\"https:\/\/www.jiproequip.com\/index.php\/medidor-espesor-pintura-en-polvo\/\" \/>\n<meta property=\"og:locale\" content=\"es_ES\" \/>\n<meta property=\"og:type\" content=\"article\" \/>\n<meta property=\"og:title\" content=\"MEDIDOR DE ESPESOR DE PINTURA EN POLVO - Ji-proequip\" \/>\n<meta property=\"og:description\" content=\"Ficha t\u00e9cnica COTIZAR ESTE EQUIPO\" \/>\n<meta property=\"og:url\" content=\"https:\/\/www.jiproequip.com\/index.php\/medidor-espesor-pintura-en-polvo\/\" \/>\n<meta property=\"og:site_name\" content=\"Ji-proequip\" \/>\n<meta property=\"article:modified_time\" content=\"2025-06-03T16:34:44+00:00\" \/>\n<meta property=\"og:image\" content=\"https:\/\/www.jiproequip.com\/wp-content\/uploads\/2023\/10\/PositectorPC_Columbec_03_B.png\" \/>\n<meta name=\"twitter:card\" content=\"summary_large_image\" \/>\n<meta name=\"twitter:label1\" content=\"Tiempo de lectura\" \/>\n\t<meta name=\"twitter:data1\" content=\"2 minutos\" \/>\n<script type=\"application\/ld+json\" class=\"yoast-schema-graph\">{\"@context\":\"https:\/\/schema.org\",\"@graph\":[{\"@type\":\"WebPage\",\"@id\":\"https:\/\/www.jiproequip.com\/index.php\/medidor-espesor-pintura-en-polvo\/\",\"url\":\"https:\/\/www.jiproequip.com\/index.php\/medidor-espesor-pintura-en-polvo\/\",\"name\":\"MEDIDOR DE ESPESOR DE PINTURA EN POLVO - Ji-proequip\",\"isPartOf\":{\"@id\":\"https:\/\/www.jiproequip.com\/#website\"},\"primaryImageOfPage\":{\"@id\":\"https:\/\/www.jiproequip.com\/index.php\/medidor-espesor-pintura-en-polvo\/#primaryimage\"},\"image\":{\"@id\":\"https:\/\/www.jiproequip.com\/index.php\/medidor-espesor-pintura-en-polvo\/#primaryimage\"},\"thumbnailUrl\":\"https:\/\/www.jiproequip.com\/wp-content\/uploads\/2023\/10\/PositectorPC_Columbec_03_B.png\",\"datePublished\":\"2023-10-19T03:42:59+00:00\",\"dateModified\":\"2025-06-03T16:34:44+00:00\",\"breadcrumb\":{\"@id\":\"https:\/\/www.jiproequip.com\/index.php\/medidor-espesor-pintura-en-polvo\/#breadcrumb\"},\"inLanguage\":\"es\",\"potentialAction\":[{\"@type\":\"ReadAction\",\"target\":[\"https:\/\/www.jiproequip.com\/index.php\/medidor-espesor-pintura-en-polvo\/\"]}]},{\"@type\":\"ImageObject\",\"inLanguage\":\"es\",\"@id\":\"https:\/\/www.jiproequip.com\/index.php\/medidor-espesor-pintura-en-polvo\/#primaryimage\",\"url\":\"https:\/\/www.jiproequip.com\/wp-content\/uploads\/2023\/10\/PositectorPC_Columbec_03_B.png\",\"contentUrl\":\"https:\/\/www.jiproequip.com\/wp-content\/uploads\/2023\/10\/PositectorPC_Columbec_03_B.png\",\"width\":500,\"height\":500},{\"@type\":\"BreadcrumbList\",\"@id\":\"https:\/\/www.jiproequip.com\/index.php\/medidor-espesor-pintura-en-polvo\/#breadcrumb\",\"itemListElement\":[{\"@type\":\"ListItem\",\"position\":1,\"name\":\"Home\",\"item\":\"https:\/\/www.jiproequip.com\/\"},{\"@type\":\"ListItem\",\"position\":2,\"name\":\"MEDIDOR DE ESPESOR DE PINTURA EN POLVO\"}]},{\"@type\":\"WebSite\",\"@id\":\"https:\/\/www.jiproequip.com\/#website\",\"url\":\"https:\/\/www.jiproequip.com\/\",\"name\":\"Ji-proequip\",\"description\":\"Venta de equipos industriales con servicio t\u00e9cnico especializado\",\"publisher\":{\"@id\":\"https:\/\/www.jiproequip.com\/#organization\"},\"potentialAction\":[{\"@type\":\"SearchAction\",\"target\":{\"@type\":\"EntryPoint\",\"urlTemplate\":\"https:\/\/www.jiproequip.com\/?s={search_term_string}\"},\"query-input\":{\"@type\":\"PropertyValueSpecification\",\"valueRequired\":true,\"valueName\":\"search_term_string\"}}],\"inLanguage\":\"es\"},{\"@type\":\"Organization\",\"@id\":\"https:\/\/www.jiproequip.com\/#organization\",\"name\":\"Ji-proequip\",\"url\":\"https:\/\/www.jiproequip.com\/\",\"logo\":{\"@type\":\"ImageObject\",\"inLanguage\":\"es\",\"@id\":\"https:\/\/www.jiproequip.com\/#\/schema\/logo\/image\/\",\"url\":\"https:\/\/www.jiproequip.com\/wp-content\/uploads\/2025\/06\/LOGO-JIproequip-2025.png\",\"contentUrl\":\"https:\/\/www.jiproequip.com\/wp-content\/uploads\/2025\/06\/LOGO-JIproequip-2025.png\",\"width\":2433,\"height\":596,\"caption\":\"Ji-proequip\"},\"image\":{\"@id\":\"https:\/\/www.jiproequip.com\/#\/schema\/logo\/image\/\"}}]}<\/script>\n<!-- \/ Yoast SEO plugin. -->","yoast_head_json":{"title":"MEDIDOR DE ESPESOR DE PINTURA EN POLVO - Ji-proequip","robots":{"index":"index","follow":"follow","max-snippet":"max-snippet:-1","max-image-preview":"max-image-preview:large","max-video-preview":"max-video-preview:-1"},"canonical":"https:\/\/www.jiproequip.com\/index.php\/medidor-espesor-pintura-en-polvo\/","og_locale":"es_ES","og_type":"article","og_title":"MEDIDOR DE ESPESOR DE PINTURA EN POLVO - Ji-proequip","og_description":"Ficha t\u00e9cnica COTIZAR ESTE EQUIPO","og_url":"https:\/\/www.jiproequip.com\/index.php\/medidor-espesor-pintura-en-polvo\/","og_site_name":"Ji-proequip","article_modified_time":"2025-06-03T16:34:44+00:00","og_image":[{"url":"https:\/\/www.jiproequip.com\/wp-content\/uploads\/2023\/10\/PositectorPC_Columbec_03_B.png","type":"","width":"","height":""}],"twitter_card":"summary_large_image","twitter_misc":{"Tiempo de lectura":"2 minutos"},"schema":{"@context":"https:\/\/schema.org","@graph":[{"@type":"WebPage","@id":"https:\/\/www.jiproequip.com\/index.php\/medidor-espesor-pintura-en-polvo\/","url":"https:\/\/www.jiproequip.com\/index.php\/medidor-espesor-pintura-en-polvo\/","name":"MEDIDOR DE ESPESOR DE PINTURA EN POLVO - Ji-proequip","isPartOf":{"@id":"https:\/\/www.jiproequip.com\/#website"},"primaryImageOfPage":{"@id":"https:\/\/www.jiproequip.com\/index.php\/medidor-espesor-pintura-en-polvo\/#primaryimage"},"image":{"@id":"https:\/\/www.jiproequip.com\/index.php\/medidor-espesor-pintura-en-polvo\/#primaryimage"},"thumbnailUrl":"https:\/\/www.jiproequip.com\/wp-content\/uploads\/2023\/10\/PositectorPC_Columbec_03_B.png","datePublished":"2023-10-19T03:42:59+00:00","dateModified":"2025-06-03T16:34:44+00:00","breadcrumb":{"@id":"https:\/\/www.jiproequip.com\/index.php\/medidor-espesor-pintura-en-polvo\/#breadcrumb"},"inLanguage":"es","potentialAction":[{"@type":"ReadAction","target":["https:\/\/www.jiproequip.com\/index.php\/medidor-espesor-pintura-en-polvo\/"]}]},{"@type":"ImageObject","inLanguage":"es","@id":"https:\/\/www.jiproequip.com\/index.php\/medidor-espesor-pintura-en-polvo\/#primaryimage","url":"https:\/\/www.jiproequip.com\/wp-content\/uploads\/2023\/10\/PositectorPC_Columbec_03_B.png","contentUrl":"https:\/\/www.jiproequip.com\/wp-content\/uploads\/2023\/10\/PositectorPC_Columbec_03_B.png","width":500,"height":500},{"@type":"BreadcrumbList","@id":"https:\/\/www.jiproequip.com\/index.php\/medidor-espesor-pintura-en-polvo\/#breadcrumb","itemListElement":[{"@type":"ListItem","position":1,"name":"Home","item":"https:\/\/www.jiproequip.com\/"},{"@type":"ListItem","position":2,"name":"MEDIDOR DE ESPESOR DE PINTURA EN POLVO"}]},{"@type":"WebSite","@id":"https:\/\/www.jiproequip.com\/#website","url":"https:\/\/www.jiproequip.com\/","name":"Ji-proequip","description":"Venta de equipos industriales con servicio t\u00e9cnico especializado","publisher":{"@id":"https:\/\/www.jiproequip.com\/#organization"},"potentialAction":[{"@type":"SearchAction","target":{"@type":"EntryPoint","urlTemplate":"https:\/\/www.jiproequip.com\/?s={search_term_string}"},"query-input":{"@type":"PropertyValueSpecification","valueRequired":true,"valueName":"search_term_string"}}],"inLanguage":"es"},{"@type":"Organization","@id":"https:\/\/www.jiproequip.com\/#organization","name":"Ji-proequip","url":"https:\/\/www.jiproequip.com\/","logo":{"@type":"ImageObject","inLanguage":"es","@id":"https:\/\/www.jiproequip.com\/#\/schema\/logo\/image\/","url":"https:\/\/www.jiproequip.com\/wp-content\/uploads\/2025\/06\/LOGO-JIproequip-2025.png","contentUrl":"https:\/\/www.jiproequip.com\/wp-content\/uploads\/2025\/06\/LOGO-JIproequip-2025.png","width":2433,"height":596,"caption":"Ji-proequip"},"image":{"@id":"https:\/\/www.jiproequip.com\/#\/schema\/logo\/image\/"}}]}},"uagb_featured_image_src":{"full":false,"thumbnail":false,"medium":false,"medium_large":false,"large":false,"1536x1536":false,"2048x2048":false,"mailpoet_newsletter_max":false,"woocommerce_thumbnail":false,"woocommerce_single":false,"woocommerce_gallery_thumbnail":false},"uagb_author_info":{"display_name":"admin_jiproeq","author_link":"https:\/\/www.jiproequip.com\/index.php\/author\/admin_jiproeq\/"},"uagb_comment_info":0,"uagb_excerpt":"Ficha t\u00e9cnica COTIZAR ESTE EQUIPO","jetpack_sharing_enabled":true,"_links":{"self":[{"href":"https:\/\/www.jiproequip.com\/index.php\/wp-json\/wp\/v2\/pages\/3089","targetHints":{"allow":["GET"]}}],"collection":[{"href":"https:\/\/www.jiproequip.com\/index.php\/wp-json\/wp\/v2\/pages"}],"about":[{"href":"https:\/\/www.jiproequip.com\/index.php\/wp-json\/wp\/v2\/types\/page"}],"author":[{"embeddable":true,"href":"https:\/\/www.jiproequip.com\/index.php\/wp-json\/wp\/v2\/users\/1"}],"replies":[{"embeddable":true,"href":"https:\/\/www.jiproequip.com\/index.php\/wp-json\/wp\/v2\/comments?post=3089"}],"version-history":[{"count":6,"href":"https:\/\/www.jiproequip.com\/index.php\/wp-json\/wp\/v2\/pages\/3089\/revisions"}],"predecessor-version":[{"id":5346,"href":"https:\/\/www.jiproequip.com\/index.php\/wp-json\/wp\/v2\/pages\/3089\/revisions\/5346"}],"wp:attachment":[{"href":"https:\/\/www.jiproequip.com\/index.php\/wp-json\/wp\/v2\/media?parent=3089"}],"curies":[{"name":"wp","href":"https:\/\/api.w.org\/{rel}","templated":true}]}}