{"id":1653,"date":"2023-09-24T15:02:35","date_gmt":"2023-09-24T20:02:35","guid":{"rendered":"https:\/\/www.jiproequip.com\/?post_type=product&#038;p=1653"},"modified":"2024-06-19T13:57:49","modified_gmt":"2024-06-19T18:57:49","slug":"casco-de-seguridad-y-respirar-para-sandblasting","status":"publish","type":"product","link":"https:\/\/www.jiproequip.com\/index.php\/producto\/casco-de-seguridad-y-respirar-para-sandblasting\/","title":{"rendered":"Casco de seguridad y respirar para Sandblasting"},"content":{"rendered":"<div class=\"wp-block-stackable-column stk-block-column stk-column stk-block stk-a42bbec\" data-v=\"4\" data-block-id=\"a42bbec\">\r\n<div class=\"stk-column-wrapper stk-block-column__content stk-container stk-a42bbec-container stk--no-background stk--no-padding\">\r\n<div class=\"stk-block-content stk-inner-blocks stk-a42bbec-inner-blocks\"><div class=\"wp-block-stackable-carousel stk-block-carousel stk--is-slide stk--arrows-justify-space-between stk--arrows-align-center stk-block stk-6d5b6f7\" data-slides-to-show=\"\" data-block-id=\"6d5b6f7\">\r\n<div class=\"stk-block-carousel__content-wrapper\">\r\n<div class=\"stk-row stk-inner-blocks stk-block-content stk-block-carousel__slider-wrapper stk-content-align stk-6d5b6f7-column\">\r\n<div class=\"stk-block-carousel__slider\" role=\"list\" data-autoplay=\"4000\" data-label-slide-of=\"Slide %%d of %%d\"><div class=\"wp-block-stackable-column stk-block-column stk-column stk-block stk-5a69e44\" data-v=\"4\" data-block-id=\"5a69e44\">\r\n<div class=\"stk-column-wrapper stk-block-column__content stk-container stk-5a69e44-container stk--no-background stk--no-padding\">\r\n<div class=\"stk-block-content stk-inner-blocks stk-5a69e44-inner-blocks\"><div class=\"wp-block-stackable-image stk-block-image stk-block stk-64219fc\" data-block-id=\"64219fc\">\r\n<figure class=\"stk-img-wrapper stk-image--shape-stretch\"><img loading=\"lazy\" decoding=\"async\" class=\"stk-img   alignnone wp-image-1657 \" src=\"http:\/\/https:\/\/www.jiproequip.com\/wp-content\/uploads\/2023\/09\/Casco_seguridad_Sandblasting_Clemco_columbec_B.png\" alt=\"\" width=\"419\" height=\"410\" \/><\/figure>\r\n<\/div><\/div>\r\n<\/div>\r\n<\/div><\/div>\r\n<\/div>\r\n<\/div>\r\n<\/div><\/div>\r\n<\/div>\r\n<\/div><div class=\"wp-block-stackable-column stk-block-column stk-column stk-block stk-776f52c\" data-v=\"4\" data-block-id=\"776f52c\">\r\n<div class=\"stk-column-wrapper stk-block-column__content stk-container stk-776f52c-container stk--no-background stk--no-padding\">\r\n<div class=\"stk-block-content stk-inner-blocks stk-776f52c-inner-blocks\"><div id=\"unidad-trifasica-de-lavado-de-alta-presion-de-agua-fria-a-2175-p-s-i\" class=\"wp-block-stackable-heading stk-block-heading stk-block-heading--v2 stk-block stk-6ead452 stk-block-background\" data-block-id=\"6ead452\">\r\n<div class=\"pl_i2t\">\r\n<h2>Casco de seguridad y respirar para Sandblasting<\/h2>\r\n<\/div>\r\nEste casco para soplado con arena ha sido dise\u00f1ado para el confort y la seguridad de los ojos. Proporciona la mejor protecci\u00f3n posible con la menor restricci\u00f3n de la visi\u00f3n y de la movilidad. Se facilita con un cintur\u00f3n y un dispositivo controlador del volumen de aire.<\/div>\r\n<div data-block-id=\"6ead452\">\r\n<p>Una visera profunda de 1 pulgada integrada en la parte superior y lateral del marco de la ventana se cierra herm\u00e9ticamente contra el polvo y los agentes de soplado, de forma que no puedan entrar en los cristales.<\/p>\r\n<p>La entrada del aire est\u00e1 situada en la parte posterior del casco y proporciona al operario una movilidad total sin tener en cuenta el conducto de aire.<\/p>\r\n<p>El soporte para la cabeza del se sujeta al casco y es f\u00e1cil de ajustar a la medida adecuada.<\/p>\r\n<p>El marco de la ventana se dise\u00f1a extra largo, de forma que protege el cuello de los materiales que rebotan.<\/p>\r\n<p>El soporte del casco est\u00e1 provisto de filtros de espuma ac\u00fasticos e intercambiables, as\u00ed como de un panel de control del aire que abastece de aire la cabeza y la cara del operario.<\/p>\r\n<p>Sistema de vidrio de 3 capas. Vidrio interior fijo, vidrio intermedio y vidrio exterior extra\u00edble.<\/p>\r\n<p>El cierre de la ventana est\u00e1 atornillado firmemente y se cambia f\u00e1cilmente sin peligro de da\u00f1ar el casco. El cierre de la ventana entra en una ranura, que gira la ventana a su sitio y la cierra firmemente.<\/p>\r\n<p>La pieza de conexi\u00f3n con la entrada de aire del casco se puede cambiar, lo cual prolonga la vida \u00fatil del casco.<\/p>\r\n<p>La cinta de sujeci\u00f3n a la capota rodea el borde inferior del casco y se fija f\u00e1cilmente con un dispositivo de cierre que sujeta la capota en su sitio.<\/p>\r\n<\/div>\r\n<\/div>\r\n<\/div>\r\n<\/div>","protected":false},"excerpt":{"rendered":"<p>Casco de seguridad y respirar para Sandblasting Este casco para soplado con arena ha sido dise\u00f1ado para el confort y la seguridad de los ojos. Proporciona la mejor protecci\u00f3n posible con la menor restricci\u00f3n de la visi\u00f3n y de la movilidad. Se facilita con un cintur\u00f3n y un dispositivo controlador del volumen de aire. Una [&hellip;]<\/p>\n","protected":false},"featured_media":1657,"comment_status":"open","ping_status":"closed","template":"","meta":{"_uag_custom_page_level_css":""},"product_brand":[],"product_cat":[35,34],"product_tag":[],"class_list":{"0":"post-1653","1":"product","2":"type-product","3":"status-publish","4":"has-post-thumbnail","6":"product_cat-equipo-seguridad","7":"product_cat-sandblasting","9":"first","10":"instock","11":"shipping-taxable","12":"product-type-simple"},"yoast_head":"<!-- This site is optimized with the Yoast SEO plugin v25.2 - https:\/\/yoast.com\/wordpress\/plugins\/seo\/ -->\n<title>Casco de seguridad y respirar para Sandblasting - Ji-proequip<\/title>\n<meta name=\"robots\" content=\"index, follow, max-snippet:-1, max-image-preview:large, max-video-preview:-1\" \/>\n<link rel=\"canonical\" href=\"https:\/\/www.jiproequip.com\/index.php\/producto\/casco-de-seguridad-y-respirar-para-sandblasting\/\" \/>\n<meta property=\"og:locale\" content=\"es_ES\" \/>\n<meta property=\"og:type\" content=\"article\" \/>\n<meta property=\"og:title\" content=\"Casco de seguridad y respirar para Sandblasting - Ji-proequip\" \/>\n<meta property=\"og:description\" content=\"Casco de seguridad y respirar para Sandblasting Este casco para soplado con arena ha sido dise\u00f1ado para el confort y la seguridad de los ojos. Proporciona la mejor protecci\u00f3n posible con la menor restricci\u00f3n de la visi\u00f3n y de la movilidad. Se facilita con un cintur\u00f3n y un dispositivo controlador del volumen de aire. Una [&hellip;]\" \/>\n<meta property=\"og:url\" content=\"https:\/\/www.jiproequip.com\/index.php\/producto\/casco-de-seguridad-y-respirar-para-sandblasting\/\" \/>\n<meta property=\"og:site_name\" content=\"Ji-proequip\" \/>\n<meta property=\"article:modified_time\" content=\"2024-06-19T18:57:49+00:00\" \/>\n<meta property=\"og:image\" content=\"https:\/\/www.jiproequip.com\/wp-content\/uploads\/2023\/09\/Casco_seguridad_Sandblasting_Clemco_columbec_B.png\" \/>\n\t<meta property=\"og:image:width\" content=\"636\" \/>\n\t<meta property=\"og:image:height\" content=\"622\" \/>\n\t<meta property=\"og:image:type\" content=\"image\/png\" \/>\n<meta name=\"twitter:card\" content=\"summary_large_image\" \/>\n<meta name=\"twitter:label1\" content=\"Tiempo de lectura\" \/>\n\t<meta name=\"twitter:data1\" content=\"2 minutos\" \/>\n<script type=\"application\/ld+json\" class=\"yoast-schema-graph\">{\"@context\":\"https:\/\/schema.org\",\"@graph\":[{\"@type\":\"WebPage\",\"@id\":\"https:\/\/www.jiproequip.com\/index.php\/producto\/casco-de-seguridad-y-respirar-para-sandblasting\/\",\"url\":\"https:\/\/www.jiproequip.com\/index.php\/producto\/casco-de-seguridad-y-respirar-para-sandblasting\/\",\"name\":\"Casco de seguridad y respirar para Sandblasting - Ji-proequip\",\"isPartOf\":{\"@id\":\"https:\/\/www.jiproequip.com\/#website\"},\"primaryImageOfPage\":{\"@id\":\"https:\/\/www.jiproequip.com\/index.php\/producto\/casco-de-seguridad-y-respirar-para-sandblasting\/#primaryimage\"},\"image\":{\"@id\":\"https:\/\/www.jiproequip.com\/index.php\/producto\/casco-de-seguridad-y-respirar-para-sandblasting\/#primaryimage\"},\"thumbnailUrl\":\"https:\/\/www.jiproequip.com\/wp-content\/uploads\/2023\/09\/Casco_seguridad_Sandblasting_Clemco_columbec_B.png\",\"datePublished\":\"2023-09-24T20:02:35+00:00\",\"dateModified\":\"2024-06-19T18:57:49+00:00\",\"breadcrumb\":{\"@id\":\"https:\/\/www.jiproequip.com\/index.php\/producto\/casco-de-seguridad-y-respirar-para-sandblasting\/#breadcrumb\"},\"inLanguage\":\"es\",\"potentialAction\":[{\"@type\":\"ReadAction\",\"target\":[\"https:\/\/www.jiproequip.com\/index.php\/producto\/casco-de-seguridad-y-respirar-para-sandblasting\/\"]}]},{\"@type\":\"ImageObject\",\"inLanguage\":\"es\",\"@id\":\"https:\/\/www.jiproequip.com\/index.php\/producto\/casco-de-seguridad-y-respirar-para-sandblasting\/#primaryimage\",\"url\":\"https:\/\/www.jiproequip.com\/wp-content\/uploads\/2023\/09\/Casco_seguridad_Sandblasting_Clemco_columbec_B.png\",\"contentUrl\":\"https:\/\/www.jiproequip.com\/wp-content\/uploads\/2023\/09\/Casco_seguridad_Sandblasting_Clemco_columbec_B.png\",\"width\":636,\"height\":622},{\"@type\":\"BreadcrumbList\",\"@id\":\"https:\/\/www.jiproequip.com\/index.php\/producto\/casco-de-seguridad-y-respirar-para-sandblasting\/#breadcrumb\",\"itemListElement\":[{\"@type\":\"ListItem\",\"position\":1,\"name\":\"Home\",\"item\":\"https:\/\/www.jiproequip.com\/\"},{\"@type\":\"ListItem\",\"position\":2,\"name\":\"Tienda\",\"item\":\"https:\/\/www.jiproequip.com\/index.php\/tienda\/\"},{\"@type\":\"ListItem\",\"position\":3,\"name\":\"Casco de seguridad y respirar para Sandblasting\"}]},{\"@type\":\"WebSite\",\"@id\":\"https:\/\/www.jiproequip.com\/#website\",\"url\":\"https:\/\/www.jiproequip.com\/\",\"name\":\"Ji-proequip\",\"description\":\"Venta de equipos industriales con servicio t\u00e9cnico especializado\",\"publisher\":{\"@id\":\"https:\/\/www.jiproequip.com\/#organization\"},\"potentialAction\":[{\"@type\":\"SearchAction\",\"target\":{\"@type\":\"EntryPoint\",\"urlTemplate\":\"https:\/\/www.jiproequip.com\/?s={search_term_string}\"},\"query-input\":{\"@type\":\"PropertyValueSpecification\",\"valueRequired\":true,\"valueName\":\"search_term_string\"}}],\"inLanguage\":\"es\"},{\"@type\":\"Organization\",\"@id\":\"https:\/\/www.jiproequip.com\/#organization\",\"name\":\"Ji-proequip\",\"url\":\"https:\/\/www.jiproequip.com\/\",\"logo\":{\"@type\":\"ImageObject\",\"inLanguage\":\"es\",\"@id\":\"https:\/\/www.jiproequip.com\/#\/schema\/logo\/image\/\",\"url\":\"https:\/\/www.jiproequip.com\/wp-content\/uploads\/2025\/06\/LOGO-JIproequip-2025.png\",\"contentUrl\":\"https:\/\/www.jiproequip.com\/wp-content\/uploads\/2025\/06\/LOGO-JIproequip-2025.png\",\"width\":2433,\"height\":596,\"caption\":\"Ji-proequip\"},\"image\":{\"@id\":\"https:\/\/www.jiproequip.com\/#\/schema\/logo\/image\/\"}}]}<\/script>\n<!-- \/ Yoast SEO plugin. -->","yoast_head_json":{"title":"Casco de seguridad y respirar para Sandblasting - Ji-proequip","robots":{"index":"index","follow":"follow","max-snippet":"max-snippet:-1","max-image-preview":"max-image-preview:large","max-video-preview":"max-video-preview:-1"},"canonical":"https:\/\/www.jiproequip.com\/index.php\/producto\/casco-de-seguridad-y-respirar-para-sandblasting\/","og_locale":"es_ES","og_type":"article","og_title":"Casco de seguridad y respirar para Sandblasting - Ji-proequip","og_description":"Casco de seguridad y respirar para Sandblasting Este casco para soplado con arena ha sido dise\u00f1ado para el confort y la seguridad de los ojos. Proporciona la mejor protecci\u00f3n posible con la menor restricci\u00f3n de la visi\u00f3n y de la movilidad. Se facilita con un cintur\u00f3n y un dispositivo controlador del volumen de aire. Una [&hellip;]","og_url":"https:\/\/www.jiproequip.com\/index.php\/producto\/casco-de-seguridad-y-respirar-para-sandblasting\/","og_site_name":"Ji-proequip","article_modified_time":"2024-06-19T18:57:49+00:00","og_image":[{"width":636,"height":622,"url":"https:\/\/www.jiproequip.com\/wp-content\/uploads\/2023\/09\/Casco_seguridad_Sandblasting_Clemco_columbec_B.png","type":"image\/png"}],"twitter_card":"summary_large_image","twitter_misc":{"Tiempo de lectura":"2 minutos"},"schema":{"@context":"https:\/\/schema.org","@graph":[{"@type":"WebPage","@id":"https:\/\/www.jiproequip.com\/index.php\/producto\/casco-de-seguridad-y-respirar-para-sandblasting\/","url":"https:\/\/www.jiproequip.com\/index.php\/producto\/casco-de-seguridad-y-respirar-para-sandblasting\/","name":"Casco de seguridad y respirar para Sandblasting - Ji-proequip","isPartOf":{"@id":"https:\/\/www.jiproequip.com\/#website"},"primaryImageOfPage":{"@id":"https:\/\/www.jiproequip.com\/index.php\/producto\/casco-de-seguridad-y-respirar-para-sandblasting\/#primaryimage"},"image":{"@id":"https:\/\/www.jiproequip.com\/index.php\/producto\/casco-de-seguridad-y-respirar-para-sandblasting\/#primaryimage"},"thumbnailUrl":"https:\/\/www.jiproequip.com\/wp-content\/uploads\/2023\/09\/Casco_seguridad_Sandblasting_Clemco_columbec_B.png","datePublished":"2023-09-24T20:02:35+00:00","dateModified":"2024-06-19T18:57:49+00:00","breadcrumb":{"@id":"https:\/\/www.jiproequip.com\/index.php\/producto\/casco-de-seguridad-y-respirar-para-sandblasting\/#breadcrumb"},"inLanguage":"es","potentialAction":[{"@type":"ReadAction","target":["https:\/\/www.jiproequip.com\/index.php\/producto\/casco-de-seguridad-y-respirar-para-sandblasting\/"]}]},{"@type":"ImageObject","inLanguage":"es","@id":"https:\/\/www.jiproequip.com\/index.php\/producto\/casco-de-seguridad-y-respirar-para-sandblasting\/#primaryimage","url":"https:\/\/www.jiproequip.com\/wp-content\/uploads\/2023\/09\/Casco_seguridad_Sandblasting_Clemco_columbec_B.png","contentUrl":"https:\/\/www.jiproequip.com\/wp-content\/uploads\/2023\/09\/Casco_seguridad_Sandblasting_Clemco_columbec_B.png","width":636,"height":622},{"@type":"BreadcrumbList","@id":"https:\/\/www.jiproequip.com\/index.php\/producto\/casco-de-seguridad-y-respirar-para-sandblasting\/#breadcrumb","itemListElement":[{"@type":"ListItem","position":1,"name":"Home","item":"https:\/\/www.jiproequip.com\/"},{"@type":"ListItem","position":2,"name":"Tienda","item":"https:\/\/www.jiproequip.com\/index.php\/tienda\/"},{"@type":"ListItem","position":3,"name":"Casco de seguridad y respirar para Sandblasting"}]},{"@type":"WebSite","@id":"https:\/\/www.jiproequip.com\/#website","url":"https:\/\/www.jiproequip.com\/","name":"Ji-proequip","description":"Venta de equipos industriales con servicio t\u00e9cnico especializado","publisher":{"@id":"https:\/\/www.jiproequip.com\/#organization"},"potentialAction":[{"@type":"SearchAction","target":{"@type":"EntryPoint","urlTemplate":"https:\/\/www.jiproequip.com\/?s={search_term_string}"},"query-input":{"@type":"PropertyValueSpecification","valueRequired":true,"valueName":"search_term_string"}}],"inLanguage":"es"},{"@type":"Organization","@id":"https:\/\/www.jiproequip.com\/#organization","name":"Ji-proequip","url":"https:\/\/www.jiproequip.com\/","logo":{"@type":"ImageObject","inLanguage":"es","@id":"https:\/\/www.jiproequip.com\/#\/schema\/logo\/image\/","url":"https:\/\/www.jiproequip.com\/wp-content\/uploads\/2025\/06\/LOGO-JIproequip-2025.png","contentUrl":"https:\/\/www.jiproequip.com\/wp-content\/uploads\/2025\/06\/LOGO-JIproequip-2025.png","width":2433,"height":596,"caption":"Ji-proequip"},"image":{"@id":"https:\/\/www.jiproequip.com\/#\/schema\/logo\/image\/"}}]}},"uagb_featured_image_src":{"full":["https:\/\/www.jiproequip.com\/wp-content\/uploads\/2023\/09\/Casco_seguridad_Sandblasting_Clemco_columbec_B.png",636,622,false],"thumbnail":["https:\/\/www.jiproequip.com\/wp-content\/uploads\/2023\/09\/Casco_seguridad_Sandblasting_Clemco_columbec_B.png",150,147,false],"medium":["https:\/\/www.jiproequip.com\/wp-content\/uploads\/2023\/09\/Casco_seguridad_Sandblasting_Clemco_columbec_B.png",300,293,false],"medium_large":["https:\/\/www.jiproequip.com\/wp-content\/uploads\/2023\/09\/Casco_seguridad_Sandblasting_Clemco_columbec_B.png",636,622,false],"large":["https:\/\/www.jiproequip.com\/wp-content\/uploads\/2023\/09\/Casco_seguridad_Sandblasting_Clemco_columbec_B.png",636,622,false],"1536x1536":["https:\/\/www.jiproequip.com\/wp-content\/uploads\/2023\/09\/Casco_seguridad_Sandblasting_Clemco_columbec_B.png",636,622,false],"2048x2048":["https:\/\/www.jiproequip.com\/wp-content\/uploads\/2023\/09\/Casco_seguridad_Sandblasting_Clemco_columbec_B.png",636,622,false],"mailpoet_newsletter_max":["https:\/\/www.jiproequip.com\/wp-content\/uploads\/2023\/09\/Casco_seguridad_Sandblasting_Clemco_columbec_B.png",636,622,false],"woocommerce_thumbnail":["https:\/\/www.jiproequip.com\/wp-content\/uploads\/2023\/09\/Casco_seguridad_Sandblasting_Clemco_columbec_B.png",300,293,false],"woocommerce_single":["https:\/\/www.jiproequip.com\/wp-content\/uploads\/2023\/09\/Casco_seguridad_Sandblasting_Clemco_columbec_B.png",600,587,false],"woocommerce_gallery_thumbnail":["https:\/\/www.jiproequip.com\/wp-content\/uploads\/2023\/09\/Casco_seguridad_Sandblasting_Clemco_columbec_B-100x100.png",100,100,true]},"uagb_author_info":{"display_name":"admin_jiproeq","author_link":"https:\/\/www.jiproequip.com\/index.php\/author\/"},"uagb_comment_info":1,"uagb_excerpt":"Casco de seguridad y respirar para Sandblasting Este casco para soplado con arena ha sido dise\u00f1ado para el confort y la seguridad de los ojos. Proporciona la mejor protecci\u00f3n posible con la menor restricci\u00f3n de la visi\u00f3n y de la movilidad. Se facilita con un cintur\u00f3n y un dispositivo controlador del volumen de aire. Una&hellip;","jetpack_sharing_enabled":true,"_links":{"self":[{"href":"https:\/\/www.jiproequip.com\/index.php\/wp-json\/wp\/v2\/product\/1653","targetHints":{"allow":["GET"]}}],"collection":[{"href":"https:\/\/www.jiproequip.com\/index.php\/wp-json\/wp\/v2\/product"}],"about":[{"href":"https:\/\/www.jiproequip.com\/index.php\/wp-json\/wp\/v2\/types\/product"}],"replies":[{"embeddable":true,"href":"https:\/\/www.jiproequip.com\/index.php\/wp-json\/wp\/v2\/comments?post=1653"}],"wp:featuredmedia":[{"embeddable":true,"href":"https:\/\/www.jiproequip.com\/index.php\/wp-json\/wp\/v2\/media\/1657"}],"wp:attachment":[{"href":"https:\/\/www.jiproequip.com\/index.php\/wp-json\/wp\/v2\/media?parent=1653"}],"wp:term":[{"taxonomy":"product_brand","embeddable":true,"href":"https:\/\/www.jiproequip.com\/index.php\/wp-json\/wp\/v2\/product_brand?post=1653"},{"taxonomy":"product_cat","embeddable":true,"href":"https:\/\/www.jiproequip.com\/index.php\/wp-json\/wp\/v2\/product_cat?post=1653"},{"taxonomy":"product_tag","embeddable":true,"href":"https:\/\/www.jiproequip.com\/index.php\/wp-json\/wp\/v2\/product_tag?post=1653"}],"curies":[{"name":"wp","href":"https:\/\/api.w.org\/{rel}","templated":true}]}}