{"id":1752,"date":"2023-09-26T21:34:27","date_gmt":"2023-09-27T02:34:27","guid":{"rendered":"https:\/\/localhost\/jiproequip\/?post_type=product&#038;p=1752"},"modified":"2023-09-26T21:34:37","modified_gmt":"2023-09-27T02:34:37","slug":"equipo-de-pintura-pequeno-y-portable-a-3-300-psi-y-2-lpm","status":"publish","type":"product","link":"https:\/\/www.jiproequip.com\/index.php\/producto\/equipo-de-pintura-pequeno-y-portable-a-3-300-psi-y-2-lpm\/","title":{"rendered":"Equipo de pintura peque\u00f1o y portable a 3.300 PSI y 2 LPM"},"content":{"rendered":"<div class=\"wp-block-stackable-column stk-block-column stk-column stk-block stk-a42bbec\" data-v=\"4\" data-block-id=\"a42bbec\">\r\n<div class=\"stk-column-wrapper stk-block-column__content stk-container stk-a42bbec-container stk--no-background stk--no-padding\">\r\n<div class=\"stk-block-content stk-inner-blocks stk-a42bbec-inner-blocks\"><div class=\"wp-block-stackable-carousel stk-block-carousel stk--is-slide stk--arrows-justify-space-between stk--arrows-align-center stk-block stk-6d5b6f7\" data-slides-to-show=\"\" data-block-id=\"6d5b6f7\">\r\n<div class=\"stk-block-carousel__content-wrapper\">\r\n<div class=\"stk-row stk-inner-blocks stk-block-content stk-block-carousel__slider-wrapper stk-content-align stk-6d5b6f7-column\">\r\n<div class=\"stk-block-carousel__slider\" role=\"list\" data-autoplay=\"4000\" data-label-slide-of=\"Slide %%d of %%d\"><div class=\"wp-block-stackable-column stk-block-column stk-column stk-block stk-5a69e44\" data-v=\"4\" data-block-id=\"5a69e44\">\r\n<div class=\"stk-column-wrapper stk-block-column__content stk-container stk-5a69e44-container stk--no-background stk--no-padding\">\r\n<div class=\"stk-block-content stk-inner-blocks stk-5a69e44-inner-blocks\"><div class=\"wp-block-stackable-image stk-block-image stk-block stk-64219fc\" data-block-id=\"64219fc\">\r\n<figure class=\"stk-img-wrapper stk-image--shape-stretch\"><img loading=\"lazy\" decoding=\"async\" class=\"stk-img      alignnone wp-image-1754 \" src=\"http:\/\/https:\/\/www.jiproequip.com\/wp-content\/uploads\/2023\/09\/Equipo_pintura_pequeno_portable_Graco_columbec_B.png\" alt=\"\" width=\"361\" height=\"361\" \/><\/figure>\r\n<\/div><\/div>\r\n<\/div>\r\n<\/div><\/div>\r\n<\/div>\r\n<\/div>\r\n<\/div><\/div>\r\n<\/div>\r\n<\/div><div class=\"wp-block-stackable-column stk-block-column stk-column stk-block stk-776f52c\" data-v=\"4\" data-block-id=\"776f52c\">\r\n<div class=\"stk-column-wrapper stk-block-column__content stk-container stk-776f52c-container stk--no-background stk--no-padding\">\r\n<div class=\"stk-block-content stk-inner-blocks stk-776f52c-inner-blocks\"><div id=\"unidad-trifasica-de-lavado-de-alta-presion-de-agua-fria-a-2175-p-s-i\" class=\"wp-block-stackable-heading stk-block-heading stk-block-heading--v2 stk-block stk-6ead452 stk-block-background\" data-block-id=\"6ead452\">\r\n<div class=\"pl_i2t\">\r\n<h2>Equipo de pintura peque\u00f1o y portable a 3.300 PSI y 2\u00a0LPM<\/h2>\r\n<\/div>\r\nDise\u00f1ado para trabajar con base agua o solvente. Apto tambi\u00e9n para la aplicaci\u00f3n de l\u00e1tex, esmaltes, acr\u00edlicos, lacas y aceites entre otros.<\/div>\r\n<div data-block-id=\"6ead452\">Con una velocidad de trabajo de 80-90 m\u00b2\/h este peque\u00f1o equipo es ideal para trabajos industriales de gran calidad en poco periodo de tiempo y con una portabilidad incomparable.<br \/>Cuenta con control de precisi\u00f3n SmartControl que cuenta con un microprocesador que suministra un abanico de rociado consistente sin fluctuaci\u00f3n de presi\u00f3n con la presi\u00f3n de rociado que usted desee. Esta peque\u00f1a m\u00e1quina industrial es c\u00f3moda para transportar y perfecta para profesionales que roc\u00edan con una amplia variedad de recubrimientos.<br \/>Su filtro reduce obstrucciones en la boquilla y garantiza un acabado de calidad. Filtra desde dentro hacia fuera, de esta manera los filtros no se atascan ni colapsan con suciedad.<br \/>Su dise\u00f1o cerrado y compacto protege los componentes internos del motor frente amenazas como la suciedad, polvo y excesos de rociado.<br \/>Sus v\u00e1lvulas requieren solo un peque\u00f1o golpe de martillo para acceder a la bola de entrada y limpiar f\u00e1cilmente el sistema.<\/div>\r\n<\/div>\r\n<\/div>\r\n<\/div>","protected":false},"excerpt":{"rendered":"<p>Equipo de pintura peque\u00f1o y portable a 3.300 PSI y 2\u00a0LPM Dise\u00f1ado para trabajar con base agua o solvente. Apto tambi\u00e9n para la aplicaci\u00f3n de l\u00e1tex, esmaltes, acr\u00edlicos, lacas y aceites entre otros. Con una velocidad de trabajo de 80-90 m\u00b2\/h este peque\u00f1o equipo es ideal para trabajos industriales de gran calidad en poco periodo [&hellip;]<\/p>\n","protected":false},"featured_media":1754,"comment_status":"open","ping_status":"closed","template":"","meta":{"_uag_custom_page_level_css":""},"product_brand":[],"product_cat":[38],"product_tag":[],"class_list":{"0":"post-1752","1":"product","2":"type-product","3":"status-publish","4":"has-post-thumbnail","6":"product_cat-equipos-pintura","8":"first","9":"instock","10":"shipping-taxable","11":"product-type-simple"},"yoast_head":"<!-- This site is optimized with the Yoast SEO plugin v25.2 - https:\/\/yoast.com\/wordpress\/plugins\/seo\/ -->\n<title>Equipo de pintura peque\u00f1o y portable a 3.300 PSI y 2 LPM - Ji-proequip<\/title>\n<meta name=\"robots\" content=\"index, follow, max-snippet:-1, max-image-preview:large, max-video-preview:-1\" \/>\n<link rel=\"canonical\" href=\"https:\/\/www.jiproequip.com\/index.php\/producto\/equipo-de-pintura-pequeno-y-portable-a-3-300-psi-y-2-lpm\/\" \/>\n<meta property=\"og:locale\" content=\"es_ES\" \/>\n<meta property=\"og:type\" content=\"article\" \/>\n<meta property=\"og:title\" content=\"Equipo de pintura peque\u00f1o y portable a 3.300 PSI y 2 LPM - Ji-proequip\" \/>\n<meta property=\"og:description\" content=\"Equipo de pintura peque\u00f1o y portable a 3.300 PSI y 2\u00a0LPM Dise\u00f1ado para trabajar con base agua o solvente. Apto tambi\u00e9n para la aplicaci\u00f3n de l\u00e1tex, esmaltes, acr\u00edlicos, lacas y aceites entre otros. Con una velocidad de trabajo de 80-90 m\u00b2\/h este peque\u00f1o equipo es ideal para trabajos industriales de gran calidad en poco periodo [&hellip;]\" \/>\n<meta property=\"og:url\" content=\"https:\/\/www.jiproequip.com\/index.php\/producto\/equipo-de-pintura-pequeno-y-portable-a-3-300-psi-y-2-lpm\/\" \/>\n<meta property=\"og:site_name\" content=\"Ji-proequip\" \/>\n<meta property=\"article:modified_time\" content=\"2023-09-27T02:34:37+00:00\" \/>\n<meta property=\"og:image\" content=\"https:\/\/www.jiproequip.com\/wp-content\/uploads\/2023\/09\/Equipo_pintura_pequeno_portable_Graco_columbec_B.png\" \/>\n\t<meta property=\"og:image:width\" content=\"600\" \/>\n\t<meta property=\"og:image:height\" content=\"600\" \/>\n\t<meta property=\"og:image:type\" content=\"image\/png\" \/>\n<meta name=\"twitter:card\" content=\"summary_large_image\" \/>\n<meta name=\"twitter:label1\" content=\"Tiempo de lectura\" \/>\n\t<meta name=\"twitter:data1\" content=\"2 minutos\" \/>\n<script type=\"application\/ld+json\" class=\"yoast-schema-graph\">{\"@context\":\"https:\/\/schema.org\",\"@graph\":[{\"@type\":\"WebPage\",\"@id\":\"https:\/\/www.jiproequip.com\/index.php\/producto\/equipo-de-pintura-pequeno-y-portable-a-3-300-psi-y-2-lpm\/\",\"url\":\"https:\/\/www.jiproequip.com\/index.php\/producto\/equipo-de-pintura-pequeno-y-portable-a-3-300-psi-y-2-lpm\/\",\"name\":\"Equipo de pintura peque\u00f1o y portable a 3.300 PSI y 2 LPM - Ji-proequip\",\"isPartOf\":{\"@id\":\"https:\/\/www.jiproequip.com\/#website\"},\"primaryImageOfPage\":{\"@id\":\"https:\/\/www.jiproequip.com\/index.php\/producto\/equipo-de-pintura-pequeno-y-portable-a-3-300-psi-y-2-lpm\/#primaryimage\"},\"image\":{\"@id\":\"https:\/\/www.jiproequip.com\/index.php\/producto\/equipo-de-pintura-pequeno-y-portable-a-3-300-psi-y-2-lpm\/#primaryimage\"},\"thumbnailUrl\":\"https:\/\/www.jiproequip.com\/wp-content\/uploads\/2023\/09\/Equipo_pintura_pequeno_portable_Graco_columbec_B.png\",\"datePublished\":\"2023-09-27T02:34:27+00:00\",\"dateModified\":\"2023-09-27T02:34:37+00:00\",\"breadcrumb\":{\"@id\":\"https:\/\/www.jiproequip.com\/index.php\/producto\/equipo-de-pintura-pequeno-y-portable-a-3-300-psi-y-2-lpm\/#breadcrumb\"},\"inLanguage\":\"es\",\"potentialAction\":[{\"@type\":\"ReadAction\",\"target\":[\"https:\/\/www.jiproequip.com\/index.php\/producto\/equipo-de-pintura-pequeno-y-portable-a-3-300-psi-y-2-lpm\/\"]}]},{\"@type\":\"ImageObject\",\"inLanguage\":\"es\",\"@id\":\"https:\/\/www.jiproequip.com\/index.php\/producto\/equipo-de-pintura-pequeno-y-portable-a-3-300-psi-y-2-lpm\/#primaryimage\",\"url\":\"https:\/\/www.jiproequip.com\/wp-content\/uploads\/2023\/09\/Equipo_pintura_pequeno_portable_Graco_columbec_B.png\",\"contentUrl\":\"https:\/\/www.jiproequip.com\/wp-content\/uploads\/2023\/09\/Equipo_pintura_pequeno_portable_Graco_columbec_B.png\",\"width\":600,\"height\":600},{\"@type\":\"BreadcrumbList\",\"@id\":\"https:\/\/www.jiproequip.com\/index.php\/producto\/equipo-de-pintura-pequeno-y-portable-a-3-300-psi-y-2-lpm\/#breadcrumb\",\"itemListElement\":[{\"@type\":\"ListItem\",\"position\":1,\"name\":\"Home\",\"item\":\"https:\/\/www.jiproequip.com\/\"},{\"@type\":\"ListItem\",\"position\":2,\"name\":\"Tienda\",\"item\":\"https:\/\/www.jiproequip.com\/index.php\/tienda\/\"},{\"@type\":\"ListItem\",\"position\":3,\"name\":\"Equipo de pintura peque\u00f1o y portable a 3.300 PSI y 2 LPM\"}]},{\"@type\":\"WebSite\",\"@id\":\"https:\/\/www.jiproequip.com\/#website\",\"url\":\"https:\/\/www.jiproequip.com\/\",\"name\":\"Ji-proequip\",\"description\":\"Venta de equipos industriales con servicio t\u00e9cnico especializado\",\"publisher\":{\"@id\":\"https:\/\/www.jiproequip.com\/#organization\"},\"potentialAction\":[{\"@type\":\"SearchAction\",\"target\":{\"@type\":\"EntryPoint\",\"urlTemplate\":\"https:\/\/www.jiproequip.com\/?s={search_term_string}\"},\"query-input\":{\"@type\":\"PropertyValueSpecification\",\"valueRequired\":true,\"valueName\":\"search_term_string\"}}],\"inLanguage\":\"es\"},{\"@type\":\"Organization\",\"@id\":\"https:\/\/www.jiproequip.com\/#organization\",\"name\":\"Ji-proequip\",\"url\":\"https:\/\/www.jiproequip.com\/\",\"logo\":{\"@type\":\"ImageObject\",\"inLanguage\":\"es\",\"@id\":\"https:\/\/www.jiproequip.com\/#\/schema\/logo\/image\/\",\"url\":\"https:\/\/www.jiproequip.com\/wp-content\/uploads\/2025\/06\/LOGO-JIproequip-2025.png\",\"contentUrl\":\"https:\/\/www.jiproequip.com\/wp-content\/uploads\/2025\/06\/LOGO-JIproequip-2025.png\",\"width\":2433,\"height\":596,\"caption\":\"Ji-proequip\"},\"image\":{\"@id\":\"https:\/\/www.jiproequip.com\/#\/schema\/logo\/image\/\"}}]}<\/script>\n<!-- \/ Yoast SEO plugin. -->","yoast_head_json":{"title":"Equipo de pintura peque\u00f1o y portable a 3.300 PSI y 2 LPM - Ji-proequip","robots":{"index":"index","follow":"follow","max-snippet":"max-snippet:-1","max-image-preview":"max-image-preview:large","max-video-preview":"max-video-preview:-1"},"canonical":"https:\/\/www.jiproequip.com\/index.php\/producto\/equipo-de-pintura-pequeno-y-portable-a-3-300-psi-y-2-lpm\/","og_locale":"es_ES","og_type":"article","og_title":"Equipo de pintura peque\u00f1o y portable a 3.300 PSI y 2 LPM - Ji-proequip","og_description":"Equipo de pintura peque\u00f1o y portable a 3.300 PSI y 2\u00a0LPM Dise\u00f1ado para trabajar con base agua o solvente. Apto tambi\u00e9n para la aplicaci\u00f3n de l\u00e1tex, esmaltes, acr\u00edlicos, lacas y aceites entre otros. Con una velocidad de trabajo de 80-90 m\u00b2\/h este peque\u00f1o equipo es ideal para trabajos industriales de gran calidad en poco periodo [&hellip;]","og_url":"https:\/\/www.jiproequip.com\/index.php\/producto\/equipo-de-pintura-pequeno-y-portable-a-3-300-psi-y-2-lpm\/","og_site_name":"Ji-proequip","article_modified_time":"2023-09-27T02:34:37+00:00","og_image":[{"width":600,"height":600,"url":"https:\/\/www.jiproequip.com\/wp-content\/uploads\/2023\/09\/Equipo_pintura_pequeno_portable_Graco_columbec_B.png","type":"image\/png"}],"twitter_card":"summary_large_image","twitter_misc":{"Tiempo de lectura":"2 minutos"},"schema":{"@context":"https:\/\/schema.org","@graph":[{"@type":"WebPage","@id":"https:\/\/www.jiproequip.com\/index.php\/producto\/equipo-de-pintura-pequeno-y-portable-a-3-300-psi-y-2-lpm\/","url":"https:\/\/www.jiproequip.com\/index.php\/producto\/equipo-de-pintura-pequeno-y-portable-a-3-300-psi-y-2-lpm\/","name":"Equipo de pintura peque\u00f1o y portable a 3.300 PSI y 2 LPM - Ji-proequip","isPartOf":{"@id":"https:\/\/www.jiproequip.com\/#website"},"primaryImageOfPage":{"@id":"https:\/\/www.jiproequip.com\/index.php\/producto\/equipo-de-pintura-pequeno-y-portable-a-3-300-psi-y-2-lpm\/#primaryimage"},"image":{"@id":"https:\/\/www.jiproequip.com\/index.php\/producto\/equipo-de-pintura-pequeno-y-portable-a-3-300-psi-y-2-lpm\/#primaryimage"},"thumbnailUrl":"https:\/\/www.jiproequip.com\/wp-content\/uploads\/2023\/09\/Equipo_pintura_pequeno_portable_Graco_columbec_B.png","datePublished":"2023-09-27T02:34:27+00:00","dateModified":"2023-09-27T02:34:37+00:00","breadcrumb":{"@id":"https:\/\/www.jiproequip.com\/index.php\/producto\/equipo-de-pintura-pequeno-y-portable-a-3-300-psi-y-2-lpm\/#breadcrumb"},"inLanguage":"es","potentialAction":[{"@type":"ReadAction","target":["https:\/\/www.jiproequip.com\/index.php\/producto\/equipo-de-pintura-pequeno-y-portable-a-3-300-psi-y-2-lpm\/"]}]},{"@type":"ImageObject","inLanguage":"es","@id":"https:\/\/www.jiproequip.com\/index.php\/producto\/equipo-de-pintura-pequeno-y-portable-a-3-300-psi-y-2-lpm\/#primaryimage","url":"https:\/\/www.jiproequip.com\/wp-content\/uploads\/2023\/09\/Equipo_pintura_pequeno_portable_Graco_columbec_B.png","contentUrl":"https:\/\/www.jiproequip.com\/wp-content\/uploads\/2023\/09\/Equipo_pintura_pequeno_portable_Graco_columbec_B.png","width":600,"height":600},{"@type":"BreadcrumbList","@id":"https:\/\/www.jiproequip.com\/index.php\/producto\/equipo-de-pintura-pequeno-y-portable-a-3-300-psi-y-2-lpm\/#breadcrumb","itemListElement":[{"@type":"ListItem","position":1,"name":"Home","item":"https:\/\/www.jiproequip.com\/"},{"@type":"ListItem","position":2,"name":"Tienda","item":"https:\/\/www.jiproequip.com\/index.php\/tienda\/"},{"@type":"ListItem","position":3,"name":"Equipo de pintura peque\u00f1o y portable a 3.300 PSI y 2 LPM"}]},{"@type":"WebSite","@id":"https:\/\/www.jiproequip.com\/#website","url":"https:\/\/www.jiproequip.com\/","name":"Ji-proequip","description":"Venta de equipos industriales con servicio t\u00e9cnico especializado","publisher":{"@id":"https:\/\/www.jiproequip.com\/#organization"},"potentialAction":[{"@type":"SearchAction","target":{"@type":"EntryPoint","urlTemplate":"https:\/\/www.jiproequip.com\/?s={search_term_string}"},"query-input":{"@type":"PropertyValueSpecification","valueRequired":true,"valueName":"search_term_string"}}],"inLanguage":"es"},{"@type":"Organization","@id":"https:\/\/www.jiproequip.com\/#organization","name":"Ji-proequip","url":"https:\/\/www.jiproequip.com\/","logo":{"@type":"ImageObject","inLanguage":"es","@id":"https:\/\/www.jiproequip.com\/#\/schema\/logo\/image\/","url":"https:\/\/www.jiproequip.com\/wp-content\/uploads\/2025\/06\/LOGO-JIproequip-2025.png","contentUrl":"https:\/\/www.jiproequip.com\/wp-content\/uploads\/2025\/06\/LOGO-JIproequip-2025.png","width":2433,"height":596,"caption":"Ji-proequip"},"image":{"@id":"https:\/\/www.jiproequip.com\/#\/schema\/logo\/image\/"}}]}},"uagb_featured_image_src":{"full":["https:\/\/www.jiproequip.com\/wp-content\/uploads\/2023\/09\/Equipo_pintura_pequeno_portable_Graco_columbec_B.png",600,600,false],"thumbnail":["https:\/\/www.jiproequip.com\/wp-content\/uploads\/2023\/09\/Equipo_pintura_pequeno_portable_Graco_columbec_B.png",150,150,false],"medium":["https:\/\/www.jiproequip.com\/wp-content\/uploads\/2023\/09\/Equipo_pintura_pequeno_portable_Graco_columbec_B.png",300,300,false],"medium_large":["https:\/\/www.jiproequip.com\/wp-content\/uploads\/2023\/09\/Equipo_pintura_pequeno_portable_Graco_columbec_B.png",600,600,false],"large":["https:\/\/www.jiproequip.com\/wp-content\/uploads\/2023\/09\/Equipo_pintura_pequeno_portable_Graco_columbec_B.png",600,600,false],"1536x1536":["https:\/\/www.jiproequip.com\/wp-content\/uploads\/2023\/09\/Equipo_pintura_pequeno_portable_Graco_columbec_B.png",600,600,false],"2048x2048":["https:\/\/www.jiproequip.com\/wp-content\/uploads\/2023\/09\/Equipo_pintura_pequeno_portable_Graco_columbec_B.png",600,600,false],"mailpoet_newsletter_max":["https:\/\/www.jiproequip.com\/wp-content\/uploads\/2023\/09\/Equipo_pintura_pequeno_portable_Graco_columbec_B.png",600,600,false],"woocommerce_thumbnail":["https:\/\/www.jiproequip.com\/wp-content\/uploads\/2023\/09\/Equipo_pintura_pequeno_portable_Graco_columbec_B.png",300,300,false],"woocommerce_single":["https:\/\/www.jiproequip.com\/wp-content\/uploads\/2023\/09\/Equipo_pintura_pequeno_portable_Graco_columbec_B.png",600,600,false],"woocommerce_gallery_thumbnail":["https:\/\/www.jiproequip.com\/wp-content\/uploads\/2023\/09\/Equipo_pintura_pequeno_portable_Graco_columbec_B.png",100,100,false]},"uagb_author_info":{"display_name":"admin_jiproeq","author_link":"https:\/\/www.jiproequip.com\/index.php\/author\/"},"uagb_comment_info":0,"uagb_excerpt":"Equipo de pintura peque\u00f1o y portable a 3.300 PSI y 2\u00a0LPM Dise\u00f1ado para trabajar con base agua o solvente. Apto tambi\u00e9n para la aplicaci\u00f3n de l\u00e1tex, esmaltes, acr\u00edlicos, lacas y aceites entre otros. Con una velocidad de trabajo de 80-90 m\u00b2\/h este peque\u00f1o equipo es ideal para trabajos industriales de gran calidad en poco periodo&hellip;","jetpack_sharing_enabled":true,"_links":{"self":[{"href":"https:\/\/www.jiproequip.com\/index.php\/wp-json\/wp\/v2\/product\/1752","targetHints":{"allow":["GET"]}}],"collection":[{"href":"https:\/\/www.jiproequip.com\/index.php\/wp-json\/wp\/v2\/product"}],"about":[{"href":"https:\/\/www.jiproequip.com\/index.php\/wp-json\/wp\/v2\/types\/product"}],"replies":[{"embeddable":true,"href":"https:\/\/www.jiproequip.com\/index.php\/wp-json\/wp\/v2\/comments?post=1752"}],"wp:featuredmedia":[{"embeddable":true,"href":"https:\/\/www.jiproequip.com\/index.php\/wp-json\/wp\/v2\/media\/1754"}],"wp:attachment":[{"href":"https:\/\/www.jiproequip.com\/index.php\/wp-json\/wp\/v2\/media?parent=1752"}],"wp:term":[{"taxonomy":"product_brand","embeddable":true,"href":"https:\/\/www.jiproequip.com\/index.php\/wp-json\/wp\/v2\/product_brand?post=1752"},{"taxonomy":"product_cat","embeddable":true,"href":"https:\/\/www.jiproequip.com\/index.php\/wp-json\/wp\/v2\/product_cat?post=1752"},{"taxonomy":"product_tag","embeddable":true,"href":"https:\/\/www.jiproequip.com\/index.php\/wp-json\/wp\/v2\/product_tag?post=1752"}],"curies":[{"name":"wp","href":"https:\/\/api.w.org\/{rel}","templated":true}]}}