{"id":1798,"date":"2023-09-27T19:46:01","date_gmt":"2023-09-28T00:46:01","guid":{"rendered":"https:\/\/www.jiproequip.com\/?post_type=product&#038;p=1798"},"modified":"2023-09-27T19:50:14","modified_gmt":"2023-09-28T00:50:14","slug":"equipo-para-pulverizar-vapor-y-desintegrar-chicles-o-gomas-de-mascar","status":"publish","type":"product","link":"https:\/\/www.jiproequip.com\/index.php\/producto\/equipo-para-pulverizar-vapor-y-desintegrar-chicles-o-gomas-de-mascar\/","title":{"rendered":"Equipo para pulverizar vapor y desintegrar chicles o gomas de mascar"},"content":{"rendered":"<div class=\"wp-block-stackable-column stk-block-column stk-column stk-block stk-a42bbec\" data-v=\"4\" data-block-id=\"a42bbec\">\r\n<div class=\"stk-column-wrapper stk-block-column__content stk-container stk-a42bbec-container stk--no-background stk--no-padding\">\r\n<div class=\"stk-block-content stk-inner-blocks stk-a42bbec-inner-blocks\"><div class=\"wp-block-stackable-carousel stk-block-carousel stk--is-slide stk--arrows-justify-space-between stk--arrows-align-center stk-block stk-6d5b6f7\" data-slides-to-show=\"\" data-block-id=\"6d5b6f7\">\r\n<div class=\"stk-block-carousel__content-wrapper\">\r\n<div class=\"stk-row stk-inner-blocks stk-block-content stk-block-carousel__slider-wrapper stk-content-align stk-6d5b6f7-column\">\r\n<div class=\"stk-block-carousel__slider\" role=\"list\" data-autoplay=\"4000\" data-label-slide-of=\"Slide %%d of %%d\"><div class=\"wp-block-stackable-column stk-block-column stk-column stk-block stk-5a69e44\" data-v=\"4\" data-block-id=\"5a69e44\">\r\n<div class=\"stk-column-wrapper stk-block-column__content stk-container stk-5a69e44-container stk--no-background stk--no-padding\">\r\n<div class=\"stk-block-content stk-inner-blocks stk-5a69e44-inner-blocks\"><div class=\"wp-block-stackable-image stk-block-image stk-block stk-64219fc\" data-block-id=\"64219fc\">\r\n<figure class=\"stk-img-wrapper stk-image--shape-stretch\"><img loading=\"lazy\" decoding=\"async\" class=\"stk-img        alignnone wp-image-1801 size-full\" src=\"http:\/\/https:\/\/www.jiproequip.com\/wp-content\/uploads\/2023\/09\/Equipo_volatizacion_sublimacion_gomas_mascar_mediante_vapor_Cristanini_Columbec_B.png\" alt=\"\" width=\"424\" height=\"234\" \/><\/figure>\r\n<\/div><\/div>\r\n<\/div>\r\n<\/div><\/div>\r\n<\/div>\r\n<\/div>\r\n<\/div><\/div>\r\n<\/div>\r\n<\/div><div class=\"wp-block-stackable-column stk-block-column stk-column stk-block stk-776f52c\" data-v=\"4\" data-block-id=\"776f52c\">\r\n<div class=\"stk-column-wrapper stk-block-column__content stk-container stk-776f52c-container stk--no-background stk--no-padding\">\r\n<div class=\"stk-block-content stk-inner-blocks stk-776f52c-inner-blocks\"><div id=\"unidad-trifasica-de-lavado-de-alta-presion-de-agua-fria-a-2175-p-s-i\" class=\"wp-block-stackable-heading stk-block-heading stk-block-heading--v2 stk-block stk-6ead452 stk-block-background\" data-block-id=\"6ead452\">\r\n<div class=\"pl_i2t\">\r\n<div class=\"pl_i2t\">\r\n<h2>Equipo para pulverizar vapor y desintegrar chicles o gomas de mascar<\/h2>\r\n<\/div>\r\n<\/div>\r\nSistema para limpiar y descontaminar los residuos ocasionados por goma de mascar o \u201cchicle\u201d de pisos, aceras, v\u00edas, calles o cualquier superficie aplicando la dosis indicada de vapor.<br \/>\r\n<p>En el recorrer por la descontaminaci\u00f3n de monumentos en los distintos puntos de inter\u00e9s encontramos que parte del paisaje urbano sobre el cual ya no prestamos atenci\u00f3n son manchas sobre el piso, muchas veces de colores y la mayor\u00eda de ellas color negro y nos percatamos de que ya son parte de nuestra vida pues nadie excepto que sea nueva (\u201cchicle Fresco\u201d) se preocupa de ellas. Son una fuente de contaminaci\u00f3n realmente asombrosa.<\/p>\r\n<p>Originalmente obtenido del \u00e1rbol ACHRAS ZAPOTA y con el nombre con que los mayas conoc\u00edan esta goma fue \u201csicte\u201d, que significa sangre o fluido vital. Su uso se extendi\u00f3 en tiempo y en espacio, de manera que llega a los Aztecas con el nombre de \u201ctzictli\u201d<br \/>Un trozo de chicle mascado necesita 5 a\u00f1os para degradar, por acci\u00f3n del ox\u00edgeno. El chicle es una mezcla de gomas de resinas naturales, sint\u00e9ticas, az\u00facar, aromatizante y colorante. La tecnolog\u00eda alcanz\u00f3 al producto natural y el acetato de polivinilo (aunque tambi\u00e9n el poliisobutileno, el polietileno, el poli estireno y otras gomas que se obtienen mediante procesos similares a los que se usan para producir pl\u00e1sticos) dio lugar a la \u201cgoma de mascar\u201d<\/p>\r\n<p>Los m\u00e9todos tradicionales de eliminar han sido en primer caso la esp\u00e1tula que no elimina ni az\u00facar, ni restos bacterianos, ni encimas de la boca, el chorro de agua, que aunque los elimina de su posici\u00f3n actual no hace m\u00e1s que mover el problema a otro lado.<\/p>\r\n<p>Planteamos una soluci\u00f3n que es acelerar su proceso de degradaci\u00f3n para lo cual aplicamos un chorro de vapor con maquina funcionando con termostato a 180\u00b0C durante 3-5 segundos<\/p>\r\n<p>Esta una aplicaci\u00f3n m\u00e1s de nuestro equipo a estas condiciones de trabajo los azucares, bacterias, encimas y dem\u00e1s se volatilizan es decir subliman eliminando el producto del suelo y su contaminaci\u00f3n. Hasta hoy han existido equipos similares de baja velocidad con tiempos de aplicaci\u00f3n de aproximadamente 1 minuto por chicle nosotros normalmente consideramos hacer 1 m2 en 1 minuto de tiempo, con presencia de cerca 10 chicles por cada 1 m2.<\/p>\r\n<\/div>\r\n<\/div>\r\n<\/div>\r\n<\/div>","protected":false},"excerpt":{"rendered":"<p>Equipo para pulverizar vapor y desintegrar chicles o gomas de mascar Sistema para limpiar y descontaminar los residuos ocasionados por goma de mascar o \u201cchicle\u201d de pisos, aceras, v\u00edas, calles o cualquier superficie aplicando la dosis indicada de vapor. En el recorrer por la descontaminaci\u00f3n de monumentos en los distintos puntos de inter\u00e9s encontramos que [&hellip;]<\/p>\n","protected":false},"featured_media":1801,"comment_status":"open","ping_status":"closed","template":"","meta":{"_uag_custom_page_level_css":""},"product_brand":[],"product_cat":[21],"product_tag":[],"class_list":{"0":"post-1798","1":"product","2":"type-product","3":"status-publish","4":"has-post-thumbnail","6":"product_cat-hidrolavadoras","8":"first","9":"instock","10":"shipping-taxable","11":"product-type-simple"},"yoast_head":"<!-- This site is optimized with the Yoast SEO plugin v25.2 - https:\/\/yoast.com\/wordpress\/plugins\/seo\/ -->\n<title>Equipo para pulverizar vapor y desintegrar chicles o gomas de mascar - Ji-proequip<\/title>\n<meta name=\"robots\" content=\"index, follow, max-snippet:-1, max-image-preview:large, max-video-preview:-1\" \/>\n<link rel=\"canonical\" href=\"https:\/\/www.jiproequip.com\/index.php\/producto\/equipo-para-pulverizar-vapor-y-desintegrar-chicles-o-gomas-de-mascar\/\" \/>\n<meta property=\"og:locale\" content=\"es_ES\" \/>\n<meta property=\"og:type\" content=\"article\" \/>\n<meta property=\"og:title\" content=\"Equipo para pulverizar vapor y desintegrar chicles o gomas de mascar - Ji-proequip\" \/>\n<meta property=\"og:description\" content=\"Equipo para pulverizar vapor y desintegrar chicles o gomas de mascar Sistema para limpiar y descontaminar los residuos ocasionados por goma de mascar o \u201cchicle\u201d de pisos, aceras, v\u00edas, calles o cualquier superficie aplicando la dosis indicada de vapor. En el recorrer por la descontaminaci\u00f3n de monumentos en los distintos puntos de inter\u00e9s encontramos que [&hellip;]\" \/>\n<meta property=\"og:url\" content=\"https:\/\/www.jiproequip.com\/index.php\/producto\/equipo-para-pulverizar-vapor-y-desintegrar-chicles-o-gomas-de-mascar\/\" \/>\n<meta property=\"og:site_name\" content=\"Ji-proequip\" \/>\n<meta property=\"article:modified_time\" content=\"2023-09-28T00:50:14+00:00\" \/>\n<meta property=\"og:image\" content=\"https:\/\/www.jiproequip.com\/wp-content\/uploads\/2023\/09\/Equipo_volatizacion_sublimacion_gomas_mascar_mediante_vapor_Cristanini_Columbec_B.png\" \/>\n\t<meta property=\"og:image:width\" content=\"424\" \/>\n\t<meta property=\"og:image:height\" content=\"234\" \/>\n\t<meta property=\"og:image:type\" content=\"image\/png\" \/>\n<meta name=\"twitter:card\" content=\"summary_large_image\" \/>\n<meta name=\"twitter:label1\" content=\"Tiempo de lectura\" \/>\n\t<meta name=\"twitter:data1\" content=\"2 minutos\" \/>\n<script type=\"application\/ld+json\" class=\"yoast-schema-graph\">{\"@context\":\"https:\/\/schema.org\",\"@graph\":[{\"@type\":\"WebPage\",\"@id\":\"https:\/\/www.jiproequip.com\/index.php\/producto\/equipo-para-pulverizar-vapor-y-desintegrar-chicles-o-gomas-de-mascar\/\",\"url\":\"https:\/\/www.jiproequip.com\/index.php\/producto\/equipo-para-pulverizar-vapor-y-desintegrar-chicles-o-gomas-de-mascar\/\",\"name\":\"Equipo para pulverizar vapor y desintegrar chicles o gomas de mascar - Ji-proequip\",\"isPartOf\":{\"@id\":\"https:\/\/www.jiproequip.com\/#website\"},\"primaryImageOfPage\":{\"@id\":\"https:\/\/www.jiproequip.com\/index.php\/producto\/equipo-para-pulverizar-vapor-y-desintegrar-chicles-o-gomas-de-mascar\/#primaryimage\"},\"image\":{\"@id\":\"https:\/\/www.jiproequip.com\/index.php\/producto\/equipo-para-pulverizar-vapor-y-desintegrar-chicles-o-gomas-de-mascar\/#primaryimage\"},\"thumbnailUrl\":\"https:\/\/www.jiproequip.com\/wp-content\/uploads\/2023\/09\/Equipo_volatizacion_sublimacion_gomas_mascar_mediante_vapor_Cristanini_Columbec_B.png\",\"datePublished\":\"2023-09-28T00:46:01+00:00\",\"dateModified\":\"2023-09-28T00:50:14+00:00\",\"breadcrumb\":{\"@id\":\"https:\/\/www.jiproequip.com\/index.php\/producto\/equipo-para-pulverizar-vapor-y-desintegrar-chicles-o-gomas-de-mascar\/#breadcrumb\"},\"inLanguage\":\"es\",\"potentialAction\":[{\"@type\":\"ReadAction\",\"target\":[\"https:\/\/www.jiproequip.com\/index.php\/producto\/equipo-para-pulverizar-vapor-y-desintegrar-chicles-o-gomas-de-mascar\/\"]}]},{\"@type\":\"ImageObject\",\"inLanguage\":\"es\",\"@id\":\"https:\/\/www.jiproequip.com\/index.php\/producto\/equipo-para-pulverizar-vapor-y-desintegrar-chicles-o-gomas-de-mascar\/#primaryimage\",\"url\":\"https:\/\/www.jiproequip.com\/wp-content\/uploads\/2023\/09\/Equipo_volatizacion_sublimacion_gomas_mascar_mediante_vapor_Cristanini_Columbec_B.png\",\"contentUrl\":\"https:\/\/www.jiproequip.com\/wp-content\/uploads\/2023\/09\/Equipo_volatizacion_sublimacion_gomas_mascar_mediante_vapor_Cristanini_Columbec_B.png\",\"width\":424,\"height\":234},{\"@type\":\"BreadcrumbList\",\"@id\":\"https:\/\/www.jiproequip.com\/index.php\/producto\/equipo-para-pulverizar-vapor-y-desintegrar-chicles-o-gomas-de-mascar\/#breadcrumb\",\"itemListElement\":[{\"@type\":\"ListItem\",\"position\":1,\"name\":\"Home\",\"item\":\"https:\/\/www.jiproequip.com\/\"},{\"@type\":\"ListItem\",\"position\":2,\"name\":\"Tienda\",\"item\":\"https:\/\/www.jiproequip.com\/index.php\/tienda\/\"},{\"@type\":\"ListItem\",\"position\":3,\"name\":\"Equipo para pulverizar vapor y desintegrar chicles o gomas de mascar\"}]},{\"@type\":\"WebSite\",\"@id\":\"https:\/\/www.jiproequip.com\/#website\",\"url\":\"https:\/\/www.jiproequip.com\/\",\"name\":\"Ji-proequip\",\"description\":\"Venta de equipos industriales con servicio t\u00e9cnico especializado\",\"publisher\":{\"@id\":\"https:\/\/www.jiproequip.com\/#organization\"},\"potentialAction\":[{\"@type\":\"SearchAction\",\"target\":{\"@type\":\"EntryPoint\",\"urlTemplate\":\"https:\/\/www.jiproequip.com\/?s={search_term_string}\"},\"query-input\":{\"@type\":\"PropertyValueSpecification\",\"valueRequired\":true,\"valueName\":\"search_term_string\"}}],\"inLanguage\":\"es\"},{\"@type\":\"Organization\",\"@id\":\"https:\/\/www.jiproequip.com\/#organization\",\"name\":\"Ji-proequip\",\"url\":\"https:\/\/www.jiproequip.com\/\",\"logo\":{\"@type\":\"ImageObject\",\"inLanguage\":\"es\",\"@id\":\"https:\/\/www.jiproequip.com\/#\/schema\/logo\/image\/\",\"url\":\"https:\/\/www.jiproequip.com\/wp-content\/uploads\/2025\/06\/LOGO-JIproequip-2025.png\",\"contentUrl\":\"https:\/\/www.jiproequip.com\/wp-content\/uploads\/2025\/06\/LOGO-JIproequip-2025.png\",\"width\":2433,\"height\":596,\"caption\":\"Ji-proequip\"},\"image\":{\"@id\":\"https:\/\/www.jiproequip.com\/#\/schema\/logo\/image\/\"}}]}<\/script>\n<!-- \/ Yoast SEO plugin. -->","yoast_head_json":{"title":"Equipo para pulverizar vapor y desintegrar chicles o gomas de mascar - Ji-proequip","robots":{"index":"index","follow":"follow","max-snippet":"max-snippet:-1","max-image-preview":"max-image-preview:large","max-video-preview":"max-video-preview:-1"},"canonical":"https:\/\/www.jiproequip.com\/index.php\/producto\/equipo-para-pulverizar-vapor-y-desintegrar-chicles-o-gomas-de-mascar\/","og_locale":"es_ES","og_type":"article","og_title":"Equipo para pulverizar vapor y desintegrar chicles o gomas de mascar - Ji-proequip","og_description":"Equipo para pulverizar vapor y desintegrar chicles o gomas de mascar Sistema para limpiar y descontaminar los residuos ocasionados por goma de mascar o \u201cchicle\u201d de pisos, aceras, v\u00edas, calles o cualquier superficie aplicando la dosis indicada de vapor. En el recorrer por la descontaminaci\u00f3n de monumentos en los distintos puntos de inter\u00e9s encontramos que [&hellip;]","og_url":"https:\/\/www.jiproequip.com\/index.php\/producto\/equipo-para-pulverizar-vapor-y-desintegrar-chicles-o-gomas-de-mascar\/","og_site_name":"Ji-proequip","article_modified_time":"2023-09-28T00:50:14+00:00","og_image":[{"width":424,"height":234,"url":"https:\/\/www.jiproequip.com\/wp-content\/uploads\/2023\/09\/Equipo_volatizacion_sublimacion_gomas_mascar_mediante_vapor_Cristanini_Columbec_B.png","type":"image\/png"}],"twitter_card":"summary_large_image","twitter_misc":{"Tiempo de lectura":"2 minutos"},"schema":{"@context":"https:\/\/schema.org","@graph":[{"@type":"WebPage","@id":"https:\/\/www.jiproequip.com\/index.php\/producto\/equipo-para-pulverizar-vapor-y-desintegrar-chicles-o-gomas-de-mascar\/","url":"https:\/\/www.jiproequip.com\/index.php\/producto\/equipo-para-pulverizar-vapor-y-desintegrar-chicles-o-gomas-de-mascar\/","name":"Equipo para pulverizar vapor y desintegrar chicles o gomas de mascar - Ji-proequip","isPartOf":{"@id":"https:\/\/www.jiproequip.com\/#website"},"primaryImageOfPage":{"@id":"https:\/\/www.jiproequip.com\/index.php\/producto\/equipo-para-pulverizar-vapor-y-desintegrar-chicles-o-gomas-de-mascar\/#primaryimage"},"image":{"@id":"https:\/\/www.jiproequip.com\/index.php\/producto\/equipo-para-pulverizar-vapor-y-desintegrar-chicles-o-gomas-de-mascar\/#primaryimage"},"thumbnailUrl":"https:\/\/www.jiproequip.com\/wp-content\/uploads\/2023\/09\/Equipo_volatizacion_sublimacion_gomas_mascar_mediante_vapor_Cristanini_Columbec_B.png","datePublished":"2023-09-28T00:46:01+00:00","dateModified":"2023-09-28T00:50:14+00:00","breadcrumb":{"@id":"https:\/\/www.jiproequip.com\/index.php\/producto\/equipo-para-pulverizar-vapor-y-desintegrar-chicles-o-gomas-de-mascar\/#breadcrumb"},"inLanguage":"es","potentialAction":[{"@type":"ReadAction","target":["https:\/\/www.jiproequip.com\/index.php\/producto\/equipo-para-pulverizar-vapor-y-desintegrar-chicles-o-gomas-de-mascar\/"]}]},{"@type":"ImageObject","inLanguage":"es","@id":"https:\/\/www.jiproequip.com\/index.php\/producto\/equipo-para-pulverizar-vapor-y-desintegrar-chicles-o-gomas-de-mascar\/#primaryimage","url":"https:\/\/www.jiproequip.com\/wp-content\/uploads\/2023\/09\/Equipo_volatizacion_sublimacion_gomas_mascar_mediante_vapor_Cristanini_Columbec_B.png","contentUrl":"https:\/\/www.jiproequip.com\/wp-content\/uploads\/2023\/09\/Equipo_volatizacion_sublimacion_gomas_mascar_mediante_vapor_Cristanini_Columbec_B.png","width":424,"height":234},{"@type":"BreadcrumbList","@id":"https:\/\/www.jiproequip.com\/index.php\/producto\/equipo-para-pulverizar-vapor-y-desintegrar-chicles-o-gomas-de-mascar\/#breadcrumb","itemListElement":[{"@type":"ListItem","position":1,"name":"Home","item":"https:\/\/www.jiproequip.com\/"},{"@type":"ListItem","position":2,"name":"Tienda","item":"https:\/\/www.jiproequip.com\/index.php\/tienda\/"},{"@type":"ListItem","position":3,"name":"Equipo para pulverizar vapor y desintegrar chicles o gomas de mascar"}]},{"@type":"WebSite","@id":"https:\/\/www.jiproequip.com\/#website","url":"https:\/\/www.jiproequip.com\/","name":"Ji-proequip","description":"Venta de equipos industriales con servicio t\u00e9cnico especializado","publisher":{"@id":"https:\/\/www.jiproequip.com\/#organization"},"potentialAction":[{"@type":"SearchAction","target":{"@type":"EntryPoint","urlTemplate":"https:\/\/www.jiproequip.com\/?s={search_term_string}"},"query-input":{"@type":"PropertyValueSpecification","valueRequired":true,"valueName":"search_term_string"}}],"inLanguage":"es"},{"@type":"Organization","@id":"https:\/\/www.jiproequip.com\/#organization","name":"Ji-proequip","url":"https:\/\/www.jiproequip.com\/","logo":{"@type":"ImageObject","inLanguage":"es","@id":"https:\/\/www.jiproequip.com\/#\/schema\/logo\/image\/","url":"https:\/\/www.jiproequip.com\/wp-content\/uploads\/2025\/06\/LOGO-JIproequip-2025.png","contentUrl":"https:\/\/www.jiproequip.com\/wp-content\/uploads\/2025\/06\/LOGO-JIproequip-2025.png","width":2433,"height":596,"caption":"Ji-proequip"},"image":{"@id":"https:\/\/www.jiproequip.com\/#\/schema\/logo\/image\/"}}]}},"uagb_featured_image_src":{"full":["https:\/\/www.jiproequip.com\/wp-content\/uploads\/2023\/09\/Equipo_volatizacion_sublimacion_gomas_mascar_mediante_vapor_Cristanini_Columbec_B.png",424,234,false],"thumbnail":["https:\/\/www.jiproequip.com\/wp-content\/uploads\/2023\/09\/Equipo_volatizacion_sublimacion_gomas_mascar_mediante_vapor_Cristanini_Columbec_B.png",150,83,false],"medium":["https:\/\/www.jiproequip.com\/wp-content\/uploads\/2023\/09\/Equipo_volatizacion_sublimacion_gomas_mascar_mediante_vapor_Cristanini_Columbec_B.png",300,166,false],"medium_large":["https:\/\/www.jiproequip.com\/wp-content\/uploads\/2023\/09\/Equipo_volatizacion_sublimacion_gomas_mascar_mediante_vapor_Cristanini_Columbec_B.png",424,234,false],"large":["https:\/\/www.jiproequip.com\/wp-content\/uploads\/2023\/09\/Equipo_volatizacion_sublimacion_gomas_mascar_mediante_vapor_Cristanini_Columbec_B.png",424,234,false],"1536x1536":["https:\/\/www.jiproequip.com\/wp-content\/uploads\/2023\/09\/Equipo_volatizacion_sublimacion_gomas_mascar_mediante_vapor_Cristanini_Columbec_B.png",424,234,false],"2048x2048":["https:\/\/www.jiproequip.com\/wp-content\/uploads\/2023\/09\/Equipo_volatizacion_sublimacion_gomas_mascar_mediante_vapor_Cristanini_Columbec_B.png",424,234,false],"mailpoet_newsletter_max":["https:\/\/www.jiproequip.com\/wp-content\/uploads\/2023\/09\/Equipo_volatizacion_sublimacion_gomas_mascar_mediante_vapor_Cristanini_Columbec_B.png",424,234,false],"woocommerce_thumbnail":["https:\/\/www.jiproequip.com\/wp-content\/uploads\/2023\/09\/Equipo_volatizacion_sublimacion_gomas_mascar_mediante_vapor_Cristanini_Columbec_B.png",300,166,false],"woocommerce_single":["https:\/\/www.jiproequip.com\/wp-content\/uploads\/2023\/09\/Equipo_volatizacion_sublimacion_gomas_mascar_mediante_vapor_Cristanini_Columbec_B.png",424,234,false],"woocommerce_gallery_thumbnail":["https:\/\/www.jiproequip.com\/wp-content\/uploads\/2023\/09\/Equipo_volatizacion_sublimacion_gomas_mascar_mediante_vapor_Cristanini_Columbec_B-100x100.png",100,100,true]},"uagb_author_info":{"display_name":"admin_jiproeq","author_link":"https:\/\/www.jiproequip.com\/index.php\/author\/"},"uagb_comment_info":0,"uagb_excerpt":"Equipo para pulverizar vapor y desintegrar chicles o gomas de mascar Sistema para limpiar y descontaminar los residuos ocasionados por goma de mascar o \u201cchicle\u201d de pisos, aceras, v\u00edas, calles o cualquier superficie aplicando la dosis indicada de vapor. En el recorrer por la descontaminaci\u00f3n de monumentos en los distintos puntos de inter\u00e9s encontramos que&hellip;","jetpack_sharing_enabled":true,"_links":{"self":[{"href":"https:\/\/www.jiproequip.com\/index.php\/wp-json\/wp\/v2\/product\/1798","targetHints":{"allow":["GET"]}}],"collection":[{"href":"https:\/\/www.jiproequip.com\/index.php\/wp-json\/wp\/v2\/product"}],"about":[{"href":"https:\/\/www.jiproequip.com\/index.php\/wp-json\/wp\/v2\/types\/product"}],"replies":[{"embeddable":true,"href":"https:\/\/www.jiproequip.com\/index.php\/wp-json\/wp\/v2\/comments?post=1798"}],"wp:featuredmedia":[{"embeddable":true,"href":"https:\/\/www.jiproequip.com\/index.php\/wp-json\/wp\/v2\/media\/1801"}],"wp:attachment":[{"href":"https:\/\/www.jiproequip.com\/index.php\/wp-json\/wp\/v2\/media?parent=1798"}],"wp:term":[{"taxonomy":"product_brand","embeddable":true,"href":"https:\/\/www.jiproequip.com\/index.php\/wp-json\/wp\/v2\/product_brand?post=1798"},{"taxonomy":"product_cat","embeddable":true,"href":"https:\/\/www.jiproequip.com\/index.php\/wp-json\/wp\/v2\/product_cat?post=1798"},{"taxonomy":"product_tag","embeddable":true,"href":"https:\/\/www.jiproequip.com\/index.php\/wp-json\/wp\/v2\/product_tag?post=1798"}],"curies":[{"name":"wp","href":"https:\/\/api.w.org\/{rel}","templated":true}]}}