{"id":1804,"date":"2023-09-27T19:57:54","date_gmt":"2023-09-28T00:57:54","guid":{"rendered":"https:\/\/www.jiproequip.com\/?post_type=product&#038;p=1804"},"modified":"2023-09-27T20:05:36","modified_gmt":"2023-09-28T01:05:36","slug":"boquillas-rotatorias-para-hidrolavado-limpieza-con-agua-a-presion","status":"publish","type":"product","link":"https:\/\/www.jiproequip.com\/index.php\/producto\/boquillas-rotatorias-para-hidrolavado-limpieza-con-agua-a-presion\/","title":{"rendered":"Boquillas rotatorias para hidrolavado, limpieza con agua a presi\u00f3n"},"content":{"rendered":"<div class=\"wp-block-stackable-column stk-block-column stk-column stk-block stk-a42bbec\" data-v=\"4\" data-block-id=\"a42bbec\">\r\n<div class=\"stk-column-wrapper stk-block-column__content stk-container stk-a42bbec-container stk--no-background stk--no-padding\">\r\n<div class=\"stk-block-content stk-inner-blocks stk-a42bbec-inner-blocks\"><div class=\"wp-block-stackable-carousel stk-block-carousel stk--is-slide stk--arrows-justify-space-between stk--arrows-align-center stk-block stk-6d5b6f7\" data-slides-to-show=\"\" data-block-id=\"6d5b6f7\">\r\n<div class=\"stk-block-carousel__content-wrapper\">\r\n<div class=\"stk-row stk-inner-blocks stk-block-content stk-block-carousel__slider-wrapper stk-content-align stk-6d5b6f7-column\">\r\n<div class=\"stk-block-carousel__slider\" role=\"list\" data-autoplay=\"4000\" data-label-slide-of=\"Slide %%d of %%d\"><div class=\"wp-block-stackable-column stk-block-column stk-column stk-block stk-5a69e44\" data-v=\"4\" data-block-id=\"5a69e44\">\r\n<div class=\"stk-column-wrapper stk-block-column__content stk-container stk-5a69e44-container stk--no-background stk--no-padding\">\r\n<div class=\"stk-block-content stk-inner-blocks stk-5a69e44-inner-blocks\"><div class=\"wp-block-stackable-image stk-block-image stk-block stk-64219fc\" data-block-id=\"64219fc\">\r\n<figure class=\"stk-img-wrapper stk-image--shape-stretch\"><img loading=\"lazy\" decoding=\"async\" class=\"stk-img        alignnone wp-image-1805 size-full\" src=\"http:\/\/https:\/\/www.jiproequip.com\/wp-content\/uploads\/2023\/09\/Boquillas_rotatorias_hidrolavado_limpieza_agua_presion_NLB_Columbec_B.png\" alt=\"\" width=\"313\" height=\"315\" \/><\/figure>\r\n<\/div><\/div>\r\n<\/div>\r\n<\/div><\/div>\r\n<\/div>\r\n<\/div>\r\n<\/div><\/div>\r\n<\/div>\r\n<\/div><div class=\"wp-block-stackable-column stk-block-column stk-column stk-block stk-776f52c\" data-v=\"4\" data-block-id=\"776f52c\">\r\n<div class=\"stk-column-wrapper stk-block-column__content stk-container stk-776f52c-container stk--no-background stk--no-padding\">\r\n<div class=\"stk-block-content stk-inner-blocks stk-776f52c-inner-blocks\"><div id=\"unidad-trifasica-de-lavado-de-alta-presion-de-agua-fria-a-2175-p-s-i\" class=\"wp-block-stackable-heading stk-block-heading stk-block-heading--v2 stk-block stk-6ead452 stk-block-background\" data-block-id=\"6ead452\">\r\n<div class=\"pl_i2t\">\r\n<div class=\"pl_i2t\">\r\n<div class=\"pl_i2t\">\r\n<h2>Boquillas rotatorias para hidrolavado, limpieza con agua a presi\u00f3n<\/h2>\r\n<\/div>\r\n<\/div>\r\n<\/div>\r\nBoquillas ideales para limpieza de tuber\u00edas con auto-rotaci\u00f3n que maximiza el poder de limpieza con mejoras de dise\u00f1o importantes. La acci\u00f3n de rotaci\u00f3n proviene de la boquilla en lugar del ca\u00f1\u00f3n, que hace concentrar la fuerza del agua a presi\u00f3n.<\/div>\r\n<div data-block-id=\"6ead452\">\r\n<div class=\"arprH0\">\r\n<p>Las boquillas est\u00e1n recubiertas con nitruro de titanio para una larga vida y vienen en una variedad de tama\u00f1os y modelos para adaptarse a las necesidades del usuario, como boquillas para pulir las paredes del tubo.<\/p>\r\n<\/div>\r\n<\/div>\r\n<\/div>\r\n<\/div>\r\n<\/div>","protected":false},"excerpt":{"rendered":"<p>Boquillas rotatorias para hidrolavado, limpieza con agua a presi\u00f3n Boquillas ideales para limpieza de tuber\u00edas con auto-rotaci\u00f3n que maximiza el poder de limpieza con mejoras de dise\u00f1o importantes. La acci\u00f3n de rotaci\u00f3n proviene de la boquilla en lugar del ca\u00f1\u00f3n, que hace concentrar la fuerza del agua a presi\u00f3n. Las boquillas est\u00e1n recubiertas con nitruro [&hellip;]<\/p>\n","protected":false},"featured_media":1805,"comment_status":"open","ping_status":"closed","template":"","meta":{"_uag_custom_page_level_css":""},"product_brand":[],"product_cat":[39,21],"product_tag":[],"class_list":{"0":"post-1804","1":"product","2":"type-product","3":"status-publish","4":"has-post-thumbnail","6":"product_cat-boquillas-hidrolavado","7":"product_cat-hidrolavadoras","9":"first","10":"instock","11":"shipping-taxable","12":"product-type-simple"},"yoast_head":"<!-- This site is optimized with the Yoast SEO plugin v25.2 - https:\/\/yoast.com\/wordpress\/plugins\/seo\/ -->\n<title>Boquillas rotatorias para hidrolavado, limpieza con agua a presi\u00f3n - Ji-proequip<\/title>\n<meta name=\"robots\" content=\"index, follow, max-snippet:-1, max-image-preview:large, max-video-preview:-1\" \/>\n<link rel=\"canonical\" href=\"https:\/\/www.jiproequip.com\/index.php\/producto\/boquillas-rotatorias-para-hidrolavado-limpieza-con-agua-a-presion\/\" \/>\n<meta property=\"og:locale\" content=\"es_ES\" \/>\n<meta property=\"og:type\" content=\"article\" \/>\n<meta property=\"og:title\" content=\"Boquillas rotatorias para hidrolavado, limpieza con agua a presi\u00f3n - Ji-proequip\" \/>\n<meta property=\"og:description\" content=\"Boquillas rotatorias para hidrolavado, limpieza con agua a presi\u00f3n Boquillas ideales para limpieza de tuber\u00edas con auto-rotaci\u00f3n que maximiza el poder de limpieza con mejoras de dise\u00f1o importantes. La acci\u00f3n de rotaci\u00f3n proviene de la boquilla en lugar del ca\u00f1\u00f3n, que hace concentrar la fuerza del agua a presi\u00f3n. Las boquillas est\u00e1n recubiertas con nitruro [&hellip;]\" \/>\n<meta property=\"og:url\" content=\"https:\/\/www.jiproequip.com\/index.php\/producto\/boquillas-rotatorias-para-hidrolavado-limpieza-con-agua-a-presion\/\" \/>\n<meta property=\"og:site_name\" content=\"Ji-proequip\" \/>\n<meta property=\"article:modified_time\" content=\"2023-09-28T01:05:36+00:00\" \/>\n<meta property=\"og:image\" content=\"https:\/\/www.jiproequip.com\/wp-content\/uploads\/2023\/09\/Boquillas_rotatorias_hidrolavado_limpieza_agua_presion_NLB_Columbec_B.png\" \/>\n\t<meta property=\"og:image:width\" content=\"313\" \/>\n\t<meta property=\"og:image:height\" content=\"315\" \/>\n\t<meta property=\"og:image:type\" content=\"image\/png\" \/>\n<meta name=\"twitter:card\" content=\"summary_large_image\" \/>\n<meta name=\"twitter:label1\" content=\"Tiempo de lectura\" \/>\n\t<meta name=\"twitter:data1\" content=\"1 minuto\" \/>\n<script type=\"application\/ld+json\" class=\"yoast-schema-graph\">{\"@context\":\"https:\/\/schema.org\",\"@graph\":[{\"@type\":\"WebPage\",\"@id\":\"https:\/\/www.jiproequip.com\/index.php\/producto\/boquillas-rotatorias-para-hidrolavado-limpieza-con-agua-a-presion\/\",\"url\":\"https:\/\/www.jiproequip.com\/index.php\/producto\/boquillas-rotatorias-para-hidrolavado-limpieza-con-agua-a-presion\/\",\"name\":\"Boquillas rotatorias para hidrolavado, limpieza con agua a presi\u00f3n - Ji-proequip\",\"isPartOf\":{\"@id\":\"https:\/\/www.jiproequip.com\/#website\"},\"primaryImageOfPage\":{\"@id\":\"https:\/\/www.jiproequip.com\/index.php\/producto\/boquillas-rotatorias-para-hidrolavado-limpieza-con-agua-a-presion\/#primaryimage\"},\"image\":{\"@id\":\"https:\/\/www.jiproequip.com\/index.php\/producto\/boquillas-rotatorias-para-hidrolavado-limpieza-con-agua-a-presion\/#primaryimage\"},\"thumbnailUrl\":\"https:\/\/www.jiproequip.com\/wp-content\/uploads\/2023\/09\/Boquillas_rotatorias_hidrolavado_limpieza_agua_presion_NLB_Columbec_B.png\",\"datePublished\":\"2023-09-28T00:57:54+00:00\",\"dateModified\":\"2023-09-28T01:05:36+00:00\",\"breadcrumb\":{\"@id\":\"https:\/\/www.jiproequip.com\/index.php\/producto\/boquillas-rotatorias-para-hidrolavado-limpieza-con-agua-a-presion\/#breadcrumb\"},\"inLanguage\":\"es\",\"potentialAction\":[{\"@type\":\"ReadAction\",\"target\":[\"https:\/\/www.jiproequip.com\/index.php\/producto\/boquillas-rotatorias-para-hidrolavado-limpieza-con-agua-a-presion\/\"]}]},{\"@type\":\"ImageObject\",\"inLanguage\":\"es\",\"@id\":\"https:\/\/www.jiproequip.com\/index.php\/producto\/boquillas-rotatorias-para-hidrolavado-limpieza-con-agua-a-presion\/#primaryimage\",\"url\":\"https:\/\/www.jiproequip.com\/wp-content\/uploads\/2023\/09\/Boquillas_rotatorias_hidrolavado_limpieza_agua_presion_NLB_Columbec_B.png\",\"contentUrl\":\"https:\/\/www.jiproequip.com\/wp-content\/uploads\/2023\/09\/Boquillas_rotatorias_hidrolavado_limpieza_agua_presion_NLB_Columbec_B.png\",\"width\":313,\"height\":315},{\"@type\":\"BreadcrumbList\",\"@id\":\"https:\/\/www.jiproequip.com\/index.php\/producto\/boquillas-rotatorias-para-hidrolavado-limpieza-con-agua-a-presion\/#breadcrumb\",\"itemListElement\":[{\"@type\":\"ListItem\",\"position\":1,\"name\":\"Home\",\"item\":\"https:\/\/www.jiproequip.com\/\"},{\"@type\":\"ListItem\",\"position\":2,\"name\":\"Tienda\",\"item\":\"https:\/\/www.jiproequip.com\/index.php\/tienda\/\"},{\"@type\":\"ListItem\",\"position\":3,\"name\":\"Boquillas rotatorias para hidrolavado, limpieza con agua a presi\u00f3n\"}]},{\"@type\":\"WebSite\",\"@id\":\"https:\/\/www.jiproequip.com\/#website\",\"url\":\"https:\/\/www.jiproequip.com\/\",\"name\":\"Ji-proequip\",\"description\":\"Venta de equipos industriales con servicio t\u00e9cnico especializado\",\"publisher\":{\"@id\":\"https:\/\/www.jiproequip.com\/#organization\"},\"potentialAction\":[{\"@type\":\"SearchAction\",\"target\":{\"@type\":\"EntryPoint\",\"urlTemplate\":\"https:\/\/www.jiproequip.com\/?s={search_term_string}\"},\"query-input\":{\"@type\":\"PropertyValueSpecification\",\"valueRequired\":true,\"valueName\":\"search_term_string\"}}],\"inLanguage\":\"es\"},{\"@type\":\"Organization\",\"@id\":\"https:\/\/www.jiproequip.com\/#organization\",\"name\":\"Ji-proequip\",\"url\":\"https:\/\/www.jiproequip.com\/\",\"logo\":{\"@type\":\"ImageObject\",\"inLanguage\":\"es\",\"@id\":\"https:\/\/www.jiproequip.com\/#\/schema\/logo\/image\/\",\"url\":\"https:\/\/www.jiproequip.com\/wp-content\/uploads\/2025\/06\/LOGO-JIproequip-2025.png\",\"contentUrl\":\"https:\/\/www.jiproequip.com\/wp-content\/uploads\/2025\/06\/LOGO-JIproequip-2025.png\",\"width\":2433,\"height\":596,\"caption\":\"Ji-proequip\"},\"image\":{\"@id\":\"https:\/\/www.jiproequip.com\/#\/schema\/logo\/image\/\"}}]}<\/script>\n<!-- \/ Yoast SEO plugin. -->","yoast_head_json":{"title":"Boquillas rotatorias para hidrolavado, limpieza con agua a presi\u00f3n - Ji-proequip","robots":{"index":"index","follow":"follow","max-snippet":"max-snippet:-1","max-image-preview":"max-image-preview:large","max-video-preview":"max-video-preview:-1"},"canonical":"https:\/\/www.jiproequip.com\/index.php\/producto\/boquillas-rotatorias-para-hidrolavado-limpieza-con-agua-a-presion\/","og_locale":"es_ES","og_type":"article","og_title":"Boquillas rotatorias para hidrolavado, limpieza con agua a presi\u00f3n - Ji-proequip","og_description":"Boquillas rotatorias para hidrolavado, limpieza con agua a presi\u00f3n Boquillas ideales para limpieza de tuber\u00edas con auto-rotaci\u00f3n que maximiza el poder de limpieza con mejoras de dise\u00f1o importantes. La acci\u00f3n de rotaci\u00f3n proviene de la boquilla en lugar del ca\u00f1\u00f3n, que hace concentrar la fuerza del agua a presi\u00f3n. Las boquillas est\u00e1n recubiertas con nitruro [&hellip;]","og_url":"https:\/\/www.jiproequip.com\/index.php\/producto\/boquillas-rotatorias-para-hidrolavado-limpieza-con-agua-a-presion\/","og_site_name":"Ji-proequip","article_modified_time":"2023-09-28T01:05:36+00:00","og_image":[{"width":313,"height":315,"url":"https:\/\/www.jiproequip.com\/wp-content\/uploads\/2023\/09\/Boquillas_rotatorias_hidrolavado_limpieza_agua_presion_NLB_Columbec_B.png","type":"image\/png"}],"twitter_card":"summary_large_image","twitter_misc":{"Tiempo de lectura":"1 minuto"},"schema":{"@context":"https:\/\/schema.org","@graph":[{"@type":"WebPage","@id":"https:\/\/www.jiproequip.com\/index.php\/producto\/boquillas-rotatorias-para-hidrolavado-limpieza-con-agua-a-presion\/","url":"https:\/\/www.jiproequip.com\/index.php\/producto\/boquillas-rotatorias-para-hidrolavado-limpieza-con-agua-a-presion\/","name":"Boquillas rotatorias para hidrolavado, limpieza con agua a presi\u00f3n - Ji-proequip","isPartOf":{"@id":"https:\/\/www.jiproequip.com\/#website"},"primaryImageOfPage":{"@id":"https:\/\/www.jiproequip.com\/index.php\/producto\/boquillas-rotatorias-para-hidrolavado-limpieza-con-agua-a-presion\/#primaryimage"},"image":{"@id":"https:\/\/www.jiproequip.com\/index.php\/producto\/boquillas-rotatorias-para-hidrolavado-limpieza-con-agua-a-presion\/#primaryimage"},"thumbnailUrl":"https:\/\/www.jiproequip.com\/wp-content\/uploads\/2023\/09\/Boquillas_rotatorias_hidrolavado_limpieza_agua_presion_NLB_Columbec_B.png","datePublished":"2023-09-28T00:57:54+00:00","dateModified":"2023-09-28T01:05:36+00:00","breadcrumb":{"@id":"https:\/\/www.jiproequip.com\/index.php\/producto\/boquillas-rotatorias-para-hidrolavado-limpieza-con-agua-a-presion\/#breadcrumb"},"inLanguage":"es","potentialAction":[{"@type":"ReadAction","target":["https:\/\/www.jiproequip.com\/index.php\/producto\/boquillas-rotatorias-para-hidrolavado-limpieza-con-agua-a-presion\/"]}]},{"@type":"ImageObject","inLanguage":"es","@id":"https:\/\/www.jiproequip.com\/index.php\/producto\/boquillas-rotatorias-para-hidrolavado-limpieza-con-agua-a-presion\/#primaryimage","url":"https:\/\/www.jiproequip.com\/wp-content\/uploads\/2023\/09\/Boquillas_rotatorias_hidrolavado_limpieza_agua_presion_NLB_Columbec_B.png","contentUrl":"https:\/\/www.jiproequip.com\/wp-content\/uploads\/2023\/09\/Boquillas_rotatorias_hidrolavado_limpieza_agua_presion_NLB_Columbec_B.png","width":313,"height":315},{"@type":"BreadcrumbList","@id":"https:\/\/www.jiproequip.com\/index.php\/producto\/boquillas-rotatorias-para-hidrolavado-limpieza-con-agua-a-presion\/#breadcrumb","itemListElement":[{"@type":"ListItem","position":1,"name":"Home","item":"https:\/\/www.jiproequip.com\/"},{"@type":"ListItem","position":2,"name":"Tienda","item":"https:\/\/www.jiproequip.com\/index.php\/tienda\/"},{"@type":"ListItem","position":3,"name":"Boquillas rotatorias para hidrolavado, limpieza con agua a presi\u00f3n"}]},{"@type":"WebSite","@id":"https:\/\/www.jiproequip.com\/#website","url":"https:\/\/www.jiproequip.com\/","name":"Ji-proequip","description":"Venta de equipos industriales con servicio t\u00e9cnico especializado","publisher":{"@id":"https:\/\/www.jiproequip.com\/#organization"},"potentialAction":[{"@type":"SearchAction","target":{"@type":"EntryPoint","urlTemplate":"https:\/\/www.jiproequip.com\/?s={search_term_string}"},"query-input":{"@type":"PropertyValueSpecification","valueRequired":true,"valueName":"search_term_string"}}],"inLanguage":"es"},{"@type":"Organization","@id":"https:\/\/www.jiproequip.com\/#organization","name":"Ji-proequip","url":"https:\/\/www.jiproequip.com\/","logo":{"@type":"ImageObject","inLanguage":"es","@id":"https:\/\/www.jiproequip.com\/#\/schema\/logo\/image\/","url":"https:\/\/www.jiproequip.com\/wp-content\/uploads\/2025\/06\/LOGO-JIproequip-2025.png","contentUrl":"https:\/\/www.jiproequip.com\/wp-content\/uploads\/2025\/06\/LOGO-JIproequip-2025.png","width":2433,"height":596,"caption":"Ji-proequip"},"image":{"@id":"https:\/\/www.jiproequip.com\/#\/schema\/logo\/image\/"}}]}},"uagb_featured_image_src":{"full":["https:\/\/www.jiproequip.com\/wp-content\/uploads\/2023\/09\/Boquillas_rotatorias_hidrolavado_limpieza_agua_presion_NLB_Columbec_B.png",313,315,false],"thumbnail":["https:\/\/www.jiproequip.com\/wp-content\/uploads\/2023\/09\/Boquillas_rotatorias_hidrolavado_limpieza_agua_presion_NLB_Columbec_B.png",150,150,false],"medium":["https:\/\/www.jiproequip.com\/wp-content\/uploads\/2023\/09\/Boquillas_rotatorias_hidrolavado_limpieza_agua_presion_NLB_Columbec_B.png",298,300,false],"medium_large":["https:\/\/www.jiproequip.com\/wp-content\/uploads\/2023\/09\/Boquillas_rotatorias_hidrolavado_limpieza_agua_presion_NLB_Columbec_B.png",313,315,false],"large":["https:\/\/www.jiproequip.com\/wp-content\/uploads\/2023\/09\/Boquillas_rotatorias_hidrolavado_limpieza_agua_presion_NLB_Columbec_B.png",313,315,false],"1536x1536":["https:\/\/www.jiproequip.com\/wp-content\/uploads\/2023\/09\/Boquillas_rotatorias_hidrolavado_limpieza_agua_presion_NLB_Columbec_B.png",313,315,false],"2048x2048":["https:\/\/www.jiproequip.com\/wp-content\/uploads\/2023\/09\/Boquillas_rotatorias_hidrolavado_limpieza_agua_presion_NLB_Columbec_B.png",313,315,false],"mailpoet_newsletter_max":["https:\/\/www.jiproequip.com\/wp-content\/uploads\/2023\/09\/Boquillas_rotatorias_hidrolavado_limpieza_agua_presion_NLB_Columbec_B.png",313,315,false],"woocommerce_thumbnail":["https:\/\/www.jiproequip.com\/wp-content\/uploads\/2023\/09\/Boquillas_rotatorias_hidrolavado_limpieza_agua_presion_NLB_Columbec_B.png",300,302,false],"woocommerce_single":["https:\/\/www.jiproequip.com\/wp-content\/uploads\/2023\/09\/Boquillas_rotatorias_hidrolavado_limpieza_agua_presion_NLB_Columbec_B.png",313,315,false],"woocommerce_gallery_thumbnail":["https:\/\/www.jiproequip.com\/wp-content\/uploads\/2023\/09\/Boquillas_rotatorias_hidrolavado_limpieza_agua_presion_NLB_Columbec_B.png",100,100,false]},"uagb_author_info":{"display_name":"admin_jiproeq","author_link":"https:\/\/www.jiproequip.com\/index.php\/author\/"},"uagb_comment_info":0,"uagb_excerpt":"Boquillas rotatorias para hidrolavado, limpieza con agua a presi\u00f3n Boquillas ideales para limpieza de tuber\u00edas con auto-rotaci\u00f3n que maximiza el poder de limpieza con mejoras de dise\u00f1o importantes. La acci\u00f3n de rotaci\u00f3n proviene de la boquilla en lugar del ca\u00f1\u00f3n, que hace concentrar la fuerza del agua a presi\u00f3n. Las boquillas est\u00e1n recubiertas con nitruro&hellip;","jetpack_sharing_enabled":true,"_links":{"self":[{"href":"https:\/\/www.jiproequip.com\/index.php\/wp-json\/wp\/v2\/product\/1804","targetHints":{"allow":["GET"]}}],"collection":[{"href":"https:\/\/www.jiproequip.com\/index.php\/wp-json\/wp\/v2\/product"}],"about":[{"href":"https:\/\/www.jiproequip.com\/index.php\/wp-json\/wp\/v2\/types\/product"}],"replies":[{"embeddable":true,"href":"https:\/\/www.jiproequip.com\/index.php\/wp-json\/wp\/v2\/comments?post=1804"}],"wp:featuredmedia":[{"embeddable":true,"href":"https:\/\/www.jiproequip.com\/index.php\/wp-json\/wp\/v2\/media\/1805"}],"wp:attachment":[{"href":"https:\/\/www.jiproequip.com\/index.php\/wp-json\/wp\/v2\/media?parent=1804"}],"wp:term":[{"taxonomy":"product_brand","embeddable":true,"href":"https:\/\/www.jiproequip.com\/index.php\/wp-json\/wp\/v2\/product_brand?post=1804"},{"taxonomy":"product_cat","embeddable":true,"href":"https:\/\/www.jiproequip.com\/index.php\/wp-json\/wp\/v2\/product_cat?post=1804"},{"taxonomy":"product_tag","embeddable":true,"href":"https:\/\/www.jiproequip.com\/index.php\/wp-json\/wp\/v2\/product_tag?post=1804"}],"curies":[{"name":"wp","href":"https:\/\/api.w.org\/{rel}","templated":true}]}}