{"id":1865,"date":"2023-09-29T22:33:15","date_gmt":"2023-09-30T03:33:15","guid":{"rendered":"https:\/\/www.jiproequip.com\/?post_type=product&#038;p=1865"},"modified":"2023-09-29T22:37:36","modified_gmt":"2023-09-30T03:37:36","slug":"lanza-de-mano-para-hidrolavado-con-apoyo-en-el-hombro-de-operador","status":"publish","type":"product","link":"https:\/\/www.jiproequip.com\/index.php\/producto\/lanza-de-mano-para-hidrolavado-con-apoyo-en-el-hombro-de-operador\/","title":{"rendered":"Lanza de mano para hidrolavado con apoyo en el hombro de operador"},"content":{"rendered":"<div class=\"wp-block-stackable-column stk-block-column stk-column stk-block stk-a42bbec\" data-v=\"4\" data-block-id=\"a42bbec\">\r\n<div class=\"stk-column-wrapper stk-block-column__content stk-container stk-a42bbec-container stk--no-background stk--no-padding\">\r\n<div class=\"stk-block-content stk-inner-blocks stk-a42bbec-inner-blocks\"><div class=\"wp-block-stackable-carousel stk-block-carousel stk--is-slide stk--arrows-justify-space-between stk--arrows-align-center stk-block stk-6d5b6f7\" data-slides-to-show=\"\" data-block-id=\"6d5b6f7\">\r\n<div class=\"stk-block-carousel__content-wrapper\">\r\n<div class=\"stk-row stk-inner-blocks stk-block-content stk-block-carousel__slider-wrapper stk-content-align stk-6d5b6f7-column\">\r\n<div class=\"stk-block-carousel__slider\" role=\"list\" data-autoplay=\"4000\" data-label-slide-of=\"Slide %%d of %%d\"><div class=\"wp-block-stackable-column stk-block-column stk-column stk-block stk-5a69e44\" data-v=\"4\" data-block-id=\"5a69e44\">\r\n<div class=\"stk-column-wrapper stk-block-column__content stk-container stk-5a69e44-container stk--no-background stk--no-padding\">\r\n<div class=\"stk-block-content stk-inner-blocks stk-5a69e44-inner-blocks\"><div class=\"wp-block-stackable-image stk-block-image stk-block stk-64219fc\" data-block-id=\"64219fc\">\r\n<figure class=\"stk-img-wrapper stk-image--shape-stretch\"><img loading=\"lazy\" decoding=\"async\" class=\"stk-img        alignnone wp-image-1868 size-full\" src=\"http:\/\/https:\/\/www.jiproequip.com\/wp-content\/uploads\/2023\/09\/Lanza_mano_apoyo_hombro_NLB_Columbec_B.png\" alt=\"\" width=\"417\" height=\"313\" \/><\/figure>\r\n<\/div><\/div>\r\n<\/div>\r\n<\/div><\/div>\r\n<\/div>\r\n<\/div>\r\n<\/div><\/div>\r\n<\/div>\r\n<\/div><div class=\"wp-block-stackable-column stk-block-column stk-column stk-block stk-776f52c\" data-v=\"4\" data-block-id=\"776f52c\">\r\n<div class=\"stk-column-wrapper stk-block-column__content stk-container stk-776f52c-container stk--no-background stk--no-padding\">\r\n<div class=\"stk-block-content stk-inner-blocks stk-776f52c-inner-blocks\"><div id=\"unidad-trifasica-de-lavado-de-alta-presion-de-agua-fria-a-2175-p-s-i\" class=\"wp-block-stackable-heading stk-block-heading stk-block-heading--v2 stk-block stk-6ead452 stk-block-background\" data-block-id=\"6ead452\">\r\n<div class=\"pl_i2t\">\r\n<div class=\"pl_i2t\">\r\n<div class=\"pl_i2t\">\r\n<div class=\"pl_i2t\">\r\n<div class=\"pl_i2t\">\r\n<div class=\"pl_i2t\">\r\n<div class=\"pl_i2t\">\r\n<h2>Lanza de mano para hidrolavado con apoyo en el hombro de operador<\/h2>\r\n<\/div>\r\n<\/div>\r\n<\/div>\r\n<\/div>\r\n<\/div>\r\n<\/div>\r\n<\/div>\r\n<div class=\"pl_i2c\">\r\n<div class=\"pl_i2c\">\r\n<div class=\"pl_i2c\">\r\n<div class=\"pl_i2c\">\r\n<div class=\"pl_i2c\">\r\n<p>Con soporte en el hombro que ayuda con la fuerza de retroceso del agua a presi\u00f3n. Con doble agarre para m\u00e1xima seguridad del operador. Dise\u00f1o ergon\u00f3mico y con sistema de seguridad que impide el accionamiento accidental a no ser que se desactive con solo utilizar un dedo.<\/p>\r\n<p>Nuevo refuerzo del hombro que mejora la ergonom\u00eda de la lanza al permitir que la l\u00ednea de empuje permanezca mejor centrada en el hombro del operador. Con tubo de entrada doblado que elimina el estr\u00e9s tanto en la manguera y su punto de conexi\u00f3n con la lanza. El tubo doblado tambi\u00e9n facilita el uso de la cubierta de seguridad. Dicha cubierta de seguridad est\u00e1 fabricada para aguantar cualquier presi\u00f3n de funcionamiento de hasta 40.000 psi (2800 bar).<\/p>\r\n<p>Con 12 libras de peso (5,5 kg) el operario solo deber\u00e1 de preocuparse de la fuerza de retroceso provocada por la expulsi\u00f3n del agua a alta presi\u00f3n.<\/p>\r\n<p>F\u00e1cil accionamiento del gatillo, de 8 a 12 lbs. (3,6 a 5,5 kg) El dise\u00f1o del gatillo permite al operador poner la lanza en modo \u201cdump\u201d<\/p>\r\n<p>Con cartucho para aplicaci\u00f3n de qu\u00edmicos que permite un cambio r\u00e1pido en menos de un minuto.<\/p>\r\n<p>Con un solo dedo podr\u00e1 accionar el pestillo para evitar el accionamiento accidental.<\/p>\r\n<p>Ajustable para el hombro y empu\u00f1adura.<\/p>\r\n<p>Disponible en varios modelos que permiten utilizar presiones desde los 10.000 psi hasta los 40.000 psi<\/p>\r\n<\/div>\r\n<\/div>\r\n<\/div>\r\n<\/div>\r\n<\/div>\r\n<\/div>\r\n<\/div>\r\n<\/div>\r\n<\/div>","protected":false},"excerpt":{"rendered":"<p>Lanza de mano para hidrolavado con apoyo en el hombro de operador Con soporte en el hombro que ayuda con la fuerza de retroceso del agua a presi\u00f3n. Con doble agarre para m\u00e1xima seguridad del operador. Dise\u00f1o ergon\u00f3mico y con sistema de seguridad que impide el accionamiento accidental a no ser que se desactive con [&hellip;]<\/p>\n","protected":false},"featured_media":1868,"comment_status":"open","ping_status":"closed","template":"","meta":{"_uag_custom_page_level_css":""},"product_brand":[],"product_cat":[40,21],"product_tag":[],"class_list":{"0":"post-1865","1":"product","2":"type-product","3":"status-publish","4":"has-post-thumbnail","6":"product_cat-hidro-operadoras","7":"product_cat-hidrolavadoras","9":"first","10":"instock","11":"shipping-taxable","12":"product-type-simple"},"yoast_head":"<!-- This site is optimized with the Yoast SEO plugin v25.2 - https:\/\/yoast.com\/wordpress\/plugins\/seo\/ -->\n<title>Lanza de mano para hidrolavado con apoyo en el hombro de operador - Ji-proequip<\/title>\n<meta name=\"robots\" content=\"index, follow, max-snippet:-1, max-image-preview:large, max-video-preview:-1\" \/>\n<link rel=\"canonical\" href=\"https:\/\/www.jiproequip.com\/index.php\/producto\/lanza-de-mano-para-hidrolavado-con-apoyo-en-el-hombro-de-operador\/\" \/>\n<meta property=\"og:locale\" content=\"es_ES\" \/>\n<meta property=\"og:type\" content=\"article\" \/>\n<meta property=\"og:title\" content=\"Lanza de mano para hidrolavado con apoyo en el hombro de operador - Ji-proequip\" \/>\n<meta property=\"og:description\" content=\"Lanza de mano para hidrolavado con apoyo en el hombro de operador Con soporte en el hombro que ayuda con la fuerza de retroceso del agua a presi\u00f3n. Con doble agarre para m\u00e1xima seguridad del operador. Dise\u00f1o ergon\u00f3mico y con sistema de seguridad que impide el accionamiento accidental a no ser que se desactive con [&hellip;]\" \/>\n<meta property=\"og:url\" content=\"https:\/\/www.jiproequip.com\/index.php\/producto\/lanza-de-mano-para-hidrolavado-con-apoyo-en-el-hombro-de-operador\/\" \/>\n<meta property=\"og:site_name\" content=\"Ji-proequip\" \/>\n<meta property=\"article:modified_time\" content=\"2023-09-30T03:37:36+00:00\" \/>\n<meta property=\"og:image\" content=\"https:\/\/www.jiproequip.com\/wp-content\/uploads\/2023\/09\/Lanza_mano_apoyo_hombro_NLB_Columbec_B.png\" \/>\n\t<meta property=\"og:image:width\" content=\"417\" \/>\n\t<meta property=\"og:image:height\" content=\"313\" \/>\n\t<meta property=\"og:image:type\" content=\"image\/png\" \/>\n<meta name=\"twitter:card\" content=\"summary_large_image\" \/>\n<meta name=\"twitter:label1\" content=\"Tiempo de lectura\" \/>\n\t<meta name=\"twitter:data1\" content=\"2 minutos\" \/>\n<script type=\"application\/ld+json\" class=\"yoast-schema-graph\">{\"@context\":\"https:\/\/schema.org\",\"@graph\":[{\"@type\":\"WebPage\",\"@id\":\"https:\/\/www.jiproequip.com\/index.php\/producto\/lanza-de-mano-para-hidrolavado-con-apoyo-en-el-hombro-de-operador\/\",\"url\":\"https:\/\/www.jiproequip.com\/index.php\/producto\/lanza-de-mano-para-hidrolavado-con-apoyo-en-el-hombro-de-operador\/\",\"name\":\"Lanza de mano para hidrolavado con apoyo en el hombro de operador - Ji-proequip\",\"isPartOf\":{\"@id\":\"https:\/\/www.jiproequip.com\/#website\"},\"primaryImageOfPage\":{\"@id\":\"https:\/\/www.jiproequip.com\/index.php\/producto\/lanza-de-mano-para-hidrolavado-con-apoyo-en-el-hombro-de-operador\/#primaryimage\"},\"image\":{\"@id\":\"https:\/\/www.jiproequip.com\/index.php\/producto\/lanza-de-mano-para-hidrolavado-con-apoyo-en-el-hombro-de-operador\/#primaryimage\"},\"thumbnailUrl\":\"https:\/\/www.jiproequip.com\/wp-content\/uploads\/2023\/09\/Lanza_mano_apoyo_hombro_NLB_Columbec_B.png\",\"datePublished\":\"2023-09-30T03:33:15+00:00\",\"dateModified\":\"2023-09-30T03:37:36+00:00\",\"breadcrumb\":{\"@id\":\"https:\/\/www.jiproequip.com\/index.php\/producto\/lanza-de-mano-para-hidrolavado-con-apoyo-en-el-hombro-de-operador\/#breadcrumb\"},\"inLanguage\":\"es\",\"potentialAction\":[{\"@type\":\"ReadAction\",\"target\":[\"https:\/\/www.jiproequip.com\/index.php\/producto\/lanza-de-mano-para-hidrolavado-con-apoyo-en-el-hombro-de-operador\/\"]}]},{\"@type\":\"ImageObject\",\"inLanguage\":\"es\",\"@id\":\"https:\/\/www.jiproequip.com\/index.php\/producto\/lanza-de-mano-para-hidrolavado-con-apoyo-en-el-hombro-de-operador\/#primaryimage\",\"url\":\"https:\/\/www.jiproequip.com\/wp-content\/uploads\/2023\/09\/Lanza_mano_apoyo_hombro_NLB_Columbec_B.png\",\"contentUrl\":\"https:\/\/www.jiproequip.com\/wp-content\/uploads\/2023\/09\/Lanza_mano_apoyo_hombro_NLB_Columbec_B.png\",\"width\":417,\"height\":313},{\"@type\":\"BreadcrumbList\",\"@id\":\"https:\/\/www.jiproequip.com\/index.php\/producto\/lanza-de-mano-para-hidrolavado-con-apoyo-en-el-hombro-de-operador\/#breadcrumb\",\"itemListElement\":[{\"@type\":\"ListItem\",\"position\":1,\"name\":\"Home\",\"item\":\"https:\/\/www.jiproequip.com\/\"},{\"@type\":\"ListItem\",\"position\":2,\"name\":\"Tienda\",\"item\":\"https:\/\/www.jiproequip.com\/index.php\/tienda\/\"},{\"@type\":\"ListItem\",\"position\":3,\"name\":\"Lanza de mano para hidrolavado con apoyo en el hombro de operador\"}]},{\"@type\":\"WebSite\",\"@id\":\"https:\/\/www.jiproequip.com\/#website\",\"url\":\"https:\/\/www.jiproequip.com\/\",\"name\":\"Ji-proequip\",\"description\":\"Venta de equipos industriales con servicio t\u00e9cnico especializado\",\"publisher\":{\"@id\":\"https:\/\/www.jiproequip.com\/#organization\"},\"potentialAction\":[{\"@type\":\"SearchAction\",\"target\":{\"@type\":\"EntryPoint\",\"urlTemplate\":\"https:\/\/www.jiproequip.com\/?s={search_term_string}\"},\"query-input\":{\"@type\":\"PropertyValueSpecification\",\"valueRequired\":true,\"valueName\":\"search_term_string\"}}],\"inLanguage\":\"es\"},{\"@type\":\"Organization\",\"@id\":\"https:\/\/www.jiproequip.com\/#organization\",\"name\":\"Ji-proequip\",\"url\":\"https:\/\/www.jiproequip.com\/\",\"logo\":{\"@type\":\"ImageObject\",\"inLanguage\":\"es\",\"@id\":\"https:\/\/www.jiproequip.com\/#\/schema\/logo\/image\/\",\"url\":\"https:\/\/www.jiproequip.com\/wp-content\/uploads\/2025\/06\/LOGO-JIproequip-2025.png\",\"contentUrl\":\"https:\/\/www.jiproequip.com\/wp-content\/uploads\/2025\/06\/LOGO-JIproequip-2025.png\",\"width\":2433,\"height\":596,\"caption\":\"Ji-proequip\"},\"image\":{\"@id\":\"https:\/\/www.jiproequip.com\/#\/schema\/logo\/image\/\"}}]}<\/script>\n<!-- \/ Yoast SEO plugin. -->","yoast_head_json":{"title":"Lanza de mano para hidrolavado con apoyo en el hombro de operador - Ji-proequip","robots":{"index":"index","follow":"follow","max-snippet":"max-snippet:-1","max-image-preview":"max-image-preview:large","max-video-preview":"max-video-preview:-1"},"canonical":"https:\/\/www.jiproequip.com\/index.php\/producto\/lanza-de-mano-para-hidrolavado-con-apoyo-en-el-hombro-de-operador\/","og_locale":"es_ES","og_type":"article","og_title":"Lanza de mano para hidrolavado con apoyo en el hombro de operador - Ji-proequip","og_description":"Lanza de mano para hidrolavado con apoyo en el hombro de operador Con soporte en el hombro que ayuda con la fuerza de retroceso del agua a presi\u00f3n. Con doble agarre para m\u00e1xima seguridad del operador. Dise\u00f1o ergon\u00f3mico y con sistema de seguridad que impide el accionamiento accidental a no ser que se desactive con [&hellip;]","og_url":"https:\/\/www.jiproequip.com\/index.php\/producto\/lanza-de-mano-para-hidrolavado-con-apoyo-en-el-hombro-de-operador\/","og_site_name":"Ji-proequip","article_modified_time":"2023-09-30T03:37:36+00:00","og_image":[{"width":417,"height":313,"url":"https:\/\/www.jiproequip.com\/wp-content\/uploads\/2023\/09\/Lanza_mano_apoyo_hombro_NLB_Columbec_B.png","type":"image\/png"}],"twitter_card":"summary_large_image","twitter_misc":{"Tiempo de lectura":"2 minutos"},"schema":{"@context":"https:\/\/schema.org","@graph":[{"@type":"WebPage","@id":"https:\/\/www.jiproequip.com\/index.php\/producto\/lanza-de-mano-para-hidrolavado-con-apoyo-en-el-hombro-de-operador\/","url":"https:\/\/www.jiproequip.com\/index.php\/producto\/lanza-de-mano-para-hidrolavado-con-apoyo-en-el-hombro-de-operador\/","name":"Lanza de mano para hidrolavado con apoyo en el hombro de operador - Ji-proequip","isPartOf":{"@id":"https:\/\/www.jiproequip.com\/#website"},"primaryImageOfPage":{"@id":"https:\/\/www.jiproequip.com\/index.php\/producto\/lanza-de-mano-para-hidrolavado-con-apoyo-en-el-hombro-de-operador\/#primaryimage"},"image":{"@id":"https:\/\/www.jiproequip.com\/index.php\/producto\/lanza-de-mano-para-hidrolavado-con-apoyo-en-el-hombro-de-operador\/#primaryimage"},"thumbnailUrl":"https:\/\/www.jiproequip.com\/wp-content\/uploads\/2023\/09\/Lanza_mano_apoyo_hombro_NLB_Columbec_B.png","datePublished":"2023-09-30T03:33:15+00:00","dateModified":"2023-09-30T03:37:36+00:00","breadcrumb":{"@id":"https:\/\/www.jiproequip.com\/index.php\/producto\/lanza-de-mano-para-hidrolavado-con-apoyo-en-el-hombro-de-operador\/#breadcrumb"},"inLanguage":"es","potentialAction":[{"@type":"ReadAction","target":["https:\/\/www.jiproequip.com\/index.php\/producto\/lanza-de-mano-para-hidrolavado-con-apoyo-en-el-hombro-de-operador\/"]}]},{"@type":"ImageObject","inLanguage":"es","@id":"https:\/\/www.jiproequip.com\/index.php\/producto\/lanza-de-mano-para-hidrolavado-con-apoyo-en-el-hombro-de-operador\/#primaryimage","url":"https:\/\/www.jiproequip.com\/wp-content\/uploads\/2023\/09\/Lanza_mano_apoyo_hombro_NLB_Columbec_B.png","contentUrl":"https:\/\/www.jiproequip.com\/wp-content\/uploads\/2023\/09\/Lanza_mano_apoyo_hombro_NLB_Columbec_B.png","width":417,"height":313},{"@type":"BreadcrumbList","@id":"https:\/\/www.jiproequip.com\/index.php\/producto\/lanza-de-mano-para-hidrolavado-con-apoyo-en-el-hombro-de-operador\/#breadcrumb","itemListElement":[{"@type":"ListItem","position":1,"name":"Home","item":"https:\/\/www.jiproequip.com\/"},{"@type":"ListItem","position":2,"name":"Tienda","item":"https:\/\/www.jiproequip.com\/index.php\/tienda\/"},{"@type":"ListItem","position":3,"name":"Lanza de mano para hidrolavado con apoyo en el hombro de operador"}]},{"@type":"WebSite","@id":"https:\/\/www.jiproequip.com\/#website","url":"https:\/\/www.jiproequip.com\/","name":"Ji-proequip","description":"Venta de equipos industriales con servicio t\u00e9cnico especializado","publisher":{"@id":"https:\/\/www.jiproequip.com\/#organization"},"potentialAction":[{"@type":"SearchAction","target":{"@type":"EntryPoint","urlTemplate":"https:\/\/www.jiproequip.com\/?s={search_term_string}"},"query-input":{"@type":"PropertyValueSpecification","valueRequired":true,"valueName":"search_term_string"}}],"inLanguage":"es"},{"@type":"Organization","@id":"https:\/\/www.jiproequip.com\/#organization","name":"Ji-proequip","url":"https:\/\/www.jiproequip.com\/","logo":{"@type":"ImageObject","inLanguage":"es","@id":"https:\/\/www.jiproequip.com\/#\/schema\/logo\/image\/","url":"https:\/\/www.jiproequip.com\/wp-content\/uploads\/2025\/06\/LOGO-JIproequip-2025.png","contentUrl":"https:\/\/www.jiproequip.com\/wp-content\/uploads\/2025\/06\/LOGO-JIproequip-2025.png","width":2433,"height":596,"caption":"Ji-proequip"},"image":{"@id":"https:\/\/www.jiproequip.com\/#\/schema\/logo\/image\/"}}]}},"uagb_featured_image_src":{"full":["https:\/\/www.jiproequip.com\/wp-content\/uploads\/2023\/09\/Lanza_mano_apoyo_hombro_NLB_Columbec_B.png",417,313,false],"thumbnail":["https:\/\/www.jiproequip.com\/wp-content\/uploads\/2023\/09\/Lanza_mano_apoyo_hombro_NLB_Columbec_B.png",150,113,false],"medium":["https:\/\/www.jiproequip.com\/wp-content\/uploads\/2023\/09\/Lanza_mano_apoyo_hombro_NLB_Columbec_B.png",300,225,false],"medium_large":["https:\/\/www.jiproequip.com\/wp-content\/uploads\/2023\/09\/Lanza_mano_apoyo_hombro_NLB_Columbec_B.png",417,313,false],"large":["https:\/\/www.jiproequip.com\/wp-content\/uploads\/2023\/09\/Lanza_mano_apoyo_hombro_NLB_Columbec_B.png",417,313,false],"1536x1536":["https:\/\/www.jiproequip.com\/wp-content\/uploads\/2023\/09\/Lanza_mano_apoyo_hombro_NLB_Columbec_B.png",417,313,false],"2048x2048":["https:\/\/www.jiproequip.com\/wp-content\/uploads\/2023\/09\/Lanza_mano_apoyo_hombro_NLB_Columbec_B.png",417,313,false],"mailpoet_newsletter_max":["https:\/\/www.jiproequip.com\/wp-content\/uploads\/2023\/09\/Lanza_mano_apoyo_hombro_NLB_Columbec_B.png",417,313,false],"woocommerce_thumbnail":["https:\/\/www.jiproequip.com\/wp-content\/uploads\/2023\/09\/Lanza_mano_apoyo_hombro_NLB_Columbec_B.png",300,225,false],"woocommerce_single":["https:\/\/www.jiproequip.com\/wp-content\/uploads\/2023\/09\/Lanza_mano_apoyo_hombro_NLB_Columbec_B.png",417,313,false],"woocommerce_gallery_thumbnail":["https:\/\/www.jiproequip.com\/wp-content\/uploads\/2023\/09\/Lanza_mano_apoyo_hombro_NLB_Columbec_B-100x100.png",100,100,true]},"uagb_author_info":{"display_name":"admin_jiproeq","author_link":"https:\/\/www.jiproequip.com\/index.php\/author\/"},"uagb_comment_info":0,"uagb_excerpt":"Lanza de mano para hidrolavado con apoyo en el hombro de operador Con soporte en el hombro que ayuda con la fuerza de retroceso del agua a presi\u00f3n. Con doble agarre para m\u00e1xima seguridad del operador. Dise\u00f1o ergon\u00f3mico y con sistema de seguridad que impide el accionamiento accidental a no ser que se desactive con&hellip;","jetpack_sharing_enabled":true,"_links":{"self":[{"href":"https:\/\/www.jiproequip.com\/index.php\/wp-json\/wp\/v2\/product\/1865","targetHints":{"allow":["GET"]}}],"collection":[{"href":"https:\/\/www.jiproequip.com\/index.php\/wp-json\/wp\/v2\/product"}],"about":[{"href":"https:\/\/www.jiproequip.com\/index.php\/wp-json\/wp\/v2\/types\/product"}],"replies":[{"embeddable":true,"href":"https:\/\/www.jiproequip.com\/index.php\/wp-json\/wp\/v2\/comments?post=1865"}],"wp:featuredmedia":[{"embeddable":true,"href":"https:\/\/www.jiproequip.com\/index.php\/wp-json\/wp\/v2\/media\/1868"}],"wp:attachment":[{"href":"https:\/\/www.jiproequip.com\/index.php\/wp-json\/wp\/v2\/media?parent=1865"}],"wp:term":[{"taxonomy":"product_brand","embeddable":true,"href":"https:\/\/www.jiproequip.com\/index.php\/wp-json\/wp\/v2\/product_brand?post=1865"},{"taxonomy":"product_cat","embeddable":true,"href":"https:\/\/www.jiproequip.com\/index.php\/wp-json\/wp\/v2\/product_cat?post=1865"},{"taxonomy":"product_tag","embeddable":true,"href":"https:\/\/www.jiproequip.com\/index.php\/wp-json\/wp\/v2\/product_tag?post=1865"}],"curies":[{"name":"wp","href":"https:\/\/api.w.org\/{rel}","templated":true}]}}