{"id":1881,"date":"2023-09-29T22:57:38","date_gmt":"2023-09-30T03:57:38","guid":{"rendered":"https:\/\/www.jiproequip.com\/?post_type=product&#038;p=1881"},"modified":"2023-09-29T23:03:17","modified_gmt":"2023-09-30T04:03:17","slug":"accesorio-spin-jet-limpiador-de-suelos-o-pisos-con-agua-a-presion","status":"publish","type":"product","link":"https:\/\/www.jiproequip.com\/index.php\/producto\/accesorio-spin-jet-limpiador-de-suelos-o-pisos-con-agua-a-presion\/","title":{"rendered":"Accesorio spin-jet, limpiador de suelos o pisos con agua a presi\u00f3n"},"content":{"rendered":"<div class=\"wp-block-stackable-column stk-block-column stk-column stk-block stk-a42bbec\" data-v=\"4\" data-block-id=\"a42bbec\">\r\n<div class=\"stk-column-wrapper stk-block-column__content stk-container stk-a42bbec-container stk--no-background stk--no-padding\">\r\n<div class=\"stk-block-content stk-inner-blocks stk-a42bbec-inner-blocks\"><div class=\"wp-block-stackable-carousel stk-block-carousel stk--is-slide stk--arrows-justify-space-between stk--arrows-align-center stk-block stk-6d5b6f7\" data-slides-to-show=\"\" data-block-id=\"6d5b6f7\">\r\n<div class=\"stk-block-carousel__content-wrapper\">\r\n<div class=\"stk-row stk-inner-blocks stk-block-content stk-block-carousel__slider-wrapper stk-content-align stk-6d5b6f7-column\">\r\n<div class=\"stk-block-carousel__slider\" role=\"list\" data-autoplay=\"4000\" data-label-slide-of=\"Slide %%d of %%d\"><div class=\"wp-block-stackable-column stk-block-column stk-column stk-block stk-5a69e44\" data-v=\"4\" data-block-id=\"5a69e44\">\r\n<div class=\"stk-column-wrapper stk-block-column__content stk-container stk-5a69e44-container stk--no-background stk--no-padding\">\r\n<div class=\"stk-block-content stk-inner-blocks stk-5a69e44-inner-blocks\"><div class=\"wp-block-stackable-image stk-block-image stk-block stk-64219fc\" data-block-id=\"64219fc\">\r\n<figure class=\"stk-img-wrapper stk-image--shape-stretch\"><img loading=\"lazy\" decoding=\"async\" class=\"stk-img        alignnone wp-image-1883 size-full\" src=\"http:\/\/https:\/\/www.jiproequip.com\/wp-content\/uploads\/2023\/09\/Accesorio_limpiador_suelos_agua_presion_NLB_Columbec_02_B.png\" alt=\"\" width=\"420\" height=\"315\" \/><\/figure>\r\n<\/div><\/div>\r\n<\/div>\r\n<\/div><\/div>\r\n<\/div>\r\n<\/div>\r\n<\/div><\/div>\r\n<\/div>\r\n<\/div><div class=\"wp-block-stackable-column stk-block-column stk-column stk-block stk-776f52c\" data-v=\"4\" data-block-id=\"776f52c\">\r\n<div class=\"stk-column-wrapper stk-block-column__content stk-container stk-776f52c-container stk--no-background stk--no-padding\">\r\n<div class=\"stk-block-content stk-inner-blocks stk-776f52c-inner-blocks\"><div id=\"unidad-trifasica-de-lavado-de-alta-presion-de-agua-fria-a-2175-p-s-i\" class=\"wp-block-stackable-heading stk-block-heading stk-block-heading--v2 stk-block stk-6ead452 stk-block-background\" data-block-id=\"6ead452\">\r\n<div class=\"pl_i2t\">\r\n<div class=\"pl_i2t\">\r\n<div class=\"pl_i2t\">\r\n<div class=\"pl_i2t\">\r\n<div class=\"pl_i2t\">\r\n<div class=\"pl_i2t\">\r\n<div class=\"pl_i2t\">\r\n<h2>Accesorio spin-jet, limpiador de suelos o pisos con agua a presi\u00f3n<\/h2>\r\n<\/div>\r\n<\/div>\r\n<\/div>\r\n<\/div>\r\n<\/div>\r\n<\/div>\r\n<\/div>\r\n<div class=\"pl_i2c\">\r\n<div class=\"pl_i2c\">\r\n<div class=\"pl_i2c\">\r\n<div class=\"pl_i2c\">Con este sistema de rotaci\u00f3n por agua a presi\u00f3n podr\u00e1 limpiar y tratar las superficies de suelos o pisos como talleres automotrices donde grasa y otros sedimentos se depositan y son dif\u00edciles de quitar. Su f\u00e1cil manejo hace que sea tan f\u00e1cil y sencillo como pasar una barredora o la aspiradora.<\/div>\r\n<div>\r\n<p>En un principio el sistema fue dise\u00f1ado para limpiar el exceso de pintura que ca\u00eda al suelo en las rejillas de cabinas de pintura para autos. Ahora el sistema es tan \u00fatil y eficiente que se emplea para la eliminaci\u00f3n de recubrimientos de suelo, tratamientos de cubiertas de barcos o naves, limpieza de autov\u00edas o remoci\u00f3n de l\u00edneas de pintura hechas por franjadoras o pintarrallas. Tambi\u00e9n \u00fatil como escarificador incluso de hormig\u00f3n.<\/p>\r\n<p>Disponible en 8 modelos diferentes, Las caracter\u00edsticas est\u00e1ndar incluyen una v\u00e1lvula de descarga que reduce al instante la presi\u00f3n de agua y protecciones sobre los componentes m\u00f3viles, mangueras y conectores r\u00e1pidos. Con juegos de juntas de rotaci\u00f3n y de reparaci\u00f3n de v\u00e1lvula de descarga. Las opciones incluyen configuraciones de 4 brazos, 6 brazos y neum\u00e1ticos de goma o duras. Tambi\u00e9n con opci\u00f3n de aspiraci\u00f3n, dejando la superficie tratada y seca lista para aplicar pinturas u otros productos que requieren superficies secas.<\/p>\r\n<p>Este equipo combina el poder de limpieza de agua a alta presi\u00f3n con la eficacia de los sellos rotativos. Este dise\u00f1o compacto s\u00f3lo pesa 138 libras (62,7 kg) y proporciona la m\u00e1xima maniobrabilidad y facilidad de operaci\u00f3n. Con caracter\u00edsticas como un cuerpo de aluminio de peso ligero, ruedas de goma dura de 15 pulgadas (38,4 cm) conjunto de boquilla y aspiraci\u00f3n mediante vac\u00edo, este equipo es la respuesta a sus problemas de limpieza de suelos y cubiertas duras.<\/p>\r\n<p>El aluminio y el dise\u00f1o de acero inoxidable con ruedas de goma dura permiten una f\u00e1cil maniobrabilidad.<\/p>\r\n<p>Kits de reparaci\u00f3n del sello rotatorio y v\u00e1lvula de descarga disponibles para mantenimiento en campo de forma f\u00e1cil y r\u00e1pida.<\/p>\r\n<p>V\u00e1lvula de descarga de acci\u00f3n r\u00e1pida que desv\u00eda el agua a alta presi\u00f3n a la junta giratoria cuando se activa. Cuando la v\u00e1lvula est\u00e1 en posici\u00f3n de descarga, la presi\u00f3n del agua se reduce instant\u00e1neamente a casi cero.<\/p>\r\n<p>Accesorio de aspiradora para aspirar el agua y los residuos.<\/p>\r\n<p>Utiliza hasta 11 gpm (42 lpm) a 40.000 psi (2.800 bar).<\/p>\r\n<\/div>\r\n<\/div>\r\n<\/div>\r\n<\/div>\r\n<\/div>\r\n<\/div>\r\n<\/div>\r\n<\/div>","protected":false},"excerpt":{"rendered":"<p>Accesorio spin-jet, limpiador de suelos o pisos con agua a presi\u00f3n Con este sistema de rotaci\u00f3n por agua a presi\u00f3n podr\u00e1 limpiar y tratar las superficies de suelos o pisos como talleres automotrices donde grasa y otros sedimentos se depositan y son dif\u00edciles de quitar. Su f\u00e1cil manejo hace que sea tan f\u00e1cil y sencillo [&hellip;]<\/p>\n","protected":false},"featured_media":1883,"comment_status":"open","ping_status":"closed","template":"","meta":{"_uag_custom_page_level_css":""},"product_brand":[],"product_cat":[40,21],"product_tag":[],"class_list":{"0":"post-1881","1":"product","2":"type-product","3":"status-publish","4":"has-post-thumbnail","6":"product_cat-hidro-operadoras","7":"product_cat-hidrolavadoras","9":"first","10":"instock","11":"shipping-taxable","12":"product-type-simple"},"yoast_head":"<!-- This site is optimized with the Yoast SEO plugin v25.2 - https:\/\/yoast.com\/wordpress\/plugins\/seo\/ -->\n<title>Accesorio spin-jet, limpiador de suelos o pisos con agua a presi\u00f3n - Ji-proequip<\/title>\n<meta name=\"robots\" content=\"index, follow, max-snippet:-1, max-image-preview:large, max-video-preview:-1\" \/>\n<link rel=\"canonical\" href=\"https:\/\/www.jiproequip.com\/index.php\/producto\/accesorio-spin-jet-limpiador-de-suelos-o-pisos-con-agua-a-presion\/\" \/>\n<meta property=\"og:locale\" content=\"es_ES\" \/>\n<meta property=\"og:type\" content=\"article\" \/>\n<meta property=\"og:title\" content=\"Accesorio spin-jet, limpiador de suelos o pisos con agua a presi\u00f3n - Ji-proequip\" \/>\n<meta property=\"og:description\" content=\"Accesorio spin-jet, limpiador de suelos o pisos con agua a presi\u00f3n Con este sistema de rotaci\u00f3n por agua a presi\u00f3n podr\u00e1 limpiar y tratar las superficies de suelos o pisos como talleres automotrices donde grasa y otros sedimentos se depositan y son dif\u00edciles de quitar. Su f\u00e1cil manejo hace que sea tan f\u00e1cil y sencillo [&hellip;]\" \/>\n<meta property=\"og:url\" content=\"https:\/\/www.jiproequip.com\/index.php\/producto\/accesorio-spin-jet-limpiador-de-suelos-o-pisos-con-agua-a-presion\/\" \/>\n<meta property=\"og:site_name\" content=\"Ji-proequip\" \/>\n<meta property=\"article:modified_time\" content=\"2023-09-30T04:03:17+00:00\" \/>\n<meta property=\"og:image\" content=\"https:\/\/www.jiproequip.com\/wp-content\/uploads\/2023\/09\/Accesorio_limpiador_suelos_agua_presion_NLB_Columbec_02_B.png\" \/>\n\t<meta property=\"og:image:width\" content=\"420\" \/>\n\t<meta property=\"og:image:height\" content=\"315\" \/>\n\t<meta property=\"og:image:type\" content=\"image\/png\" \/>\n<meta name=\"twitter:card\" content=\"summary_large_image\" \/>\n<meta name=\"twitter:label1\" content=\"Tiempo de lectura\" \/>\n\t<meta name=\"twitter:data1\" content=\"2 minutos\" \/>\n<script type=\"application\/ld+json\" class=\"yoast-schema-graph\">{\"@context\":\"https:\/\/schema.org\",\"@graph\":[{\"@type\":\"WebPage\",\"@id\":\"https:\/\/www.jiproequip.com\/index.php\/producto\/accesorio-spin-jet-limpiador-de-suelos-o-pisos-con-agua-a-presion\/\",\"url\":\"https:\/\/www.jiproequip.com\/index.php\/producto\/accesorio-spin-jet-limpiador-de-suelos-o-pisos-con-agua-a-presion\/\",\"name\":\"Accesorio spin-jet, limpiador de suelos o pisos con agua a presi\u00f3n - Ji-proequip\",\"isPartOf\":{\"@id\":\"https:\/\/www.jiproequip.com\/#website\"},\"primaryImageOfPage\":{\"@id\":\"https:\/\/www.jiproequip.com\/index.php\/producto\/accesorio-spin-jet-limpiador-de-suelos-o-pisos-con-agua-a-presion\/#primaryimage\"},\"image\":{\"@id\":\"https:\/\/www.jiproequip.com\/index.php\/producto\/accesorio-spin-jet-limpiador-de-suelos-o-pisos-con-agua-a-presion\/#primaryimage\"},\"thumbnailUrl\":\"https:\/\/www.jiproequip.com\/wp-content\/uploads\/2023\/09\/Accesorio_limpiador_suelos_agua_presion_NLB_Columbec_02_B.png\",\"datePublished\":\"2023-09-30T03:57:38+00:00\",\"dateModified\":\"2023-09-30T04:03:17+00:00\",\"breadcrumb\":{\"@id\":\"https:\/\/www.jiproequip.com\/index.php\/producto\/accesorio-spin-jet-limpiador-de-suelos-o-pisos-con-agua-a-presion\/#breadcrumb\"},\"inLanguage\":\"es\",\"potentialAction\":[{\"@type\":\"ReadAction\",\"target\":[\"https:\/\/www.jiproequip.com\/index.php\/producto\/accesorio-spin-jet-limpiador-de-suelos-o-pisos-con-agua-a-presion\/\"]}]},{\"@type\":\"ImageObject\",\"inLanguage\":\"es\",\"@id\":\"https:\/\/www.jiproequip.com\/index.php\/producto\/accesorio-spin-jet-limpiador-de-suelos-o-pisos-con-agua-a-presion\/#primaryimage\",\"url\":\"https:\/\/www.jiproequip.com\/wp-content\/uploads\/2023\/09\/Accesorio_limpiador_suelos_agua_presion_NLB_Columbec_02_B.png\",\"contentUrl\":\"https:\/\/www.jiproequip.com\/wp-content\/uploads\/2023\/09\/Accesorio_limpiador_suelos_agua_presion_NLB_Columbec_02_B.png\",\"width\":420,\"height\":315},{\"@type\":\"BreadcrumbList\",\"@id\":\"https:\/\/www.jiproequip.com\/index.php\/producto\/accesorio-spin-jet-limpiador-de-suelos-o-pisos-con-agua-a-presion\/#breadcrumb\",\"itemListElement\":[{\"@type\":\"ListItem\",\"position\":1,\"name\":\"Home\",\"item\":\"https:\/\/www.jiproequip.com\/\"},{\"@type\":\"ListItem\",\"position\":2,\"name\":\"Tienda\",\"item\":\"https:\/\/www.jiproequip.com\/index.php\/tienda\/\"},{\"@type\":\"ListItem\",\"position\":3,\"name\":\"Accesorio spin-jet, limpiador de suelos o pisos con agua a presi\u00f3n\"}]},{\"@type\":\"WebSite\",\"@id\":\"https:\/\/www.jiproequip.com\/#website\",\"url\":\"https:\/\/www.jiproequip.com\/\",\"name\":\"Ji-proequip\",\"description\":\"Venta de equipos industriales con servicio t\u00e9cnico especializado\",\"publisher\":{\"@id\":\"https:\/\/www.jiproequip.com\/#organization\"},\"potentialAction\":[{\"@type\":\"SearchAction\",\"target\":{\"@type\":\"EntryPoint\",\"urlTemplate\":\"https:\/\/www.jiproequip.com\/?s={search_term_string}\"},\"query-input\":{\"@type\":\"PropertyValueSpecification\",\"valueRequired\":true,\"valueName\":\"search_term_string\"}}],\"inLanguage\":\"es\"},{\"@type\":\"Organization\",\"@id\":\"https:\/\/www.jiproequip.com\/#organization\",\"name\":\"Ji-proequip\",\"url\":\"https:\/\/www.jiproequip.com\/\",\"logo\":{\"@type\":\"ImageObject\",\"inLanguage\":\"es\",\"@id\":\"https:\/\/www.jiproequip.com\/#\/schema\/logo\/image\/\",\"url\":\"https:\/\/www.jiproequip.com\/wp-content\/uploads\/2025\/06\/LOGO-JIproequip-2025.png\",\"contentUrl\":\"https:\/\/www.jiproequip.com\/wp-content\/uploads\/2025\/06\/LOGO-JIproequip-2025.png\",\"width\":2433,\"height\":596,\"caption\":\"Ji-proequip\"},\"image\":{\"@id\":\"https:\/\/www.jiproequip.com\/#\/schema\/logo\/image\/\"}}]}<\/script>\n<!-- \/ Yoast SEO plugin. -->","yoast_head_json":{"title":"Accesorio spin-jet, limpiador de suelos o pisos con agua a presi\u00f3n - Ji-proequip","robots":{"index":"index","follow":"follow","max-snippet":"max-snippet:-1","max-image-preview":"max-image-preview:large","max-video-preview":"max-video-preview:-1"},"canonical":"https:\/\/www.jiproequip.com\/index.php\/producto\/accesorio-spin-jet-limpiador-de-suelos-o-pisos-con-agua-a-presion\/","og_locale":"es_ES","og_type":"article","og_title":"Accesorio spin-jet, limpiador de suelos o pisos con agua a presi\u00f3n - Ji-proequip","og_description":"Accesorio spin-jet, limpiador de suelos o pisos con agua a presi\u00f3n Con este sistema de rotaci\u00f3n por agua a presi\u00f3n podr\u00e1 limpiar y tratar las superficies de suelos o pisos como talleres automotrices donde grasa y otros sedimentos se depositan y son dif\u00edciles de quitar. Su f\u00e1cil manejo hace que sea tan f\u00e1cil y sencillo [&hellip;]","og_url":"https:\/\/www.jiproequip.com\/index.php\/producto\/accesorio-spin-jet-limpiador-de-suelos-o-pisos-con-agua-a-presion\/","og_site_name":"Ji-proequip","article_modified_time":"2023-09-30T04:03:17+00:00","og_image":[{"width":420,"height":315,"url":"https:\/\/www.jiproequip.com\/wp-content\/uploads\/2023\/09\/Accesorio_limpiador_suelos_agua_presion_NLB_Columbec_02_B.png","type":"image\/png"}],"twitter_card":"summary_large_image","twitter_misc":{"Tiempo de lectura":"2 minutos"},"schema":{"@context":"https:\/\/schema.org","@graph":[{"@type":"WebPage","@id":"https:\/\/www.jiproequip.com\/index.php\/producto\/accesorio-spin-jet-limpiador-de-suelos-o-pisos-con-agua-a-presion\/","url":"https:\/\/www.jiproequip.com\/index.php\/producto\/accesorio-spin-jet-limpiador-de-suelos-o-pisos-con-agua-a-presion\/","name":"Accesorio spin-jet, limpiador de suelos o pisos con agua a presi\u00f3n - Ji-proequip","isPartOf":{"@id":"https:\/\/www.jiproequip.com\/#website"},"primaryImageOfPage":{"@id":"https:\/\/www.jiproequip.com\/index.php\/producto\/accesorio-spin-jet-limpiador-de-suelos-o-pisos-con-agua-a-presion\/#primaryimage"},"image":{"@id":"https:\/\/www.jiproequip.com\/index.php\/producto\/accesorio-spin-jet-limpiador-de-suelos-o-pisos-con-agua-a-presion\/#primaryimage"},"thumbnailUrl":"https:\/\/www.jiproequip.com\/wp-content\/uploads\/2023\/09\/Accesorio_limpiador_suelos_agua_presion_NLB_Columbec_02_B.png","datePublished":"2023-09-30T03:57:38+00:00","dateModified":"2023-09-30T04:03:17+00:00","breadcrumb":{"@id":"https:\/\/www.jiproequip.com\/index.php\/producto\/accesorio-spin-jet-limpiador-de-suelos-o-pisos-con-agua-a-presion\/#breadcrumb"},"inLanguage":"es","potentialAction":[{"@type":"ReadAction","target":["https:\/\/www.jiproequip.com\/index.php\/producto\/accesorio-spin-jet-limpiador-de-suelos-o-pisos-con-agua-a-presion\/"]}]},{"@type":"ImageObject","inLanguage":"es","@id":"https:\/\/www.jiproequip.com\/index.php\/producto\/accesorio-spin-jet-limpiador-de-suelos-o-pisos-con-agua-a-presion\/#primaryimage","url":"https:\/\/www.jiproequip.com\/wp-content\/uploads\/2023\/09\/Accesorio_limpiador_suelos_agua_presion_NLB_Columbec_02_B.png","contentUrl":"https:\/\/www.jiproequip.com\/wp-content\/uploads\/2023\/09\/Accesorio_limpiador_suelos_agua_presion_NLB_Columbec_02_B.png","width":420,"height":315},{"@type":"BreadcrumbList","@id":"https:\/\/www.jiproequip.com\/index.php\/producto\/accesorio-spin-jet-limpiador-de-suelos-o-pisos-con-agua-a-presion\/#breadcrumb","itemListElement":[{"@type":"ListItem","position":1,"name":"Home","item":"https:\/\/www.jiproequip.com\/"},{"@type":"ListItem","position":2,"name":"Tienda","item":"https:\/\/www.jiproequip.com\/index.php\/tienda\/"},{"@type":"ListItem","position":3,"name":"Accesorio spin-jet, limpiador de suelos o pisos con agua a presi\u00f3n"}]},{"@type":"WebSite","@id":"https:\/\/www.jiproequip.com\/#website","url":"https:\/\/www.jiproequip.com\/","name":"Ji-proequip","description":"Venta de equipos industriales con servicio t\u00e9cnico especializado","publisher":{"@id":"https:\/\/www.jiproequip.com\/#organization"},"potentialAction":[{"@type":"SearchAction","target":{"@type":"EntryPoint","urlTemplate":"https:\/\/www.jiproequip.com\/?s={search_term_string}"},"query-input":{"@type":"PropertyValueSpecification","valueRequired":true,"valueName":"search_term_string"}}],"inLanguage":"es"},{"@type":"Organization","@id":"https:\/\/www.jiproequip.com\/#organization","name":"Ji-proequip","url":"https:\/\/www.jiproequip.com\/","logo":{"@type":"ImageObject","inLanguage":"es","@id":"https:\/\/www.jiproequip.com\/#\/schema\/logo\/image\/","url":"https:\/\/www.jiproequip.com\/wp-content\/uploads\/2025\/06\/LOGO-JIproequip-2025.png","contentUrl":"https:\/\/www.jiproequip.com\/wp-content\/uploads\/2025\/06\/LOGO-JIproequip-2025.png","width":2433,"height":596,"caption":"Ji-proequip"},"image":{"@id":"https:\/\/www.jiproequip.com\/#\/schema\/logo\/image\/"}}]}},"uagb_featured_image_src":{"full":["https:\/\/www.jiproequip.com\/wp-content\/uploads\/2023\/09\/Accesorio_limpiador_suelos_agua_presion_NLB_Columbec_02_B.png",420,315,false],"thumbnail":["https:\/\/www.jiproequip.com\/wp-content\/uploads\/2023\/09\/Accesorio_limpiador_suelos_agua_presion_NLB_Columbec_02_B.png",150,113,false],"medium":["https:\/\/www.jiproequip.com\/wp-content\/uploads\/2023\/09\/Accesorio_limpiador_suelos_agua_presion_NLB_Columbec_02_B.png",300,225,false],"medium_large":["https:\/\/www.jiproequip.com\/wp-content\/uploads\/2023\/09\/Accesorio_limpiador_suelos_agua_presion_NLB_Columbec_02_B.png",420,315,false],"large":["https:\/\/www.jiproequip.com\/wp-content\/uploads\/2023\/09\/Accesorio_limpiador_suelos_agua_presion_NLB_Columbec_02_B.png",420,315,false],"1536x1536":["https:\/\/www.jiproequip.com\/wp-content\/uploads\/2023\/09\/Accesorio_limpiador_suelos_agua_presion_NLB_Columbec_02_B.png",420,315,false],"2048x2048":["https:\/\/www.jiproequip.com\/wp-content\/uploads\/2023\/09\/Accesorio_limpiador_suelos_agua_presion_NLB_Columbec_02_B.png",420,315,false],"mailpoet_newsletter_max":["https:\/\/www.jiproequip.com\/wp-content\/uploads\/2023\/09\/Accesorio_limpiador_suelos_agua_presion_NLB_Columbec_02_B.png",420,315,false],"woocommerce_thumbnail":["https:\/\/www.jiproequip.com\/wp-content\/uploads\/2023\/09\/Accesorio_limpiador_suelos_agua_presion_NLB_Columbec_02_B.png",300,225,false],"woocommerce_single":["https:\/\/www.jiproequip.com\/wp-content\/uploads\/2023\/09\/Accesorio_limpiador_suelos_agua_presion_NLB_Columbec_02_B.png",420,315,false],"woocommerce_gallery_thumbnail":["https:\/\/www.jiproequip.com\/wp-content\/uploads\/2023\/09\/Accesorio_limpiador_suelos_agua_presion_NLB_Columbec_02_B-100x100.png",100,100,true]},"uagb_author_info":{"display_name":"admin_jiproeq","author_link":"https:\/\/www.jiproequip.com\/index.php\/author\/"},"uagb_comment_info":0,"uagb_excerpt":"Accesorio spin-jet, limpiador de suelos o pisos con agua a presi\u00f3n Con este sistema de rotaci\u00f3n por agua a presi\u00f3n podr\u00e1 limpiar y tratar las superficies de suelos o pisos como talleres automotrices donde grasa y otros sedimentos se depositan y son dif\u00edciles de quitar. Su f\u00e1cil manejo hace que sea tan f\u00e1cil y sencillo&hellip;","jetpack_sharing_enabled":true,"_links":{"self":[{"href":"https:\/\/www.jiproequip.com\/index.php\/wp-json\/wp\/v2\/product\/1881","targetHints":{"allow":["GET"]}}],"collection":[{"href":"https:\/\/www.jiproequip.com\/index.php\/wp-json\/wp\/v2\/product"}],"about":[{"href":"https:\/\/www.jiproequip.com\/index.php\/wp-json\/wp\/v2\/types\/product"}],"replies":[{"embeddable":true,"href":"https:\/\/www.jiproequip.com\/index.php\/wp-json\/wp\/v2\/comments?post=1881"}],"wp:featuredmedia":[{"embeddable":true,"href":"https:\/\/www.jiproequip.com\/index.php\/wp-json\/wp\/v2\/media\/1883"}],"wp:attachment":[{"href":"https:\/\/www.jiproequip.com\/index.php\/wp-json\/wp\/v2\/media?parent=1881"}],"wp:term":[{"taxonomy":"product_brand","embeddable":true,"href":"https:\/\/www.jiproequip.com\/index.php\/wp-json\/wp\/v2\/product_brand?post=1881"},{"taxonomy":"product_cat","embeddable":true,"href":"https:\/\/www.jiproequip.com\/index.php\/wp-json\/wp\/v2\/product_cat?post=1881"},{"taxonomy":"product_tag","embeddable":true,"href":"https:\/\/www.jiproequip.com\/index.php\/wp-json\/wp\/v2\/product_tag?post=1881"}],"curies":[{"name":"wp","href":"https:\/\/api.w.org\/{rel}","templated":true}]}}