{"id":1891,"date":"2023-09-29T23:11:49","date_gmt":"2023-09-30T04:11:49","guid":{"rendered":"https:\/\/www.jiproequip.com\/?post_type=product&#038;p=1891"},"modified":"2025-08-20T14:01:31","modified_gmt":"2025-08-20T19:01:31","slug":"hidro-operadora-convertible-desde-6000-hasta-40000-psi","status":"publish","type":"product","link":"https:\/\/www.jiproequip.com\/index.php\/producto\/hidro-operadora-convertible-desde-6000-hasta-40000-psi\/","title":{"rendered":"Hidro-operadora convertible desde 6.000 hasta 40.000 PSI"},"content":{"rendered":"<div class=\"wp-block-stackable-column stk-block-column stk-column stk-block stk-a42bbec\" data-v=\"4\" data-block-id=\"a42bbec\">\r\n<div class=\"stk-column-wrapper stk-block-column__content stk-container stk-a42bbec-container stk--no-background stk--no-padding\">\r\n<div class=\"stk-block-content stk-inner-blocks stk-a42bbec-inner-blocks\"><div class=\"wp-block-stackable-carousel stk-block-carousel stk--is-slide stk--arrows-justify-space-between stk--arrows-align-center stk-block stk-6d5b6f7\" data-slides-to-show=\"\" data-block-id=\"6d5b6f7\">\r\n<div class=\"stk-block-carousel__content-wrapper\">\r\n<div class=\"stk-row stk-inner-blocks stk-block-content stk-block-carousel__slider-wrapper stk-content-align stk-6d5b6f7-column\">\r\n<div class=\"stk-block-carousel__slider\" role=\"list\" data-autoplay=\"4000\" data-label-slide-of=\"Slide %%d of %%d\"><div class=\"wp-block-stackable-column stk-block-column stk-column stk-block stk-5a69e44\" data-v=\"4\" data-block-id=\"5a69e44\">\r\n<div class=\"stk-column-wrapper stk-block-column__content stk-container stk-5a69e44-container stk--no-background stk--no-padding\">\r\n<div class=\"stk-block-content stk-inner-blocks stk-5a69e44-inner-blocks\"><div class=\"wp-block-stackable-image stk-block-image stk-block stk-64219fc\" data-block-id=\"64219fc\">\r\n<figure class=\"stk-img-wrapper stk-image--shape-stretch\"><img loading=\"lazy\" decoding=\"async\" class=\"stk-img        alignnone wp-image-1893 size-full\" src=\"http:\/\/https:\/\/www.jiproequip.com\/wp-content\/uploads\/2023\/09\/Hidrooperadora_alta_presion_NLB_columbec_B.png\" alt=\"\" width=\"420\" height=\"315\" \/><\/figure>\r\n<\/div><\/div>\r\n<\/div>\r\n<\/div><\/div>\r\n<\/div>\r\n<\/div>\r\n<\/div><\/div>\r\n<\/div>\r\n<\/div><div class=\"wp-block-stackable-column stk-block-column stk-column stk-block stk-776f52c\" data-v=\"4\" data-block-id=\"776f52c\">\r\n<div class=\"stk-column-wrapper stk-block-column__content stk-container stk-776f52c-container stk--no-background stk--no-padding\">\r\n<div class=\"stk-block-content stk-inner-blocks stk-776f52c-inner-blocks\"><div id=\"unidad-trifasica-de-lavado-de-alta-presion-de-agua-fria-a-2175-p-s-i\" class=\"wp-block-stackable-heading stk-block-heading stk-block-heading--v2 stk-block stk-6ead452 stk-block-background\" data-block-id=\"6ead452\">\r\n<div class=\"pl_i2t\">\r\n<div class=\"pl_i2t\">\r\n<div class=\"pl_i2t\">\r\n<div class=\"pl_i2t\">\r\n<div class=\"pl_i2t\">\r\n<div class=\"pl_i2t\">\r\n<div class=\"pl_i2t\">\r\n<div class=\"pl_i2t\">\r\n<h2>Hidro-operadora convertible desde 6.000 hasta 40.000 PSI<\/h2>\r\n<\/div>\r\n<\/div>\r\n<\/div>\r\n<\/div>\r\n<\/div>\r\n<\/div>\r\n<\/div>\r\n<\/div>\r\n<div class=\"pl_i2c\">\r\n<div class=\"pl_i2c\">\r\n<div class=\"pl_i2c\">Equipo de Water-Jetting para trabajar con alt\u00edsima presi\u00f3n en limpieza y preparaci\u00f3n de superficies, tubos, ca\u00f1er\u00edas de refrigeraci\u00f3n, tanques, chimeneas, pisos, suelos\u2026 Con su sistema de conversi\u00f3n el operador podr\u00e1 cambiar f\u00e1cilmente la presi\u00f3n entre 6.000 y 40.000 PSI.<br \/>\r\n<div>Innovador sistema para trabajos de alt\u00edsima presi\u00f3n Water-Jetting. Adem\u00e1s su dise\u00f1o permite convertir f\u00e1cilmente la bomba de presi\u00f3n. El dise\u00f1o en l\u00ednea de la bomba facilita el mantenimiento, limpieza y cambio de sus partes. Con su sistema de conversi\u00f3n el operador podr\u00e1 cambiar f\u00e1cilmente la presi\u00f3n entre 6.000 y 40.000 PSI (414 y 2.800 Bares)<br \/>Estas unidades han sido construidas con materiales y productos probados a lo largo de 40 a\u00f1os. El tr\u00e1iler en el que viene montada la unidad incorpora 4 discos electr\u00f3nicos de freno. 80 galones de combustible para operar con completa autonom\u00eda. Todos los controles de operaci\u00f3n est\u00e1n montados en un accesorio separado del manifold lo que ofrece protecci\u00f3n extra para estos importantes componentes.<br \/>El r\u00e1pido sistema de conversi\u00f3n permite a la bomba trabajar entre 6.000 y 40.000 PSI y hace que el mantenimiento sea f\u00e1cil y r\u00e1pido.Todos los controles de operaci\u00f3n, incluyendo la v\u00e1lvula by-pass para compensaci\u00f3n de presi\u00f3n, man\u00f3metro de presi\u00f3n con amortiguador, disco de ruptura est\u00e1n montados en un accesorio separado del manifold.<\/div>\r\n<\/div>\r\n<\/div>\r\n<\/div>\r\n<\/div>\r\n<\/div>\r\n<\/div>\r\n<\/div>","protected":false},"excerpt":{"rendered":"<p>Hidro-operadora convertible desde 6.000 hasta 40.000 PSI Equipo de Water-Jetting para trabajar con alt\u00edsima presi\u00f3n en limpieza y preparaci\u00f3n de superficies, tubos, ca\u00f1er\u00edas de refrigeraci\u00f3n, tanques, chimeneas, pisos, suelos\u2026 Con su sistema de conversi\u00f3n el operador podr\u00e1 cambiar f\u00e1cilmente la presi\u00f3n entre 6.000 y 40.000 PSI. Innovador sistema para trabajos de alt\u00edsima presi\u00f3n Water-Jetting. Adem\u00e1s [&hellip;]<\/p>\n","protected":false},"featured_media":1893,"comment_status":"open","ping_status":"closed","template":"","meta":{"_uag_custom_page_level_css":""},"product_brand":[],"product_cat":[40,21],"product_tag":[],"class_list":{"0":"post-1891","1":"product","2":"type-product","3":"status-publish","4":"has-post-thumbnail","6":"product_cat-hidro-operadoras","7":"product_cat-hidrolavadoras","9":"first","10":"instock","11":"shipping-taxable","12":"product-type-simple"},"yoast_head":"<!-- This site is optimized with the Yoast SEO plugin v25.2 - https:\/\/yoast.com\/wordpress\/plugins\/seo\/ -->\n<title>Hidro-operadora convertible desde 6.000 hasta 40.000 PSI - Ji-proequip<\/title>\n<meta name=\"robots\" content=\"index, follow, max-snippet:-1, max-image-preview:large, max-video-preview:-1\" \/>\n<link rel=\"canonical\" href=\"https:\/\/www.jiproequip.com\/index.php\/producto\/hidro-operadora-convertible-desde-6000-hasta-40000-psi\/\" \/>\n<meta property=\"og:locale\" content=\"es_ES\" \/>\n<meta property=\"og:type\" content=\"article\" \/>\n<meta property=\"og:title\" content=\"Hidro-operadora convertible desde 6.000 hasta 40.000 PSI - Ji-proequip\" \/>\n<meta property=\"og:description\" content=\"Hidro-operadora convertible desde 6.000 hasta 40.000 PSI Equipo de Water-Jetting para trabajar con alt\u00edsima presi\u00f3n en limpieza y preparaci\u00f3n de superficies, tubos, ca\u00f1er\u00edas de refrigeraci\u00f3n, tanques, chimeneas, pisos, suelos\u2026 Con su sistema de conversi\u00f3n el operador podr\u00e1 cambiar f\u00e1cilmente la presi\u00f3n entre 6.000 y 40.000 PSI. Innovador sistema para trabajos de alt\u00edsima presi\u00f3n Water-Jetting. Adem\u00e1s [&hellip;]\" \/>\n<meta property=\"og:url\" content=\"https:\/\/www.jiproequip.com\/index.php\/producto\/hidro-operadora-convertible-desde-6000-hasta-40000-psi\/\" \/>\n<meta property=\"og:site_name\" content=\"Ji-proequip\" \/>\n<meta property=\"article:modified_time\" content=\"2025-08-20T19:01:31+00:00\" \/>\n<meta property=\"og:image\" content=\"https:\/\/www.jiproequip.com\/wp-content\/uploads\/2023\/09\/Hidrooperadora_alta_presion_NLB_columbec_B.png\" \/>\n\t<meta property=\"og:image:width\" content=\"420\" \/>\n\t<meta property=\"og:image:height\" content=\"315\" \/>\n\t<meta property=\"og:image:type\" content=\"image\/png\" \/>\n<meta name=\"twitter:card\" content=\"summary_large_image\" \/>\n<meta name=\"twitter:label1\" content=\"Tiempo de lectura\" \/>\n\t<meta name=\"twitter:data1\" content=\"2 minutos\" \/>\n<script type=\"application\/ld+json\" class=\"yoast-schema-graph\">{\"@context\":\"https:\/\/schema.org\",\"@graph\":[{\"@type\":\"WebPage\",\"@id\":\"https:\/\/www.jiproequip.com\/index.php\/producto\/hidro-operadora-convertible-desde-6000-hasta-40000-psi\/\",\"url\":\"https:\/\/www.jiproequip.com\/index.php\/producto\/hidro-operadora-convertible-desde-6000-hasta-40000-psi\/\",\"name\":\"Hidro-operadora convertible desde 6.000 hasta 40.000 PSI - Ji-proequip\",\"isPartOf\":{\"@id\":\"https:\/\/www.jiproequip.com\/#website\"},\"primaryImageOfPage\":{\"@id\":\"https:\/\/www.jiproequip.com\/index.php\/producto\/hidro-operadora-convertible-desde-6000-hasta-40000-psi\/#primaryimage\"},\"image\":{\"@id\":\"https:\/\/www.jiproequip.com\/index.php\/producto\/hidro-operadora-convertible-desde-6000-hasta-40000-psi\/#primaryimage\"},\"thumbnailUrl\":\"https:\/\/www.jiproequip.com\/wp-content\/uploads\/2023\/09\/Hidrooperadora_alta_presion_NLB_columbec_B.png\",\"datePublished\":\"2023-09-30T04:11:49+00:00\",\"dateModified\":\"2025-08-20T19:01:31+00:00\",\"breadcrumb\":{\"@id\":\"https:\/\/www.jiproequip.com\/index.php\/producto\/hidro-operadora-convertible-desde-6000-hasta-40000-psi\/#breadcrumb\"},\"inLanguage\":\"es\",\"potentialAction\":[{\"@type\":\"ReadAction\",\"target\":[\"https:\/\/www.jiproequip.com\/index.php\/producto\/hidro-operadora-convertible-desde-6000-hasta-40000-psi\/\"]}]},{\"@type\":\"ImageObject\",\"inLanguage\":\"es\",\"@id\":\"https:\/\/www.jiproequip.com\/index.php\/producto\/hidro-operadora-convertible-desde-6000-hasta-40000-psi\/#primaryimage\",\"url\":\"https:\/\/www.jiproequip.com\/wp-content\/uploads\/2023\/09\/Hidrooperadora_alta_presion_NLB_columbec_B.png\",\"contentUrl\":\"https:\/\/www.jiproequip.com\/wp-content\/uploads\/2023\/09\/Hidrooperadora_alta_presion_NLB_columbec_B.png\",\"width\":420,\"height\":315},{\"@type\":\"BreadcrumbList\",\"@id\":\"https:\/\/www.jiproequip.com\/index.php\/producto\/hidro-operadora-convertible-desde-6000-hasta-40000-psi\/#breadcrumb\",\"itemListElement\":[{\"@type\":\"ListItem\",\"position\":1,\"name\":\"Home\",\"item\":\"https:\/\/www.jiproequip.com\/\"},{\"@type\":\"ListItem\",\"position\":2,\"name\":\"Tienda\",\"item\":\"https:\/\/www.jiproequip.com\/index.php\/tienda\/\"},{\"@type\":\"ListItem\",\"position\":3,\"name\":\"Hidro-operadora convertible desde 6.000 hasta 40.000 PSI\"}]},{\"@type\":\"WebSite\",\"@id\":\"https:\/\/www.jiproequip.com\/#website\",\"url\":\"https:\/\/www.jiproequip.com\/\",\"name\":\"Ji-proequip\",\"description\":\"Venta de equipos industriales con servicio t\u00e9cnico especializado\",\"publisher\":{\"@id\":\"https:\/\/www.jiproequip.com\/#organization\"},\"potentialAction\":[{\"@type\":\"SearchAction\",\"target\":{\"@type\":\"EntryPoint\",\"urlTemplate\":\"https:\/\/www.jiproequip.com\/?s={search_term_string}\"},\"query-input\":{\"@type\":\"PropertyValueSpecification\",\"valueRequired\":true,\"valueName\":\"search_term_string\"}}],\"inLanguage\":\"es\"},{\"@type\":\"Organization\",\"@id\":\"https:\/\/www.jiproequip.com\/#organization\",\"name\":\"Ji-proequip\",\"url\":\"https:\/\/www.jiproequip.com\/\",\"logo\":{\"@type\":\"ImageObject\",\"inLanguage\":\"es\",\"@id\":\"https:\/\/www.jiproequip.com\/#\/schema\/logo\/image\/\",\"url\":\"https:\/\/www.jiproequip.com\/wp-content\/uploads\/2025\/06\/LOGO-JIproequip-2025.png\",\"contentUrl\":\"https:\/\/www.jiproequip.com\/wp-content\/uploads\/2025\/06\/LOGO-JIproequip-2025.png\",\"width\":2433,\"height\":596,\"caption\":\"Ji-proequip\"},\"image\":{\"@id\":\"https:\/\/www.jiproequip.com\/#\/schema\/logo\/image\/\"}}]}<\/script>\n<!-- \/ Yoast SEO plugin. -->","yoast_head_json":{"title":"Hidro-operadora convertible desde 6.000 hasta 40.000 PSI - Ji-proequip","robots":{"index":"index","follow":"follow","max-snippet":"max-snippet:-1","max-image-preview":"max-image-preview:large","max-video-preview":"max-video-preview:-1"},"canonical":"https:\/\/www.jiproequip.com\/index.php\/producto\/hidro-operadora-convertible-desde-6000-hasta-40000-psi\/","og_locale":"es_ES","og_type":"article","og_title":"Hidro-operadora convertible desde 6.000 hasta 40.000 PSI - Ji-proequip","og_description":"Hidro-operadora convertible desde 6.000 hasta 40.000 PSI Equipo de Water-Jetting para trabajar con alt\u00edsima presi\u00f3n en limpieza y preparaci\u00f3n de superficies, tubos, ca\u00f1er\u00edas de refrigeraci\u00f3n, tanques, chimeneas, pisos, suelos\u2026 Con su sistema de conversi\u00f3n el operador podr\u00e1 cambiar f\u00e1cilmente la presi\u00f3n entre 6.000 y 40.000 PSI. Innovador sistema para trabajos de alt\u00edsima presi\u00f3n Water-Jetting. Adem\u00e1s [&hellip;]","og_url":"https:\/\/www.jiproequip.com\/index.php\/producto\/hidro-operadora-convertible-desde-6000-hasta-40000-psi\/","og_site_name":"Ji-proequip","article_modified_time":"2025-08-20T19:01:31+00:00","og_image":[{"width":420,"height":315,"url":"https:\/\/www.jiproequip.com\/wp-content\/uploads\/2023\/09\/Hidrooperadora_alta_presion_NLB_columbec_B.png","type":"image\/png"}],"twitter_card":"summary_large_image","twitter_misc":{"Tiempo de lectura":"2 minutos"},"schema":{"@context":"https:\/\/schema.org","@graph":[{"@type":"WebPage","@id":"https:\/\/www.jiproequip.com\/index.php\/producto\/hidro-operadora-convertible-desde-6000-hasta-40000-psi\/","url":"https:\/\/www.jiproequip.com\/index.php\/producto\/hidro-operadora-convertible-desde-6000-hasta-40000-psi\/","name":"Hidro-operadora convertible desde 6.000 hasta 40.000 PSI - Ji-proequip","isPartOf":{"@id":"https:\/\/www.jiproequip.com\/#website"},"primaryImageOfPage":{"@id":"https:\/\/www.jiproequip.com\/index.php\/producto\/hidro-operadora-convertible-desde-6000-hasta-40000-psi\/#primaryimage"},"image":{"@id":"https:\/\/www.jiproequip.com\/index.php\/producto\/hidro-operadora-convertible-desde-6000-hasta-40000-psi\/#primaryimage"},"thumbnailUrl":"https:\/\/www.jiproequip.com\/wp-content\/uploads\/2023\/09\/Hidrooperadora_alta_presion_NLB_columbec_B.png","datePublished":"2023-09-30T04:11:49+00:00","dateModified":"2025-08-20T19:01:31+00:00","breadcrumb":{"@id":"https:\/\/www.jiproequip.com\/index.php\/producto\/hidro-operadora-convertible-desde-6000-hasta-40000-psi\/#breadcrumb"},"inLanguage":"es","potentialAction":[{"@type":"ReadAction","target":["https:\/\/www.jiproequip.com\/index.php\/producto\/hidro-operadora-convertible-desde-6000-hasta-40000-psi\/"]}]},{"@type":"ImageObject","inLanguage":"es","@id":"https:\/\/www.jiproequip.com\/index.php\/producto\/hidro-operadora-convertible-desde-6000-hasta-40000-psi\/#primaryimage","url":"https:\/\/www.jiproequip.com\/wp-content\/uploads\/2023\/09\/Hidrooperadora_alta_presion_NLB_columbec_B.png","contentUrl":"https:\/\/www.jiproequip.com\/wp-content\/uploads\/2023\/09\/Hidrooperadora_alta_presion_NLB_columbec_B.png","width":420,"height":315},{"@type":"BreadcrumbList","@id":"https:\/\/www.jiproequip.com\/index.php\/producto\/hidro-operadora-convertible-desde-6000-hasta-40000-psi\/#breadcrumb","itemListElement":[{"@type":"ListItem","position":1,"name":"Home","item":"https:\/\/www.jiproequip.com\/"},{"@type":"ListItem","position":2,"name":"Tienda","item":"https:\/\/www.jiproequip.com\/index.php\/tienda\/"},{"@type":"ListItem","position":3,"name":"Hidro-operadora convertible desde 6.000 hasta 40.000 PSI"}]},{"@type":"WebSite","@id":"https:\/\/www.jiproequip.com\/#website","url":"https:\/\/www.jiproequip.com\/","name":"Ji-proequip","description":"Venta de equipos industriales con servicio t\u00e9cnico especializado","publisher":{"@id":"https:\/\/www.jiproequip.com\/#organization"},"potentialAction":[{"@type":"SearchAction","target":{"@type":"EntryPoint","urlTemplate":"https:\/\/www.jiproequip.com\/?s={search_term_string}"},"query-input":{"@type":"PropertyValueSpecification","valueRequired":true,"valueName":"search_term_string"}}],"inLanguage":"es"},{"@type":"Organization","@id":"https:\/\/www.jiproequip.com\/#organization","name":"Ji-proequip","url":"https:\/\/www.jiproequip.com\/","logo":{"@type":"ImageObject","inLanguage":"es","@id":"https:\/\/www.jiproequip.com\/#\/schema\/logo\/image\/","url":"https:\/\/www.jiproequip.com\/wp-content\/uploads\/2025\/06\/LOGO-JIproequip-2025.png","contentUrl":"https:\/\/www.jiproequip.com\/wp-content\/uploads\/2025\/06\/LOGO-JIproequip-2025.png","width":2433,"height":596,"caption":"Ji-proequip"},"image":{"@id":"https:\/\/www.jiproequip.com\/#\/schema\/logo\/image\/"}}]}},"uagb_featured_image_src":{"full":["https:\/\/www.jiproequip.com\/wp-content\/uploads\/2023\/09\/Hidrooperadora_alta_presion_NLB_columbec_B.png",420,315,false],"thumbnail":["https:\/\/www.jiproequip.com\/wp-content\/uploads\/2023\/09\/Hidrooperadora_alta_presion_NLB_columbec_B.png",150,113,false],"medium":["https:\/\/www.jiproequip.com\/wp-content\/uploads\/2023\/09\/Hidrooperadora_alta_presion_NLB_columbec_B.png",300,225,false],"medium_large":["https:\/\/www.jiproequip.com\/wp-content\/uploads\/2023\/09\/Hidrooperadora_alta_presion_NLB_columbec_B.png",420,315,false],"large":["https:\/\/www.jiproequip.com\/wp-content\/uploads\/2023\/09\/Hidrooperadora_alta_presion_NLB_columbec_B.png",420,315,false],"1536x1536":["https:\/\/www.jiproequip.com\/wp-content\/uploads\/2023\/09\/Hidrooperadora_alta_presion_NLB_columbec_B.png",420,315,false],"2048x2048":["https:\/\/www.jiproequip.com\/wp-content\/uploads\/2023\/09\/Hidrooperadora_alta_presion_NLB_columbec_B.png",420,315,false],"mailpoet_newsletter_max":["https:\/\/www.jiproequip.com\/wp-content\/uploads\/2023\/09\/Hidrooperadora_alta_presion_NLB_columbec_B.png",420,315,false],"woocommerce_thumbnail":["https:\/\/www.jiproequip.com\/wp-content\/uploads\/2023\/09\/Hidrooperadora_alta_presion_NLB_columbec_B.png",300,225,false],"woocommerce_single":["https:\/\/www.jiproequip.com\/wp-content\/uploads\/2023\/09\/Hidrooperadora_alta_presion_NLB_columbec_B.png",420,315,false],"woocommerce_gallery_thumbnail":["https:\/\/www.jiproequip.com\/wp-content\/uploads\/2023\/09\/Hidrooperadora_alta_presion_NLB_columbec_B-100x100.png",100,100,true]},"uagb_author_info":{"display_name":"admin_jiproeq","author_link":"https:\/\/www.jiproequip.com\/index.php\/author\/"},"uagb_comment_info":1,"uagb_excerpt":"Hidro-operadora convertible desde 6.000 hasta 40.000 PSI Equipo de Water-Jetting para trabajar con alt\u00edsima presi\u00f3n en limpieza y preparaci\u00f3n de superficies, tubos, ca\u00f1er\u00edas de refrigeraci\u00f3n, tanques, chimeneas, pisos, suelos\u2026 Con su sistema de conversi\u00f3n el operador podr\u00e1 cambiar f\u00e1cilmente la presi\u00f3n entre 6.000 y 40.000 PSI. Innovador sistema para trabajos de alt\u00edsima presi\u00f3n Water-Jetting. Adem\u00e1s&hellip;","jetpack_sharing_enabled":true,"_links":{"self":[{"href":"https:\/\/www.jiproequip.com\/index.php\/wp-json\/wp\/v2\/product\/1891","targetHints":{"allow":["GET"]}}],"collection":[{"href":"https:\/\/www.jiproequip.com\/index.php\/wp-json\/wp\/v2\/product"}],"about":[{"href":"https:\/\/www.jiproequip.com\/index.php\/wp-json\/wp\/v2\/types\/product"}],"replies":[{"embeddable":true,"href":"https:\/\/www.jiproequip.com\/index.php\/wp-json\/wp\/v2\/comments?post=1891"}],"wp:featuredmedia":[{"embeddable":true,"href":"https:\/\/www.jiproequip.com\/index.php\/wp-json\/wp\/v2\/media\/1893"}],"wp:attachment":[{"href":"https:\/\/www.jiproequip.com\/index.php\/wp-json\/wp\/v2\/media?parent=1891"}],"wp:term":[{"taxonomy":"product_brand","embeddable":true,"href":"https:\/\/www.jiproequip.com\/index.php\/wp-json\/wp\/v2\/product_brand?post=1891"},{"taxonomy":"product_cat","embeddable":true,"href":"https:\/\/www.jiproequip.com\/index.php\/wp-json\/wp\/v2\/product_cat?post=1891"},{"taxonomy":"product_tag","embeddable":true,"href":"https:\/\/www.jiproequip.com\/index.php\/wp-json\/wp\/v2\/product_tag?post=1891"}],"curies":[{"name":"wp","href":"https:\/\/api.w.org\/{rel}","templated":true}]}}