{"id":1930,"date":"2023-09-30T12:31:38","date_gmt":"2023-09-30T17:31:38","guid":{"rendered":"https:\/\/www.jiproequip.com\/?post_type=product&#038;p=1930"},"modified":"2023-09-30T12:34:39","modified_gmt":"2023-09-30T17:34:39","slug":"hidrolavadora-correa-fibra-carbono-3-500-psi","status":"publish","type":"product","link":"https:\/\/www.jiproequip.com\/index.php\/producto\/hidrolavadora-correa-fibra-carbono-3-500-psi\/","title":{"rendered":"Hidrolavadora con correa de fibra de carbono a 3.500 PSI"},"content":{"rendered":"<div class=\"wp-block-stackable-column stk-block-column stk-column stk-block stk-a42bbec\" data-v=\"4\" data-block-id=\"a42bbec\">\r\n<div class=\"stk-column-wrapper stk-block-column__content stk-container stk-a42bbec-container stk--no-background stk--no-padding\">\r\n<div class=\"stk-block-content stk-inner-blocks stk-a42bbec-inner-blocks\"><div class=\"wp-block-stackable-carousel stk-block-carousel stk--is-slide stk--arrows-justify-space-between stk--arrows-align-center stk-block stk-6d5b6f7\" data-slides-to-show=\"\" data-block-id=\"6d5b6f7\">\r\n<div class=\"stk-block-carousel__content-wrapper\">\r\n<div class=\"stk-row stk-inner-blocks stk-block-content stk-block-carousel__slider-wrapper stk-content-align stk-6d5b6f7-column\">\r\n<div class=\"stk-block-carousel__slider\" role=\"list\" data-autoplay=\"4000\" data-label-slide-of=\"Slide %%d of %%d\"><div class=\"wp-block-stackable-column stk-block-column stk-column stk-block stk-5a69e44\" data-v=\"4\" data-block-id=\"5a69e44\">\r\n<div class=\"stk-column-wrapper stk-block-column__content stk-container stk-5a69e44-container stk--no-background stk--no-padding\">\r\n<div class=\"stk-block-content stk-inner-blocks stk-5a69e44-inner-blocks\"><div class=\"wp-block-stackable-image stk-block-image stk-block stk-64219fc\" data-block-id=\"64219fc\">\r\n<figure class=\"stk-img-wrapper stk-image--shape-stretch\"><img loading=\"lazy\" decoding=\"async\" class=\"stk-img           alignnone wp-image-1932 \" src=\"http:\/\/https:\/\/www.jiproequip.com\/wp-content\/uploads\/2023\/09\/Hidrolavadora_correa_fibra_carbono_3500_psi_PressurePro_Columbec_B.png\" alt=\"\" width=\"462\" height=\"393\" \/><\/figure>\r\n<\/div><\/div>\r\n<\/div>\r\n<\/div><\/div>\r\n<\/div>\r\n<\/div>\r\n<\/div><\/div>\r\n<\/div>\r\n<\/div><div class=\"wp-block-stackable-column stk-block-column stk-column stk-block stk-776f52c\" data-v=\"4\" data-block-id=\"776f52c\">\r\n<div class=\"stk-column-wrapper stk-block-column__content stk-container stk-776f52c-container stk--no-background stk--no-padding\">\r\n<div class=\"stk-block-content stk-inner-blocks stk-776f52c-inner-blocks\"><div id=\"unidad-trifasica-de-lavado-de-alta-presion-de-agua-fria-a-2175-p-s-i\" class=\"wp-block-stackable-heading stk-block-heading stk-block-heading--v2 stk-block stk-6ead452 stk-block-background\" data-block-id=\"6ead452\">\r\n<div class=\"pl_i2t\">\r\n<div class=\"pl_i2t\">\r\n<div class=\"pl_i2t\">\r\n<div class=\"pl_i2t\">\r\n<div class=\"pl_i2t\">\r\n<div class=\"pl_i2t\">\r\n<div class=\"pl_i2t\">\r\n<div class=\"pl_i2t\">\r\n<div class=\"pl_i2t\">\r\n<div class=\"pl_i2t\">\r\n<div class=\"pl_i2t\">\r\n<div class=\"pl_i2t\">\r\n<div class=\"pl_i2t\">\r\n<h2>Hidrolavadora con correa de fibra de carbono a 3.500 PSI<\/h2>\r\n<\/div>\r\n<\/div>\r\n<\/div>\r\n<\/div>\r\n<\/div>\r\n<\/div>\r\n<\/div>\r\n<\/div>\r\n<\/div>\r\n<\/div>\r\n<\/div>\r\n<\/div>\r\n<\/div>\r\n<div class=\"pl_i2c\">\r\n<div class=\"pl_i2c\">\r\n<div class=\"pl_i2c\">\r\n<p>Lavadora de agua a presi\u00f3n con transmisi\u00f3n por correa hecha de fibra de carbono, mucho m\u00e1s resistente que aguanta m\u00e1s de 10.000 horas de trabajo. Con doble resorte acolchado anti vibraciones.<\/p>\r\n<p>Una hidrolavadora a presi\u00f3n con transmisi\u00f3n por correa tiene una bomba equipada con una polea accionada por una correa que corre alrededor de una polea conectada al motor. El sistema de polea permite el funcionamiento de la bomba a rpm mucho m\u00e1s bajas que la bomba de transmisi\u00f3n directa (normalmente 900-1700 rpm). Adem\u00e1s, una bomba con transmisi\u00f3n por correa tiene un c\u00e1rter con m\u00e1s capacidad de aceite y la bomba en s\u00ed est\u00e1 montada lejos del motor, lo que la a\u00edsla del calor que genera el motor. Estos factores, combinados con las bajas rpm, permiten que la bomba funcione a un nivel de menor temperatura que una bomba de transmisi\u00f3n directa. Y debido a que la bomba no est\u00e1 montada en el motor, vibra menos y sufre menos fatiga. Las lavadoras a presi\u00f3n con transmisi\u00f3n por correa ofrecen estos beneficios:<\/p>\r\n<p>Bajas rpm<\/p>\r\n<p>Menor temperatura de funcionamiento<\/p>\r\n<p>Menos vibraci\u00f3n y fatiga de la bomba<\/p>\r\n<p>Mayor vida \u00fatil de la bomba<\/p>\r\n<p>Motor Honda. Los motores de grado industrial ofrecen un funcionamiento libre de inconvenientes. En caso de que existan niveles bajos de aceite, el equipo se detendr\u00e1 autom\u00e1ticamente para evitar que se da\u00f1e. Encendido el\u00e9ctrico.<\/p>\r\n<p>Bomba de bajas rpm con sensor t\u00e9rmico de seguridad y filtro de agua 50 mesh.<\/p>\r\n<\/div>\r\n<br \/>\r\n<div>\r\n<p>&nbsp;<\/p>\r\n<\/div>\r\n<\/div>\r\n<\/div>\r\n<\/div>\r\n<\/div>\r\n<\/div>\r\n<\/div>","protected":false},"excerpt":{"rendered":"<p>Hidrolavadora con correa de fibra de carbono a 3.500 PSI Lavadora de agua a presi\u00f3n con transmisi\u00f3n por correa hecha de fibra de carbono, mucho m\u00e1s resistente que aguanta m\u00e1s de 10.000 horas de trabajo. Con doble resorte acolchado anti vibraciones. Una hidrolavadora a presi\u00f3n con transmisi\u00f3n por correa tiene una bomba equipada con una [&hellip;]<\/p>\n","protected":false},"featured_media":1932,"comment_status":"open","ping_status":"closed","template":"","meta":{"_uag_custom_page_level_css":""},"product_brand":[],"product_cat":[21],"product_tag":[],"class_list":{"0":"post-1930","1":"product","2":"type-product","3":"status-publish","4":"has-post-thumbnail","6":"product_cat-hidrolavadoras","8":"first","9":"instock","10":"shipping-taxable","11":"product-type-simple"},"yoast_head":"<!-- This site is optimized with the Yoast SEO plugin v25.2 - https:\/\/yoast.com\/wordpress\/plugins\/seo\/ -->\n<title>Hidrolavadora con correa de fibra de carbono a 3.500 PSI - Ji-proequip<\/title>\n<meta name=\"robots\" content=\"index, follow, max-snippet:-1, max-image-preview:large, max-video-preview:-1\" \/>\n<link rel=\"canonical\" href=\"https:\/\/www.jiproequip.com\/index.php\/producto\/hidrolavadora-correa-fibra-carbono-3-500-psi\/\" \/>\n<meta property=\"og:locale\" content=\"es_ES\" \/>\n<meta property=\"og:type\" content=\"article\" \/>\n<meta property=\"og:title\" content=\"Hidrolavadora con correa de fibra de carbono a 3.500 PSI - Ji-proequip\" \/>\n<meta property=\"og:description\" content=\"Hidrolavadora con correa de fibra de carbono a 3.500 PSI Lavadora de agua a presi\u00f3n con transmisi\u00f3n por correa hecha de fibra de carbono, mucho m\u00e1s resistente que aguanta m\u00e1s de 10.000 horas de trabajo. Con doble resorte acolchado anti vibraciones. Una hidrolavadora a presi\u00f3n con transmisi\u00f3n por correa tiene una bomba equipada con una [&hellip;]\" \/>\n<meta property=\"og:url\" content=\"https:\/\/www.jiproequip.com\/index.php\/producto\/hidrolavadora-correa-fibra-carbono-3-500-psi\/\" \/>\n<meta property=\"og:site_name\" content=\"Ji-proequip\" \/>\n<meta property=\"article:modified_time\" content=\"2023-09-30T17:34:39+00:00\" \/>\n<meta property=\"og:image\" content=\"https:\/\/www.jiproequip.com\/wp-content\/uploads\/2023\/09\/Hidrolavadora_correa_fibra_carbono_3500_psi_PressurePro_Columbec_B.png\" \/>\n\t<meta property=\"og:image:width\" content=\"800\" \/>\n\t<meta property=\"og:image:height\" content=\"681\" \/>\n\t<meta property=\"og:image:type\" content=\"image\/png\" \/>\n<meta name=\"twitter:card\" content=\"summary_large_image\" \/>\n<meta name=\"twitter:label1\" content=\"Tiempo de lectura\" \/>\n\t<meta name=\"twitter:data1\" content=\"2 minutos\" \/>\n<script type=\"application\/ld+json\" class=\"yoast-schema-graph\">{\"@context\":\"https:\/\/schema.org\",\"@graph\":[{\"@type\":\"WebPage\",\"@id\":\"https:\/\/www.jiproequip.com\/index.php\/producto\/hidrolavadora-correa-fibra-carbono-3-500-psi\/\",\"url\":\"https:\/\/www.jiproequip.com\/index.php\/producto\/hidrolavadora-correa-fibra-carbono-3-500-psi\/\",\"name\":\"Hidrolavadora con correa de fibra de carbono a 3.500 PSI - Ji-proequip\",\"isPartOf\":{\"@id\":\"https:\/\/www.jiproequip.com\/#website\"},\"primaryImageOfPage\":{\"@id\":\"https:\/\/www.jiproequip.com\/index.php\/producto\/hidrolavadora-correa-fibra-carbono-3-500-psi\/#primaryimage\"},\"image\":{\"@id\":\"https:\/\/www.jiproequip.com\/index.php\/producto\/hidrolavadora-correa-fibra-carbono-3-500-psi\/#primaryimage\"},\"thumbnailUrl\":\"https:\/\/www.jiproequip.com\/wp-content\/uploads\/2023\/09\/Hidrolavadora_correa_fibra_carbono_3500_psi_PressurePro_Columbec_B.png\",\"datePublished\":\"2023-09-30T17:31:38+00:00\",\"dateModified\":\"2023-09-30T17:34:39+00:00\",\"breadcrumb\":{\"@id\":\"https:\/\/www.jiproequip.com\/index.php\/producto\/hidrolavadora-correa-fibra-carbono-3-500-psi\/#breadcrumb\"},\"inLanguage\":\"es\",\"potentialAction\":[{\"@type\":\"ReadAction\",\"target\":[\"https:\/\/www.jiproequip.com\/index.php\/producto\/hidrolavadora-correa-fibra-carbono-3-500-psi\/\"]}]},{\"@type\":\"ImageObject\",\"inLanguage\":\"es\",\"@id\":\"https:\/\/www.jiproequip.com\/index.php\/producto\/hidrolavadora-correa-fibra-carbono-3-500-psi\/#primaryimage\",\"url\":\"https:\/\/www.jiproequip.com\/wp-content\/uploads\/2023\/09\/Hidrolavadora_correa_fibra_carbono_3500_psi_PressurePro_Columbec_B.png\",\"contentUrl\":\"https:\/\/www.jiproequip.com\/wp-content\/uploads\/2023\/09\/Hidrolavadora_correa_fibra_carbono_3500_psi_PressurePro_Columbec_B.png\",\"width\":800,\"height\":681},{\"@type\":\"BreadcrumbList\",\"@id\":\"https:\/\/www.jiproequip.com\/index.php\/producto\/hidrolavadora-correa-fibra-carbono-3-500-psi\/#breadcrumb\",\"itemListElement\":[{\"@type\":\"ListItem\",\"position\":1,\"name\":\"Home\",\"item\":\"https:\/\/www.jiproequip.com\/\"},{\"@type\":\"ListItem\",\"position\":2,\"name\":\"Tienda\",\"item\":\"https:\/\/www.jiproequip.com\/index.php\/tienda\/\"},{\"@type\":\"ListItem\",\"position\":3,\"name\":\"Hidrolavadora con correa de fibra de carbono a 3.500 PSI\"}]},{\"@type\":\"WebSite\",\"@id\":\"https:\/\/www.jiproequip.com\/#website\",\"url\":\"https:\/\/www.jiproequip.com\/\",\"name\":\"Ji-proequip\",\"description\":\"Venta de equipos industriales con servicio t\u00e9cnico especializado\",\"publisher\":{\"@id\":\"https:\/\/www.jiproequip.com\/#organization\"},\"potentialAction\":[{\"@type\":\"SearchAction\",\"target\":{\"@type\":\"EntryPoint\",\"urlTemplate\":\"https:\/\/www.jiproequip.com\/?s={search_term_string}\"},\"query-input\":{\"@type\":\"PropertyValueSpecification\",\"valueRequired\":true,\"valueName\":\"search_term_string\"}}],\"inLanguage\":\"es\"},{\"@type\":\"Organization\",\"@id\":\"https:\/\/www.jiproequip.com\/#organization\",\"name\":\"Ji-proequip\",\"url\":\"https:\/\/www.jiproequip.com\/\",\"logo\":{\"@type\":\"ImageObject\",\"inLanguage\":\"es\",\"@id\":\"https:\/\/www.jiproequip.com\/#\/schema\/logo\/image\/\",\"url\":\"https:\/\/www.jiproequip.com\/wp-content\/uploads\/2025\/06\/LOGO-JIproequip-2025.png\",\"contentUrl\":\"https:\/\/www.jiproequip.com\/wp-content\/uploads\/2025\/06\/LOGO-JIproequip-2025.png\",\"width\":2433,\"height\":596,\"caption\":\"Ji-proequip\"},\"image\":{\"@id\":\"https:\/\/www.jiproequip.com\/#\/schema\/logo\/image\/\"}}]}<\/script>\n<!-- \/ Yoast SEO plugin. -->","yoast_head_json":{"title":"Hidrolavadora con correa de fibra de carbono a 3.500 PSI - Ji-proequip","robots":{"index":"index","follow":"follow","max-snippet":"max-snippet:-1","max-image-preview":"max-image-preview:large","max-video-preview":"max-video-preview:-1"},"canonical":"https:\/\/www.jiproequip.com\/index.php\/producto\/hidrolavadora-correa-fibra-carbono-3-500-psi\/","og_locale":"es_ES","og_type":"article","og_title":"Hidrolavadora con correa de fibra de carbono a 3.500 PSI - Ji-proequip","og_description":"Hidrolavadora con correa de fibra de carbono a 3.500 PSI Lavadora de agua a presi\u00f3n con transmisi\u00f3n por correa hecha de fibra de carbono, mucho m\u00e1s resistente que aguanta m\u00e1s de 10.000 horas de trabajo. Con doble resorte acolchado anti vibraciones. Una hidrolavadora a presi\u00f3n con transmisi\u00f3n por correa tiene una bomba equipada con una [&hellip;]","og_url":"https:\/\/www.jiproequip.com\/index.php\/producto\/hidrolavadora-correa-fibra-carbono-3-500-psi\/","og_site_name":"Ji-proequip","article_modified_time":"2023-09-30T17:34:39+00:00","og_image":[{"width":800,"height":681,"url":"https:\/\/www.jiproequip.com\/wp-content\/uploads\/2023\/09\/Hidrolavadora_correa_fibra_carbono_3500_psi_PressurePro_Columbec_B.png","type":"image\/png"}],"twitter_card":"summary_large_image","twitter_misc":{"Tiempo de lectura":"2 minutos"},"schema":{"@context":"https:\/\/schema.org","@graph":[{"@type":"WebPage","@id":"https:\/\/www.jiproequip.com\/index.php\/producto\/hidrolavadora-correa-fibra-carbono-3-500-psi\/","url":"https:\/\/www.jiproequip.com\/index.php\/producto\/hidrolavadora-correa-fibra-carbono-3-500-psi\/","name":"Hidrolavadora con correa de fibra de carbono a 3.500 PSI - Ji-proequip","isPartOf":{"@id":"https:\/\/www.jiproequip.com\/#website"},"primaryImageOfPage":{"@id":"https:\/\/www.jiproequip.com\/index.php\/producto\/hidrolavadora-correa-fibra-carbono-3-500-psi\/#primaryimage"},"image":{"@id":"https:\/\/www.jiproequip.com\/index.php\/producto\/hidrolavadora-correa-fibra-carbono-3-500-psi\/#primaryimage"},"thumbnailUrl":"https:\/\/www.jiproequip.com\/wp-content\/uploads\/2023\/09\/Hidrolavadora_correa_fibra_carbono_3500_psi_PressurePro_Columbec_B.png","datePublished":"2023-09-30T17:31:38+00:00","dateModified":"2023-09-30T17:34:39+00:00","breadcrumb":{"@id":"https:\/\/www.jiproequip.com\/index.php\/producto\/hidrolavadora-correa-fibra-carbono-3-500-psi\/#breadcrumb"},"inLanguage":"es","potentialAction":[{"@type":"ReadAction","target":["https:\/\/www.jiproequip.com\/index.php\/producto\/hidrolavadora-correa-fibra-carbono-3-500-psi\/"]}]},{"@type":"ImageObject","inLanguage":"es","@id":"https:\/\/www.jiproequip.com\/index.php\/producto\/hidrolavadora-correa-fibra-carbono-3-500-psi\/#primaryimage","url":"https:\/\/www.jiproequip.com\/wp-content\/uploads\/2023\/09\/Hidrolavadora_correa_fibra_carbono_3500_psi_PressurePro_Columbec_B.png","contentUrl":"https:\/\/www.jiproequip.com\/wp-content\/uploads\/2023\/09\/Hidrolavadora_correa_fibra_carbono_3500_psi_PressurePro_Columbec_B.png","width":800,"height":681},{"@type":"BreadcrumbList","@id":"https:\/\/www.jiproequip.com\/index.php\/producto\/hidrolavadora-correa-fibra-carbono-3-500-psi\/#breadcrumb","itemListElement":[{"@type":"ListItem","position":1,"name":"Home","item":"https:\/\/www.jiproequip.com\/"},{"@type":"ListItem","position":2,"name":"Tienda","item":"https:\/\/www.jiproequip.com\/index.php\/tienda\/"},{"@type":"ListItem","position":3,"name":"Hidrolavadora con correa de fibra de carbono a 3.500 PSI"}]},{"@type":"WebSite","@id":"https:\/\/www.jiproequip.com\/#website","url":"https:\/\/www.jiproequip.com\/","name":"Ji-proequip","description":"Venta de equipos industriales con servicio t\u00e9cnico especializado","publisher":{"@id":"https:\/\/www.jiproequip.com\/#organization"},"potentialAction":[{"@type":"SearchAction","target":{"@type":"EntryPoint","urlTemplate":"https:\/\/www.jiproequip.com\/?s={search_term_string}"},"query-input":{"@type":"PropertyValueSpecification","valueRequired":true,"valueName":"search_term_string"}}],"inLanguage":"es"},{"@type":"Organization","@id":"https:\/\/www.jiproequip.com\/#organization","name":"Ji-proequip","url":"https:\/\/www.jiproequip.com\/","logo":{"@type":"ImageObject","inLanguage":"es","@id":"https:\/\/www.jiproequip.com\/#\/schema\/logo\/image\/","url":"https:\/\/www.jiproequip.com\/wp-content\/uploads\/2025\/06\/LOGO-JIproequip-2025.png","contentUrl":"https:\/\/www.jiproequip.com\/wp-content\/uploads\/2025\/06\/LOGO-JIproequip-2025.png","width":2433,"height":596,"caption":"Ji-proequip"},"image":{"@id":"https:\/\/www.jiproequip.com\/#\/schema\/logo\/image\/"}}]}},"uagb_featured_image_src":{"full":["https:\/\/www.jiproequip.com\/wp-content\/uploads\/2023\/09\/Hidrolavadora_correa_fibra_carbono_3500_psi_PressurePro_Columbec_B.png",800,681,false],"thumbnail":["https:\/\/www.jiproequip.com\/wp-content\/uploads\/2023\/09\/Hidrolavadora_correa_fibra_carbono_3500_psi_PressurePro_Columbec_B.png",150,128,false],"medium":["https:\/\/www.jiproequip.com\/wp-content\/uploads\/2023\/09\/Hidrolavadora_correa_fibra_carbono_3500_psi_PressurePro_Columbec_B.png",300,255,false],"medium_large":["https:\/\/www.jiproequip.com\/wp-content\/uploads\/2023\/09\/Hidrolavadora_correa_fibra_carbono_3500_psi_PressurePro_Columbec_B.png",768,654,false],"large":["https:\/\/www.jiproequip.com\/wp-content\/uploads\/2023\/09\/Hidrolavadora_correa_fibra_carbono_3500_psi_PressurePro_Columbec_B.png",800,681,false],"1536x1536":["https:\/\/www.jiproequip.com\/wp-content\/uploads\/2023\/09\/Hidrolavadora_correa_fibra_carbono_3500_psi_PressurePro_Columbec_B.png",800,681,false],"2048x2048":["https:\/\/www.jiproequip.com\/wp-content\/uploads\/2023\/09\/Hidrolavadora_correa_fibra_carbono_3500_psi_PressurePro_Columbec_B.png",800,681,false],"mailpoet_newsletter_max":["https:\/\/www.jiproequip.com\/wp-content\/uploads\/2023\/09\/Hidrolavadora_correa_fibra_carbono_3500_psi_PressurePro_Columbec_B.png",800,681,false],"woocommerce_thumbnail":["https:\/\/www.jiproequip.com\/wp-content\/uploads\/2023\/09\/Hidrolavadora_correa_fibra_carbono_3500_psi_PressurePro_Columbec_B.png",300,255,false],"woocommerce_single":["https:\/\/www.jiproequip.com\/wp-content\/uploads\/2023\/09\/Hidrolavadora_correa_fibra_carbono_3500_psi_PressurePro_Columbec_B.png",600,511,false],"woocommerce_gallery_thumbnail":["https:\/\/www.jiproequip.com\/wp-content\/uploads\/2023\/09\/Hidrolavadora_correa_fibra_carbono_3500_psi_PressurePro_Columbec_B-100x100.png",100,100,true]},"uagb_author_info":{"display_name":"admin_jiproeq","author_link":"https:\/\/www.jiproequip.com\/index.php\/author\/"},"uagb_comment_info":0,"uagb_excerpt":"Hidrolavadora con correa de fibra de carbono a 3.500 PSI Lavadora de agua a presi\u00f3n con transmisi\u00f3n por correa hecha de fibra de carbono, mucho m\u00e1s resistente que aguanta m\u00e1s de 10.000 horas de trabajo. Con doble resorte acolchado anti vibraciones. Una hidrolavadora a presi\u00f3n con transmisi\u00f3n por correa tiene una bomba equipada con una&hellip;","jetpack_sharing_enabled":true,"_links":{"self":[{"href":"https:\/\/www.jiproequip.com\/index.php\/wp-json\/wp\/v2\/product\/1930","targetHints":{"allow":["GET"]}}],"collection":[{"href":"https:\/\/www.jiproequip.com\/index.php\/wp-json\/wp\/v2\/product"}],"about":[{"href":"https:\/\/www.jiproequip.com\/index.php\/wp-json\/wp\/v2\/types\/product"}],"replies":[{"embeddable":true,"href":"https:\/\/www.jiproequip.com\/index.php\/wp-json\/wp\/v2\/comments?post=1930"}],"wp:featuredmedia":[{"embeddable":true,"href":"https:\/\/www.jiproequip.com\/index.php\/wp-json\/wp\/v2\/media\/1932"}],"wp:attachment":[{"href":"https:\/\/www.jiproequip.com\/index.php\/wp-json\/wp\/v2\/media?parent=1930"}],"wp:term":[{"taxonomy":"product_brand","embeddable":true,"href":"https:\/\/www.jiproequip.com\/index.php\/wp-json\/wp\/v2\/product_brand?post=1930"},{"taxonomy":"product_cat","embeddable":true,"href":"https:\/\/www.jiproequip.com\/index.php\/wp-json\/wp\/v2\/product_cat?post=1930"},{"taxonomy":"product_tag","embeddable":true,"href":"https:\/\/www.jiproequip.com\/index.php\/wp-json\/wp\/v2\/product_tag?post=1930"}],"curies":[{"name":"wp","href":"https:\/\/api.w.org\/{rel}","templated":true}]}}