{"id":1967,"date":"2023-09-30T14:02:57","date_gmt":"2023-09-30T19:02:57","guid":{"rendered":"https:\/\/www.jiproequip.com\/?post_type=product&#038;p=1967"},"modified":"2023-09-30T14:10:14","modified_gmt":"2023-09-30T19:10:14","slug":"hidrolavadora-a-gasolina-agua-fria-y-agua-caliente-2-500-psi","status":"publish","type":"product","link":"https:\/\/www.jiproequip.com\/index.php\/producto\/hidrolavadora-a-gasolina-agua-fria-y-agua-caliente-2-500-psi\/","title":{"rendered":"Hidrolavadora a gasolina agua fr\u00eda y agua caliente, 2.500 PSI"},"content":{"rendered":"<div class=\"wp-block-stackable-column stk-block-column stk-column stk-block stk-a42bbec\" data-v=\"4\" data-block-id=\"a42bbec\">\r\n<div class=\"stk-column-wrapper stk-block-column__content stk-container stk-a42bbec-container stk--no-background stk--no-padding\">\r\n<div class=\"stk-block-content stk-inner-blocks stk-a42bbec-inner-blocks\"><div class=\"wp-block-stackable-carousel stk-block-carousel stk--is-slide stk--arrows-justify-space-between stk--arrows-align-center stk-block stk-6d5b6f7\" data-slides-to-show=\"\" data-block-id=\"6d5b6f7\">\r\n<div class=\"stk-block-carousel__content-wrapper\">\r\n<div class=\"stk-row stk-inner-blocks stk-block-content stk-block-carousel__slider-wrapper stk-content-align stk-6d5b6f7-column\">\r\n<div class=\"stk-block-carousel__slider\" role=\"list\" data-autoplay=\"4000\" data-label-slide-of=\"Slide %%d of %%d\"><div class=\"wp-block-stackable-column stk-block-column stk-column stk-block stk-5a69e44\" data-v=\"4\" data-block-id=\"5a69e44\">\r\n<div class=\"stk-column-wrapper stk-block-column__content stk-container stk-5a69e44-container stk--no-background stk--no-padding\">\r\n<div class=\"stk-block-content stk-inner-blocks stk-5a69e44-inner-blocks\"><div class=\"wp-block-stackable-image stk-block-image stk-block stk-64219fc\" data-block-id=\"64219fc\">\r\n<figure class=\"stk-img-wrapper stk-image--shape-stretch\"><img loading=\"lazy\" decoding=\"async\" class=\"stk-img              alignnone wp-image-1969 size-full\" src=\"http:\/\/https:\/\/www.jiproequip.com\/wp-content\/uploads\/2023\/09\/Hidrolavadora_gasolina_agua_fria_caliente_PressurePro_Columbec_B.png\" alt=\"\" width=\"500\" height=\"500\" \/><\/figure>\r\n<\/div><\/div>\r\n<\/div>\r\n<\/div><\/div>\r\n<\/div>\r\n<\/div>\r\n<\/div><\/div>\r\n<\/div>\r\n<\/div><div class=\"wp-block-stackable-column stk-block-column stk-column stk-block stk-776f52c\" data-v=\"4\" data-block-id=\"776f52c\">\r\n<div class=\"stk-column-wrapper stk-block-column__content stk-container stk-776f52c-container stk--no-background stk--no-padding\">\r\n<div class=\"stk-block-content stk-inner-blocks stk-776f52c-inner-blocks\"><div id=\"unidad-trifasica-de-lavado-de-alta-presion-de-agua-fria-a-2175-p-s-i\" class=\"wp-block-stackable-heading stk-block-heading stk-block-heading--v2 stk-block stk-6ead452 stk-block-background\" data-block-id=\"6ead452\">\r\n<div class=\"pl_i2t\">\r\n<div class=\"pl_i2t\">\r\n<div class=\"pl_i2t\">\r\n<div class=\"pl_i2t\">\r\n<div class=\"pl_i2t\">\r\n<div class=\"pl_i2t\">\r\n<div class=\"pl_i2t\">\r\n<div class=\"pl_i2t\">\r\n<div class=\"pl_i2t\">\r\n<div class=\"pl_i2t\">\r\n<div class=\"pl_i2t\">\r\n<div class=\"pl_i2t\">\r\n<div class=\"pl_i2t\">\r\n<div class=\"pl_i2t\">\r\n<div class=\"pl_i2t\">\r\n<div class=\"pl_i2t\">\r\n<h2>Hidrolavadora a gasolina agua fr\u00eda y agua caliente, 2.500 PSI<\/h2>\r\n<\/div>\r\n<\/div>\r\n<\/div>\r\n<\/div>\r\n<\/div>\r\n<\/div>\r\n<\/div>\r\n<\/div>\r\n<\/div>\r\n<\/div>\r\n<\/div>\r\n<\/div>\r\n<\/div>\r\n<\/div>\r\n<\/div>\r\n<\/div>\r\n<div class=\"pl_i2c\">\r\n<div class=\"pl_i2c\">\r\n<div class=\"pl_i2c\">Robusta construcci\u00f3n met\u00e1lica con pintura en polvo y con jaula y gancho de levantamiento. Provee 3 galones por minuto a alta presi\u00f3n de 2.500 PSI. Bomba de acoplamiento directo al motor. Tanque de 8 galones de di\u00e9sel para caldero de agua caliente con filtro.<\/div>\r\n<div>Llantas neum\u00e1ticas de 13\u201d. Agua fr\u00eda y caliente. Serpent\u00edn cedula 80 con c\u00e1mara de aislamiento t\u00e9cnico. Protecci\u00f3n de serpent\u00edn en acero inoxidable. Motor grado industrial \u2013 comercial. Protecci\u00f3n de sobre temperatura. V\u00e1lvula de alivio de presi\u00f3n. Termosensor que previene el sobrecalentamiento del bypass.<\/div>\r\n<br \/>\r\n<div>\r\n<p>&nbsp;<\/p>\r\n<\/div>\r\n<\/div>\r\n<\/div>\r\n<\/div>\r\n<\/div>\r\n<\/div>\r\n<\/div>","protected":false},"excerpt":{"rendered":"<p>Hidrolavadora a gasolina agua fr\u00eda y agua caliente, 2.500 PSI Robusta construcci\u00f3n met\u00e1lica con pintura en polvo y con jaula y gancho de levantamiento. Provee 3 galones por minuto a alta presi\u00f3n de 2.500 PSI. Bomba de acoplamiento directo al motor. Tanque de 8 galones de di\u00e9sel para caldero de agua caliente con filtro. Llantas [&hellip;]<\/p>\n","protected":false},"featured_media":1969,"comment_status":"open","ping_status":"closed","template":"","meta":{"_uag_custom_page_level_css":""},"product_brand":[],"product_cat":[21],"product_tag":[],"class_list":{"0":"post-1967","1":"product","2":"type-product","3":"status-publish","4":"has-post-thumbnail","6":"product_cat-hidrolavadoras","8":"first","9":"instock","10":"shipping-taxable","11":"product-type-simple"},"yoast_head":"<!-- This site is optimized with the Yoast SEO plugin v25.2 - https:\/\/yoast.com\/wordpress\/plugins\/seo\/ -->\n<title>Hidrolavadora a gasolina agua fr\u00eda y agua caliente, 2.500 PSI - Ji-proequip<\/title>\n<meta name=\"robots\" content=\"index, follow, max-snippet:-1, max-image-preview:large, max-video-preview:-1\" \/>\n<link rel=\"canonical\" href=\"https:\/\/www.jiproequip.com\/index.php\/producto\/hidrolavadora-a-gasolina-agua-fria-y-agua-caliente-2-500-psi\/\" \/>\n<meta property=\"og:locale\" content=\"es_ES\" \/>\n<meta property=\"og:type\" content=\"article\" \/>\n<meta property=\"og:title\" content=\"Hidrolavadora a gasolina agua fr\u00eda y agua caliente, 2.500 PSI - Ji-proequip\" \/>\n<meta property=\"og:description\" content=\"Hidrolavadora a gasolina agua fr\u00eda y agua caliente, 2.500 PSI Robusta construcci\u00f3n met\u00e1lica con pintura en polvo y con jaula y gancho de levantamiento. Provee 3 galones por minuto a alta presi\u00f3n de 2.500 PSI. Bomba de acoplamiento directo al motor. Tanque de 8 galones de di\u00e9sel para caldero de agua caliente con filtro. Llantas [&hellip;]\" \/>\n<meta property=\"og:url\" content=\"https:\/\/www.jiproequip.com\/index.php\/producto\/hidrolavadora-a-gasolina-agua-fria-y-agua-caliente-2-500-psi\/\" \/>\n<meta property=\"og:site_name\" content=\"Ji-proequip\" \/>\n<meta property=\"article:modified_time\" content=\"2023-09-30T19:10:14+00:00\" \/>\n<meta property=\"og:image\" content=\"https:\/\/www.jiproequip.com\/wp-content\/uploads\/2023\/09\/Hidrolavadora_gasolina_agua_fria_caliente_PressurePro_Columbec_B.png\" \/>\n\t<meta property=\"og:image:width\" content=\"500\" \/>\n\t<meta property=\"og:image:height\" content=\"500\" \/>\n\t<meta property=\"og:image:type\" content=\"image\/png\" \/>\n<meta name=\"twitter:card\" content=\"summary_large_image\" \/>\n<meta name=\"twitter:label1\" content=\"Tiempo de lectura\" \/>\n\t<meta name=\"twitter:data1\" content=\"1 minuto\" \/>\n<script type=\"application\/ld+json\" class=\"yoast-schema-graph\">{\"@context\":\"https:\/\/schema.org\",\"@graph\":[{\"@type\":\"WebPage\",\"@id\":\"https:\/\/www.jiproequip.com\/index.php\/producto\/hidrolavadora-a-gasolina-agua-fria-y-agua-caliente-2-500-psi\/\",\"url\":\"https:\/\/www.jiproequip.com\/index.php\/producto\/hidrolavadora-a-gasolina-agua-fria-y-agua-caliente-2-500-psi\/\",\"name\":\"Hidrolavadora a gasolina agua fr\u00eda y agua caliente, 2.500 PSI - Ji-proequip\",\"isPartOf\":{\"@id\":\"https:\/\/www.jiproequip.com\/#website\"},\"primaryImageOfPage\":{\"@id\":\"https:\/\/www.jiproequip.com\/index.php\/producto\/hidrolavadora-a-gasolina-agua-fria-y-agua-caliente-2-500-psi\/#primaryimage\"},\"image\":{\"@id\":\"https:\/\/www.jiproequip.com\/index.php\/producto\/hidrolavadora-a-gasolina-agua-fria-y-agua-caliente-2-500-psi\/#primaryimage\"},\"thumbnailUrl\":\"https:\/\/www.jiproequip.com\/wp-content\/uploads\/2023\/09\/Hidrolavadora_gasolina_agua_fria_caliente_PressurePro_Columbec_B.png\",\"datePublished\":\"2023-09-30T19:02:57+00:00\",\"dateModified\":\"2023-09-30T19:10:14+00:00\",\"breadcrumb\":{\"@id\":\"https:\/\/www.jiproequip.com\/index.php\/producto\/hidrolavadora-a-gasolina-agua-fria-y-agua-caliente-2-500-psi\/#breadcrumb\"},\"inLanguage\":\"es\",\"potentialAction\":[{\"@type\":\"ReadAction\",\"target\":[\"https:\/\/www.jiproequip.com\/index.php\/producto\/hidrolavadora-a-gasolina-agua-fria-y-agua-caliente-2-500-psi\/\"]}]},{\"@type\":\"ImageObject\",\"inLanguage\":\"es\",\"@id\":\"https:\/\/www.jiproequip.com\/index.php\/producto\/hidrolavadora-a-gasolina-agua-fria-y-agua-caliente-2-500-psi\/#primaryimage\",\"url\":\"https:\/\/www.jiproequip.com\/wp-content\/uploads\/2023\/09\/Hidrolavadora_gasolina_agua_fria_caliente_PressurePro_Columbec_B.png\",\"contentUrl\":\"https:\/\/www.jiproequip.com\/wp-content\/uploads\/2023\/09\/Hidrolavadora_gasolina_agua_fria_caliente_PressurePro_Columbec_B.png\",\"width\":500,\"height\":500},{\"@type\":\"BreadcrumbList\",\"@id\":\"https:\/\/www.jiproequip.com\/index.php\/producto\/hidrolavadora-a-gasolina-agua-fria-y-agua-caliente-2-500-psi\/#breadcrumb\",\"itemListElement\":[{\"@type\":\"ListItem\",\"position\":1,\"name\":\"Home\",\"item\":\"https:\/\/www.jiproequip.com\/\"},{\"@type\":\"ListItem\",\"position\":2,\"name\":\"Tienda\",\"item\":\"https:\/\/www.jiproequip.com\/index.php\/tienda\/\"},{\"@type\":\"ListItem\",\"position\":3,\"name\":\"Hidrolavadora a gasolina agua fr\u00eda y agua caliente, 2.500 PSI\"}]},{\"@type\":\"WebSite\",\"@id\":\"https:\/\/www.jiproequip.com\/#website\",\"url\":\"https:\/\/www.jiproequip.com\/\",\"name\":\"Ji-proequip\",\"description\":\"Venta de equipos industriales con servicio t\u00e9cnico especializado\",\"publisher\":{\"@id\":\"https:\/\/www.jiproequip.com\/#organization\"},\"potentialAction\":[{\"@type\":\"SearchAction\",\"target\":{\"@type\":\"EntryPoint\",\"urlTemplate\":\"https:\/\/www.jiproequip.com\/?s={search_term_string}\"},\"query-input\":{\"@type\":\"PropertyValueSpecification\",\"valueRequired\":true,\"valueName\":\"search_term_string\"}}],\"inLanguage\":\"es\"},{\"@type\":\"Organization\",\"@id\":\"https:\/\/www.jiproequip.com\/#organization\",\"name\":\"Ji-proequip\",\"url\":\"https:\/\/www.jiproequip.com\/\",\"logo\":{\"@type\":\"ImageObject\",\"inLanguage\":\"es\",\"@id\":\"https:\/\/www.jiproequip.com\/#\/schema\/logo\/image\/\",\"url\":\"https:\/\/www.jiproequip.com\/wp-content\/uploads\/2025\/06\/LOGO-JIproequip-2025.png\",\"contentUrl\":\"https:\/\/www.jiproequip.com\/wp-content\/uploads\/2025\/06\/LOGO-JIproequip-2025.png\",\"width\":2433,\"height\":596,\"caption\":\"Ji-proequip\"},\"image\":{\"@id\":\"https:\/\/www.jiproequip.com\/#\/schema\/logo\/image\/\"}}]}<\/script>\n<!-- \/ Yoast SEO plugin. -->","yoast_head_json":{"title":"Hidrolavadora a gasolina agua fr\u00eda y agua caliente, 2.500 PSI - Ji-proequip","robots":{"index":"index","follow":"follow","max-snippet":"max-snippet:-1","max-image-preview":"max-image-preview:large","max-video-preview":"max-video-preview:-1"},"canonical":"https:\/\/www.jiproequip.com\/index.php\/producto\/hidrolavadora-a-gasolina-agua-fria-y-agua-caliente-2-500-psi\/","og_locale":"es_ES","og_type":"article","og_title":"Hidrolavadora a gasolina agua fr\u00eda y agua caliente, 2.500 PSI - Ji-proequip","og_description":"Hidrolavadora a gasolina agua fr\u00eda y agua caliente, 2.500 PSI Robusta construcci\u00f3n met\u00e1lica con pintura en polvo y con jaula y gancho de levantamiento. Provee 3 galones por minuto a alta presi\u00f3n de 2.500 PSI. Bomba de acoplamiento directo al motor. Tanque de 8 galones de di\u00e9sel para caldero de agua caliente con filtro. Llantas [&hellip;]","og_url":"https:\/\/www.jiproequip.com\/index.php\/producto\/hidrolavadora-a-gasolina-agua-fria-y-agua-caliente-2-500-psi\/","og_site_name":"Ji-proequip","article_modified_time":"2023-09-30T19:10:14+00:00","og_image":[{"width":500,"height":500,"url":"https:\/\/www.jiproequip.com\/wp-content\/uploads\/2023\/09\/Hidrolavadora_gasolina_agua_fria_caliente_PressurePro_Columbec_B.png","type":"image\/png"}],"twitter_card":"summary_large_image","twitter_misc":{"Tiempo de lectura":"1 minuto"},"schema":{"@context":"https:\/\/schema.org","@graph":[{"@type":"WebPage","@id":"https:\/\/www.jiproequip.com\/index.php\/producto\/hidrolavadora-a-gasolina-agua-fria-y-agua-caliente-2-500-psi\/","url":"https:\/\/www.jiproequip.com\/index.php\/producto\/hidrolavadora-a-gasolina-agua-fria-y-agua-caliente-2-500-psi\/","name":"Hidrolavadora a gasolina agua fr\u00eda y agua caliente, 2.500 PSI - Ji-proequip","isPartOf":{"@id":"https:\/\/www.jiproequip.com\/#website"},"primaryImageOfPage":{"@id":"https:\/\/www.jiproequip.com\/index.php\/producto\/hidrolavadora-a-gasolina-agua-fria-y-agua-caliente-2-500-psi\/#primaryimage"},"image":{"@id":"https:\/\/www.jiproequip.com\/index.php\/producto\/hidrolavadora-a-gasolina-agua-fria-y-agua-caliente-2-500-psi\/#primaryimage"},"thumbnailUrl":"https:\/\/www.jiproequip.com\/wp-content\/uploads\/2023\/09\/Hidrolavadora_gasolina_agua_fria_caliente_PressurePro_Columbec_B.png","datePublished":"2023-09-30T19:02:57+00:00","dateModified":"2023-09-30T19:10:14+00:00","breadcrumb":{"@id":"https:\/\/www.jiproequip.com\/index.php\/producto\/hidrolavadora-a-gasolina-agua-fria-y-agua-caliente-2-500-psi\/#breadcrumb"},"inLanguage":"es","potentialAction":[{"@type":"ReadAction","target":["https:\/\/www.jiproequip.com\/index.php\/producto\/hidrolavadora-a-gasolina-agua-fria-y-agua-caliente-2-500-psi\/"]}]},{"@type":"ImageObject","inLanguage":"es","@id":"https:\/\/www.jiproequip.com\/index.php\/producto\/hidrolavadora-a-gasolina-agua-fria-y-agua-caliente-2-500-psi\/#primaryimage","url":"https:\/\/www.jiproequip.com\/wp-content\/uploads\/2023\/09\/Hidrolavadora_gasolina_agua_fria_caliente_PressurePro_Columbec_B.png","contentUrl":"https:\/\/www.jiproequip.com\/wp-content\/uploads\/2023\/09\/Hidrolavadora_gasolina_agua_fria_caliente_PressurePro_Columbec_B.png","width":500,"height":500},{"@type":"BreadcrumbList","@id":"https:\/\/www.jiproequip.com\/index.php\/producto\/hidrolavadora-a-gasolina-agua-fria-y-agua-caliente-2-500-psi\/#breadcrumb","itemListElement":[{"@type":"ListItem","position":1,"name":"Home","item":"https:\/\/www.jiproequip.com\/"},{"@type":"ListItem","position":2,"name":"Tienda","item":"https:\/\/www.jiproequip.com\/index.php\/tienda\/"},{"@type":"ListItem","position":3,"name":"Hidrolavadora a gasolina agua fr\u00eda y agua caliente, 2.500 PSI"}]},{"@type":"WebSite","@id":"https:\/\/www.jiproequip.com\/#website","url":"https:\/\/www.jiproequip.com\/","name":"Ji-proequip","description":"Venta de equipos industriales con servicio t\u00e9cnico especializado","publisher":{"@id":"https:\/\/www.jiproequip.com\/#organization"},"potentialAction":[{"@type":"SearchAction","target":{"@type":"EntryPoint","urlTemplate":"https:\/\/www.jiproequip.com\/?s={search_term_string}"},"query-input":{"@type":"PropertyValueSpecification","valueRequired":true,"valueName":"search_term_string"}}],"inLanguage":"es"},{"@type":"Organization","@id":"https:\/\/www.jiproequip.com\/#organization","name":"Ji-proequip","url":"https:\/\/www.jiproequip.com\/","logo":{"@type":"ImageObject","inLanguage":"es","@id":"https:\/\/www.jiproequip.com\/#\/schema\/logo\/image\/","url":"https:\/\/www.jiproequip.com\/wp-content\/uploads\/2025\/06\/LOGO-JIproequip-2025.png","contentUrl":"https:\/\/www.jiproequip.com\/wp-content\/uploads\/2025\/06\/LOGO-JIproequip-2025.png","width":2433,"height":596,"caption":"Ji-proequip"},"image":{"@id":"https:\/\/www.jiproequip.com\/#\/schema\/logo\/image\/"}}]}},"uagb_featured_image_src":{"full":["https:\/\/www.jiproequip.com\/wp-content\/uploads\/2023\/09\/Hidrolavadora_gasolina_agua_fria_caliente_PressurePro_Columbec_B.png",500,500,false],"thumbnail":["https:\/\/www.jiproequip.com\/wp-content\/uploads\/2023\/09\/Hidrolavadora_gasolina_agua_fria_caliente_PressurePro_Columbec_B.png",150,150,false],"medium":["https:\/\/www.jiproequip.com\/wp-content\/uploads\/2023\/09\/Hidrolavadora_gasolina_agua_fria_caliente_PressurePro_Columbec_B.png",300,300,false],"medium_large":["https:\/\/www.jiproequip.com\/wp-content\/uploads\/2023\/09\/Hidrolavadora_gasolina_agua_fria_caliente_PressurePro_Columbec_B.png",500,500,false],"large":["https:\/\/www.jiproequip.com\/wp-content\/uploads\/2023\/09\/Hidrolavadora_gasolina_agua_fria_caliente_PressurePro_Columbec_B.png",500,500,false],"1536x1536":["https:\/\/www.jiproequip.com\/wp-content\/uploads\/2023\/09\/Hidrolavadora_gasolina_agua_fria_caliente_PressurePro_Columbec_B.png",500,500,false],"2048x2048":["https:\/\/www.jiproequip.com\/wp-content\/uploads\/2023\/09\/Hidrolavadora_gasolina_agua_fria_caliente_PressurePro_Columbec_B.png",500,500,false],"mailpoet_newsletter_max":["https:\/\/www.jiproequip.com\/wp-content\/uploads\/2023\/09\/Hidrolavadora_gasolina_agua_fria_caliente_PressurePro_Columbec_B.png",500,500,false],"woocommerce_thumbnail":["https:\/\/www.jiproequip.com\/wp-content\/uploads\/2023\/09\/Hidrolavadora_gasolina_agua_fria_caliente_PressurePro_Columbec_B.png",300,300,false],"woocommerce_single":["https:\/\/www.jiproequip.com\/wp-content\/uploads\/2023\/09\/Hidrolavadora_gasolina_agua_fria_caliente_PressurePro_Columbec_B.png",500,500,false],"woocommerce_gallery_thumbnail":["https:\/\/www.jiproequip.com\/wp-content\/uploads\/2023\/09\/Hidrolavadora_gasolina_agua_fria_caliente_PressurePro_Columbec_B.png",100,100,false]},"uagb_author_info":{"display_name":"admin_jiproeq","author_link":"https:\/\/www.jiproequip.com\/index.php\/author\/"},"uagb_comment_info":0,"uagb_excerpt":"Hidrolavadora a gasolina agua fr\u00eda y agua caliente, 2.500 PSI Robusta construcci\u00f3n met\u00e1lica con pintura en polvo y con jaula y gancho de levantamiento. Provee 3 galones por minuto a alta presi\u00f3n de 2.500 PSI. Bomba de acoplamiento directo al motor. Tanque de 8 galones de di\u00e9sel para caldero de agua caliente con filtro. Llantas&hellip;","jetpack_sharing_enabled":true,"_links":{"self":[{"href":"https:\/\/www.jiproequip.com\/index.php\/wp-json\/wp\/v2\/product\/1967","targetHints":{"allow":["GET"]}}],"collection":[{"href":"https:\/\/www.jiproequip.com\/index.php\/wp-json\/wp\/v2\/product"}],"about":[{"href":"https:\/\/www.jiproequip.com\/index.php\/wp-json\/wp\/v2\/types\/product"}],"replies":[{"embeddable":true,"href":"https:\/\/www.jiproequip.com\/index.php\/wp-json\/wp\/v2\/comments?post=1967"}],"wp:featuredmedia":[{"embeddable":true,"href":"https:\/\/www.jiproequip.com\/index.php\/wp-json\/wp\/v2\/media\/1969"}],"wp:attachment":[{"href":"https:\/\/www.jiproequip.com\/index.php\/wp-json\/wp\/v2\/media?parent=1967"}],"wp:term":[{"taxonomy":"product_brand","embeddable":true,"href":"https:\/\/www.jiproequip.com\/index.php\/wp-json\/wp\/v2\/product_brand?post=1967"},{"taxonomy":"product_cat","embeddable":true,"href":"https:\/\/www.jiproequip.com\/index.php\/wp-json\/wp\/v2\/product_cat?post=1967"},{"taxonomy":"product_tag","embeddable":true,"href":"https:\/\/www.jiproequip.com\/index.php\/wp-json\/wp\/v2\/product_tag?post=1967"}],"curies":[{"name":"wp","href":"https:\/\/api.w.org\/{rel}","templated":true}]}}