{"id":1978,"date":"2023-09-30T14:13:15","date_gmt":"2023-09-30T19:13:15","guid":{"rendered":"https:\/\/www.jiproequip.com\/?post_type=product&#038;p=1978"},"modified":"2025-08-13T18:33:21","modified_gmt":"2025-08-13T23:33:21","slug":"hidro-operadora-sistema-water-jet-hasta-40-000-psi","status":"publish","type":"product","link":"https:\/\/www.jiproequip.com\/index.php\/producto\/hidro-operadora-sistema-water-jet-hasta-40-000-psi\/","title":{"rendered":"Hidro-operadora, Sistema \u201cWater Jet\u201d hasta 40.000 PSI"},"content":{"rendered":"<div class=\"wp-block-stackable-column stk-block-column stk-column stk-block stk-a42bbec\" data-v=\"4\" data-block-id=\"a42bbec\">\r\n<div class=\"stk-column-wrapper stk-block-column__content stk-container stk-a42bbec-container stk--no-background stk--no-padding\">\r\n<div class=\"stk-block-content stk-inner-blocks stk-a42bbec-inner-blocks\"><div class=\"wp-block-stackable-carousel stk-block-carousel stk--is-slide stk--arrows-justify-space-between stk--arrows-align-center stk-block stk-6d5b6f7\" data-slides-to-show=\"\" data-block-id=\"6d5b6f7\">\r\n<div class=\"stk-block-carousel__content-wrapper\">\r\n<div class=\"stk-row stk-inner-blocks stk-block-content stk-block-carousel__slider-wrapper stk-content-align stk-6d5b6f7-column\">\r\n<div class=\"stk-block-carousel__slider\" role=\"list\" data-autoplay=\"4000\" data-label-slide-of=\"Slide %%d of %%d\"><div class=\"wp-block-stackable-column stk-block-column stk-column stk-block stk-5a69e44\" data-v=\"4\" data-block-id=\"5a69e44\">\r\n<div class=\"stk-column-wrapper stk-block-column__content stk-container stk-5a69e44-container stk--no-background stk--no-padding\">\r\n<div class=\"stk-block-content stk-inner-blocks stk-5a69e44-inner-blocks\"><div class=\"wp-block-stackable-image stk-block-image stk-block stk-64219fc\" data-block-id=\"64219fc\">\r\n<figure class=\"stk-img-wrapper stk-image--shape-stretch\"><img loading=\"lazy\" decoding=\"async\" class=\"stk-img              alignnone wp-image-1979 \" src=\"http:\/\/https:\/\/www.jiproequip.com\/wp-content\/uploads\/2023\/09\/Hidrooperadora_Sistema_WaterJet_40000_PSI_NLB_Columbec_B.png\" alt=\"\" width=\"549\" height=\"327\" \/><\/figure>\r\n<\/div><\/div>\r\n<\/div>\r\n<\/div><\/div>\r\n<\/div>\r\n<\/div>\r\n<\/div><\/div>\r\n<\/div>\r\n<\/div><div class=\"wp-block-stackable-column stk-block-column stk-column stk-block stk-776f52c\" data-v=\"4\" data-block-id=\"776f52c\">\r\n<div class=\"stk-column-wrapper stk-block-column__content stk-container stk-776f52c-container stk--no-background stk--no-padding\">\r\n<div class=\"stk-block-content stk-inner-blocks stk-776f52c-inner-blocks\"><div id=\"unidad-trifasica-de-lavado-de-alta-presion-de-agua-fria-a-2175-p-s-i\" class=\"wp-block-stackable-heading stk-block-heading stk-block-heading--v2 stk-block stk-6ead452 stk-block-background\" data-block-id=\"6ead452\">\r\n<div class=\"pl_i2t\">\r\n<div class=\"pl_i2t\">\r\n<div class=\"pl_i2t\">\r\n<div class=\"pl_i2t\">\r\n<div class=\"pl_i2t\">\r\n<div class=\"pl_i2t\">\r\n<div class=\"pl_i2t\">\r\n<div class=\"pl_i2t\">\r\n<div class=\"pl_i2t\">\r\n<div class=\"pl_i2t\">\r\n<div class=\"pl_i2t\">\r\n<div class=\"pl_i2t\">\r\n<div class=\"pl_i2t\">\r\n<div class=\"pl_i2t\">\r\n<div class=\"pl_i2t\">\r\n<div class=\"pl_i2t\">\r\n<div class=\"pl_i2t\">\r\n<h2>Hidro-operadora, Sistema \u201cWater Jet\u201d hasta 40.000 PSI<\/h2>\r\n<\/div>\r\n<\/div>\r\n<\/div>\r\n<\/div>\r\n<\/div>\r\n<\/div>\r\n<\/div>\r\n<\/div>\r\n<\/div>\r\n<\/div>\r\n<\/div>\r\n<\/div>\r\n<\/div>\r\n<\/div>\r\n<\/div>\r\n<\/div>\r\n<\/div>\r\n<div class=\"pl_i2c\">\r\n<div class=\"pl_i2c\">\r\n<div class=\"pl_i2c\">\r\n<p>Realiza una amplia variedad de tareas. Desde la com\u00fan limpieza de superficies, hasta la preparaci\u00f3n de superficies para su posterior revestimiento con pinturas u otros productos que necesitan fuerte adhesi\u00f3n. Adem\u00e1s gracias a su alta presi\u00f3n puede cortar planchas met\u00e1licas y ciertos materiales pedregosos.<\/p>\r\n<p>Con presiones llegan hasta los 40.000 PSI (2.800 Bar) y un flujo de agua de hasta 3 GPM (11,4 lpm) no hay superficie que se le resista a este sistema de hidrolavado industrial. Es la herramienta ideal para eliminar r\u00e1pidamente revestimientos y crecimiento marino en las cubiertas de los barcos y astilleros con su ultra alta presi\u00f3n.<\/p>\r\n<p>Dado que la energ\u00eda de la unidad viene de una bomba de \u00e9mbolo de baja velocidad, el desgaste y el mantenimiento se reducen al m\u00ednimo. Se ahorra dinero en piezas y aumento en tiempo de actividad. El sistema combina el poder UHP \u201cUltra High Pressure\u201d de agua a presi\u00f3n con la fiabilidad y ventajas que tiene el \u00e9mbolo de baja velocidad.<\/p>\r\n<p>La bomba puede convertirse para operar a presiones de 10.000 o 20.000 PSI para que la superficie a trabajar no sufra tanto desgaste.<br \/>Control y detecci\u00f3n de presi\u00f3n para que el operador pueda regular y supervisar el trabajo. El remolque tiene un dise\u00f1o compacto y liguero para facilitar su movilidad y transporte al ser remolcado.<\/p>\r\n<p>Su motor di\u00e9sel de cuatro cilindros (110 cv \/ 82 kw) para trabajar de forma continuada y sin descanso, arranque el\u00e9ctrico de 12 voltios. El motor est\u00e1 cubierto para reducir el ruido, sus silenciadores internos hacen este sistema c\u00f3modo para el operario.<\/p>\r\n<\/div>\r\n<br \/>\r\n<div>\r\n<p>&nbsp;<\/p>\r\n<\/div>\r\n<\/div>\r\n<\/div>\r\n<\/div>\r\n<\/div>\r\n<\/div>\r\n<\/div>","protected":false},"excerpt":{"rendered":"<p>Hidro-operadora, Sistema \u201cWater Jet\u201d hasta 40.000 PSI Realiza una amplia variedad de tareas. Desde la com\u00fan limpieza de superficies, hasta la preparaci\u00f3n de superficies para su posterior revestimiento con pinturas u otros productos que necesitan fuerte adhesi\u00f3n. Adem\u00e1s gracias a su alta presi\u00f3n puede cortar planchas met\u00e1licas y ciertos materiales pedregosos. Con presiones llegan hasta [&hellip;]<\/p>\n","protected":false},"featured_media":1979,"comment_status":"open","ping_status":"closed","template":"","meta":{"_uag_custom_page_level_css":""},"product_brand":[],"product_cat":[21],"product_tag":[],"class_list":{"0":"post-1978","1":"product","2":"type-product","3":"status-publish","4":"has-post-thumbnail","6":"product_cat-hidrolavadoras","8":"first","9":"instock","10":"shipping-taxable","11":"product-type-simple"},"yoast_head":"<!-- This site is optimized with the Yoast SEO plugin v25.2 - https:\/\/yoast.com\/wordpress\/plugins\/seo\/ -->\n<title>Hidro-operadora, Sistema \u201cWater Jet\u201d hasta 40.000 PSI - Ji-proequip<\/title>\n<meta name=\"robots\" content=\"index, follow, max-snippet:-1, max-image-preview:large, max-video-preview:-1\" \/>\n<link rel=\"canonical\" href=\"https:\/\/www.jiproequip.com\/index.php\/producto\/hidro-operadora-sistema-water-jet-hasta-40-000-psi\/\" \/>\n<meta property=\"og:locale\" content=\"es_ES\" \/>\n<meta property=\"og:type\" content=\"article\" \/>\n<meta property=\"og:title\" content=\"Hidro-operadora, Sistema \u201cWater Jet\u201d hasta 40.000 PSI - Ji-proequip\" \/>\n<meta property=\"og:description\" content=\"Hidro-operadora, Sistema \u201cWater Jet\u201d hasta 40.000 PSI Realiza una amplia variedad de tareas. Desde la com\u00fan limpieza de superficies, hasta la preparaci\u00f3n de superficies para su posterior revestimiento con pinturas u otros productos que necesitan fuerte adhesi\u00f3n. Adem\u00e1s gracias a su alta presi\u00f3n puede cortar planchas met\u00e1licas y ciertos materiales pedregosos. Con presiones llegan hasta [&hellip;]\" \/>\n<meta property=\"og:url\" content=\"https:\/\/www.jiproequip.com\/index.php\/producto\/hidro-operadora-sistema-water-jet-hasta-40-000-psi\/\" \/>\n<meta property=\"og:site_name\" content=\"Ji-proequip\" \/>\n<meta property=\"article:modified_time\" content=\"2025-08-13T23:33:21+00:00\" \/>\n<meta property=\"og:image\" content=\"https:\/\/www.jiproequip.com\/wp-content\/uploads\/2023\/09\/Hidrooperadora_Sistema_WaterJet_40000_PSI_NLB_Columbec_B.png\" \/>\n\t<meta property=\"og:image:width\" content=\"718\" \/>\n\t<meta property=\"og:image:height\" content=\"428\" \/>\n\t<meta property=\"og:image:type\" content=\"image\/png\" \/>\n<meta name=\"twitter:card\" content=\"summary_large_image\" \/>\n<meta name=\"twitter:label1\" content=\"Tiempo de lectura\" \/>\n\t<meta name=\"twitter:data1\" content=\"1 minuto\" \/>\n<script type=\"application\/ld+json\" class=\"yoast-schema-graph\">{\"@context\":\"https:\/\/schema.org\",\"@graph\":[{\"@type\":\"WebPage\",\"@id\":\"https:\/\/www.jiproequip.com\/index.php\/producto\/hidro-operadora-sistema-water-jet-hasta-40-000-psi\/\",\"url\":\"https:\/\/www.jiproequip.com\/index.php\/producto\/hidro-operadora-sistema-water-jet-hasta-40-000-psi\/\",\"name\":\"Hidro-operadora, Sistema \u201cWater Jet\u201d hasta 40.000 PSI - Ji-proequip\",\"isPartOf\":{\"@id\":\"https:\/\/www.jiproequip.com\/#website\"},\"primaryImageOfPage\":{\"@id\":\"https:\/\/www.jiproequip.com\/index.php\/producto\/hidro-operadora-sistema-water-jet-hasta-40-000-psi\/#primaryimage\"},\"image\":{\"@id\":\"https:\/\/www.jiproequip.com\/index.php\/producto\/hidro-operadora-sistema-water-jet-hasta-40-000-psi\/#primaryimage\"},\"thumbnailUrl\":\"https:\/\/www.jiproequip.com\/wp-content\/uploads\/2023\/09\/Hidrooperadora_Sistema_WaterJet_40000_PSI_NLB_Columbec_B.png\",\"datePublished\":\"2023-09-30T19:13:15+00:00\",\"dateModified\":\"2025-08-13T23:33:21+00:00\",\"breadcrumb\":{\"@id\":\"https:\/\/www.jiproequip.com\/index.php\/producto\/hidro-operadora-sistema-water-jet-hasta-40-000-psi\/#breadcrumb\"},\"inLanguage\":\"es\",\"potentialAction\":[{\"@type\":\"ReadAction\",\"target\":[\"https:\/\/www.jiproequip.com\/index.php\/producto\/hidro-operadora-sistema-water-jet-hasta-40-000-psi\/\"]}]},{\"@type\":\"ImageObject\",\"inLanguage\":\"es\",\"@id\":\"https:\/\/www.jiproequip.com\/index.php\/producto\/hidro-operadora-sistema-water-jet-hasta-40-000-psi\/#primaryimage\",\"url\":\"https:\/\/www.jiproequip.com\/wp-content\/uploads\/2023\/09\/Hidrooperadora_Sistema_WaterJet_40000_PSI_NLB_Columbec_B.png\",\"contentUrl\":\"https:\/\/www.jiproequip.com\/wp-content\/uploads\/2023\/09\/Hidrooperadora_Sistema_WaterJet_40000_PSI_NLB_Columbec_B.png\",\"width\":718,\"height\":428},{\"@type\":\"BreadcrumbList\",\"@id\":\"https:\/\/www.jiproequip.com\/index.php\/producto\/hidro-operadora-sistema-water-jet-hasta-40-000-psi\/#breadcrumb\",\"itemListElement\":[{\"@type\":\"ListItem\",\"position\":1,\"name\":\"Home\",\"item\":\"https:\/\/www.jiproequip.com\/\"},{\"@type\":\"ListItem\",\"position\":2,\"name\":\"Tienda\",\"item\":\"https:\/\/www.jiproequip.com\/index.php\/tienda\/\"},{\"@type\":\"ListItem\",\"position\":3,\"name\":\"Hidro-operadora, Sistema \u201cWater Jet\u201d hasta 40.000 PSI\"}]},{\"@type\":\"WebSite\",\"@id\":\"https:\/\/www.jiproequip.com\/#website\",\"url\":\"https:\/\/www.jiproequip.com\/\",\"name\":\"Ji-proequip\",\"description\":\"Venta de equipos industriales con servicio t\u00e9cnico especializado\",\"publisher\":{\"@id\":\"https:\/\/www.jiproequip.com\/#organization\"},\"potentialAction\":[{\"@type\":\"SearchAction\",\"target\":{\"@type\":\"EntryPoint\",\"urlTemplate\":\"https:\/\/www.jiproequip.com\/?s={search_term_string}\"},\"query-input\":{\"@type\":\"PropertyValueSpecification\",\"valueRequired\":true,\"valueName\":\"search_term_string\"}}],\"inLanguage\":\"es\"},{\"@type\":\"Organization\",\"@id\":\"https:\/\/www.jiproequip.com\/#organization\",\"name\":\"Ji-proequip\",\"url\":\"https:\/\/www.jiproequip.com\/\",\"logo\":{\"@type\":\"ImageObject\",\"inLanguage\":\"es\",\"@id\":\"https:\/\/www.jiproequip.com\/#\/schema\/logo\/image\/\",\"url\":\"https:\/\/www.jiproequip.com\/wp-content\/uploads\/2025\/06\/LOGO-JIproequip-2025.png\",\"contentUrl\":\"https:\/\/www.jiproequip.com\/wp-content\/uploads\/2025\/06\/LOGO-JIproequip-2025.png\",\"width\":2433,\"height\":596,\"caption\":\"Ji-proequip\"},\"image\":{\"@id\":\"https:\/\/www.jiproequip.com\/#\/schema\/logo\/image\/\"}}]}<\/script>\n<!-- \/ Yoast SEO plugin. -->","yoast_head_json":{"title":"Hidro-operadora, Sistema \u201cWater Jet\u201d hasta 40.000 PSI - Ji-proequip","robots":{"index":"index","follow":"follow","max-snippet":"max-snippet:-1","max-image-preview":"max-image-preview:large","max-video-preview":"max-video-preview:-1"},"canonical":"https:\/\/www.jiproequip.com\/index.php\/producto\/hidro-operadora-sistema-water-jet-hasta-40-000-psi\/","og_locale":"es_ES","og_type":"article","og_title":"Hidro-operadora, Sistema \u201cWater Jet\u201d hasta 40.000 PSI - Ji-proequip","og_description":"Hidro-operadora, Sistema \u201cWater Jet\u201d hasta 40.000 PSI Realiza una amplia variedad de tareas. Desde la com\u00fan limpieza de superficies, hasta la preparaci\u00f3n de superficies para su posterior revestimiento con pinturas u otros productos que necesitan fuerte adhesi\u00f3n. Adem\u00e1s gracias a su alta presi\u00f3n puede cortar planchas met\u00e1licas y ciertos materiales pedregosos. Con presiones llegan hasta [&hellip;]","og_url":"https:\/\/www.jiproequip.com\/index.php\/producto\/hidro-operadora-sistema-water-jet-hasta-40-000-psi\/","og_site_name":"Ji-proequip","article_modified_time":"2025-08-13T23:33:21+00:00","og_image":[{"width":718,"height":428,"url":"https:\/\/www.jiproequip.com\/wp-content\/uploads\/2023\/09\/Hidrooperadora_Sistema_WaterJet_40000_PSI_NLB_Columbec_B.png","type":"image\/png"}],"twitter_card":"summary_large_image","twitter_misc":{"Tiempo de lectura":"1 minuto"},"schema":{"@context":"https:\/\/schema.org","@graph":[{"@type":"WebPage","@id":"https:\/\/www.jiproequip.com\/index.php\/producto\/hidro-operadora-sistema-water-jet-hasta-40-000-psi\/","url":"https:\/\/www.jiproequip.com\/index.php\/producto\/hidro-operadora-sistema-water-jet-hasta-40-000-psi\/","name":"Hidro-operadora, Sistema \u201cWater Jet\u201d hasta 40.000 PSI - Ji-proequip","isPartOf":{"@id":"https:\/\/www.jiproequip.com\/#website"},"primaryImageOfPage":{"@id":"https:\/\/www.jiproequip.com\/index.php\/producto\/hidro-operadora-sistema-water-jet-hasta-40-000-psi\/#primaryimage"},"image":{"@id":"https:\/\/www.jiproequip.com\/index.php\/producto\/hidro-operadora-sistema-water-jet-hasta-40-000-psi\/#primaryimage"},"thumbnailUrl":"https:\/\/www.jiproequip.com\/wp-content\/uploads\/2023\/09\/Hidrooperadora_Sistema_WaterJet_40000_PSI_NLB_Columbec_B.png","datePublished":"2023-09-30T19:13:15+00:00","dateModified":"2025-08-13T23:33:21+00:00","breadcrumb":{"@id":"https:\/\/www.jiproequip.com\/index.php\/producto\/hidro-operadora-sistema-water-jet-hasta-40-000-psi\/#breadcrumb"},"inLanguage":"es","potentialAction":[{"@type":"ReadAction","target":["https:\/\/www.jiproequip.com\/index.php\/producto\/hidro-operadora-sistema-water-jet-hasta-40-000-psi\/"]}]},{"@type":"ImageObject","inLanguage":"es","@id":"https:\/\/www.jiproequip.com\/index.php\/producto\/hidro-operadora-sistema-water-jet-hasta-40-000-psi\/#primaryimage","url":"https:\/\/www.jiproequip.com\/wp-content\/uploads\/2023\/09\/Hidrooperadora_Sistema_WaterJet_40000_PSI_NLB_Columbec_B.png","contentUrl":"https:\/\/www.jiproequip.com\/wp-content\/uploads\/2023\/09\/Hidrooperadora_Sistema_WaterJet_40000_PSI_NLB_Columbec_B.png","width":718,"height":428},{"@type":"BreadcrumbList","@id":"https:\/\/www.jiproequip.com\/index.php\/producto\/hidro-operadora-sistema-water-jet-hasta-40-000-psi\/#breadcrumb","itemListElement":[{"@type":"ListItem","position":1,"name":"Home","item":"https:\/\/www.jiproequip.com\/"},{"@type":"ListItem","position":2,"name":"Tienda","item":"https:\/\/www.jiproequip.com\/index.php\/tienda\/"},{"@type":"ListItem","position":3,"name":"Hidro-operadora, Sistema \u201cWater Jet\u201d hasta 40.000 PSI"}]},{"@type":"WebSite","@id":"https:\/\/www.jiproequip.com\/#website","url":"https:\/\/www.jiproequip.com\/","name":"Ji-proequip","description":"Venta de equipos industriales con servicio t\u00e9cnico especializado","publisher":{"@id":"https:\/\/www.jiproequip.com\/#organization"},"potentialAction":[{"@type":"SearchAction","target":{"@type":"EntryPoint","urlTemplate":"https:\/\/www.jiproequip.com\/?s={search_term_string}"},"query-input":{"@type":"PropertyValueSpecification","valueRequired":true,"valueName":"search_term_string"}}],"inLanguage":"es"},{"@type":"Organization","@id":"https:\/\/www.jiproequip.com\/#organization","name":"Ji-proequip","url":"https:\/\/www.jiproequip.com\/","logo":{"@type":"ImageObject","inLanguage":"es","@id":"https:\/\/www.jiproequip.com\/#\/schema\/logo\/image\/","url":"https:\/\/www.jiproequip.com\/wp-content\/uploads\/2025\/06\/LOGO-JIproequip-2025.png","contentUrl":"https:\/\/www.jiproequip.com\/wp-content\/uploads\/2025\/06\/LOGO-JIproequip-2025.png","width":2433,"height":596,"caption":"Ji-proequip"},"image":{"@id":"https:\/\/www.jiproequip.com\/#\/schema\/logo\/image\/"}}]}},"uagb_featured_image_src":{"full":["https:\/\/www.jiproequip.com\/wp-content\/uploads\/2023\/09\/Hidrooperadora_Sistema_WaterJet_40000_PSI_NLB_Columbec_B.png",718,428,false],"thumbnail":["https:\/\/www.jiproequip.com\/wp-content\/uploads\/2023\/09\/Hidrooperadora_Sistema_WaterJet_40000_PSI_NLB_Columbec_B.png",150,89,false],"medium":["https:\/\/www.jiproequip.com\/wp-content\/uploads\/2023\/09\/Hidrooperadora_Sistema_WaterJet_40000_PSI_NLB_Columbec_B.png",300,179,false],"medium_large":["https:\/\/www.jiproequip.com\/wp-content\/uploads\/2023\/09\/Hidrooperadora_Sistema_WaterJet_40000_PSI_NLB_Columbec_B.png",718,428,false],"large":["https:\/\/www.jiproequip.com\/wp-content\/uploads\/2023\/09\/Hidrooperadora_Sistema_WaterJet_40000_PSI_NLB_Columbec_B.png",718,428,false],"1536x1536":["https:\/\/www.jiproequip.com\/wp-content\/uploads\/2023\/09\/Hidrooperadora_Sistema_WaterJet_40000_PSI_NLB_Columbec_B.png",718,428,false],"2048x2048":["https:\/\/www.jiproequip.com\/wp-content\/uploads\/2023\/09\/Hidrooperadora_Sistema_WaterJet_40000_PSI_NLB_Columbec_B.png",718,428,false],"mailpoet_newsletter_max":["https:\/\/www.jiproequip.com\/wp-content\/uploads\/2023\/09\/Hidrooperadora_Sistema_WaterJet_40000_PSI_NLB_Columbec_B.png",718,428,false],"woocommerce_thumbnail":["https:\/\/www.jiproequip.com\/wp-content\/uploads\/2023\/09\/Hidrooperadora_Sistema_WaterJet_40000_PSI_NLB_Columbec_B.png",300,179,false],"woocommerce_single":["https:\/\/www.jiproequip.com\/wp-content\/uploads\/2023\/09\/Hidrooperadora_Sistema_WaterJet_40000_PSI_NLB_Columbec_B.png",600,358,false],"woocommerce_gallery_thumbnail":["https:\/\/www.jiproequip.com\/wp-content\/uploads\/2023\/09\/Hidrooperadora_Sistema_WaterJet_40000_PSI_NLB_Columbec_B-100x100.png",100,100,true]},"uagb_author_info":{"display_name":"admin_jiproeq","author_link":"https:\/\/www.jiproequip.com\/index.php\/author\/"},"uagb_comment_info":1,"uagb_excerpt":"Hidro-operadora, Sistema \u201cWater Jet\u201d hasta 40.000 PSI Realiza una amplia variedad de tareas. Desde la com\u00fan limpieza de superficies, hasta la preparaci\u00f3n de superficies para su posterior revestimiento con pinturas u otros productos que necesitan fuerte adhesi\u00f3n. Adem\u00e1s gracias a su alta presi\u00f3n puede cortar planchas met\u00e1licas y ciertos materiales pedregosos. Con presiones llegan hasta&hellip;","jetpack_sharing_enabled":true,"_links":{"self":[{"href":"https:\/\/www.jiproequip.com\/index.php\/wp-json\/wp\/v2\/product\/1978","targetHints":{"allow":["GET"]}}],"collection":[{"href":"https:\/\/www.jiproequip.com\/index.php\/wp-json\/wp\/v2\/product"}],"about":[{"href":"https:\/\/www.jiproequip.com\/index.php\/wp-json\/wp\/v2\/types\/product"}],"replies":[{"embeddable":true,"href":"https:\/\/www.jiproequip.com\/index.php\/wp-json\/wp\/v2\/comments?post=1978"}],"wp:featuredmedia":[{"embeddable":true,"href":"https:\/\/www.jiproequip.com\/index.php\/wp-json\/wp\/v2\/media\/1979"}],"wp:attachment":[{"href":"https:\/\/www.jiproequip.com\/index.php\/wp-json\/wp\/v2\/media?parent=1978"}],"wp:term":[{"taxonomy":"product_brand","embeddable":true,"href":"https:\/\/www.jiproequip.com\/index.php\/wp-json\/wp\/v2\/product_brand?post=1978"},{"taxonomy":"product_cat","embeddable":true,"href":"https:\/\/www.jiproequip.com\/index.php\/wp-json\/wp\/v2\/product_cat?post=1978"},{"taxonomy":"product_tag","embeddable":true,"href":"https:\/\/www.jiproequip.com\/index.php\/wp-json\/wp\/v2\/product_tag?post=1978"}],"curies":[{"name":"wp","href":"https:\/\/api.w.org\/{rel}","templated":true}]}}