{"id":1990,"date":"2023-09-30T14:25:51","date_gmt":"2023-09-30T19:25:51","guid":{"rendered":"https:\/\/www.jiproequip.com\/?post_type=product&#038;p=1990"},"modified":"2023-09-30T14:29:53","modified_gmt":"2023-09-30T19:29:53","slug":"sistema-para-limpieza-y-restauracion-de-bienes-artisticos-e-historicos","status":"publish","type":"product","link":"https:\/\/www.jiproequip.com\/index.php\/producto\/sistema-para-limpieza-y-restauracion-de-bienes-artisticos-e-historicos\/","title":{"rendered":"Sistema para limpieza y restauraci\u00f3n de bienes art\u00edsticos e hist\u00f3ricos"},"content":{"rendered":"<div class=\"wp-block-stackable-column stk-block-column stk-column stk-block stk-a42bbec\" data-v=\"4\" data-block-id=\"a42bbec\">\r\n<div class=\"stk-column-wrapper stk-block-column__content stk-container stk-a42bbec-container stk--no-background stk--no-padding\">\r\n<div class=\"stk-block-content stk-inner-blocks stk-a42bbec-inner-blocks\"><div class=\"wp-block-stackable-carousel stk-block-carousel stk--is-slide stk--arrows-justify-space-between stk--arrows-align-center stk-block stk-6d5b6f7\" data-slides-to-show=\"\" data-block-id=\"6d5b6f7\">\r\n<div class=\"stk-block-carousel__content-wrapper\">\r\n<div class=\"stk-row stk-inner-blocks stk-block-content stk-block-carousel__slider-wrapper stk-content-align stk-6d5b6f7-column\">\r\n<div class=\"stk-block-carousel__slider\" role=\"list\" data-autoplay=\"4000\" data-label-slide-of=\"Slide %%d of %%d\"><div class=\"wp-block-stackable-column stk-block-column stk-column stk-block stk-5a69e44\" data-v=\"4\" data-block-id=\"5a69e44\">\r\n<div class=\"stk-column-wrapper stk-block-column__content stk-container stk-5a69e44-container stk--no-background stk--no-padding\">\r\n<div class=\"stk-block-content stk-inner-blocks stk-5a69e44-inner-blocks\"><div class=\"wp-block-stackable-image stk-block-image stk-block stk-64219fc\" data-block-id=\"64219fc\">\r\n<figure class=\"stk-img-wrapper stk-image--shape-stretch\"><img loading=\"lazy\" decoding=\"async\" class=\"stk-img               alignnone wp-image-2001 size-full\" src=\"http:\/\/https:\/\/www.jiproequip.com\/wp-content\/uploads\/2023\/09\/Sistema_restauracion_monumentos_Ghibli_columbec_B.png\" alt=\"\" width=\"511\" height=\"467\" \/><\/figure>\r\n<\/div><\/div>\r\n<\/div>\r\n<\/div><\/div>\r\n<\/div>\r\n<\/div>\r\n<\/div><\/div>\r\n<\/div>\r\n<\/div><div class=\"wp-block-stackable-column stk-block-column stk-column stk-block stk-776f52c\" data-v=\"4\" data-block-id=\"776f52c\">\r\n<div class=\"stk-column-wrapper stk-block-column__content stk-container stk-776f52c-container stk--no-background stk--no-padding\">\r\n<div class=\"stk-block-content stk-inner-blocks stk-776f52c-inner-blocks\"><div id=\"unidad-trifasica-de-lavado-de-alta-presion-de-agua-fria-a-2175-p-s-i\" class=\"wp-block-stackable-heading stk-block-heading stk-block-heading--v2 stk-block stk-6ead452 stk-block-background\" data-block-id=\"6ead452\">\r\n<div class=\"pl_i2t\">\r\n<div class=\"pl_i2t\">\r\n<div class=\"pl_i2t\">\r\n<div class=\"pl_i2t\">\r\n<div class=\"pl_i2t\">\r\n<div class=\"pl_i2t\">\r\n<div class=\"pl_i2t\">\r\n<div class=\"pl_i2t\">\r\n<div class=\"pl_i2t\">\r\n<div class=\"pl_i2t\">\r\n<div class=\"pl_i2t\">\r\n<div class=\"pl_i2t\">\r\n<div class=\"pl_i2t\">\r\n<div class=\"pl_i2t\">\r\n<div class=\"pl_i2t\">\r\n<div class=\"pl_i2t\">\r\n<div class=\"pl_i2t\">\r\n<div class=\"pl_i2t\">\r\n<h2>Sistema para limpieza y restauraci\u00f3n de bienes art\u00edsticos e hist\u00f3ricos<\/h2>\r\n<\/div>\r\n<\/div>\r\n<\/div>\r\n<\/div>\r\n<\/div>\r\n<\/div>\r\n<\/div>\r\n<\/div>\r\n<\/div>\r\n<\/div>\r\n<\/div>\r\n<\/div>\r\n<\/div>\r\n<\/div>\r\n<\/div>\r\n<\/div>\r\n<\/div>\r\n<\/div>\r\n<div class=\"pl_i2c\">\r\n<div class=\"pl_i2c\">\r\n<div class=\"pl_i2c\">La baja presi\u00f3n utilizada hace que sea insignificante la acci\u00f3n mec\u00e1nica del chorro sobre las superficies delicadas. Junto con granalla vegetal es la mejor soluci\u00f3n para tratar superficies delicadas como monumentos, fachadas hist\u00f3ricas, aluminio lucido y granito entre muchas otras.<\/div>\r\n<div>\r\n<p>La mezcla de agua y granalla vegetal que sale de la boquilla, al tener poca presi\u00f3n, no penetra en los intersticios de la estructura a tratar. Deja la superficie seca en poco tiempo y hace que sea posible, cuando se necesite, realizar enseguida un tratamiento anticorrosivo o impermeabilizante.<br \/>Los pocos residuos que deja la m\u00e1quina son insignificantes y f\u00e1ciles de limpiar con un aspirador de l\u00edquidos normal.<\/p>\r\n<p>El vapor tiene una capacidad de penetraci\u00f3n que permite disolver residuos de grasa o residuos como goma de mascar (chicles). Capaz de destruir microorganismos como el moho y los \u00e1caros. Debido a estas cualidades el vapor es uno de los mejores aliados para higienizar, descontaminar y desinfectar ambientes contaminados con productos qu\u00edmicos y\/o bacterias.<\/p>\r\n<p>l sistema utiliza, poca agua, poco aire y poco material limpiador (granalla sin la utilizaci\u00f3n de productos qu\u00edmicos y sin arena). Adem\u00e1s act\u00faa en silencio respetando las normas europeas referentes a la contaminaci\u00f3n ac\u00fastica.<\/p>\r\n<p><strong>Compuesto por:<\/strong><br \/>Compresor de 3HP \u2013 potencia total absorbida 4kw \u2013 400V. Trif\u00e1sico \u2013 50\/60Hz<br \/>Mezclador para fibra vegetal (o polvo mineral)<br \/>Manguera dotada de pistola y empu\u00f1adura con mando a distancia para aire, agua y\/o fibra vegetal.<br \/>Bomba de pistones presi\u00f3n 130 bares (13 MPa) \u2013 10 litros por minuto.<br \/>Robusta protecci\u00f3n externa contra golpes accidentales y ca\u00eddas.<br \/>Dep\u00f3sito de agua de acero inoxidable que permite una autonom\u00eda de trabajo sobre superficies delicadas de 4 a 6 horas.<br \/>Preparado para ser alimentado tambi\u00e9n con agua directamente de la red o suministro de agua.<br \/>Carrete especial con 20 metros de manguera para poder operar con el mezclador a una gran altura y distancia de la m\u00e1quina.<\/p>\r\n<\/div>\r\n<br \/>\r\n<div>\r\n<p>&nbsp;<\/p>\r\n<\/div>\r\n<\/div>\r\n<\/div>\r\n<\/div>\r\n<\/div>\r\n<\/div>\r\n<\/div>","protected":false},"excerpt":{"rendered":"<p>Sistema para limpieza y restauraci\u00f3n de bienes art\u00edsticos e hist\u00f3ricos La baja presi\u00f3n utilizada hace que sea insignificante la acci\u00f3n mec\u00e1nica del chorro sobre las superficies delicadas. Junto con granalla vegetal es la mejor soluci\u00f3n para tratar superficies delicadas como monumentos, fachadas hist\u00f3ricas, aluminio lucido y granito entre muchas otras. La mezcla de agua y [&hellip;]<\/p>\n","protected":false},"featured_media":2001,"comment_status":"open","ping_status":"closed","template":"","meta":{"_uag_custom_page_level_css":""},"product_brand":[],"product_cat":[40,21],"product_tag":[],"class_list":{"0":"post-1990","1":"product","2":"type-product","3":"status-publish","4":"has-post-thumbnail","6":"product_cat-hidro-operadoras","7":"product_cat-hidrolavadoras","9":"first","10":"instock","11":"shipping-taxable","12":"product-type-simple"},"yoast_head":"<!-- This site is optimized with the Yoast SEO plugin v25.2 - https:\/\/yoast.com\/wordpress\/plugins\/seo\/ -->\n<title>Sistema para limpieza y restauraci\u00f3n de bienes art\u00edsticos e hist\u00f3ricos - Ji-proequip<\/title>\n<meta name=\"robots\" content=\"index, follow, max-snippet:-1, max-image-preview:large, max-video-preview:-1\" \/>\n<link rel=\"canonical\" href=\"https:\/\/www.jiproequip.com\/index.php\/producto\/sistema-para-limpieza-y-restauracion-de-bienes-artisticos-e-historicos\/\" \/>\n<meta property=\"og:locale\" content=\"es_ES\" \/>\n<meta property=\"og:type\" content=\"article\" \/>\n<meta property=\"og:title\" content=\"Sistema para limpieza y restauraci\u00f3n de bienes art\u00edsticos e hist\u00f3ricos - Ji-proequip\" \/>\n<meta property=\"og:description\" content=\"Sistema para limpieza y restauraci\u00f3n de bienes art\u00edsticos e hist\u00f3ricos La baja presi\u00f3n utilizada hace que sea insignificante la acci\u00f3n mec\u00e1nica del chorro sobre las superficies delicadas. Junto con granalla vegetal es la mejor soluci\u00f3n para tratar superficies delicadas como monumentos, fachadas hist\u00f3ricas, aluminio lucido y granito entre muchas otras. La mezcla de agua y [&hellip;]\" \/>\n<meta property=\"og:url\" content=\"https:\/\/www.jiproequip.com\/index.php\/producto\/sistema-para-limpieza-y-restauracion-de-bienes-artisticos-e-historicos\/\" \/>\n<meta property=\"og:site_name\" content=\"Ji-proequip\" \/>\n<meta property=\"article:modified_time\" content=\"2023-09-30T19:29:53+00:00\" \/>\n<meta property=\"og:image\" content=\"https:\/\/www.jiproequip.com\/wp-content\/uploads\/2023\/09\/Sistema_restauracion_monumentos_Ghibli_columbec_B.png\" \/>\n\t<meta property=\"og:image:width\" content=\"511\" \/>\n\t<meta property=\"og:image:height\" content=\"467\" \/>\n\t<meta property=\"og:image:type\" content=\"image\/png\" \/>\n<meta name=\"twitter:card\" content=\"summary_large_image\" \/>\n<meta name=\"twitter:label1\" content=\"Tiempo de lectura\" \/>\n\t<meta name=\"twitter:data1\" content=\"2 minutos\" \/>\n<script type=\"application\/ld+json\" class=\"yoast-schema-graph\">{\"@context\":\"https:\/\/schema.org\",\"@graph\":[{\"@type\":\"WebPage\",\"@id\":\"https:\/\/www.jiproequip.com\/index.php\/producto\/sistema-para-limpieza-y-restauracion-de-bienes-artisticos-e-historicos\/\",\"url\":\"https:\/\/www.jiproequip.com\/index.php\/producto\/sistema-para-limpieza-y-restauracion-de-bienes-artisticos-e-historicos\/\",\"name\":\"Sistema para limpieza y restauraci\u00f3n de bienes art\u00edsticos e hist\u00f3ricos - Ji-proequip\",\"isPartOf\":{\"@id\":\"https:\/\/www.jiproequip.com\/#website\"},\"primaryImageOfPage\":{\"@id\":\"https:\/\/www.jiproequip.com\/index.php\/producto\/sistema-para-limpieza-y-restauracion-de-bienes-artisticos-e-historicos\/#primaryimage\"},\"image\":{\"@id\":\"https:\/\/www.jiproequip.com\/index.php\/producto\/sistema-para-limpieza-y-restauracion-de-bienes-artisticos-e-historicos\/#primaryimage\"},\"thumbnailUrl\":\"https:\/\/www.jiproequip.com\/wp-content\/uploads\/2023\/09\/Sistema_restauracion_monumentos_Ghibli_columbec_B.png\",\"datePublished\":\"2023-09-30T19:25:51+00:00\",\"dateModified\":\"2023-09-30T19:29:53+00:00\",\"breadcrumb\":{\"@id\":\"https:\/\/www.jiproequip.com\/index.php\/producto\/sistema-para-limpieza-y-restauracion-de-bienes-artisticos-e-historicos\/#breadcrumb\"},\"inLanguage\":\"es\",\"potentialAction\":[{\"@type\":\"ReadAction\",\"target\":[\"https:\/\/www.jiproequip.com\/index.php\/producto\/sistema-para-limpieza-y-restauracion-de-bienes-artisticos-e-historicos\/\"]}]},{\"@type\":\"ImageObject\",\"inLanguage\":\"es\",\"@id\":\"https:\/\/www.jiproequip.com\/index.php\/producto\/sistema-para-limpieza-y-restauracion-de-bienes-artisticos-e-historicos\/#primaryimage\",\"url\":\"https:\/\/www.jiproequip.com\/wp-content\/uploads\/2023\/09\/Sistema_restauracion_monumentos_Ghibli_columbec_B.png\",\"contentUrl\":\"https:\/\/www.jiproequip.com\/wp-content\/uploads\/2023\/09\/Sistema_restauracion_monumentos_Ghibli_columbec_B.png\",\"width\":511,\"height\":467},{\"@type\":\"BreadcrumbList\",\"@id\":\"https:\/\/www.jiproequip.com\/index.php\/producto\/sistema-para-limpieza-y-restauracion-de-bienes-artisticos-e-historicos\/#breadcrumb\",\"itemListElement\":[{\"@type\":\"ListItem\",\"position\":1,\"name\":\"Home\",\"item\":\"https:\/\/www.jiproequip.com\/\"},{\"@type\":\"ListItem\",\"position\":2,\"name\":\"Tienda\",\"item\":\"https:\/\/www.jiproequip.com\/index.php\/tienda\/\"},{\"@type\":\"ListItem\",\"position\":3,\"name\":\"Sistema para limpieza y restauraci\u00f3n de bienes art\u00edsticos e hist\u00f3ricos\"}]},{\"@type\":\"WebSite\",\"@id\":\"https:\/\/www.jiproequip.com\/#website\",\"url\":\"https:\/\/www.jiproequip.com\/\",\"name\":\"Ji-proequip\",\"description\":\"Venta de equipos industriales con servicio t\u00e9cnico especializado\",\"publisher\":{\"@id\":\"https:\/\/www.jiproequip.com\/#organization\"},\"potentialAction\":[{\"@type\":\"SearchAction\",\"target\":{\"@type\":\"EntryPoint\",\"urlTemplate\":\"https:\/\/www.jiproequip.com\/?s={search_term_string}\"},\"query-input\":{\"@type\":\"PropertyValueSpecification\",\"valueRequired\":true,\"valueName\":\"search_term_string\"}}],\"inLanguage\":\"es\"},{\"@type\":\"Organization\",\"@id\":\"https:\/\/www.jiproequip.com\/#organization\",\"name\":\"Ji-proequip\",\"url\":\"https:\/\/www.jiproequip.com\/\",\"logo\":{\"@type\":\"ImageObject\",\"inLanguage\":\"es\",\"@id\":\"https:\/\/www.jiproequip.com\/#\/schema\/logo\/image\/\",\"url\":\"https:\/\/www.jiproequip.com\/wp-content\/uploads\/2025\/06\/LOGO-JIproequip-2025.png\",\"contentUrl\":\"https:\/\/www.jiproequip.com\/wp-content\/uploads\/2025\/06\/LOGO-JIproequip-2025.png\",\"width\":2433,\"height\":596,\"caption\":\"Ji-proequip\"},\"image\":{\"@id\":\"https:\/\/www.jiproequip.com\/#\/schema\/logo\/image\/\"}}]}<\/script>\n<!-- \/ Yoast SEO plugin. -->","yoast_head_json":{"title":"Sistema para limpieza y restauraci\u00f3n de bienes art\u00edsticos e hist\u00f3ricos - Ji-proequip","robots":{"index":"index","follow":"follow","max-snippet":"max-snippet:-1","max-image-preview":"max-image-preview:large","max-video-preview":"max-video-preview:-1"},"canonical":"https:\/\/www.jiproequip.com\/index.php\/producto\/sistema-para-limpieza-y-restauracion-de-bienes-artisticos-e-historicos\/","og_locale":"es_ES","og_type":"article","og_title":"Sistema para limpieza y restauraci\u00f3n de bienes art\u00edsticos e hist\u00f3ricos - Ji-proequip","og_description":"Sistema para limpieza y restauraci\u00f3n de bienes art\u00edsticos e hist\u00f3ricos La baja presi\u00f3n utilizada hace que sea insignificante la acci\u00f3n mec\u00e1nica del chorro sobre las superficies delicadas. Junto con granalla vegetal es la mejor soluci\u00f3n para tratar superficies delicadas como monumentos, fachadas hist\u00f3ricas, aluminio lucido y granito entre muchas otras. La mezcla de agua y [&hellip;]","og_url":"https:\/\/www.jiproequip.com\/index.php\/producto\/sistema-para-limpieza-y-restauracion-de-bienes-artisticos-e-historicos\/","og_site_name":"Ji-proequip","article_modified_time":"2023-09-30T19:29:53+00:00","og_image":[{"width":511,"height":467,"url":"https:\/\/www.jiproequip.com\/wp-content\/uploads\/2023\/09\/Sistema_restauracion_monumentos_Ghibli_columbec_B.png","type":"image\/png"}],"twitter_card":"summary_large_image","twitter_misc":{"Tiempo de lectura":"2 minutos"},"schema":{"@context":"https:\/\/schema.org","@graph":[{"@type":"WebPage","@id":"https:\/\/www.jiproequip.com\/index.php\/producto\/sistema-para-limpieza-y-restauracion-de-bienes-artisticos-e-historicos\/","url":"https:\/\/www.jiproequip.com\/index.php\/producto\/sistema-para-limpieza-y-restauracion-de-bienes-artisticos-e-historicos\/","name":"Sistema para limpieza y restauraci\u00f3n de bienes art\u00edsticos e hist\u00f3ricos - Ji-proequip","isPartOf":{"@id":"https:\/\/www.jiproequip.com\/#website"},"primaryImageOfPage":{"@id":"https:\/\/www.jiproequip.com\/index.php\/producto\/sistema-para-limpieza-y-restauracion-de-bienes-artisticos-e-historicos\/#primaryimage"},"image":{"@id":"https:\/\/www.jiproequip.com\/index.php\/producto\/sistema-para-limpieza-y-restauracion-de-bienes-artisticos-e-historicos\/#primaryimage"},"thumbnailUrl":"https:\/\/www.jiproequip.com\/wp-content\/uploads\/2023\/09\/Sistema_restauracion_monumentos_Ghibli_columbec_B.png","datePublished":"2023-09-30T19:25:51+00:00","dateModified":"2023-09-30T19:29:53+00:00","breadcrumb":{"@id":"https:\/\/www.jiproequip.com\/index.php\/producto\/sistema-para-limpieza-y-restauracion-de-bienes-artisticos-e-historicos\/#breadcrumb"},"inLanguage":"es","potentialAction":[{"@type":"ReadAction","target":["https:\/\/www.jiproequip.com\/index.php\/producto\/sistema-para-limpieza-y-restauracion-de-bienes-artisticos-e-historicos\/"]}]},{"@type":"ImageObject","inLanguage":"es","@id":"https:\/\/www.jiproequip.com\/index.php\/producto\/sistema-para-limpieza-y-restauracion-de-bienes-artisticos-e-historicos\/#primaryimage","url":"https:\/\/www.jiproequip.com\/wp-content\/uploads\/2023\/09\/Sistema_restauracion_monumentos_Ghibli_columbec_B.png","contentUrl":"https:\/\/www.jiproequip.com\/wp-content\/uploads\/2023\/09\/Sistema_restauracion_monumentos_Ghibli_columbec_B.png","width":511,"height":467},{"@type":"BreadcrumbList","@id":"https:\/\/www.jiproequip.com\/index.php\/producto\/sistema-para-limpieza-y-restauracion-de-bienes-artisticos-e-historicos\/#breadcrumb","itemListElement":[{"@type":"ListItem","position":1,"name":"Home","item":"https:\/\/www.jiproequip.com\/"},{"@type":"ListItem","position":2,"name":"Tienda","item":"https:\/\/www.jiproequip.com\/index.php\/tienda\/"},{"@type":"ListItem","position":3,"name":"Sistema para limpieza y restauraci\u00f3n de bienes art\u00edsticos e hist\u00f3ricos"}]},{"@type":"WebSite","@id":"https:\/\/www.jiproequip.com\/#website","url":"https:\/\/www.jiproequip.com\/","name":"Ji-proequip","description":"Venta de equipos industriales con servicio t\u00e9cnico especializado","publisher":{"@id":"https:\/\/www.jiproequip.com\/#organization"},"potentialAction":[{"@type":"SearchAction","target":{"@type":"EntryPoint","urlTemplate":"https:\/\/www.jiproequip.com\/?s={search_term_string}"},"query-input":{"@type":"PropertyValueSpecification","valueRequired":true,"valueName":"search_term_string"}}],"inLanguage":"es"},{"@type":"Organization","@id":"https:\/\/www.jiproequip.com\/#organization","name":"Ji-proequip","url":"https:\/\/www.jiproequip.com\/","logo":{"@type":"ImageObject","inLanguage":"es","@id":"https:\/\/www.jiproequip.com\/#\/schema\/logo\/image\/","url":"https:\/\/www.jiproequip.com\/wp-content\/uploads\/2025\/06\/LOGO-JIproequip-2025.png","contentUrl":"https:\/\/www.jiproequip.com\/wp-content\/uploads\/2025\/06\/LOGO-JIproequip-2025.png","width":2433,"height":596,"caption":"Ji-proequip"},"image":{"@id":"https:\/\/www.jiproequip.com\/#\/schema\/logo\/image\/"}}]}},"uagb_featured_image_src":{"full":["https:\/\/www.jiproequip.com\/wp-content\/uploads\/2023\/09\/Sistema_restauracion_monumentos_Ghibli_columbec_B.png",511,467,false],"thumbnail":["https:\/\/www.jiproequip.com\/wp-content\/uploads\/2023\/09\/Sistema_restauracion_monumentos_Ghibli_columbec_B.png",150,137,false],"medium":["https:\/\/www.jiproequip.com\/wp-content\/uploads\/2023\/09\/Sistema_restauracion_monumentos_Ghibli_columbec_B.png",300,274,false],"medium_large":["https:\/\/www.jiproequip.com\/wp-content\/uploads\/2023\/09\/Sistema_restauracion_monumentos_Ghibli_columbec_B.png",511,467,false],"large":["https:\/\/www.jiproequip.com\/wp-content\/uploads\/2023\/09\/Sistema_restauracion_monumentos_Ghibli_columbec_B.png",511,467,false],"1536x1536":["https:\/\/www.jiproequip.com\/wp-content\/uploads\/2023\/09\/Sistema_restauracion_monumentos_Ghibli_columbec_B.png",511,467,false],"2048x2048":["https:\/\/www.jiproequip.com\/wp-content\/uploads\/2023\/09\/Sistema_restauracion_monumentos_Ghibli_columbec_B.png",511,467,false],"mailpoet_newsletter_max":["https:\/\/www.jiproequip.com\/wp-content\/uploads\/2023\/09\/Sistema_restauracion_monumentos_Ghibli_columbec_B.png",511,467,false],"woocommerce_thumbnail":["https:\/\/www.jiproequip.com\/wp-content\/uploads\/2023\/09\/Sistema_restauracion_monumentos_Ghibli_columbec_B.png",300,274,false],"woocommerce_single":["https:\/\/www.jiproequip.com\/wp-content\/uploads\/2023\/09\/Sistema_restauracion_monumentos_Ghibli_columbec_B.png",511,467,false],"woocommerce_gallery_thumbnail":["https:\/\/www.jiproequip.com\/wp-content\/uploads\/2023\/09\/Sistema_restauracion_monumentos_Ghibli_columbec_B-100x100.png",100,100,true]},"uagb_author_info":{"display_name":"admin_jiproeq","author_link":"https:\/\/www.jiproequip.com\/index.php\/author\/"},"uagb_comment_info":0,"uagb_excerpt":"Sistema para limpieza y restauraci\u00f3n de bienes art\u00edsticos e hist\u00f3ricos La baja presi\u00f3n utilizada hace que sea insignificante la acci\u00f3n mec\u00e1nica del chorro sobre las superficies delicadas. Junto con granalla vegetal es la mejor soluci\u00f3n para tratar superficies delicadas como monumentos, fachadas hist\u00f3ricas, aluminio lucido y granito entre muchas otras. La mezcla de agua y&hellip;","jetpack_sharing_enabled":true,"_links":{"self":[{"href":"https:\/\/www.jiproequip.com\/index.php\/wp-json\/wp\/v2\/product\/1990","targetHints":{"allow":["GET"]}}],"collection":[{"href":"https:\/\/www.jiproequip.com\/index.php\/wp-json\/wp\/v2\/product"}],"about":[{"href":"https:\/\/www.jiproequip.com\/index.php\/wp-json\/wp\/v2\/types\/product"}],"replies":[{"embeddable":true,"href":"https:\/\/www.jiproequip.com\/index.php\/wp-json\/wp\/v2\/comments?post=1990"}],"wp:featuredmedia":[{"embeddable":true,"href":"https:\/\/www.jiproequip.com\/index.php\/wp-json\/wp\/v2\/media\/2001"}],"wp:attachment":[{"href":"https:\/\/www.jiproequip.com\/index.php\/wp-json\/wp\/v2\/media?parent=1990"}],"wp:term":[{"taxonomy":"product_brand","embeddable":true,"href":"https:\/\/www.jiproequip.com\/index.php\/wp-json\/wp\/v2\/product_brand?post=1990"},{"taxonomy":"product_cat","embeddable":true,"href":"https:\/\/www.jiproequip.com\/index.php\/wp-json\/wp\/v2\/product_cat?post=1990"},{"taxonomy":"product_tag","embeddable":true,"href":"https:\/\/www.jiproequip.com\/index.php\/wp-json\/wp\/v2\/product_tag?post=1990"}],"curies":[{"name":"wp","href":"https:\/\/api.w.org\/{rel}","templated":true}]}}