{"id":2191,"date":"2023-10-03T22:45:29","date_gmt":"2023-10-04T03:45:29","guid":{"rendered":"https:\/\/www.jiproequip.com\/?post_type=product&#038;p=2191"},"modified":"2023-10-03T22:48:48","modified_gmt":"2023-10-04T03:48:48","slug":"barredora-con-operador-a-pie-superficies-de-3-500-metros-cuadrados","status":"publish","type":"product","link":"https:\/\/www.jiproequip.com\/index.php\/producto\/barredora-con-operador-a-pie-superficies-de-3-500-metros-cuadrados\/","title":{"rendered":"Barredora con operador a pie, superficies de 3.500 metros cuadrados"},"content":{"rendered":"<div class=\"wp-block-stackable-column stk-block-column stk-column stk-block stk-a42bbec\" data-v=\"4\" data-block-id=\"a42bbec\">\r\n<div class=\"stk-column-wrapper stk-block-column__content stk-container stk-a42bbec-container stk--no-background stk--no-padding\">\r\n<div class=\"stk-block-content stk-inner-blocks stk-a42bbec-inner-blocks\"><div class=\"wp-block-stackable-carousel stk-block-carousel stk--is-slide stk--arrows-justify-space-between stk--arrows-align-center stk-block stk-6d5b6f7\" data-slides-to-show=\"\" data-block-id=\"6d5b6f7\">\r\n<div class=\"stk-block-carousel__content-wrapper\">\r\n<div class=\"stk-row stk-inner-blocks stk-block-content stk-block-carousel__slider-wrapper stk-content-align stk-6d5b6f7-column\">\r\n<div class=\"stk-block-carousel__slider\" role=\"list\" data-autoplay=\"4000\" data-label-slide-of=\"Slide %%d of %%d\"><div class=\"wp-block-stackable-column stk-block-column stk-column stk-block stk-5a69e44\" data-v=\"4\" data-block-id=\"5a69e44\">\r\n<div class=\"stk-column-wrapper stk-block-column__content stk-container stk-5a69e44-container stk--no-background stk--no-padding\">\r\n<div class=\"stk-block-content stk-inner-blocks stk-5a69e44-inner-blocks\"><div class=\"wp-block-stackable-image stk-block-image stk-block stk-64219fc\" data-block-id=\"64219fc\">\r\n<figure class=\"stk-img-wrapper stk-image--shape-stretch\"><img loading=\"lazy\" decoding=\"async\" class=\"stk-img                              alignnone wp-image-2194 size-full\" src=\"http:\/\/https:\/\/www.jiproequip.com\/wp-content\/uploads\/2023\/10\/700_Dulevo_columbec_B.png\" alt=\"\" width=\"356\" height=\"286\" \/><\/figure>\r\n<\/div><\/div>\r\n<\/div>\r\n<\/div><\/div>\r\n<\/div>\r\n<\/div>\r\n<\/div><\/div>\r\n<\/div>\r\n<\/div><div class=\"wp-block-stackable-column stk-block-column stk-column stk-block stk-776f52c\" data-v=\"4\" data-block-id=\"776f52c\">\r\n<div class=\"stk-column-wrapper stk-block-column__content stk-container stk-776f52c-container stk--no-background stk--no-padding\">\r\n<div class=\"stk-block-content stk-inner-blocks stk-776f52c-inner-blocks\"><div id=\"unidad-trifasica-de-lavado-de-alta-presion-de-agua-fria-a-2175-p-s-i\" class=\"wp-block-stackable-heading stk-block-heading stk-block-heading--v2 stk-block stk-6ead452 stk-block-background\" data-block-id=\"6ead452\">\r\n<div class=\"pl_i2t\">\r\n<div class=\"pl_i2t\">\r\n<div class=\"pl_i2t\">\r\n<div class=\"pl_i2t\">\r\n<div class=\"pl_i2t\">\r\n<div class=\"pl_i2t\">\r\n<div class=\"pl_i2t\">\r\n<div class=\"pl_i2t\">\r\n<div class=\"pl_i2t\">\r\n<div class=\"pl_i2t\">\r\n<div class=\"pl_i2t\">\r\n<div class=\"pl_i2t\">\r\n<div class=\"pl_i2t\">\r\n<div class=\"pl_i2t\">\r\n<div class=\"pl_i2t\">\r\n<div class=\"pl_i2t\">\r\n<div class=\"pl_i2t\">\r\n<div class=\"pl_i2t\">\r\n<div class=\"pl_i2t\">\r\n<div class=\"pl_i2t\">\r\n<div class=\"pl_i2t\">\r\n<div class=\"pl_i2t\">\r\n<div class=\"pl_i2t\">\r\n<div class=\"pl_i2t\">\r\n<div class=\"pl_i2t\">\r\n<div class=\"pl_i2t\">\r\n<div class=\"pl_i2t\">\r\n<div class=\"pl_i2t\">\r\n<div class=\"pl_i2t\">\r\n<div class=\"pl_i2t\">\r\n<div class=\"pl_i2t\">\r\n<div class=\"pl_i2t\">\r\n<div class=\"pl_i2t\">\r\n<div class=\"pl_i2t\">\r\n<div class=\"pl_i2t\">\r\n<div class=\"pl_i2t\">\r\n<div class=\"pl_i2t\">\r\n<div class=\"pl_i2t\">\r\n<h2>Barredora con operador a pie, superficies de 3.500 metros cuadrados<\/h2>\r\n<\/div>\r\n<\/div>\r\n<\/div>\r\n<\/div>\r\n<\/div>\r\n<\/div>\r\n<\/div>\r\n<\/div>\r\n<\/div>\r\n<\/div>\r\n<\/div>\r\n<\/div>\r\n<\/div>\r\n<\/div>\r\n<\/div>\r\n<\/div>\r\n<\/div>\r\n<\/div>\r\n<\/div>\r\n<\/div>\r\n<\/div>\r\n<\/div>\r\n<\/div>\r\n<\/div>\r\n<\/div>\r\n<\/div>\r\n<\/div>\r\n<\/div>\r\n<\/div>\r\n<\/div>\r\n<\/div>\r\n<\/div>\r\n<\/div>\r\n<\/div>\r\n<\/div>\r\n<\/div>\r\n<\/div>\r\n<\/div>\r\n<div class=\"pl_i2c\">\r\n<div class=\"pl_i2c\">\r\n<div class=\"pl_i2c\">\r\n<div class=\"pl_i2c\">\r\n<div class=\"pl_i2c\">\r\n<div class=\"pl_i2c\">\r\n<div class=\"pl_i2c\">\r\n<div class=\"pl_i2c\">\r\n<div class=\"pl_i2c\">\r\n<div class=\"pl_i2c\">\r\n<div class=\"pl_i2c\">\r\n<p>Barredora montada para trabajos pesados en torno a la construcci\u00f3n de carreteras y sitios de reparaci\u00f3n y para la limpieza de autopistas. Alta eficiencia rentabilidad, baja emisi\u00f3n de ruido y una amplia variedad de opciones tambi\u00e9n hacen que sea ideal para aplicaciones municipales.<\/p>\r\n<p>Barredora industrial con conductor a tierra profesional y fiable. Gran productividad tanto en ambientes interiores como exteriores, en una amplia gama de superficies e incluso en alfombras, demostrando siempre su versatilidad en obtener excelentes resultados sobre cualquier superficie.<\/p>\r\n<p>Equipo disponible en dos versiones: de gasolina (con motor Honda) y el\u00e9ctrica. Ambas versiones tiene la tracci\u00f3n mec\u00e1nica delantera, aunque la versi\u00f3n el\u00e9ctrica es m\u00e1s silenciosa y menos contaminante.<\/p>\r\n<p>Grandes prestaciones gracias al sistema de barrido con carga directa y al ancho de barrido de 700 mm. Esta combinaci\u00f3n permite alcanzar un rendimiento horario de hasta 3.500 metros cuadrados por hora.<\/p>\r\n<p>El mango firme permite que el operador mantenga una posici\u00f3n c\u00f3moda, controlando con facilidad todas las operaciones de limpieza y con visibilidad completa de la zona frente a la barredora en todo momento. Cualquier tipo de polvo o residuo se recoge de forma simple y el material se conduce a una tolva amovible con capacidad de 40 litros.<\/p>\r\n<p>Esta m\u00e1quina de uso industrial es una valiosa soluci\u00f3n para cualquier exigencia, gracias al sistema de aletas que permite recoger incluso los residuos voluminosos. Un dispositivo realmente \u00fatil, que aumenta significativamente las prestaciones de la m\u00e1quina.<br \/>El sistema de filtraci\u00f3n garantiza que el polvo se mantenga dentro de la m\u00e1quina y en la tolva, gracias al sacudidor de filtros mec\u00e1nico especial. El operador puede encender y apagar la turbina de aspiraci\u00f3n de acuerdo a las condiciones del suelo o las distintas necesidades.<\/p>\r\n<\/div>\r\n<\/div>\r\n<p>&nbsp;<\/p>\r\n<\/div>\r\n<\/div>\r\n<\/div>\r\n<\/div>\r\n<\/div>\r\n<\/div>\r\n<\/div>\r\n<\/div>\r\n<\/div>\r\n<\/div>\r\n<\/div>\r\n<\/div>\r\n<\/div>","protected":false},"excerpt":{"rendered":"<p>Barredora con operador a pie, superficies de 3.500 metros cuadrados Barredora montada para trabajos pesados en torno a la construcci\u00f3n de carreteras y sitios de reparaci\u00f3n y para la limpieza de autopistas. Alta eficiencia rentabilidad, baja emisi\u00f3n de ruido y una amplia variedad de opciones tambi\u00e9n hacen que sea ideal para aplicaciones municipales. Barredora industrial [&hellip;]<\/p>\n","protected":false},"featured_media":2194,"comment_status":"open","ping_status":"closed","template":"","meta":{"_uag_custom_page_level_css":""},"product_brand":[],"product_cat":[42],"product_tag":[],"class_list":{"0":"post-2191","1":"product","2":"type-product","3":"status-publish","4":"has-post-thumbnail","6":"product_cat-barredoras","8":"first","9":"instock","10":"shipping-taxable","11":"product-type-simple"},"yoast_head":"<!-- This site is optimized with the Yoast SEO plugin v25.2 - https:\/\/yoast.com\/wordpress\/plugins\/seo\/ -->\n<title>Barredora con operador a pie, superficies de 3.500 metros cuadrados - Ji-proequip<\/title>\n<meta name=\"robots\" content=\"index, follow, max-snippet:-1, max-image-preview:large, max-video-preview:-1\" \/>\n<link rel=\"canonical\" href=\"https:\/\/www.jiproequip.com\/index.php\/producto\/barredora-con-operador-a-pie-superficies-de-3-500-metros-cuadrados\/\" \/>\n<meta property=\"og:locale\" content=\"es_ES\" \/>\n<meta property=\"og:type\" content=\"article\" \/>\n<meta property=\"og:title\" content=\"Barredora con operador a pie, superficies de 3.500 metros cuadrados - Ji-proequip\" \/>\n<meta property=\"og:description\" content=\"Barredora con operador a pie, superficies de 3.500 metros cuadrados Barredora montada para trabajos pesados en torno a la construcci\u00f3n de carreteras y sitios de reparaci\u00f3n y para la limpieza de autopistas. Alta eficiencia rentabilidad, baja emisi\u00f3n de ruido y una amplia variedad de opciones tambi\u00e9n hacen que sea ideal para aplicaciones municipales. Barredora industrial [&hellip;]\" \/>\n<meta property=\"og:url\" content=\"https:\/\/www.jiproequip.com\/index.php\/producto\/barredora-con-operador-a-pie-superficies-de-3-500-metros-cuadrados\/\" \/>\n<meta property=\"og:site_name\" content=\"Ji-proequip\" \/>\n<meta property=\"article:modified_time\" content=\"2023-10-04T03:48:48+00:00\" \/>\n<meta property=\"og:image\" content=\"https:\/\/www.jiproequip.com\/wp-content\/uploads\/2023\/10\/700_Dulevo_columbec_B.png\" \/>\n\t<meta property=\"og:image:width\" content=\"356\" \/>\n\t<meta property=\"og:image:height\" content=\"286\" \/>\n\t<meta property=\"og:image:type\" content=\"image\/png\" \/>\n<meta name=\"twitter:card\" content=\"summary_large_image\" \/>\n<meta name=\"twitter:label1\" content=\"Tiempo de lectura\" \/>\n\t<meta name=\"twitter:data1\" content=\"1 minuto\" \/>\n<script type=\"application\/ld+json\" class=\"yoast-schema-graph\">{\"@context\":\"https:\/\/schema.org\",\"@graph\":[{\"@type\":\"WebPage\",\"@id\":\"https:\/\/www.jiproequip.com\/index.php\/producto\/barredora-con-operador-a-pie-superficies-de-3-500-metros-cuadrados\/\",\"url\":\"https:\/\/www.jiproequip.com\/index.php\/producto\/barredora-con-operador-a-pie-superficies-de-3-500-metros-cuadrados\/\",\"name\":\"Barredora con operador a pie, superficies de 3.500 metros cuadrados - Ji-proequip\",\"isPartOf\":{\"@id\":\"https:\/\/www.jiproequip.com\/#website\"},\"primaryImageOfPage\":{\"@id\":\"https:\/\/www.jiproequip.com\/index.php\/producto\/barredora-con-operador-a-pie-superficies-de-3-500-metros-cuadrados\/#primaryimage\"},\"image\":{\"@id\":\"https:\/\/www.jiproequip.com\/index.php\/producto\/barredora-con-operador-a-pie-superficies-de-3-500-metros-cuadrados\/#primaryimage\"},\"thumbnailUrl\":\"https:\/\/www.jiproequip.com\/wp-content\/uploads\/2023\/10\/700_Dulevo_columbec_B.png\",\"datePublished\":\"2023-10-04T03:45:29+00:00\",\"dateModified\":\"2023-10-04T03:48:48+00:00\",\"breadcrumb\":{\"@id\":\"https:\/\/www.jiproequip.com\/index.php\/producto\/barredora-con-operador-a-pie-superficies-de-3-500-metros-cuadrados\/#breadcrumb\"},\"inLanguage\":\"es\",\"potentialAction\":[{\"@type\":\"ReadAction\",\"target\":[\"https:\/\/www.jiproequip.com\/index.php\/producto\/barredora-con-operador-a-pie-superficies-de-3-500-metros-cuadrados\/\"]}]},{\"@type\":\"ImageObject\",\"inLanguage\":\"es\",\"@id\":\"https:\/\/www.jiproequip.com\/index.php\/producto\/barredora-con-operador-a-pie-superficies-de-3-500-metros-cuadrados\/#primaryimage\",\"url\":\"https:\/\/www.jiproequip.com\/wp-content\/uploads\/2023\/10\/700_Dulevo_columbec_B.png\",\"contentUrl\":\"https:\/\/www.jiproequip.com\/wp-content\/uploads\/2023\/10\/700_Dulevo_columbec_B.png\",\"width\":356,\"height\":286},{\"@type\":\"BreadcrumbList\",\"@id\":\"https:\/\/www.jiproequip.com\/index.php\/producto\/barredora-con-operador-a-pie-superficies-de-3-500-metros-cuadrados\/#breadcrumb\",\"itemListElement\":[{\"@type\":\"ListItem\",\"position\":1,\"name\":\"Home\",\"item\":\"https:\/\/www.jiproequip.com\/\"},{\"@type\":\"ListItem\",\"position\":2,\"name\":\"Tienda\",\"item\":\"https:\/\/www.jiproequip.com\/index.php\/tienda\/\"},{\"@type\":\"ListItem\",\"position\":3,\"name\":\"Barredora con operador a pie, superficies de 3.500 metros cuadrados\"}]},{\"@type\":\"WebSite\",\"@id\":\"https:\/\/www.jiproequip.com\/#website\",\"url\":\"https:\/\/www.jiproequip.com\/\",\"name\":\"Ji-proequip\",\"description\":\"Venta de equipos industriales con servicio t\u00e9cnico especializado\",\"publisher\":{\"@id\":\"https:\/\/www.jiproequip.com\/#organization\"},\"potentialAction\":[{\"@type\":\"SearchAction\",\"target\":{\"@type\":\"EntryPoint\",\"urlTemplate\":\"https:\/\/www.jiproequip.com\/?s={search_term_string}\"},\"query-input\":{\"@type\":\"PropertyValueSpecification\",\"valueRequired\":true,\"valueName\":\"search_term_string\"}}],\"inLanguage\":\"es\"},{\"@type\":\"Organization\",\"@id\":\"https:\/\/www.jiproequip.com\/#organization\",\"name\":\"Ji-proequip\",\"url\":\"https:\/\/www.jiproequip.com\/\",\"logo\":{\"@type\":\"ImageObject\",\"inLanguage\":\"es\",\"@id\":\"https:\/\/www.jiproequip.com\/#\/schema\/logo\/image\/\",\"url\":\"https:\/\/www.jiproequip.com\/wp-content\/uploads\/2025\/06\/LOGO-JIproequip-2025.png\",\"contentUrl\":\"https:\/\/www.jiproequip.com\/wp-content\/uploads\/2025\/06\/LOGO-JIproequip-2025.png\",\"width\":2433,\"height\":596,\"caption\":\"Ji-proequip\"},\"image\":{\"@id\":\"https:\/\/www.jiproequip.com\/#\/schema\/logo\/image\/\"}}]}<\/script>\n<!-- \/ Yoast SEO plugin. -->","yoast_head_json":{"title":"Barredora con operador a pie, superficies de 3.500 metros cuadrados - Ji-proequip","robots":{"index":"index","follow":"follow","max-snippet":"max-snippet:-1","max-image-preview":"max-image-preview:large","max-video-preview":"max-video-preview:-1"},"canonical":"https:\/\/www.jiproequip.com\/index.php\/producto\/barredora-con-operador-a-pie-superficies-de-3-500-metros-cuadrados\/","og_locale":"es_ES","og_type":"article","og_title":"Barredora con operador a pie, superficies de 3.500 metros cuadrados - Ji-proequip","og_description":"Barredora con operador a pie, superficies de 3.500 metros cuadrados Barredora montada para trabajos pesados en torno a la construcci\u00f3n de carreteras y sitios de reparaci\u00f3n y para la limpieza de autopistas. Alta eficiencia rentabilidad, baja emisi\u00f3n de ruido y una amplia variedad de opciones tambi\u00e9n hacen que sea ideal para aplicaciones municipales. Barredora industrial [&hellip;]","og_url":"https:\/\/www.jiproequip.com\/index.php\/producto\/barredora-con-operador-a-pie-superficies-de-3-500-metros-cuadrados\/","og_site_name":"Ji-proequip","article_modified_time":"2023-10-04T03:48:48+00:00","og_image":[{"width":356,"height":286,"url":"https:\/\/www.jiproequip.com\/wp-content\/uploads\/2023\/10\/700_Dulevo_columbec_B.png","type":"image\/png"}],"twitter_card":"summary_large_image","twitter_misc":{"Tiempo de lectura":"1 minuto"},"schema":{"@context":"https:\/\/schema.org","@graph":[{"@type":"WebPage","@id":"https:\/\/www.jiproequip.com\/index.php\/producto\/barredora-con-operador-a-pie-superficies-de-3-500-metros-cuadrados\/","url":"https:\/\/www.jiproequip.com\/index.php\/producto\/barredora-con-operador-a-pie-superficies-de-3-500-metros-cuadrados\/","name":"Barredora con operador a pie, superficies de 3.500 metros cuadrados - Ji-proequip","isPartOf":{"@id":"https:\/\/www.jiproequip.com\/#website"},"primaryImageOfPage":{"@id":"https:\/\/www.jiproequip.com\/index.php\/producto\/barredora-con-operador-a-pie-superficies-de-3-500-metros-cuadrados\/#primaryimage"},"image":{"@id":"https:\/\/www.jiproequip.com\/index.php\/producto\/barredora-con-operador-a-pie-superficies-de-3-500-metros-cuadrados\/#primaryimage"},"thumbnailUrl":"https:\/\/www.jiproequip.com\/wp-content\/uploads\/2023\/10\/700_Dulevo_columbec_B.png","datePublished":"2023-10-04T03:45:29+00:00","dateModified":"2023-10-04T03:48:48+00:00","breadcrumb":{"@id":"https:\/\/www.jiproequip.com\/index.php\/producto\/barredora-con-operador-a-pie-superficies-de-3-500-metros-cuadrados\/#breadcrumb"},"inLanguage":"es","potentialAction":[{"@type":"ReadAction","target":["https:\/\/www.jiproequip.com\/index.php\/producto\/barredora-con-operador-a-pie-superficies-de-3-500-metros-cuadrados\/"]}]},{"@type":"ImageObject","inLanguage":"es","@id":"https:\/\/www.jiproequip.com\/index.php\/producto\/barredora-con-operador-a-pie-superficies-de-3-500-metros-cuadrados\/#primaryimage","url":"https:\/\/www.jiproequip.com\/wp-content\/uploads\/2023\/10\/700_Dulevo_columbec_B.png","contentUrl":"https:\/\/www.jiproequip.com\/wp-content\/uploads\/2023\/10\/700_Dulevo_columbec_B.png","width":356,"height":286},{"@type":"BreadcrumbList","@id":"https:\/\/www.jiproequip.com\/index.php\/producto\/barredora-con-operador-a-pie-superficies-de-3-500-metros-cuadrados\/#breadcrumb","itemListElement":[{"@type":"ListItem","position":1,"name":"Home","item":"https:\/\/www.jiproequip.com\/"},{"@type":"ListItem","position":2,"name":"Tienda","item":"https:\/\/www.jiproequip.com\/index.php\/tienda\/"},{"@type":"ListItem","position":3,"name":"Barredora con operador a pie, superficies de 3.500 metros cuadrados"}]},{"@type":"WebSite","@id":"https:\/\/www.jiproequip.com\/#website","url":"https:\/\/www.jiproequip.com\/","name":"Ji-proequip","description":"Venta de equipos industriales con servicio t\u00e9cnico especializado","publisher":{"@id":"https:\/\/www.jiproequip.com\/#organization"},"potentialAction":[{"@type":"SearchAction","target":{"@type":"EntryPoint","urlTemplate":"https:\/\/www.jiproequip.com\/?s={search_term_string}"},"query-input":{"@type":"PropertyValueSpecification","valueRequired":true,"valueName":"search_term_string"}}],"inLanguage":"es"},{"@type":"Organization","@id":"https:\/\/www.jiproequip.com\/#organization","name":"Ji-proequip","url":"https:\/\/www.jiproequip.com\/","logo":{"@type":"ImageObject","inLanguage":"es","@id":"https:\/\/www.jiproequip.com\/#\/schema\/logo\/image\/","url":"https:\/\/www.jiproequip.com\/wp-content\/uploads\/2025\/06\/LOGO-JIproequip-2025.png","contentUrl":"https:\/\/www.jiproequip.com\/wp-content\/uploads\/2025\/06\/LOGO-JIproequip-2025.png","width":2433,"height":596,"caption":"Ji-proequip"},"image":{"@id":"https:\/\/www.jiproequip.com\/#\/schema\/logo\/image\/"}}]}},"uagb_featured_image_src":{"full":["https:\/\/www.jiproequip.com\/wp-content\/uploads\/2023\/10\/700_Dulevo_columbec_B.png",356,286,false],"thumbnail":["https:\/\/www.jiproequip.com\/wp-content\/uploads\/2023\/10\/700_Dulevo_columbec_B.png",150,121,false],"medium":["https:\/\/www.jiproequip.com\/wp-content\/uploads\/2023\/10\/700_Dulevo_columbec_B.png",300,241,false],"medium_large":["https:\/\/www.jiproequip.com\/wp-content\/uploads\/2023\/10\/700_Dulevo_columbec_B.png",356,286,false],"large":["https:\/\/www.jiproequip.com\/wp-content\/uploads\/2023\/10\/700_Dulevo_columbec_B.png",356,286,false],"1536x1536":["https:\/\/www.jiproequip.com\/wp-content\/uploads\/2023\/10\/700_Dulevo_columbec_B.png",356,286,false],"2048x2048":["https:\/\/www.jiproequip.com\/wp-content\/uploads\/2023\/10\/700_Dulevo_columbec_B.png",356,286,false],"mailpoet_newsletter_max":["https:\/\/www.jiproequip.com\/wp-content\/uploads\/2023\/10\/700_Dulevo_columbec_B.png",356,286,false],"woocommerce_thumbnail":["https:\/\/www.jiproequip.com\/wp-content\/uploads\/2023\/10\/700_Dulevo_columbec_B.png",300,241,false],"woocommerce_single":["https:\/\/www.jiproequip.com\/wp-content\/uploads\/2023\/10\/700_Dulevo_columbec_B.png",356,286,false],"woocommerce_gallery_thumbnail":["https:\/\/www.jiproequip.com\/wp-content\/uploads\/2023\/10\/700_Dulevo_columbec_B-100x100.png",100,100,true]},"uagb_author_info":{"display_name":"admin_jiproeq","author_link":"https:\/\/www.jiproequip.com\/index.php\/author\/"},"uagb_comment_info":0,"uagb_excerpt":"Barredora con operador a pie, superficies de 3.500 metros cuadrados Barredora montada para trabajos pesados en torno a la construcci\u00f3n de carreteras y sitios de reparaci\u00f3n y para la limpieza de autopistas. Alta eficiencia rentabilidad, baja emisi\u00f3n de ruido y una amplia variedad de opciones tambi\u00e9n hacen que sea ideal para aplicaciones municipales. Barredora industrial&hellip;","jetpack_sharing_enabled":true,"_links":{"self":[{"href":"https:\/\/www.jiproequip.com\/index.php\/wp-json\/wp\/v2\/product\/2191","targetHints":{"allow":["GET"]}}],"collection":[{"href":"https:\/\/www.jiproequip.com\/index.php\/wp-json\/wp\/v2\/product"}],"about":[{"href":"https:\/\/www.jiproequip.com\/index.php\/wp-json\/wp\/v2\/types\/product"}],"replies":[{"embeddable":true,"href":"https:\/\/www.jiproequip.com\/index.php\/wp-json\/wp\/v2\/comments?post=2191"}],"wp:featuredmedia":[{"embeddable":true,"href":"https:\/\/www.jiproequip.com\/index.php\/wp-json\/wp\/v2\/media\/2194"}],"wp:attachment":[{"href":"https:\/\/www.jiproequip.com\/index.php\/wp-json\/wp\/v2\/media?parent=2191"}],"wp:term":[{"taxonomy":"product_brand","embeddable":true,"href":"https:\/\/www.jiproequip.com\/index.php\/wp-json\/wp\/v2\/product_brand?post=2191"},{"taxonomy":"product_cat","embeddable":true,"href":"https:\/\/www.jiproequip.com\/index.php\/wp-json\/wp\/v2\/product_cat?post=2191"},{"taxonomy":"product_tag","embeddable":true,"href":"https:\/\/www.jiproequip.com\/index.php\/wp-json\/wp\/v2\/product_tag?post=2191"}],"curies":[{"name":"wp","href":"https:\/\/api.w.org\/{rel}","templated":true}]}}