{"id":2227,"date":"2023-10-04T22:28:39","date_gmt":"2023-10-05T03:28:39","guid":{"rendered":"https:\/\/www.jiproequip.com\/?post_type=product&#038;p=2227"},"modified":"2023-10-04T22:41:10","modified_gmt":"2023-10-05T03:41:10","slug":"barredora-municipal-limpieza-de-calles","status":"publish","type":"product","link":"https:\/\/www.jiproequip.com\/index.php\/producto\/barredora-municipal-limpieza-de-calles\/","title":{"rendered":"Barredora vial compacta con lavado a presi\u00f3n y aspiradora"},"content":{"rendered":"<div class=\"wp-block-stackable-column stk-block-column stk-column stk-block stk-a42bbec\" data-v=\"4\" data-block-id=\"a42bbec\">\r\n<div class=\"stk-column-wrapper stk-block-column__content stk-container stk-a42bbec-container stk--no-background stk--no-padding\">\r\n<div class=\"stk-block-content stk-inner-blocks stk-a42bbec-inner-blocks\"><div class=\"wp-block-stackable-carousel stk-block-carousel stk--is-slide stk--arrows-justify-space-between stk--arrows-align-center stk-block stk-6d5b6f7\" data-slides-to-show=\"\" data-block-id=\"6d5b6f7\">\r\n<div class=\"stk-block-carousel__content-wrapper\">\r\n<div class=\"stk-row stk-inner-blocks stk-block-content stk-block-carousel__slider-wrapper stk-content-align stk-6d5b6f7-column\">\r\n<div class=\"stk-block-carousel__slider\" role=\"list\" data-autoplay=\"4000\" data-label-slide-of=\"Slide %%d of %%d\"><div class=\"wp-block-stackable-column stk-block-column stk-column stk-block stk-5a69e44\" data-v=\"4\" data-block-id=\"5a69e44\">\r\n<div class=\"stk-column-wrapper stk-block-column__content stk-container stk-5a69e44-container stk--no-background stk--no-padding\">\r\n<div class=\"stk-block-content stk-inner-blocks stk-5a69e44-inner-blocks\"><div class=\"wp-block-stackable-image stk-block-image stk-block stk-64219fc\" data-block-id=\"64219fc\">\r\n<figure class=\"stk-img-wrapper stk-image--shape-stretch\"><img loading=\"lazy\" decoding=\"async\" class=\"stk-img                                alignnone wp-image-2230 \" src=\"http:\/\/https:\/\/www.jiproequip.com\/wp-content\/uploads\/2023\/10\/Barredora_Municipal01_B.png\" alt=\"\" width=\"440\" height=\"426\" \/><\/figure>\r\n<\/div><\/div>\r\n<\/div>\r\n<\/div><\/div>\r\n<\/div>\r\n<\/div>\r\n<\/div><\/div>\r\n<\/div>\r\n<\/div><div class=\"wp-block-stackable-column stk-block-column stk-column stk-block stk-776f52c\" data-v=\"4\" data-block-id=\"776f52c\">\r\n<div class=\"stk-column-wrapper stk-block-column__content stk-container stk-776f52c-container stk--no-background stk--no-padding\">\r\n<div class=\"stk-block-content stk-inner-blocks stk-776f52c-inner-blocks\"><div id=\"unidad-trifasica-de-lavado-de-alta-presion-de-agua-fria-a-2175-p-s-i\" class=\"wp-block-stackable-heading stk-block-heading stk-block-heading--v2 stk-block stk-6ead452 stk-block-background\" data-block-id=\"6ead452\">\r\n<div class=\"pl_i2t\">\r\n<div class=\"pl_i2t\">\r\n<div class=\"pl_i2t\">\r\n<div class=\"pl_i2t\">\r\n<div class=\"pl_i2t\">\r\n<div class=\"pl_i2t\">\r\n<div class=\"pl_i2t\">\r\n<div class=\"pl_i2t\">\r\n<div class=\"pl_i2t\">\r\n<div class=\"pl_i2t\">\r\n<div class=\"pl_i2t\">\r\n<div class=\"pl_i2t\">\r\n<div class=\"pl_i2t\">\r\n<div class=\"pl_i2t\">\r\n<div class=\"pl_i2t\">\r\n<div class=\"pl_i2t\">\r\n<div class=\"pl_i2t\">\r\n<div class=\"pl_i2t\">\r\n<div class=\"pl_i2t\">\r\n<div class=\"pl_i2t\">\r\n<div class=\"pl_i2t\">\r\n<div class=\"pl_i2t\">\r\n<div class=\"pl_i2t\">\r\n<div class=\"pl_i2t\">\r\n<div class=\"pl_i2t\">\r\n<div class=\"pl_i2t\">\r\n<div class=\"pl_i2t\">\r\n<div class=\"pl_i2t\">\r\n<div class=\"pl_i2t\">\r\n<div class=\"pl_i2t\">\r\n<div class=\"pl_i2t\">\r\n<div class=\"pl_i2t\">\r\n<div class=\"pl_i2t\">\r\n<div class=\"pl_i2t\">\r\n<div class=\"pl_i2t\">\r\n<div class=\"pl_i2t\">\r\n<div class=\"pl_i2t\">\r\n<div class=\"pl_i2t\">\r\n<div class=\"pl_i2t\">\r\n<div class=\"pl_i2t\">\r\n<div class=\"pl_i2t\">\r\n<h2>Barredora vial compacta con lavado a presi\u00f3n y aspiradora<\/h2>\r\n<\/div>\r\n<\/div>\r\n<\/div>\r\n<\/div>\r\n<\/div>\r\n<\/div>\r\n<\/div>\r\n<\/div>\r\n<\/div>\r\n<\/div>\r\n<\/div>\r\n<\/div>\r\n<\/div>\r\n<\/div>\r\n<\/div>\r\n<\/div>\r\n<\/div>\r\n<\/div>\r\n<\/div>\r\n<\/div>\r\n<\/div>\r\n<\/div>\r\n<\/div>\r\n<\/div>\r\n<\/div>\r\n<\/div>\r\n<\/div>\r\n<\/div>\r\n<\/div>\r\n<\/div>\r\n<\/div>\r\n<\/div>\r\n<\/div>\r\n<\/div>\r\n<\/div>\r\n<\/div>\r\n<\/div>\r\n<\/div>\r\n<\/div>\r\n<\/div>\r\n<\/div>\r\n<div class=\"pl_i2c\">\r\n<div class=\"pl_i2c\">\r\n<div class=\"pl_i2c\">\r\n<div class=\"pl_i2c\">\r\n<div class=\"pl_i2c\">\r\n<div class=\"pl_i2c\">\r\n<div class=\"pl_i2c\">\r\n<div class=\"pl_i2c\">\r\n<div class=\"pl_i2c\">\r\n<div class=\"pl_i2c\">\r\n<div class=\"pl_i2c\">\r\n<div class=\"pl_i2c\">\r\n<div class=\"pl_i2c\">\r\n<div class=\"pl_i2c\">Hoy las barredoras viales son las m\u00e1quinas para uso profesional continuo m\u00e1s modernas y eficientes en el mercado.<br \/>Desde hace a\u00f1os se ha perfeccionado su tecnolog\u00eda buscando cuatro objetivos:<br \/>la facilidad de empleo, la reducci\u00f3n de los consumos, el bajo impacto en el medio ambiente, el r\u00e1pido reembolso de la inversi\u00f3n.<\/div>\r\n<div>\r\n<ul>TRES MODELOS\r\n<li>Barredora ST:Con funcionamiento manual y motor Di\u00e9sel Mercedes<\/li>\r\n<li>Barredora CT:Con funcionamiento automatizado y motor Di\u00e9sel Mercedes .<\/li>\r\n<li>Barredora G:Con funcionamiento automatizado y motor de gas natural Iveco.<\/li>\r\n<\/ul>\r\n<ul>\r\n<li>EL SISTEMA MEC\u00c1NICO-ASPIRANTE:<br \/>Barredoras viales mec\u00e1nico-aspirantes que aprovechan la fuerza mec\u00e1nica del cepillo para recoger los desechos y la acci\u00f3n del ventilador aspirante para filtrar las part\u00edculas finas y limpiar sin levantar el polvo.<\/li>\r\n<li>GRANDE CAPACIDAD DE CARGA<br \/>Nuestra marca de barredoras viales pueden recoger grandes cantidades de desechos. En t\u00e9rminos de volumen y peso de carga (en la versi\u00f3n de 6 metros cubos de volumen y 6000 kg de peso de carga) est\u00e1n entre las mejores barredoras mec\u00e1nico-aspirantes en el \u00e1mbito urbano.<\/li>\r\n<li>DOS MOTORIZACIONES:<br \/>El Motor Di\u00e9sel Mercedes ofrece la m\u00e1xima fiabilidad y est\u00e1 garantizado por una red de asistencia presente en todo el mundo. El Motor de Gas Natural Iveco Intercooler reduce dram\u00e1ticamente las emisiones, respetando as\u00ed el medio ambiente y de acuerdo con las normas vigentes en material de restricciones del tr\u00e1fico, y minimiza los consumos y el ruido.<\/li>\r\n<li>Perfecta visibilidad para una conducci\u00f3n segura. <br \/>La conducci\u00f3n central permite al operador aprovechar una visibilidad delantera de 180\u00b0 para operar en seguridad con el tercer cepillo delantero durante la limpieza de acabado.<\/li>\r\n<li>Menores consumos de combustible.<br \/>El innovador sistema ECOPOWER , en combinaci\u00f3n con la instalaci\u00f3n automotriz, dirige la transmisi\u00f3n hidrost\u00e1tica optimizando la energ\u00eda necesaria para mover la m\u00e1quina reduciendo a\u00fan m\u00e1s los costos horarios de utilizaci\u00f3n.<\/li>\r\n<\/ul>\r\n<\/div>\r\n<\/div>\r\n<\/div>\r\n<\/div>\r\n<\/div>\r\n<p>&nbsp;<\/p>\r\n<\/div>\r\n<\/div>\r\n<\/div>\r\n<\/div>\r\n<\/div>\r\n<\/div>\r\n<\/div>\r\n<\/div>\r\n<\/div>\r\n<\/div>\r\n<\/div>\r\n<\/div>\r\n<\/div>","protected":false},"excerpt":{"rendered":"<p>Barredora vial compacta con lavado a presi\u00f3n y aspiradora Hoy las barredoras viales son las m\u00e1quinas para uso profesional continuo m\u00e1s modernas y eficientes en el mercado.Desde hace a\u00f1os se ha perfeccionado su tecnolog\u00eda buscando cuatro objetivos:la facilidad de empleo, la reducci\u00f3n de los consumos, el bajo impacto en el medio ambiente, el r\u00e1pido reembolso [&hellip;]<\/p>\n","protected":false},"featured_media":2230,"comment_status":"open","ping_status":"closed","template":"","meta":{"_uag_custom_page_level_css":""},"product_brand":[],"product_cat":[42],"product_tag":[],"class_list":{"0":"post-2227","1":"product","2":"type-product","3":"status-publish","4":"has-post-thumbnail","6":"product_cat-barredoras","8":"first","9":"instock","10":"shipping-taxable","11":"product-type-simple"},"yoast_head":"<!-- This site is optimized with the Yoast SEO plugin v25.2 - https:\/\/yoast.com\/wordpress\/plugins\/seo\/ -->\n<title>Barredora vial compacta con lavado a presi\u00f3n y aspiradora - Ji-proequip<\/title>\n<meta name=\"robots\" content=\"index, follow, max-snippet:-1, max-image-preview:large, max-video-preview:-1\" \/>\n<link rel=\"canonical\" href=\"https:\/\/www.jiproequip.com\/index.php\/producto\/barredora-municipal-limpieza-de-calles\/\" \/>\n<meta property=\"og:locale\" content=\"es_ES\" \/>\n<meta property=\"og:type\" content=\"article\" \/>\n<meta property=\"og:title\" content=\"Barredora vial compacta con lavado a presi\u00f3n y aspiradora - Ji-proequip\" \/>\n<meta property=\"og:description\" content=\"Barredora vial compacta con lavado a presi\u00f3n y aspiradora Hoy las barredoras viales son las m\u00e1quinas para uso profesional continuo m\u00e1s modernas y eficientes en el mercado.Desde hace a\u00f1os se ha perfeccionado su tecnolog\u00eda buscando cuatro objetivos:la facilidad de empleo, la reducci\u00f3n de los consumos, el bajo impacto en el medio ambiente, el r\u00e1pido reembolso [&hellip;]\" \/>\n<meta property=\"og:url\" content=\"https:\/\/www.jiproequip.com\/index.php\/producto\/barredora-municipal-limpieza-de-calles\/\" \/>\n<meta property=\"og:site_name\" content=\"Ji-proequip\" \/>\n<meta property=\"article:modified_time\" content=\"2023-10-05T03:41:10+00:00\" \/>\n<meta property=\"og:image\" content=\"https:\/\/www.jiproequip.com\/wp-content\/uploads\/2023\/10\/Barredora_Municipal01_B.png\" \/>\n\t<meta property=\"og:image:width\" content=\"800\" \/>\n\t<meta property=\"og:image:height\" content=\"774\" \/>\n\t<meta property=\"og:image:type\" content=\"image\/png\" \/>\n<meta name=\"twitter:card\" content=\"summary_large_image\" \/>\n<meta name=\"twitter:label1\" content=\"Tiempo de lectura\" \/>\n\t<meta name=\"twitter:data1\" content=\"2 minutos\" \/>\n<script type=\"application\/ld+json\" class=\"yoast-schema-graph\">{\"@context\":\"https:\/\/schema.org\",\"@graph\":[{\"@type\":\"WebPage\",\"@id\":\"https:\/\/www.jiproequip.com\/index.php\/producto\/barredora-municipal-limpieza-de-calles\/\",\"url\":\"https:\/\/www.jiproequip.com\/index.php\/producto\/barredora-municipal-limpieza-de-calles\/\",\"name\":\"Barredora vial compacta con lavado a presi\u00f3n y aspiradora - Ji-proequip\",\"isPartOf\":{\"@id\":\"https:\/\/www.jiproequip.com\/#website\"},\"primaryImageOfPage\":{\"@id\":\"https:\/\/www.jiproequip.com\/index.php\/producto\/barredora-municipal-limpieza-de-calles\/#primaryimage\"},\"image\":{\"@id\":\"https:\/\/www.jiproequip.com\/index.php\/producto\/barredora-municipal-limpieza-de-calles\/#primaryimage\"},\"thumbnailUrl\":\"https:\/\/www.jiproequip.com\/wp-content\/uploads\/2023\/10\/Barredora_Municipal01_B.png\",\"datePublished\":\"2023-10-05T03:28:39+00:00\",\"dateModified\":\"2023-10-05T03:41:10+00:00\",\"breadcrumb\":{\"@id\":\"https:\/\/www.jiproequip.com\/index.php\/producto\/barredora-municipal-limpieza-de-calles\/#breadcrumb\"},\"inLanguage\":\"es\",\"potentialAction\":[{\"@type\":\"ReadAction\",\"target\":[\"https:\/\/www.jiproequip.com\/index.php\/producto\/barredora-municipal-limpieza-de-calles\/\"]}]},{\"@type\":\"ImageObject\",\"inLanguage\":\"es\",\"@id\":\"https:\/\/www.jiproequip.com\/index.php\/producto\/barredora-municipal-limpieza-de-calles\/#primaryimage\",\"url\":\"https:\/\/www.jiproequip.com\/wp-content\/uploads\/2023\/10\/Barredora_Municipal01_B.png\",\"contentUrl\":\"https:\/\/www.jiproequip.com\/wp-content\/uploads\/2023\/10\/Barredora_Municipal01_B.png\",\"width\":800,\"height\":774},{\"@type\":\"BreadcrumbList\",\"@id\":\"https:\/\/www.jiproequip.com\/index.php\/producto\/barredora-municipal-limpieza-de-calles\/#breadcrumb\",\"itemListElement\":[{\"@type\":\"ListItem\",\"position\":1,\"name\":\"Home\",\"item\":\"https:\/\/www.jiproequip.com\/\"},{\"@type\":\"ListItem\",\"position\":2,\"name\":\"Tienda\",\"item\":\"https:\/\/www.jiproequip.com\/index.php\/tienda\/\"},{\"@type\":\"ListItem\",\"position\":3,\"name\":\"Barredora vial compacta con lavado a presi\u00f3n y aspiradora\"}]},{\"@type\":\"WebSite\",\"@id\":\"https:\/\/www.jiproequip.com\/#website\",\"url\":\"https:\/\/www.jiproequip.com\/\",\"name\":\"Ji-proequip\",\"description\":\"Venta de equipos industriales con servicio t\u00e9cnico especializado\",\"publisher\":{\"@id\":\"https:\/\/www.jiproequip.com\/#organization\"},\"potentialAction\":[{\"@type\":\"SearchAction\",\"target\":{\"@type\":\"EntryPoint\",\"urlTemplate\":\"https:\/\/www.jiproequip.com\/?s={search_term_string}\"},\"query-input\":{\"@type\":\"PropertyValueSpecification\",\"valueRequired\":true,\"valueName\":\"search_term_string\"}}],\"inLanguage\":\"es\"},{\"@type\":\"Organization\",\"@id\":\"https:\/\/www.jiproequip.com\/#organization\",\"name\":\"Ji-proequip\",\"url\":\"https:\/\/www.jiproequip.com\/\",\"logo\":{\"@type\":\"ImageObject\",\"inLanguage\":\"es\",\"@id\":\"https:\/\/www.jiproequip.com\/#\/schema\/logo\/image\/\",\"url\":\"https:\/\/www.jiproequip.com\/wp-content\/uploads\/2025\/06\/LOGO-JIproequip-2025.png\",\"contentUrl\":\"https:\/\/www.jiproequip.com\/wp-content\/uploads\/2025\/06\/LOGO-JIproequip-2025.png\",\"width\":2433,\"height\":596,\"caption\":\"Ji-proequip\"},\"image\":{\"@id\":\"https:\/\/www.jiproequip.com\/#\/schema\/logo\/image\/\"}}]}<\/script>\n<!-- \/ Yoast SEO plugin. -->","yoast_head_json":{"title":"Barredora vial compacta con lavado a presi\u00f3n y aspiradora - Ji-proequip","robots":{"index":"index","follow":"follow","max-snippet":"max-snippet:-1","max-image-preview":"max-image-preview:large","max-video-preview":"max-video-preview:-1"},"canonical":"https:\/\/www.jiproequip.com\/index.php\/producto\/barredora-municipal-limpieza-de-calles\/","og_locale":"es_ES","og_type":"article","og_title":"Barredora vial compacta con lavado a presi\u00f3n y aspiradora - Ji-proequip","og_description":"Barredora vial compacta con lavado a presi\u00f3n y aspiradora Hoy las barredoras viales son las m\u00e1quinas para uso profesional continuo m\u00e1s modernas y eficientes en el mercado.Desde hace a\u00f1os se ha perfeccionado su tecnolog\u00eda buscando cuatro objetivos:la facilidad de empleo, la reducci\u00f3n de los consumos, el bajo impacto en el medio ambiente, el r\u00e1pido reembolso [&hellip;]","og_url":"https:\/\/www.jiproequip.com\/index.php\/producto\/barredora-municipal-limpieza-de-calles\/","og_site_name":"Ji-proequip","article_modified_time":"2023-10-05T03:41:10+00:00","og_image":[{"width":800,"height":774,"url":"https:\/\/www.jiproequip.com\/wp-content\/uploads\/2023\/10\/Barredora_Municipal01_B.png","type":"image\/png"}],"twitter_card":"summary_large_image","twitter_misc":{"Tiempo de lectura":"2 minutos"},"schema":{"@context":"https:\/\/schema.org","@graph":[{"@type":"WebPage","@id":"https:\/\/www.jiproequip.com\/index.php\/producto\/barredora-municipal-limpieza-de-calles\/","url":"https:\/\/www.jiproequip.com\/index.php\/producto\/barredora-municipal-limpieza-de-calles\/","name":"Barredora vial compacta con lavado a presi\u00f3n y aspiradora - Ji-proequip","isPartOf":{"@id":"https:\/\/www.jiproequip.com\/#website"},"primaryImageOfPage":{"@id":"https:\/\/www.jiproequip.com\/index.php\/producto\/barredora-municipal-limpieza-de-calles\/#primaryimage"},"image":{"@id":"https:\/\/www.jiproequip.com\/index.php\/producto\/barredora-municipal-limpieza-de-calles\/#primaryimage"},"thumbnailUrl":"https:\/\/www.jiproequip.com\/wp-content\/uploads\/2023\/10\/Barredora_Municipal01_B.png","datePublished":"2023-10-05T03:28:39+00:00","dateModified":"2023-10-05T03:41:10+00:00","breadcrumb":{"@id":"https:\/\/www.jiproequip.com\/index.php\/producto\/barredora-municipal-limpieza-de-calles\/#breadcrumb"},"inLanguage":"es","potentialAction":[{"@type":"ReadAction","target":["https:\/\/www.jiproequip.com\/index.php\/producto\/barredora-municipal-limpieza-de-calles\/"]}]},{"@type":"ImageObject","inLanguage":"es","@id":"https:\/\/www.jiproequip.com\/index.php\/producto\/barredora-municipal-limpieza-de-calles\/#primaryimage","url":"https:\/\/www.jiproequip.com\/wp-content\/uploads\/2023\/10\/Barredora_Municipal01_B.png","contentUrl":"https:\/\/www.jiproequip.com\/wp-content\/uploads\/2023\/10\/Barredora_Municipal01_B.png","width":800,"height":774},{"@type":"BreadcrumbList","@id":"https:\/\/www.jiproequip.com\/index.php\/producto\/barredora-municipal-limpieza-de-calles\/#breadcrumb","itemListElement":[{"@type":"ListItem","position":1,"name":"Home","item":"https:\/\/www.jiproequip.com\/"},{"@type":"ListItem","position":2,"name":"Tienda","item":"https:\/\/www.jiproequip.com\/index.php\/tienda\/"},{"@type":"ListItem","position":3,"name":"Barredora vial compacta con lavado a presi\u00f3n y aspiradora"}]},{"@type":"WebSite","@id":"https:\/\/www.jiproequip.com\/#website","url":"https:\/\/www.jiproequip.com\/","name":"Ji-proequip","description":"Venta de equipos industriales con servicio t\u00e9cnico especializado","publisher":{"@id":"https:\/\/www.jiproequip.com\/#organization"},"potentialAction":[{"@type":"SearchAction","target":{"@type":"EntryPoint","urlTemplate":"https:\/\/www.jiproequip.com\/?s={search_term_string}"},"query-input":{"@type":"PropertyValueSpecification","valueRequired":true,"valueName":"search_term_string"}}],"inLanguage":"es"},{"@type":"Organization","@id":"https:\/\/www.jiproequip.com\/#organization","name":"Ji-proequip","url":"https:\/\/www.jiproequip.com\/","logo":{"@type":"ImageObject","inLanguage":"es","@id":"https:\/\/www.jiproequip.com\/#\/schema\/logo\/image\/","url":"https:\/\/www.jiproequip.com\/wp-content\/uploads\/2025\/06\/LOGO-JIproequip-2025.png","contentUrl":"https:\/\/www.jiproequip.com\/wp-content\/uploads\/2025\/06\/LOGO-JIproequip-2025.png","width":2433,"height":596,"caption":"Ji-proequip"},"image":{"@id":"https:\/\/www.jiproequip.com\/#\/schema\/logo\/image\/"}}]}},"uagb_featured_image_src":{"full":["https:\/\/www.jiproequip.com\/wp-content\/uploads\/2023\/10\/Barredora_Municipal01_B.png",800,774,false],"thumbnail":["https:\/\/www.jiproequip.com\/wp-content\/uploads\/2023\/10\/Barredora_Municipal01_B.png",150,145,false],"medium":["https:\/\/www.jiproequip.com\/wp-content\/uploads\/2023\/10\/Barredora_Municipal01_B.png",300,290,false],"medium_large":["https:\/\/www.jiproequip.com\/wp-content\/uploads\/2023\/10\/Barredora_Municipal01_B.png",768,743,false],"large":["https:\/\/www.jiproequip.com\/wp-content\/uploads\/2023\/10\/Barredora_Municipal01_B.png",800,774,false],"1536x1536":["https:\/\/www.jiproequip.com\/wp-content\/uploads\/2023\/10\/Barredora_Municipal01_B.png",800,774,false],"2048x2048":["https:\/\/www.jiproequip.com\/wp-content\/uploads\/2023\/10\/Barredora_Municipal01_B.png",800,774,false],"mailpoet_newsletter_max":["https:\/\/www.jiproequip.com\/wp-content\/uploads\/2023\/10\/Barredora_Municipal01_B.png",800,774,false],"woocommerce_thumbnail":["https:\/\/www.jiproequip.com\/wp-content\/uploads\/2023\/10\/Barredora_Municipal01_B.png",300,290,false],"woocommerce_single":["https:\/\/www.jiproequip.com\/wp-content\/uploads\/2023\/10\/Barredora_Municipal01_B.png",600,581,false],"woocommerce_gallery_thumbnail":["https:\/\/www.jiproequip.com\/wp-content\/uploads\/2023\/10\/Barredora_Municipal01_B-100x100.png",100,100,true]},"uagb_author_info":{"display_name":"admin_jiproeq","author_link":"https:\/\/www.jiproequip.com\/index.php\/author\/"},"uagb_comment_info":0,"uagb_excerpt":"Barredora vial compacta con lavado a presi\u00f3n y aspiradora Hoy las barredoras viales son las m\u00e1quinas para uso profesional continuo m\u00e1s modernas y eficientes en el mercado.Desde hace a\u00f1os se ha perfeccionado su tecnolog\u00eda buscando cuatro objetivos:la facilidad de empleo, la reducci\u00f3n de los consumos, el bajo impacto en el medio ambiente, el r\u00e1pido reembolso&hellip;","jetpack_sharing_enabled":true,"_links":{"self":[{"href":"https:\/\/www.jiproequip.com\/index.php\/wp-json\/wp\/v2\/product\/2227","targetHints":{"allow":["GET"]}}],"collection":[{"href":"https:\/\/www.jiproequip.com\/index.php\/wp-json\/wp\/v2\/product"}],"about":[{"href":"https:\/\/www.jiproequip.com\/index.php\/wp-json\/wp\/v2\/types\/product"}],"replies":[{"embeddable":true,"href":"https:\/\/www.jiproequip.com\/index.php\/wp-json\/wp\/v2\/comments?post=2227"}],"wp:featuredmedia":[{"embeddable":true,"href":"https:\/\/www.jiproequip.com\/index.php\/wp-json\/wp\/v2\/media\/2230"}],"wp:attachment":[{"href":"https:\/\/www.jiproequip.com\/index.php\/wp-json\/wp\/v2\/media?parent=2227"}],"wp:term":[{"taxonomy":"product_brand","embeddable":true,"href":"https:\/\/www.jiproequip.com\/index.php\/wp-json\/wp\/v2\/product_brand?post=2227"},{"taxonomy":"product_cat","embeddable":true,"href":"https:\/\/www.jiproequip.com\/index.php\/wp-json\/wp\/v2\/product_cat?post=2227"},{"taxonomy":"product_tag","embeddable":true,"href":"https:\/\/www.jiproequip.com\/index.php\/wp-json\/wp\/v2\/product_tag?post=2227"}],"curies":[{"name":"wp","href":"https:\/\/api.w.org\/{rel}","templated":true}]}}