{"id":2246,"date":"2023-10-04T22:53:27","date_gmt":"2023-10-05T03:53:27","guid":{"rendered":"https:\/\/www.jiproequip.com\/?post_type=product&#038;p=2246"},"modified":"2023-10-04T22:59:46","modified_gmt":"2023-10-05T03:59:46","slug":"barredora-municipal-equipo-aspiracion-integrado","status":"publish","type":"product","link":"https:\/\/www.jiproequip.com\/index.php\/producto\/barredora-municipal-equipo-aspiracion-integrado\/","title":{"rendered":"Barredora municipal con equipo de aspiraci\u00f3n integrado"},"content":{"rendered":"<div class=\"wp-block-stackable-column stk-block-column stk-column stk-block stk-a42bbec\" data-v=\"4\" data-block-id=\"a42bbec\">\r\n<div class=\"stk-column-wrapper stk-block-column__content stk-container stk-a42bbec-container stk--no-background stk--no-padding\">\r\n<div class=\"stk-block-content stk-inner-blocks stk-a42bbec-inner-blocks\"><div class=\"wp-block-stackable-carousel stk-block-carousel stk--is-slide stk--arrows-justify-space-between stk--arrows-align-center stk-block stk-6d5b6f7\" data-slides-to-show=\"\" data-block-id=\"6d5b6f7\">\r\n<div class=\"stk-block-carousel__content-wrapper\">\r\n<div class=\"stk-row stk-inner-blocks stk-block-content stk-block-carousel__slider-wrapper stk-content-align stk-6d5b6f7-column\">\r\n<div class=\"stk-block-carousel__slider\" role=\"list\" data-autoplay=\"4000\" data-label-slide-of=\"Slide %%d of %%d\"><div class=\"wp-block-stackable-column stk-block-column stk-column stk-block stk-5a69e44\" data-v=\"4\" data-block-id=\"5a69e44\">\r\n<div class=\"stk-column-wrapper stk-block-column__content stk-container stk-5a69e44-container stk--no-background stk--no-padding\">\r\n<div class=\"stk-block-content stk-inner-blocks stk-5a69e44-inner-blocks\"><div class=\"wp-block-stackable-image stk-block-image stk-block stk-64219fc\" data-block-id=\"64219fc\">\r\n<figure class=\"stk-img-wrapper stk-image--shape-stretch\"><img loading=\"lazy\" decoding=\"async\" class=\"stk-img                                 alignnone wp-image-2251 \" src=\"http:\/\/https:\/\/www.jiproequip.com\/wp-content\/uploads\/2023\/10\/Barredora_municipal_equipo_aspiracion_integrado_Bucher_columbec_B.png\" alt=\"\" width=\"489\" height=\"329\" \/><\/figure>\r\n<\/div><\/div>\r\n<\/div>\r\n<\/div><\/div>\r\n<\/div>\r\n<\/div>\r\n<\/div><\/div>\r\n<\/div>\r\n<\/div><div class=\"wp-block-stackable-column stk-block-column stk-column stk-block stk-776f52c\" data-v=\"4\" data-block-id=\"776f52c\">\r\n<div class=\"stk-column-wrapper stk-block-column__content stk-container stk-776f52c-container stk--no-background stk--no-padding\">\r\n<div class=\"stk-block-content stk-inner-blocks stk-776f52c-inner-blocks\"><div id=\"unidad-trifasica-de-lavado-de-alta-presion-de-agua-fria-a-2175-p-s-i\" class=\"wp-block-stackable-heading stk-block-heading stk-block-heading--v2 stk-block stk-6ead452 stk-block-background\" data-block-id=\"6ead452\">\r\n<div class=\"pl_i2t\">\r\n<div class=\"pl_i2t\">\r\n<div class=\"pl_i2t\">\r\n<div class=\"pl_i2t\">\r\n<div class=\"pl_i2t\">\r\n<div class=\"pl_i2t\">\r\n<div class=\"pl_i2t\">\r\n<div class=\"pl_i2t\">\r\n<div class=\"pl_i2t\">\r\n<div class=\"pl_i2t\">\r\n<div class=\"pl_i2t\">\r\n<div class=\"pl_i2t\">\r\n<div class=\"pl_i2t\">\r\n<div class=\"pl_i2t\">\r\n<div class=\"pl_i2t\">\r\n<div class=\"pl_i2t\">\r\n<div class=\"pl_i2t\">\r\n<div class=\"pl_i2t\">\r\n<div class=\"pl_i2t\">\r\n<div class=\"pl_i2t\">\r\n<div class=\"pl_i2t\">\r\n<div class=\"pl_i2t\">\r\n<div class=\"pl_i2t\">\r\n<div class=\"pl_i2t\">\r\n<div class=\"pl_i2t\">\r\n<div class=\"pl_i2t\">\r\n<div class=\"pl_i2t\">\r\n<div class=\"pl_i2t\">\r\n<div class=\"pl_i2t\">\r\n<div class=\"pl_i2t\">\r\n<div class=\"pl_i2t\">\r\n<div class=\"pl_i2t\">\r\n<div class=\"pl_i2t\">\r\n<div class=\"pl_i2t\">\r\n<div class=\"pl_i2t\">\r\n<div class=\"pl_i2t\">\r\n<div class=\"pl_i2t\">\r\n<div class=\"pl_i2t\">\r\n<div class=\"pl_i2t\">\r\n<div class=\"pl_i2t\">\r\n<div class=\"pl_i2t\">\r\n<h2>Barredora municipal con equipo de aspiraci\u00f3n integrado<\/h2>\r\n<\/div>\r\n<\/div>\r\n<\/div>\r\n<\/div>\r\n<\/div>\r\n<\/div>\r\n<\/div>\r\n<\/div>\r\n<\/div>\r\n<\/div>\r\n<\/div>\r\n<\/div>\r\n<\/div>\r\n<\/div>\r\n<\/div>\r\n<\/div>\r\n<\/div>\r\n<\/div>\r\n<\/div>\r\n<\/div>\r\n<\/div>\r\n<\/div>\r\n<\/div>\r\n<\/div>\r\n<\/div>\r\n<\/div>\r\n<\/div>\r\n<\/div>\r\n<\/div>\r\n<\/div>\r\n<\/div>\r\n<\/div>\r\n<\/div>\r\n<\/div>\r\n<\/div>\r\n<\/div>\r\n<\/div>\r\n<\/div>\r\n<\/div>\r\n<\/div>\r\n<\/div>\r\n<div class=\"pl_i2c\">\r\n<div class=\"pl_i2c\">\r\n<div class=\"pl_i2c\">\r\n<div class=\"pl_i2c\">\r\n<div class=\"pl_i2c\">\r\n<div class=\"pl_i2c\">\r\n<div class=\"pl_i2c\">\r\n<div class=\"pl_i2c\">\r\n<div class=\"pl_i2c\">\r\n<div class=\"pl_i2c\">\r\n<div class=\"pl_i2c\">\r\n<div class=\"pl_i2c\">\r\n<div class=\"pl_i2c\">Barredora con manguera de aspiraci\u00f3n montada para trabajos pesados que proporciona un mayor alcance para la limpieza de sumideros y la recogida de desperdicios desde detr\u00e1s de las barreras de protecci\u00f3n.<\/div>\r\n<div>\r\n<p>La barredora montada sobre camioneta tiene un sistema de cepillos de limpieza que facilita la limpieza de superficies como bordillos, incluso en las zonas menos accesibles, como las plazas de aparcamiento o curvas estrechas.<\/p>\r\n<p>El motor de bajas emisiones y un ventilador accionado hidr\u00e1ulicamente forman una unidad compacta y de gran alcance.<br \/>Un bastidor de chasis robusto que garantiza una alta estabilidad y rigidez a la torsi\u00f3n.<\/p>\r\n<p>Ingenioso sistema de cepillos que permiten la adici\u00f3n de una segunda unidad de barrido en combinaci\u00f3n con un cepillo de barrido ancho giratorio que permite barrer la izquierda en carreteras de doble calzada. Los cepillos principales del brazo se controlan neum\u00e1ticamente. Cuando est\u00e1 extendido, el tren de barrido es siempre dentro del campo visual del operador.<\/p>\r\n<p>Con sus generosas dimensiones, el alto rendimiento infinitamente variable del ventilador puede funcionar a velocidades bajas, reduciendo al m\u00ednimo los niveles de ruido.<\/p>\r\n<p>Un tanque adicional de combustible suministra al motor auxiliar independiente del suministro de combustible del chasis para maximizar el tiempo productivo en el lugar.<\/p>\r\n<p>Un tanque de agua limpia extra grande con una capacidad de m\u00e1s de 2150 litros ofrece un abundante suministro de agua, aumentando considerablemente el tiempo de trabajo en la estaci\u00f3n.<\/p>\r\n<p>Un armario robusto protege a los controles del sistema neum\u00e1tico e hidr\u00e1ulico para el mecanismo de barrido y los controles del sistema de agua el\u00e9ctricos, permite un funcionamiento en las condiciones m\u00e1s extremas.<\/p>\r\n<p>La tolva resistente a la torsi\u00f3n y de construcci\u00f3n robusta, cuenta con un sistema de volteo hidr\u00e1ulico y una pantalla de filtro de aire desplegable de accionamiento neum\u00e1tico que facilita considerablemente la limpieza. Todas las unidades son de f\u00e1cil acceso para el mantenimiento.<\/p>\r\n<\/div>\r\n<\/div>\r\n<\/div>\r\n<\/div>\r\n<p>&nbsp;<\/p>\r\n<\/div>\r\n<\/div>\r\n<\/div>\r\n<\/div>\r\n<\/div>\r\n<\/div>\r\n<\/div>\r\n<\/div>\r\n<\/div>\r\n<\/div>\r\n<\/div>\r\n<\/div>\r\n<\/div>","protected":false},"excerpt":{"rendered":"<p>Barredora municipal con equipo de aspiraci\u00f3n integrado Barredora con manguera de aspiraci\u00f3n montada para trabajos pesados que proporciona un mayor alcance para la limpieza de sumideros y la recogida de desperdicios desde detr\u00e1s de las barreras de protecci\u00f3n. La barredora montada sobre camioneta tiene un sistema de cepillos de limpieza que facilita la limpieza de [&hellip;]<\/p>\n","protected":false},"featured_media":2251,"comment_status":"open","ping_status":"closed","template":"","meta":{"_uag_custom_page_level_css":""},"product_brand":[],"product_cat":[42],"product_tag":[],"class_list":{"0":"post-2246","1":"product","2":"type-product","3":"status-publish","4":"has-post-thumbnail","6":"product_cat-barredoras","8":"first","9":"instock","10":"shipping-taxable","11":"product-type-simple"},"yoast_head":"<!-- This site is optimized with the Yoast SEO plugin v25.2 - https:\/\/yoast.com\/wordpress\/plugins\/seo\/ -->\n<title>Barredora municipal con equipo de aspiraci\u00f3n integrado - Ji-proequip<\/title>\n<meta name=\"robots\" content=\"index, follow, max-snippet:-1, max-image-preview:large, max-video-preview:-1\" \/>\n<link rel=\"canonical\" href=\"https:\/\/www.jiproequip.com\/index.php\/producto\/barredora-municipal-equipo-aspiracion-integrado\/\" \/>\n<meta property=\"og:locale\" content=\"es_ES\" \/>\n<meta property=\"og:type\" content=\"article\" \/>\n<meta property=\"og:title\" content=\"Barredora municipal con equipo de aspiraci\u00f3n integrado - Ji-proequip\" \/>\n<meta property=\"og:description\" content=\"Barredora municipal con equipo de aspiraci\u00f3n integrado Barredora con manguera de aspiraci\u00f3n montada para trabajos pesados que proporciona un mayor alcance para la limpieza de sumideros y la recogida de desperdicios desde detr\u00e1s de las barreras de protecci\u00f3n. La barredora montada sobre camioneta tiene un sistema de cepillos de limpieza que facilita la limpieza de [&hellip;]\" \/>\n<meta property=\"og:url\" content=\"https:\/\/www.jiproequip.com\/index.php\/producto\/barredora-municipal-equipo-aspiracion-integrado\/\" \/>\n<meta property=\"og:site_name\" content=\"Ji-proequip\" \/>\n<meta property=\"article:modified_time\" content=\"2023-10-05T03:59:46+00:00\" \/>\n<meta property=\"og:image\" content=\"https:\/\/www.jiproequip.com\/wp-content\/uploads\/2023\/10\/Barredora_municipal_equipo_aspiracion_integrado_Bucher_columbec_B.png\" \/>\n\t<meta property=\"og:image:width\" content=\"600\" \/>\n\t<meta property=\"og:image:height\" content=\"404\" \/>\n\t<meta property=\"og:image:type\" content=\"image\/png\" \/>\n<meta name=\"twitter:card\" content=\"summary_large_image\" \/>\n<meta name=\"twitter:label1\" content=\"Tiempo de lectura\" \/>\n\t<meta name=\"twitter:data1\" content=\"2 minutos\" \/>\n<script type=\"application\/ld+json\" class=\"yoast-schema-graph\">{\"@context\":\"https:\/\/schema.org\",\"@graph\":[{\"@type\":\"WebPage\",\"@id\":\"https:\/\/www.jiproequip.com\/index.php\/producto\/barredora-municipal-equipo-aspiracion-integrado\/\",\"url\":\"https:\/\/www.jiproequip.com\/index.php\/producto\/barredora-municipal-equipo-aspiracion-integrado\/\",\"name\":\"Barredora municipal con equipo de aspiraci\u00f3n integrado - Ji-proequip\",\"isPartOf\":{\"@id\":\"https:\/\/www.jiproequip.com\/#website\"},\"primaryImageOfPage\":{\"@id\":\"https:\/\/www.jiproequip.com\/index.php\/producto\/barredora-municipal-equipo-aspiracion-integrado\/#primaryimage\"},\"image\":{\"@id\":\"https:\/\/www.jiproequip.com\/index.php\/producto\/barredora-municipal-equipo-aspiracion-integrado\/#primaryimage\"},\"thumbnailUrl\":\"https:\/\/www.jiproequip.com\/wp-content\/uploads\/2023\/10\/Barredora_municipal_equipo_aspiracion_integrado_Bucher_columbec_B.png\",\"datePublished\":\"2023-10-05T03:53:27+00:00\",\"dateModified\":\"2023-10-05T03:59:46+00:00\",\"breadcrumb\":{\"@id\":\"https:\/\/www.jiproequip.com\/index.php\/producto\/barredora-municipal-equipo-aspiracion-integrado\/#breadcrumb\"},\"inLanguage\":\"es\",\"potentialAction\":[{\"@type\":\"ReadAction\",\"target\":[\"https:\/\/www.jiproequip.com\/index.php\/producto\/barredora-municipal-equipo-aspiracion-integrado\/\"]}]},{\"@type\":\"ImageObject\",\"inLanguage\":\"es\",\"@id\":\"https:\/\/www.jiproequip.com\/index.php\/producto\/barredora-municipal-equipo-aspiracion-integrado\/#primaryimage\",\"url\":\"https:\/\/www.jiproequip.com\/wp-content\/uploads\/2023\/10\/Barredora_municipal_equipo_aspiracion_integrado_Bucher_columbec_B.png\",\"contentUrl\":\"https:\/\/www.jiproequip.com\/wp-content\/uploads\/2023\/10\/Barredora_municipal_equipo_aspiracion_integrado_Bucher_columbec_B.png\",\"width\":600,\"height\":404},{\"@type\":\"BreadcrumbList\",\"@id\":\"https:\/\/www.jiproequip.com\/index.php\/producto\/barredora-municipal-equipo-aspiracion-integrado\/#breadcrumb\",\"itemListElement\":[{\"@type\":\"ListItem\",\"position\":1,\"name\":\"Home\",\"item\":\"https:\/\/www.jiproequip.com\/\"},{\"@type\":\"ListItem\",\"position\":2,\"name\":\"Tienda\",\"item\":\"https:\/\/www.jiproequip.com\/index.php\/tienda\/\"},{\"@type\":\"ListItem\",\"position\":3,\"name\":\"Barredora municipal con equipo de aspiraci\u00f3n integrado\"}]},{\"@type\":\"WebSite\",\"@id\":\"https:\/\/www.jiproequip.com\/#website\",\"url\":\"https:\/\/www.jiproequip.com\/\",\"name\":\"Ji-proequip\",\"description\":\"Venta de equipos industriales con servicio t\u00e9cnico especializado\",\"publisher\":{\"@id\":\"https:\/\/www.jiproequip.com\/#organization\"},\"potentialAction\":[{\"@type\":\"SearchAction\",\"target\":{\"@type\":\"EntryPoint\",\"urlTemplate\":\"https:\/\/www.jiproequip.com\/?s={search_term_string}\"},\"query-input\":{\"@type\":\"PropertyValueSpecification\",\"valueRequired\":true,\"valueName\":\"search_term_string\"}}],\"inLanguage\":\"es\"},{\"@type\":\"Organization\",\"@id\":\"https:\/\/www.jiproequip.com\/#organization\",\"name\":\"Ji-proequip\",\"url\":\"https:\/\/www.jiproequip.com\/\",\"logo\":{\"@type\":\"ImageObject\",\"inLanguage\":\"es\",\"@id\":\"https:\/\/www.jiproequip.com\/#\/schema\/logo\/image\/\",\"url\":\"https:\/\/www.jiproequip.com\/wp-content\/uploads\/2025\/06\/LOGO-JIproequip-2025.png\",\"contentUrl\":\"https:\/\/www.jiproequip.com\/wp-content\/uploads\/2025\/06\/LOGO-JIproequip-2025.png\",\"width\":2433,\"height\":596,\"caption\":\"Ji-proequip\"},\"image\":{\"@id\":\"https:\/\/www.jiproequip.com\/#\/schema\/logo\/image\/\"}}]}<\/script>\n<!-- \/ Yoast SEO plugin. -->","yoast_head_json":{"title":"Barredora municipal con equipo de aspiraci\u00f3n integrado - Ji-proequip","robots":{"index":"index","follow":"follow","max-snippet":"max-snippet:-1","max-image-preview":"max-image-preview:large","max-video-preview":"max-video-preview:-1"},"canonical":"https:\/\/www.jiproequip.com\/index.php\/producto\/barredora-municipal-equipo-aspiracion-integrado\/","og_locale":"es_ES","og_type":"article","og_title":"Barredora municipal con equipo de aspiraci\u00f3n integrado - Ji-proequip","og_description":"Barredora municipal con equipo de aspiraci\u00f3n integrado Barredora con manguera de aspiraci\u00f3n montada para trabajos pesados que proporciona un mayor alcance para la limpieza de sumideros y la recogida de desperdicios desde detr\u00e1s de las barreras de protecci\u00f3n. La barredora montada sobre camioneta tiene un sistema de cepillos de limpieza que facilita la limpieza de [&hellip;]","og_url":"https:\/\/www.jiproequip.com\/index.php\/producto\/barredora-municipal-equipo-aspiracion-integrado\/","og_site_name":"Ji-proequip","article_modified_time":"2023-10-05T03:59:46+00:00","og_image":[{"width":600,"height":404,"url":"https:\/\/www.jiproequip.com\/wp-content\/uploads\/2023\/10\/Barredora_municipal_equipo_aspiracion_integrado_Bucher_columbec_B.png","type":"image\/png"}],"twitter_card":"summary_large_image","twitter_misc":{"Tiempo de lectura":"2 minutos"},"schema":{"@context":"https:\/\/schema.org","@graph":[{"@type":"WebPage","@id":"https:\/\/www.jiproequip.com\/index.php\/producto\/barredora-municipal-equipo-aspiracion-integrado\/","url":"https:\/\/www.jiproequip.com\/index.php\/producto\/barredora-municipal-equipo-aspiracion-integrado\/","name":"Barredora municipal con equipo de aspiraci\u00f3n integrado - Ji-proequip","isPartOf":{"@id":"https:\/\/www.jiproequip.com\/#website"},"primaryImageOfPage":{"@id":"https:\/\/www.jiproequip.com\/index.php\/producto\/barredora-municipal-equipo-aspiracion-integrado\/#primaryimage"},"image":{"@id":"https:\/\/www.jiproequip.com\/index.php\/producto\/barredora-municipal-equipo-aspiracion-integrado\/#primaryimage"},"thumbnailUrl":"https:\/\/www.jiproequip.com\/wp-content\/uploads\/2023\/10\/Barredora_municipal_equipo_aspiracion_integrado_Bucher_columbec_B.png","datePublished":"2023-10-05T03:53:27+00:00","dateModified":"2023-10-05T03:59:46+00:00","breadcrumb":{"@id":"https:\/\/www.jiproequip.com\/index.php\/producto\/barredora-municipal-equipo-aspiracion-integrado\/#breadcrumb"},"inLanguage":"es","potentialAction":[{"@type":"ReadAction","target":["https:\/\/www.jiproequip.com\/index.php\/producto\/barredora-municipal-equipo-aspiracion-integrado\/"]}]},{"@type":"ImageObject","inLanguage":"es","@id":"https:\/\/www.jiproequip.com\/index.php\/producto\/barredora-municipal-equipo-aspiracion-integrado\/#primaryimage","url":"https:\/\/www.jiproequip.com\/wp-content\/uploads\/2023\/10\/Barredora_municipal_equipo_aspiracion_integrado_Bucher_columbec_B.png","contentUrl":"https:\/\/www.jiproequip.com\/wp-content\/uploads\/2023\/10\/Barredora_municipal_equipo_aspiracion_integrado_Bucher_columbec_B.png","width":600,"height":404},{"@type":"BreadcrumbList","@id":"https:\/\/www.jiproequip.com\/index.php\/producto\/barredora-municipal-equipo-aspiracion-integrado\/#breadcrumb","itemListElement":[{"@type":"ListItem","position":1,"name":"Home","item":"https:\/\/www.jiproequip.com\/"},{"@type":"ListItem","position":2,"name":"Tienda","item":"https:\/\/www.jiproequip.com\/index.php\/tienda\/"},{"@type":"ListItem","position":3,"name":"Barredora municipal con equipo de aspiraci\u00f3n integrado"}]},{"@type":"WebSite","@id":"https:\/\/www.jiproequip.com\/#website","url":"https:\/\/www.jiproequip.com\/","name":"Ji-proequip","description":"Venta de equipos industriales con servicio t\u00e9cnico especializado","publisher":{"@id":"https:\/\/www.jiproequip.com\/#organization"},"potentialAction":[{"@type":"SearchAction","target":{"@type":"EntryPoint","urlTemplate":"https:\/\/www.jiproequip.com\/?s={search_term_string}"},"query-input":{"@type":"PropertyValueSpecification","valueRequired":true,"valueName":"search_term_string"}}],"inLanguage":"es"},{"@type":"Organization","@id":"https:\/\/www.jiproequip.com\/#organization","name":"Ji-proequip","url":"https:\/\/www.jiproequip.com\/","logo":{"@type":"ImageObject","inLanguage":"es","@id":"https:\/\/www.jiproequip.com\/#\/schema\/logo\/image\/","url":"https:\/\/www.jiproequip.com\/wp-content\/uploads\/2025\/06\/LOGO-JIproequip-2025.png","contentUrl":"https:\/\/www.jiproequip.com\/wp-content\/uploads\/2025\/06\/LOGO-JIproequip-2025.png","width":2433,"height":596,"caption":"Ji-proequip"},"image":{"@id":"https:\/\/www.jiproequip.com\/#\/schema\/logo\/image\/"}}]}},"uagb_featured_image_src":{"full":["https:\/\/www.jiproequip.com\/wp-content\/uploads\/2023\/10\/Barredora_municipal_equipo_aspiracion_integrado_Bucher_columbec_B.png",600,404,false],"thumbnail":["https:\/\/www.jiproequip.com\/wp-content\/uploads\/2023\/10\/Barredora_municipal_equipo_aspiracion_integrado_Bucher_columbec_B.png",150,101,false],"medium":["https:\/\/www.jiproequip.com\/wp-content\/uploads\/2023\/10\/Barredora_municipal_equipo_aspiracion_integrado_Bucher_columbec_B.png",300,202,false],"medium_large":["https:\/\/www.jiproequip.com\/wp-content\/uploads\/2023\/10\/Barredora_municipal_equipo_aspiracion_integrado_Bucher_columbec_B.png",600,404,false],"large":["https:\/\/www.jiproequip.com\/wp-content\/uploads\/2023\/10\/Barredora_municipal_equipo_aspiracion_integrado_Bucher_columbec_B.png",600,404,false],"1536x1536":["https:\/\/www.jiproequip.com\/wp-content\/uploads\/2023\/10\/Barredora_municipal_equipo_aspiracion_integrado_Bucher_columbec_B.png",600,404,false],"2048x2048":["https:\/\/www.jiproequip.com\/wp-content\/uploads\/2023\/10\/Barredora_municipal_equipo_aspiracion_integrado_Bucher_columbec_B.png",600,404,false],"mailpoet_newsletter_max":["https:\/\/www.jiproequip.com\/wp-content\/uploads\/2023\/10\/Barredora_municipal_equipo_aspiracion_integrado_Bucher_columbec_B.png",600,404,false],"woocommerce_thumbnail":["https:\/\/www.jiproequip.com\/wp-content\/uploads\/2023\/10\/Barredora_municipal_equipo_aspiracion_integrado_Bucher_columbec_B.png",300,202,false],"woocommerce_single":["https:\/\/www.jiproequip.com\/wp-content\/uploads\/2023\/10\/Barredora_municipal_equipo_aspiracion_integrado_Bucher_columbec_B.png",600,404,false],"woocommerce_gallery_thumbnail":["https:\/\/www.jiproequip.com\/wp-content\/uploads\/2023\/10\/Barredora_municipal_equipo_aspiracion_integrado_Bucher_columbec_B-100x100.png",100,100,true]},"uagb_author_info":{"display_name":"admin_jiproeq","author_link":"https:\/\/www.jiproequip.com\/index.php\/author\/"},"uagb_comment_info":0,"uagb_excerpt":"Barredora municipal con equipo de aspiraci\u00f3n integrado Barredora con manguera de aspiraci\u00f3n montada para trabajos pesados que proporciona un mayor alcance para la limpieza de sumideros y la recogida de desperdicios desde detr\u00e1s de las barreras de protecci\u00f3n. La barredora montada sobre camioneta tiene un sistema de cepillos de limpieza que facilita la limpieza de&hellip;","jetpack_sharing_enabled":true,"_links":{"self":[{"href":"https:\/\/www.jiproequip.com\/index.php\/wp-json\/wp\/v2\/product\/2246","targetHints":{"allow":["GET"]}}],"collection":[{"href":"https:\/\/www.jiproequip.com\/index.php\/wp-json\/wp\/v2\/product"}],"about":[{"href":"https:\/\/www.jiproequip.com\/index.php\/wp-json\/wp\/v2\/types\/product"}],"replies":[{"embeddable":true,"href":"https:\/\/www.jiproequip.com\/index.php\/wp-json\/wp\/v2\/comments?post=2246"}],"wp:featuredmedia":[{"embeddable":true,"href":"https:\/\/www.jiproequip.com\/index.php\/wp-json\/wp\/v2\/media\/2251"}],"wp:attachment":[{"href":"https:\/\/www.jiproequip.com\/index.php\/wp-json\/wp\/v2\/media?parent=2246"}],"wp:term":[{"taxonomy":"product_brand","embeddable":true,"href":"https:\/\/www.jiproequip.com\/index.php\/wp-json\/wp\/v2\/product_brand?post=2246"},{"taxonomy":"product_cat","embeddable":true,"href":"https:\/\/www.jiproequip.com\/index.php\/wp-json\/wp\/v2\/product_cat?post=2246"},{"taxonomy":"product_tag","embeddable":true,"href":"https:\/\/www.jiproequip.com\/index.php\/wp-json\/wp\/v2\/product_tag?post=2246"}],"curies":[{"name":"wp","href":"https:\/\/api.w.org\/{rel}","templated":true}]}}