{"id":2547,"date":"2023-10-08T17:15:03","date_gmt":"2023-10-08T22:15:03","guid":{"rendered":"https:\/\/www.jiproequip.com\/?post_type=product&#038;p=2547"},"modified":"2023-10-08T17:51:04","modified_gmt":"2023-10-08T22:51:04","slug":"trituradora-aspiradora-hojas-pequenas-basuras","status":"publish","type":"product","link":"https:\/\/www.jiproequip.com\/index.php\/producto\/trituradora-aspiradora-hojas-pequenas-basuras\/","title":{"rendered":"Aspiradora y trituradora de hojas y peque\u00f1as basuras"},"content":{"rendered":"<div class=\"wp-block-stackable-column stk-block-column stk-column stk-block stk-a42bbec\" data-v=\"4\" data-block-id=\"a42bbec\">\r\n<div class=\"stk-column-wrapper stk-block-column__content stk-container stk-a42bbec-container stk--no-background stk--no-padding\">\r\n<div class=\"stk-block-content stk-inner-blocks stk-a42bbec-inner-blocks\"><div class=\"wp-block-stackable-carousel stk-block-carousel stk--is-slide stk--arrows-justify-space-between stk--arrows-align-center stk-block stk-6d5b6f7\" data-slides-to-show=\"\" data-block-id=\"6d5b6f7\">\r\n<div class=\"stk-block-carousel__content-wrapper\">\r\n<div class=\"stk-row stk-inner-blocks stk-block-content stk-block-carousel__slider-wrapper stk-content-align stk-6d5b6f7-column\">\r\n<div class=\"stk-block-carousel__slider\" role=\"list\" data-autoplay=\"4000\" data-label-slide-of=\"Slide %%d of %%d\"><div class=\"wp-block-stackable-column stk-block-column stk-column stk-block stk-5a69e44\" data-v=\"4\" data-block-id=\"5a69e44\">\r\n<div class=\"stk-column-wrapper stk-block-column__content stk-container stk-5a69e44-container stk--no-background stk--no-padding\">\r\n<div class=\"stk-block-content stk-inner-blocks stk-5a69e44-inner-blocks\"><div class=\"wp-block-stackable-image stk-block-image stk-block stk-64219fc\" data-block-id=\"64219fc\">\r\n<figure class=\"stk-img-wrapper stk-image--shape-stretch\"><img loading=\"lazy\" decoding=\"async\" class=\"stk-img                                                    alignnone wp-image-2549 \" src=\"http:\/\/https:\/\/www.jiproequip.com\/wp-content\/uploads\/2023\/10\/Cortadora_aspiradora_cesped_pequenas_basuras_Billy_Goat_columbec_B.png\" alt=\"\" width=\"361\" height=\"365\" \/><\/figure>\r\n<\/div><\/div>\r\n<\/div>\r\n<\/div><\/div>\r\n<\/div>\r\n<\/div>\r\n<\/div><\/div>\r\n<\/div>\r\n<\/div><div class=\"wp-block-stackable-column stk-block-column stk-column stk-block stk-776f52c\" data-v=\"4\" data-block-id=\"776f52c\">\r\n<div class=\"stk-column-wrapper stk-block-column__content stk-container stk-776f52c-container stk--no-background stk--no-padding\">\r\n<div class=\"stk-block-content stk-inner-blocks stk-776f52c-inner-blocks\"><div id=\"unidad-trifasica-de-lavado-de-alta-presion-de-agua-fria-a-2175-p-s-i\" class=\"wp-block-stackable-heading stk-block-heading stk-block-heading--v2 stk-block stk-6ead452 stk-block-background\" data-block-id=\"6ead452\">\r\n<div class=\"pl_i2t\">\r\n<div class=\"pl_i2t\">\r\n<div class=\"pl_i2t\">\r\n<div class=\"pl_i2t\">\r\n<div class=\"pl_i2t\">\r\n<div class=\"pl_i2t\">\r\n<div class=\"pl_i2t\">\r\n<div class=\"pl_i2t\">\r\n<div class=\"pl_i2t\">\r\n<div class=\"pl_i2t\">\r\n<div class=\"pl_i2t\">\r\n<div class=\"pl_i2t\">\r\n<div class=\"pl_i2t\">\r\n<div class=\"pl_i2t\">\r\n<div class=\"pl_i2t\">\r\n<div class=\"pl_i2t\">\r\n<div class=\"pl_i2t\">\r\n<div class=\"pl_i2t\">\r\n<div class=\"pl_i2t\">\r\n<div class=\"pl_i2t\">\r\n<div class=\"pl_i2t\">\r\n<div class=\"pl_i2t\">\r\n<div class=\"pl_i2t\">\r\n<div class=\"pl_i2t\">\r\n<div class=\"pl_i2t\">\r\n<div class=\"pl_i2t\">\r\n<div class=\"pl_i2t\">\r\n<div class=\"pl_i2t\">\r\n<div class=\"pl_i2t\">\r\n<div class=\"pl_i2t\">\r\n<div class=\"pl_i2t\">\r\n<div class=\"pl_i2t\">\r\n<div class=\"pl_i2t\">\r\n<div class=\"pl_i2t\">\r\n<div class=\"pl_i2t\">\r\n<div class=\"pl_i2t\">\r\n<div class=\"pl_i2t\">\r\n<div class=\"pl_i2t\">\r\n<div class=\"pl_i2t\">\r\n<div class=\"pl_i2t\">\r\n<div class=\"pl_i2t\">\r\n<div class=\"pl_i2t\">\r\n<div class=\"pl_i2t\">\r\n<div class=\"pl_i2t\">\r\n<div class=\"pl_i2t\">\r\n<div class=\"pl_i2t\">\r\n<div class=\"pl_i2t\">\r\n<div class=\"pl_i2t\">\r\n<div class=\"pl_i2t\">\r\n<div class=\"pl_i2t\">\r\n<div class=\"pl_i2t\">\r\n<div class=\"pl_i2t\">\r\n<div class=\"pl_i2t\">\r\n<div class=\"pl_i2t\">\r\n<div class=\"pl_i2t\">\r\n<div class=\"pl_i2t\">\r\n<div class=\"pl_i2t\">\r\n<div class=\"pl_i2t\">\r\n<div class=\"pl_i2t\">\r\n<div class=\"pl_i2t\">\r\n<div class=\"pl_i2t\">\r\n<div class=\"pl_i2t\">\r\n<div class=\"pl_i2t\">\r\n<div class=\"pl_i2t\">\r\n<div class=\"pl_i2t\">\r\n<div class=\"pl_i2t\">\r\n<div class=\"pl_i2t\">\r\n<div class=\"pl_i2t\">\r\n<div class=\"pl_i2t\">\r\n<div class=\"pl_i2t\">\r\n<h2>Aspiradora y trituradora de hojas y peque\u00f1as basuras<\/h2>\r\n<\/div>\r\n<\/div>\r\n<\/div>\r\n<\/div>\r\n<\/div>\r\n<\/div>\r\n<\/div>\r\n<\/div>\r\n<\/div>\r\n<\/div>\r\n<\/div>\r\n<\/div>\r\n<\/div>\r\n<\/div>\r\n<\/div>\r\n<\/div>\r\n<\/div>\r\n<\/div>\r\n<\/div>\r\n<\/div>\r\n<\/div>\r\n<\/div>\r\n<\/div>\r\n<\/div>\r\n<\/div>\r\n<\/div>\r\n<\/div>\r\n<\/div>\r\n<\/div>\r\n<\/div>\r\n<\/div>\r\n<\/div>\r\n<\/div>\r\n<\/div>\r\n<\/div>\r\n<\/div>\r\n<\/div>\r\n<\/div>\r\n<\/div>\r\n<\/div>\r\n<\/div>\r\n<\/div>\r\n<\/div>\r\n<\/div>\r\n<\/div>\r\n<\/div>\r\n<\/div>\r\n<\/div>\r\n<\/div>\r\n<\/div>\r\n<\/div>\r\n<\/div>\r\n<\/div>\r\n<\/div>\r\n<\/div>\r\n<\/div>\r\n<\/div>\r\n<\/div>\r\n<\/div>\r\n<\/div>\r\n<\/div>\r\n<\/div>\r\n<\/div>\r\n<\/div>\r\n<\/div>\r\n<\/div>\r\n<\/div>\r\n<\/div>\r\n<\/div>\r\n<\/div>\r\n<div class=\"pl_i2c\">\r\n<div class=\"pl_i2c\">\r\n<div class=\"pl_i2c\">\r\n<div class=\"pl_i2c\">\r\n<div class=\"pl_i2c\">\r\n<div class=\"pl_i2c\">\r\n<div class=\"pl_i2c\">\r\n<div class=\"pl_i2c\">\r\n<div class=\"pl_i2c\">\r\n<div class=\"pl_i2c\">\r\n<div class=\"pl_i2c\">\r\n<div class=\"pl_i2c\">Muy silencioso con tan solo 77 dBA a pleno rendimiento. Filtraci\u00f3n cicl\u00f3nica con una tecnolog\u00eda exclusiva de filtros para retener el polvo y sustancias peque\u00f1as. Opci\u00f3n de auto-propulsado. Con manguera plegable para aspirar objetos de manera puntual.<\/div>\r\n<div>\r\n<div class=\"arprH0\">\r\n<p>Simplemente no hay cortadora de c\u00e9sped que sea m\u00e1s f\u00e1cil de usar. Solo tiene que configurar la profundidad e iniciar el corte.<\/p>\r\n<p>Esta m\u00e1quina solo pesa 161 libras, que es la mitad del peso de otros modelos en el mercado. Sistema compacto y resistente que hace cortes de 12 \u00abde ancho y hasta 1.38\u00bb de profundidad. El peque\u00f1o cuerpo y peso ligero hacen que las maniobras sean m\u00e1s f\u00e1ciles incluso en espacios reducidos.<\/p>\r\n<p>Almohadillas de goma especiales y montajes de aislamiento reducen la vibraci\u00f3n a niveles excepcionalmente bajos.<\/p>\r\n<p>Nota: Antes de usar esta m\u00e1quina, aseg\u00farese de suavizar el c\u00e9sped mediante riego. Antes del corte, inserte su pulgar en el c\u00e9sped regado con el primer nudillo para asegurarse de que el terreno es blando. Cortar en suelo duro y seco puede causar da\u00f1os a la m\u00e1quina.<\/p>\r\n<\/div>\r\n<\/div>\r\n<\/div>\r\n<\/div>\r\n<br \/>\r\n<div class=\"pl_i2c\">\r\n<p>&nbsp;<\/p>\r\n<\/div>\r\n<\/div>\r\n<\/div>\r\n<\/div>\r\n<\/div>\r\n<\/div>\r\n<\/div>\r\n<\/div>\r\n<\/div>\r\n<\/div>\r\n<\/div>\r\n<\/div>\r\n<\/div>\r\n<\/div>","protected":false},"excerpt":{"rendered":"<p>Aspiradora y trituradora de hojas y peque\u00f1as basuras Muy silencioso con tan solo 77 dBA a pleno rendimiento. Filtraci\u00f3n cicl\u00f3nica con una tecnolog\u00eda exclusiva de filtros para retener el polvo y sustancias peque\u00f1as. Opci\u00f3n de auto-propulsado. Con manguera plegable para aspirar objetos de manera puntual. Simplemente no hay cortadora de c\u00e9sped que sea m\u00e1s f\u00e1cil [\u2026]<\/p>\n","protected":false},"featured_media":2549,"comment_status":"open","ping_status":"closed","template":"","meta":{"_uag_custom_page_level_css":""},"product_brand":[],"product_cat":[36],"product_tag":[],"class_list":{"0":"post-2547","1":"product","2":"type-product","3":"status-publish","4":"has-post-thumbnail","6":"product_cat-cortadoras-cesped","8":"first","9":"instock","10":"shipping-taxable","11":"product-type-simple"},"yoast_head":"<!-- This site is optimized with the Yoast SEO plugin v25.2 - https:\/\/yoast.com\/wordpress\/plugins\/seo\/ -->\n<title>Aspiradora y trituradora de hojas y peque\u00f1as basuras - Ji-proequip<\/title>\n<meta name=\"robots\" content=\"index, follow, max-snippet:-1, max-image-preview:large, max-video-preview:-1\" \/>\n<link rel=\"canonical\" href=\"https:\/\/www.jiproequip.com\/index.php\/producto\/trituradora-aspiradora-hojas-pequenas-basuras\/\" \/>\n<meta property=\"og:locale\" content=\"es_ES\" \/>\n<meta property=\"og:type\" content=\"article\" \/>\n<meta property=\"og:title\" content=\"Aspiradora y trituradora de hojas y peque\u00f1as basuras - Ji-proequip\" \/>\n<meta property=\"og:description\" content=\"Aspiradora y trituradora de hojas y peque\u00f1as basuras Muy silencioso con tan solo 77 dBA a pleno rendimiento. Filtraci\u00f3n cicl\u00f3nica con una tecnolog\u00eda exclusiva de filtros para retener el polvo y sustancias peque\u00f1as. Opci\u00f3n de auto-propulsado. Con manguera plegable para aspirar objetos de manera puntual. Simplemente no hay cortadora de c\u00e9sped que sea m\u00e1s f\u00e1cil [\u2026]\" \/>\n<meta property=\"og:url\" content=\"https:\/\/www.jiproequip.com\/index.php\/producto\/trituradora-aspiradora-hojas-pequenas-basuras\/\" \/>\n<meta property=\"og:site_name\" content=\"Ji-proequip\" \/>\n<meta property=\"article:modified_time\" content=\"2023-10-08T22:51:04+00:00\" \/>\n<meta property=\"og:image\" content=\"https:\/\/www.jiproequip.com\/wp-content\/uploads\/2023\/10\/Cortadora_aspiradora_cesped_pequenas_basuras_Billy_Goat_columbec_B.png\" \/>\n\t<meta property=\"og:image:width\" content=\"582\" \/>\n\t<meta property=\"og:image:height\" content=\"588\" \/>\n\t<meta property=\"og:image:type\" content=\"image\/png\" \/>\n<meta name=\"twitter:card\" content=\"summary_large_image\" \/>\n<meta name=\"twitter:label1\" content=\"Tiempo de lectura\" \/>\n\t<meta name=\"twitter:data1\" content=\"2 minutos\" \/>\n<script type=\"application\/ld+json\" class=\"yoast-schema-graph\">{\"@context\":\"https:\/\/schema.org\",\"@graph\":[{\"@type\":\"WebPage\",\"@id\":\"https:\/\/www.jiproequip.com\/index.php\/producto\/trituradora-aspiradora-hojas-pequenas-basuras\/\",\"url\":\"https:\/\/www.jiproequip.com\/index.php\/producto\/trituradora-aspiradora-hojas-pequenas-basuras\/\",\"name\":\"Aspiradora y trituradora de hojas y peque\u00f1as basuras - Ji-proequip\",\"isPartOf\":{\"@id\":\"https:\/\/www.jiproequip.com\/#website\"},\"primaryImageOfPage\":{\"@id\":\"https:\/\/www.jiproequip.com\/index.php\/producto\/trituradora-aspiradora-hojas-pequenas-basuras\/#primaryimage\"},\"image\":{\"@id\":\"https:\/\/www.jiproequip.com\/index.php\/producto\/trituradora-aspiradora-hojas-pequenas-basuras\/#primaryimage\"},\"thumbnailUrl\":\"https:\/\/www.jiproequip.com\/wp-content\/uploads\/2023\/10\/Cortadora_aspiradora_cesped_pequenas_basuras_Billy_Goat_columbec_B.png\",\"datePublished\":\"2023-10-08T22:15:03+00:00\",\"dateModified\":\"2023-10-08T22:51:04+00:00\",\"breadcrumb\":{\"@id\":\"https:\/\/www.jiproequip.com\/index.php\/producto\/trituradora-aspiradora-hojas-pequenas-basuras\/#breadcrumb\"},\"inLanguage\":\"es\",\"potentialAction\":[{\"@type\":\"ReadAction\",\"target\":[\"https:\/\/www.jiproequip.com\/index.php\/producto\/trituradora-aspiradora-hojas-pequenas-basuras\/\"]}]},{\"@type\":\"ImageObject\",\"inLanguage\":\"es\",\"@id\":\"https:\/\/www.jiproequip.com\/index.php\/producto\/trituradora-aspiradora-hojas-pequenas-basuras\/#primaryimage\",\"url\":\"https:\/\/www.jiproequip.com\/wp-content\/uploads\/2023\/10\/Cortadora_aspiradora_cesped_pequenas_basuras_Billy_Goat_columbec_B.png\",\"contentUrl\":\"https:\/\/www.jiproequip.com\/wp-content\/uploads\/2023\/10\/Cortadora_aspiradora_cesped_pequenas_basuras_Billy_Goat_columbec_B.png\",\"width\":582,\"height\":588},{\"@type\":\"BreadcrumbList\",\"@id\":\"https:\/\/www.jiproequip.com\/index.php\/producto\/trituradora-aspiradora-hojas-pequenas-basuras\/#breadcrumb\",\"itemListElement\":[{\"@type\":\"ListItem\",\"position\":1,\"name\":\"Home\",\"item\":\"https:\/\/www.jiproequip.com\/\"},{\"@type\":\"ListItem\",\"position\":2,\"name\":\"Tienda\",\"item\":\"https:\/\/www.jiproequip.com\/index.php\/tienda\/\"},{\"@type\":\"ListItem\",\"position\":3,\"name\":\"Aspiradora y trituradora de hojas y peque\u00f1as basuras\"}]},{\"@type\":\"WebSite\",\"@id\":\"https:\/\/www.jiproequip.com\/#website\",\"url\":\"https:\/\/www.jiproequip.com\/\",\"name\":\"Ji-proequip\",\"description\":\"Venta de equipos industriales con servicio t\u00e9cnico especializado\",\"publisher\":{\"@id\":\"https:\/\/www.jiproequip.com\/#organization\"},\"potentialAction\":[{\"@type\":\"SearchAction\",\"target\":{\"@type\":\"EntryPoint\",\"urlTemplate\":\"https:\/\/www.jiproequip.com\/?s={search_term_string}\"},\"query-input\":{\"@type\":\"PropertyValueSpecification\",\"valueRequired\":true,\"valueName\":\"search_term_string\"}}],\"inLanguage\":\"es\"},{\"@type\":\"Organization\",\"@id\":\"https:\/\/www.jiproequip.com\/#organization\",\"name\":\"Ji-proequip\",\"url\":\"https:\/\/www.jiproequip.com\/\",\"logo\":{\"@type\":\"ImageObject\",\"inLanguage\":\"es\",\"@id\":\"https:\/\/www.jiproequip.com\/#\/schema\/logo\/image\/\",\"url\":\"https:\/\/www.jiproequip.com\/wp-content\/uploads\/2025\/06\/LOGO-JIproequip-2025.png\",\"contentUrl\":\"https:\/\/www.jiproequip.com\/wp-content\/uploads\/2025\/06\/LOGO-JIproequip-2025.png\",\"width\":2433,\"height\":596,\"caption\":\"Ji-proequip\"},\"image\":{\"@id\":\"https:\/\/www.jiproequip.com\/#\/schema\/logo\/image\/\"}}]}<\/script>\n<!-- \/ Yoast SEO plugin. -->","yoast_head_json":{"title":"Aspiradora y trituradora de hojas y peque\u00f1as basuras - Ji-proequip","robots":{"index":"index","follow":"follow","max-snippet":"max-snippet:-1","max-image-preview":"max-image-preview:large","max-video-preview":"max-video-preview:-1"},"canonical":"https:\/\/www.jiproequip.com\/index.php\/producto\/trituradora-aspiradora-hojas-pequenas-basuras\/","og_locale":"es_ES","og_type":"article","og_title":"Aspiradora y trituradora de hojas y peque\u00f1as basuras - Ji-proequip","og_description":"Aspiradora y trituradora de hojas y peque\u00f1as basuras Muy silencioso con tan solo 77 dBA a pleno rendimiento. Filtraci\u00f3n cicl\u00f3nica con una tecnolog\u00eda exclusiva de filtros para retener el polvo y sustancias peque\u00f1as. Opci\u00f3n de auto-propulsado. Con manguera plegable para aspirar objetos de manera puntual. Simplemente no hay cortadora de c\u00e9sped que sea m\u00e1s f\u00e1cil [\u2026]","og_url":"https:\/\/www.jiproequip.com\/index.php\/producto\/trituradora-aspiradora-hojas-pequenas-basuras\/","og_site_name":"Ji-proequip","article_modified_time":"2023-10-08T22:51:04+00:00","og_image":[{"width":582,"height":588,"url":"https:\/\/www.jiproequip.com\/wp-content\/uploads\/2023\/10\/Cortadora_aspiradora_cesped_pequenas_basuras_Billy_Goat_columbec_B.png","type":"image\/png"}],"twitter_card":"summary_large_image","twitter_misc":{"Tiempo de lectura":"2 minutos"},"schema":{"@context":"https:\/\/schema.org","@graph":[{"@type":"WebPage","@id":"https:\/\/www.jiproequip.com\/index.php\/producto\/trituradora-aspiradora-hojas-pequenas-basuras\/","url":"https:\/\/www.jiproequip.com\/index.php\/producto\/trituradora-aspiradora-hojas-pequenas-basuras\/","name":"Aspiradora y trituradora de hojas y peque\u00f1as basuras - Ji-proequip","isPartOf":{"@id":"https:\/\/www.jiproequip.com\/#website"},"primaryImageOfPage":{"@id":"https:\/\/www.jiproequip.com\/index.php\/producto\/trituradora-aspiradora-hojas-pequenas-basuras\/#primaryimage"},"image":{"@id":"https:\/\/www.jiproequip.com\/index.php\/producto\/trituradora-aspiradora-hojas-pequenas-basuras\/#primaryimage"},"thumbnailUrl":"https:\/\/www.jiproequip.com\/wp-content\/uploads\/2023\/10\/Cortadora_aspiradora_cesped_pequenas_basuras_Billy_Goat_columbec_B.png","datePublished":"2023-10-08T22:15:03+00:00","dateModified":"2023-10-08T22:51:04+00:00","breadcrumb":{"@id":"https:\/\/www.jiproequip.com\/index.php\/producto\/trituradora-aspiradora-hojas-pequenas-basuras\/#breadcrumb"},"inLanguage":"es","potentialAction":[{"@type":"ReadAction","target":["https:\/\/www.jiproequip.com\/index.php\/producto\/trituradora-aspiradora-hojas-pequenas-basuras\/"]}]},{"@type":"ImageObject","inLanguage":"es","@id":"https:\/\/www.jiproequip.com\/index.php\/producto\/trituradora-aspiradora-hojas-pequenas-basuras\/#primaryimage","url":"https:\/\/www.jiproequip.com\/wp-content\/uploads\/2023\/10\/Cortadora_aspiradora_cesped_pequenas_basuras_Billy_Goat_columbec_B.png","contentUrl":"https:\/\/www.jiproequip.com\/wp-content\/uploads\/2023\/10\/Cortadora_aspiradora_cesped_pequenas_basuras_Billy_Goat_columbec_B.png","width":582,"height":588},{"@type":"BreadcrumbList","@id":"https:\/\/www.jiproequip.com\/index.php\/producto\/trituradora-aspiradora-hojas-pequenas-basuras\/#breadcrumb","itemListElement":[{"@type":"ListItem","position":1,"name":"Home","item":"https:\/\/www.jiproequip.com\/"},{"@type":"ListItem","position":2,"name":"Tienda","item":"https:\/\/www.jiproequip.com\/index.php\/tienda\/"},{"@type":"ListItem","position":3,"name":"Aspiradora y trituradora de hojas y peque\u00f1as basuras"}]},{"@type":"WebSite","@id":"https:\/\/www.jiproequip.com\/#website","url":"https:\/\/www.jiproequip.com\/","name":"Ji-proequip","description":"Venta de equipos industriales con servicio t\u00e9cnico especializado","publisher":{"@id":"https:\/\/www.jiproequip.com\/#organization"},"potentialAction":[{"@type":"SearchAction","target":{"@type":"EntryPoint","urlTemplate":"https:\/\/www.jiproequip.com\/?s={search_term_string}"},"query-input":{"@type":"PropertyValueSpecification","valueRequired":true,"valueName":"search_term_string"}}],"inLanguage":"es"},{"@type":"Organization","@id":"https:\/\/www.jiproequip.com\/#organization","name":"Ji-proequip","url":"https:\/\/www.jiproequip.com\/","logo":{"@type":"ImageObject","inLanguage":"es","@id":"https:\/\/www.jiproequip.com\/#\/schema\/logo\/image\/","url":"https:\/\/www.jiproequip.com\/wp-content\/uploads\/2025\/06\/LOGO-JIproequip-2025.png","contentUrl":"https:\/\/www.jiproequip.com\/wp-content\/uploads\/2025\/06\/LOGO-JIproequip-2025.png","width":2433,"height":596,"caption":"Ji-proequip"},"image":{"@id":"https:\/\/www.jiproequip.com\/#\/schema\/logo\/image\/"}}]}},"uagb_featured_image_src":{"full":["https:\/\/www.jiproequip.com\/wp-content\/uploads\/2023\/10\/Cortadora_aspiradora_cesped_pequenas_basuras_Billy_Goat_columbec_B.png",582,588,false],"thumbnail":["https:\/\/www.jiproequip.com\/wp-content\/uploads\/2023\/10\/Cortadora_aspiradora_cesped_pequenas_basuras_Billy_Goat_columbec_B.png",148,150,false],"medium":["https:\/\/www.jiproequip.com\/wp-content\/uploads\/2023\/10\/Cortadora_aspiradora_cesped_pequenas_basuras_Billy_Goat_columbec_B.png",297,300,false],"medium_large":["https:\/\/www.jiproequip.com\/wp-content\/uploads\/2023\/10\/Cortadora_aspiradora_cesped_pequenas_basuras_Billy_Goat_columbec_B.png",582,588,false],"large":["https:\/\/www.jiproequip.com\/wp-content\/uploads\/2023\/10\/Cortadora_aspiradora_cesped_pequenas_basuras_Billy_Goat_columbec_B.png",582,588,false],"1536x1536":["https:\/\/www.jiproequip.com\/wp-content\/uploads\/2023\/10\/Cortadora_aspiradora_cesped_pequenas_basuras_Billy_Goat_columbec_B.png",582,588,false],"2048x2048":["https:\/\/www.jiproequip.com\/wp-content\/uploads\/2023\/10\/Cortadora_aspiradora_cesped_pequenas_basuras_Billy_Goat_columbec_B.png",582,588,false],"mailpoet_newsletter_max":["https:\/\/www.jiproequip.com\/wp-content\/uploads\/2023\/10\/Cortadora_aspiradora_cesped_pequenas_basuras_Billy_Goat_columbec_B.png",582,588,false],"woocommerce_thumbnail":["https:\/\/www.jiproequip.com\/wp-content\/uploads\/2023\/10\/Cortadora_aspiradora_cesped_pequenas_basuras_Billy_Goat_columbec_B.png",300,303,false],"woocommerce_single":["https:\/\/www.jiproequip.com\/wp-content\/uploads\/2023\/10\/Cortadora_aspiradora_cesped_pequenas_basuras_Billy_Goat_columbec_B.png",582,588,false],"woocommerce_gallery_thumbnail":["https:\/\/www.jiproequip.com\/wp-content\/uploads\/2023\/10\/Cortadora_aspiradora_cesped_pequenas_basuras_Billy_Goat_columbec_B.png",100,100,false]},"uagb_author_info":{"display_name":"admin_jiproeq","author_link":"https:\/\/www.jiproequip.com\/index.php\/author\/"},"uagb_comment_info":0,"uagb_excerpt":"Aspiradora y trituradora de hojas y peque\u00f1as basuras Muy silencioso con tan solo 77 dBA a pleno rendimiento. Filtraci\u00f3n cicl\u00f3nica con una tecnolog\u00eda exclusiva de filtros para retener el polvo y sustancias peque\u00f1as. Opci\u00f3n de auto-propulsado. Con manguera plegable para aspirar objetos de manera puntual. Simplemente no hay cortadora de c\u00e9sped que sea m\u00e1s f\u00e1cil&hellip;","jetpack_sharing_enabled":true,"_links":{"self":[{"href":"https:\/\/www.jiproequip.com\/index.php\/wp-json\/wp\/v2\/product\/2547","targetHints":{"allow":["GET"]}}],"collection":[{"href":"https:\/\/www.jiproequip.com\/index.php\/wp-json\/wp\/v2\/product"}],"about":[{"href":"https:\/\/www.jiproequip.com\/index.php\/wp-json\/wp\/v2\/types\/product"}],"replies":[{"embeddable":true,"href":"https:\/\/www.jiproequip.com\/index.php\/wp-json\/wp\/v2\/comments?post=2547"}],"wp:featuredmedia":[{"embeddable":true,"href":"https:\/\/www.jiproequip.com\/index.php\/wp-json\/wp\/v2\/media\/2549"}],"wp:attachment":[{"href":"https:\/\/www.jiproequip.com\/index.php\/wp-json\/wp\/v2\/media?parent=2547"}],"wp:term":[{"taxonomy":"product_brand","embeddable":true,"href":"https:\/\/www.jiproequip.com\/index.php\/wp-json\/wp\/v2\/product_brand?post=2547"},{"taxonomy":"product_cat","embeddable":true,"href":"https:\/\/www.jiproequip.com\/index.php\/wp-json\/wp\/v2\/product_cat?post=2547"},{"taxonomy":"product_tag","embeddable":true,"href":"https:\/\/www.jiproequip.com\/index.php\/wp-json\/wp\/v2\/product_tag?post=2547"}],"curies":[{"name":"wp","href":"https:\/\/api.w.org\/{rel}","templated":true}]}}