{"id":2595,"date":"2023-10-08T18:22:37","date_gmt":"2023-10-08T23:22:37","guid":{"rendered":"https:\/\/www.jiproequip.com\/?post_type=product&#038;p=2595"},"modified":"2023-10-08T18:39:57","modified_gmt":"2023-10-08T23:39:57","slug":"lanza-perforadora-muros-rociado-agua-presion-2","status":"publish","type":"product","link":"https:\/\/www.jiproequip.com\/index.php\/producto\/lanza-perforadora-muros-rociado-agua-presion-2\/","title":{"rendered":"Equipo contra incendios para perforar superficies con agua a alta presi\u00f3n"},"content":{"rendered":"<div class=\"wp-block-stackable-column stk-block-column stk-column stk-block stk-a42bbec\" data-v=\"4\" data-block-id=\"a42bbec\">\r\n<div class=\"stk-column-wrapper stk-block-column__content stk-container stk-a42bbec-container stk--no-background stk--no-padding\">\r\n<div class=\"stk-block-content stk-inner-blocks stk-a42bbec-inner-blocks\"><div class=\"wp-block-stackable-carousel stk-block-carousel stk--is-slide stk--arrows-justify-space-between stk--arrows-align-center stk-block stk-6d5b6f7\" data-slides-to-show=\"\" data-block-id=\"6d5b6f7\">\r\n<div class=\"stk-block-carousel__content-wrapper\">\r\n<div class=\"stk-row stk-inner-blocks stk-block-content stk-block-carousel__slider-wrapper stk-content-align stk-6d5b6f7-column\">\r\n<div class=\"stk-block-carousel__slider\" role=\"list\" data-autoplay=\"4000\" data-label-slide-of=\"Slide %%d of %%d\"><div class=\"wp-block-stackable-column stk-block-column stk-column stk-block stk-5a69e44\" data-v=\"4\" data-block-id=\"5a69e44\">\r\n<div class=\"stk-column-wrapper stk-block-column__content stk-container stk-5a69e44-container stk--no-background stk--no-padding\">\r\n<div class=\"stk-block-content stk-inner-blocks stk-5a69e44-inner-blocks\"><div class=\"wp-block-stackable-image stk-block-image stk-block stk-64219fc\" data-block-id=\"64219fc\">\r\n<figure class=\"stk-img-wrapper stk-image--shape-stretch\"><img loading=\"lazy\" decoding=\"async\" class=\"stk-img                                                        alignnone wp-image-2613 \" src=\"http:\/\/https:\/\/www.jiproequip.com\/wp-content\/uploads\/2023\/10\/Equipo_apertura_brechas_pulverizacion_agua_contra_fuego_Cristanini_Columbec_B.png\" alt=\"\" width=\"450\" height=\"322\" \/><\/figure>\r\n<\/div><\/div>\r\n<\/div>\r\n<\/div><\/div>\r\n<\/div>\r\n<\/div>\r\n<\/div><\/div>\r\n<\/div>\r\n<\/div><div class=\"wp-block-stackable-column stk-block-column stk-column stk-block stk-776f52c\" data-v=\"4\" data-block-id=\"776f52c\">\r\n<div class=\"stk-column-wrapper stk-block-column__content stk-container stk-776f52c-container stk--no-background stk--no-padding\">\r\n<div class=\"stk-block-content stk-inner-blocks stk-776f52c-inner-blocks\"><div id=\"unidad-trifasica-de-lavado-de-alta-presion-de-agua-fria-a-2175-p-s-i\" class=\"wp-block-stackable-heading stk-block-heading stk-block-heading--v2 stk-block stk-6ead452 stk-block-background\" data-block-id=\"6ead452\">\r\n<div class=\"pl_i2t\">\r\n<div class=\"pl_i2t\">\r\n<div class=\"pl_i2t\">\r\n<div class=\"pl_i2t\">\r\n<div class=\"pl_i2t\">\r\n<div class=\"pl_i2t\">\r\n<div class=\"pl_i2t\">\r\n<div class=\"pl_i2t\">\r\n<div class=\"pl_i2t\">\r\n<div class=\"pl_i2t\">\r\n<div class=\"pl_i2t\">\r\n<div class=\"pl_i2t\">\r\n<div class=\"pl_i2t\">\r\n<div class=\"pl_i2t\">\r\n<div class=\"pl_i2t\">\r\n<div class=\"pl_i2t\">\r\n<div class=\"pl_i2t\">\r\n<div class=\"pl_i2t\">\r\n<div class=\"pl_i2t\">\r\n<div class=\"pl_i2t\">\r\n<div class=\"pl_i2t\">\r\n<div class=\"pl_i2t\">\r\n<div class=\"pl_i2t\">\r\n<div class=\"pl_i2t\">\r\n<div class=\"pl_i2t\">\r\n<div class=\"pl_i2t\">\r\n<div class=\"pl_i2t\">\r\n<div class=\"pl_i2t\">\r\n<div class=\"pl_i2t\">\r\n<div class=\"pl_i2t\">\r\n<div class=\"pl_i2t\">\r\n<div class=\"pl_i2t\">\r\n<div class=\"pl_i2t\">\r\n<div class=\"pl_i2t\">\r\n<div class=\"pl_i2t\">\r\n<div class=\"pl_i2t\">\r\n<div class=\"pl_i2t\">\r\n<div class=\"pl_i2t\">\r\n<div class=\"pl_i2t\">\r\n<div class=\"pl_i2t\">\r\n<div class=\"pl_i2t\">\r\n<div class=\"pl_i2t\">\r\n<div class=\"pl_i2t\">\r\n<div class=\"pl_i2t\">\r\n<div class=\"pl_i2t\">\r\n<div class=\"pl_i2t\">\r\n<div class=\"pl_i2t\">\r\n<div class=\"pl_i2t\">\r\n<div class=\"pl_i2t\">\r\n<div class=\"pl_i2t\">\r\n<div class=\"pl_i2t\">\r\n<div class=\"pl_i2t\">\r\n<div class=\"pl_i2t\">\r\n<div class=\"pl_i2t\">\r\n<div class=\"pl_i2t\">\r\n<div class=\"pl_i2t\">\r\n<div class=\"pl_i2t\">\r\n<div class=\"pl_i2t\">\r\n<div class=\"pl_i2t\">\r\n<div class=\"pl_i2t\">\r\n<div class=\"pl_i2t\">\r\n<div class=\"pl_i2t\">\r\n<div class=\"pl_i2t\">\r\n<div class=\"pl_i2t\">\r\n<div class=\"pl_i2t\">\r\n<div class=\"pl_i2t\">\r\n<div class=\"pl_i2t\">\r\n<div class=\"pl_i2t\">\r\n<div class=\"pl_i2t\">\r\n<div class=\"pl_i2t\">\r\n<div class=\"pl_i2t\">\r\n<div class=\"pl_i2t\">\r\n<div class=\"pl_i2t\">\r\n<div class=\"pl_i2t\">\r\n<h2>Equipo contra incendios para perforar superficies con agua a alta presi\u00f3n<\/h2>\r\n<\/div>\r\n<\/div>\r\n<\/div>\r\n<\/div>\r\n<\/div>\r\n<\/div>\r\n<\/div>\r\n<\/div>\r\n<\/div>\r\n<\/div>\r\n<\/div>\r\n<\/div>\r\n<\/div>\r\n<\/div>\r\n<\/div>\r\n<\/div>\r\n<\/div>\r\n<\/div>\r\n<\/div>\r\n<\/div>\r\n<\/div>\r\n<\/div>\r\n<\/div>\r\n<\/div>\r\n<\/div>\r\n<\/div>\r\n<\/div>\r\n<\/div>\r\n<\/div>\r\n<\/div>\r\n<\/div>\r\n<\/div>\r\n<\/div>\r\n<\/div>\r\n<\/div>\r\n<\/div>\r\n<\/div>\r\n<\/div>\r\n<\/div>\r\n<\/div>\r\n<\/div>\r\n<\/div>\r\n<\/div>\r\n<\/div>\r\n<\/div>\r\n<\/div>\r\n<\/div>\r\n<\/div>\r\n<\/div>\r\n<\/div>\r\n<\/div>\r\n<\/div>\r\n<\/div>\r\n<\/div>\r\n<\/div>\r\n<\/div>\r\n<\/div>\r\n<\/div>\r\n<\/div>\r\n<\/div>\r\n<\/div>\r\n<\/div>\r\n<\/div>\r\n<\/div>\r\n<\/div>\r\n<\/div>\r\n<\/div>\r\n<\/div>\r\n<\/div>\r\n<\/div>\r\n<\/div>\r\n<\/div>\r\n<\/div>\r\n<\/div>\r\n<div class=\"pl_i2c\">\r\n<div class=\"pl_i2c\">\r\n<div class=\"pl_i2c\">\r\n<div class=\"pl_i2c\">\r\n<div class=\"pl_i2c\">\r\n<div class=\"pl_i2c\">\r\n<div class=\"pl_i2c\">\r\n<div class=\"pl_i2c\">\r\n<div class=\"pl_i2c\">\r\n<p>Con este sistema podr\u00e1 apagar incendios en espacios cerrados o de muy dif\u00edcil acceso. Se hace una apertura de un orificio en las paredes cortafuego o en acero, por medio de una lanza especial para posteriormente introducir agua a presi\u00f3n.<\/p>\r\n<p>Con un chorro de agua a alta presi\u00f3n y abrasivo se consigue hacer la incisi\u00f3n para despu\u00e9s, con la misma lanza, introducir en la habitaci\u00f3n donde se ha desarrollado el incendio un chorro de agua finamente pulverizada con alta eficacia.<\/p>\r\n<p>Las gotitas de agua finamente nebulizadas tienen un di\u00e1metro de aproximadamente 10-20 \u03bc. Esto permite una elevada superficie de intercambio t\u00e9rmico, lo que permite una r\u00e1pida bajada de la temperatura. Adem\u00e1s, el humo y las part\u00edculas suspendidas en el aire procedente de la combusti\u00f3n, son absorbidos por el agua dejando un ambiente mucho menos concentrado y t\u00f3xico.<\/p>\r\n<p>Este sistema reduce en gran medida el da\u00f1o que se crea normalmente cuando se usan grandes e innecesarias masas de agua.<\/p>\r\n<p>Este revolucionario sistema dise\u00f1ado para atacar de forma directa y r\u00e1pida al fuego originado en sitios cerrados. Todo ello sin introducir aire (y por lo tanto ox\u00edgeno). Gracias al efecto Venturi el fuego se extinguir\u00e1 en contacto con el agua pulverizada a trav\u00e9s de la lanza.<\/p>\r\n<\/div>\r\n<br \/>\r\n<div><img loading=\"lazy\" decoding=\"async\" class=\"alignnone wp-image-2611 size-full\" src=\"http:\/\/https:\/\/www.jiproequip.com\/wp-content\/uploads\/2023\/10\/Equipo_apertura_brechas_pulverizacion_agua_contra_fuego_Cristanini_Columbec_07_B.png\" alt=\"\" width=\"701\" height=\"481\" \/><\/div>\r\n<div>Un litro de agua rociada con la presi\u00f3n de 1 bar tiene contacto con la atm\u00f3sfera del equivalente a 0,048 metros cuadrados. Sin embargo un litro de agua nebulizada con una presi\u00f3n de 350 bares, genera 238 millones de gotas de agua que tienen contacto con la atm\u00f3sfera del equivalente a 30 metros cuadrados. 625 veces m\u00e1s superficie de la que se cubrir\u00eda con 1 bar.<br \/>\r\n<p><img loading=\"lazy\" decoding=\"async\" class=\"alignnone wp-image-2610 size-full\" src=\"http:\/\/https:\/\/www.jiproequip.com\/wp-content\/uploads\/2023\/10\/Equipo_apertura_brechas_pulverizacion_agua_contra_fuego_Cristanini_Columbec_06_B.png\" alt=\"\" width=\"502\" height=\"365\" \/><\/p>\r\n<p>&nbsp;<\/p>\r\n<p>Este sistema est\u00e1 particularmente recomendado en \u00e1reas cerradas, sitios potencialmente explosivos o con riesgo de explosi\u00f3n, situaciones donde se requiere un m\u00ednimo consumo de agua.<\/p>\r\n<p>Este sistema modular con gran capacidad de enfriado y control de llamas, hace de las intervenciones de bomberos mucho m\u00e1s eficaces y r\u00e1pidas. Adem\u00e1s el operador est\u00e1 en una situaci\u00f3n mucho m\u00e1s segura ya que act\u00faa desde fuera en un lugar donde el fuego no es tan intenso.<\/p>\r\n<figure><img decoding=\"async\" title=\"Equipo apertura brechas pulverizacion agua contra fuego grafico\" src=\"http:\/\/www.columbec.com\/images\/ProductosDeCatalogo\/Descontaminacion\/Equipo_apertura_brechas_pulverizacion_agua_contra_fuego_Cristanini_Columbec_08_B.png\" alt=\"Equipo apertura brechas pulverizacion agua contra fuego Cristanini Columbec 08 B\" \/><\/figure>\r\n<p><img loading=\"lazy\" decoding=\"async\" class=\"alignnone size-full wp-image-2612\" src=\"http:\/\/https:\/\/www.jiproequip.com\/wp-content\/uploads\/2023\/10\/Equipo_apertura_brechas_pulverizacion_agua_contra_fuego_Cristanini_Columbec_08_B.png\" alt=\"\" width=\"706\" height=\"289\" \/><\/p>\r\n<figure><img decoding=\"async\" title=\"Equipo apertura brechas pulverizacion agua contra fuego grafico\" src=\"http:\/\/www.columbec.com\/images\/ProductosDeCatalogo\/Descontaminacion\/Equipo_apertura_brechas_pulverizacion_agua_contra_fuego_Cristanini_Columbec_08_B.png\" alt=\"Equipo apertura brechas pulverizacion agua contra fuego Cristanini Columbec 08 B\" \/><\/figure>\r\n<p>La lanza de tan solo 7,5 kg puede ser manipulada con una mano y el equipo completo puede ser portado por 2 operarios.<br \/>El chorro de agua a presi\u00f3n llega hasta los 10 metros.<\/p>\r\n<\/div>\r\n<\/div>\r\n<\/div>\r\n<\/div>\r\n<\/div>\r\n<\/div>\r\n<\/div>\r\n<\/div>\r\n<\/div>\r\n<\/div>\r\n<\/div>\r\n<\/div>\r\n<\/div>","protected":false},"excerpt":{"rendered":"<p>Equipo contra incendios para perforar superficies con agua a alta presi\u00f3n Con este sistema podr\u00e1 apagar incendios en espacios cerrados o de muy dif\u00edcil acceso. Se hace una apertura de un orificio en las paredes cortafuego o en acero, por medio de una lanza especial para posteriormente introducir agua a presi\u00f3n. Con un chorro de [&hellip;]<\/p>\n","protected":false},"featured_media":2613,"comment_status":"open","ping_status":"closed","template":"","meta":{"_uag_custom_page_level_css":""},"product_brand":[],"product_cat":[45],"product_tag":[],"class_list":{"0":"post-2595","1":"product","2":"type-product","3":"status-publish","4":"has-post-thumbnail","6":"product_cat-descontaminacion","8":"first","9":"instock","10":"shipping-taxable","11":"product-type-simple"},"yoast_head":"<!-- This site is optimized with the Yoast SEO plugin v25.2 - https:\/\/yoast.com\/wordpress\/plugins\/seo\/ -->\n<title>Equipo contra incendios para perforar superficies con agua a alta presi\u00f3n - Ji-proequip<\/title>\n<meta name=\"robots\" content=\"index, follow, max-snippet:-1, max-image-preview:large, max-video-preview:-1\" \/>\n<link rel=\"canonical\" href=\"https:\/\/www.jiproequip.com\/index.php\/producto\/lanza-perforadora-muros-rociado-agua-presion-2\/\" \/>\n<meta property=\"og:locale\" content=\"es_ES\" \/>\n<meta property=\"og:type\" content=\"article\" \/>\n<meta property=\"og:title\" content=\"Equipo contra incendios para perforar superficies con agua a alta presi\u00f3n - Ji-proequip\" \/>\n<meta property=\"og:description\" content=\"Equipo contra incendios para perforar superficies con agua a alta presi\u00f3n Con este sistema podr\u00e1 apagar incendios en espacios cerrados o de muy dif\u00edcil acceso. Se hace una apertura de un orificio en las paredes cortafuego o en acero, por medio de una lanza especial para posteriormente introducir agua a presi\u00f3n. Con un chorro de [&hellip;]\" \/>\n<meta property=\"og:url\" content=\"https:\/\/www.jiproequip.com\/index.php\/producto\/lanza-perforadora-muros-rociado-agua-presion-2\/\" \/>\n<meta property=\"og:site_name\" content=\"Ji-proequip\" \/>\n<meta property=\"article:modified_time\" content=\"2023-10-08T23:39:57+00:00\" \/>\n<meta property=\"og:image\" content=\"https:\/\/www.jiproequip.com\/wp-content\/uploads\/2023\/10\/Equipo_apertura_brechas_pulverizacion_agua_contra_fuego_Cristanini_Columbec_B.png\" \/>\n\t<meta property=\"og:image:width\" content=\"800\" \/>\n\t<meta property=\"og:image:height\" content=\"572\" \/>\n\t<meta property=\"og:image:type\" content=\"image\/png\" \/>\n<meta name=\"twitter:card\" content=\"summary_large_image\" \/>\n<meta name=\"twitter:label1\" content=\"Tiempo de lectura\" \/>\n\t<meta name=\"twitter:data1\" content=\"3 minutos\" \/>\n<script type=\"application\/ld+json\" class=\"yoast-schema-graph\">{\"@context\":\"https:\/\/schema.org\",\"@graph\":[{\"@type\":\"WebPage\",\"@id\":\"https:\/\/www.jiproequip.com\/index.php\/producto\/lanza-perforadora-muros-rociado-agua-presion-2\/\",\"url\":\"https:\/\/www.jiproequip.com\/index.php\/producto\/lanza-perforadora-muros-rociado-agua-presion-2\/\",\"name\":\"Equipo contra incendios para perforar superficies con agua a alta presi\u00f3n - Ji-proequip\",\"isPartOf\":{\"@id\":\"https:\/\/www.jiproequip.com\/#website\"},\"primaryImageOfPage\":{\"@id\":\"https:\/\/www.jiproequip.com\/index.php\/producto\/lanza-perforadora-muros-rociado-agua-presion-2\/#primaryimage\"},\"image\":{\"@id\":\"https:\/\/www.jiproequip.com\/index.php\/producto\/lanza-perforadora-muros-rociado-agua-presion-2\/#primaryimage\"},\"thumbnailUrl\":\"https:\/\/www.jiproequip.com\/wp-content\/uploads\/2023\/10\/Equipo_apertura_brechas_pulverizacion_agua_contra_fuego_Cristanini_Columbec_B.png\",\"datePublished\":\"2023-10-08T23:22:37+00:00\",\"dateModified\":\"2023-10-08T23:39:57+00:00\",\"breadcrumb\":{\"@id\":\"https:\/\/www.jiproequip.com\/index.php\/producto\/lanza-perforadora-muros-rociado-agua-presion-2\/#breadcrumb\"},\"inLanguage\":\"es\",\"potentialAction\":[{\"@type\":\"ReadAction\",\"target\":[\"https:\/\/www.jiproequip.com\/index.php\/producto\/lanza-perforadora-muros-rociado-agua-presion-2\/\"]}]},{\"@type\":\"ImageObject\",\"inLanguage\":\"es\",\"@id\":\"https:\/\/www.jiproequip.com\/index.php\/producto\/lanza-perforadora-muros-rociado-agua-presion-2\/#primaryimage\",\"url\":\"https:\/\/www.jiproequip.com\/wp-content\/uploads\/2023\/10\/Equipo_apertura_brechas_pulverizacion_agua_contra_fuego_Cristanini_Columbec_B.png\",\"contentUrl\":\"https:\/\/www.jiproequip.com\/wp-content\/uploads\/2023\/10\/Equipo_apertura_brechas_pulverizacion_agua_contra_fuego_Cristanini_Columbec_B.png\",\"width\":800,\"height\":572},{\"@type\":\"BreadcrumbList\",\"@id\":\"https:\/\/www.jiproequip.com\/index.php\/producto\/lanza-perforadora-muros-rociado-agua-presion-2\/#breadcrumb\",\"itemListElement\":[{\"@type\":\"ListItem\",\"position\":1,\"name\":\"Home\",\"item\":\"https:\/\/www.jiproequip.com\/\"},{\"@type\":\"ListItem\",\"position\":2,\"name\":\"Tienda\",\"item\":\"https:\/\/www.jiproequip.com\/index.php\/tienda\/\"},{\"@type\":\"ListItem\",\"position\":3,\"name\":\"Equipo contra incendios para perforar superficies con agua a alta presi\u00f3n\"}]},{\"@type\":\"WebSite\",\"@id\":\"https:\/\/www.jiproequip.com\/#website\",\"url\":\"https:\/\/www.jiproequip.com\/\",\"name\":\"Ji-proequip\",\"description\":\"Venta de equipos industriales con servicio t\u00e9cnico especializado\",\"publisher\":{\"@id\":\"https:\/\/www.jiproequip.com\/#organization\"},\"potentialAction\":[{\"@type\":\"SearchAction\",\"target\":{\"@type\":\"EntryPoint\",\"urlTemplate\":\"https:\/\/www.jiproequip.com\/?s={search_term_string}\"},\"query-input\":{\"@type\":\"PropertyValueSpecification\",\"valueRequired\":true,\"valueName\":\"search_term_string\"}}],\"inLanguage\":\"es\"},{\"@type\":\"Organization\",\"@id\":\"https:\/\/www.jiproequip.com\/#organization\",\"name\":\"Ji-proequip\",\"url\":\"https:\/\/www.jiproequip.com\/\",\"logo\":{\"@type\":\"ImageObject\",\"inLanguage\":\"es\",\"@id\":\"https:\/\/www.jiproequip.com\/#\/schema\/logo\/image\/\",\"url\":\"https:\/\/www.jiproequip.com\/wp-content\/uploads\/2025\/06\/LOGO-JIproequip-2025.png\",\"contentUrl\":\"https:\/\/www.jiproequip.com\/wp-content\/uploads\/2025\/06\/LOGO-JIproequip-2025.png\",\"width\":2433,\"height\":596,\"caption\":\"Ji-proequip\"},\"image\":{\"@id\":\"https:\/\/www.jiproequip.com\/#\/schema\/logo\/image\/\"}}]}<\/script>\n<!-- \/ Yoast SEO plugin. -->","yoast_head_json":{"title":"Equipo contra incendios para perforar superficies con agua a alta presi\u00f3n - Ji-proequip","robots":{"index":"index","follow":"follow","max-snippet":"max-snippet:-1","max-image-preview":"max-image-preview:large","max-video-preview":"max-video-preview:-1"},"canonical":"https:\/\/www.jiproequip.com\/index.php\/producto\/lanza-perforadora-muros-rociado-agua-presion-2\/","og_locale":"es_ES","og_type":"article","og_title":"Equipo contra incendios para perforar superficies con agua a alta presi\u00f3n - Ji-proequip","og_description":"Equipo contra incendios para perforar superficies con agua a alta presi\u00f3n Con este sistema podr\u00e1 apagar incendios en espacios cerrados o de muy dif\u00edcil acceso. Se hace una apertura de un orificio en las paredes cortafuego o en acero, por medio de una lanza especial para posteriormente introducir agua a presi\u00f3n. Con un chorro de [&hellip;]","og_url":"https:\/\/www.jiproequip.com\/index.php\/producto\/lanza-perforadora-muros-rociado-agua-presion-2\/","og_site_name":"Ji-proequip","article_modified_time":"2023-10-08T23:39:57+00:00","og_image":[{"width":800,"height":572,"url":"https:\/\/www.jiproequip.com\/wp-content\/uploads\/2023\/10\/Equipo_apertura_brechas_pulverizacion_agua_contra_fuego_Cristanini_Columbec_B.png","type":"image\/png"}],"twitter_card":"summary_large_image","twitter_misc":{"Tiempo de lectura":"3 minutos"},"schema":{"@context":"https:\/\/schema.org","@graph":[{"@type":"WebPage","@id":"https:\/\/www.jiproequip.com\/index.php\/producto\/lanza-perforadora-muros-rociado-agua-presion-2\/","url":"https:\/\/www.jiproequip.com\/index.php\/producto\/lanza-perforadora-muros-rociado-agua-presion-2\/","name":"Equipo contra incendios para perforar superficies con agua a alta presi\u00f3n - Ji-proequip","isPartOf":{"@id":"https:\/\/www.jiproequip.com\/#website"},"primaryImageOfPage":{"@id":"https:\/\/www.jiproequip.com\/index.php\/producto\/lanza-perforadora-muros-rociado-agua-presion-2\/#primaryimage"},"image":{"@id":"https:\/\/www.jiproequip.com\/index.php\/producto\/lanza-perforadora-muros-rociado-agua-presion-2\/#primaryimage"},"thumbnailUrl":"https:\/\/www.jiproequip.com\/wp-content\/uploads\/2023\/10\/Equipo_apertura_brechas_pulverizacion_agua_contra_fuego_Cristanini_Columbec_B.png","datePublished":"2023-10-08T23:22:37+00:00","dateModified":"2023-10-08T23:39:57+00:00","breadcrumb":{"@id":"https:\/\/www.jiproequip.com\/index.php\/producto\/lanza-perforadora-muros-rociado-agua-presion-2\/#breadcrumb"},"inLanguage":"es","potentialAction":[{"@type":"ReadAction","target":["https:\/\/www.jiproequip.com\/index.php\/producto\/lanza-perforadora-muros-rociado-agua-presion-2\/"]}]},{"@type":"ImageObject","inLanguage":"es","@id":"https:\/\/www.jiproequip.com\/index.php\/producto\/lanza-perforadora-muros-rociado-agua-presion-2\/#primaryimage","url":"https:\/\/www.jiproequip.com\/wp-content\/uploads\/2023\/10\/Equipo_apertura_brechas_pulverizacion_agua_contra_fuego_Cristanini_Columbec_B.png","contentUrl":"https:\/\/www.jiproequip.com\/wp-content\/uploads\/2023\/10\/Equipo_apertura_brechas_pulverizacion_agua_contra_fuego_Cristanini_Columbec_B.png","width":800,"height":572},{"@type":"BreadcrumbList","@id":"https:\/\/www.jiproequip.com\/index.php\/producto\/lanza-perforadora-muros-rociado-agua-presion-2\/#breadcrumb","itemListElement":[{"@type":"ListItem","position":1,"name":"Home","item":"https:\/\/www.jiproequip.com\/"},{"@type":"ListItem","position":2,"name":"Tienda","item":"https:\/\/www.jiproequip.com\/index.php\/tienda\/"},{"@type":"ListItem","position":3,"name":"Equipo contra incendios para perforar superficies con agua a alta presi\u00f3n"}]},{"@type":"WebSite","@id":"https:\/\/www.jiproequip.com\/#website","url":"https:\/\/www.jiproequip.com\/","name":"Ji-proequip","description":"Venta de equipos industriales con servicio t\u00e9cnico especializado","publisher":{"@id":"https:\/\/www.jiproequip.com\/#organization"},"potentialAction":[{"@type":"SearchAction","target":{"@type":"EntryPoint","urlTemplate":"https:\/\/www.jiproequip.com\/?s={search_term_string}"},"query-input":{"@type":"PropertyValueSpecification","valueRequired":true,"valueName":"search_term_string"}}],"inLanguage":"es"},{"@type":"Organization","@id":"https:\/\/www.jiproequip.com\/#organization","name":"Ji-proequip","url":"https:\/\/www.jiproequip.com\/","logo":{"@type":"ImageObject","inLanguage":"es","@id":"https:\/\/www.jiproequip.com\/#\/schema\/logo\/image\/","url":"https:\/\/www.jiproequip.com\/wp-content\/uploads\/2025\/06\/LOGO-JIproequip-2025.png","contentUrl":"https:\/\/www.jiproequip.com\/wp-content\/uploads\/2025\/06\/LOGO-JIproequip-2025.png","width":2433,"height":596,"caption":"Ji-proequip"},"image":{"@id":"https:\/\/www.jiproequip.com\/#\/schema\/logo\/image\/"}}]}},"uagb_featured_image_src":{"full":["https:\/\/www.jiproequip.com\/wp-content\/uploads\/2023\/10\/Equipo_apertura_brechas_pulverizacion_agua_contra_fuego_Cristanini_Columbec_B.png",800,572,false],"thumbnail":["https:\/\/www.jiproequip.com\/wp-content\/uploads\/2023\/10\/Equipo_apertura_brechas_pulverizacion_agua_contra_fuego_Cristanini_Columbec_B.png",150,107,false],"medium":["https:\/\/www.jiproequip.com\/wp-content\/uploads\/2023\/10\/Equipo_apertura_brechas_pulverizacion_agua_contra_fuego_Cristanini_Columbec_B.png",300,215,false],"medium_large":["https:\/\/www.jiproequip.com\/wp-content\/uploads\/2023\/10\/Equipo_apertura_brechas_pulverizacion_agua_contra_fuego_Cristanini_Columbec_B.png",768,549,false],"large":["https:\/\/www.jiproequip.com\/wp-content\/uploads\/2023\/10\/Equipo_apertura_brechas_pulverizacion_agua_contra_fuego_Cristanini_Columbec_B.png",800,572,false],"1536x1536":["https:\/\/www.jiproequip.com\/wp-content\/uploads\/2023\/10\/Equipo_apertura_brechas_pulverizacion_agua_contra_fuego_Cristanini_Columbec_B.png",800,572,false],"2048x2048":["https:\/\/www.jiproequip.com\/wp-content\/uploads\/2023\/10\/Equipo_apertura_brechas_pulverizacion_agua_contra_fuego_Cristanini_Columbec_B.png",800,572,false],"mailpoet_newsletter_max":["https:\/\/www.jiproequip.com\/wp-content\/uploads\/2023\/10\/Equipo_apertura_brechas_pulverizacion_agua_contra_fuego_Cristanini_Columbec_B.png",800,572,false],"woocommerce_thumbnail":["https:\/\/www.jiproequip.com\/wp-content\/uploads\/2023\/10\/Equipo_apertura_brechas_pulverizacion_agua_contra_fuego_Cristanini_Columbec_B.png",300,215,false],"woocommerce_single":["https:\/\/www.jiproequip.com\/wp-content\/uploads\/2023\/10\/Equipo_apertura_brechas_pulverizacion_agua_contra_fuego_Cristanini_Columbec_B.png",600,429,false],"woocommerce_gallery_thumbnail":["https:\/\/www.jiproequip.com\/wp-content\/uploads\/2023\/10\/Equipo_apertura_brechas_pulverizacion_agua_contra_fuego_Cristanini_Columbec_B-100x100.png",100,100,true]},"uagb_author_info":{"display_name":"admin_jiproeq","author_link":"https:\/\/www.jiproequip.com\/index.php\/author\/"},"uagb_comment_info":0,"uagb_excerpt":"Equipo contra incendios para perforar superficies con agua a alta presi\u00f3n Con este sistema podr\u00e1 apagar incendios en espacios cerrados o de muy dif\u00edcil acceso. Se hace una apertura de un orificio en las paredes cortafuego o en acero, por medio de una lanza especial para posteriormente introducir agua a presi\u00f3n. Con un chorro de&hellip;","jetpack_sharing_enabled":true,"_links":{"self":[{"href":"https:\/\/www.jiproequip.com\/index.php\/wp-json\/wp\/v2\/product\/2595","targetHints":{"allow":["GET"]}}],"collection":[{"href":"https:\/\/www.jiproequip.com\/index.php\/wp-json\/wp\/v2\/product"}],"about":[{"href":"https:\/\/www.jiproequip.com\/index.php\/wp-json\/wp\/v2\/types\/product"}],"replies":[{"embeddable":true,"href":"https:\/\/www.jiproequip.com\/index.php\/wp-json\/wp\/v2\/comments?post=2595"}],"wp:featuredmedia":[{"embeddable":true,"href":"https:\/\/www.jiproequip.com\/index.php\/wp-json\/wp\/v2\/media\/2613"}],"wp:attachment":[{"href":"https:\/\/www.jiproequip.com\/index.php\/wp-json\/wp\/v2\/media?parent=2595"}],"wp:term":[{"taxonomy":"product_brand","embeddable":true,"href":"https:\/\/www.jiproequip.com\/index.php\/wp-json\/wp\/v2\/product_brand?post=2595"},{"taxonomy":"product_cat","embeddable":true,"href":"https:\/\/www.jiproequip.com\/index.php\/wp-json\/wp\/v2\/product_cat?post=2595"},{"taxonomy":"product_tag","embeddable":true,"href":"https:\/\/www.jiproequip.com\/index.php\/wp-json\/wp\/v2\/product_tag?post=2595"}],"curies":[{"name":"wp","href":"https:\/\/api.w.org\/{rel}","templated":true}]}}