{"id":2637,"date":"2023-10-08T19:08:35","date_gmt":"2023-10-09T00:08:35","guid":{"rendered":"https:\/\/www.jiproequip.com\/?post_type=product&#038;p=2637"},"modified":"2023-10-08T19:25:50","modified_gmt":"2023-10-09T00:25:50","slug":"desgasificador-limpieza-y-descontaminacion-por-vapor-saturado","status":"publish","type":"product","link":"https:\/\/www.jiproequip.com\/index.php\/producto\/desgasificador-limpieza-y-descontaminacion-por-vapor-saturado\/","title":{"rendered":"Desgasificador, limpieza y descontaminaci\u00f3n por vapor saturado"},"content":{"rendered":"<div class=\"wp-block-stackable-column stk-block-column stk-column stk-block stk-a42bbec\" data-v=\"4\" data-block-id=\"a42bbec\">\r\n<div class=\"stk-column-wrapper stk-block-column__content stk-container stk-a42bbec-container stk--no-background stk--no-padding\">\r\n<div class=\"stk-block-content stk-inner-blocks stk-a42bbec-inner-blocks\"><div class=\"wp-block-stackable-carousel stk-block-carousel stk--is-slide stk--arrows-justify-space-between stk--arrows-align-center stk-block stk-6d5b6f7\" data-slides-to-show=\"\" data-block-id=\"6d5b6f7\">\r\n<div class=\"stk-block-carousel__content-wrapper\">\r\n<div class=\"stk-row stk-inner-blocks stk-block-content stk-block-carousel__slider-wrapper stk-content-align stk-6d5b6f7-column\">\r\n<div class=\"stk-block-carousel__slider\" role=\"list\" data-autoplay=\"4000\" data-label-slide-of=\"Slide %%d of %%d\"><div class=\"wp-block-stackable-column stk-block-column stk-column stk-block stk-5a69e44\" data-v=\"4\" data-block-id=\"5a69e44\">\r\n<div class=\"stk-column-wrapper stk-block-column__content stk-container stk-5a69e44-container stk--no-background stk--no-padding\">\r\n<div class=\"stk-block-content stk-inner-blocks stk-5a69e44-inner-blocks\"><div class=\"wp-block-stackable-image stk-block-image stk-block stk-64219fc\" data-block-id=\"64219fc\">\r\n<figure class=\"stk-img-wrapper stk-image--shape-stretch\"><img loading=\"lazy\" decoding=\"async\" class=\"stk-img                                                         alignnone wp-image-2640 size-full\" src=\"http:\/\/https:\/\/www.jiproequip.com\/wp-content\/uploads\/2023\/10\/Desgasificador_limpieza_descontaminacion_vapor_saturado_Cristanini_Columbec_04_B.png\" alt=\"\" width=\"390\" height=\"258\" \/><\/figure>\r\n<\/div><\/div>\r\n<\/div>\r\n<\/div><\/div>\r\n<\/div>\r\n<\/div>\r\n<\/div><\/div>\r\n<\/div>\r\n<\/div><div class=\"wp-block-stackable-column stk-block-column stk-column stk-block stk-776f52c\" data-v=\"4\" data-block-id=\"776f52c\">\r\n<div class=\"stk-column-wrapper stk-block-column__content stk-container stk-776f52c-container stk--no-background stk--no-padding\">\r\n<div class=\"stk-block-content stk-inner-blocks stk-776f52c-inner-blocks\"><div id=\"unidad-trifasica-de-lavado-de-alta-presion-de-agua-fria-a-2175-p-s-i\" class=\"wp-block-stackable-heading stk-block-heading stk-block-heading--v2 stk-block stk-6ead452 stk-block-background\" data-block-id=\"6ead452\">\r\n<div class=\"pl_i2t\">\r\n<div class=\"pl_i2t\">\r\n<div class=\"pl_i2t\">\r\n<div class=\"pl_i2t\">\r\n<div class=\"pl_i2t\">\r\n<div class=\"pl_i2t\">\r\n<div class=\"pl_i2t\">\r\n<div class=\"pl_i2t\">\r\n<div class=\"pl_i2t\">\r\n<div class=\"pl_i2t\">\r\n<div class=\"pl_i2t\">\r\n<div class=\"pl_i2t\">\r\n<div class=\"pl_i2t\">\r\n<div class=\"pl_i2t\">\r\n<div class=\"pl_i2t\">\r\n<div class=\"pl_i2t\">\r\n<div class=\"pl_i2t\">\r\n<div class=\"pl_i2t\">\r\n<div class=\"pl_i2t\">\r\n<div class=\"pl_i2t\">\r\n<div class=\"pl_i2t\">\r\n<div class=\"pl_i2t\">\r\n<div class=\"pl_i2t\">\r\n<div class=\"pl_i2t\">\r\n<div class=\"pl_i2t\">\r\n<div class=\"pl_i2t\">\r\n<div class=\"pl_i2t\">\r\n<div class=\"pl_i2t\">\r\n<div class=\"pl_i2t\">\r\n<div class=\"pl_i2t\">\r\n<div class=\"pl_i2t\">\r\n<div class=\"pl_i2t\">\r\n<div class=\"pl_i2t\">\r\n<div class=\"pl_i2t\">\r\n<div class=\"pl_i2t\">\r\n<div class=\"pl_i2t\">\r\n<div class=\"pl_i2t\">\r\n<div class=\"pl_i2t\">\r\n<div class=\"pl_i2t\">\r\n<div class=\"pl_i2t\">\r\n<div class=\"pl_i2t\">\r\n<div class=\"pl_i2t\">\r\n<div class=\"pl_i2t\">\r\n<div class=\"pl_i2t\">\r\n<div class=\"pl_i2t\">\r\n<div class=\"pl_i2t\">\r\n<div class=\"pl_i2t\">\r\n<div class=\"pl_i2t\">\r\n<div class=\"pl_i2t\">\r\n<div class=\"pl_i2t\">\r\n<div class=\"pl_i2t\">\r\n<div class=\"pl_i2t\">\r\n<div class=\"pl_i2t\">\r\n<div class=\"pl_i2t\">\r\n<div class=\"pl_i2t\">\r\n<div class=\"pl_i2t\">\r\n<div class=\"pl_i2t\">\r\n<div class=\"pl_i2t\">\r\n<div class=\"pl_i2t\">\r\n<div class=\"pl_i2t\">\r\n<div class=\"pl_i2t\">\r\n<div class=\"pl_i2t\">\r\n<div class=\"pl_i2t\">\r\n<div class=\"pl_i2t\">\r\n<div class=\"pl_i2t\">\r\n<div class=\"pl_i2t\">\r\n<div class=\"pl_i2t\">\r\n<div class=\"pl_i2t\">\r\n<div class=\"pl_i2t\">\r\n<div class=\"pl_i2t\">\r\n<div class=\"pl_i2t\">\r\n<div class=\"pl_i2t\">\r\n<div class=\"pl_i2t\">\r\n<div class=\"pl_i2t\">\r\n<div class=\"pl_i2t\">\r\n<div class=\"pl_i2t\">\r\n<h2>Desgasificador, limpieza y descontaminaci\u00f3n por vapor saturado<\/h2>\r\n<\/div>\r\n<\/div>\r\n<\/div>\r\n<\/div>\r\n<\/div>\r\n<\/div>\r\n<\/div>\r\n<\/div>\r\n<\/div>\r\n<\/div>\r\n<\/div>\r\n<\/div>\r\n<\/div>\r\n<\/div>\r\n<\/div>\r\n<\/div>\r\n<\/div>\r\n<\/div>\r\n<\/div>\r\n<\/div>\r\n<\/div>\r\n<\/div>\r\n<\/div>\r\n<\/div>\r\n<\/div>\r\n<\/div>\r\n<\/div>\r\n<\/div>\r\n<\/div>\r\n<\/div>\r\n<\/div>\r\n<\/div>\r\n<\/div>\r\n<\/div>\r\n<\/div>\r\n<\/div>\r\n<\/div>\r\n<\/div>\r\n<\/div>\r\n<\/div>\r\n<\/div>\r\n<\/div>\r\n<\/div>\r\n<\/div>\r\n<\/div>\r\n<\/div>\r\n<\/div>\r\n<\/div>\r\n<\/div>\r\n<\/div>\r\n<\/div>\r\n<\/div>\r\n<\/div>\r\n<\/div>\r\n<\/div>\r\n<\/div>\r\n<\/div>\r\n<\/div>\r\n<\/div>\r\n<\/div>\r\n<\/div>\r\n<\/div>\r\n<\/div>\r\n<\/div>\r\n<\/div>\r\n<\/div>\r\n<\/div>\r\n<\/div>\r\n<\/div>\r\n<\/div>\r\n<\/div>\r\n<\/div>\r\n<\/div>\r\n<\/div>\r\n<\/div>\r\n<\/div>\r\n<div class=\"pl_i2c\">\r\n<div class=\"pl_i2c\">\r\n<div class=\"pl_i2c\">\r\n<div class=\"pl_i2c\">\r\n<div class=\"pl_i2c\">\r\n<div class=\"pl_i2c\">\r\n<div class=\"pl_i2c\">\r\n<div class=\"pl_i2c\"><br \/>\r\n<div><img loading=\"lazy\" decoding=\"async\" class=\"alignnone wp-image-2641 \" src=\"http:\/\/https:\/\/www.jiproequip.com\/wp-content\/uploads\/2023\/10\/Desgasificador_limpieza_descontaminacion_vapor_saturado_Cristanini_Columbec_05_B.png\" alt=\"\" width=\"731\" height=\"498\" \/><\/div>\r\n<div>\r\n<p>Los gases y vapores de hidrocarburos, siendo m\u00e1s pesados que el aire, tienden a depositarse en el fondo de los contenedores sin mezclarse con la atm\u00f3sfera circunstante. En una cisterna o en un tanque, es necesario lograr el nivel de \u201cGAS FREE\u00bb para poder realizar cualquier operaci\u00f3n de mantenimiento o reparaci\u00f3n, tanto en el interior como en el exterior, ya que los gases de hidrocarburos presentes, si no se han eliminado, pueden causar incendios, explosiones que pueden amenazar la seguridad de los operadores.<\/p>\r\n<p>Al desgasificar se forman micro-gotas que se deslizan a lo largo de las paredes y se depositan por gravedad en el fondo de la cisterna, cediendo su calor. El residuo aumenta de temperatura y el calor transmitido a las paredes de la cisterna favorece la separaci\u00f3n de los s\u00f3lidos y de los lodos.<\/p>\r\n<p>El movimiento continuo hacia la parte inferior del sistema agua-hidrocarburos, debido a la emisi\u00f3n de vapor desde arriba, permite reducir a cero la concentraci\u00f3n de gases y vapores de hidrocarburos, mientras que la concentraci\u00f3n del vapor aumenta. En este punto, el l\u00edquido residual del fondo puede ser removido sin ning\u00fan tipo de peligro, dejando la cisterna en el nivel de m\u00e1xima seguridad \u201cGAS FREE\u201d.<\/p>\r\n<p>Introducir vapor saturado en cisternas y tanques que contienen residuos l\u00edquidos y gases de hidrocarburos, permite establecer un \u201ccontacto \u00edntimo\u201d entre las part\u00edculas de vapor con las de los residuos de hidrocarburos. En estas condiciones se verifican dos fen\u00f3menos importantes. Uno es el intercambio de energ\u00eda t\u00e9rmica desde el vapor a los residuos de los hidrocarburos causando la condensaci\u00f3n del vapor y el aumento de la temperatura de las sustancias org\u00e1nicas de los hidrocarburos. El otro es a la formaci\u00f3n de soluciones y microemulsiones compuestas de agua e hidrocarburos.<\/p>\r\n<\/div>\r\n<div><br \/>\r\n<p><img loading=\"lazy\" decoding=\"async\" class=\"alignnone wp-image-2643 size-full\" src=\"http:\/\/https:\/\/www.jiproequip.com\/wp-content\/uploads\/2023\/10\/Desgasificador_limpieza_descontaminacion_vapor_saturado_Cristanini_Columbec_06_B.png\" alt=\"\" width=\"454\" height=\"178\" \/><\/p>\r\n<p>&nbsp;<\/p>\r\n<p>El vapor, la respuesta ecol\u00f3gica al problema de la biocorrosi\u00f3n. La biocorrosi\u00f3n o MIC (Corrosi\u00f3n Microbiol\u00f3gica Inducida) es el deterioro de metales (sumergidos, interrados, etc.) causada por la acci\u00f3n de diferentes grupos de microorganismos: frecuentemente bacterias pero tambi\u00e9n hongos, algas, etc. La condensaci\u00f3n que se forma en el interior de los dep\u00f3sitos produce agua sucia y bacterias. Estos microorganismos determinan la formaci\u00f3n de la biomasa, que causa la corrosi\u00f3n de los metales (biocorrosi\u00f3n). Estas biomasas no son solubles en los hidrocarburos, y son incompatibles con la combusti\u00f3n. De hecho, 100 ppm de agua (equivalente a 100 gr. en 1000 kg. de agua) son suficientes para permitir este proceso de deterioro. Para evitar esto, el vapor saturado es la \u00fanica soluci\u00f3n segura y ecol\u00f3gica, ya que permite de eliminar todas las bacterias sin el empleo de productos qu\u00edmicos contaminantes.<\/p>\r\n<p>Adem\u00e1s, el proceso de desgasificaci\u00f3n no debe repetirse nunca. El vapor de agua est\u00e1 dirigido directamente por boquillas especiales para llegar a todas las secciones de la cisterna, penetrando en los poros de la estructura, y permitiendo de disolver, condensar y neutralizar los residuos y los gases de hidrocarburos, eliminando completamente el riesgo de explosiones.<\/p>\r\n<p>El proceso de desgasificaci\u00f3n se lleva a cabo de forma segura. La garant\u00eda est\u00e1 asegurada por los materiales de fabricaci\u00f3n del sistema de desgasificaci\u00f3n, que absolutamente no producen chispas.<\/p>\r\n<p>Si no utiliza este sistema se requiere antes de la limpieza una larga aireaci\u00f3n y ventilaci\u00f3n ya que es esencial que todos los gases del tanque o de la cisterna salgan. Despu\u00e9s entrar\u00e1 en el recinto el operador para las operaciones de lavado y limpieza. Este proceso puede durar algunos d\u00edas con todas las desventajas que produce. El agua fr\u00eda a baja presi\u00f3n es empleada frecuentemente sin garantizar ninguna desinfecci\u00f3n o sanificaci\u00f3n.<\/p>\r\n<p>Desgasificar en lugar de lavar con agua fr\u00eda a baja presi\u00f3n tiene importantes ventajas en t\u00e9rminos de beneficios econ\u00f3micos, log\u00edsticos y de gastos. Por ejemplo, para desgasificar con este equipo una cisterna de 10 m3 solo se necesita 250 litros de agua mientras que utilizando otros sistemas de agua a baja presi\u00f3n, cepillos, etc. Se consume alrededor de 16.000 litros.<\/p>\r\n<p>El proceso de desgasificaci\u00f3n es r\u00e1pido y requiere poca log\u00edstica. Para desgasificar una cisterna de 12 m3 son necesarios 40 minutos con un consumo de agua de 250 litros, suministrada directamente por la red hidr\u00e1ulica. Luego, el filtrado y el tratamiento del agua de descarga contaminada se pueden hacer con dimensiones reducidas, con una reducci\u00f3n importante de los gastos. La garant\u00eda del resultado de la desgasificaci\u00f3n es absoluta. Las pruebas realizadas con el detector de gas siempre han proporcionado resultados de total seguridad.<\/p>\r\n<p>Ya hay antecedentes peligrosos por no utilizar un sistema de limpieza y desinfecci\u00f3n en tanques y cisternas de productos t\u00f3xicos como el 12 de noviembre de 2014 en IQUITOS \u2013 PERU siete marinos y t\u00e9cnicos fallecen por asfixia durante el mantenimiento de una cisterna de combustible.<\/p>\r\n<\/div>\r\n<\/div>\r\n<\/div>\r\n<\/div>\r\n<\/div>\r\n<\/div>\r\n<\/div>\r\n<\/div>\r\n<\/div>\r\n<\/div>\r\n<\/div>\r\n<\/div>\r\n<\/div>","protected":false},"excerpt":{"rendered":"<p>Desgasificador, limpieza y descontaminaci\u00f3n por vapor saturado Los gases y vapores de hidrocarburos, siendo m\u00e1s pesados que el aire, tienden a depositarse en el fondo de los contenedores sin mezclarse con la atm\u00f3sfera circunstante. En una cisterna o en un tanque, es necesario lograr el nivel de \u201cGAS FREE\u00bb para poder realizar cualquier operaci\u00f3n de [&hellip;]<\/p>\n","protected":false},"featured_media":2640,"comment_status":"open","ping_status":"closed","template":"","meta":{"_uag_custom_page_level_css":""},"product_brand":[],"product_cat":[45],"product_tag":[],"class_list":{"0":"post-2637","1":"product","2":"type-product","3":"status-publish","4":"has-post-thumbnail","6":"product_cat-descontaminacion","8":"first","9":"instock","10":"shipping-taxable","11":"product-type-simple"},"yoast_head":"<!-- This site is optimized with the Yoast SEO plugin v25.2 - https:\/\/yoast.com\/wordpress\/plugins\/seo\/ -->\n<title>Desgasificador, limpieza y descontaminaci\u00f3n por vapor saturado - Ji-proequip<\/title>\n<meta name=\"robots\" content=\"index, follow, max-snippet:-1, max-image-preview:large, max-video-preview:-1\" \/>\n<link rel=\"canonical\" href=\"https:\/\/www.jiproequip.com\/index.php\/producto\/desgasificador-limpieza-y-descontaminacion-por-vapor-saturado\/\" \/>\n<meta property=\"og:locale\" content=\"es_ES\" \/>\n<meta property=\"og:type\" content=\"article\" \/>\n<meta property=\"og:title\" content=\"Desgasificador, limpieza y descontaminaci\u00f3n por vapor saturado - Ji-proequip\" \/>\n<meta property=\"og:description\" content=\"Desgasificador, limpieza y descontaminaci\u00f3n por vapor saturado Los gases y vapores de hidrocarburos, siendo m\u00e1s pesados que el aire, tienden a depositarse en el fondo de los contenedores sin mezclarse con la atm\u00f3sfera circunstante. En una cisterna o en un tanque, es necesario lograr el nivel de \u201cGAS FREE\u00bb para poder realizar cualquier operaci\u00f3n de [&hellip;]\" \/>\n<meta property=\"og:url\" content=\"https:\/\/www.jiproequip.com\/index.php\/producto\/desgasificador-limpieza-y-descontaminacion-por-vapor-saturado\/\" \/>\n<meta property=\"og:site_name\" content=\"Ji-proequip\" \/>\n<meta property=\"article:modified_time\" content=\"2023-10-09T00:25:50+00:00\" \/>\n<meta property=\"og:image\" content=\"https:\/\/www.jiproequip.com\/wp-content\/uploads\/2023\/10\/Desgasificador_limpieza_descontaminacion_vapor_saturado_Cristanini_Columbec_04_B.png\" \/>\n\t<meta property=\"og:image:width\" content=\"390\" \/>\n\t<meta property=\"og:image:height\" content=\"258\" \/>\n\t<meta property=\"og:image:type\" content=\"image\/png\" \/>\n<meta name=\"twitter:card\" content=\"summary_large_image\" \/>\n<meta name=\"twitter:label1\" content=\"Tiempo de lectura\" \/>\n\t<meta name=\"twitter:data1\" content=\"5 minutos\" \/>\n<script type=\"application\/ld+json\" class=\"yoast-schema-graph\">{\"@context\":\"https:\/\/schema.org\",\"@graph\":[{\"@type\":\"WebPage\",\"@id\":\"https:\/\/www.jiproequip.com\/index.php\/producto\/desgasificador-limpieza-y-descontaminacion-por-vapor-saturado\/\",\"url\":\"https:\/\/www.jiproequip.com\/index.php\/producto\/desgasificador-limpieza-y-descontaminacion-por-vapor-saturado\/\",\"name\":\"Desgasificador, limpieza y descontaminaci\u00f3n por vapor saturado - Ji-proequip\",\"isPartOf\":{\"@id\":\"https:\/\/www.jiproequip.com\/#website\"},\"primaryImageOfPage\":{\"@id\":\"https:\/\/www.jiproequip.com\/index.php\/producto\/desgasificador-limpieza-y-descontaminacion-por-vapor-saturado\/#primaryimage\"},\"image\":{\"@id\":\"https:\/\/www.jiproequip.com\/index.php\/producto\/desgasificador-limpieza-y-descontaminacion-por-vapor-saturado\/#primaryimage\"},\"thumbnailUrl\":\"https:\/\/www.jiproequip.com\/wp-content\/uploads\/2023\/10\/Desgasificador_limpieza_descontaminacion_vapor_saturado_Cristanini_Columbec_04_B.png\",\"datePublished\":\"2023-10-09T00:08:35+00:00\",\"dateModified\":\"2023-10-09T00:25:50+00:00\",\"breadcrumb\":{\"@id\":\"https:\/\/www.jiproequip.com\/index.php\/producto\/desgasificador-limpieza-y-descontaminacion-por-vapor-saturado\/#breadcrumb\"},\"inLanguage\":\"es\",\"potentialAction\":[{\"@type\":\"ReadAction\",\"target\":[\"https:\/\/www.jiproequip.com\/index.php\/producto\/desgasificador-limpieza-y-descontaminacion-por-vapor-saturado\/\"]}]},{\"@type\":\"ImageObject\",\"inLanguage\":\"es\",\"@id\":\"https:\/\/www.jiproequip.com\/index.php\/producto\/desgasificador-limpieza-y-descontaminacion-por-vapor-saturado\/#primaryimage\",\"url\":\"https:\/\/www.jiproequip.com\/wp-content\/uploads\/2023\/10\/Desgasificador_limpieza_descontaminacion_vapor_saturado_Cristanini_Columbec_04_B.png\",\"contentUrl\":\"https:\/\/www.jiproequip.com\/wp-content\/uploads\/2023\/10\/Desgasificador_limpieza_descontaminacion_vapor_saturado_Cristanini_Columbec_04_B.png\",\"width\":390,\"height\":258},{\"@type\":\"BreadcrumbList\",\"@id\":\"https:\/\/www.jiproequip.com\/index.php\/producto\/desgasificador-limpieza-y-descontaminacion-por-vapor-saturado\/#breadcrumb\",\"itemListElement\":[{\"@type\":\"ListItem\",\"position\":1,\"name\":\"Home\",\"item\":\"https:\/\/www.jiproequip.com\/\"},{\"@type\":\"ListItem\",\"position\":2,\"name\":\"Tienda\",\"item\":\"https:\/\/www.jiproequip.com\/index.php\/tienda\/\"},{\"@type\":\"ListItem\",\"position\":3,\"name\":\"Desgasificador, limpieza y descontaminaci\u00f3n por vapor saturado\"}]},{\"@type\":\"WebSite\",\"@id\":\"https:\/\/www.jiproequip.com\/#website\",\"url\":\"https:\/\/www.jiproequip.com\/\",\"name\":\"Ji-proequip\",\"description\":\"Venta de equipos industriales con servicio t\u00e9cnico especializado\",\"publisher\":{\"@id\":\"https:\/\/www.jiproequip.com\/#organization\"},\"potentialAction\":[{\"@type\":\"SearchAction\",\"target\":{\"@type\":\"EntryPoint\",\"urlTemplate\":\"https:\/\/www.jiproequip.com\/?s={search_term_string}\"},\"query-input\":{\"@type\":\"PropertyValueSpecification\",\"valueRequired\":true,\"valueName\":\"search_term_string\"}}],\"inLanguage\":\"es\"},{\"@type\":\"Organization\",\"@id\":\"https:\/\/www.jiproequip.com\/#organization\",\"name\":\"Ji-proequip\",\"url\":\"https:\/\/www.jiproequip.com\/\",\"logo\":{\"@type\":\"ImageObject\",\"inLanguage\":\"es\",\"@id\":\"https:\/\/www.jiproequip.com\/#\/schema\/logo\/image\/\",\"url\":\"https:\/\/www.jiproequip.com\/wp-content\/uploads\/2025\/06\/LOGO-JIproequip-2025.png\",\"contentUrl\":\"https:\/\/www.jiproequip.com\/wp-content\/uploads\/2025\/06\/LOGO-JIproequip-2025.png\",\"width\":2433,\"height\":596,\"caption\":\"Ji-proequip\"},\"image\":{\"@id\":\"https:\/\/www.jiproequip.com\/#\/schema\/logo\/image\/\"}}]}<\/script>\n<!-- \/ Yoast SEO plugin. -->","yoast_head_json":{"title":"Desgasificador, limpieza y descontaminaci\u00f3n por vapor saturado - Ji-proequip","robots":{"index":"index","follow":"follow","max-snippet":"max-snippet:-1","max-image-preview":"max-image-preview:large","max-video-preview":"max-video-preview:-1"},"canonical":"https:\/\/www.jiproequip.com\/index.php\/producto\/desgasificador-limpieza-y-descontaminacion-por-vapor-saturado\/","og_locale":"es_ES","og_type":"article","og_title":"Desgasificador, limpieza y descontaminaci\u00f3n por vapor saturado - Ji-proequip","og_description":"Desgasificador, limpieza y descontaminaci\u00f3n por vapor saturado Los gases y vapores de hidrocarburos, siendo m\u00e1s pesados que el aire, tienden a depositarse en el fondo de los contenedores sin mezclarse con la atm\u00f3sfera circunstante. En una cisterna o en un tanque, es necesario lograr el nivel de \u201cGAS FREE\u00bb para poder realizar cualquier operaci\u00f3n de [&hellip;]","og_url":"https:\/\/www.jiproequip.com\/index.php\/producto\/desgasificador-limpieza-y-descontaminacion-por-vapor-saturado\/","og_site_name":"Ji-proequip","article_modified_time":"2023-10-09T00:25:50+00:00","og_image":[{"width":390,"height":258,"url":"https:\/\/www.jiproequip.com\/wp-content\/uploads\/2023\/10\/Desgasificador_limpieza_descontaminacion_vapor_saturado_Cristanini_Columbec_04_B.png","type":"image\/png"}],"twitter_card":"summary_large_image","twitter_misc":{"Tiempo de lectura":"5 minutos"},"schema":{"@context":"https:\/\/schema.org","@graph":[{"@type":"WebPage","@id":"https:\/\/www.jiproequip.com\/index.php\/producto\/desgasificador-limpieza-y-descontaminacion-por-vapor-saturado\/","url":"https:\/\/www.jiproequip.com\/index.php\/producto\/desgasificador-limpieza-y-descontaminacion-por-vapor-saturado\/","name":"Desgasificador, limpieza y descontaminaci\u00f3n por vapor saturado - Ji-proequip","isPartOf":{"@id":"https:\/\/www.jiproequip.com\/#website"},"primaryImageOfPage":{"@id":"https:\/\/www.jiproequip.com\/index.php\/producto\/desgasificador-limpieza-y-descontaminacion-por-vapor-saturado\/#primaryimage"},"image":{"@id":"https:\/\/www.jiproequip.com\/index.php\/producto\/desgasificador-limpieza-y-descontaminacion-por-vapor-saturado\/#primaryimage"},"thumbnailUrl":"https:\/\/www.jiproequip.com\/wp-content\/uploads\/2023\/10\/Desgasificador_limpieza_descontaminacion_vapor_saturado_Cristanini_Columbec_04_B.png","datePublished":"2023-10-09T00:08:35+00:00","dateModified":"2023-10-09T00:25:50+00:00","breadcrumb":{"@id":"https:\/\/www.jiproequip.com\/index.php\/producto\/desgasificador-limpieza-y-descontaminacion-por-vapor-saturado\/#breadcrumb"},"inLanguage":"es","potentialAction":[{"@type":"ReadAction","target":["https:\/\/www.jiproequip.com\/index.php\/producto\/desgasificador-limpieza-y-descontaminacion-por-vapor-saturado\/"]}]},{"@type":"ImageObject","inLanguage":"es","@id":"https:\/\/www.jiproequip.com\/index.php\/producto\/desgasificador-limpieza-y-descontaminacion-por-vapor-saturado\/#primaryimage","url":"https:\/\/www.jiproequip.com\/wp-content\/uploads\/2023\/10\/Desgasificador_limpieza_descontaminacion_vapor_saturado_Cristanini_Columbec_04_B.png","contentUrl":"https:\/\/www.jiproequip.com\/wp-content\/uploads\/2023\/10\/Desgasificador_limpieza_descontaminacion_vapor_saturado_Cristanini_Columbec_04_B.png","width":390,"height":258},{"@type":"BreadcrumbList","@id":"https:\/\/www.jiproequip.com\/index.php\/producto\/desgasificador-limpieza-y-descontaminacion-por-vapor-saturado\/#breadcrumb","itemListElement":[{"@type":"ListItem","position":1,"name":"Home","item":"https:\/\/www.jiproequip.com\/"},{"@type":"ListItem","position":2,"name":"Tienda","item":"https:\/\/www.jiproequip.com\/index.php\/tienda\/"},{"@type":"ListItem","position":3,"name":"Desgasificador, limpieza y descontaminaci\u00f3n por vapor saturado"}]},{"@type":"WebSite","@id":"https:\/\/www.jiproequip.com\/#website","url":"https:\/\/www.jiproequip.com\/","name":"Ji-proequip","description":"Venta de equipos industriales con servicio t\u00e9cnico especializado","publisher":{"@id":"https:\/\/www.jiproequip.com\/#organization"},"potentialAction":[{"@type":"SearchAction","target":{"@type":"EntryPoint","urlTemplate":"https:\/\/www.jiproequip.com\/?s={search_term_string}"},"query-input":{"@type":"PropertyValueSpecification","valueRequired":true,"valueName":"search_term_string"}}],"inLanguage":"es"},{"@type":"Organization","@id":"https:\/\/www.jiproequip.com\/#organization","name":"Ji-proequip","url":"https:\/\/www.jiproequip.com\/","logo":{"@type":"ImageObject","inLanguage":"es","@id":"https:\/\/www.jiproequip.com\/#\/schema\/logo\/image\/","url":"https:\/\/www.jiproequip.com\/wp-content\/uploads\/2025\/06\/LOGO-JIproequip-2025.png","contentUrl":"https:\/\/www.jiproequip.com\/wp-content\/uploads\/2025\/06\/LOGO-JIproequip-2025.png","width":2433,"height":596,"caption":"Ji-proequip"},"image":{"@id":"https:\/\/www.jiproequip.com\/#\/schema\/logo\/image\/"}}]}},"uagb_featured_image_src":{"full":["https:\/\/www.jiproequip.com\/wp-content\/uploads\/2023\/10\/Desgasificador_limpieza_descontaminacion_vapor_saturado_Cristanini_Columbec_04_B.png",390,258,false],"thumbnail":["https:\/\/www.jiproequip.com\/wp-content\/uploads\/2023\/10\/Desgasificador_limpieza_descontaminacion_vapor_saturado_Cristanini_Columbec_04_B.png",150,99,false],"medium":["https:\/\/www.jiproequip.com\/wp-content\/uploads\/2023\/10\/Desgasificador_limpieza_descontaminacion_vapor_saturado_Cristanini_Columbec_04_B.png",300,198,false],"medium_large":["https:\/\/www.jiproequip.com\/wp-content\/uploads\/2023\/10\/Desgasificador_limpieza_descontaminacion_vapor_saturado_Cristanini_Columbec_04_B.png",390,258,false],"large":["https:\/\/www.jiproequip.com\/wp-content\/uploads\/2023\/10\/Desgasificador_limpieza_descontaminacion_vapor_saturado_Cristanini_Columbec_04_B.png",390,258,false],"1536x1536":["https:\/\/www.jiproequip.com\/wp-content\/uploads\/2023\/10\/Desgasificador_limpieza_descontaminacion_vapor_saturado_Cristanini_Columbec_04_B.png",390,258,false],"2048x2048":["https:\/\/www.jiproequip.com\/wp-content\/uploads\/2023\/10\/Desgasificador_limpieza_descontaminacion_vapor_saturado_Cristanini_Columbec_04_B.png",390,258,false],"mailpoet_newsletter_max":["https:\/\/www.jiproequip.com\/wp-content\/uploads\/2023\/10\/Desgasificador_limpieza_descontaminacion_vapor_saturado_Cristanini_Columbec_04_B.png",390,258,false],"woocommerce_thumbnail":["https:\/\/www.jiproequip.com\/wp-content\/uploads\/2023\/10\/Desgasificador_limpieza_descontaminacion_vapor_saturado_Cristanini_Columbec_04_B.png",300,198,false],"woocommerce_single":["https:\/\/www.jiproequip.com\/wp-content\/uploads\/2023\/10\/Desgasificador_limpieza_descontaminacion_vapor_saturado_Cristanini_Columbec_04_B.png",390,258,false],"woocommerce_gallery_thumbnail":["https:\/\/www.jiproequip.com\/wp-content\/uploads\/2023\/10\/Desgasificador_limpieza_descontaminacion_vapor_saturado_Cristanini_Columbec_04_B-100x100.png",100,100,true]},"uagb_author_info":{"display_name":"admin_jiproeq","author_link":"https:\/\/www.jiproequip.com\/index.php\/author\/"},"uagb_comment_info":0,"uagb_excerpt":"Desgasificador, limpieza y descontaminaci\u00f3n por vapor saturado Los gases y vapores de hidrocarburos, siendo m\u00e1s pesados que el aire, tienden a depositarse en el fondo de los contenedores sin mezclarse con la atm\u00f3sfera circunstante. En una cisterna o en un tanque, es necesario lograr el nivel de \u201cGAS FREE\u00bb para poder realizar cualquier operaci\u00f3n de&hellip;","jetpack_sharing_enabled":true,"_links":{"self":[{"href":"https:\/\/www.jiproequip.com\/index.php\/wp-json\/wp\/v2\/product\/2637","targetHints":{"allow":["GET"]}}],"collection":[{"href":"https:\/\/www.jiproequip.com\/index.php\/wp-json\/wp\/v2\/product"}],"about":[{"href":"https:\/\/www.jiproequip.com\/index.php\/wp-json\/wp\/v2\/types\/product"}],"replies":[{"embeddable":true,"href":"https:\/\/www.jiproequip.com\/index.php\/wp-json\/wp\/v2\/comments?post=2637"}],"wp:featuredmedia":[{"embeddable":true,"href":"https:\/\/www.jiproequip.com\/index.php\/wp-json\/wp\/v2\/media\/2640"}],"wp:attachment":[{"href":"https:\/\/www.jiproequip.com\/index.php\/wp-json\/wp\/v2\/media?parent=2637"}],"wp:term":[{"taxonomy":"product_brand","embeddable":true,"href":"https:\/\/www.jiproequip.com\/index.php\/wp-json\/wp\/v2\/product_brand?post=2637"},{"taxonomy":"product_cat","embeddable":true,"href":"https:\/\/www.jiproequip.com\/index.php\/wp-json\/wp\/v2\/product_cat?post=2637"},{"taxonomy":"product_tag","embeddable":true,"href":"https:\/\/www.jiproequip.com\/index.php\/wp-json\/wp\/v2\/product_tag?post=2637"}],"curies":[{"name":"wp","href":"https:\/\/api.w.org\/{rel}","templated":true}]}}