{"id":2650,"date":"2023-10-08T19:27:10","date_gmt":"2023-10-09T00:27:10","guid":{"rendered":"https:\/\/www.jiproequip.com\/?post_type=product&#038;p=2650"},"modified":"2023-10-08T19:30:44","modified_gmt":"2023-10-09T00:30:44","slug":"limpiador-de-arrastre-para-colectores-o-alcantarillas","status":"publish","type":"product","link":"https:\/\/www.jiproequip.com\/index.php\/producto\/limpiador-de-arrastre-para-colectores-o-alcantarillas\/","title":{"rendered":"Limpiador de arrastre para colectores o alcantarillas"},"content":{"rendered":"<div class=\"wp-block-stackable-column stk-block-column stk-column stk-block stk-a42bbec\" data-v=\"4\" data-block-id=\"a42bbec\">\r\n<div class=\"stk-column-wrapper stk-block-column__content stk-container stk-a42bbec-container stk--no-background stk--no-padding\">\r\n<div class=\"stk-block-content stk-inner-blocks stk-a42bbec-inner-blocks\"><div class=\"wp-block-stackable-carousel stk-block-carousel stk--is-slide stk--arrows-justify-space-between stk--arrows-align-center stk-block stk-6d5b6f7\" data-slides-to-show=\"\" data-block-id=\"6d5b6f7\">\r\n<div class=\"stk-block-carousel__content-wrapper\">\r\n<div class=\"stk-row stk-inner-blocks stk-block-content stk-block-carousel__slider-wrapper stk-content-align stk-6d5b6f7-column\">\r\n<div class=\"stk-block-carousel__slider\" role=\"list\" data-autoplay=\"4000\" data-label-slide-of=\"Slide %%d of %%d\"><div class=\"wp-block-stackable-column stk-block-column stk-column stk-block stk-5a69e44\" data-v=\"4\" data-block-id=\"5a69e44\">\r\n<div class=\"stk-column-wrapper stk-block-column__content stk-container stk-5a69e44-container stk--no-background stk--no-padding\">\r\n<div class=\"stk-block-content stk-inner-blocks stk-5a69e44-inner-blocks\"><div class=\"wp-block-stackable-image stk-block-image stk-block stk-64219fc\" data-block-id=\"64219fc\">\r\n<figure class=\"stk-img-wrapper stk-image--shape-stretch\"><img loading=\"lazy\" decoding=\"async\" class=\"stk-img                                                         alignnone wp-image-2651 size-full\" src=\"http:\/\/https:\/\/www.jiproequip.com\/wp-content\/uploads\/2023\/10\/limpiador_alcantarilla_columbec_B.png\" alt=\"\" width=\"1023\" height=\"211\" \/><\/figure>\r\n<\/div><\/div>\r\n<\/div>\r\n<\/div><\/div>\r\n<\/div>\r\n<\/div>\r\n<\/div><\/div>\r\n<\/div>\r\n<\/div><div class=\"wp-block-stackable-column stk-block-column stk-column stk-block stk-776f52c\" data-v=\"4\" data-block-id=\"776f52c\">\r\n<div class=\"stk-column-wrapper stk-block-column__content stk-container stk-776f52c-container stk--no-background stk--no-padding\">\r\n<div class=\"stk-block-content stk-inner-blocks stk-776f52c-inner-blocks\"><div id=\"unidad-trifasica-de-lavado-de-alta-presion-de-agua-fria-a-2175-p-s-i\" class=\"wp-block-stackable-heading stk-block-heading stk-block-heading--v2 stk-block stk-6ead452 stk-block-background\" data-block-id=\"6ead452\">\r\n<div class=\"pl_i2t\">\r\n<div class=\"pl_i2t\">\r\n<div class=\"pl_i2t\">\r\n<div class=\"pl_i2t\">\r\n<div class=\"pl_i2t\">\r\n<div class=\"pl_i2t\">\r\n<div class=\"pl_i2t\">\r\n<div class=\"pl_i2t\">\r\n<div class=\"pl_i2t\">\r\n<div class=\"pl_i2t\">\r\n<div class=\"pl_i2t\">\r\n<div class=\"pl_i2t\">\r\n<div class=\"pl_i2t\">\r\n<div class=\"pl_i2t\">\r\n<div class=\"pl_i2t\">\r\n<div class=\"pl_i2t\">\r\n<div class=\"pl_i2t\">\r\n<div class=\"pl_i2t\">\r\n<div class=\"pl_i2t\">\r\n<div class=\"pl_i2t\">\r\n<div class=\"pl_i2t\">\r\n<div class=\"pl_i2t\">\r\n<div class=\"pl_i2t\">\r\n<div class=\"pl_i2t\">\r\n<div class=\"pl_i2t\">\r\n<div class=\"pl_i2t\">\r\n<div class=\"pl_i2t\">\r\n<div class=\"pl_i2t\">\r\n<div class=\"pl_i2t\">\r\n<div class=\"pl_i2t\">\r\n<div class=\"pl_i2t\">\r\n<div class=\"pl_i2t\">\r\n<div class=\"pl_i2t\">\r\n<div class=\"pl_i2t\">\r\n<div class=\"pl_i2t\">\r\n<div class=\"pl_i2t\">\r\n<div class=\"pl_i2t\">\r\n<div class=\"pl_i2t\">\r\n<div class=\"pl_i2t\">\r\n<div class=\"pl_i2t\">\r\n<div class=\"pl_i2t\">\r\n<div class=\"pl_i2t\">\r\n<div class=\"pl_i2t\">\r\n<div class=\"pl_i2t\">\r\n<div class=\"pl_i2t\">\r\n<div class=\"pl_i2t\">\r\n<div class=\"pl_i2t\">\r\n<div class=\"pl_i2t\">\r\n<div class=\"pl_i2t\">\r\n<div class=\"pl_i2t\">\r\n<div class=\"pl_i2t\">\r\n<div class=\"pl_i2t\">\r\n<div class=\"pl_i2t\">\r\n<div class=\"pl_i2t\">\r\n<div class=\"pl_i2t\">\r\n<div class=\"pl_i2t\">\r\n<div class=\"pl_i2t\">\r\n<div class=\"pl_i2t\">\r\n<div class=\"pl_i2t\">\r\n<div class=\"pl_i2t\">\r\n<div class=\"pl_i2t\">\r\n<div class=\"pl_i2t\">\r\n<div class=\"pl_i2t\">\r\n<div class=\"pl_i2t\">\r\n<div class=\"pl_i2t\">\r\n<div class=\"pl_i2t\">\r\n<div class=\"pl_i2t\">\r\n<div class=\"pl_i2t\">\r\n<div class=\"pl_i2t\">\r\n<div class=\"pl_i2t\">\r\n<div class=\"pl_i2t\">\r\n<div class=\"pl_i2t\">\r\n<div class=\"pl_i2t\">\r\n<div class=\"pl_i2t\">\r\n<div class=\"pl_i2t\">\r\n<div class=\"pl_i2t\">\r\n<h2>Desgasificador, limpieza y descontaminaci\u00f3n por vapor saturado<\/h2>\r\n<\/div>\r\n<\/div>\r\n<\/div>\r\n<\/div>\r\n<\/div>\r\n<\/div>\r\n<\/div>\r\n<\/div>\r\n<\/div>\r\n<\/div>\r\n<\/div>\r\n<\/div>\r\n<\/div>\r\n<\/div>\r\n<\/div>\r\n<\/div>\r\n<\/div>\r\n<\/div>\r\n<\/div>\r\n<\/div>\r\n<\/div>\r\n<\/div>\r\n<\/div>\r\n<\/div>\r\n<\/div>\r\n<\/div>\r\n<\/div>\r\n<\/div>\r\n<\/div>\r\n<\/div>\r\n<\/div>\r\n<\/div>\r\n<\/div>\r\n<\/div>\r\n<\/div>\r\n<\/div>\r\n<\/div>\r\n<\/div>\r\n<\/div>\r\n<\/div>\r\n<\/div>\r\n<\/div>\r\n<\/div>\r\n<\/div>\r\n<\/div>\r\n<\/div>\r\n<\/div>\r\n<\/div>\r\n<\/div>\r\n<\/div>\r\n<\/div>\r\n<\/div>\r\n<\/div>\r\n<\/div>\r\n<\/div>\r\n<\/div>\r\n<\/div>\r\n<\/div>\r\n<\/div>\r\n<\/div>\r\n<\/div>\r\n<\/div>\r\n<\/div>\r\n<\/div>\r\n<\/div>\r\n<\/div>\r\n<\/div>\r\n<\/div>\r\n<\/div>\r\n<\/div>\r\n<\/div>\r\n<\/div>\r\n<\/div>\r\n<\/div>\r\n<\/div>\r\n<\/div>\r\n<div class=\"pl_i2c\">\r\n<div class=\"pl_i2c\">\r\n<div class=\"pl_i2c\">\r\n<div class=\"pl_i2c\">\r\n<div class=\"pl_i2c\">\r\n<div class=\"pl_i2c\">\r\n<div class=\"pl_i2c\">\r\n<div class=\"pl_i2c\"><br \/>\r\n<div class=\"pl_i2c\">\r\n<p>Existen muchas alternativas para el proceso de limpieza de colectores de alcantarillado, pero el \u00fanico proceso por el cual se logra retirar los sedimentos (arena, ceniza, lodo) es el m\u00e9todo de arrastre con cuchara.<\/p>\r\n<\/div>\r\n<div>\r\n<p>Este proceso permite que una cuchara\/blade especializado al ser arrastrado se consiga retirar estos sedimentos de los colectores.<\/p>\r\n<p>Este equipo presenta m\u00faltiples ventajas, no requiere de un suministro de agua para su operaci\u00f3n, el proceso de limpieza solo recupera o recoge s\u00f3lidos, lo que resulta en un proceso de limpieza m\u00e1s r\u00e1pido.<br \/>Estos sistemas industriales son empleados para la limpieza de derrames de petr\u00f3leos o qu\u00edmicos, al no a\u00f1adir agua el costo de la operaci\u00f3n de limpieza es reducido.<\/p>\r\n<p>Se compone de dos m\u00e1quinas principales, el Descargador y un Arrastrador. El Chassis est\u00e1 construido en perfiles rectangulares, mucho m\u00e1s r\u00edgidos que un perfil C, lo que resulta en una estructura mucho m\u00e1s resistente.<\/p>\r\n<p>Las palas de arrastre para limpieza de colectores son la herramienta mec\u00e1nica m\u00e1s efectiva para retirar grandes cantidades de gravilla, piedras, grasa, ra\u00edces, arena, lodos y otros s\u00f3lidos de una gran variedad de di\u00e1metros de tuber\u00eda. Construidas en un Acero de alta resistencia.<\/p>\r\n<p>En el caso de ductos para el cruce de agua (bajo calles), los sedimentos se pueden raspar para conseguir aliviar los ductos arrastrando los sedimentos hacia uno de los extremos libres del ducto. Este raspador al igual que la pala al ser arrastrado en un sentido se abre para poder atravesar los sedimentos y cuando se arrastra del otro lado se cierra para poder extraer los s\u00f3lidos.<\/p>\r\n<p>Para terminar un trabajo de la Pala de arrastre se emplea el cepillo met\u00e1lico raspador para raspar las paredes del colector. Otra herramienta para retirar ra\u00edces y dep\u00f3sitos impregnados es el cepillo raspador de acero. Son f\u00e1cilmente reemplazables y tienen un mucho mejor desempe\u00f1o que el cepillo met\u00e1lico. Cepillos de este tipo de menores dimensiones se utilizan para destapar ductos.<\/p>\r\n<p>El cableado y el panel de control est\u00e1n dise\u00f1ados seg\u00fan est\u00e1ndar NEMA 4, para garantizar sellado, protecci\u00f3n contra humedad, polvo e ingreso de fluidos.<\/p>\r\n<\/div>\r\n<\/div>\r\n<\/div>\r\n<\/div>\r\n<\/div>\r\n<\/div>\r\n<\/div>\r\n<\/div>\r\n<\/div>\r\n<\/div>\r\n<\/div>\r\n<\/div>\r\n<\/div>","protected":false},"excerpt":{"rendered":"<p>Desgasificador, limpieza y descontaminaci\u00f3n por vapor saturado Existen muchas alternativas para el proceso de limpieza de colectores de alcantarillado, pero el \u00fanico proceso por el cual se logra retirar los sedimentos (arena, ceniza, lodo) es el m\u00e9todo de arrastre con cuchara. Este proceso permite que una cuchara\/blade especializado al ser arrastrado se consiga retirar estos [&hellip;]<\/p>\n","protected":false},"featured_media":2651,"comment_status":"open","ping_status":"closed","template":"","meta":{"_uag_custom_page_level_css":""},"product_brand":[],"product_cat":[45],"product_tag":[],"class_list":{"0":"post-2650","1":"product","2":"type-product","3":"status-publish","4":"has-post-thumbnail","6":"product_cat-descontaminacion","8":"first","9":"instock","10":"shipping-taxable","11":"product-type-simple"},"yoast_head":"<!-- This site is optimized with the Yoast SEO plugin v25.2 - https:\/\/yoast.com\/wordpress\/plugins\/seo\/ -->\n<title>Limpiador de arrastre para colectores o alcantarillas - Ji-proequip<\/title>\n<meta name=\"robots\" content=\"index, follow, max-snippet:-1, max-image-preview:large, max-video-preview:-1\" \/>\n<link rel=\"canonical\" href=\"https:\/\/www.jiproequip.com\/index.php\/producto\/limpiador-de-arrastre-para-colectores-o-alcantarillas\/\" \/>\n<meta property=\"og:locale\" content=\"es_ES\" \/>\n<meta property=\"og:type\" content=\"article\" \/>\n<meta property=\"og:title\" content=\"Limpiador de arrastre para colectores o alcantarillas - Ji-proequip\" \/>\n<meta property=\"og:description\" content=\"Desgasificador, limpieza y descontaminaci\u00f3n por vapor saturado Existen muchas alternativas para el proceso de limpieza de colectores de alcantarillado, pero el \u00fanico proceso por el cual se logra retirar los sedimentos (arena, ceniza, lodo) es el m\u00e9todo de arrastre con cuchara. Este proceso permite que una cuchara\/blade especializado al ser arrastrado se consiga retirar estos [&hellip;]\" \/>\n<meta property=\"og:url\" content=\"https:\/\/www.jiproequip.com\/index.php\/producto\/limpiador-de-arrastre-para-colectores-o-alcantarillas\/\" \/>\n<meta property=\"og:site_name\" content=\"Ji-proequip\" \/>\n<meta property=\"article:modified_time\" content=\"2023-10-09T00:30:44+00:00\" \/>\n<meta property=\"og:image\" content=\"https:\/\/www.jiproequip.com\/wp-content\/uploads\/2023\/10\/limpiador_alcantarilla_columbec_B.png\" \/>\n\t<meta property=\"og:image:width\" content=\"1023\" \/>\n\t<meta property=\"og:image:height\" content=\"211\" \/>\n\t<meta property=\"og:image:type\" content=\"image\/png\" \/>\n<meta name=\"twitter:card\" content=\"summary_large_image\" \/>\n<meta name=\"twitter:label1\" content=\"Tiempo de lectura\" \/>\n\t<meta name=\"twitter:data1\" content=\"2 minutos\" \/>\n<script type=\"application\/ld+json\" class=\"yoast-schema-graph\">{\"@context\":\"https:\/\/schema.org\",\"@graph\":[{\"@type\":\"WebPage\",\"@id\":\"https:\/\/www.jiproequip.com\/index.php\/producto\/limpiador-de-arrastre-para-colectores-o-alcantarillas\/\",\"url\":\"https:\/\/www.jiproequip.com\/index.php\/producto\/limpiador-de-arrastre-para-colectores-o-alcantarillas\/\",\"name\":\"Limpiador de arrastre para colectores o alcantarillas - Ji-proequip\",\"isPartOf\":{\"@id\":\"https:\/\/www.jiproequip.com\/#website\"},\"primaryImageOfPage\":{\"@id\":\"https:\/\/www.jiproequip.com\/index.php\/producto\/limpiador-de-arrastre-para-colectores-o-alcantarillas\/#primaryimage\"},\"image\":{\"@id\":\"https:\/\/www.jiproequip.com\/index.php\/producto\/limpiador-de-arrastre-para-colectores-o-alcantarillas\/#primaryimage\"},\"thumbnailUrl\":\"https:\/\/www.jiproequip.com\/wp-content\/uploads\/2023\/10\/limpiador_alcantarilla_columbec_B.png\",\"datePublished\":\"2023-10-09T00:27:10+00:00\",\"dateModified\":\"2023-10-09T00:30:44+00:00\",\"breadcrumb\":{\"@id\":\"https:\/\/www.jiproequip.com\/index.php\/producto\/limpiador-de-arrastre-para-colectores-o-alcantarillas\/#breadcrumb\"},\"inLanguage\":\"es\",\"potentialAction\":[{\"@type\":\"ReadAction\",\"target\":[\"https:\/\/www.jiproequip.com\/index.php\/producto\/limpiador-de-arrastre-para-colectores-o-alcantarillas\/\"]}]},{\"@type\":\"ImageObject\",\"inLanguage\":\"es\",\"@id\":\"https:\/\/www.jiproequip.com\/index.php\/producto\/limpiador-de-arrastre-para-colectores-o-alcantarillas\/#primaryimage\",\"url\":\"https:\/\/www.jiproequip.com\/wp-content\/uploads\/2023\/10\/limpiador_alcantarilla_columbec_B.png\",\"contentUrl\":\"https:\/\/www.jiproequip.com\/wp-content\/uploads\/2023\/10\/limpiador_alcantarilla_columbec_B.png\",\"width\":1023,\"height\":211},{\"@type\":\"BreadcrumbList\",\"@id\":\"https:\/\/www.jiproequip.com\/index.php\/producto\/limpiador-de-arrastre-para-colectores-o-alcantarillas\/#breadcrumb\",\"itemListElement\":[{\"@type\":\"ListItem\",\"position\":1,\"name\":\"Home\",\"item\":\"https:\/\/www.jiproequip.com\/\"},{\"@type\":\"ListItem\",\"position\":2,\"name\":\"Tienda\",\"item\":\"https:\/\/www.jiproequip.com\/index.php\/tienda\/\"},{\"@type\":\"ListItem\",\"position\":3,\"name\":\"Limpiador de arrastre para colectores o alcantarillas\"}]},{\"@type\":\"WebSite\",\"@id\":\"https:\/\/www.jiproequip.com\/#website\",\"url\":\"https:\/\/www.jiproequip.com\/\",\"name\":\"Ji-proequip\",\"description\":\"Venta de equipos industriales con servicio t\u00e9cnico especializado\",\"publisher\":{\"@id\":\"https:\/\/www.jiproequip.com\/#organization\"},\"potentialAction\":[{\"@type\":\"SearchAction\",\"target\":{\"@type\":\"EntryPoint\",\"urlTemplate\":\"https:\/\/www.jiproequip.com\/?s={search_term_string}\"},\"query-input\":{\"@type\":\"PropertyValueSpecification\",\"valueRequired\":true,\"valueName\":\"search_term_string\"}}],\"inLanguage\":\"es\"},{\"@type\":\"Organization\",\"@id\":\"https:\/\/www.jiproequip.com\/#organization\",\"name\":\"Ji-proequip\",\"url\":\"https:\/\/www.jiproequip.com\/\",\"logo\":{\"@type\":\"ImageObject\",\"inLanguage\":\"es\",\"@id\":\"https:\/\/www.jiproequip.com\/#\/schema\/logo\/image\/\",\"url\":\"https:\/\/www.jiproequip.com\/wp-content\/uploads\/2025\/06\/LOGO-JIproequip-2025.png\",\"contentUrl\":\"https:\/\/www.jiproequip.com\/wp-content\/uploads\/2025\/06\/LOGO-JIproequip-2025.png\",\"width\":2433,\"height\":596,\"caption\":\"Ji-proequip\"},\"image\":{\"@id\":\"https:\/\/www.jiproequip.com\/#\/schema\/logo\/image\/\"}}]}<\/script>\n<!-- \/ Yoast SEO plugin. -->","yoast_head_json":{"title":"Limpiador de arrastre para colectores o alcantarillas - Ji-proequip","robots":{"index":"index","follow":"follow","max-snippet":"max-snippet:-1","max-image-preview":"max-image-preview:large","max-video-preview":"max-video-preview:-1"},"canonical":"https:\/\/www.jiproequip.com\/index.php\/producto\/limpiador-de-arrastre-para-colectores-o-alcantarillas\/","og_locale":"es_ES","og_type":"article","og_title":"Limpiador de arrastre para colectores o alcantarillas - Ji-proequip","og_description":"Desgasificador, limpieza y descontaminaci\u00f3n por vapor saturado Existen muchas alternativas para el proceso de limpieza de colectores de alcantarillado, pero el \u00fanico proceso por el cual se logra retirar los sedimentos (arena, ceniza, lodo) es el m\u00e9todo de arrastre con cuchara. Este proceso permite que una cuchara\/blade especializado al ser arrastrado se consiga retirar estos [&hellip;]","og_url":"https:\/\/www.jiproequip.com\/index.php\/producto\/limpiador-de-arrastre-para-colectores-o-alcantarillas\/","og_site_name":"Ji-proequip","article_modified_time":"2023-10-09T00:30:44+00:00","og_image":[{"width":1023,"height":211,"url":"https:\/\/www.jiproequip.com\/wp-content\/uploads\/2023\/10\/limpiador_alcantarilla_columbec_B.png","type":"image\/png"}],"twitter_card":"summary_large_image","twitter_misc":{"Tiempo de lectura":"2 minutos"},"schema":{"@context":"https:\/\/schema.org","@graph":[{"@type":"WebPage","@id":"https:\/\/www.jiproequip.com\/index.php\/producto\/limpiador-de-arrastre-para-colectores-o-alcantarillas\/","url":"https:\/\/www.jiproequip.com\/index.php\/producto\/limpiador-de-arrastre-para-colectores-o-alcantarillas\/","name":"Limpiador de arrastre para colectores o alcantarillas - Ji-proequip","isPartOf":{"@id":"https:\/\/www.jiproequip.com\/#website"},"primaryImageOfPage":{"@id":"https:\/\/www.jiproequip.com\/index.php\/producto\/limpiador-de-arrastre-para-colectores-o-alcantarillas\/#primaryimage"},"image":{"@id":"https:\/\/www.jiproequip.com\/index.php\/producto\/limpiador-de-arrastre-para-colectores-o-alcantarillas\/#primaryimage"},"thumbnailUrl":"https:\/\/www.jiproequip.com\/wp-content\/uploads\/2023\/10\/limpiador_alcantarilla_columbec_B.png","datePublished":"2023-10-09T00:27:10+00:00","dateModified":"2023-10-09T00:30:44+00:00","breadcrumb":{"@id":"https:\/\/www.jiproequip.com\/index.php\/producto\/limpiador-de-arrastre-para-colectores-o-alcantarillas\/#breadcrumb"},"inLanguage":"es","potentialAction":[{"@type":"ReadAction","target":["https:\/\/www.jiproequip.com\/index.php\/producto\/limpiador-de-arrastre-para-colectores-o-alcantarillas\/"]}]},{"@type":"ImageObject","inLanguage":"es","@id":"https:\/\/www.jiproequip.com\/index.php\/producto\/limpiador-de-arrastre-para-colectores-o-alcantarillas\/#primaryimage","url":"https:\/\/www.jiproequip.com\/wp-content\/uploads\/2023\/10\/limpiador_alcantarilla_columbec_B.png","contentUrl":"https:\/\/www.jiproequip.com\/wp-content\/uploads\/2023\/10\/limpiador_alcantarilla_columbec_B.png","width":1023,"height":211},{"@type":"BreadcrumbList","@id":"https:\/\/www.jiproequip.com\/index.php\/producto\/limpiador-de-arrastre-para-colectores-o-alcantarillas\/#breadcrumb","itemListElement":[{"@type":"ListItem","position":1,"name":"Home","item":"https:\/\/www.jiproequip.com\/"},{"@type":"ListItem","position":2,"name":"Tienda","item":"https:\/\/www.jiproequip.com\/index.php\/tienda\/"},{"@type":"ListItem","position":3,"name":"Limpiador de arrastre para colectores o alcantarillas"}]},{"@type":"WebSite","@id":"https:\/\/www.jiproequip.com\/#website","url":"https:\/\/www.jiproequip.com\/","name":"Ji-proequip","description":"Venta de equipos industriales con servicio t\u00e9cnico especializado","publisher":{"@id":"https:\/\/www.jiproequip.com\/#organization"},"potentialAction":[{"@type":"SearchAction","target":{"@type":"EntryPoint","urlTemplate":"https:\/\/www.jiproequip.com\/?s={search_term_string}"},"query-input":{"@type":"PropertyValueSpecification","valueRequired":true,"valueName":"search_term_string"}}],"inLanguage":"es"},{"@type":"Organization","@id":"https:\/\/www.jiproequip.com\/#organization","name":"Ji-proequip","url":"https:\/\/www.jiproequip.com\/","logo":{"@type":"ImageObject","inLanguage":"es","@id":"https:\/\/www.jiproequip.com\/#\/schema\/logo\/image\/","url":"https:\/\/www.jiproequip.com\/wp-content\/uploads\/2025\/06\/LOGO-JIproequip-2025.png","contentUrl":"https:\/\/www.jiproequip.com\/wp-content\/uploads\/2025\/06\/LOGO-JIproequip-2025.png","width":2433,"height":596,"caption":"Ji-proequip"},"image":{"@id":"https:\/\/www.jiproequip.com\/#\/schema\/logo\/image\/"}}]}},"uagb_featured_image_src":{"full":["https:\/\/www.jiproequip.com\/wp-content\/uploads\/2023\/10\/limpiador_alcantarilla_columbec_B.png",1023,211,false],"thumbnail":["https:\/\/www.jiproequip.com\/wp-content\/uploads\/2023\/10\/limpiador_alcantarilla_columbec_B.png",150,31,false],"medium":["https:\/\/www.jiproequip.com\/wp-content\/uploads\/2023\/10\/limpiador_alcantarilla_columbec_B.png",300,62,false],"medium_large":["https:\/\/www.jiproequip.com\/wp-content\/uploads\/2023\/10\/limpiador_alcantarilla_columbec_B.png",768,158,false],"large":["https:\/\/www.jiproequip.com\/wp-content\/uploads\/2023\/10\/limpiador_alcantarilla_columbec_B.png",1023,211,false],"1536x1536":["https:\/\/www.jiproequip.com\/wp-content\/uploads\/2023\/10\/limpiador_alcantarilla_columbec_B.png",1023,211,false],"2048x2048":["https:\/\/www.jiproequip.com\/wp-content\/uploads\/2023\/10\/limpiador_alcantarilla_columbec_B.png",1023,211,false],"mailpoet_newsletter_max":["https:\/\/www.jiproequip.com\/wp-content\/uploads\/2023\/10\/limpiador_alcantarilla_columbec_B.png",1023,211,false],"woocommerce_thumbnail":["https:\/\/www.jiproequip.com\/wp-content\/uploads\/2023\/10\/limpiador_alcantarilla_columbec_B.png",300,62,false],"woocommerce_single":["https:\/\/www.jiproequip.com\/wp-content\/uploads\/2023\/10\/limpiador_alcantarilla_columbec_B.png",600,124,false],"woocommerce_gallery_thumbnail":["https:\/\/www.jiproequip.com\/wp-content\/uploads\/2023\/10\/limpiador_alcantarilla_columbec_B-100x100.png",100,100,true]},"uagb_author_info":{"display_name":"admin_jiproeq","author_link":"https:\/\/www.jiproequip.com\/index.php\/author\/"},"uagb_comment_info":0,"uagb_excerpt":"Desgasificador, limpieza y descontaminaci\u00f3n por vapor saturado Existen muchas alternativas para el proceso de limpieza de colectores de alcantarillado, pero el \u00fanico proceso por el cual se logra retirar los sedimentos (arena, ceniza, lodo) es el m\u00e9todo de arrastre con cuchara. Este proceso permite que una cuchara\/blade especializado al ser arrastrado se consiga retirar estos&hellip;","jetpack_sharing_enabled":true,"_links":{"self":[{"href":"https:\/\/www.jiproequip.com\/index.php\/wp-json\/wp\/v2\/product\/2650","targetHints":{"allow":["GET"]}}],"collection":[{"href":"https:\/\/www.jiproequip.com\/index.php\/wp-json\/wp\/v2\/product"}],"about":[{"href":"https:\/\/www.jiproequip.com\/index.php\/wp-json\/wp\/v2\/types\/product"}],"replies":[{"embeddable":true,"href":"https:\/\/www.jiproequip.com\/index.php\/wp-json\/wp\/v2\/comments?post=2650"}],"wp:featuredmedia":[{"embeddable":true,"href":"https:\/\/www.jiproequip.com\/index.php\/wp-json\/wp\/v2\/media\/2651"}],"wp:attachment":[{"href":"https:\/\/www.jiproequip.com\/index.php\/wp-json\/wp\/v2\/media?parent=2650"}],"wp:term":[{"taxonomy":"product_brand","embeddable":true,"href":"https:\/\/www.jiproequip.com\/index.php\/wp-json\/wp\/v2\/product_brand?post=2650"},{"taxonomy":"product_cat","embeddable":true,"href":"https:\/\/www.jiproequip.com\/index.php\/wp-json\/wp\/v2\/product_cat?post=2650"},{"taxonomy":"product_tag","embeddable":true,"href":"https:\/\/www.jiproequip.com\/index.php\/wp-json\/wp\/v2\/product_tag?post=2650"}],"curies":[{"name":"wp","href":"https:\/\/api.w.org\/{rel}","templated":true}]}}