{"id":2955,"date":"2023-10-18T19:38:10","date_gmt":"2023-10-19T00:38:10","guid":{"rendered":"https:\/\/www.jiproequip.com\/?post_type=product&#038;p=2955"},"modified":"2023-10-18T19:49:06","modified_gmt":"2023-10-19T00:49:06","slug":"equipo-rociado-pintura-hidraulico-exterior-interior","status":"publish","type":"product","link":"https:\/\/www.jiproequip.com\/index.php\/producto\/equipo-rociado-pintura-hidraulico-exterior-interior\/","title":{"rendered":"Equipo rociado de pintura hidr\u00e1ulico para exterior e interior"},"content":{"rendered":"<div class=\"wp-block-stackable-column stk-block-column stk-column stk-block stk-a42bbec\" data-v=\"4\" data-block-id=\"a42bbec\">\r\n<div class=\"stk-column-wrapper stk-block-column__content stk-container stk-a42bbec-container stk--no-background stk--no-padding\">\r\n<div class=\"stk-block-content stk-inner-blocks stk-a42bbec-inner-blocks\"><div class=\"wp-block-stackable-carousel stk-block-carousel stk--is-slide stk--arrows-justify-space-between stk--arrows-align-center stk-block stk-6d5b6f7\" data-slides-to-show=\"\" data-block-id=\"6d5b6f7\">\r\n<div class=\"stk-block-carousel__content-wrapper\">\r\n<div class=\"stk-row stk-inner-blocks stk-block-content stk-block-carousel__slider-wrapper stk-content-align stk-6d5b6f7-column\">\r\n<div class=\"stk-block-carousel__slider\" role=\"list\" data-autoplay=\"4000\" data-label-slide-of=\"Slide %%d of %%d\"><div class=\"wp-block-stackable-column stk-block-column stk-column stk-block stk-5a69e44\" data-v=\"4\" data-block-id=\"5a69e44\">\r\n<div class=\"stk-column-wrapper stk-block-column__content stk-container stk-5a69e44-container stk--no-background stk--no-padding\">\r\n<div class=\"stk-block-content stk-inner-blocks stk-5a69e44-inner-blocks\"><div class=\"wp-block-stackable-image stk-block-image stk-block stk-64219fc\" data-block-id=\"64219fc\">\r\n<figure class=\"stk-img-wrapper stk-image--shape-stretch\"><img loading=\"lazy\" decoding=\"async\" class=\"stk-img                                                          alignnone wp-image-2958 \" src=\"http:\/\/https:\/\/www.jiproequip.com\/wp-content\/uploads\/2023\/10\/Equipo_rociado_pintura_hidraulico_exterior_interior_Graco_Columbec_02_B.png\" alt=\"\" width=\"390\" height=\"365\" \/><\/figure>\r\n<\/div><\/div>\r\n<\/div>\r\n<\/div><\/div>\r\n<\/div>\r\n<\/div>\r\n<\/div><\/div>\r\n<\/div>\r\n<\/div><div class=\"wp-block-stackable-column stk-block-column stk-column stk-block stk-776f52c\" data-v=\"4\" data-block-id=\"776f52c\">\r\n<div class=\"stk-column-wrapper stk-block-column__content stk-container stk-776f52c-container stk--no-background stk--no-padding\">\r\n<div class=\"stk-block-content stk-inner-blocks stk-776f52c-inner-blocks\"><div id=\"unidad-trifasica-de-lavado-de-alta-presion-de-agua-fria-a-2175-p-s-i\" class=\"wp-block-stackable-heading stk-block-heading stk-block-heading--v2 stk-block stk-6ead452 stk-block-background\" data-block-id=\"6ead452\">\r\n<div class=\"pl_i2t\">\r\n<div class=\"pl_i2t\">\r\n<div class=\"pl_i2t\">\r\n<div class=\"pl_i2t\">\r\n<div class=\"pl_i2t\">\r\n<div class=\"pl_i2t\">\r\n<div class=\"pl_i2t\">\r\n<div class=\"pl_i2t\">\r\n<div class=\"pl_i2t\">\r\n<div class=\"pl_i2t\">\r\n<div class=\"pl_i2t\">\r\n<div class=\"pl_i2t\">\r\n<div class=\"pl_i2t\">\r\n<div class=\"pl_i2t\">\r\n<div class=\"pl_i2t\">\r\n<div class=\"pl_i2t\">\r\n<div class=\"pl_i2t\">\r\n<div class=\"pl_i2t\">\r\n<div class=\"pl_i2t\">\r\n<div class=\"pl_i2t\">\r\n<div class=\"pl_i2t\">\r\n<div class=\"pl_i2t\">\r\n<div class=\"pl_i2t\">\r\n<div class=\"pl_i2t\">\r\n<div class=\"pl_i2t\">\r\n<div class=\"pl_i2t\">\r\n<div class=\"pl_i2t\">\r\n<div class=\"pl_i2t\">\r\n<div class=\"pl_i2t\">\r\n<div class=\"pl_i2t\">\r\n<div class=\"pl_i2t\">\r\n<div class=\"pl_i2t\">\r\n<div class=\"pl_i2t\">\r\n<div class=\"pl_i2t\">\r\n<div class=\"pl_i2t\">\r\n<div class=\"pl_i2t\">\r\n<div class=\"pl_i2t\">\r\n<div class=\"pl_i2t\">\r\n<div class=\"pl_i2t\">\r\n<div class=\"pl_i2t\">\r\n<div class=\"pl_i2t\">\r\n<div class=\"pl_i2t\">\r\n<div class=\"pl_i2t\">\r\n<div class=\"pl_i2t\">\r\n<div class=\"pl_i2t\">\r\n<div class=\"pl_i2t\">\r\n<div class=\"pl_i2t\">\r\n<div class=\"pl_i2t\">\r\n<div class=\"pl_i2t\">\r\n<div class=\"pl_i2t\">\r\n<div class=\"pl_i2t\">\r\n<div class=\"pl_i2t\">\r\n<div class=\"pl_i2t\">\r\n<div class=\"pl_i2t\">\r\n<div class=\"pl_i2t\">\r\n<div class=\"pl_i2t\">\r\n<div class=\"pl_i2t\">\r\n<div class=\"pl_i2t\">\r\n<div class=\"pl_i2t\">\r\n<div class=\"pl_i2t\">\r\n<div class=\"pl_i2t\">\r\n<div class=\"pl_i2t\">\r\n<div class=\"pl_i2t\">\r\n<div class=\"pl_i2t\">\r\n<div class=\"pl_i2t\">\r\n<div class=\"pl_i2t\">\r\n<div class=\"pl_i2t\">\r\n<div class=\"pl_i2t\">\r\n<div class=\"pl_i2t\">\r\n<div class=\"pl_i2t\">\r\n<div class=\"pl_i2t\">\r\n<div class=\"pl_i2t\">\r\n<div class=\"pl_i2t\">\r\n<div class=\"pl_i2t\">\r\n<div class=\"pl_i2t\">\r\n<div class=\"pl_i2t\">\r\n<div class=\"pl_i2t\">\r\n<div class=\"pl_i2t\">\r\n<div class=\"pl_i2t\">\r\n<div class=\"pl_i2t\">\r\n<h2>Equipo rociado de pintura hidr\u00e1ulico para exterior e interior<\/h2>\r\n<\/div>\r\n<\/div>\r\n<\/div>\r\n<\/div>\r\n<\/div>\r\n<\/div>\r\n<\/div>\r\n<\/div>\r\n<\/div>\r\n<\/div>\r\n<\/div>\r\n<\/div>\r\n<\/div>\r\n<\/div>\r\n<\/div>\r\n<\/div>\r\n<\/div>\r\n<\/div>\r\n<\/div>\r\n<\/div>\r\n<\/div>\r\n<\/div>\r\n<\/div>\r\n<\/div>\r\n<\/div>\r\n<\/div>\r\n<\/div>\r\n<\/div>\r\n<\/div>\r\n<\/div>\r\n<\/div>\r\n<\/div>\r\n<\/div>\r\n<\/div>\r\n<\/div>\r\n<\/div>\r\n<\/div>\r\n<\/div>\r\n<\/div>\r\n<\/div>\r\n<\/div>\r\n<\/div>\r\n<\/div>\r\n<\/div>\r\n<\/div>\r\n<\/div>\r\n<\/div>\r\n<\/div>\r\n<\/div>\r\n<\/div>\r\n<\/div>\r\n<\/div>\r\n<\/div>\r\n<\/div>\r\n<\/div>\r\n<\/div>\r\n<\/div>\r\n<\/div>\r\n<\/div>\r\n<\/div>\r\n<\/div>\r\n<\/div>\r\n<\/div>\r\n<\/div>\r\n<\/div>\r\n<\/div>\r\n<\/div>\r\n<\/div>\r\n<\/div>\r\n<\/div>\r\n<\/div>\r\n<\/div>\r\n<\/div>\r\n<\/div>\r\n<\/div>\r\n<\/div>\r\n<\/div>\r\n<\/div>\r\n<\/div>\r\n<\/div>\r\n<div class=\"pl_i2c\">\r\n<div class=\"pl_i2c\">\r\n<div class=\"pl_i2c\">\r\n<div class=\"pl_i2c\">\r\n<div class=\"pl_i2c\">\r\n<div class=\"pl_i2c\">\r\n<div class=\"pl_i2c\">\r\n<div class=\"pl_i2c\">\r\n<div class=\"pl_i2c\">\r\n<div class=\"pl_i2c\">\r\n<div class=\"pl_i2c\">\r\n<div class=\"pl_i2c\">\r\n<div class=\"pl_i2c\">Uso en interiores y exteriores, cambie r\u00e1pidamente el motor de gasolina por un motor el\u00e9ctrico en cuesti\u00f3n de segundos \u00a1sin herramientas! Este pulverizador hidr\u00e1ulico de inmersi\u00f3n directa ofrece durabilidad y rendimiento en todo momento, incluso para los recubrimientos m\u00e1s pesados. Se adapta a la m\u00e1s amplia gama de tama\u00f1os de boquillas y mangueras.<br \/>\r\n<p>V\u00e1lvula de cebado para servicio pesado. Su dise\u00f1o, que no requiere mantenimiento, soporta ca\u00eddas de alta presi\u00f3n.<\/p>\r\n<p>Su motor es compacto, liviano y potente. Los motores Honda son confiables, tecnol\u00f3gicamente avanzados y f\u00e1ciles de arrancar. La alerta de aceite apaga el motor para evitar que se da\u00f1e si el nivel de aceite es demasiado bajo.<\/p>\r\n<p>Sistema de Enfriamiento de Alta Capacidad. La calidad de una bomba hidr\u00e1ulica est\u00e1 determinada por su sistema de enfriamiento, y el dise\u00f1o innovador permite que la bomba funcione con mayor refrigeraci\u00f3n y de manera m\u00e1s eficaz. El dep\u00f3sito hidr\u00e1ulico innovador es c\u00f3nico en la parte inferior, y eso permite que los cambios de fluidos se realicen con mayor facilidad y precisi\u00f3n. Las aletas de refrigeraci\u00f3n en el dep\u00f3sito desv\u00edan el calor del pulverizador. No necesita fluido hidr\u00e1ulico especial.<\/p>\r\n<p>Dise\u00f1o de carro duradero y resistente. No solo las piezas mec\u00e1nicas est\u00e1n fabricadas para durar. El carro est\u00e1 fabricados para ofrecer a\u00f1os de rendimiento. Cromo grueso sobre acero soldado que resiste ambientes hostiles. Ruedas neum\u00e1ticas completas que absorben impactos y vibraciones. Mango retr\u00e1ctil que se dobla para almacenar la manguera enrollada.<\/p>\r\n<p>El filtro de la bomba est\u00e1 dise\u00f1ado para filtrar desde el interior hacia fuera de manera que los filtros no se tapen o colapsen cuando se llenan de polvo o desechos. El gran \u00e1rea de filtrado de 19,5 pulgadas cuadradas reduce las obstrucciones de la boquilla y garantiza un acabado de calidad. El filtro vertical se extrae con la tapa para generar menos suciedad.<\/p>\r\n<p>La bomba es la m\u00e1s resistente y confiable en el mercado actual. Las holguras sobredimensionadas garantizan una m\u00ednima ca\u00edda de presi\u00f3n y un desempe\u00f1o sin contratiempos. La v\u00e1lvula de pie sumergida, especialmente dise\u00f1ada para la bomba, carga eficientemente material grueso y pesado al tiempo que protege contra el asentamiento y la obstrucci\u00f3n. La v\u00e1lvula de pie est\u00e1 colocada abajo en el piso donde queda sumergida en el balde de material. Con protecci\u00f3n contra asentamiento ofrece conductos para fluido sobredimensionados para transmitir el flujo m\u00e1ximo de los materiales m\u00e1s pesados y, al mismo tiempo, eliminar casi por completo el asentamiento de la bomba. Se incluyen bolas de acero inoxidable y cer\u00e1mica de larga duraci\u00f3n para lograr m\u00e1xima versatilidad, sin importar lo que est\u00e9 pulverizando.<\/p>\r\n<p>Motor hidr\u00e1ulico de alta eficiencia, ofrece un rendimiento s\u00f3lido cada vez que usted lo utiliza y le permite trabajar ininterrumpidamente. Cambio m\u00e1s r\u00e1pido, con mayor capacidad de respuesta. Los accesorios 100 % sellados con juntas t\u00f3ricas evitan las p\u00e9rdidas. Menos piezas en movimiento implican menos mantenimiento y una vida \u00fatil m\u00e1s prolongada.<\/p>\r\n<\/div>\r\n<\/div>\r\n<\/div>\r\n<\/div>\r\n<\/div>\r\n<\/div>\r\n<\/div>\r\n<\/div>\r\n<\/div>\r\n<\/div>\r\n<\/div>\r\n<\/div>\r\n<\/div>\r\n<\/div>\r\n<\/div>\r\n<\/div>\r\n<\/div>","protected":false},"excerpt":{"rendered":"<p>Equipo rociado de pintura hidr\u00e1ulico para exterior e interior Uso en interiores y exteriores, cambie r\u00e1pidamente el motor de gasolina por un motor el\u00e9ctrico en cuesti\u00f3n de segundos \u00a1sin herramientas! Este pulverizador hidr\u00e1ulico de inmersi\u00f3n directa ofrece durabilidad y rendimiento en todo momento, incluso para los recubrimientos m\u00e1s pesados. Se adapta a la m\u00e1s amplia [&hellip;]<\/p>\n","protected":false},"featured_media":2958,"comment_status":"open","ping_status":"closed","template":"","meta":{"_uag_custom_page_level_css":""},"product_brand":[],"product_cat":[38],"product_tag":[],"class_list":{"0":"post-2955","1":"product","2":"type-product","3":"status-publish","4":"has-post-thumbnail","6":"product_cat-equipos-pintura","8":"first","9":"instock","10":"shipping-taxable","11":"product-type-simple"},"yoast_head":"<!-- This site is optimized with the Yoast SEO plugin v25.2 - https:\/\/yoast.com\/wordpress\/plugins\/seo\/ -->\n<title>Equipo rociado de pintura hidr\u00e1ulico para exterior e interior - Ji-proequip<\/title>\n<meta name=\"robots\" content=\"index, follow, max-snippet:-1, max-image-preview:large, max-video-preview:-1\" \/>\n<link rel=\"canonical\" href=\"https:\/\/www.jiproequip.com\/index.php\/producto\/equipo-rociado-pintura-hidraulico-exterior-interior\/\" \/>\n<meta property=\"og:locale\" content=\"es_ES\" \/>\n<meta property=\"og:type\" content=\"article\" \/>\n<meta property=\"og:title\" content=\"Equipo rociado de pintura hidr\u00e1ulico para exterior e interior - Ji-proequip\" \/>\n<meta property=\"og:description\" content=\"Equipo rociado de pintura hidr\u00e1ulico para exterior e interior Uso en interiores y exteriores, cambie r\u00e1pidamente el motor de gasolina por un motor el\u00e9ctrico en cuesti\u00f3n de segundos \u00a1sin herramientas! Este pulverizador hidr\u00e1ulico de inmersi\u00f3n directa ofrece durabilidad y rendimiento en todo momento, incluso para los recubrimientos m\u00e1s pesados. Se adapta a la m\u00e1s amplia [&hellip;]\" \/>\n<meta property=\"og:url\" content=\"https:\/\/www.jiproequip.com\/index.php\/producto\/equipo-rociado-pintura-hidraulico-exterior-interior\/\" \/>\n<meta property=\"og:site_name\" content=\"Ji-proequip\" \/>\n<meta property=\"article:modified_time\" content=\"2023-10-19T00:49:06+00:00\" \/>\n<meta property=\"og:image\" content=\"https:\/\/www.jiproequip.com\/wp-content\/uploads\/2023\/10\/Equipo_rociado_pintura_hidraulico_exterior_interior_Graco_Columbec_02_B.png\" \/>\n\t<meta property=\"og:image:width\" content=\"458\" \/>\n\t<meta property=\"og:image:height\" content=\"458\" \/>\n\t<meta property=\"og:image:type\" content=\"image\/png\" \/>\n<meta name=\"twitter:card\" content=\"summary_large_image\" \/>\n<meta name=\"twitter:label1\" content=\"Tiempo de lectura\" \/>\n\t<meta name=\"twitter:data1\" content=\"3 minutos\" \/>\n<script type=\"application\/ld+json\" class=\"yoast-schema-graph\">{\"@context\":\"https:\/\/schema.org\",\"@graph\":[{\"@type\":\"WebPage\",\"@id\":\"https:\/\/www.jiproequip.com\/index.php\/producto\/equipo-rociado-pintura-hidraulico-exterior-interior\/\",\"url\":\"https:\/\/www.jiproequip.com\/index.php\/producto\/equipo-rociado-pintura-hidraulico-exterior-interior\/\",\"name\":\"Equipo rociado de pintura hidr\u00e1ulico para exterior e interior - Ji-proequip\",\"isPartOf\":{\"@id\":\"https:\/\/www.jiproequip.com\/#website\"},\"primaryImageOfPage\":{\"@id\":\"https:\/\/www.jiproequip.com\/index.php\/producto\/equipo-rociado-pintura-hidraulico-exterior-interior\/#primaryimage\"},\"image\":{\"@id\":\"https:\/\/www.jiproequip.com\/index.php\/producto\/equipo-rociado-pintura-hidraulico-exterior-interior\/#primaryimage\"},\"thumbnailUrl\":\"https:\/\/www.jiproequip.com\/wp-content\/uploads\/2023\/10\/Equipo_rociado_pintura_hidraulico_exterior_interior_Graco_Columbec_02_B.png\",\"datePublished\":\"2023-10-19T00:38:10+00:00\",\"dateModified\":\"2023-10-19T00:49:06+00:00\",\"breadcrumb\":{\"@id\":\"https:\/\/www.jiproequip.com\/index.php\/producto\/equipo-rociado-pintura-hidraulico-exterior-interior\/#breadcrumb\"},\"inLanguage\":\"es\",\"potentialAction\":[{\"@type\":\"ReadAction\",\"target\":[\"https:\/\/www.jiproequip.com\/index.php\/producto\/equipo-rociado-pintura-hidraulico-exterior-interior\/\"]}]},{\"@type\":\"ImageObject\",\"inLanguage\":\"es\",\"@id\":\"https:\/\/www.jiproequip.com\/index.php\/producto\/equipo-rociado-pintura-hidraulico-exterior-interior\/#primaryimage\",\"url\":\"https:\/\/www.jiproequip.com\/wp-content\/uploads\/2023\/10\/Equipo_rociado_pintura_hidraulico_exterior_interior_Graco_Columbec_02_B.png\",\"contentUrl\":\"https:\/\/www.jiproequip.com\/wp-content\/uploads\/2023\/10\/Equipo_rociado_pintura_hidraulico_exterior_interior_Graco_Columbec_02_B.png\",\"width\":458,\"height\":458},{\"@type\":\"BreadcrumbList\",\"@id\":\"https:\/\/www.jiproequip.com\/index.php\/producto\/equipo-rociado-pintura-hidraulico-exterior-interior\/#breadcrumb\",\"itemListElement\":[{\"@type\":\"ListItem\",\"position\":1,\"name\":\"Home\",\"item\":\"https:\/\/www.jiproequip.com\/\"},{\"@type\":\"ListItem\",\"position\":2,\"name\":\"Tienda\",\"item\":\"https:\/\/www.jiproequip.com\/index.php\/tienda\/\"},{\"@type\":\"ListItem\",\"position\":3,\"name\":\"Equipo rociado de pintura hidr\u00e1ulico para exterior e interior\"}]},{\"@type\":\"WebSite\",\"@id\":\"https:\/\/www.jiproequip.com\/#website\",\"url\":\"https:\/\/www.jiproequip.com\/\",\"name\":\"Ji-proequip\",\"description\":\"Venta de equipos industriales con servicio t\u00e9cnico especializado\",\"publisher\":{\"@id\":\"https:\/\/www.jiproequip.com\/#organization\"},\"potentialAction\":[{\"@type\":\"SearchAction\",\"target\":{\"@type\":\"EntryPoint\",\"urlTemplate\":\"https:\/\/www.jiproequip.com\/?s={search_term_string}\"},\"query-input\":{\"@type\":\"PropertyValueSpecification\",\"valueRequired\":true,\"valueName\":\"search_term_string\"}}],\"inLanguage\":\"es\"},{\"@type\":\"Organization\",\"@id\":\"https:\/\/www.jiproequip.com\/#organization\",\"name\":\"Ji-proequip\",\"url\":\"https:\/\/www.jiproequip.com\/\",\"logo\":{\"@type\":\"ImageObject\",\"inLanguage\":\"es\",\"@id\":\"https:\/\/www.jiproequip.com\/#\/schema\/logo\/image\/\",\"url\":\"https:\/\/www.jiproequip.com\/wp-content\/uploads\/2025\/06\/LOGO-JIproequip-2025.png\",\"contentUrl\":\"https:\/\/www.jiproequip.com\/wp-content\/uploads\/2025\/06\/LOGO-JIproequip-2025.png\",\"width\":2433,\"height\":596,\"caption\":\"Ji-proequip\"},\"image\":{\"@id\":\"https:\/\/www.jiproequip.com\/#\/schema\/logo\/image\/\"}}]}<\/script>\n<!-- \/ Yoast SEO plugin. -->","yoast_head_json":{"title":"Equipo rociado de pintura hidr\u00e1ulico para exterior e interior - Ji-proequip","robots":{"index":"index","follow":"follow","max-snippet":"max-snippet:-1","max-image-preview":"max-image-preview:large","max-video-preview":"max-video-preview:-1"},"canonical":"https:\/\/www.jiproequip.com\/index.php\/producto\/equipo-rociado-pintura-hidraulico-exterior-interior\/","og_locale":"es_ES","og_type":"article","og_title":"Equipo rociado de pintura hidr\u00e1ulico para exterior e interior - Ji-proequip","og_description":"Equipo rociado de pintura hidr\u00e1ulico para exterior e interior Uso en interiores y exteriores, cambie r\u00e1pidamente el motor de gasolina por un motor el\u00e9ctrico en cuesti\u00f3n de segundos \u00a1sin herramientas! Este pulverizador hidr\u00e1ulico de inmersi\u00f3n directa ofrece durabilidad y rendimiento en todo momento, incluso para los recubrimientos m\u00e1s pesados. Se adapta a la m\u00e1s amplia [&hellip;]","og_url":"https:\/\/www.jiproequip.com\/index.php\/producto\/equipo-rociado-pintura-hidraulico-exterior-interior\/","og_site_name":"Ji-proequip","article_modified_time":"2023-10-19T00:49:06+00:00","og_image":[{"width":458,"height":458,"url":"https:\/\/www.jiproequip.com\/wp-content\/uploads\/2023\/10\/Equipo_rociado_pintura_hidraulico_exterior_interior_Graco_Columbec_02_B.png","type":"image\/png"}],"twitter_card":"summary_large_image","twitter_misc":{"Tiempo de lectura":"3 minutos"},"schema":{"@context":"https:\/\/schema.org","@graph":[{"@type":"WebPage","@id":"https:\/\/www.jiproequip.com\/index.php\/producto\/equipo-rociado-pintura-hidraulico-exterior-interior\/","url":"https:\/\/www.jiproequip.com\/index.php\/producto\/equipo-rociado-pintura-hidraulico-exterior-interior\/","name":"Equipo rociado de pintura hidr\u00e1ulico para exterior e interior - Ji-proequip","isPartOf":{"@id":"https:\/\/www.jiproequip.com\/#website"},"primaryImageOfPage":{"@id":"https:\/\/www.jiproequip.com\/index.php\/producto\/equipo-rociado-pintura-hidraulico-exterior-interior\/#primaryimage"},"image":{"@id":"https:\/\/www.jiproequip.com\/index.php\/producto\/equipo-rociado-pintura-hidraulico-exterior-interior\/#primaryimage"},"thumbnailUrl":"https:\/\/www.jiproequip.com\/wp-content\/uploads\/2023\/10\/Equipo_rociado_pintura_hidraulico_exterior_interior_Graco_Columbec_02_B.png","datePublished":"2023-10-19T00:38:10+00:00","dateModified":"2023-10-19T00:49:06+00:00","breadcrumb":{"@id":"https:\/\/www.jiproequip.com\/index.php\/producto\/equipo-rociado-pintura-hidraulico-exterior-interior\/#breadcrumb"},"inLanguage":"es","potentialAction":[{"@type":"ReadAction","target":["https:\/\/www.jiproequip.com\/index.php\/producto\/equipo-rociado-pintura-hidraulico-exterior-interior\/"]}]},{"@type":"ImageObject","inLanguage":"es","@id":"https:\/\/www.jiproequip.com\/index.php\/producto\/equipo-rociado-pintura-hidraulico-exterior-interior\/#primaryimage","url":"https:\/\/www.jiproequip.com\/wp-content\/uploads\/2023\/10\/Equipo_rociado_pintura_hidraulico_exterior_interior_Graco_Columbec_02_B.png","contentUrl":"https:\/\/www.jiproequip.com\/wp-content\/uploads\/2023\/10\/Equipo_rociado_pintura_hidraulico_exterior_interior_Graco_Columbec_02_B.png","width":458,"height":458},{"@type":"BreadcrumbList","@id":"https:\/\/www.jiproequip.com\/index.php\/producto\/equipo-rociado-pintura-hidraulico-exterior-interior\/#breadcrumb","itemListElement":[{"@type":"ListItem","position":1,"name":"Home","item":"https:\/\/www.jiproequip.com\/"},{"@type":"ListItem","position":2,"name":"Tienda","item":"https:\/\/www.jiproequip.com\/index.php\/tienda\/"},{"@type":"ListItem","position":3,"name":"Equipo rociado de pintura hidr\u00e1ulico para exterior e interior"}]},{"@type":"WebSite","@id":"https:\/\/www.jiproequip.com\/#website","url":"https:\/\/www.jiproequip.com\/","name":"Ji-proequip","description":"Venta de equipos industriales con servicio t\u00e9cnico especializado","publisher":{"@id":"https:\/\/www.jiproequip.com\/#organization"},"potentialAction":[{"@type":"SearchAction","target":{"@type":"EntryPoint","urlTemplate":"https:\/\/www.jiproequip.com\/?s={search_term_string}"},"query-input":{"@type":"PropertyValueSpecification","valueRequired":true,"valueName":"search_term_string"}}],"inLanguage":"es"},{"@type":"Organization","@id":"https:\/\/www.jiproequip.com\/#organization","name":"Ji-proequip","url":"https:\/\/www.jiproequip.com\/","logo":{"@type":"ImageObject","inLanguage":"es","@id":"https:\/\/www.jiproequip.com\/#\/schema\/logo\/image\/","url":"https:\/\/www.jiproequip.com\/wp-content\/uploads\/2025\/06\/LOGO-JIproequip-2025.png","contentUrl":"https:\/\/www.jiproequip.com\/wp-content\/uploads\/2025\/06\/LOGO-JIproequip-2025.png","width":2433,"height":596,"caption":"Ji-proequip"},"image":{"@id":"https:\/\/www.jiproequip.com\/#\/schema\/logo\/image\/"}}]}},"uagb_featured_image_src":{"full":["https:\/\/www.jiproequip.com\/wp-content\/uploads\/2023\/10\/Equipo_rociado_pintura_hidraulico_exterior_interior_Graco_Columbec_02_B.png",458,458,false],"thumbnail":["https:\/\/www.jiproequip.com\/wp-content\/uploads\/2023\/10\/Equipo_rociado_pintura_hidraulico_exterior_interior_Graco_Columbec_02_B.png",150,150,false],"medium":["https:\/\/www.jiproequip.com\/wp-content\/uploads\/2023\/10\/Equipo_rociado_pintura_hidraulico_exterior_interior_Graco_Columbec_02_B.png",300,300,false],"medium_large":["https:\/\/www.jiproequip.com\/wp-content\/uploads\/2023\/10\/Equipo_rociado_pintura_hidraulico_exterior_interior_Graco_Columbec_02_B.png",458,458,false],"large":["https:\/\/www.jiproequip.com\/wp-content\/uploads\/2023\/10\/Equipo_rociado_pintura_hidraulico_exterior_interior_Graco_Columbec_02_B.png",458,458,false],"1536x1536":["https:\/\/www.jiproequip.com\/wp-content\/uploads\/2023\/10\/Equipo_rociado_pintura_hidraulico_exterior_interior_Graco_Columbec_02_B.png",458,458,false],"2048x2048":["https:\/\/www.jiproequip.com\/wp-content\/uploads\/2023\/10\/Equipo_rociado_pintura_hidraulico_exterior_interior_Graco_Columbec_02_B.png",458,458,false],"mailpoet_newsletter_max":["https:\/\/www.jiproequip.com\/wp-content\/uploads\/2023\/10\/Equipo_rociado_pintura_hidraulico_exterior_interior_Graco_Columbec_02_B.png",458,458,false],"woocommerce_thumbnail":["https:\/\/www.jiproequip.com\/wp-content\/uploads\/2023\/10\/Equipo_rociado_pintura_hidraulico_exterior_interior_Graco_Columbec_02_B.png",300,300,false],"woocommerce_single":["https:\/\/www.jiproequip.com\/wp-content\/uploads\/2023\/10\/Equipo_rociado_pintura_hidraulico_exterior_interior_Graco_Columbec_02_B.png",458,458,false],"woocommerce_gallery_thumbnail":["https:\/\/www.jiproequip.com\/wp-content\/uploads\/2023\/10\/Equipo_rociado_pintura_hidraulico_exterior_interior_Graco_Columbec_02_B.png",100,100,false]},"uagb_author_info":{"display_name":"admin_jiproeq","author_link":"https:\/\/www.jiproequip.com\/index.php\/author\/"},"uagb_comment_info":0,"uagb_excerpt":"Equipo rociado de pintura hidr\u00e1ulico para exterior e interior Uso en interiores y exteriores, cambie r\u00e1pidamente el motor de gasolina por un motor el\u00e9ctrico en cuesti\u00f3n de segundos \u00a1sin herramientas! Este pulverizador hidr\u00e1ulico de inmersi\u00f3n directa ofrece durabilidad y rendimiento en todo momento, incluso para los recubrimientos m\u00e1s pesados. Se adapta a la m\u00e1s amplia&hellip;","jetpack_sharing_enabled":true,"_links":{"self":[{"href":"https:\/\/www.jiproequip.com\/index.php\/wp-json\/wp\/v2\/product\/2955","targetHints":{"allow":["GET"]}}],"collection":[{"href":"https:\/\/www.jiproequip.com\/index.php\/wp-json\/wp\/v2\/product"}],"about":[{"href":"https:\/\/www.jiproequip.com\/index.php\/wp-json\/wp\/v2\/types\/product"}],"replies":[{"embeddable":true,"href":"https:\/\/www.jiproequip.com\/index.php\/wp-json\/wp\/v2\/comments?post=2955"}],"wp:featuredmedia":[{"embeddable":true,"href":"https:\/\/www.jiproequip.com\/index.php\/wp-json\/wp\/v2\/media\/2958"}],"wp:attachment":[{"href":"https:\/\/www.jiproequip.com\/index.php\/wp-json\/wp\/v2\/media?parent=2955"}],"wp:term":[{"taxonomy":"product_brand","embeddable":true,"href":"https:\/\/www.jiproequip.com\/index.php\/wp-json\/wp\/v2\/product_brand?post=2955"},{"taxonomy":"product_cat","embeddable":true,"href":"https:\/\/www.jiproequip.com\/index.php\/wp-json\/wp\/v2\/product_cat?post=2955"},{"taxonomy":"product_tag","embeddable":true,"href":"https:\/\/www.jiproequip.com\/index.php\/wp-json\/wp\/v2\/product_tag?post=2955"}],"curies":[{"name":"wp","href":"https:\/\/api.w.org\/{rel}","templated":true}]}}