{"id":2964,"date":"2023-10-18T19:50:24","date_gmt":"2023-10-19T00:50:24","guid":{"rendered":"https:\/\/www.jiproequip.com\/?post_type=product&#038;p=2964"},"modified":"2023-10-18T20:02:03","modified_gmt":"2023-10-19T01:02:03","slug":"pulverizador-texturas-motor-gasolina","status":"publish","type":"product","link":"https:\/\/www.jiproequip.com\/index.php\/producto\/pulverizador-texturas-motor-gasolina\/","title":{"rendered":"Pulverizador de texturas a motor de gasolina"},"content":{"rendered":"<div class=\"wp-block-stackable-column stk-block-column stk-column stk-block stk-a42bbec\" data-v=\"4\" data-block-id=\"a42bbec\">\r\n<div class=\"stk-column-wrapper stk-block-column__content stk-container stk-a42bbec-container stk--no-background stk--no-padding\">\r\n<div class=\"stk-block-content stk-inner-blocks stk-a42bbec-inner-blocks\"><div class=\"wp-block-stackable-carousel stk-block-carousel stk--is-slide stk--arrows-justify-space-between stk--arrows-align-center stk-block stk-6d5b6f7\" data-slides-to-show=\"\" data-block-id=\"6d5b6f7\">\r\n<div class=\"stk-block-carousel__content-wrapper\">\r\n<div class=\"stk-row stk-inner-blocks stk-block-content stk-block-carousel__slider-wrapper stk-content-align stk-6d5b6f7-column\">\r\n<div class=\"stk-block-carousel__slider\" role=\"list\" data-autoplay=\"4000\" data-label-slide-of=\"Slide %%d of %%d\"><div class=\"wp-block-stackable-column stk-block-column stk-column stk-block stk-5a69e44\" data-v=\"4\" data-block-id=\"5a69e44\">\r\n<div class=\"stk-column-wrapper stk-block-column__content stk-container stk-5a69e44-container stk--no-background stk--no-padding\">\r\n<div class=\"stk-block-content stk-inner-blocks stk-5a69e44-inner-blocks\"><div class=\"wp-block-stackable-image stk-block-image stk-block stk-64219fc\" data-block-id=\"64219fc\">\r\n<figure class=\"stk-img-wrapper stk-image--shape-stretch\"><img loading=\"lazy\" decoding=\"async\" class=\"stk-img                                                           alignnone wp-image-2970 \" src=\"http:\/\/https:\/\/www.jiproequip.com\/wp-content\/uploads\/2023\/10\/Pulverizador_texturas_motor_gasolina_Graco_Columbec_B.png\" alt=\"\" width=\"343\" height=\"313\" \/><\/figure>\r\n<\/div><\/div>\r\n<\/div>\r\n<\/div><\/div>\r\n<\/div>\r\n<\/div>\r\n<\/div><\/div>\r\n<\/div>\r\n<\/div><div class=\"wp-block-stackable-column stk-block-column stk-column stk-block stk-776f52c\" data-v=\"4\" data-block-id=\"776f52c\">\r\n<div class=\"stk-column-wrapper stk-block-column__content stk-container stk-776f52c-container stk--no-background stk--no-padding\">\r\n<div class=\"stk-block-content stk-inner-blocks stk-776f52c-inner-blocks\"><div id=\"unidad-trifasica-de-lavado-de-alta-presion-de-agua-fria-a-2175-p-s-i\" class=\"wp-block-stackable-heading stk-block-heading stk-block-heading--v2 stk-block stk-6ead452 stk-block-background\" data-block-id=\"6ead452\">\r\n<div class=\"pl_i2t\">\r\n<div class=\"pl_i2t\">\r\n<div class=\"pl_i2t\">\r\n<div class=\"pl_i2t\">\r\n<div class=\"pl_i2t\">\r\n<div class=\"pl_i2t\">\r\n<div class=\"pl_i2t\">\r\n<div class=\"pl_i2t\">\r\n<div class=\"pl_i2t\">\r\n<div class=\"pl_i2t\">\r\n<div class=\"pl_i2t\">\r\n<div class=\"pl_i2t\">\r\n<div class=\"pl_i2t\">\r\n<div class=\"pl_i2t\">\r\n<div class=\"pl_i2t\">\r\n<div class=\"pl_i2t\">\r\n<div class=\"pl_i2t\">\r\n<div class=\"pl_i2t\">\r\n<div class=\"pl_i2t\">\r\n<div class=\"pl_i2t\">\r\n<div class=\"pl_i2t\">\r\n<div class=\"pl_i2t\">\r\n<div class=\"pl_i2t\">\r\n<div class=\"pl_i2t\">\r\n<div class=\"pl_i2t\">\r\n<div class=\"pl_i2t\">\r\n<div class=\"pl_i2t\">\r\n<div class=\"pl_i2t\">\r\n<div class=\"pl_i2t\">\r\n<div class=\"pl_i2t\">\r\n<div class=\"pl_i2t\">\r\n<div class=\"pl_i2t\">\r\n<div class=\"pl_i2t\">\r\n<div class=\"pl_i2t\">\r\n<div class=\"pl_i2t\">\r\n<div class=\"pl_i2t\">\r\n<div class=\"pl_i2t\">\r\n<div class=\"pl_i2t\">\r\n<div class=\"pl_i2t\">\r\n<div class=\"pl_i2t\">\r\n<div class=\"pl_i2t\">\r\n<div class=\"pl_i2t\">\r\n<div class=\"pl_i2t\">\r\n<div class=\"pl_i2t\">\r\n<div class=\"pl_i2t\">\r\n<div class=\"pl_i2t\">\r\n<div class=\"pl_i2t\">\r\n<div class=\"pl_i2t\">\r\n<div class=\"pl_i2t\">\r\n<div class=\"pl_i2t\">\r\n<div class=\"pl_i2t\">\r\n<div class=\"pl_i2t\">\r\n<div class=\"pl_i2t\">\r\n<div class=\"pl_i2t\">\r\n<div class=\"pl_i2t\">\r\n<div class=\"pl_i2t\">\r\n<div class=\"pl_i2t\">\r\n<div class=\"pl_i2t\">\r\n<div class=\"pl_i2t\">\r\n<div class=\"pl_i2t\">\r\n<div class=\"pl_i2t\">\r\n<div class=\"pl_i2t\">\r\n<div class=\"pl_i2t\">\r\n<div class=\"pl_i2t\">\r\n<div class=\"pl_i2t\">\r\n<div class=\"pl_i2t\">\r\n<div class=\"pl_i2t\">\r\n<div class=\"pl_i2t\">\r\n<div class=\"pl_i2t\">\r\n<div class=\"pl_i2t\">\r\n<div class=\"pl_i2t\">\r\n<div class=\"pl_i2t\">\r\n<div class=\"pl_i2t\">\r\n<div class=\"pl_i2t\">\r\n<div class=\"pl_i2t\">\r\n<div class=\"pl_i2t\">\r\n<div class=\"pl_i2t\">\r\n<div class=\"pl_i2t\">\r\n<div class=\"pl_i2t\">\r\n<div class=\"pl_i2t\">\r\n<h2>Pulverizador de texturas a motor de gasolina<\/h2>\r\n<\/div>\r\n<\/div>\r\n<\/div>\r\n<\/div>\r\n<\/div>\r\n<\/div>\r\n<\/div>\r\n<\/div>\r\n<\/div>\r\n<\/div>\r\n<\/div>\r\n<\/div>\r\n<\/div>\r\n<\/div>\r\n<\/div>\r\n<\/div>\r\n<\/div>\r\n<\/div>\r\n<\/div>\r\n<\/div>\r\n<\/div>\r\n<\/div>\r\n<\/div>\r\n<\/div>\r\n<\/div>\r\n<\/div>\r\n<\/div>\r\n<\/div>\r\n<\/div>\r\n<\/div>\r\n<\/div>\r\n<\/div>\r\n<\/div>\r\n<\/div>\r\n<\/div>\r\n<\/div>\r\n<\/div>\r\n<\/div>\r\n<\/div>\r\n<\/div>\r\n<\/div>\r\n<\/div>\r\n<\/div>\r\n<\/div>\r\n<\/div>\r\n<\/div>\r\n<\/div>\r\n<\/div>\r\n<\/div>\r\n<\/div>\r\n<\/div>\r\n<\/div>\r\n<\/div>\r\n<\/div>\r\n<\/div>\r\n<\/div>\r\n<\/div>\r\n<\/div>\r\n<\/div>\r\n<\/div>\r\n<\/div>\r\n<\/div>\r\n<\/div>\r\n<\/div>\r\n<\/div>\r\n<\/div>\r\n<\/div>\r\n<\/div>\r\n<\/div>\r\n<\/div>\r\n<\/div>\r\n<\/div>\r\n<\/div>\r\n<\/div>\r\n<\/div>\r\n<\/div>\r\n<\/div>\r\n<\/div>\r\n<\/div>\r\n<\/div>\r\n<div class=\"pl_i2c\">\r\n<div class=\"pl_i2c\">\r\n<div class=\"pl_i2c\">\r\n<div class=\"pl_i2c\">\r\n<div class=\"pl_i2c\">\r\n<div class=\"pl_i2c\">\r\n<div class=\"pl_i2c\">\r\n<div class=\"pl_i2c\">\r\n<div class=\"pl_i2c\">\r\n<div class=\"pl_i2c\">\r\n<div class=\"pl_i2c\">\r\n<div class=\"pl_i2c\">\r\n<div class=\"pl_i2c\">Especialmente equipado con caracter\u00edsticas y tecnolog\u00eda para pulverizar pr\u00e1cticamente todo, este sistema logra lo que ning\u00fan otro pulverizador puede hacer. Si su trabajo requiere alisado exterior y revestimientos \u00e1ridos, elastom\u00e9ricos, revestimientos de acr\u00edlicos, o acabados de yeso, este comprobado equipo es el pulverizador que debe elegir.<\/div>\r\n<div>\r\n<p>Agregue una bomba de alta presi\u00f3n y tambi\u00e9n podr\u00e1 pulverizar la gama completa de pinturas e imprimadores. Desde un acabado de textura hasta una cobertura final.<\/p>\r\n<p>Bomba de texturas de alto suministro. Bomba de dise\u00f1o \u00fanico con pasajes m\u00e1s grandes que permite bombear materiales con \u00e1ridos de hasta 2,5 mm. No se necesitan herramientas para realizar la conexi\u00f3n de la manguera a la bomba y a la pistola. El innovador sello blando en la v\u00e1lvula de pie asegura un rendimiento \u00f3ptimo y uniforme. Produce tasas de suministro de hasta 3,0 gpm a 1000 psi para tasas de producci\u00f3n que ahorran tiempo. Pulveriza f\u00e1cilmente texturas lisas y con \u00e1ridos, materiales elastom\u00e9ricos y acr\u00edlicos.<\/p>\r\n<p>Sistema de control de fluido. Al haberse dise\u00f1ado espec\u00edficamente para la familia de pulverizadores de textura, estas pistolas presentan pasajes de gran tama\u00f1o y una construcci\u00f3n duradera. Su cuerpo de aluminio fundido duradero para servicio pesado es un 25 % m\u00e1s liviano que el de los dise\u00f1os de la competencia.<\/p>\r\n<p>Roscas de cabezal extra gruesas permiten un r\u00e1pido y f\u00e1cil cambio de boquilla. Pasajes extra grandes bombean con facilidad mezclas pesadas y \u00e1ridos de gran tama\u00f1o. Ajuste integrado de agujas y de aire mediante v\u00e1lvula de bola.<\/p>\r\n<p>Su dise\u00f1o elimina vueltas y esquinas desde la bomba a la pistola para evitar atascos de materiales s\u00f3lidos. Pone menos estr\u00e9s en el material para eliminar pr\u00e1cticamente las condiciones de asentamiento. Permite la pulverizaci\u00f3n de los materiales actuales con \u00e1ridos m\u00e1s exigentes y agresivos.<\/p>\r\n<p>Posibilidad de amplia variedad de aplicadores. La pistola en l\u00ednea ofrece conductos de fluido amplios y libres de obst\u00e1culos para proporcionar el flujo m\u00e1ximo.<\/p>\r\n<p>El aplicador de pistola con gatillo se puede operar con una sola mano, tiene un cierre de gatillo para evitar el escurrimiento del material y es ideal para pulverizar capas de acabado EIFS y de estuco sint\u00e9tico.<\/p>\r\n<p>Pulverizaci\u00f3n asistida por aire en un patr\u00f3n redondeado o un patr\u00f3n de abanico amplio para una cobertura del material r\u00e1pida y uniforme.<\/p>\r\n<p>La pistola de expansi\u00f3n de 3 pies ofrece un alcance extendido para minimizar el reposicionamiento de elevadores y escaleras.<\/p>\r\n<p>La pistola de expansi\u00f3n para \u00e1reas peque\u00f1as ofrece un mejor control en \u00e1reas peque\u00f1as, como por ejemplo, sobre andamios y alrededor de detalles arquitect\u00f3nicos.<\/p>\r\n<p>Las dos nuevas pistolas de expansi\u00f3n pueden pulverizar en un amplio patr\u00f3n de abanico.<\/p>\r\n<p>Sistema innovador que permite al usuario convertir su unidad en un pulverizador de alta presi\u00f3n sin aire para aplicar la amplia gama de recubrimientos lisos m\u00e1s pesados, incluidos capas delgadas en un acabado de Nivel 5, imprimadores y pinturas.<\/p>\r\n<\/div>\r\n<\/div>\r\n<\/div>\r\n<\/div>\r\n<\/div>\r\n<\/div>\r\n<\/div>\r\n<\/div>\r\n<\/div>\r\n<\/div>\r\n<\/div>\r\n<\/div>\r\n<\/div>\r\n<\/div>\r\n<\/div>\r\n<\/div>\r\n<\/div>","protected":false},"excerpt":{"rendered":"<p>Pulverizador de texturas a motor de gasolina Especialmente equipado con caracter\u00edsticas y tecnolog\u00eda para pulverizar pr\u00e1cticamente todo, este sistema logra lo que ning\u00fan otro pulverizador puede hacer. Si su trabajo requiere alisado exterior y revestimientos \u00e1ridos, elastom\u00e9ricos, revestimientos de acr\u00edlicos, o acabados de yeso, este comprobado equipo es el pulverizador que debe elegir. Agregue una [&hellip;]<\/p>\n","protected":false},"featured_media":2970,"comment_status":"open","ping_status":"closed","template":"","meta":{"_uag_custom_page_level_css":""},"product_brand":[],"product_cat":[38],"product_tag":[],"class_list":{"0":"post-2964","1":"product","2":"type-product","3":"status-publish","4":"has-post-thumbnail","6":"product_cat-equipos-pintura","8":"first","9":"instock","10":"shipping-taxable","11":"product-type-simple"},"yoast_head":"<!-- This site is optimized with the Yoast SEO plugin v25.2 - https:\/\/yoast.com\/wordpress\/plugins\/seo\/ -->\n<title>Pulverizador de texturas a motor de gasolina - Ji-proequip<\/title>\n<meta name=\"robots\" content=\"index, follow, max-snippet:-1, max-image-preview:large, max-video-preview:-1\" \/>\n<link rel=\"canonical\" href=\"https:\/\/www.jiproequip.com\/index.php\/producto\/pulverizador-texturas-motor-gasolina\/\" \/>\n<meta property=\"og:locale\" content=\"es_ES\" \/>\n<meta property=\"og:type\" content=\"article\" \/>\n<meta property=\"og:title\" content=\"Pulverizador de texturas a motor de gasolina - Ji-proequip\" \/>\n<meta property=\"og:description\" content=\"Pulverizador de texturas a motor de gasolina Especialmente equipado con caracter\u00edsticas y tecnolog\u00eda para pulverizar pr\u00e1cticamente todo, este sistema logra lo que ning\u00fan otro pulverizador puede hacer. Si su trabajo requiere alisado exterior y revestimientos \u00e1ridos, elastom\u00e9ricos, revestimientos de acr\u00edlicos, o acabados de yeso, este comprobado equipo es el pulverizador que debe elegir. Agregue una [&hellip;]\" \/>\n<meta property=\"og:url\" content=\"https:\/\/www.jiproequip.com\/index.php\/producto\/pulverizador-texturas-motor-gasolina\/\" \/>\n<meta property=\"og:site_name\" content=\"Ji-proequip\" \/>\n<meta property=\"article:modified_time\" content=\"2023-10-19T01:02:03+00:00\" \/>\n<meta property=\"og:image\" content=\"https:\/\/www.jiproequip.com\/wp-content\/uploads\/2023\/10\/Pulverizador_texturas_motor_gasolina_Graco_Columbec_B.png\" \/>\n\t<meta property=\"og:image:width\" content=\"561\" \/>\n\t<meta property=\"og:image:height\" content=\"512\" \/>\n\t<meta property=\"og:image:type\" content=\"image\/png\" \/>\n<meta name=\"twitter:card\" content=\"summary_large_image\" \/>\n<meta name=\"twitter:label1\" content=\"Tiempo de lectura\" \/>\n\t<meta name=\"twitter:data1\" content=\"3 minutos\" \/>\n<script type=\"application\/ld+json\" class=\"yoast-schema-graph\">{\"@context\":\"https:\/\/schema.org\",\"@graph\":[{\"@type\":\"WebPage\",\"@id\":\"https:\/\/www.jiproequip.com\/index.php\/producto\/pulverizador-texturas-motor-gasolina\/\",\"url\":\"https:\/\/www.jiproequip.com\/index.php\/producto\/pulverizador-texturas-motor-gasolina\/\",\"name\":\"Pulverizador de texturas a motor de gasolina - Ji-proequip\",\"isPartOf\":{\"@id\":\"https:\/\/www.jiproequip.com\/#website\"},\"primaryImageOfPage\":{\"@id\":\"https:\/\/www.jiproequip.com\/index.php\/producto\/pulverizador-texturas-motor-gasolina\/#primaryimage\"},\"image\":{\"@id\":\"https:\/\/www.jiproequip.com\/index.php\/producto\/pulverizador-texturas-motor-gasolina\/#primaryimage\"},\"thumbnailUrl\":\"https:\/\/www.jiproequip.com\/wp-content\/uploads\/2023\/10\/Pulverizador_texturas_motor_gasolina_Graco_Columbec_B.png\",\"datePublished\":\"2023-10-19T00:50:24+00:00\",\"dateModified\":\"2023-10-19T01:02:03+00:00\",\"breadcrumb\":{\"@id\":\"https:\/\/www.jiproequip.com\/index.php\/producto\/pulverizador-texturas-motor-gasolina\/#breadcrumb\"},\"inLanguage\":\"es\",\"potentialAction\":[{\"@type\":\"ReadAction\",\"target\":[\"https:\/\/www.jiproequip.com\/index.php\/producto\/pulverizador-texturas-motor-gasolina\/\"]}]},{\"@type\":\"ImageObject\",\"inLanguage\":\"es\",\"@id\":\"https:\/\/www.jiproequip.com\/index.php\/producto\/pulverizador-texturas-motor-gasolina\/#primaryimage\",\"url\":\"https:\/\/www.jiproequip.com\/wp-content\/uploads\/2023\/10\/Pulverizador_texturas_motor_gasolina_Graco_Columbec_B.png\",\"contentUrl\":\"https:\/\/www.jiproequip.com\/wp-content\/uploads\/2023\/10\/Pulverizador_texturas_motor_gasolina_Graco_Columbec_B.png\",\"width\":561,\"height\":512},{\"@type\":\"BreadcrumbList\",\"@id\":\"https:\/\/www.jiproequip.com\/index.php\/producto\/pulverizador-texturas-motor-gasolina\/#breadcrumb\",\"itemListElement\":[{\"@type\":\"ListItem\",\"position\":1,\"name\":\"Home\",\"item\":\"https:\/\/www.jiproequip.com\/\"},{\"@type\":\"ListItem\",\"position\":2,\"name\":\"Tienda\",\"item\":\"https:\/\/www.jiproequip.com\/index.php\/tienda\/\"},{\"@type\":\"ListItem\",\"position\":3,\"name\":\"Pulverizador de texturas a motor de gasolina\"}]},{\"@type\":\"WebSite\",\"@id\":\"https:\/\/www.jiproequip.com\/#website\",\"url\":\"https:\/\/www.jiproequip.com\/\",\"name\":\"Ji-proequip\",\"description\":\"Venta de equipos industriales con servicio t\u00e9cnico especializado\",\"publisher\":{\"@id\":\"https:\/\/www.jiproequip.com\/#organization\"},\"potentialAction\":[{\"@type\":\"SearchAction\",\"target\":{\"@type\":\"EntryPoint\",\"urlTemplate\":\"https:\/\/www.jiproequip.com\/?s={search_term_string}\"},\"query-input\":{\"@type\":\"PropertyValueSpecification\",\"valueRequired\":true,\"valueName\":\"search_term_string\"}}],\"inLanguage\":\"es\"},{\"@type\":\"Organization\",\"@id\":\"https:\/\/www.jiproequip.com\/#organization\",\"name\":\"Ji-proequip\",\"url\":\"https:\/\/www.jiproequip.com\/\",\"logo\":{\"@type\":\"ImageObject\",\"inLanguage\":\"es\",\"@id\":\"https:\/\/www.jiproequip.com\/#\/schema\/logo\/image\/\",\"url\":\"https:\/\/www.jiproequip.com\/wp-content\/uploads\/2025\/06\/LOGO-JIproequip-2025.png\",\"contentUrl\":\"https:\/\/www.jiproequip.com\/wp-content\/uploads\/2025\/06\/LOGO-JIproequip-2025.png\",\"width\":2433,\"height\":596,\"caption\":\"Ji-proequip\"},\"image\":{\"@id\":\"https:\/\/www.jiproequip.com\/#\/schema\/logo\/image\/\"}}]}<\/script>\n<!-- \/ Yoast SEO plugin. -->","yoast_head_json":{"title":"Pulverizador de texturas a motor de gasolina - Ji-proequip","robots":{"index":"index","follow":"follow","max-snippet":"max-snippet:-1","max-image-preview":"max-image-preview:large","max-video-preview":"max-video-preview:-1"},"canonical":"https:\/\/www.jiproequip.com\/index.php\/producto\/pulverizador-texturas-motor-gasolina\/","og_locale":"es_ES","og_type":"article","og_title":"Pulverizador de texturas a motor de gasolina - Ji-proequip","og_description":"Pulverizador de texturas a motor de gasolina Especialmente equipado con caracter\u00edsticas y tecnolog\u00eda para pulverizar pr\u00e1cticamente todo, este sistema logra lo que ning\u00fan otro pulverizador puede hacer. Si su trabajo requiere alisado exterior y revestimientos \u00e1ridos, elastom\u00e9ricos, revestimientos de acr\u00edlicos, o acabados de yeso, este comprobado equipo es el pulverizador que debe elegir. Agregue una [&hellip;]","og_url":"https:\/\/www.jiproequip.com\/index.php\/producto\/pulverizador-texturas-motor-gasolina\/","og_site_name":"Ji-proequip","article_modified_time":"2023-10-19T01:02:03+00:00","og_image":[{"width":561,"height":512,"url":"https:\/\/www.jiproequip.com\/wp-content\/uploads\/2023\/10\/Pulverizador_texturas_motor_gasolina_Graco_Columbec_B.png","type":"image\/png"}],"twitter_card":"summary_large_image","twitter_misc":{"Tiempo de lectura":"3 minutos"},"schema":{"@context":"https:\/\/schema.org","@graph":[{"@type":"WebPage","@id":"https:\/\/www.jiproequip.com\/index.php\/producto\/pulverizador-texturas-motor-gasolina\/","url":"https:\/\/www.jiproequip.com\/index.php\/producto\/pulverizador-texturas-motor-gasolina\/","name":"Pulverizador de texturas a motor de gasolina - Ji-proequip","isPartOf":{"@id":"https:\/\/www.jiproequip.com\/#website"},"primaryImageOfPage":{"@id":"https:\/\/www.jiproequip.com\/index.php\/producto\/pulverizador-texturas-motor-gasolina\/#primaryimage"},"image":{"@id":"https:\/\/www.jiproequip.com\/index.php\/producto\/pulverizador-texturas-motor-gasolina\/#primaryimage"},"thumbnailUrl":"https:\/\/www.jiproequip.com\/wp-content\/uploads\/2023\/10\/Pulverizador_texturas_motor_gasolina_Graco_Columbec_B.png","datePublished":"2023-10-19T00:50:24+00:00","dateModified":"2023-10-19T01:02:03+00:00","breadcrumb":{"@id":"https:\/\/www.jiproequip.com\/index.php\/producto\/pulverizador-texturas-motor-gasolina\/#breadcrumb"},"inLanguage":"es","potentialAction":[{"@type":"ReadAction","target":["https:\/\/www.jiproequip.com\/index.php\/producto\/pulverizador-texturas-motor-gasolina\/"]}]},{"@type":"ImageObject","inLanguage":"es","@id":"https:\/\/www.jiproequip.com\/index.php\/producto\/pulverizador-texturas-motor-gasolina\/#primaryimage","url":"https:\/\/www.jiproequip.com\/wp-content\/uploads\/2023\/10\/Pulverizador_texturas_motor_gasolina_Graco_Columbec_B.png","contentUrl":"https:\/\/www.jiproequip.com\/wp-content\/uploads\/2023\/10\/Pulverizador_texturas_motor_gasolina_Graco_Columbec_B.png","width":561,"height":512},{"@type":"BreadcrumbList","@id":"https:\/\/www.jiproequip.com\/index.php\/producto\/pulverizador-texturas-motor-gasolina\/#breadcrumb","itemListElement":[{"@type":"ListItem","position":1,"name":"Home","item":"https:\/\/www.jiproequip.com\/"},{"@type":"ListItem","position":2,"name":"Tienda","item":"https:\/\/www.jiproequip.com\/index.php\/tienda\/"},{"@type":"ListItem","position":3,"name":"Pulverizador de texturas a motor de gasolina"}]},{"@type":"WebSite","@id":"https:\/\/www.jiproequip.com\/#website","url":"https:\/\/www.jiproequip.com\/","name":"Ji-proequip","description":"Venta de equipos industriales con servicio t\u00e9cnico especializado","publisher":{"@id":"https:\/\/www.jiproequip.com\/#organization"},"potentialAction":[{"@type":"SearchAction","target":{"@type":"EntryPoint","urlTemplate":"https:\/\/www.jiproequip.com\/?s={search_term_string}"},"query-input":{"@type":"PropertyValueSpecification","valueRequired":true,"valueName":"search_term_string"}}],"inLanguage":"es"},{"@type":"Organization","@id":"https:\/\/www.jiproequip.com\/#organization","name":"Ji-proequip","url":"https:\/\/www.jiproequip.com\/","logo":{"@type":"ImageObject","inLanguage":"es","@id":"https:\/\/www.jiproequip.com\/#\/schema\/logo\/image\/","url":"https:\/\/www.jiproequip.com\/wp-content\/uploads\/2025\/06\/LOGO-JIproequip-2025.png","contentUrl":"https:\/\/www.jiproequip.com\/wp-content\/uploads\/2025\/06\/LOGO-JIproequip-2025.png","width":2433,"height":596,"caption":"Ji-proequip"},"image":{"@id":"https:\/\/www.jiproequip.com\/#\/schema\/logo\/image\/"}}]}},"uagb_featured_image_src":{"full":["https:\/\/www.jiproequip.com\/wp-content\/uploads\/2023\/10\/Pulverizador_texturas_motor_gasolina_Graco_Columbec_B.png",561,512,false],"thumbnail":["https:\/\/www.jiproequip.com\/wp-content\/uploads\/2023\/10\/Pulverizador_texturas_motor_gasolina_Graco_Columbec_B.png",150,137,false],"medium":["https:\/\/www.jiproequip.com\/wp-content\/uploads\/2023\/10\/Pulverizador_texturas_motor_gasolina_Graco_Columbec_B.png",300,274,false],"medium_large":["https:\/\/www.jiproequip.com\/wp-content\/uploads\/2023\/10\/Pulverizador_texturas_motor_gasolina_Graco_Columbec_B.png",561,512,false],"large":["https:\/\/www.jiproequip.com\/wp-content\/uploads\/2023\/10\/Pulverizador_texturas_motor_gasolina_Graco_Columbec_B.png",561,512,false],"1536x1536":["https:\/\/www.jiproequip.com\/wp-content\/uploads\/2023\/10\/Pulverizador_texturas_motor_gasolina_Graco_Columbec_B.png",561,512,false],"2048x2048":["https:\/\/www.jiproequip.com\/wp-content\/uploads\/2023\/10\/Pulverizador_texturas_motor_gasolina_Graco_Columbec_B.png",561,512,false],"mailpoet_newsletter_max":["https:\/\/www.jiproequip.com\/wp-content\/uploads\/2023\/10\/Pulverizador_texturas_motor_gasolina_Graco_Columbec_B.png",561,512,false],"woocommerce_thumbnail":["https:\/\/www.jiproequip.com\/wp-content\/uploads\/2023\/10\/Pulverizador_texturas_motor_gasolina_Graco_Columbec_B.png",300,274,false],"woocommerce_single":["https:\/\/www.jiproequip.com\/wp-content\/uploads\/2023\/10\/Pulverizador_texturas_motor_gasolina_Graco_Columbec_B.png",561,512,false],"woocommerce_gallery_thumbnail":["https:\/\/www.jiproequip.com\/wp-content\/uploads\/2023\/10\/Pulverizador_texturas_motor_gasolina_Graco_Columbec_B-100x100.png",100,100,true]},"uagb_author_info":{"display_name":"admin_jiproeq","author_link":"https:\/\/www.jiproequip.com\/index.php\/author\/"},"uagb_comment_info":0,"uagb_excerpt":"Pulverizador de texturas a motor de gasolina Especialmente equipado con caracter\u00edsticas y tecnolog\u00eda para pulverizar pr\u00e1cticamente todo, este sistema logra lo que ning\u00fan otro pulverizador puede hacer. Si su trabajo requiere alisado exterior y revestimientos \u00e1ridos, elastom\u00e9ricos, revestimientos de acr\u00edlicos, o acabados de yeso, este comprobado equipo es el pulverizador que debe elegir. Agregue una&hellip;","jetpack_sharing_enabled":true,"_links":{"self":[{"href":"https:\/\/www.jiproequip.com\/index.php\/wp-json\/wp\/v2\/product\/2964","targetHints":{"allow":["GET"]}}],"collection":[{"href":"https:\/\/www.jiproequip.com\/index.php\/wp-json\/wp\/v2\/product"}],"about":[{"href":"https:\/\/www.jiproequip.com\/index.php\/wp-json\/wp\/v2\/types\/product"}],"replies":[{"embeddable":true,"href":"https:\/\/www.jiproequip.com\/index.php\/wp-json\/wp\/v2\/comments?post=2964"}],"wp:featuredmedia":[{"embeddable":true,"href":"https:\/\/www.jiproequip.com\/index.php\/wp-json\/wp\/v2\/media\/2970"}],"wp:attachment":[{"href":"https:\/\/www.jiproequip.com\/index.php\/wp-json\/wp\/v2\/media?parent=2964"}],"wp:term":[{"taxonomy":"product_brand","embeddable":true,"href":"https:\/\/www.jiproequip.com\/index.php\/wp-json\/wp\/v2\/product_brand?post=2964"},{"taxonomy":"product_cat","embeddable":true,"href":"https:\/\/www.jiproequip.com\/index.php\/wp-json\/wp\/v2\/product_cat?post=2964"},{"taxonomy":"product_tag","embeddable":true,"href":"https:\/\/www.jiproequip.com\/index.php\/wp-json\/wp\/v2\/product_tag?post=2964"}],"curies":[{"name":"wp","href":"https:\/\/api.w.org\/{rel}","templated":true}]}}