{"id":2978,"date":"2023-10-18T20:09:33","date_gmt":"2023-10-19T01:09:33","guid":{"rendered":"https:\/\/www.jiproequip.com\/?post_type=product&#038;p=2978"},"modified":"2023-10-18T20:19:34","modified_gmt":"2023-10-19T01:19:34","slug":"sistema-industrial-de-dosificacion-de-componentes-variados","status":"publish","type":"product","link":"https:\/\/www.jiproequip.com\/index.php\/producto\/sistema-industrial-de-dosificacion-de-componentes-variados\/","title":{"rendered":"Sistema industrial de dosificaci\u00f3n de componentes variados"},"content":{"rendered":"<div class=\"wp-block-stackable-column stk-block-column stk-column stk-block stk-a42bbec\" data-v=\"4\" data-block-id=\"a42bbec\">\r\n<div class=\"stk-column-wrapper stk-block-column__content stk-container stk-a42bbec-container stk--no-background stk--no-padding\">\r\n<div class=\"stk-block-content stk-inner-blocks stk-a42bbec-inner-blocks\"><div class=\"wp-block-stackable-carousel stk-block-carousel stk--is-slide stk--arrows-justify-space-between stk--arrows-align-center stk-block stk-6d5b6f7\" data-slides-to-show=\"\" data-block-id=\"6d5b6f7\">\r\n<div class=\"stk-block-carousel__content-wrapper\">\r\n<div class=\"stk-row stk-inner-blocks stk-block-content stk-block-carousel__slider-wrapper stk-content-align stk-6d5b6f7-column\">\r\n<div class=\"stk-block-carousel__slider\" role=\"list\" data-autoplay=\"4000\" data-label-slide-of=\"Slide %%d of %%d\"><div class=\"wp-block-stackable-column stk-block-column stk-column stk-block stk-5a69e44\" data-v=\"4\" data-block-id=\"5a69e44\">\r\n<div class=\"stk-column-wrapper stk-block-column__content stk-container stk-5a69e44-container stk--no-background stk--no-padding\">\r\n<div class=\"stk-block-content stk-inner-blocks stk-5a69e44-inner-blocks\"><div class=\"wp-block-stackable-image stk-block-image stk-block stk-64219fc\" data-block-id=\"64219fc\">\r\n<figure class=\"stk-img-wrapper stk-image--shape-stretch\"><img loading=\"lazy\" decoding=\"async\" class=\"stk-img                                                            alignnone wp-image-2983 \" src=\"http:\/\/https:\/\/www.jiproequip.com\/wp-content\/uploads\/2023\/10\/Sistema_industrial_dosificacion_componentes_Graco_Columbec_B.png\" alt=\"\" width=\"287\" height=\"500\" \/><\/figure>\r\n<\/div><\/div>\r\n<\/div>\r\n<\/div><\/div>\r\n<\/div>\r\n<\/div>\r\n<\/div><\/div>\r\n<\/div>\r\n<\/div><div class=\"wp-block-stackable-column stk-block-column stk-column stk-block stk-776f52c\" data-v=\"4\" data-block-id=\"776f52c\">\r\n<div class=\"stk-column-wrapper stk-block-column__content stk-container stk-776f52c-container stk--no-background stk--no-padding\">\r\n<div class=\"stk-block-content stk-inner-blocks stk-776f52c-inner-blocks\"><div id=\"unidad-trifasica-de-lavado-de-alta-presion-de-agua-fria-a-2175-p-s-i\" class=\"wp-block-stackable-heading stk-block-heading stk-block-heading--v2 stk-block stk-6ead452 stk-block-background\" data-block-id=\"6ead452\">\r\n<div class=\"pl_i2t\">\r\n<div class=\"pl_i2t\">\r\n<div class=\"pl_i2t\">\r\n<div class=\"pl_i2t\">\r\n<div class=\"pl_i2t\">\r\n<div class=\"pl_i2t\">\r\n<div class=\"pl_i2t\">\r\n<div class=\"pl_i2t\">\r\n<div class=\"pl_i2t\">\r\n<div class=\"pl_i2t\">\r\n<div class=\"pl_i2t\">\r\n<div class=\"pl_i2t\">\r\n<div class=\"pl_i2t\">\r\n<div class=\"pl_i2t\">\r\n<div class=\"pl_i2t\">\r\n<div class=\"pl_i2t\">\r\n<div class=\"pl_i2t\">\r\n<div class=\"pl_i2t\">\r\n<div class=\"pl_i2t\">\r\n<div class=\"pl_i2t\">\r\n<div class=\"pl_i2t\">\r\n<div class=\"pl_i2t\">\r\n<div class=\"pl_i2t\">\r\n<div class=\"pl_i2t\">\r\n<div class=\"pl_i2t\">\r\n<div class=\"pl_i2t\">\r\n<div class=\"pl_i2t\">\r\n<div class=\"pl_i2t\">\r\n<div class=\"pl_i2t\">\r\n<div class=\"pl_i2t\">\r\n<div class=\"pl_i2t\">\r\n<div class=\"pl_i2t\">\r\n<div class=\"pl_i2t\">\r\n<div class=\"pl_i2t\">\r\n<div class=\"pl_i2t\">\r\n<div class=\"pl_i2t\">\r\n<div class=\"pl_i2t\">\r\n<div class=\"pl_i2t\">\r\n<div class=\"pl_i2t\">\r\n<div class=\"pl_i2t\">\r\n<div class=\"pl_i2t\">\r\n<div class=\"pl_i2t\">\r\n<div class=\"pl_i2t\">\r\n<div class=\"pl_i2t\">\r\n<div class=\"pl_i2t\">\r\n<div class=\"pl_i2t\">\r\n<div class=\"pl_i2t\">\r\n<div class=\"pl_i2t\">\r\n<div class=\"pl_i2t\">\r\n<div class=\"pl_i2t\">\r\n<div class=\"pl_i2t\">\r\n<div class=\"pl_i2t\">\r\n<div class=\"pl_i2t\">\r\n<div class=\"pl_i2t\">\r\n<div class=\"pl_i2t\">\r\n<div class=\"pl_i2t\">\r\n<div class=\"pl_i2t\">\r\n<div class=\"pl_i2t\">\r\n<div class=\"pl_i2t\">\r\n<div class=\"pl_i2t\">\r\n<div class=\"pl_i2t\">\r\n<div class=\"pl_i2t\">\r\n<div class=\"pl_i2t\">\r\n<div class=\"pl_i2t\">\r\n<div class=\"pl_i2t\">\r\n<div class=\"pl_i2t\">\r\n<div class=\"pl_i2t\">\r\n<div class=\"pl_i2t\">\r\n<div class=\"pl_i2t\">\r\n<div class=\"pl_i2t\">\r\n<div class=\"pl_i2t\">\r\n<div class=\"pl_i2t\">\r\n<div class=\"pl_i2t\">\r\n<div class=\"pl_i2t\">\r\n<div class=\"pl_i2t\">\r\n<div class=\"pl_i2t\">\r\n<div class=\"pl_i2t\">\r\n<div class=\"pl_i2t\">\r\n<div class=\"pl_i2t\">\r\n<div class=\"pl_i2t\">\r\n<div class=\"pl_i2t\">\r\n<h2>Sistema industrial de dosificaci\u00f3n de componentes variados<\/h2>\r\n<\/div>\r\n<\/div>\r\n<\/div>\r\n<\/div>\r\n<\/div>\r\n<\/div>\r\n<\/div>\r\n<\/div>\r\n<\/div>\r\n<\/div>\r\n<\/div>\r\n<\/div>\r\n<\/div>\r\n<\/div>\r\n<\/div>\r\n<\/div>\r\n<\/div>\r\n<\/div>\r\n<\/div>\r\n<\/div>\r\n<\/div>\r\n<\/div>\r\n<\/div>\r\n<\/div>\r\n<\/div>\r\n<\/div>\r\n<\/div>\r\n<\/div>\r\n<\/div>\r\n<\/div>\r\n<\/div>\r\n<\/div>\r\n<\/div>\r\n<\/div>\r\n<\/div>\r\n<\/div>\r\n<\/div>\r\n<\/div>\r\n<\/div>\r\n<\/div>\r\n<\/div>\r\n<\/div>\r\n<\/div>\r\n<\/div>\r\n<\/div>\r\n<\/div>\r\n<\/div>\r\n<\/div>\r\n<\/div>\r\n<\/div>\r\n<\/div>\r\n<\/div>\r\n<\/div>\r\n<\/div>\r\n<\/div>\r\n<\/div>\r\n<\/div>\r\n<\/div>\r\n<\/div>\r\n<\/div>\r\n<\/div>\r\n<\/div>\r\n<\/div>\r\n<\/div>\r\n<\/div>\r\n<\/div>\r\n<\/div>\r\n<\/div>\r\n<\/div>\r\n<\/div>\r\n<\/div>\r\n<\/div>\r\n<\/div>\r\n<\/div>\r\n<\/div>\r\n<\/div>\r\n<\/div>\r\n<\/div>\r\n<\/div>\r\n<\/div>\r\n<\/div>\r\n<div class=\"pl_i2c\">\r\n<div class=\"pl_i2c\">\r\n<div class=\"pl_i2c\">\r\n<div class=\"pl_i2c\">\r\n<div class=\"pl_i2c\">\r\n<div class=\"pl_i2c\">\r\n<div class=\"pl_i2c\">\r\n<div class=\"pl_i2c\">\r\n<div class=\"pl_i2c\">\r\n<div class=\"pl_i2c\">\r\n<div class=\"pl_i2c\">\r\n<div class=\"pl_i2c\">Dosificador electr\u00f3nico de componentes plurales, ideal para materiales a base de solvente, a base de agua y catalizados por \u00e1cido. Dosificaci\u00f3n precisa, desde aplicaciones b\u00e1sicas a aplicaciones de actualizaci\u00f3n, secuencias de lavado optimizadas y una tercera v\u00e1lvula de purga para manejar uretanos a base de agua para su operaci\u00f3n manual y autom\u00e1tica.<\/div>\r\n<div>\r\n<p>Este equipo tambi\u00e9n permite la posibilidad de ofrecer una mezcla de precisi\u00f3n de tres materiales o componentes y reduce con exactitud su material a la viscosidad de pulverizaci\u00f3n correcta a medida que cambian las condiciones.<\/p>\r\n<p>Algunos de los materiales que puede manejar y dosificar este equipo industrial son resinas epoxi y poliuretanos a base de solventes, resinas epoxi y poliuretanos a base de agua y materiales catalizados con \u00e1cidos, Pinturas a base de solvente y a base de agua, barnices catalizados por \u00e1cido e isocianatos sensibles a la humedad.<\/p>\r\n<p>La dosificaci\u00f3n basada en volumen proporciona una precisi\u00f3n excepcional de proporci\u00f3n a trav\u00e9s de diferentes caudales o condiciones de disparo de pistola. El control y la compensaci\u00f3n en el momento aumentan el rendimiento y la calidad del acabado.<\/p>\r\n<p>Calidad de mezcla uniforme. El hardware de la c\u00e1mara de mezcla optimizado, junto con procesadores de alta velocidad y v\u00e1lvulas dispensadoras, generan un rendimiento preciso y material mezclado uniforme y de alta calidad.<\/p>\r\n<p>Cambio de color r\u00e1pido con reducci\u00f3n de residuos. El nuevo dise\u00f1o de colector de fluidos reduce el volumen de material y optimiza el paso por los puertos de fluido para el lavado de limpieza. Las v\u00e1lvulas de descarga del colector permiten purga y carga simult\u00e1neas, lo que reduce el tiempo de cambio de color y proporciona una mejor contenci\u00f3n de los residuos.<\/p>\r\n<p>Configuraciones manuales y autom\u00e1ticas. Los paneles de fluidos intr\u00ednsecamente seguros permiten su integraci\u00f3n en \u00e1reas peligrosas. Unicolor o multicolor y catalizadores no son problema para este equipo industrial de aplicaci\u00f3n de fluidos con viscosidades medias.<\/p>\r\n<p>Garant\u00eda de proporci\u00f3n precisa para una calidad de acabado superior. La programaci\u00f3n simple permite una configuraci\u00f3n r\u00e1pida y un control eficiente del proceso.<\/p>\r\n<p><img loading=\"lazy\" decoding=\"async\" class=\"alignnone size-full wp-image-2984\" src=\"http:\/\/https:\/\/www.jiproequip.com\/wp-content\/uploads\/2023\/10\/Sistema_industrial_dosificacion_componentes_Graco_Columbec_03_B.png\" alt=\"\" width=\"510\" height=\"374\" \/><\/p>\r\n<p>La dosificaci\u00f3n electr\u00f3nica ofrece el m\u00e1s alto grado de garant\u00eda de proporci\u00f3n precisa. Tambi\u00e9n proporciona una respuesta variable del proceso cr\u00edtico. Salvaguardas del sistema integradas. Soluci\u00f3n de cambio de color efectiva. Informe y monitoreo eficientes del material.<\/p>\r\n<p><img loading=\"lazy\" decoding=\"async\" class=\"alignnone size-full wp-image-2987\" src=\"http:\/\/https:\/\/www.jiproequip.com\/wp-content\/uploads\/2023\/10\/Sistema_industrial_dosificacion_componentes_Graco_Columbec_04_B.png\" alt=\"\" width=\"556\" height=\"346\" \/><\/p>\r\n<p>Puede usar hasta 30 colores y 4 catalizadores. El cambio de color y de catalizador est\u00e1 integrado f\u00e1cilmente con v\u00e1lvulas y un m\u00f3dulo de control listos para su funcionamiento. Su utilizaci\u00f3n es muy sencilla ya sea de forma manual o electr\u00f3nica. La pantalla LCD de gran tama\u00f1o es f\u00e1cil de leer y operar durante el ajuste de la m\u00e1quina y la supervisi\u00f3n de procesos. La pantalla t\u00e1ctil independiente mantiene los contaminantes fuera de la pantalla, mientras que las teclas grandes permiten el claro ingreso de datos. La estaci\u00f3n del operador remota se puede montar en el interior de la cabina de pulverizaci\u00f3n o cerca del operador para tiempos de respuesta m\u00e1s r\u00e1pidos. La estaci\u00f3n ofrece controles f\u00e1ciles de usar para la mezcla, la espera, la purga, la lectura\/el borrado de alarmas y la inserci\u00f3n de funciones de trabajo finalizado y seleccionar f\u00f3rmula.<\/p>\r\n<p>Con una proporci\u00f3n de mezcla m\u00e1xima de 50:1 para una variedad de aplicaciones. Presi\u00f3n de trabajo m\u00e1xima de 4000 psi (275,6 bar) para un solo color y catalizador, es compatible con todas las tecnolog\u00edas de pulverizaci\u00f3n. Admite dos pistolas de pulverizaci\u00f3n manuales y cajas lavapistolas.<br \/>La interfaz de red avanzada proporciona un manejo e informes de sistema consolidados. Lleve a cabo la configuraci\u00f3n del sistema y el ajuste de f\u00f3rmula de manera f\u00e1cil y r\u00e1pida. Ofrece control de proceso conveniente y optimiza la recolecci\u00f3n de datos y la elaboraci\u00f3n de informes. Gestiona las operaciones de manera m\u00e1s eficiente mediante la creaci\u00f3n de redes de varios sistemas a una sola computadora.<\/p>\r\n<p>Puerta de acceso de comunicaciones. Proporciona una integraci\u00f3n de red para sistemas autom\u00e1ticos. Ofrece flexibilidad de integraci\u00f3n con diversas capacidades de protocolo. Reduce el tiempo de instalaci\u00f3n con una configuraci\u00f3n r\u00e1pida lista para su funcionamiento.<\/p>\r\n<p>El producto suministrado por Columbec del Ecuador incluye arranque, pruebas y capacitaci\u00f3n a operadores y supervisor en caso de ser necesario.<\/p>\r\n<\/div>\r\n<\/div>\r\n<\/div>\r\n<\/div>\r\n<\/div>\r\n<\/div>\r\n<\/div>\r\n<\/div>\r\n<\/div>\r\n<\/div>\r\n<\/div>\r\n<\/div>\r\n<\/div>\r\n<\/div>\r\n<\/div>\r\n<\/div>","protected":false},"excerpt":{"rendered":"<p>Sistema industrial de dosificaci\u00f3n de componentes variados Dosificador electr\u00f3nico de componentes plurales, ideal para materiales a base de solvente, a base de agua y catalizados por \u00e1cido. Dosificaci\u00f3n precisa, desde aplicaciones b\u00e1sicas a aplicaciones de actualizaci\u00f3n, secuencias de lavado optimizadas y una tercera v\u00e1lvula de purga para manejar uretanos a base de agua para su [&hellip;]<\/p>\n","protected":false},"featured_media":2983,"comment_status":"open","ping_status":"closed","template":"","meta":{"_uag_custom_page_level_css":""},"product_brand":[],"product_cat":[38],"product_tag":[],"class_list":{"0":"post-2978","1":"product","2":"type-product","3":"status-publish","4":"has-post-thumbnail","6":"product_cat-equipos-pintura","8":"first","9":"instock","10":"shipping-taxable","11":"product-type-simple"},"yoast_head":"<!-- This site is optimized with the Yoast SEO plugin v25.2 - https:\/\/yoast.com\/wordpress\/plugins\/seo\/ -->\n<title>Sistema industrial de dosificaci\u00f3n de componentes variados - Ji-proequip<\/title>\n<meta name=\"robots\" content=\"index, follow, max-snippet:-1, max-image-preview:large, max-video-preview:-1\" \/>\n<link rel=\"canonical\" href=\"https:\/\/www.jiproequip.com\/index.php\/producto\/sistema-industrial-de-dosificacion-de-componentes-variados\/\" \/>\n<meta property=\"og:locale\" content=\"es_ES\" \/>\n<meta property=\"og:type\" content=\"article\" \/>\n<meta property=\"og:title\" content=\"Sistema industrial de dosificaci\u00f3n de componentes variados - Ji-proequip\" \/>\n<meta property=\"og:description\" content=\"Sistema industrial de dosificaci\u00f3n de componentes variados Dosificador electr\u00f3nico de componentes plurales, ideal para materiales a base de solvente, a base de agua y catalizados por \u00e1cido. Dosificaci\u00f3n precisa, desde aplicaciones b\u00e1sicas a aplicaciones de actualizaci\u00f3n, secuencias de lavado optimizadas y una tercera v\u00e1lvula de purga para manejar uretanos a base de agua para su [&hellip;]\" \/>\n<meta property=\"og:url\" content=\"https:\/\/www.jiproequip.com\/index.php\/producto\/sistema-industrial-de-dosificacion-de-componentes-variados\/\" \/>\n<meta property=\"og:site_name\" content=\"Ji-proequip\" \/>\n<meta property=\"article:modified_time\" content=\"2023-10-19T01:19:34+00:00\" \/>\n<meta property=\"og:image\" content=\"https:\/\/www.jiproequip.com\/wp-content\/uploads\/2023\/10\/Sistema_industrial_dosificacion_componentes_Graco_Columbec_B.png\" \/>\n\t<meta property=\"og:image:width\" content=\"370\" \/>\n\t<meta property=\"og:image:height\" content=\"644\" \/>\n\t<meta property=\"og:image:type\" content=\"image\/png\" \/>\n<meta name=\"twitter:card\" content=\"summary_large_image\" \/>\n<meta name=\"twitter:label1\" content=\"Tiempo de lectura\" \/>\n\t<meta name=\"twitter:data1\" content=\"4 minutos\" \/>\n<script type=\"application\/ld+json\" class=\"yoast-schema-graph\">{\"@context\":\"https:\/\/schema.org\",\"@graph\":[{\"@type\":\"WebPage\",\"@id\":\"https:\/\/www.jiproequip.com\/index.php\/producto\/sistema-industrial-de-dosificacion-de-componentes-variados\/\",\"url\":\"https:\/\/www.jiproequip.com\/index.php\/producto\/sistema-industrial-de-dosificacion-de-componentes-variados\/\",\"name\":\"Sistema industrial de dosificaci\u00f3n de componentes variados - Ji-proequip\",\"isPartOf\":{\"@id\":\"https:\/\/www.jiproequip.com\/#website\"},\"primaryImageOfPage\":{\"@id\":\"https:\/\/www.jiproequip.com\/index.php\/producto\/sistema-industrial-de-dosificacion-de-componentes-variados\/#primaryimage\"},\"image\":{\"@id\":\"https:\/\/www.jiproequip.com\/index.php\/producto\/sistema-industrial-de-dosificacion-de-componentes-variados\/#primaryimage\"},\"thumbnailUrl\":\"https:\/\/www.jiproequip.com\/wp-content\/uploads\/2023\/10\/Sistema_industrial_dosificacion_componentes_Graco_Columbec_B.png\",\"datePublished\":\"2023-10-19T01:09:33+00:00\",\"dateModified\":\"2023-10-19T01:19:34+00:00\",\"breadcrumb\":{\"@id\":\"https:\/\/www.jiproequip.com\/index.php\/producto\/sistema-industrial-de-dosificacion-de-componentes-variados\/#breadcrumb\"},\"inLanguage\":\"es\",\"potentialAction\":[{\"@type\":\"ReadAction\",\"target\":[\"https:\/\/www.jiproequip.com\/index.php\/producto\/sistema-industrial-de-dosificacion-de-componentes-variados\/\"]}]},{\"@type\":\"ImageObject\",\"inLanguage\":\"es\",\"@id\":\"https:\/\/www.jiproequip.com\/index.php\/producto\/sistema-industrial-de-dosificacion-de-componentes-variados\/#primaryimage\",\"url\":\"https:\/\/www.jiproequip.com\/wp-content\/uploads\/2023\/10\/Sistema_industrial_dosificacion_componentes_Graco_Columbec_B.png\",\"contentUrl\":\"https:\/\/www.jiproequip.com\/wp-content\/uploads\/2023\/10\/Sistema_industrial_dosificacion_componentes_Graco_Columbec_B.png\",\"width\":370,\"height\":644},{\"@type\":\"BreadcrumbList\",\"@id\":\"https:\/\/www.jiproequip.com\/index.php\/producto\/sistema-industrial-de-dosificacion-de-componentes-variados\/#breadcrumb\",\"itemListElement\":[{\"@type\":\"ListItem\",\"position\":1,\"name\":\"Home\",\"item\":\"https:\/\/www.jiproequip.com\/\"},{\"@type\":\"ListItem\",\"position\":2,\"name\":\"Tienda\",\"item\":\"https:\/\/www.jiproequip.com\/index.php\/tienda\/\"},{\"@type\":\"ListItem\",\"position\":3,\"name\":\"Sistema industrial de dosificaci\u00f3n de componentes variados\"}]},{\"@type\":\"WebSite\",\"@id\":\"https:\/\/www.jiproequip.com\/#website\",\"url\":\"https:\/\/www.jiproequip.com\/\",\"name\":\"Ji-proequip\",\"description\":\"Venta de equipos industriales con servicio t\u00e9cnico especializado\",\"publisher\":{\"@id\":\"https:\/\/www.jiproequip.com\/#organization\"},\"potentialAction\":[{\"@type\":\"SearchAction\",\"target\":{\"@type\":\"EntryPoint\",\"urlTemplate\":\"https:\/\/www.jiproequip.com\/?s={search_term_string}\"},\"query-input\":{\"@type\":\"PropertyValueSpecification\",\"valueRequired\":true,\"valueName\":\"search_term_string\"}}],\"inLanguage\":\"es\"},{\"@type\":\"Organization\",\"@id\":\"https:\/\/www.jiproequip.com\/#organization\",\"name\":\"Ji-proequip\",\"url\":\"https:\/\/www.jiproequip.com\/\",\"logo\":{\"@type\":\"ImageObject\",\"inLanguage\":\"es\",\"@id\":\"https:\/\/www.jiproequip.com\/#\/schema\/logo\/image\/\",\"url\":\"https:\/\/www.jiproequip.com\/wp-content\/uploads\/2025\/06\/LOGO-JIproequip-2025.png\",\"contentUrl\":\"https:\/\/www.jiproequip.com\/wp-content\/uploads\/2025\/06\/LOGO-JIproequip-2025.png\",\"width\":2433,\"height\":596,\"caption\":\"Ji-proequip\"},\"image\":{\"@id\":\"https:\/\/www.jiproequip.com\/#\/schema\/logo\/image\/\"}}]}<\/script>\n<!-- \/ Yoast SEO plugin. -->","yoast_head_json":{"title":"Sistema industrial de dosificaci\u00f3n de componentes variados - Ji-proequip","robots":{"index":"index","follow":"follow","max-snippet":"max-snippet:-1","max-image-preview":"max-image-preview:large","max-video-preview":"max-video-preview:-1"},"canonical":"https:\/\/www.jiproequip.com\/index.php\/producto\/sistema-industrial-de-dosificacion-de-componentes-variados\/","og_locale":"es_ES","og_type":"article","og_title":"Sistema industrial de dosificaci\u00f3n de componentes variados - Ji-proequip","og_description":"Sistema industrial de dosificaci\u00f3n de componentes variados Dosificador electr\u00f3nico de componentes plurales, ideal para materiales a base de solvente, a base de agua y catalizados por \u00e1cido. Dosificaci\u00f3n precisa, desde aplicaciones b\u00e1sicas a aplicaciones de actualizaci\u00f3n, secuencias de lavado optimizadas y una tercera v\u00e1lvula de purga para manejar uretanos a base de agua para su [&hellip;]","og_url":"https:\/\/www.jiproequip.com\/index.php\/producto\/sistema-industrial-de-dosificacion-de-componentes-variados\/","og_site_name":"Ji-proequip","article_modified_time":"2023-10-19T01:19:34+00:00","og_image":[{"width":370,"height":644,"url":"https:\/\/www.jiproequip.com\/wp-content\/uploads\/2023\/10\/Sistema_industrial_dosificacion_componentes_Graco_Columbec_B.png","type":"image\/png"}],"twitter_card":"summary_large_image","twitter_misc":{"Tiempo de lectura":"4 minutos"},"schema":{"@context":"https:\/\/schema.org","@graph":[{"@type":"WebPage","@id":"https:\/\/www.jiproequip.com\/index.php\/producto\/sistema-industrial-de-dosificacion-de-componentes-variados\/","url":"https:\/\/www.jiproequip.com\/index.php\/producto\/sistema-industrial-de-dosificacion-de-componentes-variados\/","name":"Sistema industrial de dosificaci\u00f3n de componentes variados - Ji-proequip","isPartOf":{"@id":"https:\/\/www.jiproequip.com\/#website"},"primaryImageOfPage":{"@id":"https:\/\/www.jiproequip.com\/index.php\/producto\/sistema-industrial-de-dosificacion-de-componentes-variados\/#primaryimage"},"image":{"@id":"https:\/\/www.jiproequip.com\/index.php\/producto\/sistema-industrial-de-dosificacion-de-componentes-variados\/#primaryimage"},"thumbnailUrl":"https:\/\/www.jiproequip.com\/wp-content\/uploads\/2023\/10\/Sistema_industrial_dosificacion_componentes_Graco_Columbec_B.png","datePublished":"2023-10-19T01:09:33+00:00","dateModified":"2023-10-19T01:19:34+00:00","breadcrumb":{"@id":"https:\/\/www.jiproequip.com\/index.php\/producto\/sistema-industrial-de-dosificacion-de-componentes-variados\/#breadcrumb"},"inLanguage":"es","potentialAction":[{"@type":"ReadAction","target":["https:\/\/www.jiproequip.com\/index.php\/producto\/sistema-industrial-de-dosificacion-de-componentes-variados\/"]}]},{"@type":"ImageObject","inLanguage":"es","@id":"https:\/\/www.jiproequip.com\/index.php\/producto\/sistema-industrial-de-dosificacion-de-componentes-variados\/#primaryimage","url":"https:\/\/www.jiproequip.com\/wp-content\/uploads\/2023\/10\/Sistema_industrial_dosificacion_componentes_Graco_Columbec_B.png","contentUrl":"https:\/\/www.jiproequip.com\/wp-content\/uploads\/2023\/10\/Sistema_industrial_dosificacion_componentes_Graco_Columbec_B.png","width":370,"height":644},{"@type":"BreadcrumbList","@id":"https:\/\/www.jiproequip.com\/index.php\/producto\/sistema-industrial-de-dosificacion-de-componentes-variados\/#breadcrumb","itemListElement":[{"@type":"ListItem","position":1,"name":"Home","item":"https:\/\/www.jiproequip.com\/"},{"@type":"ListItem","position":2,"name":"Tienda","item":"https:\/\/www.jiproequip.com\/index.php\/tienda\/"},{"@type":"ListItem","position":3,"name":"Sistema industrial de dosificaci\u00f3n de componentes variados"}]},{"@type":"WebSite","@id":"https:\/\/www.jiproequip.com\/#website","url":"https:\/\/www.jiproequip.com\/","name":"Ji-proequip","description":"Venta de equipos industriales con servicio t\u00e9cnico especializado","publisher":{"@id":"https:\/\/www.jiproequip.com\/#organization"},"potentialAction":[{"@type":"SearchAction","target":{"@type":"EntryPoint","urlTemplate":"https:\/\/www.jiproequip.com\/?s={search_term_string}"},"query-input":{"@type":"PropertyValueSpecification","valueRequired":true,"valueName":"search_term_string"}}],"inLanguage":"es"},{"@type":"Organization","@id":"https:\/\/www.jiproequip.com\/#organization","name":"Ji-proequip","url":"https:\/\/www.jiproequip.com\/","logo":{"@type":"ImageObject","inLanguage":"es","@id":"https:\/\/www.jiproequip.com\/#\/schema\/logo\/image\/","url":"https:\/\/www.jiproequip.com\/wp-content\/uploads\/2025\/06\/LOGO-JIproequip-2025.png","contentUrl":"https:\/\/www.jiproequip.com\/wp-content\/uploads\/2025\/06\/LOGO-JIproequip-2025.png","width":2433,"height":596,"caption":"Ji-proequip"},"image":{"@id":"https:\/\/www.jiproequip.com\/#\/schema\/logo\/image\/"}}]}},"uagb_featured_image_src":{"full":["https:\/\/www.jiproequip.com\/wp-content\/uploads\/2023\/10\/Sistema_industrial_dosificacion_componentes_Graco_Columbec_B.png",370,644,false],"thumbnail":["https:\/\/www.jiproequip.com\/wp-content\/uploads\/2023\/10\/Sistema_industrial_dosificacion_componentes_Graco_Columbec_B.png",86,150,false],"medium":["https:\/\/www.jiproequip.com\/wp-content\/uploads\/2023\/10\/Sistema_industrial_dosificacion_componentes_Graco_Columbec_B.png",172,300,false],"medium_large":["https:\/\/www.jiproequip.com\/wp-content\/uploads\/2023\/10\/Sistema_industrial_dosificacion_componentes_Graco_Columbec_B.png",370,644,false],"large":["https:\/\/www.jiproequip.com\/wp-content\/uploads\/2023\/10\/Sistema_industrial_dosificacion_componentes_Graco_Columbec_B.png",370,644,false],"1536x1536":["https:\/\/www.jiproequip.com\/wp-content\/uploads\/2023\/10\/Sistema_industrial_dosificacion_componentes_Graco_Columbec_B.png",370,644,false],"2048x2048":["https:\/\/www.jiproequip.com\/wp-content\/uploads\/2023\/10\/Sistema_industrial_dosificacion_componentes_Graco_Columbec_B.png",370,644,false],"mailpoet_newsletter_max":["https:\/\/www.jiproequip.com\/wp-content\/uploads\/2023\/10\/Sistema_industrial_dosificacion_componentes_Graco_Columbec_B.png",370,644,false],"woocommerce_thumbnail":["https:\/\/www.jiproequip.com\/wp-content\/uploads\/2023\/10\/Sistema_industrial_dosificacion_componentes_Graco_Columbec_B.png",300,522,false],"woocommerce_single":["https:\/\/www.jiproequip.com\/wp-content\/uploads\/2023\/10\/Sistema_industrial_dosificacion_componentes_Graco_Columbec_B.png",370,644,false],"woocommerce_gallery_thumbnail":["https:\/\/www.jiproequip.com\/wp-content\/uploads\/2023\/10\/Sistema_industrial_dosificacion_componentes_Graco_Columbec_B-100x100.png",100,100,true]},"uagb_author_info":{"display_name":"admin_jiproeq","author_link":"https:\/\/www.jiproequip.com\/index.php\/author\/"},"uagb_comment_info":0,"uagb_excerpt":"Sistema industrial de dosificaci\u00f3n de componentes variados Dosificador electr\u00f3nico de componentes plurales, ideal para materiales a base de solvente, a base de agua y catalizados por \u00e1cido. Dosificaci\u00f3n precisa, desde aplicaciones b\u00e1sicas a aplicaciones de actualizaci\u00f3n, secuencias de lavado optimizadas y una tercera v\u00e1lvula de purga para manejar uretanos a base de agua para su&hellip;","jetpack_sharing_enabled":true,"_links":{"self":[{"href":"https:\/\/www.jiproequip.com\/index.php\/wp-json\/wp\/v2\/product\/2978","targetHints":{"allow":["GET"]}}],"collection":[{"href":"https:\/\/www.jiproequip.com\/index.php\/wp-json\/wp\/v2\/product"}],"about":[{"href":"https:\/\/www.jiproequip.com\/index.php\/wp-json\/wp\/v2\/types\/product"}],"replies":[{"embeddable":true,"href":"https:\/\/www.jiproequip.com\/index.php\/wp-json\/wp\/v2\/comments?post=2978"}],"wp:featuredmedia":[{"embeddable":true,"href":"https:\/\/www.jiproequip.com\/index.php\/wp-json\/wp\/v2\/media\/2983"}],"wp:attachment":[{"href":"https:\/\/www.jiproequip.com\/index.php\/wp-json\/wp\/v2\/media?parent=2978"}],"wp:term":[{"taxonomy":"product_brand","embeddable":true,"href":"https:\/\/www.jiproequip.com\/index.php\/wp-json\/wp\/v2\/product_brand?post=2978"},{"taxonomy":"product_cat","embeddable":true,"href":"https:\/\/www.jiproequip.com\/index.php\/wp-json\/wp\/v2\/product_cat?post=2978"},{"taxonomy":"product_tag","embeddable":true,"href":"https:\/\/www.jiproequip.com\/index.php\/wp-json\/wp\/v2\/product_tag?post=2978"}],"curies":[{"name":"wp","href":"https:\/\/api.w.org\/{rel}","templated":true}]}}