{"id":2993,"date":"2023-10-18T20:25:51","date_gmt":"2023-10-19T01:25:51","guid":{"rendered":"https:\/\/www.jiproequip.com\/?post_type=product&#038;p=2993"},"modified":"2023-10-18T20:35:34","modified_gmt":"2023-10-19T01:35:34","slug":"pulverizador-de-texturas-para-contratistas-con-compresor-de-aire-incorporado","status":"publish","type":"product","link":"https:\/\/www.jiproequip.com\/index.php\/producto\/pulverizador-de-texturas-para-contratistas-con-compresor-de-aire-incorporado\/","title":{"rendered":"Pulverizador de texturas para contratistas con compresor de aire incorporado"},"content":{"rendered":"<div class=\"wp-block-stackable-column stk-block-column stk-column stk-block stk-a42bbec\" data-v=\"4\" data-block-id=\"a42bbec\">\r\n<div class=\"stk-column-wrapper stk-block-column__content stk-container stk-a42bbec-container stk--no-background stk--no-padding\">\r\n<div class=\"stk-block-content stk-inner-blocks stk-a42bbec-inner-blocks\"><div class=\"wp-block-stackable-carousel stk-block-carousel stk--is-slide stk--arrows-justify-space-between stk--arrows-align-center stk-block stk-6d5b6f7\" data-slides-to-show=\"\" data-block-id=\"6d5b6f7\">\r\n<div class=\"stk-block-carousel__content-wrapper\">\r\n<div class=\"stk-row stk-inner-blocks stk-block-content stk-block-carousel__slider-wrapper stk-content-align stk-6d5b6f7-column\">\r\n<div class=\"stk-block-carousel__slider\" role=\"list\" data-autoplay=\"4000\" data-label-slide-of=\"Slide %%d of %%d\"><div class=\"wp-block-stackable-column stk-block-column stk-column stk-block stk-5a69e44\" data-v=\"4\" data-block-id=\"5a69e44\">\r\n<div class=\"stk-column-wrapper stk-block-column__content stk-container stk-5a69e44-container stk--no-background stk--no-padding\">\r\n<div class=\"stk-block-content stk-inner-blocks stk-5a69e44-inner-blocks\"><div class=\"wp-block-stackable-image stk-block-image stk-block stk-64219fc\" data-block-id=\"64219fc\">\r\n<figure class=\"stk-img-wrapper stk-image--shape-stretch\"><img loading=\"lazy\" decoding=\"async\" class=\"stk-img                                                             alignnone wp-image-2999 \" src=\"http:\/\/https:\/\/www.jiproequip.com\/wp-content\/uploads\/2023\/10\/Pulverizador_texturas_pinturas_profesional_motor_2_HP_Graco_Columbec_B.png\" alt=\"\" width=\"309\" height=\"409\" \/><\/figure>\r\n<\/div><\/div>\r\n<\/div>\r\n<\/div><\/div>\r\n<\/div>\r\n<\/div>\r\n<\/div><\/div>\r\n<\/div>\r\n<\/div><div class=\"wp-block-stackable-column stk-block-column stk-column stk-block stk-776f52c\" data-v=\"4\" data-block-id=\"776f52c\">\r\n<div class=\"stk-column-wrapper stk-block-column__content stk-container stk-776f52c-container stk--no-background stk--no-padding\">\r\n<div class=\"stk-block-content stk-inner-blocks stk-776f52c-inner-blocks\"><div id=\"unidad-trifasica-de-lavado-de-alta-presion-de-agua-fria-a-2175-p-s-i\" class=\"wp-block-stackable-heading stk-block-heading stk-block-heading--v2 stk-block stk-6ead452 stk-block-background\" data-block-id=\"6ead452\">\r\n<div class=\"pl_i2t\">\r\n<div class=\"pl_i2t\">\r\n<div class=\"pl_i2t\">\r\n<div class=\"pl_i2t\">\r\n<div class=\"pl_i2t\">\r\n<div class=\"pl_i2t\">\r\n<div class=\"pl_i2t\">\r\n<div class=\"pl_i2t\">\r\n<div class=\"pl_i2t\">\r\n<div class=\"pl_i2t\">\r\n<div class=\"pl_i2t\">\r\n<div class=\"pl_i2t\">\r\n<div class=\"pl_i2t\">\r\n<div class=\"pl_i2t\">\r\n<div class=\"pl_i2t\">\r\n<div class=\"pl_i2t\">\r\n<div class=\"pl_i2t\">\r\n<div class=\"pl_i2t\">\r\n<div class=\"pl_i2t\">\r\n<div class=\"pl_i2t\">\r\n<div class=\"pl_i2t\">\r\n<div class=\"pl_i2t\">\r\n<div class=\"pl_i2t\">\r\n<div class=\"pl_i2t\">\r\n<div class=\"pl_i2t\">\r\n<div class=\"pl_i2t\">\r\n<div class=\"pl_i2t\">\r\n<div class=\"pl_i2t\">\r\n<div class=\"pl_i2t\">\r\n<div class=\"pl_i2t\">\r\n<div class=\"pl_i2t\">\r\n<div class=\"pl_i2t\">\r\n<div class=\"pl_i2t\">\r\n<div class=\"pl_i2t\">\r\n<div class=\"pl_i2t\">\r\n<div class=\"pl_i2t\">\r\n<div class=\"pl_i2t\">\r\n<div class=\"pl_i2t\">\r\n<div class=\"pl_i2t\">\r\n<div class=\"pl_i2t\">\r\n<div class=\"pl_i2t\">\r\n<div class=\"pl_i2t\">\r\n<div class=\"pl_i2t\">\r\n<div class=\"pl_i2t\">\r\n<div class=\"pl_i2t\">\r\n<div class=\"pl_i2t\">\r\n<div class=\"pl_i2t\">\r\n<div class=\"pl_i2t\">\r\n<div class=\"pl_i2t\">\r\n<div class=\"pl_i2t\">\r\n<div class=\"pl_i2t\">\r\n<div class=\"pl_i2t\">\r\n<div class=\"pl_i2t\">\r\n<div class=\"pl_i2t\">\r\n<div class=\"pl_i2t\">\r\n<div class=\"pl_i2t\">\r\n<div class=\"pl_i2t\">\r\n<div class=\"pl_i2t\">\r\n<div class=\"pl_i2t\">\r\n<div class=\"pl_i2t\">\r\n<div class=\"pl_i2t\">\r\n<div class=\"pl_i2t\">\r\n<div class=\"pl_i2t\">\r\n<div class=\"pl_i2t\">\r\n<div class=\"pl_i2t\">\r\n<div class=\"pl_i2t\">\r\n<div class=\"pl_i2t\">\r\n<div class=\"pl_i2t\">\r\n<div class=\"pl_i2t\">\r\n<div class=\"pl_i2t\">\r\n<div class=\"pl_i2t\">\r\n<div class=\"pl_i2t\">\r\n<div class=\"pl_i2t\">\r\n<div class=\"pl_i2t\">\r\n<div class=\"pl_i2t\">\r\n<div class=\"pl_i2t\">\r\n<div class=\"pl_i2t\">\r\n<div class=\"pl_i2t\">\r\n<div class=\"pl_i2t\">\r\n<div class=\"pl_i2t\">\r\n<div class=\"pl_i2t\">\r\n<div class=\"pl_i2t\">\r\n<h2>Pulverizador de texturas para contratistas con compresor de aire incorporado<\/h2>\r\n<\/div>\r\n<\/div>\r\n<\/div>\r\n<\/div>\r\n<\/div>\r\n<\/div>\r\n<\/div>\r\n<\/div>\r\n<\/div>\r\n<\/div>\r\n<\/div>\r\n<\/div>\r\n<\/div>\r\n<\/div>\r\n<\/div>\r\n<\/div>\r\n<\/div>\r\n<\/div>\r\n<\/div>\r\n<\/div>\r\n<\/div>\r\n<\/div>\r\n<\/div>\r\n<\/div>\r\n<\/div>\r\n<\/div>\r\n<\/div>\r\n<\/div>\r\n<\/div>\r\n<\/div>\r\n<\/div>\r\n<\/div>\r\n<\/div>\r\n<\/div>\r\n<\/div>\r\n<\/div>\r\n<\/div>\r\n<\/div>\r\n<\/div>\r\n<\/div>\r\n<\/div>\r\n<\/div>\r\n<\/div>\r\n<\/div>\r\n<\/div>\r\n<\/div>\r\n<\/div>\r\n<\/div>\r\n<\/div>\r\n<\/div>\r\n<\/div>\r\n<\/div>\r\n<\/div>\r\n<\/div>\r\n<\/div>\r\n<\/div>\r\n<\/div>\r\n<\/div>\r\n<\/div>\r\n<\/div>\r\n<\/div>\r\n<\/div>\r\n<\/div>\r\n<\/div>\r\n<\/div>\r\n<\/div>\r\n<\/div>\r\n<\/div>\r\n<\/div>\r\n<\/div>\r\n<\/div>\r\n<\/div>\r\n<\/div>\r\n<\/div>\r\n<\/div>\r\n<\/div>\r\n<\/div>\r\n<\/div>\r\n<\/div>\r\n<\/div>\r\n<\/div>\r\n<\/div>\r\n<div class=\"pl_i2c\">\r\n<div class=\"pl_i2c\">\r\n<div class=\"pl_i2c\">\r\n<div class=\"pl_i2c\">\r\n<div class=\"pl_i2c\">\r\n<div class=\"pl_i2c\">\r\n<div class=\"pl_i2c\">\r\n<div class=\"pl_i2c\">\r\n<div class=\"pl_i2c\">\r\n<div class=\"pl_i2c\">\r\n<div class=\"pl_i2c\">\r\n<div>\r\n<p><strong>PRODUCTO EN OFERTA<\/strong>. Es la opci\u00f3n ideal para aplicaciones de textura interior y exterior. Para contratistas profesionales que buscan pulverizar acabados de textura de alta calidad con una m\u00e1quina simple e independiente. Requiere que la mezcla para estucado no tenga contenido de arena.<\/p>\r\n<p>El sistema con muy poco mantenimiento, presenta una bomba de manguera simple e incre\u00edblemente resistente que proporciona energ\u00eda y rendimiento sin igual. El dise\u00f1o \u00fanico de flujo ofrece un suministro constante de material para una cobertura uniforme y un patr\u00f3n de pulverizaci\u00f3n constante \u00a1en todo momento!<\/p>\r\n<p>Durabilidad sin igual con materiales abrasivos. El dise\u00f1o de larga duraci\u00f3n es excepcionalmente f\u00e1cil de mantener y f\u00e1cil de limpiar, sin piezas que se oxiden. El movimiento perist\u00e1ltico facilita el paso de grandes part\u00edculas.<\/p>\r\n<p>Tolva de gran capacidad de 8 galones. La altura ultra baja de la entrada de 32 pulgadas hace que recargar la tolva sea m\u00e1s f\u00e1cil.<br \/>Las pistolas que vienen con este sistema industrial, al haberse dise\u00f1ado espec\u00edficamente presentan pasajes de gran tama\u00f1o y una construcci\u00f3n duradera. Roscas de cabezal extra gruesas permiten un r\u00e1pido y f\u00e1cil cambio de boquilla. F\u00e1cil manejo de mezclas pesadas y \u00e1ridos. Ajuste integrado de agujas y de aire mediante v\u00e1lvula de bola.<\/p>\r\n<p><strong>Algunos consejos \u00fatiles al pulverizar texturas:<\/strong><br \/>Mezcle siempre el material (compuesto para juntas) hasta llegar a la consistencia uniforme deseada antes de la pulverizaci\u00f3n, incluso si no lo va a diluir. Para crear acabados con salpicaduras personalizadas, cambie el tama\u00f1o de las gotas. Para crear gotas peque\u00f1as, aumente el aire de atomizaci\u00f3n en la pistola y diluya la mezcla de material. Para crear gotas m\u00e1s grandes, disminuya el aire en la pistola o utilice una mezcla m\u00e1s espesa. Permitir que pase tiempo entre la aplicaci\u00f3n de pulverizado y el golpeado del acabado producir\u00e1 un acabado con mayor perfil y relieve. Si est\u00e1 utilizando un material en polvo seco, siempre vierta agua en el contenedor de mezcla en primer lugar y, a continuaci\u00f3n, a\u00f1ada poco a poco el polvo seco. Mezcle hasta obtener una consistencia uniforme. Siempre empiece a trabajar a presiones bajas sobre el material. Aumente lentamente la presi\u00f3n, pero solo al m\u00ednimo requerido para una aplicaci\u00f3n exitosa. Si la presi\u00f3n es excesiva puede provocar que el material con \u00e1ridos se asiente. Para garantizar que los recubrimientos acr\u00edlicos y elastom\u00e9ricos con \u00e1ridos sean lo suficientemente estables para pulverizar, mezcle el material y deje reposar durante 30 minutos. Los materiales inestables tendr\u00e1n grandes cantidades de l\u00edquido en la parte superior, lo que indica que no son capaces de mantener los \u00e1ridos en suspensi\u00f3n. Si tiene que pulverizar productos qu\u00edmicos para el curado, preste especial atenci\u00f3n al tiempo de fraguado del material y aseg\u00farese de lavar completamente el sistema antes de que empiece a secarse.<br \/>Las unidades incluyen. Pistola con gatillo para pulverizaci\u00f3n con aire. Boquillas de 3 mm, 4 mm, 6 mm, 8 mm. Manguera de aire\/material unida de 3\/4 pulg. x 25 pies (19 mm x 7,5 m)<\/p>\r\n<\/div>\r\n<\/div>\r\n<\/div>\r\n<\/div>\r\n<\/div>\r\n<\/div>\r\n<\/div>\r\n<\/div>\r\n<\/div>\r\n<\/div>\r\n<\/div>\r\n<\/div>\r\n<\/div>\r\n<\/div>\r\n<\/div>\r\n<\/div>","protected":false},"excerpt":{"rendered":"<p>Pulverizador de texturas para contratistas con compresor de aire incorporado PRODUCTO EN OFERTA. Es la opci\u00f3n ideal para aplicaciones de textura interior y exterior. Para contratistas profesionales que buscan pulverizar acabados de textura de alta calidad con una m\u00e1quina simple e independiente. Requiere que la mezcla para estucado no tenga contenido de arena. El sistema [&hellip;]<\/p>\n","protected":false},"featured_media":3001,"comment_status":"open","ping_status":"closed","template":"","meta":{"_uag_custom_page_level_css":""},"product_brand":[],"product_cat":[38],"product_tag":[],"class_list":{"0":"post-2993","1":"product","2":"type-product","3":"status-publish","4":"has-post-thumbnail","6":"product_cat-equipos-pintura","8":"first","9":"instock","10":"shipping-taxable","11":"product-type-simple"},"yoast_head":"<!-- This site is optimized with the Yoast SEO plugin v25.2 - https:\/\/yoast.com\/wordpress\/plugins\/seo\/ -->\n<title>Pulverizador de texturas para contratistas con compresor de aire incorporado - Ji-proequip<\/title>\n<meta name=\"robots\" content=\"index, follow, max-snippet:-1, max-image-preview:large, max-video-preview:-1\" \/>\n<link rel=\"canonical\" href=\"https:\/\/www.jiproequip.com\/index.php\/producto\/pulverizador-de-texturas-para-contratistas-con-compresor-de-aire-incorporado\/\" \/>\n<meta property=\"og:locale\" content=\"es_ES\" \/>\n<meta property=\"og:type\" content=\"article\" \/>\n<meta property=\"og:title\" content=\"Pulverizador de texturas para contratistas con compresor de aire incorporado - Ji-proequip\" \/>\n<meta property=\"og:description\" content=\"Pulverizador de texturas para contratistas con compresor de aire incorporado PRODUCTO EN OFERTA. Es la opci\u00f3n ideal para aplicaciones de textura interior y exterior. Para contratistas profesionales que buscan pulverizar acabados de textura de alta calidad con una m\u00e1quina simple e independiente. Requiere que la mezcla para estucado no tenga contenido de arena. El sistema [&hellip;]\" \/>\n<meta property=\"og:url\" content=\"https:\/\/www.jiproequip.com\/index.php\/producto\/pulverizador-de-texturas-para-contratistas-con-compresor-de-aire-incorporado\/\" \/>\n<meta property=\"og:site_name\" content=\"Ji-proequip\" \/>\n<meta property=\"article:modified_time\" content=\"2023-10-19T01:35:34+00:00\" \/>\n<meta property=\"og:image\" content=\"https:\/\/www.jiproequip.com\/wp-content\/uploads\/2023\/10\/Pulverizador_texturas_usar_compresor_aire_Graco_Columbec_B.png\" \/>\n\t<meta property=\"og:image:width\" content=\"476\" \/>\n\t<meta property=\"og:image:height\" content=\"489\" \/>\n\t<meta property=\"og:image:type\" content=\"image\/png\" \/>\n<meta name=\"twitter:card\" content=\"summary_large_image\" \/>\n<meta name=\"twitter:label1\" content=\"Tiempo de lectura\" \/>\n\t<meta name=\"twitter:data1\" content=\"3 minutos\" \/>\n<script type=\"application\/ld+json\" class=\"yoast-schema-graph\">{\"@context\":\"https:\/\/schema.org\",\"@graph\":[{\"@type\":\"WebPage\",\"@id\":\"https:\/\/www.jiproequip.com\/index.php\/producto\/pulverizador-de-texturas-para-contratistas-con-compresor-de-aire-incorporado\/\",\"url\":\"https:\/\/www.jiproequip.com\/index.php\/producto\/pulverizador-de-texturas-para-contratistas-con-compresor-de-aire-incorporado\/\",\"name\":\"Pulverizador de texturas para contratistas con compresor de aire incorporado - Ji-proequip\",\"isPartOf\":{\"@id\":\"https:\/\/www.jiproequip.com\/#website\"},\"primaryImageOfPage\":{\"@id\":\"https:\/\/www.jiproequip.com\/index.php\/producto\/pulverizador-de-texturas-para-contratistas-con-compresor-de-aire-incorporado\/#primaryimage\"},\"image\":{\"@id\":\"https:\/\/www.jiproequip.com\/index.php\/producto\/pulverizador-de-texturas-para-contratistas-con-compresor-de-aire-incorporado\/#primaryimage\"},\"thumbnailUrl\":\"https:\/\/www.jiproequip.com\/wp-content\/uploads\/2023\/10\/Pulverizador_texturas_usar_compresor_aire_Graco_Columbec_B.png\",\"datePublished\":\"2023-10-19T01:25:51+00:00\",\"dateModified\":\"2023-10-19T01:35:34+00:00\",\"breadcrumb\":{\"@id\":\"https:\/\/www.jiproequip.com\/index.php\/producto\/pulverizador-de-texturas-para-contratistas-con-compresor-de-aire-incorporado\/#breadcrumb\"},\"inLanguage\":\"es\",\"potentialAction\":[{\"@type\":\"ReadAction\",\"target\":[\"https:\/\/www.jiproequip.com\/index.php\/producto\/pulverizador-de-texturas-para-contratistas-con-compresor-de-aire-incorporado\/\"]}]},{\"@type\":\"ImageObject\",\"inLanguage\":\"es\",\"@id\":\"https:\/\/www.jiproequip.com\/index.php\/producto\/pulverizador-de-texturas-para-contratistas-con-compresor-de-aire-incorporado\/#primaryimage\",\"url\":\"https:\/\/www.jiproequip.com\/wp-content\/uploads\/2023\/10\/Pulverizador_texturas_usar_compresor_aire_Graco_Columbec_B.png\",\"contentUrl\":\"https:\/\/www.jiproequip.com\/wp-content\/uploads\/2023\/10\/Pulverizador_texturas_usar_compresor_aire_Graco_Columbec_B.png\",\"width\":476,\"height\":489},{\"@type\":\"BreadcrumbList\",\"@id\":\"https:\/\/www.jiproequip.com\/index.php\/producto\/pulverizador-de-texturas-para-contratistas-con-compresor-de-aire-incorporado\/#breadcrumb\",\"itemListElement\":[{\"@type\":\"ListItem\",\"position\":1,\"name\":\"Home\",\"item\":\"https:\/\/www.jiproequip.com\/\"},{\"@type\":\"ListItem\",\"position\":2,\"name\":\"Tienda\",\"item\":\"https:\/\/www.jiproequip.com\/index.php\/tienda\/\"},{\"@type\":\"ListItem\",\"position\":3,\"name\":\"Pulverizador de texturas para contratistas con compresor de aire incorporado\"}]},{\"@type\":\"WebSite\",\"@id\":\"https:\/\/www.jiproequip.com\/#website\",\"url\":\"https:\/\/www.jiproequip.com\/\",\"name\":\"Ji-proequip\",\"description\":\"Venta de equipos industriales con servicio t\u00e9cnico especializado\",\"publisher\":{\"@id\":\"https:\/\/www.jiproequip.com\/#organization\"},\"potentialAction\":[{\"@type\":\"SearchAction\",\"target\":{\"@type\":\"EntryPoint\",\"urlTemplate\":\"https:\/\/www.jiproequip.com\/?s={search_term_string}\"},\"query-input\":{\"@type\":\"PropertyValueSpecification\",\"valueRequired\":true,\"valueName\":\"search_term_string\"}}],\"inLanguage\":\"es\"},{\"@type\":\"Organization\",\"@id\":\"https:\/\/www.jiproequip.com\/#organization\",\"name\":\"Ji-proequip\",\"url\":\"https:\/\/www.jiproequip.com\/\",\"logo\":{\"@type\":\"ImageObject\",\"inLanguage\":\"es\",\"@id\":\"https:\/\/www.jiproequip.com\/#\/schema\/logo\/image\/\",\"url\":\"https:\/\/www.jiproequip.com\/wp-content\/uploads\/2025\/06\/LOGO-JIproequip-2025.png\",\"contentUrl\":\"https:\/\/www.jiproequip.com\/wp-content\/uploads\/2025\/06\/LOGO-JIproequip-2025.png\",\"width\":2433,\"height\":596,\"caption\":\"Ji-proequip\"},\"image\":{\"@id\":\"https:\/\/www.jiproequip.com\/#\/schema\/logo\/image\/\"}}]}<\/script>\n<!-- \/ Yoast SEO plugin. -->","yoast_head_json":{"title":"Pulverizador de texturas para contratistas con compresor de aire incorporado - Ji-proequip","robots":{"index":"index","follow":"follow","max-snippet":"max-snippet:-1","max-image-preview":"max-image-preview:large","max-video-preview":"max-video-preview:-1"},"canonical":"https:\/\/www.jiproequip.com\/index.php\/producto\/pulverizador-de-texturas-para-contratistas-con-compresor-de-aire-incorporado\/","og_locale":"es_ES","og_type":"article","og_title":"Pulverizador de texturas para contratistas con compresor de aire incorporado - Ji-proequip","og_description":"Pulverizador de texturas para contratistas con compresor de aire incorporado PRODUCTO EN OFERTA. Es la opci\u00f3n ideal para aplicaciones de textura interior y exterior. Para contratistas profesionales que buscan pulverizar acabados de textura de alta calidad con una m\u00e1quina simple e independiente. Requiere que la mezcla para estucado no tenga contenido de arena. El sistema [&hellip;]","og_url":"https:\/\/www.jiproequip.com\/index.php\/producto\/pulverizador-de-texturas-para-contratistas-con-compresor-de-aire-incorporado\/","og_site_name":"Ji-proequip","article_modified_time":"2023-10-19T01:35:34+00:00","og_image":[{"width":476,"height":489,"url":"https:\/\/www.jiproequip.com\/wp-content\/uploads\/2023\/10\/Pulverizador_texturas_usar_compresor_aire_Graco_Columbec_B.png","type":"image\/png"}],"twitter_card":"summary_large_image","twitter_misc":{"Tiempo de lectura":"3 minutos"},"schema":{"@context":"https:\/\/schema.org","@graph":[{"@type":"WebPage","@id":"https:\/\/www.jiproequip.com\/index.php\/producto\/pulverizador-de-texturas-para-contratistas-con-compresor-de-aire-incorporado\/","url":"https:\/\/www.jiproequip.com\/index.php\/producto\/pulverizador-de-texturas-para-contratistas-con-compresor-de-aire-incorporado\/","name":"Pulverizador de texturas para contratistas con compresor de aire incorporado - Ji-proequip","isPartOf":{"@id":"https:\/\/www.jiproequip.com\/#website"},"primaryImageOfPage":{"@id":"https:\/\/www.jiproequip.com\/index.php\/producto\/pulverizador-de-texturas-para-contratistas-con-compresor-de-aire-incorporado\/#primaryimage"},"image":{"@id":"https:\/\/www.jiproequip.com\/index.php\/producto\/pulverizador-de-texturas-para-contratistas-con-compresor-de-aire-incorporado\/#primaryimage"},"thumbnailUrl":"https:\/\/www.jiproequip.com\/wp-content\/uploads\/2023\/10\/Pulverizador_texturas_usar_compresor_aire_Graco_Columbec_B.png","datePublished":"2023-10-19T01:25:51+00:00","dateModified":"2023-10-19T01:35:34+00:00","breadcrumb":{"@id":"https:\/\/www.jiproequip.com\/index.php\/producto\/pulverizador-de-texturas-para-contratistas-con-compresor-de-aire-incorporado\/#breadcrumb"},"inLanguage":"es","potentialAction":[{"@type":"ReadAction","target":["https:\/\/www.jiproequip.com\/index.php\/producto\/pulverizador-de-texturas-para-contratistas-con-compresor-de-aire-incorporado\/"]}]},{"@type":"ImageObject","inLanguage":"es","@id":"https:\/\/www.jiproequip.com\/index.php\/producto\/pulverizador-de-texturas-para-contratistas-con-compresor-de-aire-incorporado\/#primaryimage","url":"https:\/\/www.jiproequip.com\/wp-content\/uploads\/2023\/10\/Pulverizador_texturas_usar_compresor_aire_Graco_Columbec_B.png","contentUrl":"https:\/\/www.jiproequip.com\/wp-content\/uploads\/2023\/10\/Pulverizador_texturas_usar_compresor_aire_Graco_Columbec_B.png","width":476,"height":489},{"@type":"BreadcrumbList","@id":"https:\/\/www.jiproequip.com\/index.php\/producto\/pulverizador-de-texturas-para-contratistas-con-compresor-de-aire-incorporado\/#breadcrumb","itemListElement":[{"@type":"ListItem","position":1,"name":"Home","item":"https:\/\/www.jiproequip.com\/"},{"@type":"ListItem","position":2,"name":"Tienda","item":"https:\/\/www.jiproequip.com\/index.php\/tienda\/"},{"@type":"ListItem","position":3,"name":"Pulverizador de texturas para contratistas con compresor de aire incorporado"}]},{"@type":"WebSite","@id":"https:\/\/www.jiproequip.com\/#website","url":"https:\/\/www.jiproequip.com\/","name":"Ji-proequip","description":"Venta de equipos industriales con servicio t\u00e9cnico especializado","publisher":{"@id":"https:\/\/www.jiproequip.com\/#organization"},"potentialAction":[{"@type":"SearchAction","target":{"@type":"EntryPoint","urlTemplate":"https:\/\/www.jiproequip.com\/?s={search_term_string}"},"query-input":{"@type":"PropertyValueSpecification","valueRequired":true,"valueName":"search_term_string"}}],"inLanguage":"es"},{"@type":"Organization","@id":"https:\/\/www.jiproequip.com\/#organization","name":"Ji-proequip","url":"https:\/\/www.jiproequip.com\/","logo":{"@type":"ImageObject","inLanguage":"es","@id":"https:\/\/www.jiproequip.com\/#\/schema\/logo\/image\/","url":"https:\/\/www.jiproequip.com\/wp-content\/uploads\/2025\/06\/LOGO-JIproequip-2025.png","contentUrl":"https:\/\/www.jiproequip.com\/wp-content\/uploads\/2025\/06\/LOGO-JIproequip-2025.png","width":2433,"height":596,"caption":"Ji-proequip"},"image":{"@id":"https:\/\/www.jiproequip.com\/#\/schema\/logo\/image\/"}}]}},"uagb_featured_image_src":{"full":["https:\/\/www.jiproequip.com\/wp-content\/uploads\/2023\/10\/Pulverizador_texturas_usar_compresor_aire_Graco_Columbec_B.png",476,489,false],"thumbnail":["https:\/\/www.jiproequip.com\/wp-content\/uploads\/2023\/10\/Pulverizador_texturas_usar_compresor_aire_Graco_Columbec_B.png",146,150,false],"medium":["https:\/\/www.jiproequip.com\/wp-content\/uploads\/2023\/10\/Pulverizador_texturas_usar_compresor_aire_Graco_Columbec_B.png",292,300,false],"medium_large":["https:\/\/www.jiproequip.com\/wp-content\/uploads\/2023\/10\/Pulverizador_texturas_usar_compresor_aire_Graco_Columbec_B.png",476,489,false],"large":["https:\/\/www.jiproequip.com\/wp-content\/uploads\/2023\/10\/Pulverizador_texturas_usar_compresor_aire_Graco_Columbec_B.png",476,489,false],"1536x1536":["https:\/\/www.jiproequip.com\/wp-content\/uploads\/2023\/10\/Pulverizador_texturas_usar_compresor_aire_Graco_Columbec_B.png",476,489,false],"2048x2048":["https:\/\/www.jiproequip.com\/wp-content\/uploads\/2023\/10\/Pulverizador_texturas_usar_compresor_aire_Graco_Columbec_B.png",476,489,false],"mailpoet_newsletter_max":["https:\/\/www.jiproequip.com\/wp-content\/uploads\/2023\/10\/Pulverizador_texturas_usar_compresor_aire_Graco_Columbec_B.png",476,489,false],"woocommerce_thumbnail":["https:\/\/www.jiproequip.com\/wp-content\/uploads\/2023\/10\/Pulverizador_texturas_usar_compresor_aire_Graco_Columbec_B.png",300,308,false],"woocommerce_single":["https:\/\/www.jiproequip.com\/wp-content\/uploads\/2023\/10\/Pulverizador_texturas_usar_compresor_aire_Graco_Columbec_B.png",476,489,false],"woocommerce_gallery_thumbnail":["https:\/\/www.jiproequip.com\/wp-content\/uploads\/2023\/10\/Pulverizador_texturas_usar_compresor_aire_Graco_Columbec_B-100x100.png",100,100,true]},"uagb_author_info":{"display_name":"admin_jiproeq","author_link":"https:\/\/www.jiproequip.com\/index.php\/author\/"},"uagb_comment_info":0,"uagb_excerpt":"Pulverizador de texturas para contratistas con compresor de aire incorporado PRODUCTO EN OFERTA. Es la opci\u00f3n ideal para aplicaciones de textura interior y exterior. Para contratistas profesionales que buscan pulverizar acabados de textura de alta calidad con una m\u00e1quina simple e independiente. Requiere que la mezcla para estucado no tenga contenido de arena. El sistema&hellip;","jetpack_sharing_enabled":true,"_links":{"self":[{"href":"https:\/\/www.jiproequip.com\/index.php\/wp-json\/wp\/v2\/product\/2993","targetHints":{"allow":["GET"]}}],"collection":[{"href":"https:\/\/www.jiproequip.com\/index.php\/wp-json\/wp\/v2\/product"}],"about":[{"href":"https:\/\/www.jiproequip.com\/index.php\/wp-json\/wp\/v2\/types\/product"}],"replies":[{"embeddable":true,"href":"https:\/\/www.jiproequip.com\/index.php\/wp-json\/wp\/v2\/comments?post=2993"}],"wp:featuredmedia":[{"embeddable":true,"href":"https:\/\/www.jiproequip.com\/index.php\/wp-json\/wp\/v2\/media\/3001"}],"wp:attachment":[{"href":"https:\/\/www.jiproequip.com\/index.php\/wp-json\/wp\/v2\/media?parent=2993"}],"wp:term":[{"taxonomy":"product_brand","embeddable":true,"href":"https:\/\/www.jiproequip.com\/index.php\/wp-json\/wp\/v2\/product_brand?post=2993"},{"taxonomy":"product_cat","embeddable":true,"href":"https:\/\/www.jiproequip.com\/index.php\/wp-json\/wp\/v2\/product_cat?post=2993"},{"taxonomy":"product_tag","embeddable":true,"href":"https:\/\/www.jiproequip.com\/index.php\/wp-json\/wp\/v2\/product_tag?post=2993"}],"curies":[{"name":"wp","href":"https:\/\/api.w.org\/{rel}","templated":true}]}}