{"id":3037,"date":"2023-10-18T21:33:56","date_gmt":"2023-10-19T02:33:56","guid":{"rendered":"https:\/\/www.jiproequip.com\/?post_type=product&#038;p=3037"},"modified":"2023-10-18T21:39:40","modified_gmt":"2023-10-19T02:39:40","slug":"dispositivos-control-entrada-aire-operador","status":"publish","type":"product","link":"https:\/\/www.jiproequip.com\/index.php\/producto\/dispositivos-control-entrada-aire-operador\/","title":{"rendered":"Dispositivos de control entrada de aire al operador"},"content":{"rendered":"<div class=\"wp-block-stackable-column stk-block-column stk-column stk-block stk-a42bbec\" data-v=\"4\" data-block-id=\"a42bbec\">\r\n<div class=\"stk-column-wrapper stk-block-column__content stk-container stk-a42bbec-container stk--no-background stk--no-padding\">\r\n<div class=\"stk-block-content stk-inner-blocks stk-a42bbec-inner-blocks\"><div class=\"wp-block-stackable-carousel stk-block-carousel stk--is-slide stk--arrows-justify-space-between stk--arrows-align-center stk-block stk-6d5b6f7\" data-slides-to-show=\"\" data-block-id=\"6d5b6f7\">\r\n<div class=\"stk-block-carousel__content-wrapper\">\r\n<div class=\"stk-row stk-inner-blocks stk-block-content stk-block-carousel__slider-wrapper stk-content-align stk-6d5b6f7-column\">\r\n<div class=\"stk-block-carousel__slider\" role=\"list\" data-autoplay=\"4000\" data-label-slide-of=\"Slide %%d of %%d\"><div class=\"wp-block-stackable-column stk-block-column stk-column stk-block stk-5a69e44\" data-v=\"4\" data-block-id=\"5a69e44\">\r\n<div class=\"stk-column-wrapper stk-block-column__content stk-container stk-5a69e44-container stk--no-background stk--no-padding\">\r\n<div class=\"stk-block-content stk-inner-blocks stk-5a69e44-inner-blocks\"><div class=\"wp-block-stackable-image stk-block-image stk-block stk-64219fc\" data-block-id=\"64219fc\">\r\n<figure class=\"stk-img-wrapper stk-image--shape-stretch\"><img loading=\"lazy\" decoding=\"async\" class=\"stk-img                                                                alignnone wp-image-3040 size-full\" src=\"http:\/\/https:\/\/www.jiproequip.com\/wp-content\/uploads\/2023\/10\/Dispositivos_control_entrada_aire_operador_Clemco_columbec_B.png\" alt=\"\" width=\"324\" height=\"264\" \/><\/figure>\r\n<\/div><\/div>\r\n<\/div>\r\n<\/div><\/div>\r\n<\/div>\r\n<\/div>\r\n<\/div><\/div>\r\n<\/div>\r\n<\/div><div class=\"wp-block-stackable-column stk-block-column stk-column stk-block stk-776f52c\" data-v=\"4\" data-block-id=\"776f52c\">\r\n<div class=\"stk-column-wrapper stk-block-column__content stk-container stk-776f52c-container stk--no-background stk--no-padding\">\r\n<div class=\"stk-block-content stk-inner-blocks stk-776f52c-inner-blocks\"><div id=\"unidad-trifasica-de-lavado-de-alta-presion-de-agua-fria-a-2175-p-s-i\" class=\"wp-block-stackable-heading stk-block-heading stk-block-heading--v2 stk-block stk-6ead452 stk-block-background\" data-block-id=\"6ead452\">\r\n<div class=\"pl_i2t\">\r\n<div class=\"pl_i2t\">\r\n<div class=\"pl_i2t\">\r\n<div class=\"pl_i2t\">\r\n<div class=\"pl_i2t\">\r\n<div class=\"pl_i2t\">\r\n<div class=\"pl_i2t\">\r\n<div class=\"pl_i2t\">\r\n<div class=\"pl_i2t\">\r\n<div class=\"pl_i2t\">\r\n<div class=\"pl_i2t\">\r\n<div class=\"pl_i2t\">\r\n<div class=\"pl_i2t\">\r\n<div class=\"pl_i2t\">\r\n<div class=\"pl_i2t\">\r\n<div class=\"pl_i2t\">\r\n<div class=\"pl_i2t\">\r\n<div class=\"pl_i2t\">\r\n<div class=\"pl_i2t\">\r\n<div class=\"pl_i2t\">\r\n<div class=\"pl_i2t\">\r\n<div class=\"pl_i2t\">\r\n<div class=\"pl_i2t\">\r\n<div class=\"pl_i2t\">\r\n<div class=\"pl_i2t\">\r\n<div class=\"pl_i2t\">\r\n<div class=\"pl_i2t\">\r\n<div class=\"pl_i2t\">\r\n<div class=\"pl_i2t\">\r\n<div class=\"pl_i2t\">\r\n<div class=\"pl_i2t\">\r\n<div class=\"pl_i2t\">\r\n<div class=\"pl_i2t\">\r\n<div class=\"pl_i2t\">\r\n<div class=\"pl_i2t\">\r\n<div class=\"pl_i2t\">\r\n<div class=\"pl_i2t\">\r\n<div class=\"pl_i2t\">\r\n<div class=\"pl_i2t\">\r\n<div class=\"pl_i2t\">\r\n<div class=\"pl_i2t\">\r\n<div class=\"pl_i2t\">\r\n<div class=\"pl_i2t\">\r\n<div class=\"pl_i2t\">\r\n<div class=\"pl_i2t\">\r\n<div class=\"pl_i2t\">\r\n<div class=\"pl_i2t\">\r\n<div class=\"pl_i2t\">\r\n<div class=\"pl_i2t\">\r\n<div class=\"pl_i2t\">\r\n<div class=\"pl_i2t\">\r\n<div class=\"pl_i2t\">\r\n<div class=\"pl_i2t\">\r\n<div class=\"pl_i2t\">\r\n<div class=\"pl_i2t\">\r\n<div class=\"pl_i2t\">\r\n<div class=\"pl_i2t\">\r\n<div class=\"pl_i2t\">\r\n<div class=\"pl_i2t\">\r\n<div class=\"pl_i2t\">\r\n<div class=\"pl_i2t\">\r\n<div class=\"pl_i2t\">\r\n<div class=\"pl_i2t\">\r\n<div class=\"pl_i2t\">\r\n<div class=\"pl_i2t\">\r\n<div class=\"pl_i2t\">\r\n<div class=\"pl_i2t\">\r\n<div class=\"pl_i2t\">\r\n<div class=\"pl_i2t\">\r\n<div class=\"pl_i2t\">\r\n<div class=\"pl_i2t\">\r\n<div class=\"pl_i2t\">\r\n<div class=\"pl_i2t\">\r\n<div class=\"pl_i2t\">\r\n<div class=\"pl_i2t\">\r\n<div class=\"pl_i2t\">\r\n<div class=\"pl_i2t\">\r\n<div class=\"pl_i2t\">\r\n<div class=\"pl_i2t\">\r\n<div class=\"pl_i2t\">\r\n<div class=\"pl_i2t\">\r\n<div class=\"pl_i2t\">\r\n<div class=\"pl_i2t\">\r\n<div class=\"pl_i2t\">\r\n<h2>Dispositivos de control entrada de aire al operador<\/h2>\r\n<\/div>\r\n<\/div>\r\n<\/div>\r\n<\/div>\r\n<\/div>\r\n<\/div>\r\n<\/div>\r\n<\/div>\r\n<\/div>\r\n<\/div>\r\n<\/div>\r\n<\/div>\r\n<\/div>\r\n<\/div>\r\n<\/div>\r\n<\/div>\r\n<\/div>\r\n<\/div>\r\n<\/div>\r\n<\/div>\r\n<\/div>\r\n<\/div>\r\n<\/div>\r\n<\/div>\r\n<\/div>\r\n<\/div>\r\n<\/div>\r\n<\/div>\r\n<\/div>\r\n<\/div>\r\n<\/div>\r\n<\/div>\r\n<\/div>\r\n<\/div>\r\n<\/div>\r\n<\/div>\r\n<\/div>\r\n<\/div>\r\n<\/div>\r\n<\/div>\r\n<\/div>\r\n<\/div>\r\n<\/div>\r\n<\/div>\r\n<\/div>\r\n<\/div>\r\n<\/div>\r\n<\/div>\r\n<\/div>\r\n<\/div>\r\n<\/div>\r\n<\/div>\r\n<\/div>\r\n<\/div>\r\n<\/div>\r\n<\/div>\r\n<\/div>\r\n<\/div>\r\n<\/div>\r\n<\/div>\r\n<\/div>\r\n<\/div>\r\n<\/div>\r\n<\/div>\r\n<\/div>\r\n<\/div>\r\n<\/div>\r\n<\/div>\r\n<\/div>\r\n<\/div>\r\n<\/div>\r\n<\/div>\r\n<\/div>\r\n<\/div>\r\n<\/div>\r\n<\/div>\r\n<\/div>\r\n<\/div>\r\n<\/div>\r\n<\/div>\r\n<\/div>\r\n<\/div>\r\n<\/div>\r\n<\/div>\r\n<div class=\"pl_i2c\">\r\n<div class=\"pl_i2c\">\r\n<div class=\"pl_i2c\">\r\n<div class=\"pl_i2c\">\r\n<div class=\"pl_i2c\">\r\n<div class=\"pl_i2c\">\r\n<div class=\"pl_i2c\">\r\n<div class=\"pl_i2c\">\r\n<div class=\"pl_i2c\">\r\n<div class=\"pl_i2c\">\r\n<div class=\"pl_i2c\">\r\n<p>Materiales t\u00edpicos: Siliconas, polisulfuros y poliuretanos. Usos t\u00edpicos: Sellante de doble acristalamiento, acristalamiento estructural para muros de cortina, acristalamiento de ventanas o sellado posterior, llenado de cartuchos.<\/p>\r\n<p>Excelente calidad y relaci\u00f3n de la mezcla para la industria del vidrio. F\u00e1cil de utilizar. La luz verde del sistema indica que los componentes se est\u00e1n dispensando con la relaci\u00f3n de mezcla correcta.<\/p>\r\n<p>Se apaga autom\u00e1ticamente si la relaci\u00f3n de mezcla es incorrecta. Capacidad \u00f3ptima de dosificaci\u00f3n con una relaci\u00f3n de mezcla precisa para garantizar la m\u00e1xima calidad.<\/p>\r\n<p>La purga f\u00e1cil y r\u00e1pida de la base reduce el residuo de material.<\/p>\r\n<p>La descarga de datos opcional proporciona informes sobre la relaci\u00f3n de mezcla, caudal y el consumo del material.<\/p>\r\n<p>La garant\u00eda de obtener una relaci\u00f3n de mezcla correcta en tiempo real significa menos residuo y m\u00e1s beneficios. El sistema proporciona una relaci\u00f3n de mezcla precisa y un caudal continuo, incluso durante el cambio de inversi\u00f3n de la bomba.<\/p>\r\n<p>El sistema controla el caudal del componente base y ajusta autom\u00e1ticamente el caudal del catalizador para conseguir la dosificaci\u00f3n correcta. Adem\u00e1s reduce el residuo de material y disminuye la necesidad de repaso para un mejor resultado final. Una mezcla de mejor calidad hace que el material se cure uniformemente y sin puntos blandos.<\/p>\r\n<p>F\u00e1cil de utilizar. En comparaci\u00f3n con los dosificadores tradicionales con ajustes mec\u00e1nicos y esclavas oscilantes, el control electr\u00f3nico del sistema hace que no haya que hacer suposiciones sobre el ajuste de la relaci\u00f3n de mezcla. Ajuste f\u00e1cil y r\u00e1pido, el operario s\u00f3lo tiene que introducir el ajuste de relaci\u00f3n de mezcla. Ajustes de relaci\u00f3n de mezcla f\u00e1ciles de cambiar.<\/p>\r\n<p>Generaci\u00f3n de informes de datos opcional. Una descarga de datos USB opcional le permite confirmar que el material se ha dispensado correctamente. Los informes le proporcionan la fecha y la hora, adem\u00e1s de los materiales A y B utilizados, caudal, alarmas, relaci\u00f3n de mezcla.<\/p>\r\n<p>El panel de fluido proporciona un caudal continuo y homog\u00e9neo, garantiza una mezcla y un flujo precisos por medio de la tecnolog\u00eda de un lazo cerrado.<\/p>\r\n<p>Los temporizadores de purga evitan la aplicaci\u00f3n de materiales semicurados que puedan da\u00f1ar los mezcladores y el aplicador. Solo hay que introducir el tiempo m\u00e1ximo de curado permitido del producto.<\/p>\r\n<p>La purga de base es sencilla en un s\u00f3lo paso. Use el sistema de base para extraer el material que no se ha utilizado.<\/p>\r\n<p>Conectores de aire constante, proveen al operador de una cantidad de aire fijada sin ajustes ni configuraciones adicionales. Otros modelos tambi\u00e9n disponibles permiten regular el flujo de entrada de aire.<\/p>\r\n<p>Modelos de policarbonato o aluminio, de una \u00fanica pieza sin posibilidad de reparaciones o ajustes o con partes independientes que permiten cambios de repuestos y modificaciones para que el sistema dure a\u00f1os de servicio.<\/p>\r\n<p>Dependiendo de los modelos, hay sistemas que permiten solo refrigeraci\u00f3n, enfriamiento del aire que entra en el traje de sandblasting. Otros sin embargo permiten calentamiento y enfriamiento que son ideales para cambios de estaciones o situaciones donde el operador se expone a cambios bruscos de temperatura.<\/p>\r\n<p>&nbsp;<\/p>\r\n<\/div>\r\n<\/div>\r\n<\/div>\r\n<\/div>\r\n<\/div>\r\n<\/div>\r\n<\/div>\r\n<\/div>\r\n<\/div>\r\n<\/div>\r\n<\/div>\r\n<\/div>\r\n<\/div>\r\n<\/div>\r\n<\/div>","protected":false},"excerpt":{"rendered":"<div class=\"pl_i2c\">\n<p>Disponemos de conectores que regulan la entrada de aire del compresor al casco del operador, tanto para HP (alta presi\u00f3n) como LP (baja presi\u00f3n). Tambi\u00e9n sistemas de refrigeraci\u00f3n, enfriando o calentando el aire.<\/p>\n<\/div>\n","protected":false},"featured_media":3040,"comment_status":"open","ping_status":"closed","template":"","meta":{"_uag_custom_page_level_css":""},"product_brand":[],"product_cat":[35],"product_tag":[],"class_list":{"0":"post-3037","1":"product","2":"type-product","3":"status-publish","4":"has-post-thumbnail","6":"product_cat-equipo-seguridad","8":"first","9":"instock","10":"shipping-taxable","11":"product-type-simple"},"yoast_head":"<!-- This site is optimized with the Yoast SEO plugin v25.2 - https:\/\/yoast.com\/wordpress\/plugins\/seo\/ -->\n<title>Dispositivos de control entrada de aire al operador - Ji-proequip<\/title>\n<meta name=\"robots\" content=\"index, follow, max-snippet:-1, max-image-preview:large, max-video-preview:-1\" \/>\n<link rel=\"canonical\" href=\"https:\/\/www.jiproequip.com\/index.php\/producto\/dispositivos-control-entrada-aire-operador\/\" \/>\n<meta property=\"og:locale\" content=\"es_ES\" \/>\n<meta property=\"og:type\" content=\"article\" \/>\n<meta property=\"og:title\" content=\"Dispositivos de control entrada de aire al operador - Ji-proequip\" \/>\n<meta property=\"og:description\" content=\"Disponemos de conectores que regulan la entrada de aire del compresor al casco del operador, tanto para HP (alta presi\u00f3n) como LP (baja presi\u00f3n). Tambi\u00e9n sistemas de refrigeraci\u00f3n, enfriando o calentando el aire.\" \/>\n<meta property=\"og:url\" content=\"https:\/\/www.jiproequip.com\/index.php\/producto\/dispositivos-control-entrada-aire-operador\/\" \/>\n<meta property=\"og:site_name\" content=\"Ji-proequip\" \/>\n<meta property=\"article:modified_time\" content=\"2023-10-19T02:39:40+00:00\" \/>\n<meta property=\"og:image\" content=\"https:\/\/www.jiproequip.com\/wp-content\/uploads\/2023\/10\/Dispositivos_control_entrada_aire_operador_Clemco_columbec_B.png\" \/>\n\t<meta property=\"og:image:width\" content=\"324\" \/>\n\t<meta property=\"og:image:height\" content=\"264\" \/>\n\t<meta property=\"og:image:type\" content=\"image\/png\" \/>\n<meta name=\"twitter:card\" content=\"summary_large_image\" \/>\n<meta name=\"twitter:label1\" content=\"Tiempo de lectura\" \/>\n\t<meta name=\"twitter:data1\" content=\"3 minutos\" \/>\n<script type=\"application\/ld+json\" class=\"yoast-schema-graph\">{\"@context\":\"https:\/\/schema.org\",\"@graph\":[{\"@type\":\"WebPage\",\"@id\":\"https:\/\/www.jiproequip.com\/index.php\/producto\/dispositivos-control-entrada-aire-operador\/\",\"url\":\"https:\/\/www.jiproequip.com\/index.php\/producto\/dispositivos-control-entrada-aire-operador\/\",\"name\":\"Dispositivos de control entrada de aire al operador - Ji-proequip\",\"isPartOf\":{\"@id\":\"https:\/\/www.jiproequip.com\/#website\"},\"primaryImageOfPage\":{\"@id\":\"https:\/\/www.jiproequip.com\/index.php\/producto\/dispositivos-control-entrada-aire-operador\/#primaryimage\"},\"image\":{\"@id\":\"https:\/\/www.jiproequip.com\/index.php\/producto\/dispositivos-control-entrada-aire-operador\/#primaryimage\"},\"thumbnailUrl\":\"https:\/\/www.jiproequip.com\/wp-content\/uploads\/2023\/10\/Dispositivos_control_entrada_aire_operador_Clemco_columbec_B.png\",\"datePublished\":\"2023-10-19T02:33:56+00:00\",\"dateModified\":\"2023-10-19T02:39:40+00:00\",\"breadcrumb\":{\"@id\":\"https:\/\/www.jiproequip.com\/index.php\/producto\/dispositivos-control-entrada-aire-operador\/#breadcrumb\"},\"inLanguage\":\"es\",\"potentialAction\":[{\"@type\":\"ReadAction\",\"target\":[\"https:\/\/www.jiproequip.com\/index.php\/producto\/dispositivos-control-entrada-aire-operador\/\"]}]},{\"@type\":\"ImageObject\",\"inLanguage\":\"es\",\"@id\":\"https:\/\/www.jiproequip.com\/index.php\/producto\/dispositivos-control-entrada-aire-operador\/#primaryimage\",\"url\":\"https:\/\/www.jiproequip.com\/wp-content\/uploads\/2023\/10\/Dispositivos_control_entrada_aire_operador_Clemco_columbec_B.png\",\"contentUrl\":\"https:\/\/www.jiproequip.com\/wp-content\/uploads\/2023\/10\/Dispositivos_control_entrada_aire_operador_Clemco_columbec_B.png\",\"width\":324,\"height\":264},{\"@type\":\"BreadcrumbList\",\"@id\":\"https:\/\/www.jiproequip.com\/index.php\/producto\/dispositivos-control-entrada-aire-operador\/#breadcrumb\",\"itemListElement\":[{\"@type\":\"ListItem\",\"position\":1,\"name\":\"Home\",\"item\":\"https:\/\/www.jiproequip.com\/\"},{\"@type\":\"ListItem\",\"position\":2,\"name\":\"Tienda\",\"item\":\"https:\/\/www.jiproequip.com\/index.php\/tienda\/\"},{\"@type\":\"ListItem\",\"position\":3,\"name\":\"Dispositivos de control entrada de aire al operador\"}]},{\"@type\":\"WebSite\",\"@id\":\"https:\/\/www.jiproequip.com\/#website\",\"url\":\"https:\/\/www.jiproequip.com\/\",\"name\":\"Ji-proequip\",\"description\":\"Venta de equipos industriales con servicio t\u00e9cnico especializado\",\"publisher\":{\"@id\":\"https:\/\/www.jiproequip.com\/#organization\"},\"potentialAction\":[{\"@type\":\"SearchAction\",\"target\":{\"@type\":\"EntryPoint\",\"urlTemplate\":\"https:\/\/www.jiproequip.com\/?s={search_term_string}\"},\"query-input\":{\"@type\":\"PropertyValueSpecification\",\"valueRequired\":true,\"valueName\":\"search_term_string\"}}],\"inLanguage\":\"es\"},{\"@type\":\"Organization\",\"@id\":\"https:\/\/www.jiproequip.com\/#organization\",\"name\":\"Ji-proequip\",\"url\":\"https:\/\/www.jiproequip.com\/\",\"logo\":{\"@type\":\"ImageObject\",\"inLanguage\":\"es\",\"@id\":\"https:\/\/www.jiproequip.com\/#\/schema\/logo\/image\/\",\"url\":\"https:\/\/www.jiproequip.com\/wp-content\/uploads\/2025\/06\/LOGO-JIproequip-2025.png\",\"contentUrl\":\"https:\/\/www.jiproequip.com\/wp-content\/uploads\/2025\/06\/LOGO-JIproequip-2025.png\",\"width\":2433,\"height\":596,\"caption\":\"Ji-proequip\"},\"image\":{\"@id\":\"https:\/\/www.jiproequip.com\/#\/schema\/logo\/image\/\"}}]}<\/script>\n<!-- \/ Yoast SEO plugin. -->","yoast_head_json":{"title":"Dispositivos de control entrada de aire al operador - Ji-proequip","robots":{"index":"index","follow":"follow","max-snippet":"max-snippet:-1","max-image-preview":"max-image-preview:large","max-video-preview":"max-video-preview:-1"},"canonical":"https:\/\/www.jiproequip.com\/index.php\/producto\/dispositivos-control-entrada-aire-operador\/","og_locale":"es_ES","og_type":"article","og_title":"Dispositivos de control entrada de aire al operador - Ji-proequip","og_description":"Disponemos de conectores que regulan la entrada de aire del compresor al casco del operador, tanto para HP (alta presi\u00f3n) como LP (baja presi\u00f3n). Tambi\u00e9n sistemas de refrigeraci\u00f3n, enfriando o calentando el aire.","og_url":"https:\/\/www.jiproequip.com\/index.php\/producto\/dispositivos-control-entrada-aire-operador\/","og_site_name":"Ji-proequip","article_modified_time":"2023-10-19T02:39:40+00:00","og_image":[{"width":324,"height":264,"url":"https:\/\/www.jiproequip.com\/wp-content\/uploads\/2023\/10\/Dispositivos_control_entrada_aire_operador_Clemco_columbec_B.png","type":"image\/png"}],"twitter_card":"summary_large_image","twitter_misc":{"Tiempo de lectura":"3 minutos"},"schema":{"@context":"https:\/\/schema.org","@graph":[{"@type":"WebPage","@id":"https:\/\/www.jiproequip.com\/index.php\/producto\/dispositivos-control-entrada-aire-operador\/","url":"https:\/\/www.jiproequip.com\/index.php\/producto\/dispositivos-control-entrada-aire-operador\/","name":"Dispositivos de control entrada de aire al operador - Ji-proequip","isPartOf":{"@id":"https:\/\/www.jiproequip.com\/#website"},"primaryImageOfPage":{"@id":"https:\/\/www.jiproequip.com\/index.php\/producto\/dispositivos-control-entrada-aire-operador\/#primaryimage"},"image":{"@id":"https:\/\/www.jiproequip.com\/index.php\/producto\/dispositivos-control-entrada-aire-operador\/#primaryimage"},"thumbnailUrl":"https:\/\/www.jiproequip.com\/wp-content\/uploads\/2023\/10\/Dispositivos_control_entrada_aire_operador_Clemco_columbec_B.png","datePublished":"2023-10-19T02:33:56+00:00","dateModified":"2023-10-19T02:39:40+00:00","breadcrumb":{"@id":"https:\/\/www.jiproequip.com\/index.php\/producto\/dispositivos-control-entrada-aire-operador\/#breadcrumb"},"inLanguage":"es","potentialAction":[{"@type":"ReadAction","target":["https:\/\/www.jiproequip.com\/index.php\/producto\/dispositivos-control-entrada-aire-operador\/"]}]},{"@type":"ImageObject","inLanguage":"es","@id":"https:\/\/www.jiproequip.com\/index.php\/producto\/dispositivos-control-entrada-aire-operador\/#primaryimage","url":"https:\/\/www.jiproequip.com\/wp-content\/uploads\/2023\/10\/Dispositivos_control_entrada_aire_operador_Clemco_columbec_B.png","contentUrl":"https:\/\/www.jiproequip.com\/wp-content\/uploads\/2023\/10\/Dispositivos_control_entrada_aire_operador_Clemco_columbec_B.png","width":324,"height":264},{"@type":"BreadcrumbList","@id":"https:\/\/www.jiproequip.com\/index.php\/producto\/dispositivos-control-entrada-aire-operador\/#breadcrumb","itemListElement":[{"@type":"ListItem","position":1,"name":"Home","item":"https:\/\/www.jiproequip.com\/"},{"@type":"ListItem","position":2,"name":"Tienda","item":"https:\/\/www.jiproequip.com\/index.php\/tienda\/"},{"@type":"ListItem","position":3,"name":"Dispositivos de control entrada de aire al operador"}]},{"@type":"WebSite","@id":"https:\/\/www.jiproequip.com\/#website","url":"https:\/\/www.jiproequip.com\/","name":"Ji-proequip","description":"Venta de equipos industriales con servicio t\u00e9cnico especializado","publisher":{"@id":"https:\/\/www.jiproequip.com\/#organization"},"potentialAction":[{"@type":"SearchAction","target":{"@type":"EntryPoint","urlTemplate":"https:\/\/www.jiproequip.com\/?s={search_term_string}"},"query-input":{"@type":"PropertyValueSpecification","valueRequired":true,"valueName":"search_term_string"}}],"inLanguage":"es"},{"@type":"Organization","@id":"https:\/\/www.jiproequip.com\/#organization","name":"Ji-proequip","url":"https:\/\/www.jiproequip.com\/","logo":{"@type":"ImageObject","inLanguage":"es","@id":"https:\/\/www.jiproequip.com\/#\/schema\/logo\/image\/","url":"https:\/\/www.jiproequip.com\/wp-content\/uploads\/2025\/06\/LOGO-JIproequip-2025.png","contentUrl":"https:\/\/www.jiproequip.com\/wp-content\/uploads\/2025\/06\/LOGO-JIproequip-2025.png","width":2433,"height":596,"caption":"Ji-proequip"},"image":{"@id":"https:\/\/www.jiproequip.com\/#\/schema\/logo\/image\/"}}]}},"uagb_featured_image_src":{"full":["https:\/\/www.jiproequip.com\/wp-content\/uploads\/2023\/10\/Dispositivos_control_entrada_aire_operador_Clemco_columbec_B.png",324,264,false],"thumbnail":["https:\/\/www.jiproequip.com\/wp-content\/uploads\/2023\/10\/Dispositivos_control_entrada_aire_operador_Clemco_columbec_B.png",150,122,false],"medium":["https:\/\/www.jiproequip.com\/wp-content\/uploads\/2023\/10\/Dispositivos_control_entrada_aire_operador_Clemco_columbec_B.png",300,244,false],"medium_large":["https:\/\/www.jiproequip.com\/wp-content\/uploads\/2023\/10\/Dispositivos_control_entrada_aire_operador_Clemco_columbec_B.png",324,264,false],"large":["https:\/\/www.jiproequip.com\/wp-content\/uploads\/2023\/10\/Dispositivos_control_entrada_aire_operador_Clemco_columbec_B.png",324,264,false],"1536x1536":["https:\/\/www.jiproequip.com\/wp-content\/uploads\/2023\/10\/Dispositivos_control_entrada_aire_operador_Clemco_columbec_B.png",324,264,false],"2048x2048":["https:\/\/www.jiproequip.com\/wp-content\/uploads\/2023\/10\/Dispositivos_control_entrada_aire_operador_Clemco_columbec_B.png",324,264,false],"mailpoet_newsletter_max":["https:\/\/www.jiproequip.com\/wp-content\/uploads\/2023\/10\/Dispositivos_control_entrada_aire_operador_Clemco_columbec_B.png",324,264,false],"woocommerce_thumbnail":["https:\/\/www.jiproequip.com\/wp-content\/uploads\/2023\/10\/Dispositivos_control_entrada_aire_operador_Clemco_columbec_B.png",300,244,false],"woocommerce_single":["https:\/\/www.jiproequip.com\/wp-content\/uploads\/2023\/10\/Dispositivos_control_entrada_aire_operador_Clemco_columbec_B.png",324,264,false],"woocommerce_gallery_thumbnail":["https:\/\/www.jiproequip.com\/wp-content\/uploads\/2023\/10\/Dispositivos_control_entrada_aire_operador_Clemco_columbec_B-100x100.png",100,100,true]},"uagb_author_info":{"display_name":"admin_jiproeq","author_link":"https:\/\/www.jiproequip.com\/index.php\/author\/"},"uagb_comment_info":0,"uagb_excerpt":"Disponemos de conectores que regulan la entrada de aire del compresor al casco del operador, tanto para HP (alta presi\u00f3n) como LP (baja presi\u00f3n). Tambi\u00e9n sistemas de refrigeraci\u00f3n, enfriando o calentando el aire.","jetpack_sharing_enabled":true,"_links":{"self":[{"href":"https:\/\/www.jiproequip.com\/index.php\/wp-json\/wp\/v2\/product\/3037","targetHints":{"allow":["GET"]}}],"collection":[{"href":"https:\/\/www.jiproequip.com\/index.php\/wp-json\/wp\/v2\/product"}],"about":[{"href":"https:\/\/www.jiproequip.com\/index.php\/wp-json\/wp\/v2\/types\/product"}],"replies":[{"embeddable":true,"href":"https:\/\/www.jiproequip.com\/index.php\/wp-json\/wp\/v2\/comments?post=3037"}],"wp:featuredmedia":[{"embeddable":true,"href":"https:\/\/www.jiproequip.com\/index.php\/wp-json\/wp\/v2\/media\/3040"}],"wp:attachment":[{"href":"https:\/\/www.jiproequip.com\/index.php\/wp-json\/wp\/v2\/media?parent=3037"}],"wp:term":[{"taxonomy":"product_brand","embeddable":true,"href":"https:\/\/www.jiproequip.com\/index.php\/wp-json\/wp\/v2\/product_brand?post=3037"},{"taxonomy":"product_cat","embeddable":true,"href":"https:\/\/www.jiproequip.com\/index.php\/wp-json\/wp\/v2\/product_cat?post=3037"},{"taxonomy":"product_tag","embeddable":true,"href":"https:\/\/www.jiproequip.com\/index.php\/wp-json\/wp\/v2\/product_tag?post=3037"}],"curies":[{"name":"wp","href":"https:\/\/api.w.org\/{rel}","templated":true}]}}