{"id":3085,"date":"2023-10-18T22:38:49","date_gmt":"2023-10-19T03:38:49","guid":{"rendered":"https:\/\/www.jiproequip.com\/?post_type=product&#038;p=3085"},"modified":"2023-10-18T22:45:00","modified_gmt":"2023-10-19T03:45:00","slug":"medidor-espesor-pintura-en-polvo","status":"publish","type":"product","link":"https:\/\/www.jiproequip.com\/index.php\/producto\/medidor-espesor-pintura-en-polvo\/","title":{"rendered":"MEDIDOR DE ESPESOR DE PINTURA EN POLVO"},"content":{"rendered":"<div class=\"wp-block-stackable-column stk-block-column stk-column stk-block stk-a42bbec\" data-v=\"4\" data-block-id=\"a42bbec\">\r\n<div class=\"stk-column-wrapper stk-block-column__content stk-container stk-a42bbec-container stk--no-background stk--no-padding\">\r\n<div class=\"stk-block-content stk-inner-blocks stk-a42bbec-inner-blocks\"><div class=\"wp-block-stackable-carousel stk-block-carousel stk--is-slide stk--arrows-justify-space-between stk--arrows-align-center stk-block stk-6d5b6f7\" data-slides-to-show=\"\" data-block-id=\"6d5b6f7\">\r\n<div class=\"stk-block-carousel__content-wrapper\">\r\n<div class=\"stk-row stk-inner-blocks stk-block-content stk-block-carousel__slider-wrapper stk-content-align stk-6d5b6f7-column\">\r\n<div class=\"stk-block-carousel__slider\" role=\"list\" data-autoplay=\"4000\" data-label-slide-of=\"Slide %%d of %%d\"><div class=\"wp-block-stackable-column stk-block-column stk-column stk-block stk-5a69e44\" data-v=\"4\" data-block-id=\"5a69e44\">\r\n<div class=\"stk-column-wrapper stk-block-column__content stk-container stk-5a69e44-container stk--no-background stk--no-padding\">\r\n<div class=\"stk-block-content stk-inner-blocks stk-5a69e44-inner-blocks\"><div class=\"wp-block-stackable-image stk-block-image stk-block stk-64219fc\" data-block-id=\"64219fc\">\r\n<figure class=\"stk-img-wrapper stk-image--shape-stretch\"><img loading=\"lazy\" decoding=\"async\" class=\"stk-img                                                                    alignnone wp-image-3087 \" src=\"http:\/\/https:\/\/www.jiproequip.com\/wp-content\/uploads\/2023\/10\/PositectorPC_Columbec_02_B.png\" alt=\"\" width=\"346\" height=\"346\" \/><\/figure>\r\n<\/div><\/div>\r\n<\/div>\r\n<\/div><\/div>\r\n<\/div>\r\n<\/div>\r\n<\/div><\/div>\r\n<\/div>\r\n<\/div><div class=\"wp-block-stackable-column stk-block-column stk-column stk-block stk-776f52c\" data-v=\"4\" data-block-id=\"776f52c\">\r\n<div class=\"stk-column-wrapper stk-block-column__content stk-container stk-776f52c-container stk--no-background stk--no-padding\">\r\n<div class=\"stk-block-content stk-inner-blocks stk-776f52c-inner-blocks\"><div id=\"unidad-trifasica-de-lavado-de-alta-presion-de-agua-fria-a-2175-p-s-i\" class=\"wp-block-stackable-heading stk-block-heading stk-block-heading--v2 stk-block stk-6ead452 stk-block-background\" data-block-id=\"6ead452\">\r\n<div class=\"pl_i2t\">\r\n<div class=\"pl_i2t\">\r\n<div class=\"pl_i2t\">\r\n<div class=\"pl_i2t\">\r\n<div class=\"pl_i2t\">\r\n<div class=\"pl_i2t\">\r\n<div class=\"pl_i2t\">\r\n<div class=\"pl_i2t\">\r\n<div class=\"pl_i2t\">\r\n<div class=\"pl_i2t\">\r\n<div class=\"pl_i2t\">\r\n<div class=\"pl_i2t\">\r\n<div class=\"pl_i2t\">\r\n<div class=\"pl_i2t\">\r\n<div class=\"pl_i2t\">\r\n<div class=\"pl_i2t\">\r\n<div class=\"pl_i2t\">\r\n<div class=\"pl_i2t\">\r\n<div class=\"pl_i2t\">\r\n<div class=\"pl_i2t\">\r\n<div class=\"pl_i2t\">\r\n<div class=\"pl_i2t\">\r\n<div class=\"pl_i2t\">\r\n<div class=\"pl_i2t\">\r\n<div class=\"pl_i2t\">\r\n<div class=\"pl_i2t\">\r\n<div class=\"pl_i2t\">\r\n<div class=\"pl_i2t\">\r\n<div class=\"pl_i2t\">\r\n<div class=\"pl_i2t\">\r\n<div class=\"pl_i2t\">\r\n<div class=\"pl_i2t\">\r\n<div class=\"pl_i2t\">\r\n<div class=\"pl_i2t\">\r\n<div class=\"pl_i2t\">\r\n<div class=\"pl_i2t\">\r\n<div class=\"pl_i2t\">\r\n<div class=\"pl_i2t\">\r\n<div class=\"pl_i2t\">\r\n<div class=\"pl_i2t\">\r\n<div class=\"pl_i2t\">\r\n<div class=\"pl_i2t\">\r\n<div class=\"pl_i2t\">\r\n<div class=\"pl_i2t\">\r\n<div class=\"pl_i2t\">\r\n<div class=\"pl_i2t\">\r\n<div class=\"pl_i2t\">\r\n<div class=\"pl_i2t\">\r\n<div class=\"pl_i2t\">\r\n<div class=\"pl_i2t\">\r\n<div class=\"pl_i2t\">\r\n<div class=\"pl_i2t\">\r\n<div class=\"pl_i2t\">\r\n<div class=\"pl_i2t\">\r\n<div class=\"pl_i2t\">\r\n<div class=\"pl_i2t\">\r\n<div class=\"pl_i2t\">\r\n<div class=\"pl_i2t\">\r\n<div class=\"pl_i2t\">\r\n<div class=\"pl_i2t\">\r\n<div class=\"pl_i2t\">\r\n<div class=\"pl_i2t\">\r\n<div class=\"pl_i2t\">\r\n<div class=\"pl_i2t\">\r\n<div class=\"pl_i2t\">\r\n<div class=\"pl_i2t\">\r\n<div class=\"pl_i2t\">\r\n<div class=\"pl_i2t\">\r\n<div class=\"pl_i2t\">\r\n<div class=\"pl_i2t\">\r\n<div class=\"pl_i2t\">\r\n<div class=\"pl_i2t\">\r\n<div class=\"pl_i2t\">\r\n<div class=\"pl_i2t\">\r\n<div class=\"pl_i2t\">\r\n<div class=\"pl_i2t\">\r\n<div class=\"pl_i2t\">\r\n<div class=\"pl_i2t\">\r\n<div class=\"pl_i2t\">\r\n<div class=\"pl_i2t\">\r\n<div class=\"pl_i2t\">\r\n<div class=\"pl_i2t\">\r\n<div class=\"pl_i2t\">\r\n<div class=\"pl_i2t\">\r\n<div class=\"pl_i2t\">\r\n<div class=\"pl_i2t\">\r\n<div class=\"pl_i2t\">\r\n<div class=\"pl_i2t\">\r\n<div class=\"pl_i2t\">\r\n<h2>MEDIDOR DE ESPESOR DE PINTURA EN POLVO<\/h2>\r\n<\/div>\r\n<\/div>\r\n<\/div>\r\n<\/div>\r\n<\/div>\r\n<\/div>\r\n<\/div>\r\n<\/div>\r\n<\/div>\r\n<\/div>\r\n<\/div>\r\n<\/div>\r\n<\/div>\r\n<\/div>\r\n<\/div>\r\n<\/div>\r\n<\/div>\r\n<\/div>\r\n<\/div>\r\n<\/div>\r\n<\/div>\r\n<\/div>\r\n<\/div>\r\n<\/div>\r\n<\/div>\r\n<\/div>\r\n<\/div>\r\n<\/div>\r\n<\/div>\r\n<\/div>\r\n<\/div>\r\n<\/div>\r\n<\/div>\r\n<\/div>\r\n<\/div>\r\n<\/div>\r\n<\/div>\r\n<\/div>\r\n<\/div>\r\n<\/div>\r\n<\/div>\r\n<\/div>\r\n<\/div>\r\n<\/div>\r\n<\/div>\r\n<\/div>\r\n<\/div>\r\n<\/div>\r\n<\/div>\r\n<\/div>\r\n<\/div>\r\n<\/div>\r\n<\/div>\r\n<\/div>\r\n<\/div>\r\n<\/div>\r\n<\/div>\r\n<\/div>\r\n<\/div>\r\n<\/div>\r\n<\/div>\r\n<\/div>\r\n<\/div>\r\n<\/div>\r\n<\/div>\r\n<\/div>\r\n<\/div>\r\n<\/div>\r\n<\/div>\r\n<\/div>\r\n<\/div>\r\n<\/div>\r\n<\/div>\r\n<\/div>\r\n<\/div>\r\n<\/div>\r\n<\/div>\r\n<\/div>\r\n<\/div>\r\n<\/div>\r\n<\/div>\r\n<\/div>\r\n<\/div>\r\n<\/div>\r\n<\/div>\r\n<\/div>\r\n<\/div>\r\n<\/div>\r\n<\/div>\r\n<div class=\"pl_i2c\">\r\n<div class=\"pl_i2c\">\r\n<div class=\"pl_i2c\">\r\n<div class=\"pl_i2c\">\r\n<div class=\"pl_i2c\">\r\n<div class=\"pl_i2c\">\r\n<div class=\"pl_i2c\">\r\n<div class=\"pl_i2c\">\r\n<div class=\"pl_i2c\">\r\n<div class=\"pl_i2c\">\r\n<div class=\"pl_i2c\">\r\n<div class=\"arprH0\">\r\n<div class=\"pl_i2c\">\r\n<p>Medidor de espesor de pintura en polvo sin contacto. Mide de forma asequible revestimientos en polvo sin curar utilizando tecnolog\u00eda ultras\u00f3nica sin contacto para obtener un espesor curado.<\/p>\r\n<\/div>\r\n<div class=\"arprH0\">\r\n<ul>\r\n<li>Lista para trabajo inmediato.<\/li>\r\n<li>No se requiere ajuste de calibraci\u00f3n para la mayor\u00eda de los polvos.<\/li>\r\n<li>Almacenamiento de 999 lecturas con promediado en pantalla. Las lecturas almacenadas se pueden descargar al software de escritorio PosiSoft.<\/li>\r\n<li>El modo de escaneo toma medidas continuamente, ideal para analizar \u00e1reas grandes.<\/li>\r\n<li>Velocidad de medici\u00f3n hasta 4 veces m\u00e1s r\u00e1pida: ideal para l\u00edneas m\u00f3viles y piezas oscilantes.<\/li>\r\n<\/ul>\r\n<\/div>\r\n<\/div>\r\n<p>&nbsp;<\/p>\r\n<br \/>\r\n<p>&nbsp;<\/p>\r\n<\/div>\r\n<\/div>\r\n<\/div>\r\n<\/div>\r\n<\/div>\r\n<\/div>\r\n<\/div>\r\n<\/div>\r\n<\/div>\r\n<\/div>\r\n<\/div>\r\n<\/div>\r\n<\/div>\r\n<\/div>\r\n<\/div>","protected":false},"excerpt":{"rendered":"<p>MEDIDOR DE ESPESOR DE PINTURA EN POLVO Medidor de espesor de pintura en polvo sin contacto. Mide de forma asequible revestimientos en polvo sin curar utilizando tecnolog\u00eda ultras\u00f3nica sin contacto para obtener un espesor curado. Lista para trabajo inmediato. No se requiere ajuste de calibraci\u00f3n para la mayor\u00eda de los polvos. Almacenamiento de 999 lecturas [&hellip;]<\/p>\n","protected":false},"featured_media":3087,"comment_status":"open","ping_status":"closed","template":"","meta":{"_uag_custom_page_level_css":""},"product_brand":[],"product_cat":[52],"product_tag":[],"class_list":{"0":"post-3085","1":"product","2":"type-product","3":"status-publish","4":"has-post-thumbnail","6":"product_cat-medidores-de-calidad","8":"first","9":"instock","10":"shipping-taxable","11":"product-type-simple"},"yoast_head":"<!-- This site is optimized with the Yoast SEO plugin v25.2 - https:\/\/yoast.com\/wordpress\/plugins\/seo\/ -->\n<title>MEDIDOR DE ESPESOR DE PINTURA EN POLVO - Ji-proequip<\/title>\n<meta name=\"robots\" content=\"index, follow, max-snippet:-1, max-image-preview:large, max-video-preview:-1\" \/>\n<link rel=\"canonical\" href=\"https:\/\/www.jiproequip.com\/index.php\/producto\/medidor-espesor-pintura-en-polvo\/\" \/>\n<meta property=\"og:locale\" content=\"es_ES\" \/>\n<meta property=\"og:type\" content=\"article\" \/>\n<meta property=\"og:title\" content=\"MEDIDOR DE ESPESOR DE PINTURA EN POLVO - Ji-proequip\" \/>\n<meta property=\"og:description\" content=\"MEDIDOR DE ESPESOR DE PINTURA EN POLVO Medidor de espesor de pintura en polvo sin contacto. Mide de forma asequible revestimientos en polvo sin curar utilizando tecnolog\u00eda ultras\u00f3nica sin contacto para obtener un espesor curado. Lista para trabajo inmediato. No se requiere ajuste de calibraci\u00f3n para la mayor\u00eda de los polvos. Almacenamiento de 999 lecturas [&hellip;]\" \/>\n<meta property=\"og:url\" content=\"https:\/\/www.jiproequip.com\/index.php\/producto\/medidor-espesor-pintura-en-polvo\/\" \/>\n<meta property=\"og:site_name\" content=\"Ji-proequip\" \/>\n<meta property=\"article:modified_time\" content=\"2023-10-19T03:45:00+00:00\" \/>\n<meta property=\"og:image\" content=\"https:\/\/www.jiproequip.com\/wp-content\/uploads\/2023\/10\/PositectorPC_Columbec_02_B.png\" \/>\n\t<meta property=\"og:image:width\" content=\"500\" \/>\n\t<meta property=\"og:image:height\" content=\"500\" \/>\n\t<meta property=\"og:image:type\" content=\"image\/png\" \/>\n<meta name=\"twitter:card\" content=\"summary_large_image\" \/>\n<meta name=\"twitter:label1\" content=\"Tiempo de lectura\" \/>\n\t<meta name=\"twitter:data1\" content=\"1 minuto\" \/>\n<script type=\"application\/ld+json\" class=\"yoast-schema-graph\">{\"@context\":\"https:\/\/schema.org\",\"@graph\":[{\"@type\":\"WebPage\",\"@id\":\"https:\/\/www.jiproequip.com\/index.php\/producto\/medidor-espesor-pintura-en-polvo\/\",\"url\":\"https:\/\/www.jiproequip.com\/index.php\/producto\/medidor-espesor-pintura-en-polvo\/\",\"name\":\"MEDIDOR DE ESPESOR DE PINTURA EN POLVO - Ji-proequip\",\"isPartOf\":{\"@id\":\"https:\/\/www.jiproequip.com\/#website\"},\"primaryImageOfPage\":{\"@id\":\"https:\/\/www.jiproequip.com\/index.php\/producto\/medidor-espesor-pintura-en-polvo\/#primaryimage\"},\"image\":{\"@id\":\"https:\/\/www.jiproequip.com\/index.php\/producto\/medidor-espesor-pintura-en-polvo\/#primaryimage\"},\"thumbnailUrl\":\"https:\/\/www.jiproequip.com\/wp-content\/uploads\/2023\/10\/PositectorPC_Columbec_02_B.png\",\"datePublished\":\"2023-10-19T03:38:49+00:00\",\"dateModified\":\"2023-10-19T03:45:00+00:00\",\"breadcrumb\":{\"@id\":\"https:\/\/www.jiproequip.com\/index.php\/producto\/medidor-espesor-pintura-en-polvo\/#breadcrumb\"},\"inLanguage\":\"es\",\"potentialAction\":[{\"@type\":\"ReadAction\",\"target\":[\"https:\/\/www.jiproequip.com\/index.php\/producto\/medidor-espesor-pintura-en-polvo\/\"]}]},{\"@type\":\"ImageObject\",\"inLanguage\":\"es\",\"@id\":\"https:\/\/www.jiproequip.com\/index.php\/producto\/medidor-espesor-pintura-en-polvo\/#primaryimage\",\"url\":\"https:\/\/www.jiproequip.com\/wp-content\/uploads\/2023\/10\/PositectorPC_Columbec_02_B.png\",\"contentUrl\":\"https:\/\/www.jiproequip.com\/wp-content\/uploads\/2023\/10\/PositectorPC_Columbec_02_B.png\",\"width\":500,\"height\":500},{\"@type\":\"BreadcrumbList\",\"@id\":\"https:\/\/www.jiproequip.com\/index.php\/producto\/medidor-espesor-pintura-en-polvo\/#breadcrumb\",\"itemListElement\":[{\"@type\":\"ListItem\",\"position\":1,\"name\":\"Home\",\"item\":\"https:\/\/www.jiproequip.com\/\"},{\"@type\":\"ListItem\",\"position\":2,\"name\":\"Tienda\",\"item\":\"https:\/\/www.jiproequip.com\/index.php\/tienda\/\"},{\"@type\":\"ListItem\",\"position\":3,\"name\":\"MEDIDOR DE ESPESOR DE PINTURA EN POLVO\"}]},{\"@type\":\"WebSite\",\"@id\":\"https:\/\/www.jiproequip.com\/#website\",\"url\":\"https:\/\/www.jiproequip.com\/\",\"name\":\"Ji-proequip\",\"description\":\"Venta de equipos industriales con servicio t\u00e9cnico especializado\",\"publisher\":{\"@id\":\"https:\/\/www.jiproequip.com\/#organization\"},\"potentialAction\":[{\"@type\":\"SearchAction\",\"target\":{\"@type\":\"EntryPoint\",\"urlTemplate\":\"https:\/\/www.jiproequip.com\/?s={search_term_string}\"},\"query-input\":{\"@type\":\"PropertyValueSpecification\",\"valueRequired\":true,\"valueName\":\"search_term_string\"}}],\"inLanguage\":\"es\"},{\"@type\":\"Organization\",\"@id\":\"https:\/\/www.jiproequip.com\/#organization\",\"name\":\"Ji-proequip\",\"url\":\"https:\/\/www.jiproequip.com\/\",\"logo\":{\"@type\":\"ImageObject\",\"inLanguage\":\"es\",\"@id\":\"https:\/\/www.jiproequip.com\/#\/schema\/logo\/image\/\",\"url\":\"https:\/\/www.jiproequip.com\/wp-content\/uploads\/2025\/06\/LOGO-JIproequip-2025.png\",\"contentUrl\":\"https:\/\/www.jiproequip.com\/wp-content\/uploads\/2025\/06\/LOGO-JIproequip-2025.png\",\"width\":2433,\"height\":596,\"caption\":\"Ji-proequip\"},\"image\":{\"@id\":\"https:\/\/www.jiproequip.com\/#\/schema\/logo\/image\/\"}}]}<\/script>\n<!-- \/ Yoast SEO plugin. -->","yoast_head_json":{"title":"MEDIDOR DE ESPESOR DE PINTURA EN POLVO - Ji-proequip","robots":{"index":"index","follow":"follow","max-snippet":"max-snippet:-1","max-image-preview":"max-image-preview:large","max-video-preview":"max-video-preview:-1"},"canonical":"https:\/\/www.jiproequip.com\/index.php\/producto\/medidor-espesor-pintura-en-polvo\/","og_locale":"es_ES","og_type":"article","og_title":"MEDIDOR DE ESPESOR DE PINTURA EN POLVO - Ji-proequip","og_description":"MEDIDOR DE ESPESOR DE PINTURA EN POLVO Medidor de espesor de pintura en polvo sin contacto. Mide de forma asequible revestimientos en polvo sin curar utilizando tecnolog\u00eda ultras\u00f3nica sin contacto para obtener un espesor curado. Lista para trabajo inmediato. No se requiere ajuste de calibraci\u00f3n para la mayor\u00eda de los polvos. Almacenamiento de 999 lecturas [&hellip;]","og_url":"https:\/\/www.jiproequip.com\/index.php\/producto\/medidor-espesor-pintura-en-polvo\/","og_site_name":"Ji-proequip","article_modified_time":"2023-10-19T03:45:00+00:00","og_image":[{"width":500,"height":500,"url":"https:\/\/www.jiproequip.com\/wp-content\/uploads\/2023\/10\/PositectorPC_Columbec_02_B.png","type":"image\/png"}],"twitter_card":"summary_large_image","twitter_misc":{"Tiempo de lectura":"1 minuto"},"schema":{"@context":"https:\/\/schema.org","@graph":[{"@type":"WebPage","@id":"https:\/\/www.jiproequip.com\/index.php\/producto\/medidor-espesor-pintura-en-polvo\/","url":"https:\/\/www.jiproequip.com\/index.php\/producto\/medidor-espesor-pintura-en-polvo\/","name":"MEDIDOR DE ESPESOR DE PINTURA EN POLVO - Ji-proequip","isPartOf":{"@id":"https:\/\/www.jiproequip.com\/#website"},"primaryImageOfPage":{"@id":"https:\/\/www.jiproequip.com\/index.php\/producto\/medidor-espesor-pintura-en-polvo\/#primaryimage"},"image":{"@id":"https:\/\/www.jiproequip.com\/index.php\/producto\/medidor-espesor-pintura-en-polvo\/#primaryimage"},"thumbnailUrl":"https:\/\/www.jiproequip.com\/wp-content\/uploads\/2023\/10\/PositectorPC_Columbec_02_B.png","datePublished":"2023-10-19T03:38:49+00:00","dateModified":"2023-10-19T03:45:00+00:00","breadcrumb":{"@id":"https:\/\/www.jiproequip.com\/index.php\/producto\/medidor-espesor-pintura-en-polvo\/#breadcrumb"},"inLanguage":"es","potentialAction":[{"@type":"ReadAction","target":["https:\/\/www.jiproequip.com\/index.php\/producto\/medidor-espesor-pintura-en-polvo\/"]}]},{"@type":"ImageObject","inLanguage":"es","@id":"https:\/\/www.jiproequip.com\/index.php\/producto\/medidor-espesor-pintura-en-polvo\/#primaryimage","url":"https:\/\/www.jiproequip.com\/wp-content\/uploads\/2023\/10\/PositectorPC_Columbec_02_B.png","contentUrl":"https:\/\/www.jiproequip.com\/wp-content\/uploads\/2023\/10\/PositectorPC_Columbec_02_B.png","width":500,"height":500},{"@type":"BreadcrumbList","@id":"https:\/\/www.jiproequip.com\/index.php\/producto\/medidor-espesor-pintura-en-polvo\/#breadcrumb","itemListElement":[{"@type":"ListItem","position":1,"name":"Home","item":"https:\/\/www.jiproequip.com\/"},{"@type":"ListItem","position":2,"name":"Tienda","item":"https:\/\/www.jiproequip.com\/index.php\/tienda\/"},{"@type":"ListItem","position":3,"name":"MEDIDOR DE ESPESOR DE PINTURA EN POLVO"}]},{"@type":"WebSite","@id":"https:\/\/www.jiproequip.com\/#website","url":"https:\/\/www.jiproequip.com\/","name":"Ji-proequip","description":"Venta de equipos industriales con servicio t\u00e9cnico especializado","publisher":{"@id":"https:\/\/www.jiproequip.com\/#organization"},"potentialAction":[{"@type":"SearchAction","target":{"@type":"EntryPoint","urlTemplate":"https:\/\/www.jiproequip.com\/?s={search_term_string}"},"query-input":{"@type":"PropertyValueSpecification","valueRequired":true,"valueName":"search_term_string"}}],"inLanguage":"es"},{"@type":"Organization","@id":"https:\/\/www.jiproequip.com\/#organization","name":"Ji-proequip","url":"https:\/\/www.jiproequip.com\/","logo":{"@type":"ImageObject","inLanguage":"es","@id":"https:\/\/www.jiproequip.com\/#\/schema\/logo\/image\/","url":"https:\/\/www.jiproequip.com\/wp-content\/uploads\/2025\/06\/LOGO-JIproequip-2025.png","contentUrl":"https:\/\/www.jiproequip.com\/wp-content\/uploads\/2025\/06\/LOGO-JIproequip-2025.png","width":2433,"height":596,"caption":"Ji-proequip"},"image":{"@id":"https:\/\/www.jiproequip.com\/#\/schema\/logo\/image\/"}}]}},"uagb_featured_image_src":{"full":["https:\/\/www.jiproequip.com\/wp-content\/uploads\/2023\/10\/PositectorPC_Columbec_02_B.png",500,500,false],"thumbnail":["https:\/\/www.jiproequip.com\/wp-content\/uploads\/2023\/10\/PositectorPC_Columbec_02_B.png",150,150,false],"medium":["https:\/\/www.jiproequip.com\/wp-content\/uploads\/2023\/10\/PositectorPC_Columbec_02_B.png",300,300,false],"medium_large":["https:\/\/www.jiproequip.com\/wp-content\/uploads\/2023\/10\/PositectorPC_Columbec_02_B.png",500,500,false],"large":["https:\/\/www.jiproequip.com\/wp-content\/uploads\/2023\/10\/PositectorPC_Columbec_02_B.png",500,500,false],"1536x1536":["https:\/\/www.jiproequip.com\/wp-content\/uploads\/2023\/10\/PositectorPC_Columbec_02_B.png",500,500,false],"2048x2048":["https:\/\/www.jiproequip.com\/wp-content\/uploads\/2023\/10\/PositectorPC_Columbec_02_B.png",500,500,false],"mailpoet_newsletter_max":["https:\/\/www.jiproequip.com\/wp-content\/uploads\/2023\/10\/PositectorPC_Columbec_02_B.png",500,500,false],"woocommerce_thumbnail":["https:\/\/www.jiproequip.com\/wp-content\/uploads\/2023\/10\/PositectorPC_Columbec_02_B.png",300,300,false],"woocommerce_single":["https:\/\/www.jiproequip.com\/wp-content\/uploads\/2023\/10\/PositectorPC_Columbec_02_B.png",500,500,false],"woocommerce_gallery_thumbnail":["https:\/\/www.jiproequip.com\/wp-content\/uploads\/2023\/10\/PositectorPC_Columbec_02_B.png",100,100,false]},"uagb_author_info":{"display_name":"admin_jiproeq","author_link":"https:\/\/www.jiproequip.com\/index.php\/author\/"},"uagb_comment_info":0,"uagb_excerpt":"MEDIDOR DE ESPESOR DE PINTURA EN POLVO Medidor de espesor de pintura en polvo sin contacto. Mide de forma asequible revestimientos en polvo sin curar utilizando tecnolog\u00eda ultras\u00f3nica sin contacto para obtener un espesor curado. Lista para trabajo inmediato. No se requiere ajuste de calibraci\u00f3n para la mayor\u00eda de los polvos. Almacenamiento de 999 lecturas&hellip;","jetpack_sharing_enabled":true,"_links":{"self":[{"href":"https:\/\/www.jiproequip.com\/index.php\/wp-json\/wp\/v2\/product\/3085","targetHints":{"allow":["GET"]}}],"collection":[{"href":"https:\/\/www.jiproequip.com\/index.php\/wp-json\/wp\/v2\/product"}],"about":[{"href":"https:\/\/www.jiproequip.com\/index.php\/wp-json\/wp\/v2\/types\/product"}],"replies":[{"embeddable":true,"href":"https:\/\/www.jiproequip.com\/index.php\/wp-json\/wp\/v2\/comments?post=3085"}],"wp:featuredmedia":[{"embeddable":true,"href":"https:\/\/www.jiproequip.com\/index.php\/wp-json\/wp\/v2\/media\/3087"}],"wp:attachment":[{"href":"https:\/\/www.jiproequip.com\/index.php\/wp-json\/wp\/v2\/media?parent=3085"}],"wp:term":[{"taxonomy":"product_brand","embeddable":true,"href":"https:\/\/www.jiproequip.com\/index.php\/wp-json\/wp\/v2\/product_brand?post=3085"},{"taxonomy":"product_cat","embeddable":true,"href":"https:\/\/www.jiproequip.com\/index.php\/wp-json\/wp\/v2\/product_cat?post=3085"},{"taxonomy":"product_tag","embeddable":true,"href":"https:\/\/www.jiproequip.com\/index.php\/wp-json\/wp\/v2\/product_tag?post=3085"}],"curies":[{"name":"wp","href":"https:\/\/api.w.org\/{rel}","templated":true}]}}