{"id":3333,"date":"2023-10-21T13:23:02","date_gmt":"2023-10-21T18:23:02","guid":{"rendered":"https:\/\/www.jiproequip.com\/?post_type=product&#038;p=3333"},"modified":"2023-10-21T13:33:41","modified_gmt":"2023-10-21T18:33:41","slug":"franjadora-profesional-montada-sobre-camioneta-personalizable","status":"publish","type":"product","link":"https:\/\/www.jiproequip.com\/index.php\/producto\/franjadora-profesional-montada-sobre-camioneta-personalizable\/","title":{"rendered":"Franjadora profesional montada sobre camioneta personalizable"},"content":{"rendered":"<div class=\"wp-block-stackable-column stk-block-column stk-column stk-block stk-a42bbec\" data-v=\"4\" data-block-id=\"a42bbec\">\r\n<div class=\"stk-column-wrapper stk-block-column__content stk-container stk-a42bbec-container stk--no-background stk--no-padding\">\r\n<div class=\"stk-block-content stk-inner-blocks stk-a42bbec-inner-blocks\"><div class=\"wp-block-stackable-carousel stk-block-carousel stk--is-slide stk--arrows-justify-space-between stk--arrows-align-center stk-block stk-6d5b6f7\" data-slides-to-show=\"\" data-block-id=\"6d5b6f7\">\r\n<div class=\"stk-block-carousel__content-wrapper\">\r\n<div class=\"stk-row stk-inner-blocks stk-block-content stk-block-carousel__slider-wrapper stk-content-align stk-6d5b6f7-column\">\r\n<div class=\"stk-block-carousel__slider\" role=\"list\" data-autoplay=\"4000\" data-label-slide-of=\"Slide %%d of %%d\"><div class=\"wp-block-stackable-column stk-block-column stk-column stk-block stk-5a69e44\" data-v=\"4\" data-block-id=\"5a69e44\">\r\n<div class=\"stk-column-wrapper stk-block-column__content stk-container stk-5a69e44-container stk--no-background stk--no-padding\">\r\n<div class=\"stk-block-content stk-inner-blocks stk-5a69e44-inner-blocks\"><div class=\"wp-block-stackable-image stk-block-image stk-block stk-64219fc\" data-block-id=\"64219fc\">\r\n<figure class=\"stk-img-wrapper stk-image--shape-stretch\"><img loading=\"lazy\" decoding=\"async\" class=\"stk-img                                                                               alignnone wp-image-3343 \" src=\"http:\/\/https:\/\/www.jiproequip.com\/wp-content\/uploads\/2023\/10\/Franjadora_profesional_montada_camioneta_personalizable_Graco_columbec_05_B.png\" alt=\"\" width=\"427\" height=\"286\" \/><\/figure>\r\n<\/div><\/div>\r\n<\/div>\r\n<\/div><\/div>\r\n<\/div>\r\n<\/div>\r\n<\/div><\/div>\r\n<\/div>\r\n<\/div><div class=\"wp-block-stackable-column stk-block-column stk-column stk-block stk-776f52c\" data-v=\"4\" data-block-id=\"776f52c\">\r\n<div class=\"stk-column-wrapper stk-block-column__content stk-container stk-776f52c-container stk--no-background stk--no-padding\">\r\n<div class=\"stk-block-content stk-inner-blocks stk-776f52c-inner-blocks\"><div id=\"unidad-trifasica-de-lavado-de-alta-presion-de-agua-fria-a-2175-p-s-i\" class=\"wp-block-stackable-heading stk-block-heading stk-block-heading--v2 stk-block stk-6ead452 stk-block-background\" data-block-id=\"6ead452\">\r\n<div class=\"pl_i2t\">\r\n<div class=\"pl_i2t\">\r\n<div class=\"pl_i2t\">\r\n<div class=\"pl_i2t\">\r\n<div class=\"pl_i2t\">\r\n<div class=\"pl_i2t\">\r\n<div class=\"pl_i2t\">\r\n<div class=\"pl_i2t\">\r\n<div class=\"pl_i2t\">\r\n<div class=\"pl_i2t\">\r\n<div class=\"pl_i2t\">\r\n<div class=\"pl_i2t\">\r\n<div class=\"pl_i2t\">\r\n<div class=\"pl_i2t\">\r\n<div class=\"pl_i2t\">\r\n<div class=\"pl_i2t\">\r\n<div class=\"pl_i2t\">\r\n<div class=\"pl_i2t\">\r\n<div class=\"pl_i2t\">\r\n<div class=\"pl_i2t\">\r\n<div class=\"pl_i2t\">\r\n<div class=\"pl_i2t\">\r\n<div class=\"pl_i2t\">\r\n<div class=\"pl_i2t\">\r\n<div class=\"pl_i2t\">\r\n<div class=\"pl_i2t\">\r\n<div class=\"pl_i2t\">\r\n<div class=\"pl_i2t\">\r\n<div class=\"pl_i2t\">\r\n<div class=\"pl_i2t\">\r\n<div class=\"pl_i2t\">\r\n<div class=\"pl_i2t\">\r\n<div class=\"pl_i2t\">\r\n<div class=\"pl_i2t\">\r\n<div class=\"pl_i2t\">\r\n<div class=\"pl_i2t\">\r\n<div class=\"pl_i2t\">\r\n<div class=\"pl_i2t\">\r\n<div class=\"pl_i2t\">\r\n<div class=\"pl_i2t\">\r\n<div class=\"pl_i2t\">\r\n<div class=\"pl_i2t\">\r\n<div class=\"pl_i2t\">\r\n<div class=\"pl_i2t\">\r\n<div class=\"pl_i2t\">\r\n<div class=\"pl_i2t\">\r\n<div class=\"pl_i2t\">\r\n<div class=\"pl_i2t\">\r\n<div class=\"pl_i2t\">\r\n<div class=\"pl_i2t\">\r\n<div class=\"pl_i2t\">\r\n<div class=\"pl_i2t\">\r\n<div class=\"pl_i2t\">\r\n<div class=\"pl_i2t\">\r\n<div class=\"pl_i2t\">\r\n<div class=\"pl_i2t\">\r\n<div class=\"pl_i2t\">\r\n<div class=\"pl_i2t\">\r\n<div class=\"pl_i2t\">\r\n<div class=\"pl_i2t\">\r\n<div class=\"pl_i2t\">\r\n<div class=\"pl_i2t\">\r\n<div class=\"pl_i2t\">\r\n<div class=\"pl_i2t\">\r\n<div class=\"pl_i2t\">\r\n<div class=\"pl_i2t\">\r\n<div class=\"pl_i2t\">\r\n<div class=\"pl_i2t\">\r\n<div class=\"pl_i2t\">\r\n<div class=\"pl_i2t\">\r\n<div class=\"pl_i2t\">\r\n<div class=\"pl_i2t\">\r\n<div class=\"pl_i2t\">\r\n<div class=\"pl_i2t\">\r\n<div class=\"pl_i2t\">\r\n<div class=\"pl_i2t\">\r\n<div class=\"pl_i2t\">\r\n<div class=\"pl_i2t\">\r\n<div class=\"pl_i2t\">\r\n<div class=\"pl_i2t\">\r\n<div class=\"pl_i2t\">\r\n<div class=\"pl_i2t\">\r\n<div class=\"pl_i2t\">\r\n<div class=\"pl_i2t\">\r\n<div class=\"pl_i2t\">\r\n<div class=\"pl_i2t\">\r\n<div class=\"pl_i2t\">\r\n<div class=\"pl_i2t\">\r\n<div class=\"pl_i2t\">\r\n<div class=\"pl_i2t\">\r\n<div class=\"pl_i2t\">\r\n<div class=\"pl_i2t\">\r\n<div class=\"pl_i2t\">\r\n<div class=\"pl_i2t\">\r\n<div class=\"pl_i2t\">\r\n<div class=\"pl_i2t\">\r\n<div class=\"pl_i2t\">\r\n<div class=\"pl_i2t\">\r\n<div class=\"pl_i2t\">\r\n<div class=\"pl_i2t\">\r\n<div class=\"pl_i2t\">\r\n<div class=\"pl_i2t\">\r\n<div class=\"pl_i2t\">\r\n<div class=\"pl_i2t\">\r\n<div class=\"pl_i2t\">\r\n<div class=\"pl_i2t\">\r\n<h2>Franjadora profesional montada sobre camioneta personalizable<\/h2>\r\n<\/div>\r\n<\/div>\r\n<\/div>\r\n<\/div>\r\n<\/div>\r\n<\/div>\r\n<\/div>\r\n<\/div>\r\n<\/div>\r\n<\/div>\r\n<\/div>\r\n<\/div>\r\n<\/div>\r\n<\/div>\r\n<\/div>\r\n<\/div>\r\n<\/div>\r\n<\/div>\r\n<\/div>\r\n<\/div>\r\n<\/div>\r\n<\/div>\r\n<\/div>\r\n<\/div>\r\n<\/div>\r\n<\/div>\r\n<\/div>\r\n<\/div>\r\n<\/div>\r\n<\/div>\r\n<\/div>\r\n<\/div>\r\n<\/div>\r\n<\/div>\r\n<\/div>\r\n<\/div>\r\n<\/div>\r\n<\/div>\r\n<\/div>\r\n<\/div>\r\n<\/div>\r\n<\/div>\r\n<\/div>\r\n<\/div>\r\n<\/div>\r\n<\/div>\r\n<\/div>\r\n<\/div>\r\n<\/div>\r\n<\/div>\r\n<\/div>\r\n<\/div>\r\n<\/div>\r\n<\/div>\r\n<\/div>\r\n<\/div>\r\n<\/div>\r\n<\/div>\r\n<\/div>\r\n<\/div>\r\n<\/div>\r\n<\/div>\r\n<\/div>\r\n<\/div>\r\n<\/div>\r\n<\/div>\r\n<\/div>\r\n<\/div>\r\n<\/div>\r\n<\/div>\r\n<\/div>\r\n<\/div>\r\n<\/div>\r\n<\/div>\r\n<\/div>\r\n<\/div>\r\n<\/div>\r\n<\/div>\r\n<\/div>\r\n<\/div>\r\n<\/div>\r\n<\/div>\r\n<\/div>\r\n<\/div>\r\n<\/div>\r\n<\/div>\r\n<\/div>\r\n<\/div>\r\n<\/div>\r\n<\/div>\r\n<\/div>\r\n<\/div>\r\n<\/div>\r\n<\/div>\r\n<\/div>\r\n<\/div>\r\n<\/div>\r\n<\/div>\r\n<\/div>\r\n<\/div>\r\n<\/div>\r\n<\/div>\r\n<\/div>\r\n<\/div>\r\n<\/div>\r\n<\/div>\r\n<div class=\"pl_i2c\">\r\n<div class=\"pl_i2c\">\r\n<div class=\"pl_i2c\">\r\n<div class=\"pl_i2c\">\r\n<div class=\"pl_i2c\">\r\n<div class=\"pl_i2c\">\r\n<div class=\"pl_i2c\">\r\n<div class=\"arprH0\">\r\n<p>ste sistema de franjado profesional, totalmente personalizable, se compone de un Tanque de microesferas con capacidad de 450 lb (204 kg), un dise\u00f1o comprobado con el que nunca tendr\u00e1 que preocuparse por las reparaciones en la carretera o por las pistolas de microesferas obstruidas.<\/p>\r\n<p>Tanque de 450 lb (204 kg) que le permite recorrer m\u00e1s distancia sin tener que recargar. Los tanques de microesferas cuentan con certificaci\u00f3n ASME y pueden descargar a una tasa de 8 a 10 lb (3,6 a 4,5 kg) por gal\u00f3n. Gran apertura de pico de recarga de 16 pulgadas (40,6 cm). La manguera de microesferas transparente reduce el calor y permite que los usuarios puedan ver el flujo de las microesferas.<\/p>\r\n<p>Sistema de 1 o 2 bombas, flexibilidad para quienes solo necesitan 1 color o para contratistas de trazado de l\u00edneas que est\u00e1n comenzando a utilizar aplicaciones de 2 colores cuando es f\u00e1cil cambiar entre l\u00edneas amarillas y blancas con el giro de una palanca. Motor hidr\u00e1ulico. Bomba de desplazamiento con excelentes resultados en el bombeo de pintura para el trazado de l\u00edneas.<\/p>\r\n<p>Pistolas de microesferas de acci\u00f3n doble que cubren por completo la l\u00ednea de pintura con microesferas y garantizan que los inicios y finales est\u00e9n exactamente donde los desea. Deflector de microesferas ajustable, con un dedo le permite establecer el patr\u00f3n de microesferas en el ancho exacto requerido para el trabajo.<\/p>\r\n<br \/>\r\n<p><img loading=\"lazy\" decoding=\"async\" class=\"alignnone wp-image-3335 size-full\" src=\"http:\/\/https:\/\/www.jiproequip.com\/wp-content\/uploads\/2023\/10\/Franjadora_profesional_montada_camioneta_personalizable_Graco_columbec_06_B.png\" alt=\"\" width=\"502\" height=\"174\" \/><\/p>\r\n<p>Garantiza nitidez en los comienzos y finales de las l\u00edneas. Proporciona l\u00edneas dobles sincronizadas. Asistida por aire para mayor confiabilidad. Cubren por completo la l\u00ednea de pintura con microesferas. Las l\u00edneas iniciales y finales son parejas 0 a 40 lb (18,2 kg) por minuto. El sistema ofrece un dise\u00f1o de aguja con forma de gota para que las microesferas fluyan suavemente alrededor de la superficie de la agua, limitando la turbulencia (vibraci\u00f3n de las microesferas) dentro de la pistola para una vida \u00fatil prolongada.<\/p>\r\n<p>Sistema de c\u00e1mara montada y enfocada para ver perfectamente el trabajo realizado, este equipo permite que solo una persona se encargue de todo el trabajo de franjado.<\/p>\r\n<p><img loading=\"lazy\" decoding=\"async\" class=\"alignnone size-full wp-image-3336\" src=\"http:\/\/https:\/\/www.jiproequip.com\/wp-content\/uploads\/2023\/10\/Franjadora_profesional_montada_camioneta_personalizable_Graco_columbec_07_B.png\" alt=\"\" width=\"340\" height=\"242\" \/> <img loading=\"lazy\" decoding=\"async\" class=\"alignnone size-medium wp-image-3337\" src=\"http:\/\/https:\/\/www.jiproequip.com\/wp-content\/uploads\/2023\/10\/Franjadora_profesional_montada_camioneta_personalizable_Graco_columbec_08_B.png\" alt=\"\" width=\"231\" height=\"230\" \/><\/p>\r\n<\/div>\r\n<\/div>\r\n<\/div>\r\n<div>\r\n<p>Esta c\u00e1mara se monta sobre el brazo de la pistola y pasar\u00e1 desde un lado del veh\u00edculo al otro sin necesitar ning\u00fan ajuste. La visi\u00f3n de la c\u00e1mara permite que los usuarios puedan ver desde atr\u00e1s de las pistolas de pintura y microesferas y genera una vista muy similar a la que se obtiene con una unidad con operador a pie.<\/p>\r\n<p>Kit de cabrestante de elevaci\u00f3n de la barra de la pistola que permite al operador levantar y bajar el brazo de la barra desde la cabina. Sistemas de enganche simple de deslizamiento o para remolcar. Viga ajustable del brazo de la pistola.<\/p>\r\n<p>Ahora puede trazar l\u00edneas con las altas velocidades de producci\u00f3n que generalmente solo se encuentran en los camiones de l\u00edneas largas. Algunas de las aplicaciones de este equipo de franjado profesional son en las entradas a autopistas y las rampas de salida. Intersecciones desde cruces peatonales a flechas, hay muchas maneras de ganas m\u00e1s dinero con este sistema. Los bordes de las carreteras nunca son rectos, pero eso no representa un problema para este equipo.<\/p>\r\n<p>Los estacionamientos sol\u00edan reservarse solo para las unidades con operador a pie, ahora, con los grandes centros comerciales m\u00e1s grandes de lo normal, usted podr\u00e1 trazar l\u00edneas de forma m\u00e1s r\u00e1pida y eficiente. Mantenimiento y preparaci\u00f3n de pistas en aeropuertos.<\/p>\r\n<\/div>\r\n<\/div>\r\n<\/div>\r\n<\/div>\r\n<\/div>\r\n<\/div>\r\n<\/div>\r\n<\/div>\r\n<\/div>\r\n<\/div>","protected":false},"excerpt":{"rendered":"<div class=\"pl_i2c\">\n<div class=\"pl_i2c\">\n<div class=\"pl_i2c\">\n<div class=\"pl_i2c\">\n<div class=\"pl_i2c\">\n<div class=\"pl_i2c\">\n<div class=\"pl_i2c\">\n<div class=\"pl_i2c\">\n<div class=\"pl_i2c\">\n<div class=\"pl_i2c\">\n<div class=\"pl_i2c\">\n<p>Sistema de trazado de l\u00edneas modular que viene con m\u00e1s de diez configuraciones listas para usar. Opci\u00f3n de remolque que permite total independencia del cami\u00f3n con m\u00e1s espacio para transportar pintura y microesferas. Alguna de las aplicaciones son pintado y se\u00f1alizaci\u00f3n de aeropuertos, autopistas, estacionamientos, intersecciones, curvas.<\/p>\n<\/div>\n<\/div>\n<\/div>\n<\/div>\n<\/div>\n<\/div>\n<\/div>\n<\/div>\n<\/div>\n<\/div>\n<\/div>\n","protected":false},"featured_media":3340,"comment_status":"open","ping_status":"closed","template":"","meta":{"_uag_custom_page_level_css":""},"product_brand":[],"product_cat":[54],"product_tag":[],"class_list":{"0":"post-3333","1":"product","2":"type-product","3":"status-publish","4":"has-post-thumbnail","6":"product_cat-senalizacion-vial","8":"first","9":"instock","10":"shipping-taxable","11":"product-type-simple"},"yoast_head":"<!-- This site is optimized with the Yoast SEO plugin v25.2 - https:\/\/yoast.com\/wordpress\/plugins\/seo\/ -->\n<title>Franjadora profesional montada sobre camioneta personalizable - Ji-proequip<\/title>\n<meta name=\"robots\" content=\"index, follow, max-snippet:-1, max-image-preview:large, max-video-preview:-1\" \/>\n<link rel=\"canonical\" href=\"https:\/\/www.jiproequip.com\/index.php\/producto\/franjadora-profesional-montada-sobre-camioneta-personalizable\/\" \/>\n<meta property=\"og:locale\" content=\"es_ES\" \/>\n<meta property=\"og:type\" content=\"article\" \/>\n<meta property=\"og:title\" content=\"Franjadora profesional montada sobre camioneta personalizable - Ji-proequip\" \/>\n<meta property=\"og:description\" content=\"Sistema de trazado de l\u00edneas modular que viene con m\u00e1s de diez configuraciones listas para usar. Opci\u00f3n de remolque que permite total independencia del cami\u00f3n con m\u00e1s espacio para transportar pintura y microesferas. Alguna de las aplicaciones son pintado y se\u00f1alizaci\u00f3n de aeropuertos, autopistas, estacionamientos, intersecciones, curvas.\" \/>\n<meta property=\"og:url\" content=\"https:\/\/www.jiproequip.com\/index.php\/producto\/franjadora-profesional-montada-sobre-camioneta-personalizable\/\" \/>\n<meta property=\"og:site_name\" content=\"Ji-proequip\" \/>\n<meta property=\"article:modified_time\" content=\"2023-10-21T18:33:41+00:00\" \/>\n<meta property=\"og:image\" content=\"https:\/\/www.jiproequip.com\/wp-content\/uploads\/2023\/10\/Franjadora_profesional_montada_camioneta_personalizable_Graco_columbec_02_B.png\" \/>\n\t<meta property=\"og:image:width\" content=\"742\" \/>\n\t<meta property=\"og:image:height\" content=\"550\" \/>\n\t<meta property=\"og:image:type\" content=\"image\/png\" \/>\n<meta name=\"twitter:card\" content=\"summary_large_image\" \/>\n<meta name=\"twitter:label1\" content=\"Tiempo de lectura\" \/>\n\t<meta name=\"twitter:data1\" content=\"4 minutos\" \/>\n<script type=\"application\/ld+json\" class=\"yoast-schema-graph\">{\"@context\":\"https:\/\/schema.org\",\"@graph\":[{\"@type\":\"WebPage\",\"@id\":\"https:\/\/www.jiproequip.com\/index.php\/producto\/franjadora-profesional-montada-sobre-camioneta-personalizable\/\",\"url\":\"https:\/\/www.jiproequip.com\/index.php\/producto\/franjadora-profesional-montada-sobre-camioneta-personalizable\/\",\"name\":\"Franjadora profesional montada sobre camioneta personalizable - Ji-proequip\",\"isPartOf\":{\"@id\":\"https:\/\/www.jiproequip.com\/#website\"},\"primaryImageOfPage\":{\"@id\":\"https:\/\/www.jiproequip.com\/index.php\/producto\/franjadora-profesional-montada-sobre-camioneta-personalizable\/#primaryimage\"},\"image\":{\"@id\":\"https:\/\/www.jiproequip.com\/index.php\/producto\/franjadora-profesional-montada-sobre-camioneta-personalizable\/#primaryimage\"},\"thumbnailUrl\":\"https:\/\/www.jiproequip.com\/wp-content\/uploads\/2023\/10\/Franjadora_profesional_montada_camioneta_personalizable_Graco_columbec_02_B.png\",\"datePublished\":\"2023-10-21T18:23:02+00:00\",\"dateModified\":\"2023-10-21T18:33:41+00:00\",\"breadcrumb\":{\"@id\":\"https:\/\/www.jiproequip.com\/index.php\/producto\/franjadora-profesional-montada-sobre-camioneta-personalizable\/#breadcrumb\"},\"inLanguage\":\"es\",\"potentialAction\":[{\"@type\":\"ReadAction\",\"target\":[\"https:\/\/www.jiproequip.com\/index.php\/producto\/franjadora-profesional-montada-sobre-camioneta-personalizable\/\"]}]},{\"@type\":\"ImageObject\",\"inLanguage\":\"es\",\"@id\":\"https:\/\/www.jiproequip.com\/index.php\/producto\/franjadora-profesional-montada-sobre-camioneta-personalizable\/#primaryimage\",\"url\":\"https:\/\/www.jiproequip.com\/wp-content\/uploads\/2023\/10\/Franjadora_profesional_montada_camioneta_personalizable_Graco_columbec_02_B.png\",\"contentUrl\":\"https:\/\/www.jiproequip.com\/wp-content\/uploads\/2023\/10\/Franjadora_profesional_montada_camioneta_personalizable_Graco_columbec_02_B.png\",\"width\":742,\"height\":550},{\"@type\":\"BreadcrumbList\",\"@id\":\"https:\/\/www.jiproequip.com\/index.php\/producto\/franjadora-profesional-montada-sobre-camioneta-personalizable\/#breadcrumb\",\"itemListElement\":[{\"@type\":\"ListItem\",\"position\":1,\"name\":\"Home\",\"item\":\"https:\/\/www.jiproequip.com\/\"},{\"@type\":\"ListItem\",\"position\":2,\"name\":\"Tienda\",\"item\":\"https:\/\/www.jiproequip.com\/index.php\/tienda\/\"},{\"@type\":\"ListItem\",\"position\":3,\"name\":\"Franjadora profesional montada sobre camioneta personalizable\"}]},{\"@type\":\"WebSite\",\"@id\":\"https:\/\/www.jiproequip.com\/#website\",\"url\":\"https:\/\/www.jiproequip.com\/\",\"name\":\"Ji-proequip\",\"description\":\"Venta de equipos industriales con servicio t\u00e9cnico especializado\",\"publisher\":{\"@id\":\"https:\/\/www.jiproequip.com\/#organization\"},\"potentialAction\":[{\"@type\":\"SearchAction\",\"target\":{\"@type\":\"EntryPoint\",\"urlTemplate\":\"https:\/\/www.jiproequip.com\/?s={search_term_string}\"},\"query-input\":{\"@type\":\"PropertyValueSpecification\",\"valueRequired\":true,\"valueName\":\"search_term_string\"}}],\"inLanguage\":\"es\"},{\"@type\":\"Organization\",\"@id\":\"https:\/\/www.jiproequip.com\/#organization\",\"name\":\"Ji-proequip\",\"url\":\"https:\/\/www.jiproequip.com\/\",\"logo\":{\"@type\":\"ImageObject\",\"inLanguage\":\"es\",\"@id\":\"https:\/\/www.jiproequip.com\/#\/schema\/logo\/image\/\",\"url\":\"https:\/\/www.jiproequip.com\/wp-content\/uploads\/2025\/06\/LOGO-JIproequip-2025.png\",\"contentUrl\":\"https:\/\/www.jiproequip.com\/wp-content\/uploads\/2025\/06\/LOGO-JIproequip-2025.png\",\"width\":2433,\"height\":596,\"caption\":\"Ji-proequip\"},\"image\":{\"@id\":\"https:\/\/www.jiproequip.com\/#\/schema\/logo\/image\/\"}}]}<\/script>\n<!-- \/ Yoast SEO plugin. -->","yoast_head_json":{"title":"Franjadora profesional montada sobre camioneta personalizable - Ji-proequip","robots":{"index":"index","follow":"follow","max-snippet":"max-snippet:-1","max-image-preview":"max-image-preview:large","max-video-preview":"max-video-preview:-1"},"canonical":"https:\/\/www.jiproequip.com\/index.php\/producto\/franjadora-profesional-montada-sobre-camioneta-personalizable\/","og_locale":"es_ES","og_type":"article","og_title":"Franjadora profesional montada sobre camioneta personalizable - Ji-proequip","og_description":"Sistema de trazado de l\u00edneas modular que viene con m\u00e1s de diez configuraciones listas para usar. Opci\u00f3n de remolque que permite total independencia del cami\u00f3n con m\u00e1s espacio para transportar pintura y microesferas. Alguna de las aplicaciones son pintado y se\u00f1alizaci\u00f3n de aeropuertos, autopistas, estacionamientos, intersecciones, curvas.","og_url":"https:\/\/www.jiproequip.com\/index.php\/producto\/franjadora-profesional-montada-sobre-camioneta-personalizable\/","og_site_name":"Ji-proequip","article_modified_time":"2023-10-21T18:33:41+00:00","og_image":[{"width":742,"height":550,"url":"https:\/\/www.jiproequip.com\/wp-content\/uploads\/2023\/10\/Franjadora_profesional_montada_camioneta_personalizable_Graco_columbec_02_B.png","type":"image\/png"}],"twitter_card":"summary_large_image","twitter_misc":{"Tiempo de lectura":"4 minutos"},"schema":{"@context":"https:\/\/schema.org","@graph":[{"@type":"WebPage","@id":"https:\/\/www.jiproequip.com\/index.php\/producto\/franjadora-profesional-montada-sobre-camioneta-personalizable\/","url":"https:\/\/www.jiproequip.com\/index.php\/producto\/franjadora-profesional-montada-sobre-camioneta-personalizable\/","name":"Franjadora profesional montada sobre camioneta personalizable - Ji-proequip","isPartOf":{"@id":"https:\/\/www.jiproequip.com\/#website"},"primaryImageOfPage":{"@id":"https:\/\/www.jiproequip.com\/index.php\/producto\/franjadora-profesional-montada-sobre-camioneta-personalizable\/#primaryimage"},"image":{"@id":"https:\/\/www.jiproequip.com\/index.php\/producto\/franjadora-profesional-montada-sobre-camioneta-personalizable\/#primaryimage"},"thumbnailUrl":"https:\/\/www.jiproequip.com\/wp-content\/uploads\/2023\/10\/Franjadora_profesional_montada_camioneta_personalizable_Graco_columbec_02_B.png","datePublished":"2023-10-21T18:23:02+00:00","dateModified":"2023-10-21T18:33:41+00:00","breadcrumb":{"@id":"https:\/\/www.jiproequip.com\/index.php\/producto\/franjadora-profesional-montada-sobre-camioneta-personalizable\/#breadcrumb"},"inLanguage":"es","potentialAction":[{"@type":"ReadAction","target":["https:\/\/www.jiproequip.com\/index.php\/producto\/franjadora-profesional-montada-sobre-camioneta-personalizable\/"]}]},{"@type":"ImageObject","inLanguage":"es","@id":"https:\/\/www.jiproequip.com\/index.php\/producto\/franjadora-profesional-montada-sobre-camioneta-personalizable\/#primaryimage","url":"https:\/\/www.jiproequip.com\/wp-content\/uploads\/2023\/10\/Franjadora_profesional_montada_camioneta_personalizable_Graco_columbec_02_B.png","contentUrl":"https:\/\/www.jiproequip.com\/wp-content\/uploads\/2023\/10\/Franjadora_profesional_montada_camioneta_personalizable_Graco_columbec_02_B.png","width":742,"height":550},{"@type":"BreadcrumbList","@id":"https:\/\/www.jiproequip.com\/index.php\/producto\/franjadora-profesional-montada-sobre-camioneta-personalizable\/#breadcrumb","itemListElement":[{"@type":"ListItem","position":1,"name":"Home","item":"https:\/\/www.jiproequip.com\/"},{"@type":"ListItem","position":2,"name":"Tienda","item":"https:\/\/www.jiproequip.com\/index.php\/tienda\/"},{"@type":"ListItem","position":3,"name":"Franjadora profesional montada sobre camioneta personalizable"}]},{"@type":"WebSite","@id":"https:\/\/www.jiproequip.com\/#website","url":"https:\/\/www.jiproequip.com\/","name":"Ji-proequip","description":"Venta de equipos industriales con servicio t\u00e9cnico especializado","publisher":{"@id":"https:\/\/www.jiproequip.com\/#organization"},"potentialAction":[{"@type":"SearchAction","target":{"@type":"EntryPoint","urlTemplate":"https:\/\/www.jiproequip.com\/?s={search_term_string}"},"query-input":{"@type":"PropertyValueSpecification","valueRequired":true,"valueName":"search_term_string"}}],"inLanguage":"es"},{"@type":"Organization","@id":"https:\/\/www.jiproequip.com\/#organization","name":"Ji-proequip","url":"https:\/\/www.jiproequip.com\/","logo":{"@type":"ImageObject","inLanguage":"es","@id":"https:\/\/www.jiproequip.com\/#\/schema\/logo\/image\/","url":"https:\/\/www.jiproequip.com\/wp-content\/uploads\/2025\/06\/LOGO-JIproequip-2025.png","contentUrl":"https:\/\/www.jiproequip.com\/wp-content\/uploads\/2025\/06\/LOGO-JIproequip-2025.png","width":2433,"height":596,"caption":"Ji-proequip"},"image":{"@id":"https:\/\/www.jiproequip.com\/#\/schema\/logo\/image\/"}}]}},"uagb_featured_image_src":{"full":["https:\/\/www.jiproequip.com\/wp-content\/uploads\/2023\/10\/Franjadora_profesional_montada_camioneta_personalizable_Graco_columbec_02_B.png",742,550,false],"thumbnail":["https:\/\/www.jiproequip.com\/wp-content\/uploads\/2023\/10\/Franjadora_profesional_montada_camioneta_personalizable_Graco_columbec_02_B.png",150,111,false],"medium":["https:\/\/www.jiproequip.com\/wp-content\/uploads\/2023\/10\/Franjadora_profesional_montada_camioneta_personalizable_Graco_columbec_02_B.png",300,222,false],"medium_large":["https:\/\/www.jiproequip.com\/wp-content\/uploads\/2023\/10\/Franjadora_profesional_montada_camioneta_personalizable_Graco_columbec_02_B.png",742,550,false],"large":["https:\/\/www.jiproequip.com\/wp-content\/uploads\/2023\/10\/Franjadora_profesional_montada_camioneta_personalizable_Graco_columbec_02_B.png",742,550,false],"1536x1536":["https:\/\/www.jiproequip.com\/wp-content\/uploads\/2023\/10\/Franjadora_profesional_montada_camioneta_personalizable_Graco_columbec_02_B.png",742,550,false],"2048x2048":["https:\/\/www.jiproequip.com\/wp-content\/uploads\/2023\/10\/Franjadora_profesional_montada_camioneta_personalizable_Graco_columbec_02_B.png",742,550,false],"mailpoet_newsletter_max":["https:\/\/www.jiproequip.com\/wp-content\/uploads\/2023\/10\/Franjadora_profesional_montada_camioneta_personalizable_Graco_columbec_02_B.png",742,550,false],"woocommerce_thumbnail":["https:\/\/www.jiproequip.com\/wp-content\/uploads\/2023\/10\/Franjadora_profesional_montada_camioneta_personalizable_Graco_columbec_02_B.png",300,222,false],"woocommerce_single":["https:\/\/www.jiproequip.com\/wp-content\/uploads\/2023\/10\/Franjadora_profesional_montada_camioneta_personalizable_Graco_columbec_02_B.png",600,445,false],"woocommerce_gallery_thumbnail":["https:\/\/www.jiproequip.com\/wp-content\/uploads\/2023\/10\/Franjadora_profesional_montada_camioneta_personalizable_Graco_columbec_02_B-100x100.png",100,100,true]},"uagb_author_info":{"display_name":"admin_jiproeq","author_link":"https:\/\/www.jiproequip.com\/index.php\/author\/"},"uagb_comment_info":0,"uagb_excerpt":"Sistema de trazado de l\u00edneas modular que viene con m\u00e1s de diez configuraciones listas para usar. Opci\u00f3n de remolque que permite total independencia del cami\u00f3n con m\u00e1s espacio para transportar pintura y microesferas. Alguna de las aplicaciones son pintado y se\u00f1alizaci\u00f3n de aeropuertos, autopistas, estacionamientos, intersecciones, curvas.","jetpack_sharing_enabled":true,"_links":{"self":[{"href":"https:\/\/www.jiproequip.com\/index.php\/wp-json\/wp\/v2\/product\/3333","targetHints":{"allow":["GET"]}}],"collection":[{"href":"https:\/\/www.jiproequip.com\/index.php\/wp-json\/wp\/v2\/product"}],"about":[{"href":"https:\/\/www.jiproequip.com\/index.php\/wp-json\/wp\/v2\/types\/product"}],"replies":[{"embeddable":true,"href":"https:\/\/www.jiproequip.com\/index.php\/wp-json\/wp\/v2\/comments?post=3333"}],"wp:featuredmedia":[{"embeddable":true,"href":"https:\/\/www.jiproequip.com\/index.php\/wp-json\/wp\/v2\/media\/3340"}],"wp:attachment":[{"href":"https:\/\/www.jiproequip.com\/index.php\/wp-json\/wp\/v2\/media?parent=3333"}],"wp:term":[{"taxonomy":"product_brand","embeddable":true,"href":"https:\/\/www.jiproequip.com\/index.php\/wp-json\/wp\/v2\/product_brand?post=3333"},{"taxonomy":"product_cat","embeddable":true,"href":"https:\/\/www.jiproequip.com\/index.php\/wp-json\/wp\/v2\/product_cat?post=3333"},{"taxonomy":"product_tag","embeddable":true,"href":"https:\/\/www.jiproequip.com\/index.php\/wp-json\/wp\/v2\/product_tag?post=3333"}],"curies":[{"name":"wp","href":"https:\/\/api.w.org\/{rel}","templated":true}]}}