{"id":3367,"date":"2023-10-22T15:17:47","date_gmt":"2023-10-22T20:17:47","guid":{"rendered":"https:\/\/www.jiproequip.com\/?post_type=product&#038;p=3367"},"modified":"2023-10-22T15:27:01","modified_gmt":"2023-10-22T20:27:01","slug":"franjadora-hidraulica-con-tres-pistolas-autopropulsada-linelazer","status":"publish","type":"product","link":"https:\/\/www.jiproequip.com\/index.php\/producto\/franjadora-hidraulica-con-tres-pistolas-autopropulsada-linelazer\/","title":{"rendered":"Franjadora hidr\u00e1ulica con tres pistolas autopropulsada LineLazer"},"content":{"rendered":"<div class=\"wp-block-stackable-column stk-block-column stk-column stk-block stk-a42bbec\" data-v=\"4\" data-block-id=\"a42bbec\">\r\n<div class=\"stk-column-wrapper stk-block-column__content stk-container stk-a42bbec-container stk--no-background stk--no-padding\">\r\n<div class=\"stk-block-content stk-inner-blocks stk-a42bbec-inner-blocks\"><div class=\"wp-block-stackable-carousel stk-block-carousel stk--is-slide stk--arrows-justify-space-between stk--arrows-align-center stk-block stk-6d5b6f7\" data-slides-to-show=\"\" data-block-id=\"6d5b6f7\">\r\n<div class=\"stk-block-carousel__content-wrapper\">\r\n<div class=\"stk-row stk-inner-blocks stk-block-content stk-block-carousel__slider-wrapper stk-content-align stk-6d5b6f7-column\">\r\n<div class=\"stk-block-carousel__slider\" role=\"list\" data-autoplay=\"4000\" data-label-slide-of=\"Slide %%d of %%d\"><div class=\"wp-block-stackable-column stk-block-column stk-column stk-block stk-5a69e44\" data-v=\"4\" data-block-id=\"5a69e44\">\r\n<div class=\"stk-column-wrapper stk-block-column__content stk-container stk-5a69e44-container stk--no-background stk--no-padding\">\r\n<div class=\"stk-block-content stk-inner-blocks stk-5a69e44-inner-blocks\"><div class=\"wp-block-stackable-image stk-block-image stk-block stk-64219fc\" data-block-id=\"64219fc\">\r\n<figure class=\"stk-img-wrapper stk-image--shape-stretch\"><img loading=\"lazy\" decoding=\"async\" class=\"stk-img                                                                                  alignnone wp-image-3371 \" src=\"http:\/\/https:\/\/www.jiproequip.com\/wp-content\/uploads\/2023\/10\/franjadora_autopropulsada_3pistolas_Graco_columbec_B-1.png\" alt=\"\" width=\"377\" height=\"377\" \/><\/figure>\r\n<\/div><\/div>\r\n<\/div>\r\n<\/div><\/div>\r\n<\/div>\r\n<\/div>\r\n<\/div><\/div>\r\n<\/div>\r\n<\/div><div class=\"wp-block-stackable-column stk-block-column stk-column stk-block stk-776f52c\" data-v=\"4\" data-block-id=\"776f52c\">\r\n<div class=\"stk-column-wrapper stk-block-column__content stk-container stk-776f52c-container stk--no-background stk--no-padding\">\r\n<div class=\"stk-block-content stk-inner-blocks stk-776f52c-inner-blocks\"><div id=\"unidad-trifasica-de-lavado-de-alta-presion-de-agua-fria-a-2175-p-s-i\" class=\"wp-block-stackable-heading stk-block-heading stk-block-heading--v2 stk-block stk-6ead452 stk-block-background\" data-block-id=\"6ead452\">\r\n<div class=\"pl_i2t\">\r\n<div class=\"pl_i2t\">\r\n<div class=\"pl_i2t\">\r\n<div class=\"pl_i2t\">\r\n<div class=\"pl_i2t\">\r\n<div class=\"pl_i2t\">\r\n<div class=\"pl_i2t\">\r\n<div class=\"pl_i2t\">\r\n<div class=\"pl_i2t\">\r\n<div class=\"pl_i2t\">\r\n<div class=\"pl_i2t\">\r\n<div class=\"pl_i2t\">\r\n<div class=\"pl_i2t\">\r\n<div class=\"pl_i2t\">\r\n<div class=\"pl_i2t\">\r\n<div class=\"pl_i2t\">\r\n<div class=\"pl_i2t\">\r\n<div class=\"pl_i2t\">\r\n<div class=\"pl_i2t\">\r\n<div class=\"pl_i2t\">\r\n<div class=\"pl_i2t\">\r\n<div class=\"pl_i2t\">\r\n<div class=\"pl_i2t\">\r\n<div class=\"pl_i2t\">\r\n<div class=\"pl_i2t\">\r\n<div class=\"pl_i2t\">\r\n<div class=\"pl_i2t\">\r\n<div class=\"pl_i2t\">\r\n<div class=\"pl_i2t\">\r\n<div class=\"pl_i2t\">\r\n<div class=\"pl_i2t\">\r\n<div class=\"pl_i2t\">\r\n<div class=\"pl_i2t\">\r\n<div class=\"pl_i2t\">\r\n<div class=\"pl_i2t\">\r\n<div class=\"pl_i2t\">\r\n<div class=\"pl_i2t\">\r\n<div class=\"pl_i2t\">\r\n<div class=\"pl_i2t\">\r\n<div class=\"pl_i2t\">\r\n<div class=\"pl_i2t\">\r\n<div class=\"pl_i2t\">\r\n<div class=\"pl_i2t\">\r\n<div class=\"pl_i2t\">\r\n<div class=\"pl_i2t\">\r\n<div class=\"pl_i2t\">\r\n<div class=\"pl_i2t\">\r\n<div class=\"pl_i2t\">\r\n<div class=\"pl_i2t\">\r\n<div class=\"pl_i2t\">\r\n<div class=\"pl_i2t\">\r\n<div class=\"pl_i2t\">\r\n<div class=\"pl_i2t\">\r\n<div class=\"pl_i2t\">\r\n<div class=\"pl_i2t\">\r\n<div class=\"pl_i2t\">\r\n<div class=\"pl_i2t\">\r\n<div class=\"pl_i2t\">\r\n<div class=\"pl_i2t\">\r\n<div class=\"pl_i2t\">\r\n<div class=\"pl_i2t\">\r\n<div class=\"pl_i2t\">\r\n<div class=\"pl_i2t\">\r\n<div class=\"pl_i2t\">\r\n<div class=\"pl_i2t\">\r\n<div class=\"pl_i2t\">\r\n<div class=\"pl_i2t\">\r\n<div class=\"pl_i2t\">\r\n<div class=\"pl_i2t\">\r\n<div class=\"pl_i2t\">\r\n<div class=\"pl_i2t\">\r\n<div class=\"pl_i2t\">\r\n<div class=\"pl_i2t\">\r\n<div class=\"pl_i2t\">\r\n<div class=\"pl_i2t\">\r\n<div class=\"pl_i2t\">\r\n<div class=\"pl_i2t\">\r\n<div class=\"pl_i2t\">\r\n<div class=\"pl_i2t\">\r\n<div class=\"pl_i2t\">\r\n<div class=\"pl_i2t\">\r\n<div class=\"pl_i2t\">\r\n<div class=\"pl_i2t\">\r\n<div class=\"pl_i2t\">\r\n<div class=\"pl_i2t\">\r\n<div class=\"pl_i2t\">\r\n<div class=\"pl_i2t\">\r\n<div class=\"pl_i2t\">\r\n<div class=\"pl_i2t\">\r\n<div class=\"pl_i2t\">\r\n<div class=\"pl_i2t\">\r\n<div class=\"pl_i2t\">\r\n<div class=\"pl_i2t\">\r\n<div class=\"pl_i2t\">\r\n<div class=\"pl_i2t\">\r\n<div class=\"pl_i2t\">\r\n<div class=\"pl_i2t\">\r\n<div class=\"pl_i2t\">\r\n<div class=\"pl_i2t\">\r\n<div class=\"pl_i2t\">\r\n<div class=\"pl_i2t\">\r\n<div class=\"pl_i2t\">\r\n<div class=\"pl_i2t\">\r\n<div class=\"pl_i2t\">\r\n<div class=\"pl_i2t\">\r\n<div class=\"pl_i2t\">\r\n<div class=\"pl_i2t\">\r\n<div class=\"pl_i2t\">\r\n<h2>Franjadora hidr\u00e1ulica con tres pistolas autopropulsada LineLazer<\/h2>\r\n<\/div>\r\n<\/div>\r\n<\/div>\r\n<\/div>\r\n<\/div>\r\n<\/div>\r\n<\/div>\r\n<\/div>\r\n<\/div>\r\n<\/div>\r\n<\/div>\r\n<\/div>\r\n<\/div>\r\n<\/div>\r\n<\/div>\r\n<\/div>\r\n<\/div>\r\n<\/div>\r\n<\/div>\r\n<\/div>\r\n<\/div>\r\n<\/div>\r\n<\/div>\r\n<\/div>\r\n<\/div>\r\n<\/div>\r\n<\/div>\r\n<\/div>\r\n<\/div>\r\n<\/div>\r\n<\/div>\r\n<\/div>\r\n<\/div>\r\n<\/div>\r\n<\/div>\r\n<\/div>\r\n<\/div>\r\n<\/div>\r\n<\/div>\r\n<\/div>\r\n<\/div>\r\n<\/div>\r\n<\/div>\r\n<\/div>\r\n<\/div>\r\n<\/div>\r\n<\/div>\r\n<\/div>\r\n<\/div>\r\n<\/div>\r\n<\/div>\r\n<\/div>\r\n<\/div>\r\n<\/div>\r\n<\/div>\r\n<\/div>\r\n<\/div>\r\n<\/div>\r\n<\/div>\r\n<\/div>\r\n<\/div>\r\n<\/div>\r\n<\/div>\r\n<\/div>\r\n<\/div>\r\n<\/div>\r\n<\/div>\r\n<\/div>\r\n<\/div>\r\n<\/div>\r\n<\/div>\r\n<\/div>\r\n<\/div>\r\n<\/div>\r\n<\/div>\r\n<\/div>\r\n<\/div>\r\n<\/div>\r\n<\/div>\r\n<\/div>\r\n<\/div>\r\n<\/div>\r\n<\/div>\r\n<\/div>\r\n<\/div>\r\n<\/div>\r\n<\/div>\r\n<\/div>\r\n<\/div>\r\n<\/div>\r\n<\/div>\r\n<\/div>\r\n<\/div>\r\n<\/div>\r\n<\/div>\r\n<\/div>\r\n<\/div>\r\n<\/div>\r\n<\/div>\r\n<\/div>\r\n<\/div>\r\n<\/div>\r\n<\/div>\r\n<\/div>\r\n<\/div>\r\n<\/div>\r\n<\/div>\r\n<\/div>\r\n<div class=\"pl_i2c\">\r\n<div class=\"pl_i2c\">\r\n<div class=\"pl_i2c\">\r\n<div class=\"pl_i2c\">\r\n<div class=\"pl_i2c\">\r\n<p>Con este sistema industrial de franjado se reescribe la productividad y la flexibilidad del trazado de l\u00edneas mediante la pulverizaci\u00f3n de dos colores simult\u00e1neamente en patrones con un ancho m\u00e1ximo de 36 pulgadas.<\/p>\r\n<p>La plataforma integrada ofrece un lugar ergon\u00f3mico para ponerse de pie, una excelente l\u00ednea de visi\u00f3n y comodidad todo el d\u00eda o una plataforma plegable para operaci\u00f3n caminando detr\u00e1s.<\/p>\r\n<p>Sistema de control autom\u00e1tico de pistola. Pistolas manuales o autom\u00e1ticas para pintura y microesferas con solo pulsar un bot\u00f3n. El sistema de seguimiento digital SmartControl rastrea, mide y controla cada aspecto de su trabajo de trazado de l\u00edneas. La pantalla digital muestra psi, mph, promedio instant\u00e1neo en mil, pie lineal, galones y mil totales. Funciona en tres modos: trazado de l\u00edneas, estacionamiento y carretera, para lograr el mejor rendimiento sin importar el trabajo del que se trate. Precisi\u00f3n de puntos milim\u00e9trica, precisi\u00f3n de hasta 1\/4 de pulgada a 100 pies.<\/p>\r\n<p>Controles de tablero con control de aceleraci\u00f3n, obturador remoto, pistola N.\u00b0 1, pistola N.\u00b0 2, encendido\/apagado, control de presi\u00f3n y pantalla LCD.<\/p>\r\n<p>Tolvas dobles de pintura de 15 galones para pulverizar dos colores al mismo tiempo y recargarse con menor frecuencia. Tanques dobles de microesferas. Tiene capacidad para un m\u00e1ximo de 240 libras de microesferas (120 libras cada uno).<\/p>\r\n<p>Con la bomba m\u00e1s resistente y confiable en el mercado de hoy en d\u00eda. Con sus empaquetaduras de larga duraci\u00f3n, su barra y su manga de acero inoxidable proporcionan una mayor confiabilidad y vida \u00fatil. Proporciona flujo preciso para una amplia gama de materiales para el trazado de l\u00edneas como pinturas para tr\u00e1nsito m\u00e1s pesadas, de bajo contenido de compuestos org\u00e1nicos vol\u00e1tiles, a base de agua y a base de caucho.<\/p>\r\n<p>Los motores Honda son confiables, tecnol\u00f3gicamente avanzados y f\u00e1ciles de arrancar. Este en concreto es compacto, liviano y potente. Sistema de embrague el\u00e9ctrico que desconecta el motor para un arranque r\u00e1pido. Motor Honda 13 HP GX con arranque el\u00e9ctrico. Rendimiento comprobado en el sector con el motor m\u00e1s demandado por los contratistas.<\/p>\r\n<p>Dise\u00f1o exclusivo del ventilador de refrigeraci\u00f3n. Ofrece un mayor flujo de aire para mantener el funcionamiento refrigerado de la bomba hidr\u00e1ulica. Sistema de refrigeraci\u00f3n de alta capacidad. Dep\u00f3sito de fluido hidr\u00e1ulico m\u00e1s grande que mantiene el sistema en funcionamiento refrigerado. Las aletas de refrigeraci\u00f3n innovadoras se envuelven por debajo del dep\u00f3sito para mejorar el flujo de aire.<br \/>Sistema de montaje delantero o trasero de la pistola que proporciona l\u00edneas largas m\u00e1s rectas, perfectas para senderos de bicicletas, aeropuertos y otros trabajos que involucran l\u00edneas largas.<\/p>\r\n<p>La rueda delantera giratoria permite una mayor maniobrabilidad y facilidad de uso. Rueda delantera autocentrante que elimina complicaciones al usuario para una operaci\u00f3n m\u00e1s sencilla. Con relleno de espuma para mejorar la estabilidad.<\/p>\r\n<p>Su filtro de bomba est\u00e1 dise\u00f1ado para filtrar desde el interior hacia fuera de manera que los filtros no se tapen o colapsen cuando se llenan de polvo o desechos. El gran \u00e1rea de filtrado de 19,5 pulgadas cuadradas reduce las obstrucciones de la boquilla y garantiza un acabado de calidad. El filtro vertical se extrae con la tapa para generar menos suciedad.<\/p>\r\n<p>Algunas aplicaciones para esta franjadora profesional:<\/p>\r\n<ul>\r\n<li>Estacionamientos: A medida que los estacionamientos m\u00e1s grandes se vuelven m\u00e1s populares, puede terminarlos m\u00e1s r\u00e1pido y con mayor eficiencia con las franjadoras sin aire LineLazer.<\/li>\r\n<li>Emplazamientos de construcci\u00f3n: Las zonas de construcci\u00f3n ofrecen oportunidades adicionales de trazar l\u00edneas de forma gradual. El menor tama\u00f1o del sistema LineLazer le permite trazar r\u00e1pidamente l\u00edneas, lo que asegura una zona de construcci\u00f3n segura.<\/li>\r\n<li>Aeropuertos: Los aeropuertos ofrecen a los contratistas profesionales de trazado de l\u00edneas la posibilidad de a\u00f1adir caracter\u00edsticas a sus actuales trabajos de trazado de l\u00edneas. Es seguro que el sistema LineLazer tiene la soluci\u00f3n de trazado de l\u00edneas correcta.<\/li>\r\n<li>Intersecciones y rutas: Desde flechas y cruces peatonales a intersecciones completas, hay muchas maneras de hacer crecer su negocio con las franjadoras sin aire LineLazer.<\/li>\r\n<\/ul>\r\n<p>No existe ning\u00fan sistema de trazado de l\u00edneas sobre pavimento como el sistema profesional de trazado de l\u00edneas sin aire LineLazer.<br \/>Calidad, rendimiento, durabilidad y productividad. Desde 1990, los sistemas de trazado de l\u00edneas sin aire LineLazer cumplen en todos los aspectos y lideran el sector de trazado de l\u00edneas sobre pavimento. La familia de franjadoras LineLazer se ha sometido a una mejora continua para satisfacer las necesidades cambiantes del sector del marcado de pavimento, ofreciendo siempre importantes beneficios al contratista profesional del trazado de l\u00edneas. El sistema LineLazer contin\u00faa la tradici\u00f3n de ofrecer innovaci\u00f3n y rendimiento, creando una familia incomparable de franjadoras.<\/p>\r\n<\/div>\r\n<\/div>\r\n<\/div>\r\n<\/div>\r\n<\/div>\r\n<\/div>\r\n<\/div>\r\n<\/div>\r\n<\/div>","protected":false},"excerpt":{"rendered":"<div class=\"pl_i2c\">\n<div class=\"pl_i2c\">\n<div class=\"pl_i2c\">\n<div class=\"pl_i2c\">\n<div class=\"pl_i2c\">\n<div class=\"pl_i2c\">\n<div class=\"pl_i2c\">\n<div class=\"pl_i2c\">\n<div class=\"pl_i2c\">\n<div class=\"pl_i2c\">\n<div class=\"pl_i2c\">\n<div class=\"pl_i2c\">\n<div class=\"pl_i2c\">\n<div class=\"pl_i2c\">\n<div class=\"pl_i2c\">\n<p>Modelo disponible con sistema opcional de microesferas presurizadas. Pulverice dos colores simult\u00e1neamente. Ideal para aeropuertos, municipalidades, departamentos de transporte o cualquier persona que necesite pulverizar l\u00edneas de resalte u otras l\u00edneas de dos colores.<\/p>\n<\/div>\n<\/div>\n<\/div>\n<\/div>\n<\/div>\n<\/div>\n<\/div>\n<\/div>\n<\/div>\n<\/div>\n<\/div>\n<\/div>\n<\/div>\n<\/div>\n<\/div>\n","protected":false},"featured_media":3371,"comment_status":"open","ping_status":"closed","template":"","meta":{"_uag_custom_page_level_css":""},"product_brand":[],"product_cat":[54],"product_tag":[],"class_list":{"0":"post-3367","1":"product","2":"type-product","3":"status-publish","4":"has-post-thumbnail","6":"product_cat-senalizacion-vial","8":"first","9":"instock","10":"shipping-taxable","11":"product-type-simple"},"yoast_head":"<!-- This site is optimized with the Yoast SEO plugin v25.2 - https:\/\/yoast.com\/wordpress\/plugins\/seo\/ -->\n<title>Franjadora hidr\u00e1ulica con tres pistolas autopropulsada LineLazer - Ji-proequip<\/title>\n<meta name=\"robots\" content=\"index, follow, max-snippet:-1, max-image-preview:large, max-video-preview:-1\" \/>\n<link rel=\"canonical\" href=\"https:\/\/www.jiproequip.com\/index.php\/producto\/franjadora-hidraulica-con-tres-pistolas-autopropulsada-linelazer\/\" \/>\n<meta property=\"og:locale\" content=\"es_ES\" \/>\n<meta property=\"og:type\" content=\"article\" \/>\n<meta property=\"og:title\" content=\"Franjadora hidr\u00e1ulica con tres pistolas autopropulsada LineLazer - Ji-proequip\" \/>\n<meta property=\"og:description\" content=\"Modelo disponible con sistema opcional de microesferas presurizadas. Pulverice dos colores simult\u00e1neamente. Ideal para aeropuertos, municipalidades, departamentos de transporte o cualquier persona que necesite pulverizar l\u00edneas de resalte u otras l\u00edneas de dos colores.\" \/>\n<meta property=\"og:url\" content=\"https:\/\/www.jiproequip.com\/index.php\/producto\/franjadora-hidraulica-con-tres-pistolas-autopropulsada-linelazer\/\" \/>\n<meta property=\"og:site_name\" content=\"Ji-proequip\" \/>\n<meta property=\"article:modified_time\" content=\"2023-10-22T20:27:01+00:00\" \/>\n<meta property=\"og:image\" content=\"https:\/\/www.jiproequip.com\/wp-content\/uploads\/2023\/10\/franjadora_autopropulsada_3pistolas_Graco_columbec_B-1.png\" \/>\n\t<meta property=\"og:image:width\" content=\"600\" \/>\n\t<meta property=\"og:image:height\" content=\"600\" \/>\n\t<meta property=\"og:image:type\" content=\"image\/png\" \/>\n<meta name=\"twitter:card\" content=\"summary_large_image\" \/>\n<meta name=\"twitter:label1\" content=\"Tiempo de lectura\" \/>\n\t<meta name=\"twitter:data1\" content=\"1 minuto\" \/>\n<script type=\"application\/ld+json\" class=\"yoast-schema-graph\">{\"@context\":\"https:\/\/schema.org\",\"@graph\":[{\"@type\":\"WebPage\",\"@id\":\"https:\/\/www.jiproequip.com\/index.php\/producto\/franjadora-hidraulica-con-tres-pistolas-autopropulsada-linelazer\/\",\"url\":\"https:\/\/www.jiproequip.com\/index.php\/producto\/franjadora-hidraulica-con-tres-pistolas-autopropulsada-linelazer\/\",\"name\":\"Franjadora hidr\u00e1ulica con tres pistolas autopropulsada LineLazer - Ji-proequip\",\"isPartOf\":{\"@id\":\"https:\/\/www.jiproequip.com\/#website\"},\"primaryImageOfPage\":{\"@id\":\"https:\/\/www.jiproequip.com\/index.php\/producto\/franjadora-hidraulica-con-tres-pistolas-autopropulsada-linelazer\/#primaryimage\"},\"image\":{\"@id\":\"https:\/\/www.jiproequip.com\/index.php\/producto\/franjadora-hidraulica-con-tres-pistolas-autopropulsada-linelazer\/#primaryimage\"},\"thumbnailUrl\":\"https:\/\/www.jiproequip.com\/wp-content\/uploads\/2023\/10\/franjadora_autopropulsada_3pistolas_Graco_columbec_B-1.png\",\"datePublished\":\"2023-10-22T20:17:47+00:00\",\"dateModified\":\"2023-10-22T20:27:01+00:00\",\"breadcrumb\":{\"@id\":\"https:\/\/www.jiproequip.com\/index.php\/producto\/franjadora-hidraulica-con-tres-pistolas-autopropulsada-linelazer\/#breadcrumb\"},\"inLanguage\":\"es\",\"potentialAction\":[{\"@type\":\"ReadAction\",\"target\":[\"https:\/\/www.jiproequip.com\/index.php\/producto\/franjadora-hidraulica-con-tres-pistolas-autopropulsada-linelazer\/\"]}]},{\"@type\":\"ImageObject\",\"inLanguage\":\"es\",\"@id\":\"https:\/\/www.jiproequip.com\/index.php\/producto\/franjadora-hidraulica-con-tres-pistolas-autopropulsada-linelazer\/#primaryimage\",\"url\":\"https:\/\/www.jiproequip.com\/wp-content\/uploads\/2023\/10\/franjadora_autopropulsada_3pistolas_Graco_columbec_B-1.png\",\"contentUrl\":\"https:\/\/www.jiproequip.com\/wp-content\/uploads\/2023\/10\/franjadora_autopropulsada_3pistolas_Graco_columbec_B-1.png\",\"width\":600,\"height\":600},{\"@type\":\"BreadcrumbList\",\"@id\":\"https:\/\/www.jiproequip.com\/index.php\/producto\/franjadora-hidraulica-con-tres-pistolas-autopropulsada-linelazer\/#breadcrumb\",\"itemListElement\":[{\"@type\":\"ListItem\",\"position\":1,\"name\":\"Home\",\"item\":\"https:\/\/www.jiproequip.com\/\"},{\"@type\":\"ListItem\",\"position\":2,\"name\":\"Tienda\",\"item\":\"https:\/\/www.jiproequip.com\/index.php\/tienda\/\"},{\"@type\":\"ListItem\",\"position\":3,\"name\":\"Franjadora hidr\u00e1ulica con tres pistolas autopropulsada LineLazer\"}]},{\"@type\":\"WebSite\",\"@id\":\"https:\/\/www.jiproequip.com\/#website\",\"url\":\"https:\/\/www.jiproequip.com\/\",\"name\":\"Ji-proequip\",\"description\":\"Venta de equipos industriales con servicio t\u00e9cnico especializado\",\"publisher\":{\"@id\":\"https:\/\/www.jiproequip.com\/#organization\"},\"potentialAction\":[{\"@type\":\"SearchAction\",\"target\":{\"@type\":\"EntryPoint\",\"urlTemplate\":\"https:\/\/www.jiproequip.com\/?s={search_term_string}\"},\"query-input\":{\"@type\":\"PropertyValueSpecification\",\"valueRequired\":true,\"valueName\":\"search_term_string\"}}],\"inLanguage\":\"es\"},{\"@type\":\"Organization\",\"@id\":\"https:\/\/www.jiproequip.com\/#organization\",\"name\":\"Ji-proequip\",\"url\":\"https:\/\/www.jiproequip.com\/\",\"logo\":{\"@type\":\"ImageObject\",\"inLanguage\":\"es\",\"@id\":\"https:\/\/www.jiproequip.com\/#\/schema\/logo\/image\/\",\"url\":\"https:\/\/www.jiproequip.com\/wp-content\/uploads\/2025\/06\/LOGO-JIproequip-2025.png\",\"contentUrl\":\"https:\/\/www.jiproequip.com\/wp-content\/uploads\/2025\/06\/LOGO-JIproequip-2025.png\",\"width\":2433,\"height\":596,\"caption\":\"Ji-proequip\"},\"image\":{\"@id\":\"https:\/\/www.jiproequip.com\/#\/schema\/logo\/image\/\"}}]}<\/script>\n<!-- \/ Yoast SEO plugin. -->","yoast_head_json":{"title":"Franjadora hidr\u00e1ulica con tres pistolas autopropulsada LineLazer - Ji-proequip","robots":{"index":"index","follow":"follow","max-snippet":"max-snippet:-1","max-image-preview":"max-image-preview:large","max-video-preview":"max-video-preview:-1"},"canonical":"https:\/\/www.jiproequip.com\/index.php\/producto\/franjadora-hidraulica-con-tres-pistolas-autopropulsada-linelazer\/","og_locale":"es_ES","og_type":"article","og_title":"Franjadora hidr\u00e1ulica con tres pistolas autopropulsada LineLazer - Ji-proequip","og_description":"Modelo disponible con sistema opcional de microesferas presurizadas. Pulverice dos colores simult\u00e1neamente. Ideal para aeropuertos, municipalidades, departamentos de transporte o cualquier persona que necesite pulverizar l\u00edneas de resalte u otras l\u00edneas de dos colores.","og_url":"https:\/\/www.jiproequip.com\/index.php\/producto\/franjadora-hidraulica-con-tres-pistolas-autopropulsada-linelazer\/","og_site_name":"Ji-proequip","article_modified_time":"2023-10-22T20:27:01+00:00","og_image":[{"width":600,"height":600,"url":"https:\/\/www.jiproequip.com\/wp-content\/uploads\/2023\/10\/franjadora_autopropulsada_3pistolas_Graco_columbec_B-1.png","type":"image\/png"}],"twitter_card":"summary_large_image","twitter_misc":{"Tiempo de lectura":"1 minuto"},"schema":{"@context":"https:\/\/schema.org","@graph":[{"@type":"WebPage","@id":"https:\/\/www.jiproequip.com\/index.php\/producto\/franjadora-hidraulica-con-tres-pistolas-autopropulsada-linelazer\/","url":"https:\/\/www.jiproequip.com\/index.php\/producto\/franjadora-hidraulica-con-tres-pistolas-autopropulsada-linelazer\/","name":"Franjadora hidr\u00e1ulica con tres pistolas autopropulsada LineLazer - Ji-proequip","isPartOf":{"@id":"https:\/\/www.jiproequip.com\/#website"},"primaryImageOfPage":{"@id":"https:\/\/www.jiproequip.com\/index.php\/producto\/franjadora-hidraulica-con-tres-pistolas-autopropulsada-linelazer\/#primaryimage"},"image":{"@id":"https:\/\/www.jiproequip.com\/index.php\/producto\/franjadora-hidraulica-con-tres-pistolas-autopropulsada-linelazer\/#primaryimage"},"thumbnailUrl":"https:\/\/www.jiproequip.com\/wp-content\/uploads\/2023\/10\/franjadora_autopropulsada_3pistolas_Graco_columbec_B-1.png","datePublished":"2023-10-22T20:17:47+00:00","dateModified":"2023-10-22T20:27:01+00:00","breadcrumb":{"@id":"https:\/\/www.jiproequip.com\/index.php\/producto\/franjadora-hidraulica-con-tres-pistolas-autopropulsada-linelazer\/#breadcrumb"},"inLanguage":"es","potentialAction":[{"@type":"ReadAction","target":["https:\/\/www.jiproequip.com\/index.php\/producto\/franjadora-hidraulica-con-tres-pistolas-autopropulsada-linelazer\/"]}]},{"@type":"ImageObject","inLanguage":"es","@id":"https:\/\/www.jiproequip.com\/index.php\/producto\/franjadora-hidraulica-con-tres-pistolas-autopropulsada-linelazer\/#primaryimage","url":"https:\/\/www.jiproequip.com\/wp-content\/uploads\/2023\/10\/franjadora_autopropulsada_3pistolas_Graco_columbec_B-1.png","contentUrl":"https:\/\/www.jiproequip.com\/wp-content\/uploads\/2023\/10\/franjadora_autopropulsada_3pistolas_Graco_columbec_B-1.png","width":600,"height":600},{"@type":"BreadcrumbList","@id":"https:\/\/www.jiproequip.com\/index.php\/producto\/franjadora-hidraulica-con-tres-pistolas-autopropulsada-linelazer\/#breadcrumb","itemListElement":[{"@type":"ListItem","position":1,"name":"Home","item":"https:\/\/www.jiproequip.com\/"},{"@type":"ListItem","position":2,"name":"Tienda","item":"https:\/\/www.jiproequip.com\/index.php\/tienda\/"},{"@type":"ListItem","position":3,"name":"Franjadora hidr\u00e1ulica con tres pistolas autopropulsada LineLazer"}]},{"@type":"WebSite","@id":"https:\/\/www.jiproequip.com\/#website","url":"https:\/\/www.jiproequip.com\/","name":"Ji-proequip","description":"Venta de equipos industriales con servicio t\u00e9cnico especializado","publisher":{"@id":"https:\/\/www.jiproequip.com\/#organization"},"potentialAction":[{"@type":"SearchAction","target":{"@type":"EntryPoint","urlTemplate":"https:\/\/www.jiproequip.com\/?s={search_term_string}"},"query-input":{"@type":"PropertyValueSpecification","valueRequired":true,"valueName":"search_term_string"}}],"inLanguage":"es"},{"@type":"Organization","@id":"https:\/\/www.jiproequip.com\/#organization","name":"Ji-proequip","url":"https:\/\/www.jiproequip.com\/","logo":{"@type":"ImageObject","inLanguage":"es","@id":"https:\/\/www.jiproequip.com\/#\/schema\/logo\/image\/","url":"https:\/\/www.jiproequip.com\/wp-content\/uploads\/2025\/06\/LOGO-JIproequip-2025.png","contentUrl":"https:\/\/www.jiproequip.com\/wp-content\/uploads\/2025\/06\/LOGO-JIproequip-2025.png","width":2433,"height":596,"caption":"Ji-proequip"},"image":{"@id":"https:\/\/www.jiproequip.com\/#\/schema\/logo\/image\/"}}]}},"uagb_featured_image_src":{"full":["https:\/\/www.jiproequip.com\/wp-content\/uploads\/2023\/10\/franjadora_autopropulsada_3pistolas_Graco_columbec_B-1.png",600,600,false],"thumbnail":["https:\/\/www.jiproequip.com\/wp-content\/uploads\/2023\/10\/franjadora_autopropulsada_3pistolas_Graco_columbec_B-1.png",150,150,false],"medium":["https:\/\/www.jiproequip.com\/wp-content\/uploads\/2023\/10\/franjadora_autopropulsada_3pistolas_Graco_columbec_B-1.png",300,300,false],"medium_large":["https:\/\/www.jiproequip.com\/wp-content\/uploads\/2023\/10\/franjadora_autopropulsada_3pistolas_Graco_columbec_B-1.png",600,600,false],"large":["https:\/\/www.jiproequip.com\/wp-content\/uploads\/2023\/10\/franjadora_autopropulsada_3pistolas_Graco_columbec_B-1.png",600,600,false],"1536x1536":["https:\/\/www.jiproequip.com\/wp-content\/uploads\/2023\/10\/franjadora_autopropulsada_3pistolas_Graco_columbec_B-1.png",600,600,false],"2048x2048":["https:\/\/www.jiproequip.com\/wp-content\/uploads\/2023\/10\/franjadora_autopropulsada_3pistolas_Graco_columbec_B-1.png",600,600,false],"mailpoet_newsletter_max":["https:\/\/www.jiproequip.com\/wp-content\/uploads\/2023\/10\/franjadora_autopropulsada_3pistolas_Graco_columbec_B-1.png",600,600,false],"woocommerce_thumbnail":["https:\/\/www.jiproequip.com\/wp-content\/uploads\/2023\/10\/franjadora_autopropulsada_3pistolas_Graco_columbec_B-1.png",300,300,false],"woocommerce_single":["https:\/\/www.jiproequip.com\/wp-content\/uploads\/2023\/10\/franjadora_autopropulsada_3pistolas_Graco_columbec_B-1.png",600,600,false],"woocommerce_gallery_thumbnail":["https:\/\/www.jiproequip.com\/wp-content\/uploads\/2023\/10\/franjadora_autopropulsada_3pistolas_Graco_columbec_B-1.png",100,100,false]},"uagb_author_info":{"display_name":"admin_jiproeq","author_link":"https:\/\/www.jiproequip.com\/index.php\/author\/"},"uagb_comment_info":0,"uagb_excerpt":"Modelo disponible con sistema opcional de microesferas presurizadas. Pulverice dos colores simult\u00e1neamente. Ideal para aeropuertos, municipalidades, departamentos de transporte o cualquier persona que necesite pulverizar l\u00edneas de resalte u otras l\u00edneas de dos colores.","jetpack_sharing_enabled":true,"_links":{"self":[{"href":"https:\/\/www.jiproequip.com\/index.php\/wp-json\/wp\/v2\/product\/3367","targetHints":{"allow":["GET"]}}],"collection":[{"href":"https:\/\/www.jiproequip.com\/index.php\/wp-json\/wp\/v2\/product"}],"about":[{"href":"https:\/\/www.jiproequip.com\/index.php\/wp-json\/wp\/v2\/types\/product"}],"replies":[{"embeddable":true,"href":"https:\/\/www.jiproequip.com\/index.php\/wp-json\/wp\/v2\/comments?post=3367"}],"wp:featuredmedia":[{"embeddable":true,"href":"https:\/\/www.jiproequip.com\/index.php\/wp-json\/wp\/v2\/media\/3371"}],"wp:attachment":[{"href":"https:\/\/www.jiproequip.com\/index.php\/wp-json\/wp\/v2\/media?parent=3367"}],"wp:term":[{"taxonomy":"product_brand","embeddable":true,"href":"https:\/\/www.jiproequip.com\/index.php\/wp-json\/wp\/v2\/product_brand?post=3367"},{"taxonomy":"product_cat","embeddable":true,"href":"https:\/\/www.jiproequip.com\/index.php\/wp-json\/wp\/v2\/product_cat?post=3367"},{"taxonomy":"product_tag","embeddable":true,"href":"https:\/\/www.jiproequip.com\/index.php\/wp-json\/wp\/v2\/product_tag?post=3367"}],"curies":[{"name":"wp","href":"https:\/\/api.w.org\/{rel}","templated":true}]}}