{"id":3383,"date":"2023-10-22T15:43:42","date_gmt":"2023-10-22T20:43:42","guid":{"rendered":"https:\/\/www.jiproequip.com\/?post_type=product&#038;p=3383"},"modified":"2023-10-22T15:49:03","modified_gmt":"2023-10-22T20:49:03","slug":"franjadora-industrial-sin-aire-y-dos-pistolas-linelazer","status":"publish","type":"product","link":"https:\/\/www.jiproequip.com\/index.php\/producto\/franjadora-industrial-sin-aire-y-dos-pistolas-linelazer\/","title":{"rendered":"Franjadora industrial sin aire y dos pistolas, LineLazer"},"content":{"rendered":"<p><img loading=\"lazy\" decoding=\"async\" class=\"alignnone wp-image-3388 size-full\" src=\"http:\/\/https:\/\/www.jiproequip.com\/wp-content\/uploads\/2023\/10\/franjadora_dos_pistolas_Graco_columbec_B.png\" alt=\"\" width=\"600\" height=\"600\" \/><\/p>\n<div class=\"arprH0\">\n<p>&nbsp;<\/p>\n<div class=\"arprH0\">\n<p>Los motores Honda son confiables, tecnol\u00f3gicamente avanzados y f\u00e1ciles de arrancar. Este en concreto es compacto, liviano y potente. La alerta de aceite apaga el motor si el nivel de aceite es demasiado bajo, evitando que se da\u00f1e.<br \/>\nF\u00e1cil acceso a los controles. Los controles del operador est\u00e1n ubicado sobre las palancas. Puede regular la m\u00e1quina sin detenerse. Dise\u00f1o de la barra del manillar de alto confort para un mayor control y menos fatiga del operador. Mangos ergon\u00f3micos que se adaptan a sus manos c\u00f3modamente. Control electr\u00f3nico de presi\u00f3n y sistema de tolerancia exacto y estricto que ofrece l\u00edneas de excelente calidad.<br \/>\nCon la bomba m\u00e1s resistente y confiable en el mercado de hoy en d\u00eda. Con sus empaquetaduras de larga duraci\u00f3n, su barra y su manga de acero inoxidable proporcionan una mayor confiabilidad y vida \u00fatil.<br \/>\nSu filtro de bomba est\u00e1 dise\u00f1ado para filtrar desde el interior hacia fuera de manera que los filtros no se tapen o colapsen cuando se llenan de polvo o desechos. El gran \u00e1rea de filtrado de 19,5 pulgadas cuadradas reduce las obstrucciones de la boquilla y garantiza un acabado de calidad. El filtro vertical se extrae con la tapa para generar menos suciedad.<\/p>\n<p>La rueda delantera giratoria permite una mayor maniobrabilidad y facilidad de uso. Trazado de l\u00edneas m\u00e1s f\u00e1cil \u201chasta el cord\u00f3n\u201d en estacionamientos y curvas dif\u00edciles de trazar. Dise\u00f1o de pasador de bloqueo c\u00f3nico para a\u00f1os de funcionamiento confiable.<br \/>\nAlgunas aplicaciones para esta franjadora profesional:<br \/>\n\u2022 Estacionamientos: A medida que los estacionamientos m\u00e1s grandes se vuelven m\u00e1s populares, puede terminarlos m\u00e1s r\u00e1pido y con mayor eficiencia con las franjadoras sin aire LineLazer.<br \/>\n\u2022 Emplazamientos de construcci\u00f3n: Las zonas de construcci\u00f3n ofrecen oportunidades adicionales de trazar l\u00edneas de forma gradual. El menor tama\u00f1o del sistema LineLazer le permite trazar r\u00e1pidamente l\u00edneas, lo que asegura una zona de construcci\u00f3n segura.<br \/>\n\u2022 Aeropuertos: Los aeropuertos ofrecen a los contratistas profesionales de trazado de l\u00edneas la posibilidad de a\u00f1adir caracter\u00edsticas a sus actuales trabajos de trazado de l\u00edneas. Es seguro que el sistema LineLazer tiene la soluci\u00f3n de trazado de l\u00edneas correcta.<br \/>\n\u2022 Intersecciones y rutas: Desde flechas y cruces peatonales a intersecciones completas, hay muchas maneras de hacer crecer su negocio con las franjadoras sin aire LineLazer.<br \/>\nNo existe ning\u00fan sistema de trazado de l\u00edneas sobre pavimento como el sistema profesional de trazado de l\u00edneas sin aire LineLazer.<br \/>\nCalidad, rendimiento, durabilidad y productividad. Desde 1990, los sistemas de trazado de l\u00edneas sin aire LineLazer cumplen en todos los aspectos y lideran el sector de trazado de l\u00edneas sobre pavimento. La familia de franjadoras LineLazer se ha sometido a una mejora continua para satisfacer las necesidades cambiantes del sector del marcado de pavimento, ofreciendo siempre importantes beneficios al contratista profesional del trazado de l\u00edneas. El sistema LineLazer contin\u00faa la tradici\u00f3n de ofrecer innovaci\u00f3n y rendimiento, creando una familia incomparable de franjadoras.<\/p>\n<\/div>\n<\/div>\n","protected":false},"excerpt":{"rendered":"<div class=\"pl_i2c\">\n<div class=\"pl_i2c\">\n<div class=\"pl_i2c\">\n<div class=\"pl_i2c\">\n<div class=\"pl_i2c\">\n<div class=\"pl_i2c\">\n<div class=\"pl_i2c\">\n<div class=\"pl_i2c\">\n<div class=\"pl_i2c\">\n<div class=\"pl_i2c\">\n<div class=\"pl_i2c\">\n<div class=\"pl_i2c\">\n<div class=\"pl_i2c\">\n<div class=\"pl_i2c\">\n<div class=\"pl_i2c\">\n<div class=\"pl_i2c\">\n<p>Ideal para aplicar resinas, fibra de vidrio u otros materiales para reforzar las estructuras. Fabricada para aumentar la pulverizaci\u00f3n y el rendimiento. Cambie en cuesti\u00f3n de segundos las cuchillas encargadas de aplicar la mezcla correcta. Ergon\u00f3mica y duradera para los trabajos m\u00e1s exigentes.<\/p>\n<\/div>\n<\/div>\n<\/div>\n<\/div>\n<\/div>\n<\/div>\n<\/div>\n<\/div>\n<\/div>\n<\/div>\n<\/div>\n<\/div>\n<\/div>\n<\/div>\n<\/div>\n<\/div>\n","protected":false},"featured_media":3388,"comment_status":"open","ping_status":"closed","template":"","meta":{"_uag_custom_page_level_css":""},"product_brand":[],"product_cat":[54],"product_tag":[],"class_list":{"0":"post-3383","1":"product","2":"type-product","3":"status-publish","4":"has-post-thumbnail","6":"product_cat-senalizacion-vial","8":"first","9":"instock","10":"shipping-taxable","11":"product-type-simple"},"yoast_head":"<!-- This site is optimized with the Yoast SEO plugin v25.2 - https:\/\/yoast.com\/wordpress\/plugins\/seo\/ -->\n<title>Franjadora industrial sin aire y dos pistolas, LineLazer - Ji-proequip<\/title>\n<meta name=\"robots\" content=\"index, follow, max-snippet:-1, max-image-preview:large, max-video-preview:-1\" \/>\n<link rel=\"canonical\" href=\"https:\/\/www.jiproequip.com\/index.php\/producto\/franjadora-industrial-sin-aire-y-dos-pistolas-linelazer\/\" \/>\n<meta property=\"og:locale\" content=\"es_ES\" \/>\n<meta property=\"og:type\" content=\"article\" \/>\n<meta property=\"og:title\" content=\"Franjadora industrial sin aire y dos pistolas, LineLazer - Ji-proequip\" \/>\n<meta property=\"og:description\" content=\"Ideal para aplicar resinas, fibra de vidrio u otros materiales para reforzar las estructuras. Fabricada para aumentar la pulverizaci\u00f3n y el rendimiento. Cambie en cuesti\u00f3n de segundos las cuchillas encargadas de aplicar la mezcla correcta. Ergon\u00f3mica y duradera para los trabajos m\u00e1s exigentes.\" \/>\n<meta property=\"og:url\" content=\"https:\/\/www.jiproequip.com\/index.php\/producto\/franjadora-industrial-sin-aire-y-dos-pistolas-linelazer\/\" \/>\n<meta property=\"og:site_name\" content=\"Ji-proequip\" \/>\n<meta property=\"article:modified_time\" content=\"2023-10-22T20:49:03+00:00\" \/>\n<meta property=\"og:image\" content=\"https:\/\/www.jiproequip.com\/wp-content\/uploads\/2023\/10\/franjadora_dos_pistolas_Graco_columbec_B.png\" \/>\n\t<meta property=\"og:image:width\" content=\"600\" \/>\n\t<meta property=\"og:image:height\" content=\"600\" \/>\n\t<meta property=\"og:image:type\" content=\"image\/png\" \/>\n<meta name=\"twitter:card\" content=\"summary_large_image\" \/>\n<meta name=\"twitter:label1\" content=\"Tiempo de lectura\" \/>\n\t<meta name=\"twitter:data1\" content=\"3 minutos\" \/>\n<script type=\"application\/ld+json\" class=\"yoast-schema-graph\">{\"@context\":\"https:\/\/schema.org\",\"@graph\":[{\"@type\":\"WebPage\",\"@id\":\"https:\/\/www.jiproequip.com\/index.php\/producto\/franjadora-industrial-sin-aire-y-dos-pistolas-linelazer\/\",\"url\":\"https:\/\/www.jiproequip.com\/index.php\/producto\/franjadora-industrial-sin-aire-y-dos-pistolas-linelazer\/\",\"name\":\"Franjadora industrial sin aire y dos pistolas, LineLazer - Ji-proequip\",\"isPartOf\":{\"@id\":\"https:\/\/www.jiproequip.com\/#website\"},\"primaryImageOfPage\":{\"@id\":\"https:\/\/www.jiproequip.com\/index.php\/producto\/franjadora-industrial-sin-aire-y-dos-pistolas-linelazer\/#primaryimage\"},\"image\":{\"@id\":\"https:\/\/www.jiproequip.com\/index.php\/producto\/franjadora-industrial-sin-aire-y-dos-pistolas-linelazer\/#primaryimage\"},\"thumbnailUrl\":\"https:\/\/www.jiproequip.com\/wp-content\/uploads\/2023\/10\/franjadora_dos_pistolas_Graco_columbec_B.png\",\"datePublished\":\"2023-10-22T20:43:42+00:00\",\"dateModified\":\"2023-10-22T20:49:03+00:00\",\"breadcrumb\":{\"@id\":\"https:\/\/www.jiproequip.com\/index.php\/producto\/franjadora-industrial-sin-aire-y-dos-pistolas-linelazer\/#breadcrumb\"},\"inLanguage\":\"es\",\"potentialAction\":[{\"@type\":\"ReadAction\",\"target\":[\"https:\/\/www.jiproequip.com\/index.php\/producto\/franjadora-industrial-sin-aire-y-dos-pistolas-linelazer\/\"]}]},{\"@type\":\"ImageObject\",\"inLanguage\":\"es\",\"@id\":\"https:\/\/www.jiproequip.com\/index.php\/producto\/franjadora-industrial-sin-aire-y-dos-pistolas-linelazer\/#primaryimage\",\"url\":\"https:\/\/www.jiproequip.com\/wp-content\/uploads\/2023\/10\/franjadora_dos_pistolas_Graco_columbec_B.png\",\"contentUrl\":\"https:\/\/www.jiproequip.com\/wp-content\/uploads\/2023\/10\/franjadora_dos_pistolas_Graco_columbec_B.png\",\"width\":600,\"height\":600},{\"@type\":\"BreadcrumbList\",\"@id\":\"https:\/\/www.jiproequip.com\/index.php\/producto\/franjadora-industrial-sin-aire-y-dos-pistolas-linelazer\/#breadcrumb\",\"itemListElement\":[{\"@type\":\"ListItem\",\"position\":1,\"name\":\"Home\",\"item\":\"https:\/\/www.jiproequip.com\/\"},{\"@type\":\"ListItem\",\"position\":2,\"name\":\"Tienda\",\"item\":\"https:\/\/www.jiproequip.com\/index.php\/tienda\/\"},{\"@type\":\"ListItem\",\"position\":3,\"name\":\"Franjadora industrial sin aire y dos pistolas, LineLazer\"}]},{\"@type\":\"WebSite\",\"@id\":\"https:\/\/www.jiproequip.com\/#website\",\"url\":\"https:\/\/www.jiproequip.com\/\",\"name\":\"Ji-proequip\",\"description\":\"Venta de equipos industriales con servicio t\u00e9cnico especializado\",\"publisher\":{\"@id\":\"https:\/\/www.jiproequip.com\/#organization\"},\"potentialAction\":[{\"@type\":\"SearchAction\",\"target\":{\"@type\":\"EntryPoint\",\"urlTemplate\":\"https:\/\/www.jiproequip.com\/?s={search_term_string}\"},\"query-input\":{\"@type\":\"PropertyValueSpecification\",\"valueRequired\":true,\"valueName\":\"search_term_string\"}}],\"inLanguage\":\"es\"},{\"@type\":\"Organization\",\"@id\":\"https:\/\/www.jiproequip.com\/#organization\",\"name\":\"Ji-proequip\",\"url\":\"https:\/\/www.jiproequip.com\/\",\"logo\":{\"@type\":\"ImageObject\",\"inLanguage\":\"es\",\"@id\":\"https:\/\/www.jiproequip.com\/#\/schema\/logo\/image\/\",\"url\":\"https:\/\/www.jiproequip.com\/wp-content\/uploads\/2025\/06\/LOGO-JIproequip-2025.png\",\"contentUrl\":\"https:\/\/www.jiproequip.com\/wp-content\/uploads\/2025\/06\/LOGO-JIproequip-2025.png\",\"width\":2433,\"height\":596,\"caption\":\"Ji-proequip\"},\"image\":{\"@id\":\"https:\/\/www.jiproequip.com\/#\/schema\/logo\/image\/\"}}]}<\/script>\n<!-- \/ Yoast SEO plugin. -->","yoast_head_json":{"title":"Franjadora industrial sin aire y dos pistolas, LineLazer - Ji-proequip","robots":{"index":"index","follow":"follow","max-snippet":"max-snippet:-1","max-image-preview":"max-image-preview:large","max-video-preview":"max-video-preview:-1"},"canonical":"https:\/\/www.jiproequip.com\/index.php\/producto\/franjadora-industrial-sin-aire-y-dos-pistolas-linelazer\/","og_locale":"es_ES","og_type":"article","og_title":"Franjadora industrial sin aire y dos pistolas, LineLazer - Ji-proequip","og_description":"Ideal para aplicar resinas, fibra de vidrio u otros materiales para reforzar las estructuras. Fabricada para aumentar la pulverizaci\u00f3n y el rendimiento. Cambie en cuesti\u00f3n de segundos las cuchillas encargadas de aplicar la mezcla correcta. Ergon\u00f3mica y duradera para los trabajos m\u00e1s exigentes.","og_url":"https:\/\/www.jiproequip.com\/index.php\/producto\/franjadora-industrial-sin-aire-y-dos-pistolas-linelazer\/","og_site_name":"Ji-proequip","article_modified_time":"2023-10-22T20:49:03+00:00","og_image":[{"width":600,"height":600,"url":"https:\/\/www.jiproequip.com\/wp-content\/uploads\/2023\/10\/franjadora_dos_pistolas_Graco_columbec_B.png","type":"image\/png"}],"twitter_card":"summary_large_image","twitter_misc":{"Tiempo de lectura":"3 minutos"},"schema":{"@context":"https:\/\/schema.org","@graph":[{"@type":"WebPage","@id":"https:\/\/www.jiproequip.com\/index.php\/producto\/franjadora-industrial-sin-aire-y-dos-pistolas-linelazer\/","url":"https:\/\/www.jiproequip.com\/index.php\/producto\/franjadora-industrial-sin-aire-y-dos-pistolas-linelazer\/","name":"Franjadora industrial sin aire y dos pistolas, LineLazer - Ji-proequip","isPartOf":{"@id":"https:\/\/www.jiproequip.com\/#website"},"primaryImageOfPage":{"@id":"https:\/\/www.jiproequip.com\/index.php\/producto\/franjadora-industrial-sin-aire-y-dos-pistolas-linelazer\/#primaryimage"},"image":{"@id":"https:\/\/www.jiproequip.com\/index.php\/producto\/franjadora-industrial-sin-aire-y-dos-pistolas-linelazer\/#primaryimage"},"thumbnailUrl":"https:\/\/www.jiproequip.com\/wp-content\/uploads\/2023\/10\/franjadora_dos_pistolas_Graco_columbec_B.png","datePublished":"2023-10-22T20:43:42+00:00","dateModified":"2023-10-22T20:49:03+00:00","breadcrumb":{"@id":"https:\/\/www.jiproequip.com\/index.php\/producto\/franjadora-industrial-sin-aire-y-dos-pistolas-linelazer\/#breadcrumb"},"inLanguage":"es","potentialAction":[{"@type":"ReadAction","target":["https:\/\/www.jiproequip.com\/index.php\/producto\/franjadora-industrial-sin-aire-y-dos-pistolas-linelazer\/"]}]},{"@type":"ImageObject","inLanguage":"es","@id":"https:\/\/www.jiproequip.com\/index.php\/producto\/franjadora-industrial-sin-aire-y-dos-pistolas-linelazer\/#primaryimage","url":"https:\/\/www.jiproequip.com\/wp-content\/uploads\/2023\/10\/franjadora_dos_pistolas_Graco_columbec_B.png","contentUrl":"https:\/\/www.jiproequip.com\/wp-content\/uploads\/2023\/10\/franjadora_dos_pistolas_Graco_columbec_B.png","width":600,"height":600},{"@type":"BreadcrumbList","@id":"https:\/\/www.jiproequip.com\/index.php\/producto\/franjadora-industrial-sin-aire-y-dos-pistolas-linelazer\/#breadcrumb","itemListElement":[{"@type":"ListItem","position":1,"name":"Home","item":"https:\/\/www.jiproequip.com\/"},{"@type":"ListItem","position":2,"name":"Tienda","item":"https:\/\/www.jiproequip.com\/index.php\/tienda\/"},{"@type":"ListItem","position":3,"name":"Franjadora industrial sin aire y dos pistolas, LineLazer"}]},{"@type":"WebSite","@id":"https:\/\/www.jiproequip.com\/#website","url":"https:\/\/www.jiproequip.com\/","name":"Ji-proequip","description":"Venta de equipos industriales con servicio t\u00e9cnico especializado","publisher":{"@id":"https:\/\/www.jiproequip.com\/#organization"},"potentialAction":[{"@type":"SearchAction","target":{"@type":"EntryPoint","urlTemplate":"https:\/\/www.jiproequip.com\/?s={search_term_string}"},"query-input":{"@type":"PropertyValueSpecification","valueRequired":true,"valueName":"search_term_string"}}],"inLanguage":"es"},{"@type":"Organization","@id":"https:\/\/www.jiproequip.com\/#organization","name":"Ji-proequip","url":"https:\/\/www.jiproequip.com\/","logo":{"@type":"ImageObject","inLanguage":"es","@id":"https:\/\/www.jiproequip.com\/#\/schema\/logo\/image\/","url":"https:\/\/www.jiproequip.com\/wp-content\/uploads\/2025\/06\/LOGO-JIproequip-2025.png","contentUrl":"https:\/\/www.jiproequip.com\/wp-content\/uploads\/2025\/06\/LOGO-JIproequip-2025.png","width":2433,"height":596,"caption":"Ji-proequip"},"image":{"@id":"https:\/\/www.jiproequip.com\/#\/schema\/logo\/image\/"}}]}},"uagb_featured_image_src":{"full":["https:\/\/www.jiproequip.com\/wp-content\/uploads\/2023\/10\/franjadora_dos_pistolas_Graco_columbec_B.png",600,600,false],"thumbnail":["https:\/\/www.jiproequip.com\/wp-content\/uploads\/2023\/10\/franjadora_dos_pistolas_Graco_columbec_B.png",150,150,false],"medium":["https:\/\/www.jiproequip.com\/wp-content\/uploads\/2023\/10\/franjadora_dos_pistolas_Graco_columbec_B.png",300,300,false],"medium_large":["https:\/\/www.jiproequip.com\/wp-content\/uploads\/2023\/10\/franjadora_dos_pistolas_Graco_columbec_B.png",600,600,false],"large":["https:\/\/www.jiproequip.com\/wp-content\/uploads\/2023\/10\/franjadora_dos_pistolas_Graco_columbec_B.png",600,600,false],"1536x1536":["https:\/\/www.jiproequip.com\/wp-content\/uploads\/2023\/10\/franjadora_dos_pistolas_Graco_columbec_B.png",600,600,false],"2048x2048":["https:\/\/www.jiproequip.com\/wp-content\/uploads\/2023\/10\/franjadora_dos_pistolas_Graco_columbec_B.png",600,600,false],"mailpoet_newsletter_max":["https:\/\/www.jiproequip.com\/wp-content\/uploads\/2023\/10\/franjadora_dos_pistolas_Graco_columbec_B.png",600,600,false],"woocommerce_thumbnail":["https:\/\/www.jiproequip.com\/wp-content\/uploads\/2023\/10\/franjadora_dos_pistolas_Graco_columbec_B.png",300,300,false],"woocommerce_single":["https:\/\/www.jiproequip.com\/wp-content\/uploads\/2023\/10\/franjadora_dos_pistolas_Graco_columbec_B.png",600,600,false],"woocommerce_gallery_thumbnail":["https:\/\/www.jiproequip.com\/wp-content\/uploads\/2023\/10\/franjadora_dos_pistolas_Graco_columbec_B.png",100,100,false]},"uagb_author_info":{"display_name":"admin_jiproeq","author_link":"https:\/\/www.jiproequip.com\/index.php\/author\/"},"uagb_comment_info":0,"uagb_excerpt":"Ideal para aplicar resinas, fibra de vidrio u otros materiales para reforzar las estructuras. Fabricada para aumentar la pulverizaci\u00f3n y el rendimiento. Cambie en cuesti\u00f3n de segundos las cuchillas encargadas de aplicar la mezcla correcta. Ergon\u00f3mica y duradera para los trabajos m\u00e1s exigentes.","jetpack_sharing_enabled":true,"_links":{"self":[{"href":"https:\/\/www.jiproequip.com\/index.php\/wp-json\/wp\/v2\/product\/3383","targetHints":{"allow":["GET"]}}],"collection":[{"href":"https:\/\/www.jiproequip.com\/index.php\/wp-json\/wp\/v2\/product"}],"about":[{"href":"https:\/\/www.jiproequip.com\/index.php\/wp-json\/wp\/v2\/types\/product"}],"replies":[{"embeddable":true,"href":"https:\/\/www.jiproequip.com\/index.php\/wp-json\/wp\/v2\/comments?post=3383"}],"wp:featuredmedia":[{"embeddable":true,"href":"https:\/\/www.jiproequip.com\/index.php\/wp-json\/wp\/v2\/media\/3388"}],"wp:attachment":[{"href":"https:\/\/www.jiproequip.com\/index.php\/wp-json\/wp\/v2\/media?parent=3383"}],"wp:term":[{"taxonomy":"product_brand","embeddable":true,"href":"https:\/\/www.jiproequip.com\/index.php\/wp-json\/wp\/v2\/product_brand?post=3383"},{"taxonomy":"product_cat","embeddable":true,"href":"https:\/\/www.jiproequip.com\/index.php\/wp-json\/wp\/v2\/product_cat?post=3383"},{"taxonomy":"product_tag","embeddable":true,"href":"https:\/\/www.jiproequip.com\/index.php\/wp-json\/wp\/v2\/product_tag?post=3383"}],"curies":[{"name":"wp","href":"https:\/\/api.w.org\/{rel}","templated":true}]}}