{"id":3444,"date":"2023-10-22T20:22:21","date_gmt":"2023-10-23T01:22:21","guid":{"rendered":"https:\/\/www.jiproequip.com\/?post_type=product&#038;p=3444"},"modified":"2023-10-22T20:26:24","modified_gmt":"2023-10-23T01:26:24","slug":"unidades-de-recoleccion-de-fluidos","status":"publish","type":"product","link":"https:\/\/www.jiproequip.com\/index.php\/producto\/unidades-de-recoleccion-de-fluidos\/","title":{"rendered":"Unidades de recolecci\u00f3n de fluidos"},"content":{"rendered":"<p><img loading=\"lazy\" decoding=\"async\" class=\"alignnone wp-image-3445 \" src=\"http:\/\/https:\/\/www.jiproequip.com\/wp-content\/uploads\/2023\/10\/Unidad_recoleccion_fluidos_talleres_SAMOA_Columbec_B.png\" alt=\"\" width=\"366\" height=\"526\" \/><\/p>\n<div class=\"arprH0\">\n<div class=\"pl_i2t\">\n<div class=\"pl_i2t\">\n<div class=\"pl_i2t\">\n<div class=\"pl_i2t\">\n<div class=\"pl_i2t\">\n<h2>Unidades de recolecci\u00f3n de fluidos<\/h2>\n<\/div>\n<\/div>\n<\/div>\n<\/div>\n<\/div>\n<div class=\"arprH0\">\n<div class=\"arprH0\">\n<p>Unidades para la recuperaci\u00f3n por gravedad de aceites usados de motor o de engranajes, as\u00ed como otros fluidos de automoci\u00f3n. Las unidades est\u00e1n dotadas de embudo recuperador de 20 l de capacidad, ajustable en altura y provisto de parrilla antisalpicaduras<br \/>\nDescarga del dep\u00f3sito de almacenamiento mediante presurizaci\u00f3n o utilizando bomba de evacuaci\u00f3n, seg\u00fan modelos. Para utilizaci\u00f3n con todo tipo de veh\u00edculos, en el interior de un foso o bajo un elevador.<\/p>\n<p>Varios modelos disponibles con especificaciones y usos diferentes<\/p>\n<\/div>\n<p><img loading=\"lazy\" decoding=\"async\" class=\"alignnone size-full wp-image-3446\" src=\"http:\/\/https:\/\/www.jiproequip.com\/wp-content\/uploads\/2023\/10\/rec_mod1.png\" alt=\"\" width=\"500\" height=\"474\" \/> <img loading=\"lazy\" decoding=\"async\" class=\"alignnone size-medium wp-image-3447\" src=\"http:\/\/https:\/\/www.jiproequip.com\/wp-content\/uploads\/2023\/10\/rec_mod2.png\" alt=\"\" width=\"285\" height=\"300\" \/> <img loading=\"lazy\" decoding=\"async\" class=\"alignnone size-medium wp-image-3448\" src=\"http:\/\/https:\/\/www.jiproequip.com\/wp-content\/uploads\/2023\/10\/rec_mod3.png\" alt=\"\" width=\"265\" height=\"300\" \/> <img loading=\"lazy\" decoding=\"async\" class=\"alignnone size-medium wp-image-3449\" src=\"http:\/\/https:\/\/www.jiproequip.com\/wp-content\/uploads\/2023\/10\/rec_mod4.png\" alt=\"\" width=\"300\" height=\"268\" \/><\/p>\n<\/div>\n<\/div>\n","protected":false},"excerpt":{"rendered":"<div class=\"pl_i2c\">\n<div class=\"pl_i2c\">\n<div class=\"pl_i2c\">\n<div class=\"pl_i2c\">\n<div class=\"pl_i2c\">\n<div class=\"pl_i2c\">\n<div class=\"pl_i2c\">\n<div class=\"pl_i2c\">\n<div class=\"pl_i2c\">\n<div class=\"pl_i2c\">\n<div class=\"pl_i2c\">\n<div class=\"pl_i2c\">\n<div class=\"pl_i2c\">\n<div class=\"pl_i2c\">\n<div class=\"pl_i2c\">\n<div class=\"pl_i2c\">\n<div class=\"pl_i2c\">\n<div class=\"pl_i2c\">\n<div class=\"pl_i2c\">\n<div class=\"pl_i2c\">\n<div class=\"pl_i2c\">\n<p>Este equipo permite recolectar los fluidos extra\u00eddos de los veh\u00edculos, aceite quemado, refrigerante en un tanque con el cual se puede transportar f\u00e1cilmente y bombear para desecharlos correctamente.<\/p>\n<\/div>\n<\/div>\n<\/div>\n<\/div>\n<\/div>\n<\/div>\n<\/div>\n<\/div>\n<\/div>\n<\/div>\n<\/div>\n<\/div>\n<\/div>\n<\/div>\n<\/div>\n<\/div>\n<\/div>\n<\/div>\n<\/div>\n<\/div>\n<\/div>\n","protected":false},"featured_media":3445,"comment_status":"open","ping_status":"closed","template":"","meta":{"_uag_custom_page_level_css":""},"product_brand":[],"product_cat":[56],"product_tag":[],"class_list":{"0":"post-3444","1":"product","2":"type-product","3":"status-publish","4":"has-post-thumbnail","6":"product_cat-lubricacion-talleres-vehiculares","8":"first","9":"instock","10":"shipping-taxable","11":"product-type-simple"},"yoast_head":"<!-- This site is optimized with the Yoast SEO plugin v25.2 - https:\/\/yoast.com\/wordpress\/plugins\/seo\/ -->\n<title>Unidades de recolecci\u00f3n de fluidos - Ji-proequip<\/title>\n<meta name=\"robots\" content=\"index, follow, max-snippet:-1, max-image-preview:large, max-video-preview:-1\" \/>\n<link rel=\"canonical\" href=\"https:\/\/www.jiproequip.com\/index.php\/producto\/unidades-de-recoleccion-de-fluidos\/\" \/>\n<meta property=\"og:locale\" content=\"es_ES\" \/>\n<meta property=\"og:type\" content=\"article\" \/>\n<meta property=\"og:title\" content=\"Unidades de recolecci\u00f3n de fluidos - Ji-proequip\" \/>\n<meta property=\"og:description\" content=\"Este equipo permite recolectar los fluidos extra\u00eddos de los veh\u00edculos, aceite quemado, refrigerante en un tanque con el cual se puede transportar f\u00e1cilmente y bombear para desecharlos correctamente.\" \/>\n<meta property=\"og:url\" content=\"https:\/\/www.jiproequip.com\/index.php\/producto\/unidades-de-recoleccion-de-fluidos\/\" \/>\n<meta property=\"og:site_name\" content=\"Ji-proequip\" \/>\n<meta property=\"article:modified_time\" content=\"2023-10-23T01:26:24+00:00\" \/>\n<meta property=\"og:image\" content=\"https:\/\/www.jiproequip.com\/wp-content\/uploads\/2023\/10\/Unidad_recoleccion_fluidos_talleres_SAMOA_Columbec_B.png\" \/>\n\t<meta property=\"og:image:width\" content=\"557\" \/>\n\t<meta property=\"og:image:height\" content=\"800\" \/>\n\t<meta property=\"og:image:type\" content=\"image\/png\" \/>\n<meta name=\"twitter:card\" content=\"summary_large_image\" \/>\n<meta name=\"twitter:label1\" content=\"Tiempo de lectura\" \/>\n\t<meta name=\"twitter:data1\" content=\"2 minutos\" \/>\n<script type=\"application\/ld+json\" class=\"yoast-schema-graph\">{\"@context\":\"https:\/\/schema.org\",\"@graph\":[{\"@type\":\"WebPage\",\"@id\":\"https:\/\/www.jiproequip.com\/index.php\/producto\/unidades-de-recoleccion-de-fluidos\/\",\"url\":\"https:\/\/www.jiproequip.com\/index.php\/producto\/unidades-de-recoleccion-de-fluidos\/\",\"name\":\"Unidades de recolecci\u00f3n de fluidos - Ji-proequip\",\"isPartOf\":{\"@id\":\"https:\/\/www.jiproequip.com\/#website\"},\"primaryImageOfPage\":{\"@id\":\"https:\/\/www.jiproequip.com\/index.php\/producto\/unidades-de-recoleccion-de-fluidos\/#primaryimage\"},\"image\":{\"@id\":\"https:\/\/www.jiproequip.com\/index.php\/producto\/unidades-de-recoleccion-de-fluidos\/#primaryimage\"},\"thumbnailUrl\":\"https:\/\/www.jiproequip.com\/wp-content\/uploads\/2023\/10\/Unidad_recoleccion_fluidos_talleres_SAMOA_Columbec_B.png\",\"datePublished\":\"2023-10-23T01:22:21+00:00\",\"dateModified\":\"2023-10-23T01:26:24+00:00\",\"breadcrumb\":{\"@id\":\"https:\/\/www.jiproequip.com\/index.php\/producto\/unidades-de-recoleccion-de-fluidos\/#breadcrumb\"},\"inLanguage\":\"es\",\"potentialAction\":[{\"@type\":\"ReadAction\",\"target\":[\"https:\/\/www.jiproequip.com\/index.php\/producto\/unidades-de-recoleccion-de-fluidos\/\"]}]},{\"@type\":\"ImageObject\",\"inLanguage\":\"es\",\"@id\":\"https:\/\/www.jiproequip.com\/index.php\/producto\/unidades-de-recoleccion-de-fluidos\/#primaryimage\",\"url\":\"https:\/\/www.jiproequip.com\/wp-content\/uploads\/2023\/10\/Unidad_recoleccion_fluidos_talleres_SAMOA_Columbec_B.png\",\"contentUrl\":\"https:\/\/www.jiproequip.com\/wp-content\/uploads\/2023\/10\/Unidad_recoleccion_fluidos_talleres_SAMOA_Columbec_B.png\",\"width\":557,\"height\":800},{\"@type\":\"BreadcrumbList\",\"@id\":\"https:\/\/www.jiproequip.com\/index.php\/producto\/unidades-de-recoleccion-de-fluidos\/#breadcrumb\",\"itemListElement\":[{\"@type\":\"ListItem\",\"position\":1,\"name\":\"Home\",\"item\":\"https:\/\/www.jiproequip.com\/\"},{\"@type\":\"ListItem\",\"position\":2,\"name\":\"Tienda\",\"item\":\"https:\/\/www.jiproequip.com\/index.php\/tienda\/\"},{\"@type\":\"ListItem\",\"position\":3,\"name\":\"Unidades de recolecci\u00f3n de fluidos\"}]},{\"@type\":\"WebSite\",\"@id\":\"https:\/\/www.jiproequip.com\/#website\",\"url\":\"https:\/\/www.jiproequip.com\/\",\"name\":\"Ji-proequip\",\"description\":\"Venta de equipos industriales con servicio t\u00e9cnico especializado\",\"publisher\":{\"@id\":\"https:\/\/www.jiproequip.com\/#organization\"},\"potentialAction\":[{\"@type\":\"SearchAction\",\"target\":{\"@type\":\"EntryPoint\",\"urlTemplate\":\"https:\/\/www.jiproequip.com\/?s={search_term_string}\"},\"query-input\":{\"@type\":\"PropertyValueSpecification\",\"valueRequired\":true,\"valueName\":\"search_term_string\"}}],\"inLanguage\":\"es\"},{\"@type\":\"Organization\",\"@id\":\"https:\/\/www.jiproequip.com\/#organization\",\"name\":\"Ji-proequip\",\"url\":\"https:\/\/www.jiproequip.com\/\",\"logo\":{\"@type\":\"ImageObject\",\"inLanguage\":\"es\",\"@id\":\"https:\/\/www.jiproequip.com\/#\/schema\/logo\/image\/\",\"url\":\"https:\/\/www.jiproequip.com\/wp-content\/uploads\/2025\/06\/LOGO-JIproequip-2025.png\",\"contentUrl\":\"https:\/\/www.jiproequip.com\/wp-content\/uploads\/2025\/06\/LOGO-JIproequip-2025.png\",\"width\":2433,\"height\":596,\"caption\":\"Ji-proequip\"},\"image\":{\"@id\":\"https:\/\/www.jiproequip.com\/#\/schema\/logo\/image\/\"}}]}<\/script>\n<!-- \/ Yoast SEO plugin. -->","yoast_head_json":{"title":"Unidades de recolecci\u00f3n de fluidos - Ji-proequip","robots":{"index":"index","follow":"follow","max-snippet":"max-snippet:-1","max-image-preview":"max-image-preview:large","max-video-preview":"max-video-preview:-1"},"canonical":"https:\/\/www.jiproequip.com\/index.php\/producto\/unidades-de-recoleccion-de-fluidos\/","og_locale":"es_ES","og_type":"article","og_title":"Unidades de recolecci\u00f3n de fluidos - Ji-proequip","og_description":"Este equipo permite recolectar los fluidos extra\u00eddos de los veh\u00edculos, aceite quemado, refrigerante en un tanque con el cual se puede transportar f\u00e1cilmente y bombear para desecharlos correctamente.","og_url":"https:\/\/www.jiproequip.com\/index.php\/producto\/unidades-de-recoleccion-de-fluidos\/","og_site_name":"Ji-proequip","article_modified_time":"2023-10-23T01:26:24+00:00","og_image":[{"width":557,"height":800,"url":"https:\/\/www.jiproequip.com\/wp-content\/uploads\/2023\/10\/Unidad_recoleccion_fluidos_talleres_SAMOA_Columbec_B.png","type":"image\/png"}],"twitter_card":"summary_large_image","twitter_misc":{"Tiempo de lectura":"2 minutos"},"schema":{"@context":"https:\/\/schema.org","@graph":[{"@type":"WebPage","@id":"https:\/\/www.jiproequip.com\/index.php\/producto\/unidades-de-recoleccion-de-fluidos\/","url":"https:\/\/www.jiproequip.com\/index.php\/producto\/unidades-de-recoleccion-de-fluidos\/","name":"Unidades de recolecci\u00f3n de fluidos - Ji-proequip","isPartOf":{"@id":"https:\/\/www.jiproequip.com\/#website"},"primaryImageOfPage":{"@id":"https:\/\/www.jiproequip.com\/index.php\/producto\/unidades-de-recoleccion-de-fluidos\/#primaryimage"},"image":{"@id":"https:\/\/www.jiproequip.com\/index.php\/producto\/unidades-de-recoleccion-de-fluidos\/#primaryimage"},"thumbnailUrl":"https:\/\/www.jiproequip.com\/wp-content\/uploads\/2023\/10\/Unidad_recoleccion_fluidos_talleres_SAMOA_Columbec_B.png","datePublished":"2023-10-23T01:22:21+00:00","dateModified":"2023-10-23T01:26:24+00:00","breadcrumb":{"@id":"https:\/\/www.jiproequip.com\/index.php\/producto\/unidades-de-recoleccion-de-fluidos\/#breadcrumb"},"inLanguage":"es","potentialAction":[{"@type":"ReadAction","target":["https:\/\/www.jiproequip.com\/index.php\/producto\/unidades-de-recoleccion-de-fluidos\/"]}]},{"@type":"ImageObject","inLanguage":"es","@id":"https:\/\/www.jiproequip.com\/index.php\/producto\/unidades-de-recoleccion-de-fluidos\/#primaryimage","url":"https:\/\/www.jiproequip.com\/wp-content\/uploads\/2023\/10\/Unidad_recoleccion_fluidos_talleres_SAMOA_Columbec_B.png","contentUrl":"https:\/\/www.jiproequip.com\/wp-content\/uploads\/2023\/10\/Unidad_recoleccion_fluidos_talleres_SAMOA_Columbec_B.png","width":557,"height":800},{"@type":"BreadcrumbList","@id":"https:\/\/www.jiproequip.com\/index.php\/producto\/unidades-de-recoleccion-de-fluidos\/#breadcrumb","itemListElement":[{"@type":"ListItem","position":1,"name":"Home","item":"https:\/\/www.jiproequip.com\/"},{"@type":"ListItem","position":2,"name":"Tienda","item":"https:\/\/www.jiproequip.com\/index.php\/tienda\/"},{"@type":"ListItem","position":3,"name":"Unidades de recolecci\u00f3n de fluidos"}]},{"@type":"WebSite","@id":"https:\/\/www.jiproequip.com\/#website","url":"https:\/\/www.jiproequip.com\/","name":"Ji-proequip","description":"Venta de equipos industriales con servicio t\u00e9cnico especializado","publisher":{"@id":"https:\/\/www.jiproequip.com\/#organization"},"potentialAction":[{"@type":"SearchAction","target":{"@type":"EntryPoint","urlTemplate":"https:\/\/www.jiproequip.com\/?s={search_term_string}"},"query-input":{"@type":"PropertyValueSpecification","valueRequired":true,"valueName":"search_term_string"}}],"inLanguage":"es"},{"@type":"Organization","@id":"https:\/\/www.jiproequip.com\/#organization","name":"Ji-proequip","url":"https:\/\/www.jiproequip.com\/","logo":{"@type":"ImageObject","inLanguage":"es","@id":"https:\/\/www.jiproequip.com\/#\/schema\/logo\/image\/","url":"https:\/\/www.jiproequip.com\/wp-content\/uploads\/2025\/06\/LOGO-JIproequip-2025.png","contentUrl":"https:\/\/www.jiproequip.com\/wp-content\/uploads\/2025\/06\/LOGO-JIproequip-2025.png","width":2433,"height":596,"caption":"Ji-proequip"},"image":{"@id":"https:\/\/www.jiproequip.com\/#\/schema\/logo\/image\/"}}]}},"uagb_featured_image_src":{"full":["https:\/\/www.jiproequip.com\/wp-content\/uploads\/2023\/10\/Unidad_recoleccion_fluidos_talleres_SAMOA_Columbec_B.png",557,800,false],"thumbnail":["https:\/\/www.jiproequip.com\/wp-content\/uploads\/2023\/10\/Unidad_recoleccion_fluidos_talleres_SAMOA_Columbec_B.png",104,150,false],"medium":["https:\/\/www.jiproequip.com\/wp-content\/uploads\/2023\/10\/Unidad_recoleccion_fluidos_talleres_SAMOA_Columbec_B.png",209,300,false],"medium_large":["https:\/\/www.jiproequip.com\/wp-content\/uploads\/2023\/10\/Unidad_recoleccion_fluidos_talleres_SAMOA_Columbec_B.png",557,800,false],"large":["https:\/\/www.jiproequip.com\/wp-content\/uploads\/2023\/10\/Unidad_recoleccion_fluidos_talleres_SAMOA_Columbec_B.png",557,800,false],"1536x1536":["https:\/\/www.jiproequip.com\/wp-content\/uploads\/2023\/10\/Unidad_recoleccion_fluidos_talleres_SAMOA_Columbec_B.png",557,800,false],"2048x2048":["https:\/\/www.jiproequip.com\/wp-content\/uploads\/2023\/10\/Unidad_recoleccion_fluidos_talleres_SAMOA_Columbec_B.png",557,800,false],"mailpoet_newsletter_max":["https:\/\/www.jiproequip.com\/wp-content\/uploads\/2023\/10\/Unidad_recoleccion_fluidos_talleres_SAMOA_Columbec_B.png",557,800,false],"woocommerce_thumbnail":["https:\/\/www.jiproequip.com\/wp-content\/uploads\/2023\/10\/Unidad_recoleccion_fluidos_talleres_SAMOA_Columbec_B.png",300,431,false],"woocommerce_single":["https:\/\/www.jiproequip.com\/wp-content\/uploads\/2023\/10\/Unidad_recoleccion_fluidos_talleres_SAMOA_Columbec_B.png",557,800,false],"woocommerce_gallery_thumbnail":["https:\/\/www.jiproequip.com\/wp-content\/uploads\/2023\/10\/Unidad_recoleccion_fluidos_talleres_SAMOA_Columbec_B-100x100.png",100,100,true]},"uagb_author_info":{"display_name":"admin_jiproeq","author_link":"https:\/\/www.jiproequip.com\/index.php\/author\/"},"uagb_comment_info":0,"uagb_excerpt":"Este equipo permite recolectar los fluidos extra\u00eddos de los veh\u00edculos, aceite quemado, refrigerante en un tanque con el cual se puede transportar f\u00e1cilmente y bombear para desecharlos correctamente.","jetpack_sharing_enabled":true,"_links":{"self":[{"href":"https:\/\/www.jiproequip.com\/index.php\/wp-json\/wp\/v2\/product\/3444","targetHints":{"allow":["GET"]}}],"collection":[{"href":"https:\/\/www.jiproequip.com\/index.php\/wp-json\/wp\/v2\/product"}],"about":[{"href":"https:\/\/www.jiproequip.com\/index.php\/wp-json\/wp\/v2\/types\/product"}],"replies":[{"embeddable":true,"href":"https:\/\/www.jiproequip.com\/index.php\/wp-json\/wp\/v2\/comments?post=3444"}],"wp:featuredmedia":[{"embeddable":true,"href":"https:\/\/www.jiproequip.com\/index.php\/wp-json\/wp\/v2\/media\/3445"}],"wp:attachment":[{"href":"https:\/\/www.jiproequip.com\/index.php\/wp-json\/wp\/v2\/media?parent=3444"}],"wp:term":[{"taxonomy":"product_brand","embeddable":true,"href":"https:\/\/www.jiproequip.com\/index.php\/wp-json\/wp\/v2\/product_brand?post=3444"},{"taxonomy":"product_cat","embeddable":true,"href":"https:\/\/www.jiproequip.com\/index.php\/wp-json\/wp\/v2\/product_cat?post=3444"},{"taxonomy":"product_tag","embeddable":true,"href":"https:\/\/www.jiproequip.com\/index.php\/wp-json\/wp\/v2\/product_tag?post=3444"}],"curies":[{"name":"wp","href":"https:\/\/api.w.org\/{rel}","templated":true}]}}