{"id":3456,"date":"2023-10-22T20:33:32","date_gmt":"2023-10-23T01:33:32","guid":{"rendered":"https:\/\/www.jiproequip.com\/?post_type=product&#038;p=3456"},"modified":"2023-10-22T20:40:19","modified_gmt":"2023-10-23T01:40:19","slug":"bombas-neumaticas-para-aceite-ratio-3-1","status":"publish","type":"product","link":"https:\/\/www.jiproequip.com\/index.php\/producto\/bombas-neumaticas-para-aceite-ratio-3-1\/","title":{"rendered":"Bombas neum\u00e1ticas para aceite. Ratio 3:1"},"content":{"rendered":"<p><img loading=\"lazy\" decoding=\"async\" class=\"alignnone wp-image-3457 \" src=\"http:\/\/https:\/\/www.jiproequip.com\/wp-content\/uploads\/2023\/10\/bomba_neumatica_aceite1-1_SAMOA_Columbec_02_B.png\" alt=\"\" width=\"324\" height=\"324\" \/><\/p>\n<div class=\"arprH0\">\n<div class=\"pl_i2t\">\n<div class=\"pl_i2t\">\n<div class=\"pl_i2t\">\n<div class=\"pl_i2t\">\n<div class=\"pl_i2t\">\n<div class=\"pl_i2t\">\n<h2>Bombas neum\u00e1ticas para aceite. Ratio 3:1<\/h2>\n<\/div>\n<\/div>\n<\/div>\n<\/div>\n<\/div>\n<\/div>\n<div class=\"arprH0\">\n<div class=\"arprH0\">\n<div class=\"arprH0\">\n<p>Bombas neum\u00e1ticas de alta eficiencia especialmente dise\u00f1adas para el transvase de lubricantes y para peque\u00f1os sistemas de distribuci\u00f3n. Disponen de un innovador motor de aire neum\u00e1tico. Este dise\u00f1o \u00fanico evita las \u00e1reas muertas presentes en la mayor\u00eda de los motores de aire reduciendo el consumo de aire en un 40 %. El motor de aire ha sido dise\u00f1ado para trabajar en los entornos m\u00e1s exigentes.<br \/>\nConcebidas para montaje sobre bid\u00f3n o dep\u00f3sito, para acoplamiento directo o de forma mural, utilizando los accesorios de aspiraci\u00f3n de fluido apropiados.<\/p>\n<p>El dise\u00f1o y los materiales de \u00faltima de generaci\u00f3n empleados garantizan un alto rendimiento, con un bajo consumo de energ\u00eda.<br \/>\nMotor alternativo de accionamiento neum\u00e1tico, libre de mantenimiento. Pist\u00f3n de bomba de doble efecto.<br \/>\nEstas bombas industriales valen para transvase y suministro de aceites minerales o sint\u00e9ticos de diversa funci\u00f3n (diel\u00e9ctricos, hidr\u00e1ulicos, temple, t\u00e9rmicos, lubricantes de motor, engranajes o diferenciales, fluido de transmisi\u00f3n etc.)<\/p>\n<p>Tienen diversas aplicaciones en los sectores de la automoci\u00f3n, equipo pesado, aeron\u00e1utico, ferroviario, maquinaria industrial o agr\u00edcola y naval entre otros.<\/p>\n<p>Se puede vender con diversos Kits para ser utilizada directamente sobre bidones originales de aceite de 205 l. Incluyendo los elementos necesarios para la conexi\u00f3n de la bomba a las l\u00edneas de aire y aceite o directamente a un enrollador de manguera. Tambi\u00e9n opcional el Kit para montaje mural sobre pared, el conjunto de succi\u00f3n desplazado facilita el cambio de envase, para utilizar con bidones originales de aceite de 205 l o contenedores normalizados (IBC) de 1.000 l de capacidad.<\/p>\n<\/div>\n<\/div>\n<p>&nbsp;<\/p>\n<\/div>\n<\/div>\n","protected":false},"excerpt":{"rendered":"<div class=\"pl_i2c\">\n<div class=\"pl_i2c\">\n<div class=\"pl_i2c\">\n<div class=\"pl_i2c\">\n<div class=\"pl_i2c\">\n<div class=\"pl_i2c\">\n<div class=\"pl_i2c\">\n<div class=\"pl_i2c\">\n<div class=\"pl_i2c\">\n<div class=\"pl_i2c\">\n<div class=\"pl_i2c\">\n<div class=\"pl_i2c\">\n<div class=\"pl_i2c\">\n<div class=\"pl_i2c\">\n<div class=\"pl_i2c\">\n<div class=\"pl_i2c\">\n<div class=\"pl_i2c\">\n<div class=\"pl_i2c\">\n<div class=\"pl_i2c\">\n<div class=\"pl_i2c\">\n<div class=\"pl_i2c\">\n<div class=\"pl_i2c\">\n<p>Bombas neum\u00e1ticas de media presi\u00f3n para el transvase y suministro, a caudales medios, de aceites lubricantes o industriales a trav\u00e9s de mangueras o circuitos de tuber\u00edas con enrolladores y medidores.<\/p>\n<\/div>\n<\/div>\n<\/div>\n<\/div>\n<\/div>\n<\/div>\n<\/div>\n<\/div>\n<\/div>\n<\/div>\n<\/div>\n<\/div>\n<\/div>\n<\/div>\n<\/div>\n<\/div>\n<\/div>\n<\/div>\n<\/div>\n<\/div>\n<\/div>\n<\/div>\n","protected":false},"featured_media":3464,"comment_status":"open","ping_status":"closed","template":"","meta":{"_uag_custom_page_level_css":""},"product_brand":[],"product_cat":[56],"product_tag":[],"class_list":{"0":"post-3456","1":"product","2":"type-product","3":"status-publish","4":"has-post-thumbnail","6":"product_cat-lubricacion-talleres-vehiculares","8":"first","9":"instock","10":"shipping-taxable","11":"product-type-simple"},"yoast_head":"<!-- This site is optimized with the Yoast SEO plugin v25.2 - https:\/\/yoast.com\/wordpress\/plugins\/seo\/ -->\n<title>Bombas neum\u00e1ticas para aceite. Ratio 3:1 - Ji-proequip<\/title>\n<meta name=\"robots\" content=\"index, follow, max-snippet:-1, max-image-preview:large, max-video-preview:-1\" \/>\n<link rel=\"canonical\" href=\"https:\/\/www.jiproequip.com\/index.php\/producto\/bombas-neumaticas-para-aceite-ratio-3-1\/\" \/>\n<meta property=\"og:locale\" content=\"es_ES\" \/>\n<meta property=\"og:type\" content=\"article\" \/>\n<meta property=\"og:title\" content=\"Bombas neum\u00e1ticas para aceite. Ratio 3:1 - Ji-proequip\" \/>\n<meta property=\"og:description\" content=\"Bombas neum\u00e1ticas de media presi\u00f3n para el transvase y suministro, a caudales medios, de aceites lubricantes o industriales a trav\u00e9s de mangueras o circuitos de tuber\u00edas con enrolladores y medidores.\" \/>\n<meta property=\"og:url\" content=\"https:\/\/www.jiproequip.com\/index.php\/producto\/bombas-neumaticas-para-aceite-ratio-3-1\/\" \/>\n<meta property=\"og:site_name\" content=\"Ji-proequip\" \/>\n<meta property=\"article:modified_time\" content=\"2023-10-23T01:40:19+00:00\" \/>\n<meta property=\"og:image\" content=\"https:\/\/www.jiproequip.com\/wp-content\/uploads\/2023\/10\/bomba_neumatica_aceite3-1_SAMOA_Columbec_B.png\" \/>\n\t<meta property=\"og:image:width\" content=\"539\" \/>\n\t<meta property=\"og:image:height\" content=\"539\" \/>\n\t<meta property=\"og:image:type\" content=\"image\/png\" \/>\n<meta name=\"twitter:card\" content=\"summary_large_image\" \/>\n<meta name=\"twitter:label1\" content=\"Tiempo de lectura\" \/>\n\t<meta name=\"twitter:data1\" content=\"2 minutos\" \/>\n<script type=\"application\/ld+json\" class=\"yoast-schema-graph\">{\"@context\":\"https:\/\/schema.org\",\"@graph\":[{\"@type\":\"WebPage\",\"@id\":\"https:\/\/www.jiproequip.com\/index.php\/producto\/bombas-neumaticas-para-aceite-ratio-3-1\/\",\"url\":\"https:\/\/www.jiproequip.com\/index.php\/producto\/bombas-neumaticas-para-aceite-ratio-3-1\/\",\"name\":\"Bombas neum\u00e1ticas para aceite. Ratio 3:1 - Ji-proequip\",\"isPartOf\":{\"@id\":\"https:\/\/www.jiproequip.com\/#website\"},\"primaryImageOfPage\":{\"@id\":\"https:\/\/www.jiproequip.com\/index.php\/producto\/bombas-neumaticas-para-aceite-ratio-3-1\/#primaryimage\"},\"image\":{\"@id\":\"https:\/\/www.jiproequip.com\/index.php\/producto\/bombas-neumaticas-para-aceite-ratio-3-1\/#primaryimage\"},\"thumbnailUrl\":\"https:\/\/www.jiproequip.com\/wp-content\/uploads\/2023\/10\/bomba_neumatica_aceite3-1_SAMOA_Columbec_B.png\",\"datePublished\":\"2023-10-23T01:33:32+00:00\",\"dateModified\":\"2023-10-23T01:40:19+00:00\",\"breadcrumb\":{\"@id\":\"https:\/\/www.jiproequip.com\/index.php\/producto\/bombas-neumaticas-para-aceite-ratio-3-1\/#breadcrumb\"},\"inLanguage\":\"es\",\"potentialAction\":[{\"@type\":\"ReadAction\",\"target\":[\"https:\/\/www.jiproequip.com\/index.php\/producto\/bombas-neumaticas-para-aceite-ratio-3-1\/\"]}]},{\"@type\":\"ImageObject\",\"inLanguage\":\"es\",\"@id\":\"https:\/\/www.jiproequip.com\/index.php\/producto\/bombas-neumaticas-para-aceite-ratio-3-1\/#primaryimage\",\"url\":\"https:\/\/www.jiproequip.com\/wp-content\/uploads\/2023\/10\/bomba_neumatica_aceite3-1_SAMOA_Columbec_B.png\",\"contentUrl\":\"https:\/\/www.jiproequip.com\/wp-content\/uploads\/2023\/10\/bomba_neumatica_aceite3-1_SAMOA_Columbec_B.png\",\"width\":539,\"height\":539},{\"@type\":\"BreadcrumbList\",\"@id\":\"https:\/\/www.jiproequip.com\/index.php\/producto\/bombas-neumaticas-para-aceite-ratio-3-1\/#breadcrumb\",\"itemListElement\":[{\"@type\":\"ListItem\",\"position\":1,\"name\":\"Home\",\"item\":\"https:\/\/www.jiproequip.com\/\"},{\"@type\":\"ListItem\",\"position\":2,\"name\":\"Tienda\",\"item\":\"https:\/\/www.jiproequip.com\/index.php\/tienda\/\"},{\"@type\":\"ListItem\",\"position\":3,\"name\":\"Bombas neum\u00e1ticas para aceite. Ratio 3:1\"}]},{\"@type\":\"WebSite\",\"@id\":\"https:\/\/www.jiproequip.com\/#website\",\"url\":\"https:\/\/www.jiproequip.com\/\",\"name\":\"Ji-proequip\",\"description\":\"Venta de equipos industriales con servicio t\u00e9cnico especializado\",\"publisher\":{\"@id\":\"https:\/\/www.jiproequip.com\/#organization\"},\"potentialAction\":[{\"@type\":\"SearchAction\",\"target\":{\"@type\":\"EntryPoint\",\"urlTemplate\":\"https:\/\/www.jiproequip.com\/?s={search_term_string}\"},\"query-input\":{\"@type\":\"PropertyValueSpecification\",\"valueRequired\":true,\"valueName\":\"search_term_string\"}}],\"inLanguage\":\"es\"},{\"@type\":\"Organization\",\"@id\":\"https:\/\/www.jiproequip.com\/#organization\",\"name\":\"Ji-proequip\",\"url\":\"https:\/\/www.jiproequip.com\/\",\"logo\":{\"@type\":\"ImageObject\",\"inLanguage\":\"es\",\"@id\":\"https:\/\/www.jiproequip.com\/#\/schema\/logo\/image\/\",\"url\":\"https:\/\/www.jiproequip.com\/wp-content\/uploads\/2025\/06\/LOGO-JIproequip-2025.png\",\"contentUrl\":\"https:\/\/www.jiproequip.com\/wp-content\/uploads\/2025\/06\/LOGO-JIproequip-2025.png\",\"width\":2433,\"height\":596,\"caption\":\"Ji-proequip\"},\"image\":{\"@id\":\"https:\/\/www.jiproequip.com\/#\/schema\/logo\/image\/\"}}]}<\/script>\n<!-- \/ Yoast SEO plugin. -->","yoast_head_json":{"title":"Bombas neum\u00e1ticas para aceite. Ratio 3:1 - Ji-proequip","robots":{"index":"index","follow":"follow","max-snippet":"max-snippet:-1","max-image-preview":"max-image-preview:large","max-video-preview":"max-video-preview:-1"},"canonical":"https:\/\/www.jiproequip.com\/index.php\/producto\/bombas-neumaticas-para-aceite-ratio-3-1\/","og_locale":"es_ES","og_type":"article","og_title":"Bombas neum\u00e1ticas para aceite. Ratio 3:1 - Ji-proequip","og_description":"Bombas neum\u00e1ticas de media presi\u00f3n para el transvase y suministro, a caudales medios, de aceites lubricantes o industriales a trav\u00e9s de mangueras o circuitos de tuber\u00edas con enrolladores y medidores.","og_url":"https:\/\/www.jiproequip.com\/index.php\/producto\/bombas-neumaticas-para-aceite-ratio-3-1\/","og_site_name":"Ji-proequip","article_modified_time":"2023-10-23T01:40:19+00:00","og_image":[{"width":539,"height":539,"url":"https:\/\/www.jiproequip.com\/wp-content\/uploads\/2023\/10\/bomba_neumatica_aceite3-1_SAMOA_Columbec_B.png","type":"image\/png"}],"twitter_card":"summary_large_image","twitter_misc":{"Tiempo de lectura":"2 minutos"},"schema":{"@context":"https:\/\/schema.org","@graph":[{"@type":"WebPage","@id":"https:\/\/www.jiproequip.com\/index.php\/producto\/bombas-neumaticas-para-aceite-ratio-3-1\/","url":"https:\/\/www.jiproequip.com\/index.php\/producto\/bombas-neumaticas-para-aceite-ratio-3-1\/","name":"Bombas neum\u00e1ticas para aceite. Ratio 3:1 - Ji-proequip","isPartOf":{"@id":"https:\/\/www.jiproequip.com\/#website"},"primaryImageOfPage":{"@id":"https:\/\/www.jiproequip.com\/index.php\/producto\/bombas-neumaticas-para-aceite-ratio-3-1\/#primaryimage"},"image":{"@id":"https:\/\/www.jiproequip.com\/index.php\/producto\/bombas-neumaticas-para-aceite-ratio-3-1\/#primaryimage"},"thumbnailUrl":"https:\/\/www.jiproequip.com\/wp-content\/uploads\/2023\/10\/bomba_neumatica_aceite3-1_SAMOA_Columbec_B.png","datePublished":"2023-10-23T01:33:32+00:00","dateModified":"2023-10-23T01:40:19+00:00","breadcrumb":{"@id":"https:\/\/www.jiproequip.com\/index.php\/producto\/bombas-neumaticas-para-aceite-ratio-3-1\/#breadcrumb"},"inLanguage":"es","potentialAction":[{"@type":"ReadAction","target":["https:\/\/www.jiproequip.com\/index.php\/producto\/bombas-neumaticas-para-aceite-ratio-3-1\/"]}]},{"@type":"ImageObject","inLanguage":"es","@id":"https:\/\/www.jiproequip.com\/index.php\/producto\/bombas-neumaticas-para-aceite-ratio-3-1\/#primaryimage","url":"https:\/\/www.jiproequip.com\/wp-content\/uploads\/2023\/10\/bomba_neumatica_aceite3-1_SAMOA_Columbec_B.png","contentUrl":"https:\/\/www.jiproequip.com\/wp-content\/uploads\/2023\/10\/bomba_neumatica_aceite3-1_SAMOA_Columbec_B.png","width":539,"height":539},{"@type":"BreadcrumbList","@id":"https:\/\/www.jiproequip.com\/index.php\/producto\/bombas-neumaticas-para-aceite-ratio-3-1\/#breadcrumb","itemListElement":[{"@type":"ListItem","position":1,"name":"Home","item":"https:\/\/www.jiproequip.com\/"},{"@type":"ListItem","position":2,"name":"Tienda","item":"https:\/\/www.jiproequip.com\/index.php\/tienda\/"},{"@type":"ListItem","position":3,"name":"Bombas neum\u00e1ticas para aceite. Ratio 3:1"}]},{"@type":"WebSite","@id":"https:\/\/www.jiproequip.com\/#website","url":"https:\/\/www.jiproequip.com\/","name":"Ji-proequip","description":"Venta de equipos industriales con servicio t\u00e9cnico especializado","publisher":{"@id":"https:\/\/www.jiproequip.com\/#organization"},"potentialAction":[{"@type":"SearchAction","target":{"@type":"EntryPoint","urlTemplate":"https:\/\/www.jiproequip.com\/?s={search_term_string}"},"query-input":{"@type":"PropertyValueSpecification","valueRequired":true,"valueName":"search_term_string"}}],"inLanguage":"es"},{"@type":"Organization","@id":"https:\/\/www.jiproequip.com\/#organization","name":"Ji-proequip","url":"https:\/\/www.jiproequip.com\/","logo":{"@type":"ImageObject","inLanguage":"es","@id":"https:\/\/www.jiproequip.com\/#\/schema\/logo\/image\/","url":"https:\/\/www.jiproequip.com\/wp-content\/uploads\/2025\/06\/LOGO-JIproequip-2025.png","contentUrl":"https:\/\/www.jiproequip.com\/wp-content\/uploads\/2025\/06\/LOGO-JIproequip-2025.png","width":2433,"height":596,"caption":"Ji-proequip"},"image":{"@id":"https:\/\/www.jiproequip.com\/#\/schema\/logo\/image\/"}}]}},"uagb_featured_image_src":{"full":["https:\/\/www.jiproequip.com\/wp-content\/uploads\/2023\/10\/bomba_neumatica_aceite3-1_SAMOA_Columbec_B.png",539,539,false],"thumbnail":["https:\/\/www.jiproequip.com\/wp-content\/uploads\/2023\/10\/bomba_neumatica_aceite3-1_SAMOA_Columbec_B.png",150,150,false],"medium":["https:\/\/www.jiproequip.com\/wp-content\/uploads\/2023\/10\/bomba_neumatica_aceite3-1_SAMOA_Columbec_B.png",300,300,false],"medium_large":["https:\/\/www.jiproequip.com\/wp-content\/uploads\/2023\/10\/bomba_neumatica_aceite3-1_SAMOA_Columbec_B.png",539,539,false],"large":["https:\/\/www.jiproequip.com\/wp-content\/uploads\/2023\/10\/bomba_neumatica_aceite3-1_SAMOA_Columbec_B.png",539,539,false],"1536x1536":["https:\/\/www.jiproequip.com\/wp-content\/uploads\/2023\/10\/bomba_neumatica_aceite3-1_SAMOA_Columbec_B.png",539,539,false],"2048x2048":["https:\/\/www.jiproequip.com\/wp-content\/uploads\/2023\/10\/bomba_neumatica_aceite3-1_SAMOA_Columbec_B.png",539,539,false],"mailpoet_newsletter_max":["https:\/\/www.jiproequip.com\/wp-content\/uploads\/2023\/10\/bomba_neumatica_aceite3-1_SAMOA_Columbec_B.png",539,539,false],"woocommerce_thumbnail":["https:\/\/www.jiproequip.com\/wp-content\/uploads\/2023\/10\/bomba_neumatica_aceite3-1_SAMOA_Columbec_B.png",300,300,false],"woocommerce_single":["https:\/\/www.jiproequip.com\/wp-content\/uploads\/2023\/10\/bomba_neumatica_aceite3-1_SAMOA_Columbec_B.png",539,539,false],"woocommerce_gallery_thumbnail":["https:\/\/www.jiproequip.com\/wp-content\/uploads\/2023\/10\/bomba_neumatica_aceite3-1_SAMOA_Columbec_B.png",100,100,false]},"uagb_author_info":{"display_name":"admin_jiproeq","author_link":"https:\/\/www.jiproequip.com\/index.php\/author\/"},"uagb_comment_info":0,"uagb_excerpt":"Bombas neum\u00e1ticas de media presi\u00f3n para el transvase y suministro, a caudales medios, de aceites lubricantes o industriales a trav\u00e9s de mangueras o circuitos de tuber\u00edas con enrolladores y medidores.","jetpack_sharing_enabled":true,"_links":{"self":[{"href":"https:\/\/www.jiproequip.com\/index.php\/wp-json\/wp\/v2\/product\/3456","targetHints":{"allow":["GET"]}}],"collection":[{"href":"https:\/\/www.jiproequip.com\/index.php\/wp-json\/wp\/v2\/product"}],"about":[{"href":"https:\/\/www.jiproequip.com\/index.php\/wp-json\/wp\/v2\/types\/product"}],"replies":[{"embeddable":true,"href":"https:\/\/www.jiproequip.com\/index.php\/wp-json\/wp\/v2\/comments?post=3456"}],"wp:featuredmedia":[{"embeddable":true,"href":"https:\/\/www.jiproequip.com\/index.php\/wp-json\/wp\/v2\/media\/3464"}],"wp:attachment":[{"href":"https:\/\/www.jiproequip.com\/index.php\/wp-json\/wp\/v2\/media?parent=3456"}],"wp:term":[{"taxonomy":"product_brand","embeddable":true,"href":"https:\/\/www.jiproequip.com\/index.php\/wp-json\/wp\/v2\/product_brand?post=3456"},{"taxonomy":"product_cat","embeddable":true,"href":"https:\/\/www.jiproequip.com\/index.php\/wp-json\/wp\/v2\/product_cat?post=3456"},{"taxonomy":"product_tag","embeddable":true,"href":"https:\/\/www.jiproequip.com\/index.php\/wp-json\/wp\/v2\/product_tag?post=3456"}],"curies":[{"name":"wp","href":"https:\/\/api.w.org\/{rel}","templated":true}]}}