{"id":3527,"date":"2023-10-23T22:25:17","date_gmt":"2023-10-24T03:25:17","guid":{"rendered":"https:\/\/www.jiproequip.com\/?post_type=product&#038;p=3527"},"modified":"2023-10-23T22:34:30","modified_gmt":"2023-10-24T03:34:30","slug":"linea-procesado-flores","status":"publish","type":"product","link":"https:\/\/www.jiproequip.com\/index.php\/producto\/linea-procesado-flores\/","title":{"rendered":"L\u00ednea de procesamiento de flores"},"content":{"rendered":"<div class=\"arprH0\">\n<div class=\"arprH0\">\n<p>Con esta m\u00e1quina de producci\u00f3n de ramos consigue siempre un mejor resultado de clasificaci\u00f3n gracias a las tres c\u00e1maras diferentes que analizan cada tallo individualmente para una clasificaci\u00f3n exacta.<\/p>\n<ul>Ventajas:<\/p>\n<li>Configurada de acuerdo con su requerimiento.<\/li>\n<li>Optimizan y aceleraci\u00f3n del procesamiento.<\/li>\n<li>Para ramos y bouquets uniformes.<\/li>\n<\/ul>\n<p>Un procesamiento r\u00e1pido y preciso de flores acelera significativamente la producci\u00f3n en su empresa y eso es exactamente lo que consigue con las l\u00edneas de procesamiento de flores. Por muchas d\u00e9cadas, estas m\u00e1quinas han ganado una reputaci\u00f3n de ser sistemas fiables y multifuncionales con una larga vida \u00fatil. Las m\u00e1quinas que distribuimos est\u00e1n sometidas a continuos cambios de innovaci\u00f3n e ingenier\u00eda, Columbec asegura el correcto funcionamiento del producto empleado.<\/p>\n<p>Usted puede componer su l\u00ednea flores exactamente a su gusto y con los componentes que usted necesita en su procesamiento: cortar, deshojar, atar, enfundar, reunir y agrupar en ramos y bouquets. Dise\u00f1amos para usted la l\u00ednea de flores ideal de acuerdo con sus necesidades y procesos de producci\u00f3n. Ampliar con una cinta colectora La l\u00ednea de procesamiento de flores produce ramos y bouquets r\u00e1pida y cuidadosamente, seg\u00fan sus especificaciones. Si ampl\u00eda su l\u00ednea con la cinta colectora, se acumular\u00e1n los ramos ah\u00ed para su posterior procesamiento.<\/p>\n<p>Si busca una l\u00ednea de procesamiento de flores perfectamente adaptada a su proceso de producci\u00f3n, no dude en contactarnos para un asesoramiento personal.<\/p>\n<\/div>\n<\/div>\n<p>&nbsp;<\/p>\n<div class=\"arprH0\">\n<p>&nbsp;<\/p>\n<\/div>\n","protected":false},"excerpt":{"rendered":"<div class=\"pl_i2c\">\n<div class=\"pl_i2c\">\n<div class=\"pl_i2c\">\n<div class=\"pl_i2c\">\n<div class=\"pl_i2c\">\n<div class=\"pl_i2c\">\n<div class=\"pl_i2c\">\n<div class=\"pl_i2c\">\n<div class=\"pl_i2c\">\n<div class=\"pl_i2c\">\n<div class=\"pl_i2c\">\n<div class=\"pl_i2c\">\n<div class=\"pl_i2c\">\n<div class=\"pl_i2c\">\n<div class=\"pl_i2c\">\n<div class=\"pl_i2c\">\n<div class=\"pl_i2c\">\n<div class=\"pl_i2c\">\n<div class=\"pl_i2c\">\n<div class=\"pl_i2c\">\n<div class=\"pl_i2c\">\n<div class=\"pl_i2c\">\n<div class=\"pl_i2c\">\n<div class=\"pl_i2c\">\n<div class=\"pl_i2c\">\n<div class=\"pl_i2c\">\n<p>Con una l\u00ednea de procesamiento de flores adaptada a sus necesidades, acelera y organiza el procesamiento de flores en ramos o bouquets uniformes en su empresa.<\/p>\n<\/div>\n<\/div>\n<\/div>\n<\/div>\n<\/div>\n<\/div>\n<\/div>\n<\/div>\n<\/div>\n<\/div>\n<\/div>\n<\/div>\n<\/div>\n<\/div>\n<\/div>\n<\/div>\n<\/div>\n<\/div>\n<\/div>\n<\/div>\n<\/div>\n<\/div>\n<\/div>\n<\/div>\n<\/div>\n<\/div>\n","protected":false},"featured_media":3530,"comment_status":"open","ping_status":"closed","template":"","meta":{"_uag_custom_page_level_css":""},"product_brand":[],"product_cat":[58],"product_tag":[],"class_list":{"0":"post-3527","1":"product","2":"type-product","3":"status-publish","4":"has-post-thumbnail","6":"product_cat-bandas-transportadoras","8":"first","9":"instock","10":"shipping-taxable","11":"product-type-simple"},"yoast_head":"<!-- This site is optimized with the Yoast SEO plugin v25.2 - https:\/\/yoast.com\/wordpress\/plugins\/seo\/ -->\n<title>L\u00ednea de procesamiento de flores - Ji-proequip<\/title>\n<meta name=\"robots\" content=\"index, follow, max-snippet:-1, max-image-preview:large, max-video-preview:-1\" \/>\n<link rel=\"canonical\" href=\"https:\/\/www.jiproequip.com\/index.php\/producto\/linea-procesado-flores\/\" \/>\n<meta property=\"og:locale\" content=\"es_ES\" \/>\n<meta property=\"og:type\" content=\"article\" \/>\n<meta property=\"og:title\" content=\"L\u00ednea de procesamiento de flores - Ji-proequip\" \/>\n<meta property=\"og:description\" content=\"Con una l\u00ednea de procesamiento de flores adaptada a sus necesidades, acelera y organiza el procesamiento de flores en ramos o bouquets uniformes en su empresa.\" \/>\n<meta property=\"og:url\" content=\"https:\/\/www.jiproequip.com\/index.php\/producto\/linea-procesado-flores\/\" \/>\n<meta property=\"og:site_name\" content=\"Ji-proequip\" \/>\n<meta property=\"article:modified_time\" content=\"2023-10-24T03:34:30+00:00\" \/>\n<meta property=\"og:image\" content=\"https:\/\/www.jiproequip.com\/wp-content\/uploads\/2023\/10\/linea_produccion_flores_columbec_01_B.png\" \/>\n\t<meta property=\"og:image:width\" content=\"600\" \/>\n\t<meta property=\"og:image:height\" content=\"600\" \/>\n\t<meta property=\"og:image:type\" content=\"image\/png\" \/>\n<meta name=\"twitter:card\" content=\"summary_large_image\" \/>\n<meta name=\"twitter:label1\" content=\"Tiempo de lectura\" \/>\n\t<meta name=\"twitter:data1\" content=\"2 minutos\" \/>\n<script type=\"application\/ld+json\" class=\"yoast-schema-graph\">{\"@context\":\"https:\/\/schema.org\",\"@graph\":[{\"@type\":\"WebPage\",\"@id\":\"https:\/\/www.jiproequip.com\/index.php\/producto\/linea-procesado-flores\/\",\"url\":\"https:\/\/www.jiproequip.com\/index.php\/producto\/linea-procesado-flores\/\",\"name\":\"L\u00ednea de procesamiento de flores - Ji-proequip\",\"isPartOf\":{\"@id\":\"https:\/\/www.jiproequip.com\/#website\"},\"primaryImageOfPage\":{\"@id\":\"https:\/\/www.jiproequip.com\/index.php\/producto\/linea-procesado-flores\/#primaryimage\"},\"image\":{\"@id\":\"https:\/\/www.jiproequip.com\/index.php\/producto\/linea-procesado-flores\/#primaryimage\"},\"thumbnailUrl\":\"https:\/\/www.jiproequip.com\/wp-content\/uploads\/2023\/10\/linea_produccion_flores_columbec_01_B.png\",\"datePublished\":\"2023-10-24T03:25:17+00:00\",\"dateModified\":\"2023-10-24T03:34:30+00:00\",\"breadcrumb\":{\"@id\":\"https:\/\/www.jiproequip.com\/index.php\/producto\/linea-procesado-flores\/#breadcrumb\"},\"inLanguage\":\"es\",\"potentialAction\":[{\"@type\":\"ReadAction\",\"target\":[\"https:\/\/www.jiproequip.com\/index.php\/producto\/linea-procesado-flores\/\"]}]},{\"@type\":\"ImageObject\",\"inLanguage\":\"es\",\"@id\":\"https:\/\/www.jiproequip.com\/index.php\/producto\/linea-procesado-flores\/#primaryimage\",\"url\":\"https:\/\/www.jiproequip.com\/wp-content\/uploads\/2023\/10\/linea_produccion_flores_columbec_01_B.png\",\"contentUrl\":\"https:\/\/www.jiproequip.com\/wp-content\/uploads\/2023\/10\/linea_produccion_flores_columbec_01_B.png\",\"width\":600,\"height\":600},{\"@type\":\"BreadcrumbList\",\"@id\":\"https:\/\/www.jiproequip.com\/index.php\/producto\/linea-procesado-flores\/#breadcrumb\",\"itemListElement\":[{\"@type\":\"ListItem\",\"position\":1,\"name\":\"Home\",\"item\":\"https:\/\/www.jiproequip.com\/\"},{\"@type\":\"ListItem\",\"position\":2,\"name\":\"Tienda\",\"item\":\"https:\/\/www.jiproequip.com\/index.php\/tienda\/\"},{\"@type\":\"ListItem\",\"position\":3,\"name\":\"L\u00ednea de procesamiento de flores\"}]},{\"@type\":\"WebSite\",\"@id\":\"https:\/\/www.jiproequip.com\/#website\",\"url\":\"https:\/\/www.jiproequip.com\/\",\"name\":\"Ji-proequip\",\"description\":\"Venta de equipos industriales con servicio t\u00e9cnico especializado\",\"publisher\":{\"@id\":\"https:\/\/www.jiproequip.com\/#organization\"},\"potentialAction\":[{\"@type\":\"SearchAction\",\"target\":{\"@type\":\"EntryPoint\",\"urlTemplate\":\"https:\/\/www.jiproequip.com\/?s={search_term_string}\"},\"query-input\":{\"@type\":\"PropertyValueSpecification\",\"valueRequired\":true,\"valueName\":\"search_term_string\"}}],\"inLanguage\":\"es\"},{\"@type\":\"Organization\",\"@id\":\"https:\/\/www.jiproequip.com\/#organization\",\"name\":\"Ji-proequip\",\"url\":\"https:\/\/www.jiproequip.com\/\",\"logo\":{\"@type\":\"ImageObject\",\"inLanguage\":\"es\",\"@id\":\"https:\/\/www.jiproequip.com\/#\/schema\/logo\/image\/\",\"url\":\"https:\/\/www.jiproequip.com\/wp-content\/uploads\/2025\/06\/LOGO-JIproequip-2025.png\",\"contentUrl\":\"https:\/\/www.jiproequip.com\/wp-content\/uploads\/2025\/06\/LOGO-JIproequip-2025.png\",\"width\":2433,\"height\":596,\"caption\":\"Ji-proequip\"},\"image\":{\"@id\":\"https:\/\/www.jiproequip.com\/#\/schema\/logo\/image\/\"}}]}<\/script>\n<!-- \/ Yoast SEO plugin. -->","yoast_head_json":{"title":"L\u00ednea de procesamiento de flores - Ji-proequip","robots":{"index":"index","follow":"follow","max-snippet":"max-snippet:-1","max-image-preview":"max-image-preview:large","max-video-preview":"max-video-preview:-1"},"canonical":"https:\/\/www.jiproequip.com\/index.php\/producto\/linea-procesado-flores\/","og_locale":"es_ES","og_type":"article","og_title":"L\u00ednea de procesamiento de flores - Ji-proequip","og_description":"Con una l\u00ednea de procesamiento de flores adaptada a sus necesidades, acelera y organiza el procesamiento de flores en ramos o bouquets uniformes en su empresa.","og_url":"https:\/\/www.jiproequip.com\/index.php\/producto\/linea-procesado-flores\/","og_site_name":"Ji-proequip","article_modified_time":"2023-10-24T03:34:30+00:00","og_image":[{"width":600,"height":600,"url":"https:\/\/www.jiproequip.com\/wp-content\/uploads\/2023\/10\/linea_produccion_flores_columbec_01_B.png","type":"image\/png"}],"twitter_card":"summary_large_image","twitter_misc":{"Tiempo de lectura":"2 minutos"},"schema":{"@context":"https:\/\/schema.org","@graph":[{"@type":"WebPage","@id":"https:\/\/www.jiproequip.com\/index.php\/producto\/linea-procesado-flores\/","url":"https:\/\/www.jiproequip.com\/index.php\/producto\/linea-procesado-flores\/","name":"L\u00ednea de procesamiento de flores - Ji-proequip","isPartOf":{"@id":"https:\/\/www.jiproequip.com\/#website"},"primaryImageOfPage":{"@id":"https:\/\/www.jiproequip.com\/index.php\/producto\/linea-procesado-flores\/#primaryimage"},"image":{"@id":"https:\/\/www.jiproequip.com\/index.php\/producto\/linea-procesado-flores\/#primaryimage"},"thumbnailUrl":"https:\/\/www.jiproequip.com\/wp-content\/uploads\/2023\/10\/linea_produccion_flores_columbec_01_B.png","datePublished":"2023-10-24T03:25:17+00:00","dateModified":"2023-10-24T03:34:30+00:00","breadcrumb":{"@id":"https:\/\/www.jiproequip.com\/index.php\/producto\/linea-procesado-flores\/#breadcrumb"},"inLanguage":"es","potentialAction":[{"@type":"ReadAction","target":["https:\/\/www.jiproequip.com\/index.php\/producto\/linea-procesado-flores\/"]}]},{"@type":"ImageObject","inLanguage":"es","@id":"https:\/\/www.jiproequip.com\/index.php\/producto\/linea-procesado-flores\/#primaryimage","url":"https:\/\/www.jiproequip.com\/wp-content\/uploads\/2023\/10\/linea_produccion_flores_columbec_01_B.png","contentUrl":"https:\/\/www.jiproequip.com\/wp-content\/uploads\/2023\/10\/linea_produccion_flores_columbec_01_B.png","width":600,"height":600},{"@type":"BreadcrumbList","@id":"https:\/\/www.jiproequip.com\/index.php\/producto\/linea-procesado-flores\/#breadcrumb","itemListElement":[{"@type":"ListItem","position":1,"name":"Home","item":"https:\/\/www.jiproequip.com\/"},{"@type":"ListItem","position":2,"name":"Tienda","item":"https:\/\/www.jiproequip.com\/index.php\/tienda\/"},{"@type":"ListItem","position":3,"name":"L\u00ednea de procesamiento de flores"}]},{"@type":"WebSite","@id":"https:\/\/www.jiproequip.com\/#website","url":"https:\/\/www.jiproequip.com\/","name":"Ji-proequip","description":"Venta de equipos industriales con servicio t\u00e9cnico especializado","publisher":{"@id":"https:\/\/www.jiproequip.com\/#organization"},"potentialAction":[{"@type":"SearchAction","target":{"@type":"EntryPoint","urlTemplate":"https:\/\/www.jiproequip.com\/?s={search_term_string}"},"query-input":{"@type":"PropertyValueSpecification","valueRequired":true,"valueName":"search_term_string"}}],"inLanguage":"es"},{"@type":"Organization","@id":"https:\/\/www.jiproequip.com\/#organization","name":"Ji-proequip","url":"https:\/\/www.jiproequip.com\/","logo":{"@type":"ImageObject","inLanguage":"es","@id":"https:\/\/www.jiproequip.com\/#\/schema\/logo\/image\/","url":"https:\/\/www.jiproequip.com\/wp-content\/uploads\/2025\/06\/LOGO-JIproequip-2025.png","contentUrl":"https:\/\/www.jiproequip.com\/wp-content\/uploads\/2025\/06\/LOGO-JIproequip-2025.png","width":2433,"height":596,"caption":"Ji-proequip"},"image":{"@id":"https:\/\/www.jiproequip.com\/#\/schema\/logo\/image\/"}}]}},"uagb_featured_image_src":{"full":["https:\/\/www.jiproequip.com\/wp-content\/uploads\/2023\/10\/linea_produccion_flores_columbec_01_B.png",600,600,false],"thumbnail":["https:\/\/www.jiproequip.com\/wp-content\/uploads\/2023\/10\/linea_produccion_flores_columbec_01_B.png",150,150,false],"medium":["https:\/\/www.jiproequip.com\/wp-content\/uploads\/2023\/10\/linea_produccion_flores_columbec_01_B.png",300,300,false],"medium_large":["https:\/\/www.jiproequip.com\/wp-content\/uploads\/2023\/10\/linea_produccion_flores_columbec_01_B.png",600,600,false],"large":["https:\/\/www.jiproequip.com\/wp-content\/uploads\/2023\/10\/linea_produccion_flores_columbec_01_B.png",600,600,false],"1536x1536":["https:\/\/www.jiproequip.com\/wp-content\/uploads\/2023\/10\/linea_produccion_flores_columbec_01_B.png",600,600,false],"2048x2048":["https:\/\/www.jiproequip.com\/wp-content\/uploads\/2023\/10\/linea_produccion_flores_columbec_01_B.png",600,600,false],"mailpoet_newsletter_max":["https:\/\/www.jiproequip.com\/wp-content\/uploads\/2023\/10\/linea_produccion_flores_columbec_01_B.png",600,600,false],"woocommerce_thumbnail":["https:\/\/www.jiproequip.com\/wp-content\/uploads\/2023\/10\/linea_produccion_flores_columbec_01_B.png",300,300,false],"woocommerce_single":["https:\/\/www.jiproequip.com\/wp-content\/uploads\/2023\/10\/linea_produccion_flores_columbec_01_B.png",600,600,false],"woocommerce_gallery_thumbnail":["https:\/\/www.jiproequip.com\/wp-content\/uploads\/2023\/10\/linea_produccion_flores_columbec_01_B.png",100,100,false]},"uagb_author_info":{"display_name":"admin_jiproeq","author_link":"https:\/\/www.jiproequip.com\/index.php\/author\/"},"uagb_comment_info":0,"uagb_excerpt":"Con una l\u00ednea de procesamiento de flores adaptada a sus necesidades, acelera y organiza el procesamiento de flores en ramos o bouquets uniformes en su empresa.","jetpack_sharing_enabled":true,"_links":{"self":[{"href":"https:\/\/www.jiproequip.com\/index.php\/wp-json\/wp\/v2\/product\/3527","targetHints":{"allow":["GET"]}}],"collection":[{"href":"https:\/\/www.jiproequip.com\/index.php\/wp-json\/wp\/v2\/product"}],"about":[{"href":"https:\/\/www.jiproequip.com\/index.php\/wp-json\/wp\/v2\/types\/product"}],"replies":[{"embeddable":true,"href":"https:\/\/www.jiproequip.com\/index.php\/wp-json\/wp\/v2\/comments?post=3527"}],"wp:featuredmedia":[{"embeddable":true,"href":"https:\/\/www.jiproequip.com\/index.php\/wp-json\/wp\/v2\/media\/3530"}],"wp:attachment":[{"href":"https:\/\/www.jiproequip.com\/index.php\/wp-json\/wp\/v2\/media?parent=3527"}],"wp:term":[{"taxonomy":"product_brand","embeddable":true,"href":"https:\/\/www.jiproequip.com\/index.php\/wp-json\/wp\/v2\/product_brand?post=3527"},{"taxonomy":"product_cat","embeddable":true,"href":"https:\/\/www.jiproequip.com\/index.php\/wp-json\/wp\/v2\/product_cat?post=3527"},{"taxonomy":"product_tag","embeddable":true,"href":"https:\/\/www.jiproequip.com\/index.php\/wp-json\/wp\/v2\/product_tag?post=3527"}],"curies":[{"name":"wp","href":"https:\/\/api.w.org\/{rel}","templated":true}]}}