{"id":3584,"date":"2023-10-24T22:12:58","date_gmt":"2023-10-25T03:12:58","guid":{"rendered":"https:\/\/www.jiproequip.com\/?post_type=product&#038;p=3584"},"modified":"2023-10-24T22:20:24","modified_gmt":"2023-10-25T03:20:24","slug":"deshojadora-ramos-pequenos","status":"publish","type":"product","link":"https:\/\/www.jiproequip.com\/index.php\/producto\/deshojadora-ramos-pequenos\/","title":{"rendered":"Separadora peque\u00f1a"},"content":{"rendered":"<div class=\"arprH0\">\n<div class=\"arprH0\">\n<div class=\"pl_i2c\">\n<p>Deshojadoras ideales para ramos de flores ligeros y de peso mediano.<\/p>\n<div class=\"arprH0\">\n<p>Dos opciones de m\u00e1quinas de deshoje disponibles una tiene un lado de deshoje con dos cepillos, otra opci\u00f3n tiene dos lados de deshoje. Para ambas deshojadoras hay cepillos en varios grados de rigidez; para conseguir siempre un excelente resultado de deshoje con el cepillo que mejor se adapte a las flores que usted procesa.<\/p>\n<ul>Ventajas:<\/p>\n<li>Adecuadas para el deshoje de ramos ligeros y de peso mediano.<\/li>\n<li>Excelente resultado de deshoje manteniendo la calidad del tallo.<\/li>\n<li>Cepillos para cada tipo de flor.<\/li>\n<\/ul>\n<p>Deshoje y desespine de ramos peque\u00f1os y medianos, hasta unos 15 a 20 tallos por ramo, dependiendo del tipo de flor. Su elecci\u00f3n de m\u00e1quina depender\u00e1 de sus requisitos de procesamiento. El dise\u00f1o puede ser para trabajar en simult\u00e1neo con cepillos de diferente rigidez o con un solo tipo, todo lo determina la necesidad de su empresa.<\/p>\n<p>Dependiendo del tipo de flores que procesa, elije los cepillos correspondientes. Hay cepillos en diferentes grados de rigidez. Cuanto m\u00e1s firme es el tallo, m\u00e1s r\u00edgido es el cepillo que debe elegir. Con mucho gusto le aconsejaremos sobre las diversas opciones. El deshoje mec\u00e1nico asegura un resultado r\u00e1pido y consistente. Cada juego de cepillos tiene 4 peines. Los cepillos giran en sentido opuesto y \u2018limpian\u2019 as\u00ed los tallos. Ambas m\u00e1quinas han demostrado que son s\u00f3lidas, robustas y duraderas durante muchos a\u00f1os. Los cepillos son f\u00e1ciles de cambiar o sustituir y la m\u00e1quina requiere poco mantenimiento. Las deshojadoras se pueden colocar sobre una mesa de trabajo y ampliar con un bastidor, una bolsa colectora y ruedas giratorias para convertirla en una deshojadora m\u00f3vil.<\/p>\n<\/div>\n<\/div>\n<\/div>\n<\/div>\n<p>&nbsp;<\/p>\n<div class=\"arprH0\">\n<p>&nbsp;<\/p>\n<\/div>\n","protected":false},"excerpt":{"rendered":"<p>Deshojadoras ideales para ramos de flores ligeros y de peso mediano. Dos opciones de m\u00e1quinas de deshoje disponibles una tiene un lado de deshoje con dos cepillos, otra opci\u00f3n tiene dos lados de deshoje. Para ambas deshojadoras hay cepillos en varios grados de rigidez; para conseguir siempre un excelente resultado de deshoje con el cepillo [&hellip;]<\/p>\n","protected":false},"featured_media":3590,"comment_status":"open","ping_status":"closed","template":"","meta":{"_uag_custom_page_level_css":""},"product_brand":[],"product_cat":[20],"product_tag":[],"class_list":{"0":"post-3584","1":"product","2":"type-product","3":"status-publish","4":"has-post-thumbnail","6":"product_cat-sin-categorizar","8":"first","9":"instock","10":"shipping-taxable","11":"product-type-simple"},"yoast_head":"<!-- This site is optimized with the Yoast SEO plugin v25.2 - https:\/\/yoast.com\/wordpress\/plugins\/seo\/ -->\n<title>Separadora peque\u00f1a - Ji-proequip<\/title>\n<meta name=\"robots\" content=\"index, follow, max-snippet:-1, max-image-preview:large, max-video-preview:-1\" \/>\n<link rel=\"canonical\" href=\"https:\/\/www.jiproequip.com\/index.php\/producto\/deshojadora-ramos-pequenos\/\" \/>\n<meta property=\"og:locale\" content=\"es_ES\" \/>\n<meta property=\"og:type\" content=\"article\" \/>\n<meta property=\"og:title\" content=\"Separadora peque\u00f1a - Ji-proequip\" \/>\n<meta property=\"og:description\" content=\"Deshojadoras ideales para ramos de flores ligeros y de peso mediano. Dos opciones de m\u00e1quinas de deshoje disponibles una tiene un lado de deshoje con dos cepillos, otra opci\u00f3n tiene dos lados de deshoje. Para ambas deshojadoras hay cepillos en varios grados de rigidez; para conseguir siempre un excelente resultado de deshoje con el cepillo [&hellip;]\" \/>\n<meta property=\"og:url\" content=\"https:\/\/www.jiproequip.com\/index.php\/producto\/deshojadora-ramos-pequenos\/\" \/>\n<meta property=\"og:site_name\" content=\"Ji-proequip\" \/>\n<meta property=\"article:modified_time\" content=\"2023-10-25T03:20:24+00:00\" \/>\n<meta property=\"og:image\" content=\"https:\/\/www.jiproequip.com\/wp-content\/uploads\/2023\/10\/deshojadoras_peque_Columbec_02_B.png\" \/>\n\t<meta property=\"og:image:width\" content=\"600\" \/>\n\t<meta property=\"og:image:height\" content=\"600\" \/>\n\t<meta property=\"og:image:type\" content=\"image\/png\" \/>\n<meta name=\"twitter:card\" content=\"summary_large_image\" \/>\n<meta name=\"twitter:label1\" content=\"Tiempo de lectura\" \/>\n\t<meta name=\"twitter:data1\" content=\"2 minutos\" \/>\n<script type=\"application\/ld+json\" class=\"yoast-schema-graph\">{\"@context\":\"https:\/\/schema.org\",\"@graph\":[{\"@type\":\"WebPage\",\"@id\":\"https:\/\/www.jiproequip.com\/index.php\/producto\/deshojadora-ramos-pequenos\/\",\"url\":\"https:\/\/www.jiproequip.com\/index.php\/producto\/deshojadora-ramos-pequenos\/\",\"name\":\"Separadora peque\u00f1a - Ji-proequip\",\"isPartOf\":{\"@id\":\"https:\/\/www.jiproequip.com\/#website\"},\"primaryImageOfPage\":{\"@id\":\"https:\/\/www.jiproequip.com\/index.php\/producto\/deshojadora-ramos-pequenos\/#primaryimage\"},\"image\":{\"@id\":\"https:\/\/www.jiproequip.com\/index.php\/producto\/deshojadora-ramos-pequenos\/#primaryimage\"},\"thumbnailUrl\":\"https:\/\/www.jiproequip.com\/wp-content\/uploads\/2023\/10\/deshojadoras_peque_Columbec_02_B.png\",\"datePublished\":\"2023-10-25T03:12:58+00:00\",\"dateModified\":\"2023-10-25T03:20:24+00:00\",\"breadcrumb\":{\"@id\":\"https:\/\/www.jiproequip.com\/index.php\/producto\/deshojadora-ramos-pequenos\/#breadcrumb\"},\"inLanguage\":\"es\",\"potentialAction\":[{\"@type\":\"ReadAction\",\"target\":[\"https:\/\/www.jiproequip.com\/index.php\/producto\/deshojadora-ramos-pequenos\/\"]}]},{\"@type\":\"ImageObject\",\"inLanguage\":\"es\",\"@id\":\"https:\/\/www.jiproequip.com\/index.php\/producto\/deshojadora-ramos-pequenos\/#primaryimage\",\"url\":\"https:\/\/www.jiproequip.com\/wp-content\/uploads\/2023\/10\/deshojadoras_peque_Columbec_02_B.png\",\"contentUrl\":\"https:\/\/www.jiproequip.com\/wp-content\/uploads\/2023\/10\/deshojadoras_peque_Columbec_02_B.png\",\"width\":600,\"height\":600},{\"@type\":\"BreadcrumbList\",\"@id\":\"https:\/\/www.jiproequip.com\/index.php\/producto\/deshojadora-ramos-pequenos\/#breadcrumb\",\"itemListElement\":[{\"@type\":\"ListItem\",\"position\":1,\"name\":\"Home\",\"item\":\"https:\/\/www.jiproequip.com\/\"},{\"@type\":\"ListItem\",\"position\":2,\"name\":\"Tienda\",\"item\":\"https:\/\/www.jiproequip.com\/index.php\/tienda\/\"},{\"@type\":\"ListItem\",\"position\":3,\"name\":\"Separadora peque\u00f1a\"}]},{\"@type\":\"WebSite\",\"@id\":\"https:\/\/www.jiproequip.com\/#website\",\"url\":\"https:\/\/www.jiproequip.com\/\",\"name\":\"Ji-proequip\",\"description\":\"Venta de equipos industriales con servicio t\u00e9cnico especializado\",\"publisher\":{\"@id\":\"https:\/\/www.jiproequip.com\/#organization\"},\"potentialAction\":[{\"@type\":\"SearchAction\",\"target\":{\"@type\":\"EntryPoint\",\"urlTemplate\":\"https:\/\/www.jiproequip.com\/?s={search_term_string}\"},\"query-input\":{\"@type\":\"PropertyValueSpecification\",\"valueRequired\":true,\"valueName\":\"search_term_string\"}}],\"inLanguage\":\"es\"},{\"@type\":\"Organization\",\"@id\":\"https:\/\/www.jiproequip.com\/#organization\",\"name\":\"Ji-proequip\",\"url\":\"https:\/\/www.jiproequip.com\/\",\"logo\":{\"@type\":\"ImageObject\",\"inLanguage\":\"es\",\"@id\":\"https:\/\/www.jiproequip.com\/#\/schema\/logo\/image\/\",\"url\":\"https:\/\/www.jiproequip.com\/wp-content\/uploads\/2025\/06\/LOGO-JIproequip-2025.png\",\"contentUrl\":\"https:\/\/www.jiproequip.com\/wp-content\/uploads\/2025\/06\/LOGO-JIproequip-2025.png\",\"width\":2433,\"height\":596,\"caption\":\"Ji-proequip\"},\"image\":{\"@id\":\"https:\/\/www.jiproequip.com\/#\/schema\/logo\/image\/\"}}]}<\/script>\n<!-- \/ Yoast SEO plugin. -->","yoast_head_json":{"title":"Separadora peque\u00f1a - Ji-proequip","robots":{"index":"index","follow":"follow","max-snippet":"max-snippet:-1","max-image-preview":"max-image-preview:large","max-video-preview":"max-video-preview:-1"},"canonical":"https:\/\/www.jiproequip.com\/index.php\/producto\/deshojadora-ramos-pequenos\/","og_locale":"es_ES","og_type":"article","og_title":"Separadora peque\u00f1a - Ji-proequip","og_description":"Deshojadoras ideales para ramos de flores ligeros y de peso mediano. Dos opciones de m\u00e1quinas de deshoje disponibles una tiene un lado de deshoje con dos cepillos, otra opci\u00f3n tiene dos lados de deshoje. Para ambas deshojadoras hay cepillos en varios grados de rigidez; para conseguir siempre un excelente resultado de deshoje con el cepillo [&hellip;]","og_url":"https:\/\/www.jiproequip.com\/index.php\/producto\/deshojadora-ramos-pequenos\/","og_site_name":"Ji-proequip","article_modified_time":"2023-10-25T03:20:24+00:00","og_image":[{"width":600,"height":600,"url":"https:\/\/www.jiproequip.com\/wp-content\/uploads\/2023\/10\/deshojadoras_peque_Columbec_02_B.png","type":"image\/png"}],"twitter_card":"summary_large_image","twitter_misc":{"Tiempo de lectura":"2 minutos"},"schema":{"@context":"https:\/\/schema.org","@graph":[{"@type":"WebPage","@id":"https:\/\/www.jiproequip.com\/index.php\/producto\/deshojadora-ramos-pequenos\/","url":"https:\/\/www.jiproequip.com\/index.php\/producto\/deshojadora-ramos-pequenos\/","name":"Separadora peque\u00f1a - Ji-proequip","isPartOf":{"@id":"https:\/\/www.jiproequip.com\/#website"},"primaryImageOfPage":{"@id":"https:\/\/www.jiproequip.com\/index.php\/producto\/deshojadora-ramos-pequenos\/#primaryimage"},"image":{"@id":"https:\/\/www.jiproequip.com\/index.php\/producto\/deshojadora-ramos-pequenos\/#primaryimage"},"thumbnailUrl":"https:\/\/www.jiproequip.com\/wp-content\/uploads\/2023\/10\/deshojadoras_peque_Columbec_02_B.png","datePublished":"2023-10-25T03:12:58+00:00","dateModified":"2023-10-25T03:20:24+00:00","breadcrumb":{"@id":"https:\/\/www.jiproequip.com\/index.php\/producto\/deshojadora-ramos-pequenos\/#breadcrumb"},"inLanguage":"es","potentialAction":[{"@type":"ReadAction","target":["https:\/\/www.jiproequip.com\/index.php\/producto\/deshojadora-ramos-pequenos\/"]}]},{"@type":"ImageObject","inLanguage":"es","@id":"https:\/\/www.jiproequip.com\/index.php\/producto\/deshojadora-ramos-pequenos\/#primaryimage","url":"https:\/\/www.jiproequip.com\/wp-content\/uploads\/2023\/10\/deshojadoras_peque_Columbec_02_B.png","contentUrl":"https:\/\/www.jiproequip.com\/wp-content\/uploads\/2023\/10\/deshojadoras_peque_Columbec_02_B.png","width":600,"height":600},{"@type":"BreadcrumbList","@id":"https:\/\/www.jiproequip.com\/index.php\/producto\/deshojadora-ramos-pequenos\/#breadcrumb","itemListElement":[{"@type":"ListItem","position":1,"name":"Home","item":"https:\/\/www.jiproequip.com\/"},{"@type":"ListItem","position":2,"name":"Tienda","item":"https:\/\/www.jiproequip.com\/index.php\/tienda\/"},{"@type":"ListItem","position":3,"name":"Separadora peque\u00f1a"}]},{"@type":"WebSite","@id":"https:\/\/www.jiproequip.com\/#website","url":"https:\/\/www.jiproequip.com\/","name":"Ji-proequip","description":"Venta de equipos industriales con servicio t\u00e9cnico especializado","publisher":{"@id":"https:\/\/www.jiproequip.com\/#organization"},"potentialAction":[{"@type":"SearchAction","target":{"@type":"EntryPoint","urlTemplate":"https:\/\/www.jiproequip.com\/?s={search_term_string}"},"query-input":{"@type":"PropertyValueSpecification","valueRequired":true,"valueName":"search_term_string"}}],"inLanguage":"es"},{"@type":"Organization","@id":"https:\/\/www.jiproequip.com\/#organization","name":"Ji-proequip","url":"https:\/\/www.jiproequip.com\/","logo":{"@type":"ImageObject","inLanguage":"es","@id":"https:\/\/www.jiproequip.com\/#\/schema\/logo\/image\/","url":"https:\/\/www.jiproequip.com\/wp-content\/uploads\/2025\/06\/LOGO-JIproequip-2025.png","contentUrl":"https:\/\/www.jiproequip.com\/wp-content\/uploads\/2025\/06\/LOGO-JIproequip-2025.png","width":2433,"height":596,"caption":"Ji-proequip"},"image":{"@id":"https:\/\/www.jiproequip.com\/#\/schema\/logo\/image\/"}}]}},"uagb_featured_image_src":{"full":["https:\/\/www.jiproequip.com\/wp-content\/uploads\/2023\/10\/deshojadoras_peque_Columbec_02_B.png",600,600,false],"thumbnail":["https:\/\/www.jiproequip.com\/wp-content\/uploads\/2023\/10\/deshojadoras_peque_Columbec_02_B.png",150,150,false],"medium":["https:\/\/www.jiproequip.com\/wp-content\/uploads\/2023\/10\/deshojadoras_peque_Columbec_02_B.png",300,300,false],"medium_large":["https:\/\/www.jiproequip.com\/wp-content\/uploads\/2023\/10\/deshojadoras_peque_Columbec_02_B.png",600,600,false],"large":["https:\/\/www.jiproequip.com\/wp-content\/uploads\/2023\/10\/deshojadoras_peque_Columbec_02_B.png",600,600,false],"1536x1536":["https:\/\/www.jiproequip.com\/wp-content\/uploads\/2023\/10\/deshojadoras_peque_Columbec_02_B.png",600,600,false],"2048x2048":["https:\/\/www.jiproequip.com\/wp-content\/uploads\/2023\/10\/deshojadoras_peque_Columbec_02_B.png",600,600,false],"mailpoet_newsletter_max":["https:\/\/www.jiproequip.com\/wp-content\/uploads\/2023\/10\/deshojadoras_peque_Columbec_02_B.png",600,600,false],"woocommerce_thumbnail":["https:\/\/www.jiproequip.com\/wp-content\/uploads\/2023\/10\/deshojadoras_peque_Columbec_02_B.png",300,300,false],"woocommerce_single":["https:\/\/www.jiproequip.com\/wp-content\/uploads\/2023\/10\/deshojadoras_peque_Columbec_02_B.png",600,600,false],"woocommerce_gallery_thumbnail":["https:\/\/www.jiproequip.com\/wp-content\/uploads\/2023\/10\/deshojadoras_peque_Columbec_02_B.png",100,100,false]},"uagb_author_info":{"display_name":"admin_jiproeq","author_link":"https:\/\/www.jiproequip.com\/index.php\/author\/"},"uagb_comment_info":0,"uagb_excerpt":"Deshojadoras ideales para ramos de flores ligeros y de peso mediano. Dos opciones de m\u00e1quinas de deshoje disponibles una tiene un lado de deshoje con dos cepillos, otra opci\u00f3n tiene dos lados de deshoje. Para ambas deshojadoras hay cepillos en varios grados de rigidez; para conseguir siempre un excelente resultado de deshoje con el cepillo&hellip;","jetpack_sharing_enabled":true,"_links":{"self":[{"href":"https:\/\/www.jiproequip.com\/index.php\/wp-json\/wp\/v2\/product\/3584","targetHints":{"allow":["GET"]}}],"collection":[{"href":"https:\/\/www.jiproequip.com\/index.php\/wp-json\/wp\/v2\/product"}],"about":[{"href":"https:\/\/www.jiproequip.com\/index.php\/wp-json\/wp\/v2\/types\/product"}],"replies":[{"embeddable":true,"href":"https:\/\/www.jiproequip.com\/index.php\/wp-json\/wp\/v2\/comments?post=3584"}],"wp:featuredmedia":[{"embeddable":true,"href":"https:\/\/www.jiproequip.com\/index.php\/wp-json\/wp\/v2\/media\/3590"}],"wp:attachment":[{"href":"https:\/\/www.jiproequip.com\/index.php\/wp-json\/wp\/v2\/media?parent=3584"}],"wp:term":[{"taxonomy":"product_brand","embeddable":true,"href":"https:\/\/www.jiproequip.com\/index.php\/wp-json\/wp\/v2\/product_brand?post=3584"},{"taxonomy":"product_cat","embeddable":true,"href":"https:\/\/www.jiproequip.com\/index.php\/wp-json\/wp\/v2\/product_cat?post=3584"},{"taxonomy":"product_tag","embeddable":true,"href":"https:\/\/www.jiproequip.com\/index.php\/wp-json\/wp\/v2\/product_tag?post=3584"}],"curies":[{"name":"wp","href":"https:\/\/api.w.org\/{rel}","templated":true}]}}