{"id":3626,"date":"2023-10-24T22:50:15","date_gmt":"2023-10-25T03:50:15","guid":{"rendered":"https:\/\/www.jiproequip.com\/?post_type=product&#038;p=3626"},"modified":"2026-03-18T11:52:26","modified_gmt":"2026-03-18T16:52:26","slug":"lavadora-automatica-gavetas","status":"publish","type":"product","link":"https:\/\/www.jiproequip.com\/index.php\/producto\/lavadora-automatica-gavetas\/","title":{"rendered":"LAVADORAS DE GAVETAS"},"content":{"rendered":"<div class=\"pl_i2c\">\n<div class=\"pl_i2c\">\n<div class=\"pl_i2c\">\n<div class=\"pl_i2c\">\n<p>Dise\u00f1ada para limpiar gavetas o cajas en un sistema similar a una l\u00ednea de producci\u00f3n el cual realiza limpieza a todas las caras, utiliza una innovadora tecnolog\u00eda asegurando rapidez en la tarea de lavado.M\u00e1quina lavadora de gavetas de acero inoxidable capaz de limpiar desde 200 hasta dos mil gavetas por hora. Ideal para s\u00faper mercados, empresas de producci\u00f3n alimenticia, producci\u00f3n de bebidas y todo tipo de industria de almacenamiento. Puede lavar gavetas de varios tipos y tama\u00f1os pues las m\u00e1quinas pueden ser personalizadas de acuerdo a sus necesidades, no existe riesgo de contaminaci\u00f3n o maltrato de las etiquetas, incluso puede incluir un sistema de secado.<\/p>\n<\/div>\n<\/div>\n<\/div>\n<\/div>\n","protected":false},"excerpt":{"rendered":"<p>Dise\u00f1ada para limpiar gavetas o cajas en un sistema similar a una l\u00ednea de producci\u00f3n el cual realiza limpieza a todas las caras, utiliza una innovadora tecnolog\u00eda asegurando rapidez en la tarea de lavado.M\u00e1quina lavadora de gavetas de acero inoxidable capaz de limpiar desde 200 hasta dos mil gavetas por hora. Ideal para s\u00faper mercados, [&hellip;]<\/p>\n","protected":false},"featured_media":3628,"comment_status":"open","ping_status":"closed","template":"","meta":{"_uag_custom_page_level_css":""},"product_brand":[],"product_cat":[62],"product_tag":[],"class_list":{"0":"post-3626","1":"product","2":"type-product","3":"status-publish","4":"has-post-thumbnail","6":"product_cat-lineas-automaticas-de-lavado","8":"first","9":"instock","10":"shipping-taxable","11":"product-type-simple"},"yoast_head":"<!-- This site is optimized with the Yoast SEO plugin v25.2 - https:\/\/yoast.com\/wordpress\/plugins\/seo\/ -->\n<title>LAVADORAS DE GAVETAS - Ji-proequip<\/title>\n<meta name=\"robots\" content=\"index, follow, max-snippet:-1, max-image-preview:large, max-video-preview:-1\" \/>\n<link rel=\"canonical\" href=\"https:\/\/www.jiproequip.com\/index.php\/producto\/lavadora-automatica-gavetas\/\" \/>\n<meta property=\"og:locale\" content=\"es_ES\" \/>\n<meta property=\"og:type\" content=\"article\" \/>\n<meta property=\"og:title\" content=\"LAVADORAS DE GAVETAS - Ji-proequip\" \/>\n<meta property=\"og:description\" content=\"Dise\u00f1ada para limpiar gavetas o cajas en un sistema similar a una l\u00ednea de producci\u00f3n el cual realiza limpieza a todas las caras, utiliza una innovadora tecnolog\u00eda asegurando rapidez en la tarea de lavado.M\u00e1quina lavadora de gavetas de acero inoxidable capaz de limpiar desde 200 hasta dos mil gavetas por hora. Ideal para s\u00faper mercados, [&hellip;]\" \/>\n<meta property=\"og:url\" content=\"https:\/\/www.jiproequip.com\/index.php\/producto\/lavadora-automatica-gavetas\/\" \/>\n<meta property=\"og:site_name\" content=\"Ji-proequip\" \/>\n<meta property=\"article:modified_time\" content=\"2026-03-18T16:52:26+00:00\" \/>\n<meta property=\"og:image\" content=\"https:\/\/www.jiproequip.com\/wp-content\/uploads\/2023\/10\/lavadora_gabetas_B.png\" \/>\n\t<meta property=\"og:image:width\" content=\"590\" \/>\n\t<meta property=\"og:image:height\" content=\"590\" \/>\n\t<meta property=\"og:image:type\" content=\"image\/png\" \/>\n<meta name=\"twitter:card\" content=\"summary_large_image\" \/>\n<meta name=\"twitter:label1\" content=\"Tiempo de lectura\" \/>\n\t<meta name=\"twitter:data1\" content=\"1 minuto\" \/>\n<script type=\"application\/ld+json\" class=\"yoast-schema-graph\">{\"@context\":\"https:\/\/schema.org\",\"@graph\":[{\"@type\":\"WebPage\",\"@id\":\"https:\/\/www.jiproequip.com\/index.php\/producto\/lavadora-automatica-gavetas\/\",\"url\":\"https:\/\/www.jiproequip.com\/index.php\/producto\/lavadora-automatica-gavetas\/\",\"name\":\"LAVADORAS DE GAVETAS - Ji-proequip\",\"isPartOf\":{\"@id\":\"https:\/\/www.jiproequip.com\/#website\"},\"primaryImageOfPage\":{\"@id\":\"https:\/\/www.jiproequip.com\/index.php\/producto\/lavadora-automatica-gavetas\/#primaryimage\"},\"image\":{\"@id\":\"https:\/\/www.jiproequip.com\/index.php\/producto\/lavadora-automatica-gavetas\/#primaryimage\"},\"thumbnailUrl\":\"https:\/\/www.jiproequip.com\/wp-content\/uploads\/2023\/10\/lavadora_gabetas_B.png\",\"datePublished\":\"2023-10-25T03:50:15+00:00\",\"dateModified\":\"2026-03-18T16:52:26+00:00\",\"breadcrumb\":{\"@id\":\"https:\/\/www.jiproequip.com\/index.php\/producto\/lavadora-automatica-gavetas\/#breadcrumb\"},\"inLanguage\":\"es\",\"potentialAction\":[{\"@type\":\"ReadAction\",\"target\":[\"https:\/\/www.jiproequip.com\/index.php\/producto\/lavadora-automatica-gavetas\/\"]}]},{\"@type\":\"ImageObject\",\"inLanguage\":\"es\",\"@id\":\"https:\/\/www.jiproequip.com\/index.php\/producto\/lavadora-automatica-gavetas\/#primaryimage\",\"url\":\"https:\/\/www.jiproequip.com\/wp-content\/uploads\/2023\/10\/lavadora_gabetas_B.png\",\"contentUrl\":\"https:\/\/www.jiproequip.com\/wp-content\/uploads\/2023\/10\/lavadora_gabetas_B.png\",\"width\":590,\"height\":590},{\"@type\":\"BreadcrumbList\",\"@id\":\"https:\/\/www.jiproequip.com\/index.php\/producto\/lavadora-automatica-gavetas\/#breadcrumb\",\"itemListElement\":[{\"@type\":\"ListItem\",\"position\":1,\"name\":\"Home\",\"item\":\"https:\/\/www.jiproequip.com\/\"},{\"@type\":\"ListItem\",\"position\":2,\"name\":\"Tienda\",\"item\":\"https:\/\/www.jiproequip.com\/index.php\/tienda\/\"},{\"@type\":\"ListItem\",\"position\":3,\"name\":\"LAVADORAS DE GAVETAS\"}]},{\"@type\":\"WebSite\",\"@id\":\"https:\/\/www.jiproequip.com\/#website\",\"url\":\"https:\/\/www.jiproequip.com\/\",\"name\":\"Ji-proequip\",\"description\":\"Venta de equipos industriales con servicio t\u00e9cnico especializado\",\"publisher\":{\"@id\":\"https:\/\/www.jiproequip.com\/#organization\"},\"potentialAction\":[{\"@type\":\"SearchAction\",\"target\":{\"@type\":\"EntryPoint\",\"urlTemplate\":\"https:\/\/www.jiproequip.com\/?s={search_term_string}\"},\"query-input\":{\"@type\":\"PropertyValueSpecification\",\"valueRequired\":true,\"valueName\":\"search_term_string\"}}],\"inLanguage\":\"es\"},{\"@type\":\"Organization\",\"@id\":\"https:\/\/www.jiproequip.com\/#organization\",\"name\":\"Ji-proequip\",\"url\":\"https:\/\/www.jiproequip.com\/\",\"logo\":{\"@type\":\"ImageObject\",\"inLanguage\":\"es\",\"@id\":\"https:\/\/www.jiproequip.com\/#\/schema\/logo\/image\/\",\"url\":\"https:\/\/www.jiproequip.com\/wp-content\/uploads\/2025\/06\/LOGO-JIproequip-2025.png\",\"contentUrl\":\"https:\/\/www.jiproequip.com\/wp-content\/uploads\/2025\/06\/LOGO-JIproequip-2025.png\",\"width\":2433,\"height\":596,\"caption\":\"Ji-proequip\"},\"image\":{\"@id\":\"https:\/\/www.jiproequip.com\/#\/schema\/logo\/image\/\"}}]}<\/script>\n<!-- \/ Yoast SEO plugin. -->","yoast_head_json":{"title":"LAVADORAS DE GAVETAS - Ji-proequip","robots":{"index":"index","follow":"follow","max-snippet":"max-snippet:-1","max-image-preview":"max-image-preview:large","max-video-preview":"max-video-preview:-1"},"canonical":"https:\/\/www.jiproequip.com\/index.php\/producto\/lavadora-automatica-gavetas\/","og_locale":"es_ES","og_type":"article","og_title":"LAVADORAS DE GAVETAS - Ji-proequip","og_description":"Dise\u00f1ada para limpiar gavetas o cajas en un sistema similar a una l\u00ednea de producci\u00f3n el cual realiza limpieza a todas las caras, utiliza una innovadora tecnolog\u00eda asegurando rapidez en la tarea de lavado.M\u00e1quina lavadora de gavetas de acero inoxidable capaz de limpiar desde 200 hasta dos mil gavetas por hora. Ideal para s\u00faper mercados, [&hellip;]","og_url":"https:\/\/www.jiproequip.com\/index.php\/producto\/lavadora-automatica-gavetas\/","og_site_name":"Ji-proequip","article_modified_time":"2026-03-18T16:52:26+00:00","og_image":[{"width":590,"height":590,"url":"https:\/\/www.jiproequip.com\/wp-content\/uploads\/2023\/10\/lavadora_gabetas_B.png","type":"image\/png"}],"twitter_card":"summary_large_image","twitter_misc":{"Tiempo de lectura":"1 minuto"},"schema":{"@context":"https:\/\/schema.org","@graph":[{"@type":"WebPage","@id":"https:\/\/www.jiproequip.com\/index.php\/producto\/lavadora-automatica-gavetas\/","url":"https:\/\/www.jiproequip.com\/index.php\/producto\/lavadora-automatica-gavetas\/","name":"LAVADORAS DE GAVETAS - Ji-proequip","isPartOf":{"@id":"https:\/\/www.jiproequip.com\/#website"},"primaryImageOfPage":{"@id":"https:\/\/www.jiproequip.com\/index.php\/producto\/lavadora-automatica-gavetas\/#primaryimage"},"image":{"@id":"https:\/\/www.jiproequip.com\/index.php\/producto\/lavadora-automatica-gavetas\/#primaryimage"},"thumbnailUrl":"https:\/\/www.jiproequip.com\/wp-content\/uploads\/2023\/10\/lavadora_gabetas_B.png","datePublished":"2023-10-25T03:50:15+00:00","dateModified":"2026-03-18T16:52:26+00:00","breadcrumb":{"@id":"https:\/\/www.jiproequip.com\/index.php\/producto\/lavadora-automatica-gavetas\/#breadcrumb"},"inLanguage":"es","potentialAction":[{"@type":"ReadAction","target":["https:\/\/www.jiproequip.com\/index.php\/producto\/lavadora-automatica-gavetas\/"]}]},{"@type":"ImageObject","inLanguage":"es","@id":"https:\/\/www.jiproequip.com\/index.php\/producto\/lavadora-automatica-gavetas\/#primaryimage","url":"https:\/\/www.jiproequip.com\/wp-content\/uploads\/2023\/10\/lavadora_gabetas_B.png","contentUrl":"https:\/\/www.jiproequip.com\/wp-content\/uploads\/2023\/10\/lavadora_gabetas_B.png","width":590,"height":590},{"@type":"BreadcrumbList","@id":"https:\/\/www.jiproequip.com\/index.php\/producto\/lavadora-automatica-gavetas\/#breadcrumb","itemListElement":[{"@type":"ListItem","position":1,"name":"Home","item":"https:\/\/www.jiproequip.com\/"},{"@type":"ListItem","position":2,"name":"Tienda","item":"https:\/\/www.jiproequip.com\/index.php\/tienda\/"},{"@type":"ListItem","position":3,"name":"LAVADORAS DE GAVETAS"}]},{"@type":"WebSite","@id":"https:\/\/www.jiproequip.com\/#website","url":"https:\/\/www.jiproequip.com\/","name":"Ji-proequip","description":"Venta de equipos industriales con servicio t\u00e9cnico especializado","publisher":{"@id":"https:\/\/www.jiproequip.com\/#organization"},"potentialAction":[{"@type":"SearchAction","target":{"@type":"EntryPoint","urlTemplate":"https:\/\/www.jiproequip.com\/?s={search_term_string}"},"query-input":{"@type":"PropertyValueSpecification","valueRequired":true,"valueName":"search_term_string"}}],"inLanguage":"es"},{"@type":"Organization","@id":"https:\/\/www.jiproequip.com\/#organization","name":"Ji-proequip","url":"https:\/\/www.jiproequip.com\/","logo":{"@type":"ImageObject","inLanguage":"es","@id":"https:\/\/www.jiproequip.com\/#\/schema\/logo\/image\/","url":"https:\/\/www.jiproequip.com\/wp-content\/uploads\/2025\/06\/LOGO-JIproequip-2025.png","contentUrl":"https:\/\/www.jiproequip.com\/wp-content\/uploads\/2025\/06\/LOGO-JIproequip-2025.png","width":2433,"height":596,"caption":"Ji-proequip"},"image":{"@id":"https:\/\/www.jiproequip.com\/#\/schema\/logo\/image\/"}}]}},"uagb_featured_image_src":{"full":["https:\/\/www.jiproequip.com\/wp-content\/uploads\/2023\/10\/lavadora_gabetas_B.png",590,590,false],"thumbnail":["https:\/\/www.jiproequip.com\/wp-content\/uploads\/2023\/10\/lavadora_gabetas_B.png",150,150,false],"medium":["https:\/\/www.jiproequip.com\/wp-content\/uploads\/2023\/10\/lavadora_gabetas_B.png",300,300,false],"medium_large":["https:\/\/www.jiproequip.com\/wp-content\/uploads\/2023\/10\/lavadora_gabetas_B.png",590,590,false],"large":["https:\/\/www.jiproequip.com\/wp-content\/uploads\/2023\/10\/lavadora_gabetas_B.png",590,590,false],"1536x1536":["https:\/\/www.jiproequip.com\/wp-content\/uploads\/2023\/10\/lavadora_gabetas_B.png",590,590,false],"2048x2048":["https:\/\/www.jiproequip.com\/wp-content\/uploads\/2023\/10\/lavadora_gabetas_B.png",590,590,false],"mailpoet_newsletter_max":["https:\/\/www.jiproequip.com\/wp-content\/uploads\/2023\/10\/lavadora_gabetas_B.png",590,590,false],"woocommerce_thumbnail":["https:\/\/www.jiproequip.com\/wp-content\/uploads\/2023\/10\/lavadora_gabetas_B.png",300,300,false],"woocommerce_single":["https:\/\/www.jiproequip.com\/wp-content\/uploads\/2023\/10\/lavadora_gabetas_B.png",590,590,false],"woocommerce_gallery_thumbnail":["https:\/\/www.jiproequip.com\/wp-content\/uploads\/2023\/10\/lavadora_gabetas_B.png",100,100,false]},"uagb_author_info":{"display_name":"admin_jiproeq","author_link":"https:\/\/www.jiproequip.com\/index.php\/author\/"},"uagb_comment_info":1,"uagb_excerpt":"Dise\u00f1ada para limpiar gavetas o cajas en un sistema similar a una l\u00ednea de producci\u00f3n el cual realiza limpieza a todas las caras, utiliza una innovadora tecnolog\u00eda asegurando rapidez en la tarea de lavado.M\u00e1quina lavadora de gavetas de acero inoxidable capaz de limpiar desde 200 hasta dos mil gavetas por hora. Ideal para s\u00faper mercados,&hellip;","jetpack_sharing_enabled":true,"_links":{"self":[{"href":"https:\/\/www.jiproequip.com\/index.php\/wp-json\/wp\/v2\/product\/3626","targetHints":{"allow":["GET"]}}],"collection":[{"href":"https:\/\/www.jiproequip.com\/index.php\/wp-json\/wp\/v2\/product"}],"about":[{"href":"https:\/\/www.jiproequip.com\/index.php\/wp-json\/wp\/v2\/types\/product"}],"replies":[{"embeddable":true,"href":"https:\/\/www.jiproequip.com\/index.php\/wp-json\/wp\/v2\/comments?post=3626"}],"wp:featuredmedia":[{"embeddable":true,"href":"https:\/\/www.jiproequip.com\/index.php\/wp-json\/wp\/v2\/media\/3628"}],"wp:attachment":[{"href":"https:\/\/www.jiproequip.com\/index.php\/wp-json\/wp\/v2\/media?parent=3626"}],"wp:term":[{"taxonomy":"product_brand","embeddable":true,"href":"https:\/\/www.jiproequip.com\/index.php\/wp-json\/wp\/v2\/product_brand?post=3626"},{"taxonomy":"product_cat","embeddable":true,"href":"https:\/\/www.jiproequip.com\/index.php\/wp-json\/wp\/v2\/product_cat?post=3626"},{"taxonomy":"product_tag","embeddable":true,"href":"https:\/\/www.jiproequip.com\/index.php\/wp-json\/wp\/v2\/product_tag?post=3626"}],"curies":[{"name":"wp","href":"https:\/\/api.w.org\/{rel}","templated":true}]}}