{"id":3655,"date":"2023-10-25T18:59:06","date_gmt":"2023-10-25T23:59:06","guid":{"rendered":"https:\/\/www.jiproequip.com\/?post_type=product&#038;p=3655"},"modified":"2023-10-25T19:10:08","modified_gmt":"2023-10-26T00:10:08","slug":"tela-filtrante-filtros-prensa-mineria","status":"publish","type":"product","link":"https:\/\/www.jiproequip.com\/index.php\/producto\/tela-filtrante-filtros-prensa-mineria\/","title":{"rendered":"TELA FILTRANTE"},"content":{"rendered":"<div class=\"pl_i2c\">\n<div class=\"pl_i2c\">\n<div class=\"pl_i2c\">\n<div class=\"pl_i2c\">\n<div class=\"pl_i2c\">\n<div class=\"pl_i2c\">\n<div class=\"pl_i2c\">\n<p>Tela filtrante desde fibras naturales hasta materiales sint\u00e9ticos y fieltrados, somos proveedores de un extenso inventario de materiales de tela de filtro duraderos y de alto rendimiento para satisfacer sus necesidades de filtraci\u00f3n.<\/p>\n<p>Las alternativas de fabricaci\u00f3n de la tela van desde la fibra del hilado, dise\u00f1os del hilado, patrones de tejido y las t\u00e9cnicas especiales de acabado se incorporan en el dise\u00f1o para aumentar la vida \u00fatil de la tela, mejorar las caracter\u00edsticas de liberaci\u00f3n de torta de filtro y mejorar sus operaciones de filtraci\u00f3n.<br \/>\nNuestros proveedores utilizan los \u00faltimos equipos de precisi\u00f3n y alta tecnolog\u00eda en sus operaciones de fabricaci\u00f3n de telas de filtro, para garantizar un corte superior y de alta velocidad con alta calidad se utiliza sustancialmente m\u00e1quinas de corte por l\u00e1ser de alta precisi\u00f3n.<\/p>\n<p>PATRONES DE TEJIDO<\/p>\n<ul>\n<li>Tejado liso: Las telas de tejido liso son generalmente las menos flexibles, pero son las m\u00e1s estables.<\/li>\n<li>Tejido de sarga: Las caracter\u00edsticas incluyen una resistencia promedio al cegamiento, liberaci\u00f3n promedio de la torta y buena resistencia mec\u00e1nica<\/li>\n<li>Tejido satinado: Este es el patr\u00f3n de tejido m\u00e1s flexible y se adapta muy f\u00e1cilmente alrededor de la mayor\u00eda de las superficies contorneadas.<\/li>\n<li>Tejido de cesta: El tejido de la cesta se usa normalmente para aplicaciones de tela de respaldo (soporte) y de filtraci\u00f3n b\u00e1sica.<\/li>\n<li>Tejido Leno: Se utiliza principalmente para evitar el desplazamiento de las fibras en tejidos de tejido abierto y solo para telas de respaldo (de soporte).<\/li>\n<\/ul>\n<\/div>\n<\/div>\n<\/div>\n<\/div>\n<\/div>\n<\/div>\n<\/div>\n","protected":false},"excerpt":{"rendered":"<p>Tela filtrante desde fibras naturales hasta materiales sint\u00e9ticos y fieltrados, somos proveedores de un extenso inventario de materiales de tela de filtro duraderos y de alto rendimiento para satisfacer sus necesidades de filtraci\u00f3n. Las alternativas de fabricaci\u00f3n de la tela van desde la fibra del hilado, dise\u00f1os del hilado, patrones de tejido y las t\u00e9cnicas [&hellip;]<\/p>\n","protected":false},"featured_media":3659,"comment_status":"open","ping_status":"closed","template":"","meta":{"_uag_custom_page_level_css":""},"product_brand":[],"product_cat":[63],"product_tag":[],"class_list":{"0":"post-3655","1":"product","2":"type-product","3":"status-publish","4":"has-post-thumbnail","6":"product_cat-filtros-prensa","8":"first","9":"instock","10":"shipping-taxable","11":"product-type-simple"},"yoast_head":"<!-- This site is optimized with the Yoast SEO plugin v25.2 - https:\/\/yoast.com\/wordpress\/plugins\/seo\/ -->\n<title>TELA FILTRANTE - Ji-proequip<\/title>\n<meta name=\"robots\" content=\"index, follow, max-snippet:-1, max-image-preview:large, max-video-preview:-1\" \/>\n<link rel=\"canonical\" href=\"https:\/\/www.jiproequip.com\/index.php\/producto\/tela-filtrante-filtros-prensa-mineria\/\" \/>\n<meta property=\"og:locale\" content=\"es_ES\" \/>\n<meta property=\"og:type\" content=\"article\" \/>\n<meta property=\"og:title\" content=\"TELA FILTRANTE - Ji-proequip\" \/>\n<meta property=\"og:description\" content=\"Tela filtrante desde fibras naturales hasta materiales sint\u00e9ticos y fieltrados, somos proveedores de un extenso inventario de materiales de tela de filtro duraderos y de alto rendimiento para satisfacer sus necesidades de filtraci\u00f3n. Las alternativas de fabricaci\u00f3n de la tela van desde la fibra del hilado, dise\u00f1os del hilado, patrones de tejido y las t\u00e9cnicas [&hellip;]\" \/>\n<meta property=\"og:url\" content=\"https:\/\/www.jiproequip.com\/index.php\/producto\/tela-filtrante-filtros-prensa-mineria\/\" \/>\n<meta property=\"og:site_name\" content=\"Ji-proequip\" \/>\n<meta property=\"article:modified_time\" content=\"2023-10-26T00:10:08+00:00\" \/>\n<meta property=\"og:image\" content=\"https:\/\/www.jiproequip.com\/wp-content\/uploads\/2023\/10\/Filter-Cloth_Columbec_03_B.png\" \/>\n\t<meta property=\"og:image:width\" content=\"600\" \/>\n\t<meta property=\"og:image:height\" content=\"600\" \/>\n\t<meta property=\"og:image:type\" content=\"image\/png\" \/>\n<meta name=\"twitter:card\" content=\"summary_large_image\" \/>\n<meta name=\"twitter:label1\" content=\"Tiempo de lectura\" \/>\n\t<meta name=\"twitter:data1\" content=\"2 minutos\" \/>\n<script type=\"application\/ld+json\" class=\"yoast-schema-graph\">{\"@context\":\"https:\/\/schema.org\",\"@graph\":[{\"@type\":\"WebPage\",\"@id\":\"https:\/\/www.jiproequip.com\/index.php\/producto\/tela-filtrante-filtros-prensa-mineria\/\",\"url\":\"https:\/\/www.jiproequip.com\/index.php\/producto\/tela-filtrante-filtros-prensa-mineria\/\",\"name\":\"TELA FILTRANTE - Ji-proequip\",\"isPartOf\":{\"@id\":\"https:\/\/www.jiproequip.com\/#website\"},\"primaryImageOfPage\":{\"@id\":\"https:\/\/www.jiproequip.com\/index.php\/producto\/tela-filtrante-filtros-prensa-mineria\/#primaryimage\"},\"image\":{\"@id\":\"https:\/\/www.jiproequip.com\/index.php\/producto\/tela-filtrante-filtros-prensa-mineria\/#primaryimage\"},\"thumbnailUrl\":\"https:\/\/www.jiproequip.com\/wp-content\/uploads\/2023\/10\/Filter-Cloth_Columbec_03_B.png\",\"datePublished\":\"2023-10-25T23:59:06+00:00\",\"dateModified\":\"2023-10-26T00:10:08+00:00\",\"breadcrumb\":{\"@id\":\"https:\/\/www.jiproequip.com\/index.php\/producto\/tela-filtrante-filtros-prensa-mineria\/#breadcrumb\"},\"inLanguage\":\"es\",\"potentialAction\":[{\"@type\":\"ReadAction\",\"target\":[\"https:\/\/www.jiproequip.com\/index.php\/producto\/tela-filtrante-filtros-prensa-mineria\/\"]}]},{\"@type\":\"ImageObject\",\"inLanguage\":\"es\",\"@id\":\"https:\/\/www.jiproequip.com\/index.php\/producto\/tela-filtrante-filtros-prensa-mineria\/#primaryimage\",\"url\":\"https:\/\/www.jiproequip.com\/wp-content\/uploads\/2023\/10\/Filter-Cloth_Columbec_03_B.png\",\"contentUrl\":\"https:\/\/www.jiproequip.com\/wp-content\/uploads\/2023\/10\/Filter-Cloth_Columbec_03_B.png\",\"width\":600,\"height\":600},{\"@type\":\"BreadcrumbList\",\"@id\":\"https:\/\/www.jiproequip.com\/index.php\/producto\/tela-filtrante-filtros-prensa-mineria\/#breadcrumb\",\"itemListElement\":[{\"@type\":\"ListItem\",\"position\":1,\"name\":\"Home\",\"item\":\"https:\/\/www.jiproequip.com\/\"},{\"@type\":\"ListItem\",\"position\":2,\"name\":\"Tienda\",\"item\":\"https:\/\/www.jiproequip.com\/index.php\/tienda\/\"},{\"@type\":\"ListItem\",\"position\":3,\"name\":\"TELA FILTRANTE\"}]},{\"@type\":\"WebSite\",\"@id\":\"https:\/\/www.jiproequip.com\/#website\",\"url\":\"https:\/\/www.jiproequip.com\/\",\"name\":\"Ji-proequip\",\"description\":\"Venta de equipos industriales con servicio t\u00e9cnico especializado\",\"publisher\":{\"@id\":\"https:\/\/www.jiproequip.com\/#organization\"},\"potentialAction\":[{\"@type\":\"SearchAction\",\"target\":{\"@type\":\"EntryPoint\",\"urlTemplate\":\"https:\/\/www.jiproequip.com\/?s={search_term_string}\"},\"query-input\":{\"@type\":\"PropertyValueSpecification\",\"valueRequired\":true,\"valueName\":\"search_term_string\"}}],\"inLanguage\":\"es\"},{\"@type\":\"Organization\",\"@id\":\"https:\/\/www.jiproequip.com\/#organization\",\"name\":\"Ji-proequip\",\"url\":\"https:\/\/www.jiproequip.com\/\",\"logo\":{\"@type\":\"ImageObject\",\"inLanguage\":\"es\",\"@id\":\"https:\/\/www.jiproequip.com\/#\/schema\/logo\/image\/\",\"url\":\"https:\/\/www.jiproequip.com\/wp-content\/uploads\/2025\/06\/LOGO-JIproequip-2025.png\",\"contentUrl\":\"https:\/\/www.jiproequip.com\/wp-content\/uploads\/2025\/06\/LOGO-JIproequip-2025.png\",\"width\":2433,\"height\":596,\"caption\":\"Ji-proequip\"},\"image\":{\"@id\":\"https:\/\/www.jiproequip.com\/#\/schema\/logo\/image\/\"}}]}<\/script>\n<!-- \/ Yoast SEO plugin. -->","yoast_head_json":{"title":"TELA FILTRANTE - Ji-proequip","robots":{"index":"index","follow":"follow","max-snippet":"max-snippet:-1","max-image-preview":"max-image-preview:large","max-video-preview":"max-video-preview:-1"},"canonical":"https:\/\/www.jiproequip.com\/index.php\/producto\/tela-filtrante-filtros-prensa-mineria\/","og_locale":"es_ES","og_type":"article","og_title":"TELA FILTRANTE - Ji-proequip","og_description":"Tela filtrante desde fibras naturales hasta materiales sint\u00e9ticos y fieltrados, somos proveedores de un extenso inventario de materiales de tela de filtro duraderos y de alto rendimiento para satisfacer sus necesidades de filtraci\u00f3n. Las alternativas de fabricaci\u00f3n de la tela van desde la fibra del hilado, dise\u00f1os del hilado, patrones de tejido y las t\u00e9cnicas [&hellip;]","og_url":"https:\/\/www.jiproequip.com\/index.php\/producto\/tela-filtrante-filtros-prensa-mineria\/","og_site_name":"Ji-proequip","article_modified_time":"2023-10-26T00:10:08+00:00","og_image":[{"width":600,"height":600,"url":"https:\/\/www.jiproequip.com\/wp-content\/uploads\/2023\/10\/Filter-Cloth_Columbec_03_B.png","type":"image\/png"}],"twitter_card":"summary_large_image","twitter_misc":{"Tiempo de lectura":"2 minutos"},"schema":{"@context":"https:\/\/schema.org","@graph":[{"@type":"WebPage","@id":"https:\/\/www.jiproequip.com\/index.php\/producto\/tela-filtrante-filtros-prensa-mineria\/","url":"https:\/\/www.jiproequip.com\/index.php\/producto\/tela-filtrante-filtros-prensa-mineria\/","name":"TELA FILTRANTE - Ji-proequip","isPartOf":{"@id":"https:\/\/www.jiproequip.com\/#website"},"primaryImageOfPage":{"@id":"https:\/\/www.jiproequip.com\/index.php\/producto\/tela-filtrante-filtros-prensa-mineria\/#primaryimage"},"image":{"@id":"https:\/\/www.jiproequip.com\/index.php\/producto\/tela-filtrante-filtros-prensa-mineria\/#primaryimage"},"thumbnailUrl":"https:\/\/www.jiproequip.com\/wp-content\/uploads\/2023\/10\/Filter-Cloth_Columbec_03_B.png","datePublished":"2023-10-25T23:59:06+00:00","dateModified":"2023-10-26T00:10:08+00:00","breadcrumb":{"@id":"https:\/\/www.jiproequip.com\/index.php\/producto\/tela-filtrante-filtros-prensa-mineria\/#breadcrumb"},"inLanguage":"es","potentialAction":[{"@type":"ReadAction","target":["https:\/\/www.jiproequip.com\/index.php\/producto\/tela-filtrante-filtros-prensa-mineria\/"]}]},{"@type":"ImageObject","inLanguage":"es","@id":"https:\/\/www.jiproequip.com\/index.php\/producto\/tela-filtrante-filtros-prensa-mineria\/#primaryimage","url":"https:\/\/www.jiproequip.com\/wp-content\/uploads\/2023\/10\/Filter-Cloth_Columbec_03_B.png","contentUrl":"https:\/\/www.jiproequip.com\/wp-content\/uploads\/2023\/10\/Filter-Cloth_Columbec_03_B.png","width":600,"height":600},{"@type":"BreadcrumbList","@id":"https:\/\/www.jiproequip.com\/index.php\/producto\/tela-filtrante-filtros-prensa-mineria\/#breadcrumb","itemListElement":[{"@type":"ListItem","position":1,"name":"Home","item":"https:\/\/www.jiproequip.com\/"},{"@type":"ListItem","position":2,"name":"Tienda","item":"https:\/\/www.jiproequip.com\/index.php\/tienda\/"},{"@type":"ListItem","position":3,"name":"TELA FILTRANTE"}]},{"@type":"WebSite","@id":"https:\/\/www.jiproequip.com\/#website","url":"https:\/\/www.jiproequip.com\/","name":"Ji-proequip","description":"Venta de equipos industriales con servicio t\u00e9cnico especializado","publisher":{"@id":"https:\/\/www.jiproequip.com\/#organization"},"potentialAction":[{"@type":"SearchAction","target":{"@type":"EntryPoint","urlTemplate":"https:\/\/www.jiproequip.com\/?s={search_term_string}"},"query-input":{"@type":"PropertyValueSpecification","valueRequired":true,"valueName":"search_term_string"}}],"inLanguage":"es"},{"@type":"Organization","@id":"https:\/\/www.jiproequip.com\/#organization","name":"Ji-proequip","url":"https:\/\/www.jiproequip.com\/","logo":{"@type":"ImageObject","inLanguage":"es","@id":"https:\/\/www.jiproequip.com\/#\/schema\/logo\/image\/","url":"https:\/\/www.jiproequip.com\/wp-content\/uploads\/2025\/06\/LOGO-JIproequip-2025.png","contentUrl":"https:\/\/www.jiproequip.com\/wp-content\/uploads\/2025\/06\/LOGO-JIproequip-2025.png","width":2433,"height":596,"caption":"Ji-proequip"},"image":{"@id":"https:\/\/www.jiproequip.com\/#\/schema\/logo\/image\/"}}]}},"uagb_featured_image_src":{"full":["https:\/\/www.jiproequip.com\/wp-content\/uploads\/2023\/10\/Filter-Cloth_Columbec_03_B.png",600,600,false],"thumbnail":["https:\/\/www.jiproequip.com\/wp-content\/uploads\/2023\/10\/Filter-Cloth_Columbec_03_B.png",150,150,false],"medium":["https:\/\/www.jiproequip.com\/wp-content\/uploads\/2023\/10\/Filter-Cloth_Columbec_03_B.png",300,300,false],"medium_large":["https:\/\/www.jiproequip.com\/wp-content\/uploads\/2023\/10\/Filter-Cloth_Columbec_03_B.png",600,600,false],"large":["https:\/\/www.jiproequip.com\/wp-content\/uploads\/2023\/10\/Filter-Cloth_Columbec_03_B.png",600,600,false],"1536x1536":["https:\/\/www.jiproequip.com\/wp-content\/uploads\/2023\/10\/Filter-Cloth_Columbec_03_B.png",600,600,false],"2048x2048":["https:\/\/www.jiproequip.com\/wp-content\/uploads\/2023\/10\/Filter-Cloth_Columbec_03_B.png",600,600,false],"mailpoet_newsletter_max":["https:\/\/www.jiproequip.com\/wp-content\/uploads\/2023\/10\/Filter-Cloth_Columbec_03_B.png",600,600,false],"woocommerce_thumbnail":["https:\/\/www.jiproequip.com\/wp-content\/uploads\/2023\/10\/Filter-Cloth_Columbec_03_B.png",300,300,false],"woocommerce_single":["https:\/\/www.jiproequip.com\/wp-content\/uploads\/2023\/10\/Filter-Cloth_Columbec_03_B.png",600,600,false],"woocommerce_gallery_thumbnail":["https:\/\/www.jiproequip.com\/wp-content\/uploads\/2023\/10\/Filter-Cloth_Columbec_03_B.png",100,100,false]},"uagb_author_info":{"display_name":"admin_jiproeq","author_link":"https:\/\/www.jiproequip.com\/index.php\/author\/"},"uagb_comment_info":0,"uagb_excerpt":"Tela filtrante desde fibras naturales hasta materiales sint\u00e9ticos y fieltrados, somos proveedores de un extenso inventario de materiales de tela de filtro duraderos y de alto rendimiento para satisfacer sus necesidades de filtraci\u00f3n. Las alternativas de fabricaci\u00f3n de la tela van desde la fibra del hilado, dise\u00f1os del hilado, patrones de tejido y las t\u00e9cnicas&hellip;","jetpack_sharing_enabled":true,"_links":{"self":[{"href":"https:\/\/www.jiproequip.com\/index.php\/wp-json\/wp\/v2\/product\/3655","targetHints":{"allow":["GET"]}}],"collection":[{"href":"https:\/\/www.jiproequip.com\/index.php\/wp-json\/wp\/v2\/product"}],"about":[{"href":"https:\/\/www.jiproequip.com\/index.php\/wp-json\/wp\/v2\/types\/product"}],"replies":[{"embeddable":true,"href":"https:\/\/www.jiproequip.com\/index.php\/wp-json\/wp\/v2\/comments?post=3655"}],"wp:featuredmedia":[{"embeddable":true,"href":"https:\/\/www.jiproequip.com\/index.php\/wp-json\/wp\/v2\/media\/3659"}],"wp:attachment":[{"href":"https:\/\/www.jiproequip.com\/index.php\/wp-json\/wp\/v2\/media?parent=3655"}],"wp:term":[{"taxonomy":"product_brand","embeddable":true,"href":"https:\/\/www.jiproequip.com\/index.php\/wp-json\/wp\/v2\/product_brand?post=3655"},{"taxonomy":"product_cat","embeddable":true,"href":"https:\/\/www.jiproequip.com\/index.php\/wp-json\/wp\/v2\/product_cat?post=3655"},{"taxonomy":"product_tag","embeddable":true,"href":"https:\/\/www.jiproequip.com\/index.php\/wp-json\/wp\/v2\/product_tag?post=3655"}],"curies":[{"name":"wp","href":"https:\/\/api.w.org\/{rel}","templated":true}]}}