{"id":3691,"date":"2023-10-25T19:55:14","date_gmt":"2023-10-26T00:55:14","guid":{"rendered":"https:\/\/www.jiproequip.com\/?post_type=product&#038;p=3691"},"modified":"2023-10-25T19:59:25","modified_gmt":"2023-10-26T00:59:25","slug":"filtrado-tanque-vertical","status":"publish","type":"product","link":"https:\/\/www.jiproequip.com\/index.php\/producto\/filtrado-tanque-vertical\/","title":{"rendered":"sistema de filtrado de combustibles con tanque vertical"},"content":{"rendered":"<div class=\"pl_i2c\">\n<p>Equipos para filtraci\u00f3n de aceite di\u00e9sel en puestos de servicio y otros puntos de abastecimiento.<\/p>\n<\/div>\n<p>Sistema construido en acero \u00fatil para succi\u00f3n de tanque enterrado o a\u00e9reo, posee un moderno sistema de filtrado con 4 agujeros. El producto suministrado por Columbec del Ecuador incluye arranque, pruebas y capacitaci\u00f3n a operadores y supervisor en caso de ser necesario.<\/p>\n<ul>Caracter\u00edsticas:<\/p>\n<li>Man\u00f3metro con glicerina<\/li>\n<li>V\u00e1lvula de seguridad incluida en la caja filtrante<\/li>\n<li>Pantalla de nivel instalada en el dep\u00f3sito<\/li>\n<li>Pintura con doble capa y acabado esmalte sint\u00e9tico en el color solicitado por el cliente<\/li>\n<li>sistema el\u00e9ctrico a prueba de explosiones (explosion proof)<\/li>\n<li>Certificado de conformidad TUV Reheinland<\/li>\n<\/ul>\n","protected":false},"excerpt":{"rendered":"<p>Equipos para filtraci\u00f3n de aceite di\u00e9sel en puestos de servicio y otros puntos de abastecimiento. Sistema construido en acero \u00fatil para succi\u00f3n de tanque enterrado o a\u00e9reo, posee un moderno sistema de filtrado con 4 agujeros. El producto suministrado por Columbec del Ecuador incluye arranque, pruebas y capacitaci\u00f3n a operadores y supervisor en caso de [&hellip;]<\/p>\n","protected":false},"featured_media":3694,"comment_status":"open","ping_status":"closed","template":"","meta":{"_uag_custom_page_level_css":""},"product_brand":[],"product_cat":[64],"product_tag":[],"class_list":{"0":"post-3691","1":"product","2":"type-product","3":"status-publish","4":"has-post-thumbnail","6":"product_cat-filtrado-de-combustibles","8":"first","9":"instock","10":"shipping-taxable","11":"product-type-simple"},"yoast_head":"<!-- This site is optimized with the Yoast SEO plugin v25.2 - https:\/\/yoast.com\/wordpress\/plugins\/seo\/ -->\n<title>sistema de filtrado de combustibles con tanque vertical - Ji-proequip<\/title>\n<meta name=\"robots\" content=\"index, follow, max-snippet:-1, max-image-preview:large, max-video-preview:-1\" \/>\n<link rel=\"canonical\" href=\"https:\/\/www.jiproequip.com\/index.php\/producto\/filtrado-tanque-vertical\/\" \/>\n<meta property=\"og:locale\" content=\"es_ES\" \/>\n<meta property=\"og:type\" content=\"article\" \/>\n<meta property=\"og:title\" content=\"sistema de filtrado de combustibles con tanque vertical - Ji-proequip\" \/>\n<meta property=\"og:description\" content=\"Equipos para filtraci\u00f3n de aceite di\u00e9sel en puestos de servicio y otros puntos de abastecimiento. Sistema construido en acero \u00fatil para succi\u00f3n de tanque enterrado o a\u00e9reo, posee un moderno sistema de filtrado con 4 agujeros. El producto suministrado por Columbec del Ecuador incluye arranque, pruebas y capacitaci\u00f3n a operadores y supervisor en caso de [&hellip;]\" \/>\n<meta property=\"og:url\" content=\"https:\/\/www.jiproequip.com\/index.php\/producto\/filtrado-tanque-vertical\/\" \/>\n<meta property=\"og:site_name\" content=\"Ji-proequip\" \/>\n<meta property=\"article:modified_time\" content=\"2023-10-26T00:59:25+00:00\" \/>\n<meta property=\"og:image\" content=\"https:\/\/www.jiproequip.com\/wp-content\/uploads\/2023\/10\/tanquevertical_HorusD_Columbec02_B.png\" \/>\n\t<meta property=\"og:image:width\" content=\"600\" \/>\n\t<meta property=\"og:image:height\" content=\"600\" \/>\n\t<meta property=\"og:image:type\" content=\"image\/png\" \/>\n<meta name=\"twitter:card\" content=\"summary_large_image\" \/>\n<meta name=\"twitter:label1\" content=\"Tiempo de lectura\" \/>\n\t<meta name=\"twitter:data1\" content=\"1 minuto\" \/>\n<script type=\"application\/ld+json\" class=\"yoast-schema-graph\">{\"@context\":\"https:\/\/schema.org\",\"@graph\":[{\"@type\":\"WebPage\",\"@id\":\"https:\/\/www.jiproequip.com\/index.php\/producto\/filtrado-tanque-vertical\/\",\"url\":\"https:\/\/www.jiproequip.com\/index.php\/producto\/filtrado-tanque-vertical\/\",\"name\":\"sistema de filtrado de combustibles con tanque vertical - Ji-proequip\",\"isPartOf\":{\"@id\":\"https:\/\/www.jiproequip.com\/#website\"},\"primaryImageOfPage\":{\"@id\":\"https:\/\/www.jiproequip.com\/index.php\/producto\/filtrado-tanque-vertical\/#primaryimage\"},\"image\":{\"@id\":\"https:\/\/www.jiproequip.com\/index.php\/producto\/filtrado-tanque-vertical\/#primaryimage\"},\"thumbnailUrl\":\"https:\/\/www.jiproequip.com\/wp-content\/uploads\/2023\/10\/tanquevertical_HorusD_Columbec02_B.png\",\"datePublished\":\"2023-10-26T00:55:14+00:00\",\"dateModified\":\"2023-10-26T00:59:25+00:00\",\"breadcrumb\":{\"@id\":\"https:\/\/www.jiproequip.com\/index.php\/producto\/filtrado-tanque-vertical\/#breadcrumb\"},\"inLanguage\":\"es\",\"potentialAction\":[{\"@type\":\"ReadAction\",\"target\":[\"https:\/\/www.jiproequip.com\/index.php\/producto\/filtrado-tanque-vertical\/\"]}]},{\"@type\":\"ImageObject\",\"inLanguage\":\"es\",\"@id\":\"https:\/\/www.jiproequip.com\/index.php\/producto\/filtrado-tanque-vertical\/#primaryimage\",\"url\":\"https:\/\/www.jiproequip.com\/wp-content\/uploads\/2023\/10\/tanquevertical_HorusD_Columbec02_B.png\",\"contentUrl\":\"https:\/\/www.jiproequip.com\/wp-content\/uploads\/2023\/10\/tanquevertical_HorusD_Columbec02_B.png\",\"width\":600,\"height\":600},{\"@type\":\"BreadcrumbList\",\"@id\":\"https:\/\/www.jiproequip.com\/index.php\/producto\/filtrado-tanque-vertical\/#breadcrumb\",\"itemListElement\":[{\"@type\":\"ListItem\",\"position\":1,\"name\":\"Home\",\"item\":\"https:\/\/www.jiproequip.com\/\"},{\"@type\":\"ListItem\",\"position\":2,\"name\":\"Tienda\",\"item\":\"https:\/\/www.jiproequip.com\/index.php\/tienda\/\"},{\"@type\":\"ListItem\",\"position\":3,\"name\":\"sistema de filtrado de combustibles con tanque vertical\"}]},{\"@type\":\"WebSite\",\"@id\":\"https:\/\/www.jiproequip.com\/#website\",\"url\":\"https:\/\/www.jiproequip.com\/\",\"name\":\"Ji-proequip\",\"description\":\"Venta de equipos industriales con servicio t\u00e9cnico especializado\",\"publisher\":{\"@id\":\"https:\/\/www.jiproequip.com\/#organization\"},\"potentialAction\":[{\"@type\":\"SearchAction\",\"target\":{\"@type\":\"EntryPoint\",\"urlTemplate\":\"https:\/\/www.jiproequip.com\/?s={search_term_string}\"},\"query-input\":{\"@type\":\"PropertyValueSpecification\",\"valueRequired\":true,\"valueName\":\"search_term_string\"}}],\"inLanguage\":\"es\"},{\"@type\":\"Organization\",\"@id\":\"https:\/\/www.jiproequip.com\/#organization\",\"name\":\"Ji-proequip\",\"url\":\"https:\/\/www.jiproequip.com\/\",\"logo\":{\"@type\":\"ImageObject\",\"inLanguage\":\"es\",\"@id\":\"https:\/\/www.jiproequip.com\/#\/schema\/logo\/image\/\",\"url\":\"https:\/\/www.jiproequip.com\/wp-content\/uploads\/2025\/06\/LOGO-JIproequip-2025.png\",\"contentUrl\":\"https:\/\/www.jiproequip.com\/wp-content\/uploads\/2025\/06\/LOGO-JIproequip-2025.png\",\"width\":2433,\"height\":596,\"caption\":\"Ji-proequip\"},\"image\":{\"@id\":\"https:\/\/www.jiproequip.com\/#\/schema\/logo\/image\/\"}}]}<\/script>\n<!-- \/ Yoast SEO plugin. -->","yoast_head_json":{"title":"sistema de filtrado de combustibles con tanque vertical - Ji-proequip","robots":{"index":"index","follow":"follow","max-snippet":"max-snippet:-1","max-image-preview":"max-image-preview:large","max-video-preview":"max-video-preview:-1"},"canonical":"https:\/\/www.jiproequip.com\/index.php\/producto\/filtrado-tanque-vertical\/","og_locale":"es_ES","og_type":"article","og_title":"sistema de filtrado de combustibles con tanque vertical - Ji-proequip","og_description":"Equipos para filtraci\u00f3n de aceite di\u00e9sel en puestos de servicio y otros puntos de abastecimiento. Sistema construido en acero \u00fatil para succi\u00f3n de tanque enterrado o a\u00e9reo, posee un moderno sistema de filtrado con 4 agujeros. El producto suministrado por Columbec del Ecuador incluye arranque, pruebas y capacitaci\u00f3n a operadores y supervisor en caso de [&hellip;]","og_url":"https:\/\/www.jiproequip.com\/index.php\/producto\/filtrado-tanque-vertical\/","og_site_name":"Ji-proequip","article_modified_time":"2023-10-26T00:59:25+00:00","og_image":[{"width":600,"height":600,"url":"https:\/\/www.jiproequip.com\/wp-content\/uploads\/2023\/10\/tanquevertical_HorusD_Columbec02_B.png","type":"image\/png"}],"twitter_card":"summary_large_image","twitter_misc":{"Tiempo de lectura":"1 minuto"},"schema":{"@context":"https:\/\/schema.org","@graph":[{"@type":"WebPage","@id":"https:\/\/www.jiproequip.com\/index.php\/producto\/filtrado-tanque-vertical\/","url":"https:\/\/www.jiproequip.com\/index.php\/producto\/filtrado-tanque-vertical\/","name":"sistema de filtrado de combustibles con tanque vertical - Ji-proequip","isPartOf":{"@id":"https:\/\/www.jiproequip.com\/#website"},"primaryImageOfPage":{"@id":"https:\/\/www.jiproequip.com\/index.php\/producto\/filtrado-tanque-vertical\/#primaryimage"},"image":{"@id":"https:\/\/www.jiproequip.com\/index.php\/producto\/filtrado-tanque-vertical\/#primaryimage"},"thumbnailUrl":"https:\/\/www.jiproequip.com\/wp-content\/uploads\/2023\/10\/tanquevertical_HorusD_Columbec02_B.png","datePublished":"2023-10-26T00:55:14+00:00","dateModified":"2023-10-26T00:59:25+00:00","breadcrumb":{"@id":"https:\/\/www.jiproequip.com\/index.php\/producto\/filtrado-tanque-vertical\/#breadcrumb"},"inLanguage":"es","potentialAction":[{"@type":"ReadAction","target":["https:\/\/www.jiproequip.com\/index.php\/producto\/filtrado-tanque-vertical\/"]}]},{"@type":"ImageObject","inLanguage":"es","@id":"https:\/\/www.jiproequip.com\/index.php\/producto\/filtrado-tanque-vertical\/#primaryimage","url":"https:\/\/www.jiproequip.com\/wp-content\/uploads\/2023\/10\/tanquevertical_HorusD_Columbec02_B.png","contentUrl":"https:\/\/www.jiproequip.com\/wp-content\/uploads\/2023\/10\/tanquevertical_HorusD_Columbec02_B.png","width":600,"height":600},{"@type":"BreadcrumbList","@id":"https:\/\/www.jiproequip.com\/index.php\/producto\/filtrado-tanque-vertical\/#breadcrumb","itemListElement":[{"@type":"ListItem","position":1,"name":"Home","item":"https:\/\/www.jiproequip.com\/"},{"@type":"ListItem","position":2,"name":"Tienda","item":"https:\/\/www.jiproequip.com\/index.php\/tienda\/"},{"@type":"ListItem","position":3,"name":"sistema de filtrado de combustibles con tanque vertical"}]},{"@type":"WebSite","@id":"https:\/\/www.jiproequip.com\/#website","url":"https:\/\/www.jiproequip.com\/","name":"Ji-proequip","description":"Venta de equipos industriales con servicio t\u00e9cnico especializado","publisher":{"@id":"https:\/\/www.jiproequip.com\/#organization"},"potentialAction":[{"@type":"SearchAction","target":{"@type":"EntryPoint","urlTemplate":"https:\/\/www.jiproequip.com\/?s={search_term_string}"},"query-input":{"@type":"PropertyValueSpecification","valueRequired":true,"valueName":"search_term_string"}}],"inLanguage":"es"},{"@type":"Organization","@id":"https:\/\/www.jiproequip.com\/#organization","name":"Ji-proequip","url":"https:\/\/www.jiproequip.com\/","logo":{"@type":"ImageObject","inLanguage":"es","@id":"https:\/\/www.jiproequip.com\/#\/schema\/logo\/image\/","url":"https:\/\/www.jiproequip.com\/wp-content\/uploads\/2025\/06\/LOGO-JIproequip-2025.png","contentUrl":"https:\/\/www.jiproequip.com\/wp-content\/uploads\/2025\/06\/LOGO-JIproequip-2025.png","width":2433,"height":596,"caption":"Ji-proequip"},"image":{"@id":"https:\/\/www.jiproequip.com\/#\/schema\/logo\/image\/"}}]}},"uagb_featured_image_src":{"full":["https:\/\/www.jiproequip.com\/wp-content\/uploads\/2023\/10\/tanquevertical_HorusD_Columbec02_B.png",600,600,false],"thumbnail":["https:\/\/www.jiproequip.com\/wp-content\/uploads\/2023\/10\/tanquevertical_HorusD_Columbec02_B.png",150,150,false],"medium":["https:\/\/www.jiproequip.com\/wp-content\/uploads\/2023\/10\/tanquevertical_HorusD_Columbec02_B.png",300,300,false],"medium_large":["https:\/\/www.jiproequip.com\/wp-content\/uploads\/2023\/10\/tanquevertical_HorusD_Columbec02_B.png",600,600,false],"large":["https:\/\/www.jiproequip.com\/wp-content\/uploads\/2023\/10\/tanquevertical_HorusD_Columbec02_B.png",600,600,false],"1536x1536":["https:\/\/www.jiproequip.com\/wp-content\/uploads\/2023\/10\/tanquevertical_HorusD_Columbec02_B.png",600,600,false],"2048x2048":["https:\/\/www.jiproequip.com\/wp-content\/uploads\/2023\/10\/tanquevertical_HorusD_Columbec02_B.png",600,600,false],"mailpoet_newsletter_max":["https:\/\/www.jiproequip.com\/wp-content\/uploads\/2023\/10\/tanquevertical_HorusD_Columbec02_B.png",600,600,false],"woocommerce_thumbnail":["https:\/\/www.jiproequip.com\/wp-content\/uploads\/2023\/10\/tanquevertical_HorusD_Columbec02_B.png",300,300,false],"woocommerce_single":["https:\/\/www.jiproequip.com\/wp-content\/uploads\/2023\/10\/tanquevertical_HorusD_Columbec02_B.png",600,600,false],"woocommerce_gallery_thumbnail":["https:\/\/www.jiproequip.com\/wp-content\/uploads\/2023\/10\/tanquevertical_HorusD_Columbec02_B.png",100,100,false]},"uagb_author_info":{"display_name":"admin_jiproeq","author_link":"https:\/\/www.jiproequip.com\/index.php\/author\/"},"uagb_comment_info":0,"uagb_excerpt":"Equipos para filtraci\u00f3n de aceite di\u00e9sel en puestos de servicio y otros puntos de abastecimiento. Sistema construido en acero \u00fatil para succi\u00f3n de tanque enterrado o a\u00e9reo, posee un moderno sistema de filtrado con 4 agujeros. El producto suministrado por Columbec del Ecuador incluye arranque, pruebas y capacitaci\u00f3n a operadores y supervisor en caso de&hellip;","jetpack_sharing_enabled":true,"_links":{"self":[{"href":"https:\/\/www.jiproequip.com\/index.php\/wp-json\/wp\/v2\/product\/3691","targetHints":{"allow":["GET"]}}],"collection":[{"href":"https:\/\/www.jiproequip.com\/index.php\/wp-json\/wp\/v2\/product"}],"about":[{"href":"https:\/\/www.jiproequip.com\/index.php\/wp-json\/wp\/v2\/types\/product"}],"replies":[{"embeddable":true,"href":"https:\/\/www.jiproequip.com\/index.php\/wp-json\/wp\/v2\/comments?post=3691"}],"wp:featuredmedia":[{"embeddable":true,"href":"https:\/\/www.jiproequip.com\/index.php\/wp-json\/wp\/v2\/media\/3694"}],"wp:attachment":[{"href":"https:\/\/www.jiproequip.com\/index.php\/wp-json\/wp\/v2\/media?parent=3691"}],"wp:term":[{"taxonomy":"product_brand","embeddable":true,"href":"https:\/\/www.jiproequip.com\/index.php\/wp-json\/wp\/v2\/product_brand?post=3691"},{"taxonomy":"product_cat","embeddable":true,"href":"https:\/\/www.jiproequip.com\/index.php\/wp-json\/wp\/v2\/product_cat?post=3691"},{"taxonomy":"product_tag","embeddable":true,"href":"https:\/\/www.jiproequip.com\/index.php\/wp-json\/wp\/v2\/product_tag?post=3691"}],"curies":[{"name":"wp","href":"https:\/\/api.w.org\/{rel}","templated":true}]}}