{"id":3702,"date":"2023-10-25T20:10:10","date_gmt":"2023-10-26T01:10:10","guid":{"rendered":"https:\/\/www.jiproequip.com\/?post_type=product&#038;p=3702"},"modified":"2023-10-25T20:25:19","modified_gmt":"2023-10-26T01:25:19","slug":"filtrador-aceite-lubricante","status":"publish","type":"product","link":"https:\/\/www.jiproequip.com\/index.php\/producto\/filtrador-aceite-lubricante\/","title":{"rendered":"Filtrador de aceite diel\u00e9ctrico y lubricantes"},"content":{"rendered":"<div class=\"pl_i2c\">\n<p>Equipamiento m\u00f3vil para filtraci\u00f3n de aceite diel\u00e9ctrico\u00a0y lubricantes.<\/p>\n<div class=\"arprH0\">\n<p>Aplicaci\u00f3n en compresores de aire, Inyectoras, plataformas maritimas, prensas hidr\u00e1ulicas, gr\u00faas, etc. Moderno sistema de filtraci\u00f3n con 4 agujeros, v\u00e1lvula de seguridad en la caja filtrante, man\u00f3metro con glicerina, sistema el\u00e9ctrico a prueba de explosiones (explosion proof).<\/p>\n<p>Columbec con amplia experiencia en el sector industrial en el momento de la instalaci\u00f3n verifica el arranque, pruebas y capacitaci\u00f3n a operadores y supervisor en caso de ser necesario.<\/p>\n<\/div>\n<\/div>\n","protected":false},"excerpt":{"rendered":"<p>Equipamiento m\u00f3vil para filtraci\u00f3n de aceite diel\u00e9ctrico\u00a0y lubricantes. Aplicaci\u00f3n en compresores de aire, Inyectoras, plataformas maritimas, prensas hidr\u00e1ulicas, gr\u00faas, etc. Moderno sistema de filtraci\u00f3n con 4 agujeros, v\u00e1lvula de seguridad en la caja filtrante, man\u00f3metro con glicerina, sistema el\u00e9ctrico a prueba de explosiones (explosion proof). Columbec con amplia experiencia en el sector industrial en el [&hellip;]<\/p>\n","protected":false},"featured_media":3706,"comment_status":"open","ping_status":"closed","template":"","meta":{"_uag_custom_page_level_css":""},"product_brand":[],"product_cat":[65],"product_tag":[],"class_list":{"0":"post-3702","1":"product","2":"type-product","3":"status-publish","4":"has-post-thumbnail","6":"product_cat-filtrado-de-aceites","8":"first","9":"instock","10":"shipping-taxable","11":"product-type-simple"},"yoast_head":"<!-- This site is optimized with the Yoast SEO plugin v25.2 - https:\/\/yoast.com\/wordpress\/plugins\/seo\/ -->\n<title>Filtrador de aceite diel\u00e9ctrico y lubricantes - Ji-proequip<\/title>\n<meta name=\"robots\" content=\"index, follow, max-snippet:-1, max-image-preview:large, max-video-preview:-1\" \/>\n<link rel=\"canonical\" href=\"https:\/\/www.jiproequip.com\/index.php\/producto\/filtrador-aceite-lubricante\/\" \/>\n<meta property=\"og:locale\" content=\"es_ES\" \/>\n<meta property=\"og:type\" content=\"article\" \/>\n<meta property=\"og:title\" content=\"Filtrador de aceite diel\u00e9ctrico y lubricantes - Ji-proequip\" \/>\n<meta property=\"og:description\" content=\"Equipamiento m\u00f3vil para filtraci\u00f3n de aceite diel\u00e9ctrico\u00a0y lubricantes. Aplicaci\u00f3n en compresores de aire, Inyectoras, plataformas maritimas, prensas hidr\u00e1ulicas, gr\u00faas, etc. Moderno sistema de filtraci\u00f3n con 4 agujeros, v\u00e1lvula de seguridad en la caja filtrante, man\u00f3metro con glicerina, sistema el\u00e9ctrico a prueba de explosiones (explosion proof). Columbec con amplia experiencia en el sector industrial en el [&hellip;]\" \/>\n<meta property=\"og:url\" content=\"https:\/\/www.jiproequip.com\/index.php\/producto\/filtrador-aceite-lubricante\/\" \/>\n<meta property=\"og:site_name\" content=\"Ji-proequip\" \/>\n<meta property=\"article:modified_time\" content=\"2023-10-26T01:25:19+00:00\" \/>\n<meta property=\"og:image\" content=\"https:\/\/www.jiproequip.com\/wp-content\/uploads\/2023\/10\/Filtrado_aceite_HD_Columbec_B-1.png\" \/>\n\t<meta property=\"og:image:width\" content=\"600\" \/>\n\t<meta property=\"og:image:height\" content=\"600\" \/>\n\t<meta property=\"og:image:type\" content=\"image\/png\" \/>\n<meta name=\"twitter:card\" content=\"summary_large_image\" \/>\n<meta name=\"twitter:label1\" content=\"Tiempo de lectura\" \/>\n\t<meta name=\"twitter:data1\" content=\"1 minuto\" \/>\n<script type=\"application\/ld+json\" class=\"yoast-schema-graph\">{\"@context\":\"https:\/\/schema.org\",\"@graph\":[{\"@type\":\"WebPage\",\"@id\":\"https:\/\/www.jiproequip.com\/index.php\/producto\/filtrador-aceite-lubricante\/\",\"url\":\"https:\/\/www.jiproequip.com\/index.php\/producto\/filtrador-aceite-lubricante\/\",\"name\":\"Filtrador de aceite diel\u00e9ctrico y lubricantes - Ji-proequip\",\"isPartOf\":{\"@id\":\"https:\/\/www.jiproequip.com\/#website\"},\"primaryImageOfPage\":{\"@id\":\"https:\/\/www.jiproequip.com\/index.php\/producto\/filtrador-aceite-lubricante\/#primaryimage\"},\"image\":{\"@id\":\"https:\/\/www.jiproequip.com\/index.php\/producto\/filtrador-aceite-lubricante\/#primaryimage\"},\"thumbnailUrl\":\"https:\/\/www.jiproequip.com\/wp-content\/uploads\/2023\/10\/Filtrado_aceite_HD_Columbec_B-1.png\",\"datePublished\":\"2023-10-26T01:10:10+00:00\",\"dateModified\":\"2023-10-26T01:25:19+00:00\",\"breadcrumb\":{\"@id\":\"https:\/\/www.jiproequip.com\/index.php\/producto\/filtrador-aceite-lubricante\/#breadcrumb\"},\"inLanguage\":\"es\",\"potentialAction\":[{\"@type\":\"ReadAction\",\"target\":[\"https:\/\/www.jiproequip.com\/index.php\/producto\/filtrador-aceite-lubricante\/\"]}]},{\"@type\":\"ImageObject\",\"inLanguage\":\"es\",\"@id\":\"https:\/\/www.jiproequip.com\/index.php\/producto\/filtrador-aceite-lubricante\/#primaryimage\",\"url\":\"https:\/\/www.jiproequip.com\/wp-content\/uploads\/2023\/10\/Filtrado_aceite_HD_Columbec_B-1.png\",\"contentUrl\":\"https:\/\/www.jiproequip.com\/wp-content\/uploads\/2023\/10\/Filtrado_aceite_HD_Columbec_B-1.png\",\"width\":600,\"height\":600},{\"@type\":\"BreadcrumbList\",\"@id\":\"https:\/\/www.jiproequip.com\/index.php\/producto\/filtrador-aceite-lubricante\/#breadcrumb\",\"itemListElement\":[{\"@type\":\"ListItem\",\"position\":1,\"name\":\"Home\",\"item\":\"https:\/\/www.jiproequip.com\/\"},{\"@type\":\"ListItem\",\"position\":2,\"name\":\"Tienda\",\"item\":\"https:\/\/www.jiproequip.com\/index.php\/tienda\/\"},{\"@type\":\"ListItem\",\"position\":3,\"name\":\"Filtrador de aceite diel\u00e9ctrico y lubricantes\"}]},{\"@type\":\"WebSite\",\"@id\":\"https:\/\/www.jiproequip.com\/#website\",\"url\":\"https:\/\/www.jiproequip.com\/\",\"name\":\"Ji-proequip\",\"description\":\"Venta de equipos industriales con servicio t\u00e9cnico especializado\",\"publisher\":{\"@id\":\"https:\/\/www.jiproequip.com\/#organization\"},\"potentialAction\":[{\"@type\":\"SearchAction\",\"target\":{\"@type\":\"EntryPoint\",\"urlTemplate\":\"https:\/\/www.jiproequip.com\/?s={search_term_string}\"},\"query-input\":{\"@type\":\"PropertyValueSpecification\",\"valueRequired\":true,\"valueName\":\"search_term_string\"}}],\"inLanguage\":\"es\"},{\"@type\":\"Organization\",\"@id\":\"https:\/\/www.jiproequip.com\/#organization\",\"name\":\"Ji-proequip\",\"url\":\"https:\/\/www.jiproequip.com\/\",\"logo\":{\"@type\":\"ImageObject\",\"inLanguage\":\"es\",\"@id\":\"https:\/\/www.jiproequip.com\/#\/schema\/logo\/image\/\",\"url\":\"https:\/\/www.jiproequip.com\/wp-content\/uploads\/2025\/06\/LOGO-JIproequip-2025.png\",\"contentUrl\":\"https:\/\/www.jiproequip.com\/wp-content\/uploads\/2025\/06\/LOGO-JIproequip-2025.png\",\"width\":2433,\"height\":596,\"caption\":\"Ji-proequip\"},\"image\":{\"@id\":\"https:\/\/www.jiproequip.com\/#\/schema\/logo\/image\/\"}}]}<\/script>\n<!-- \/ Yoast SEO plugin. -->","yoast_head_json":{"title":"Filtrador de aceite diel\u00e9ctrico y lubricantes - Ji-proequip","robots":{"index":"index","follow":"follow","max-snippet":"max-snippet:-1","max-image-preview":"max-image-preview:large","max-video-preview":"max-video-preview:-1"},"canonical":"https:\/\/www.jiproequip.com\/index.php\/producto\/filtrador-aceite-lubricante\/","og_locale":"es_ES","og_type":"article","og_title":"Filtrador de aceite diel\u00e9ctrico y lubricantes - Ji-proequip","og_description":"Equipamiento m\u00f3vil para filtraci\u00f3n de aceite diel\u00e9ctrico\u00a0y lubricantes. Aplicaci\u00f3n en compresores de aire, Inyectoras, plataformas maritimas, prensas hidr\u00e1ulicas, gr\u00faas, etc. Moderno sistema de filtraci\u00f3n con 4 agujeros, v\u00e1lvula de seguridad en la caja filtrante, man\u00f3metro con glicerina, sistema el\u00e9ctrico a prueba de explosiones (explosion proof). Columbec con amplia experiencia en el sector industrial en el [&hellip;]","og_url":"https:\/\/www.jiproequip.com\/index.php\/producto\/filtrador-aceite-lubricante\/","og_site_name":"Ji-proequip","article_modified_time":"2023-10-26T01:25:19+00:00","og_image":[{"width":600,"height":600,"url":"https:\/\/www.jiproequip.com\/wp-content\/uploads\/2023\/10\/Filtrado_aceite_HD_Columbec_B-1.png","type":"image\/png"}],"twitter_card":"summary_large_image","twitter_misc":{"Tiempo de lectura":"1 minuto"},"schema":{"@context":"https:\/\/schema.org","@graph":[{"@type":"WebPage","@id":"https:\/\/www.jiproequip.com\/index.php\/producto\/filtrador-aceite-lubricante\/","url":"https:\/\/www.jiproequip.com\/index.php\/producto\/filtrador-aceite-lubricante\/","name":"Filtrador de aceite diel\u00e9ctrico y lubricantes - Ji-proequip","isPartOf":{"@id":"https:\/\/www.jiproequip.com\/#website"},"primaryImageOfPage":{"@id":"https:\/\/www.jiproequip.com\/index.php\/producto\/filtrador-aceite-lubricante\/#primaryimage"},"image":{"@id":"https:\/\/www.jiproequip.com\/index.php\/producto\/filtrador-aceite-lubricante\/#primaryimage"},"thumbnailUrl":"https:\/\/www.jiproequip.com\/wp-content\/uploads\/2023\/10\/Filtrado_aceite_HD_Columbec_B-1.png","datePublished":"2023-10-26T01:10:10+00:00","dateModified":"2023-10-26T01:25:19+00:00","breadcrumb":{"@id":"https:\/\/www.jiproequip.com\/index.php\/producto\/filtrador-aceite-lubricante\/#breadcrumb"},"inLanguage":"es","potentialAction":[{"@type":"ReadAction","target":["https:\/\/www.jiproequip.com\/index.php\/producto\/filtrador-aceite-lubricante\/"]}]},{"@type":"ImageObject","inLanguage":"es","@id":"https:\/\/www.jiproequip.com\/index.php\/producto\/filtrador-aceite-lubricante\/#primaryimage","url":"https:\/\/www.jiproequip.com\/wp-content\/uploads\/2023\/10\/Filtrado_aceite_HD_Columbec_B-1.png","contentUrl":"https:\/\/www.jiproequip.com\/wp-content\/uploads\/2023\/10\/Filtrado_aceite_HD_Columbec_B-1.png","width":600,"height":600},{"@type":"BreadcrumbList","@id":"https:\/\/www.jiproequip.com\/index.php\/producto\/filtrador-aceite-lubricante\/#breadcrumb","itemListElement":[{"@type":"ListItem","position":1,"name":"Home","item":"https:\/\/www.jiproequip.com\/"},{"@type":"ListItem","position":2,"name":"Tienda","item":"https:\/\/www.jiproequip.com\/index.php\/tienda\/"},{"@type":"ListItem","position":3,"name":"Filtrador de aceite diel\u00e9ctrico y lubricantes"}]},{"@type":"WebSite","@id":"https:\/\/www.jiproequip.com\/#website","url":"https:\/\/www.jiproequip.com\/","name":"Ji-proequip","description":"Venta de equipos industriales con servicio t\u00e9cnico especializado","publisher":{"@id":"https:\/\/www.jiproequip.com\/#organization"},"potentialAction":[{"@type":"SearchAction","target":{"@type":"EntryPoint","urlTemplate":"https:\/\/www.jiproequip.com\/?s={search_term_string}"},"query-input":{"@type":"PropertyValueSpecification","valueRequired":true,"valueName":"search_term_string"}}],"inLanguage":"es"},{"@type":"Organization","@id":"https:\/\/www.jiproequip.com\/#organization","name":"Ji-proequip","url":"https:\/\/www.jiproequip.com\/","logo":{"@type":"ImageObject","inLanguage":"es","@id":"https:\/\/www.jiproequip.com\/#\/schema\/logo\/image\/","url":"https:\/\/www.jiproequip.com\/wp-content\/uploads\/2025\/06\/LOGO-JIproequip-2025.png","contentUrl":"https:\/\/www.jiproequip.com\/wp-content\/uploads\/2025\/06\/LOGO-JIproequip-2025.png","width":2433,"height":596,"caption":"Ji-proequip"},"image":{"@id":"https:\/\/www.jiproequip.com\/#\/schema\/logo\/image\/"}}]}},"uagb_featured_image_src":{"full":["https:\/\/www.jiproequip.com\/wp-content\/uploads\/2023\/10\/Filtrado_aceite_HD_Columbec_B-1.png",600,600,false],"thumbnail":["https:\/\/www.jiproequip.com\/wp-content\/uploads\/2023\/10\/Filtrado_aceite_HD_Columbec_B-1.png",150,150,false],"medium":["https:\/\/www.jiproequip.com\/wp-content\/uploads\/2023\/10\/Filtrado_aceite_HD_Columbec_B-1.png",300,300,false],"medium_large":["https:\/\/www.jiproequip.com\/wp-content\/uploads\/2023\/10\/Filtrado_aceite_HD_Columbec_B-1.png",600,600,false],"large":["https:\/\/www.jiproequip.com\/wp-content\/uploads\/2023\/10\/Filtrado_aceite_HD_Columbec_B-1.png",600,600,false],"1536x1536":["https:\/\/www.jiproequip.com\/wp-content\/uploads\/2023\/10\/Filtrado_aceite_HD_Columbec_B-1.png",600,600,false],"2048x2048":["https:\/\/www.jiproequip.com\/wp-content\/uploads\/2023\/10\/Filtrado_aceite_HD_Columbec_B-1.png",600,600,false],"mailpoet_newsletter_max":["https:\/\/www.jiproequip.com\/wp-content\/uploads\/2023\/10\/Filtrado_aceite_HD_Columbec_B-1.png",600,600,false],"woocommerce_thumbnail":["https:\/\/www.jiproequip.com\/wp-content\/uploads\/2023\/10\/Filtrado_aceite_HD_Columbec_B-1.png",300,300,false],"woocommerce_single":["https:\/\/www.jiproequip.com\/wp-content\/uploads\/2023\/10\/Filtrado_aceite_HD_Columbec_B-1.png",600,600,false],"woocommerce_gallery_thumbnail":["https:\/\/www.jiproequip.com\/wp-content\/uploads\/2023\/10\/Filtrado_aceite_HD_Columbec_B-1.png",100,100,false]},"uagb_author_info":{"display_name":"admin_jiproeq","author_link":"https:\/\/www.jiproequip.com\/index.php\/author\/"},"uagb_comment_info":0,"uagb_excerpt":"Equipamiento m\u00f3vil para filtraci\u00f3n de aceite diel\u00e9ctrico\u00a0y lubricantes. Aplicaci\u00f3n en compresores de aire, Inyectoras, plataformas maritimas, prensas hidr\u00e1ulicas, gr\u00faas, etc. Moderno sistema de filtraci\u00f3n con 4 agujeros, v\u00e1lvula de seguridad en la caja filtrante, man\u00f3metro con glicerina, sistema el\u00e9ctrico a prueba de explosiones (explosion proof). Columbec con amplia experiencia en el sector industrial en el&hellip;","jetpack_sharing_enabled":true,"_links":{"self":[{"href":"https:\/\/www.jiproequip.com\/index.php\/wp-json\/wp\/v2\/product\/3702","targetHints":{"allow":["GET"]}}],"collection":[{"href":"https:\/\/www.jiproequip.com\/index.php\/wp-json\/wp\/v2\/product"}],"about":[{"href":"https:\/\/www.jiproequip.com\/index.php\/wp-json\/wp\/v2\/types\/product"}],"replies":[{"embeddable":true,"href":"https:\/\/www.jiproequip.com\/index.php\/wp-json\/wp\/v2\/comments?post=3702"}],"wp:featuredmedia":[{"embeddable":true,"href":"https:\/\/www.jiproequip.com\/index.php\/wp-json\/wp\/v2\/media\/3706"}],"wp:attachment":[{"href":"https:\/\/www.jiproequip.com\/index.php\/wp-json\/wp\/v2\/media?parent=3702"}],"wp:term":[{"taxonomy":"product_brand","embeddable":true,"href":"https:\/\/www.jiproequip.com\/index.php\/wp-json\/wp\/v2\/product_brand?post=3702"},{"taxonomy":"product_cat","embeddable":true,"href":"https:\/\/www.jiproequip.com\/index.php\/wp-json\/wp\/v2\/product_cat?post=3702"},{"taxonomy":"product_tag","embeddable":true,"href":"https:\/\/www.jiproequip.com\/index.php\/wp-json\/wp\/v2\/product_tag?post=3702"}],"curies":[{"name":"wp","href":"https:\/\/api.w.org\/{rel}","templated":true}]}}