{"id":3735,"date":"2023-10-25T20:53:08","date_gmt":"2023-10-26T01:53:08","guid":{"rendered":"https:\/\/www.jiproequip.com\/?post_type=product&#038;p=3735"},"modified":"2023-10-25T20:56:18","modified_gmt":"2023-10-26T01:56:18","slug":"bolsas-filtrantes-poex-peex","status":"publish","type":"product","link":"https:\/\/www.jiproequip.com\/index.php\/producto\/bolsas-filtrantes-poex-peex\/","title":{"rendered":"Bolsas filtrantes de larga vida \u00fatil"},"content":{"rendered":"<div class=\"pl_i2c\">\n<div class=\"pl_i2c\">\n<div class=\"pl_i2c\">\n<div class=\"pl_i2c\">\n<p>Bolsas filtrantes de larga vida \u00fatil (POEX y PEEX) proveen un rendimiento excepcional con muchos tipos de contaminantes tales como geles, part\u00edculas con diversos tama\u00f1os, y part\u00edculas con diferentes formas irregulares.<\/p>\n<p>Bolsas elaboradas con una capa gruesa de prefiltraci\u00f3n dise\u00f1ada para ampliar el tiempo de vida del producto, capas de capturar una amplia cantidad de contaminantes sin recargar demasiado la superficie. El POEX se ha probado para retener hasta el doble de la cantidad de contaminantes que una bolsa est\u00e1ndar, reduciendo el volumen de los residuos y las veces que debe ser reemplazada la bolsa. La bolsa filtrante de larga vida \u00fatil es ideal para revestimientos en el sector automotriz, sustancias qu\u00edmicas, resinas, aceites de mesa y otras aplicaciones fluidas.<\/p>\n<ul>Caracter\u00edsticas:<\/p>\n<li>Materiales disponibles: Polipropileno \/ Poli\u00e9ster<\/li>\n<li>Temperatura de funcionamiento m\u00e1xima: Polipropileno: 200-220\u00b0 f (93-104\u00b0 C) &#8211; Poli\u00e9ster: 275-325\u00b0 f (135-162\u00b0 C)<\/li>\n<li>Tama\u00f1os: 7 x 16 pulg. (17,8 x 40,65 cm) &#8211; 7 x 32 pulg. (17,8 x 81,3 cm)<\/li>\n<\/ul>\n<\/div>\n<\/div>\n<\/div>\n<\/div>\n","protected":false},"excerpt":{"rendered":"<p>Bolsas filtrantes de larga vida \u00fatil (POEX y PEEX) proveen un rendimiento excepcional con muchos tipos de contaminantes tales como geles, part\u00edculas con diversos tama\u00f1os, y part\u00edculas con diferentes formas irregulares. Bolsas elaboradas con una capa gruesa de prefiltraci\u00f3n dise\u00f1ada para ampliar el tiempo de vida del producto, capas de capturar una amplia cantidad de [&hellip;]<\/p>\n","protected":false},"featured_media":3718,"comment_status":"open","ping_status":"closed","template":"","meta":{"_uag_custom_page_level_css":""},"product_brand":[],"product_cat":[66],"product_tag":[],"class_list":{"0":"post-3735","1":"product","2":"type-product","3":"status-publish","4":"has-post-thumbnail","6":"product_cat-carcasas-para-filtros","8":"first","9":"instock","10":"shipping-taxable","11":"product-type-simple"},"yoast_head":"<!-- This site is optimized with the Yoast SEO plugin v25.2 - https:\/\/yoast.com\/wordpress\/plugins\/seo\/ -->\n<title>Bolsas filtrantes de larga vida \u00fatil - Ji-proequip<\/title>\n<meta name=\"robots\" content=\"index, follow, max-snippet:-1, max-image-preview:large, max-video-preview:-1\" \/>\n<link rel=\"canonical\" href=\"https:\/\/www.jiproequip.com\/index.php\/producto\/bolsas-filtrantes-poex-peex\/\" \/>\n<meta property=\"og:locale\" content=\"es_ES\" \/>\n<meta property=\"og:type\" content=\"article\" \/>\n<meta property=\"og:title\" content=\"Bolsas filtrantes de larga vida \u00fatil - Ji-proequip\" \/>\n<meta property=\"og:description\" content=\"Bolsas filtrantes de larga vida \u00fatil (POEX y PEEX) proveen un rendimiento excepcional con muchos tipos de contaminantes tales como geles, part\u00edculas con diversos tama\u00f1os, y part\u00edculas con diferentes formas irregulares. Bolsas elaboradas con una capa gruesa de prefiltraci\u00f3n dise\u00f1ada para ampliar el tiempo de vida del producto, capas de capturar una amplia cantidad de [&hellip;]\" \/>\n<meta property=\"og:url\" content=\"https:\/\/www.jiproequip.com\/index.php\/producto\/bolsas-filtrantes-poex-peex\/\" \/>\n<meta property=\"og:site_name\" content=\"Ji-proequip\" \/>\n<meta property=\"article:modified_time\" content=\"2023-10-26T01:56:18+00:00\" \/>\n<meta property=\"og:image\" content=\"https:\/\/www.jiproequip.com\/wp-content\/uploads\/2023\/10\/Extended-Life-Filter-Bags_FSI_Columbec_B.png\" \/>\n\t<meta property=\"og:image:width\" content=\"600\" \/>\n\t<meta property=\"og:image:height\" content=\"600\" \/>\n\t<meta property=\"og:image:type\" content=\"image\/png\" \/>\n<meta name=\"twitter:card\" content=\"summary_large_image\" \/>\n<meta name=\"twitter:label1\" content=\"Tiempo de lectura\" \/>\n\t<meta name=\"twitter:data1\" content=\"1 minuto\" \/>\n<script type=\"application\/ld+json\" class=\"yoast-schema-graph\">{\"@context\":\"https:\/\/schema.org\",\"@graph\":[{\"@type\":\"WebPage\",\"@id\":\"https:\/\/www.jiproequip.com\/index.php\/producto\/bolsas-filtrantes-poex-peex\/\",\"url\":\"https:\/\/www.jiproequip.com\/index.php\/producto\/bolsas-filtrantes-poex-peex\/\",\"name\":\"Bolsas filtrantes de larga vida \u00fatil - Ji-proequip\",\"isPartOf\":{\"@id\":\"https:\/\/www.jiproequip.com\/#website\"},\"primaryImageOfPage\":{\"@id\":\"https:\/\/www.jiproequip.com\/index.php\/producto\/bolsas-filtrantes-poex-peex\/#primaryimage\"},\"image\":{\"@id\":\"https:\/\/www.jiproequip.com\/index.php\/producto\/bolsas-filtrantes-poex-peex\/#primaryimage\"},\"thumbnailUrl\":\"https:\/\/www.jiproequip.com\/wp-content\/uploads\/2023\/10\/Extended-Life-Filter-Bags_FSI_Columbec_B.png\",\"datePublished\":\"2023-10-26T01:53:08+00:00\",\"dateModified\":\"2023-10-26T01:56:18+00:00\",\"breadcrumb\":{\"@id\":\"https:\/\/www.jiproequip.com\/index.php\/producto\/bolsas-filtrantes-poex-peex\/#breadcrumb\"},\"inLanguage\":\"es\",\"potentialAction\":[{\"@type\":\"ReadAction\",\"target\":[\"https:\/\/www.jiproequip.com\/index.php\/producto\/bolsas-filtrantes-poex-peex\/\"]}]},{\"@type\":\"ImageObject\",\"inLanguage\":\"es\",\"@id\":\"https:\/\/www.jiproequip.com\/index.php\/producto\/bolsas-filtrantes-poex-peex\/#primaryimage\",\"url\":\"https:\/\/www.jiproequip.com\/wp-content\/uploads\/2023\/10\/Extended-Life-Filter-Bags_FSI_Columbec_B.png\",\"contentUrl\":\"https:\/\/www.jiproequip.com\/wp-content\/uploads\/2023\/10\/Extended-Life-Filter-Bags_FSI_Columbec_B.png\",\"width\":600,\"height\":600},{\"@type\":\"BreadcrumbList\",\"@id\":\"https:\/\/www.jiproequip.com\/index.php\/producto\/bolsas-filtrantes-poex-peex\/#breadcrumb\",\"itemListElement\":[{\"@type\":\"ListItem\",\"position\":1,\"name\":\"Home\",\"item\":\"https:\/\/www.jiproequip.com\/\"},{\"@type\":\"ListItem\",\"position\":2,\"name\":\"Tienda\",\"item\":\"https:\/\/www.jiproequip.com\/index.php\/tienda\/\"},{\"@type\":\"ListItem\",\"position\":3,\"name\":\"Bolsas filtrantes de larga vida \u00fatil\"}]},{\"@type\":\"WebSite\",\"@id\":\"https:\/\/www.jiproequip.com\/#website\",\"url\":\"https:\/\/www.jiproequip.com\/\",\"name\":\"Ji-proequip\",\"description\":\"Venta de equipos industriales con servicio t\u00e9cnico especializado\",\"publisher\":{\"@id\":\"https:\/\/www.jiproequip.com\/#organization\"},\"potentialAction\":[{\"@type\":\"SearchAction\",\"target\":{\"@type\":\"EntryPoint\",\"urlTemplate\":\"https:\/\/www.jiproequip.com\/?s={search_term_string}\"},\"query-input\":{\"@type\":\"PropertyValueSpecification\",\"valueRequired\":true,\"valueName\":\"search_term_string\"}}],\"inLanguage\":\"es\"},{\"@type\":\"Organization\",\"@id\":\"https:\/\/www.jiproequip.com\/#organization\",\"name\":\"Ji-proequip\",\"url\":\"https:\/\/www.jiproequip.com\/\",\"logo\":{\"@type\":\"ImageObject\",\"inLanguage\":\"es\",\"@id\":\"https:\/\/www.jiproequip.com\/#\/schema\/logo\/image\/\",\"url\":\"https:\/\/www.jiproequip.com\/wp-content\/uploads\/2025\/06\/LOGO-JIproequip-2025.png\",\"contentUrl\":\"https:\/\/www.jiproequip.com\/wp-content\/uploads\/2025\/06\/LOGO-JIproequip-2025.png\",\"width\":2433,\"height\":596,\"caption\":\"Ji-proequip\"},\"image\":{\"@id\":\"https:\/\/www.jiproequip.com\/#\/schema\/logo\/image\/\"}}]}<\/script>\n<!-- \/ Yoast SEO plugin. -->","yoast_head_json":{"title":"Bolsas filtrantes de larga vida \u00fatil - Ji-proequip","robots":{"index":"index","follow":"follow","max-snippet":"max-snippet:-1","max-image-preview":"max-image-preview:large","max-video-preview":"max-video-preview:-1"},"canonical":"https:\/\/www.jiproequip.com\/index.php\/producto\/bolsas-filtrantes-poex-peex\/","og_locale":"es_ES","og_type":"article","og_title":"Bolsas filtrantes de larga vida \u00fatil - Ji-proequip","og_description":"Bolsas filtrantes de larga vida \u00fatil (POEX y PEEX) proveen un rendimiento excepcional con muchos tipos de contaminantes tales como geles, part\u00edculas con diversos tama\u00f1os, y part\u00edculas con diferentes formas irregulares. Bolsas elaboradas con una capa gruesa de prefiltraci\u00f3n dise\u00f1ada para ampliar el tiempo de vida del producto, capas de capturar una amplia cantidad de [&hellip;]","og_url":"https:\/\/www.jiproequip.com\/index.php\/producto\/bolsas-filtrantes-poex-peex\/","og_site_name":"Ji-proequip","article_modified_time":"2023-10-26T01:56:18+00:00","og_image":[{"width":600,"height":600,"url":"https:\/\/www.jiproequip.com\/wp-content\/uploads\/2023\/10\/Extended-Life-Filter-Bags_FSI_Columbec_B.png","type":"image\/png"}],"twitter_card":"summary_large_image","twitter_misc":{"Tiempo de lectura":"1 minuto"},"schema":{"@context":"https:\/\/schema.org","@graph":[{"@type":"WebPage","@id":"https:\/\/www.jiproequip.com\/index.php\/producto\/bolsas-filtrantes-poex-peex\/","url":"https:\/\/www.jiproequip.com\/index.php\/producto\/bolsas-filtrantes-poex-peex\/","name":"Bolsas filtrantes de larga vida \u00fatil - Ji-proequip","isPartOf":{"@id":"https:\/\/www.jiproequip.com\/#website"},"primaryImageOfPage":{"@id":"https:\/\/www.jiproequip.com\/index.php\/producto\/bolsas-filtrantes-poex-peex\/#primaryimage"},"image":{"@id":"https:\/\/www.jiproequip.com\/index.php\/producto\/bolsas-filtrantes-poex-peex\/#primaryimage"},"thumbnailUrl":"https:\/\/www.jiproequip.com\/wp-content\/uploads\/2023\/10\/Extended-Life-Filter-Bags_FSI_Columbec_B.png","datePublished":"2023-10-26T01:53:08+00:00","dateModified":"2023-10-26T01:56:18+00:00","breadcrumb":{"@id":"https:\/\/www.jiproequip.com\/index.php\/producto\/bolsas-filtrantes-poex-peex\/#breadcrumb"},"inLanguage":"es","potentialAction":[{"@type":"ReadAction","target":["https:\/\/www.jiproequip.com\/index.php\/producto\/bolsas-filtrantes-poex-peex\/"]}]},{"@type":"ImageObject","inLanguage":"es","@id":"https:\/\/www.jiproequip.com\/index.php\/producto\/bolsas-filtrantes-poex-peex\/#primaryimage","url":"https:\/\/www.jiproequip.com\/wp-content\/uploads\/2023\/10\/Extended-Life-Filter-Bags_FSI_Columbec_B.png","contentUrl":"https:\/\/www.jiproequip.com\/wp-content\/uploads\/2023\/10\/Extended-Life-Filter-Bags_FSI_Columbec_B.png","width":600,"height":600},{"@type":"BreadcrumbList","@id":"https:\/\/www.jiproequip.com\/index.php\/producto\/bolsas-filtrantes-poex-peex\/#breadcrumb","itemListElement":[{"@type":"ListItem","position":1,"name":"Home","item":"https:\/\/www.jiproequip.com\/"},{"@type":"ListItem","position":2,"name":"Tienda","item":"https:\/\/www.jiproequip.com\/index.php\/tienda\/"},{"@type":"ListItem","position":3,"name":"Bolsas filtrantes de larga vida \u00fatil"}]},{"@type":"WebSite","@id":"https:\/\/www.jiproequip.com\/#website","url":"https:\/\/www.jiproequip.com\/","name":"Ji-proequip","description":"Venta de equipos industriales con servicio t\u00e9cnico especializado","publisher":{"@id":"https:\/\/www.jiproequip.com\/#organization"},"potentialAction":[{"@type":"SearchAction","target":{"@type":"EntryPoint","urlTemplate":"https:\/\/www.jiproequip.com\/?s={search_term_string}"},"query-input":{"@type":"PropertyValueSpecification","valueRequired":true,"valueName":"search_term_string"}}],"inLanguage":"es"},{"@type":"Organization","@id":"https:\/\/www.jiproequip.com\/#organization","name":"Ji-proequip","url":"https:\/\/www.jiproequip.com\/","logo":{"@type":"ImageObject","inLanguage":"es","@id":"https:\/\/www.jiproequip.com\/#\/schema\/logo\/image\/","url":"https:\/\/www.jiproequip.com\/wp-content\/uploads\/2025\/06\/LOGO-JIproequip-2025.png","contentUrl":"https:\/\/www.jiproequip.com\/wp-content\/uploads\/2025\/06\/LOGO-JIproequip-2025.png","width":2433,"height":596,"caption":"Ji-proequip"},"image":{"@id":"https:\/\/www.jiproequip.com\/#\/schema\/logo\/image\/"}}]}},"uagb_featured_image_src":{"full":["https:\/\/www.jiproequip.com\/wp-content\/uploads\/2023\/10\/Extended-Life-Filter-Bags_FSI_Columbec_B.png",600,600,false],"thumbnail":["https:\/\/www.jiproequip.com\/wp-content\/uploads\/2023\/10\/Extended-Life-Filter-Bags_FSI_Columbec_B.png",150,150,false],"medium":["https:\/\/www.jiproequip.com\/wp-content\/uploads\/2023\/10\/Extended-Life-Filter-Bags_FSI_Columbec_B.png",300,300,false],"medium_large":["https:\/\/www.jiproequip.com\/wp-content\/uploads\/2023\/10\/Extended-Life-Filter-Bags_FSI_Columbec_B.png",600,600,false],"large":["https:\/\/www.jiproequip.com\/wp-content\/uploads\/2023\/10\/Extended-Life-Filter-Bags_FSI_Columbec_B.png",600,600,false],"1536x1536":["https:\/\/www.jiproequip.com\/wp-content\/uploads\/2023\/10\/Extended-Life-Filter-Bags_FSI_Columbec_B.png",600,600,false],"2048x2048":["https:\/\/www.jiproequip.com\/wp-content\/uploads\/2023\/10\/Extended-Life-Filter-Bags_FSI_Columbec_B.png",600,600,false],"mailpoet_newsletter_max":["https:\/\/www.jiproequip.com\/wp-content\/uploads\/2023\/10\/Extended-Life-Filter-Bags_FSI_Columbec_B.png",600,600,false],"woocommerce_thumbnail":["https:\/\/www.jiproequip.com\/wp-content\/uploads\/2023\/10\/Extended-Life-Filter-Bags_FSI_Columbec_B.png",300,300,false],"woocommerce_single":["https:\/\/www.jiproequip.com\/wp-content\/uploads\/2023\/10\/Extended-Life-Filter-Bags_FSI_Columbec_B.png",600,600,false],"woocommerce_gallery_thumbnail":["https:\/\/www.jiproequip.com\/wp-content\/uploads\/2023\/10\/Extended-Life-Filter-Bags_FSI_Columbec_B.png",100,100,false]},"uagb_author_info":{"display_name":"admin_jiproeq","author_link":"https:\/\/www.jiproequip.com\/index.php\/author\/"},"uagb_comment_info":0,"uagb_excerpt":"Bolsas filtrantes de larga vida \u00fatil (POEX y PEEX) proveen un rendimiento excepcional con muchos tipos de contaminantes tales como geles, part\u00edculas con diversos tama\u00f1os, y part\u00edculas con diferentes formas irregulares. Bolsas elaboradas con una capa gruesa de prefiltraci\u00f3n dise\u00f1ada para ampliar el tiempo de vida del producto, capas de capturar una amplia cantidad de&hellip;","jetpack_sharing_enabled":true,"_links":{"self":[{"href":"https:\/\/www.jiproequip.com\/index.php\/wp-json\/wp\/v2\/product\/3735","targetHints":{"allow":["GET"]}}],"collection":[{"href":"https:\/\/www.jiproequip.com\/index.php\/wp-json\/wp\/v2\/product"}],"about":[{"href":"https:\/\/www.jiproequip.com\/index.php\/wp-json\/wp\/v2\/types\/product"}],"replies":[{"embeddable":true,"href":"https:\/\/www.jiproequip.com\/index.php\/wp-json\/wp\/v2\/comments?post=3735"}],"wp:featuredmedia":[{"embeddable":true,"href":"https:\/\/www.jiproequip.com\/index.php\/wp-json\/wp\/v2\/media\/3718"}],"wp:attachment":[{"href":"https:\/\/www.jiproequip.com\/index.php\/wp-json\/wp\/v2\/media?parent=3735"}],"wp:term":[{"taxonomy":"product_brand","embeddable":true,"href":"https:\/\/www.jiproequip.com\/index.php\/wp-json\/wp\/v2\/product_brand?post=3735"},{"taxonomy":"product_cat","embeddable":true,"href":"https:\/\/www.jiproequip.com\/index.php\/wp-json\/wp\/v2\/product_cat?post=3735"},{"taxonomy":"product_tag","embeddable":true,"href":"https:\/\/www.jiproequip.com\/index.php\/wp-json\/wp\/v2\/product_tag?post=3735"}],"curies":[{"name":"wp","href":"https:\/\/api.w.org\/{rel}","templated":true}]}}