{"id":3771,"date":"2023-10-26T22:41:09","date_gmt":"2023-10-27T03:41:09","guid":{"rendered":"https:\/\/www.jiproequip.com\/?post_type=product&#038;p=3771"},"modified":"2023-10-26T22:46:01","modified_gmt":"2023-10-27T03:46:01","slug":"bomba-electrica-diesel-gasolina-queroseno-con-manguera-pistola","status":"publish","type":"product","link":"https:\/\/www.jiproequip.com\/index.php\/producto\/bomba-electrica-diesel-gasolina-queroseno-con-manguera-pistola\/","title":{"rendered":"Bomba el\u00e9ctrica de di\u00e9sel, gasolina o queroseno con manguera y pistola"},"content":{"rendered":"<div class=\"pl_i2c\">\n<div class=\"pl_i2c\">\n<div class=\"pl_i2c\">\n<div class=\"pl_i2c\">\n<div class=\"pl_i2c\">\n<div class=\"pl_i2c\">\n<div class=\"pl_i2c\">\n<div class=\"pl_i2c\">\n<div class=\"pl_i2c\">\n<p>Esta bomba est\u00e1ndar industrial distribuye hasta 15 GPM (57 LPM). Es ideal para bombear gran variedad de combustibles como gasolina, combustible di\u00e9sel y queroseno. Con una demanda de amperios baja y eficiente. Motor a prueba de explosiones y homologado.<\/p>\n<p>El sistema viene completo con una manguera con alambre est\u00e1tico de 12 pies, pistola manual y filtro incorporado.<\/p>\n<p>Ofrece un dispensado de combustible de hasta 15 GPM. Un motor de 1\/4 HP y homologado. Compatible con di\u00e9sel, gasolina, queroseno, E15, biodiesel hasta B20.<\/p>\n<p>Base roscada de 2 pulgadas para instalaci\u00f3n en tanques. Construcci\u00f3n de hierro fundido resistente con rotor de bronce fundido y paletas rotatorias de bronce.<\/p>\n<\/div>\n<\/div>\n<p><img loading=\"lazy\" decoding=\"async\" class=\"alignnone wp-image-3772 size-full\" src=\"http:\/\/https:\/\/www.jiproequip.com\/wp-content\/uploads\/2023\/10\/Bomba_electrica_diesel_gasolina_queroseno_FillRite_Columbec_02_B.png\" alt=\"\" width=\"680\" height=\"571\" \/><\/p>\n<\/div>\n<\/div>\n<\/div>\n<\/div>\n<\/div>\n<\/div>\n<\/div>\n","protected":false},"excerpt":{"rendered":"<p>Esta bomba est\u00e1ndar industrial distribuye hasta 15 GPM (57 LPM). Es ideal para bombear gran variedad de combustibles como gasolina, combustible di\u00e9sel y queroseno. Con una demanda de amperios baja y eficiente. Motor a prueba de explosiones y homologado. El sistema viene completo con una manguera con alambre est\u00e1tico de 12 pies, pistola manual y [&hellip;]<\/p>\n","protected":false},"featured_media":3760,"comment_status":"open","ping_status":"closed","template":"","meta":{"_uag_custom_page_level_css":""},"product_brand":[],"product_cat":[67],"product_tag":[],"class_list":{"0":"post-3771","1":"product","2":"type-product","3":"status-publish","4":"has-post-thumbnail","6":"product_cat-bombas-de-combustibles","8":"first","9":"instock","10":"shipping-taxable","11":"product-type-simple"},"yoast_head":"<!-- This site is optimized with the Yoast SEO plugin v25.2 - https:\/\/yoast.com\/wordpress\/plugins\/seo\/ -->\n<title>Bomba el\u00e9ctrica de di\u00e9sel, gasolina o queroseno con manguera y pistola - Ji-proequip<\/title>\n<meta name=\"robots\" content=\"index, follow, max-snippet:-1, max-image-preview:large, max-video-preview:-1\" \/>\n<link rel=\"canonical\" href=\"https:\/\/www.jiproequip.com\/index.php\/producto\/bomba-electrica-diesel-gasolina-queroseno-con-manguera-pistola\/\" \/>\n<meta property=\"og:locale\" content=\"es_ES\" \/>\n<meta property=\"og:type\" content=\"article\" \/>\n<meta property=\"og:title\" content=\"Bomba el\u00e9ctrica de di\u00e9sel, gasolina o queroseno con manguera y pistola - Ji-proequip\" \/>\n<meta property=\"og:description\" content=\"Esta bomba est\u00e1ndar industrial distribuye hasta 15 GPM (57 LPM). Es ideal para bombear gran variedad de combustibles como gasolina, combustible di\u00e9sel y queroseno. Con una demanda de amperios baja y eficiente. Motor a prueba de explosiones y homologado. El sistema viene completo con una manguera con alambre est\u00e1tico de 12 pies, pistola manual y [&hellip;]\" \/>\n<meta property=\"og:url\" content=\"https:\/\/www.jiproequip.com\/index.php\/producto\/bomba-electrica-diesel-gasolina-queroseno-con-manguera-pistola\/\" \/>\n<meta property=\"og:site_name\" content=\"Ji-proequip\" \/>\n<meta property=\"article:modified_time\" content=\"2023-10-27T03:46:01+00:00\" \/>\n<meta property=\"og:image\" content=\"https:\/\/www.jiproequip.com\/wp-content\/uploads\/2023\/10\/Bomba_automatica_alto_flujo_diseno_compacto_FillRite_Columbec_B.png\" \/>\n\t<meta property=\"og:image:width\" content=\"300\" \/>\n\t<meta property=\"og:image:height\" content=\"200\" \/>\n\t<meta property=\"og:image:type\" content=\"image\/png\" \/>\n<meta name=\"twitter:card\" content=\"summary_large_image\" \/>\n<meta name=\"twitter:label1\" content=\"Tiempo de lectura\" \/>\n\t<meta name=\"twitter:data1\" content=\"1 minuto\" \/>\n<script type=\"application\/ld+json\" class=\"yoast-schema-graph\">{\"@context\":\"https:\/\/schema.org\",\"@graph\":[{\"@type\":\"WebPage\",\"@id\":\"https:\/\/www.jiproequip.com\/index.php\/producto\/bomba-electrica-diesel-gasolina-queroseno-con-manguera-pistola\/\",\"url\":\"https:\/\/www.jiproequip.com\/index.php\/producto\/bomba-electrica-diesel-gasolina-queroseno-con-manguera-pistola\/\",\"name\":\"Bomba el\u00e9ctrica de di\u00e9sel, gasolina o queroseno con manguera y pistola - Ji-proequip\",\"isPartOf\":{\"@id\":\"https:\/\/www.jiproequip.com\/#website\"},\"primaryImageOfPage\":{\"@id\":\"https:\/\/www.jiproequip.com\/index.php\/producto\/bomba-electrica-diesel-gasolina-queroseno-con-manguera-pistola\/#primaryimage\"},\"image\":{\"@id\":\"https:\/\/www.jiproequip.com\/index.php\/producto\/bomba-electrica-diesel-gasolina-queroseno-con-manguera-pistola\/#primaryimage\"},\"thumbnailUrl\":\"https:\/\/www.jiproequip.com\/wp-content\/uploads\/2023\/10\/Bomba_automatica_alto_flujo_diseno_compacto_FillRite_Columbec_B.png\",\"datePublished\":\"2023-10-27T03:41:09+00:00\",\"dateModified\":\"2023-10-27T03:46:01+00:00\",\"breadcrumb\":{\"@id\":\"https:\/\/www.jiproequip.com\/index.php\/producto\/bomba-electrica-diesel-gasolina-queroseno-con-manguera-pistola\/#breadcrumb\"},\"inLanguage\":\"es\",\"potentialAction\":[{\"@type\":\"ReadAction\",\"target\":[\"https:\/\/www.jiproequip.com\/index.php\/producto\/bomba-electrica-diesel-gasolina-queroseno-con-manguera-pistola\/\"]}]},{\"@type\":\"ImageObject\",\"inLanguage\":\"es\",\"@id\":\"https:\/\/www.jiproequip.com\/index.php\/producto\/bomba-electrica-diesel-gasolina-queroseno-con-manguera-pistola\/#primaryimage\",\"url\":\"https:\/\/www.jiproequip.com\/wp-content\/uploads\/2023\/10\/Bomba_automatica_alto_flujo_diseno_compacto_FillRite_Columbec_B.png\",\"contentUrl\":\"https:\/\/www.jiproequip.com\/wp-content\/uploads\/2023\/10\/Bomba_automatica_alto_flujo_diseno_compacto_FillRite_Columbec_B.png\",\"width\":300,\"height\":200},{\"@type\":\"BreadcrumbList\",\"@id\":\"https:\/\/www.jiproequip.com\/index.php\/producto\/bomba-electrica-diesel-gasolina-queroseno-con-manguera-pistola\/#breadcrumb\",\"itemListElement\":[{\"@type\":\"ListItem\",\"position\":1,\"name\":\"Home\",\"item\":\"https:\/\/www.jiproequip.com\/\"},{\"@type\":\"ListItem\",\"position\":2,\"name\":\"Tienda\",\"item\":\"https:\/\/www.jiproequip.com\/index.php\/tienda\/\"},{\"@type\":\"ListItem\",\"position\":3,\"name\":\"Bomba el\u00e9ctrica de di\u00e9sel, gasolina o queroseno con manguera y pistola\"}]},{\"@type\":\"WebSite\",\"@id\":\"https:\/\/www.jiproequip.com\/#website\",\"url\":\"https:\/\/www.jiproequip.com\/\",\"name\":\"Ji-proequip\",\"description\":\"Venta de equipos industriales con servicio t\u00e9cnico especializado\",\"publisher\":{\"@id\":\"https:\/\/www.jiproequip.com\/#organization\"},\"potentialAction\":[{\"@type\":\"SearchAction\",\"target\":{\"@type\":\"EntryPoint\",\"urlTemplate\":\"https:\/\/www.jiproequip.com\/?s={search_term_string}\"},\"query-input\":{\"@type\":\"PropertyValueSpecification\",\"valueRequired\":true,\"valueName\":\"search_term_string\"}}],\"inLanguage\":\"es\"},{\"@type\":\"Organization\",\"@id\":\"https:\/\/www.jiproequip.com\/#organization\",\"name\":\"Ji-proequip\",\"url\":\"https:\/\/www.jiproequip.com\/\",\"logo\":{\"@type\":\"ImageObject\",\"inLanguage\":\"es\",\"@id\":\"https:\/\/www.jiproequip.com\/#\/schema\/logo\/image\/\",\"url\":\"https:\/\/www.jiproequip.com\/wp-content\/uploads\/2025\/06\/LOGO-JIproequip-2025.png\",\"contentUrl\":\"https:\/\/www.jiproequip.com\/wp-content\/uploads\/2025\/06\/LOGO-JIproequip-2025.png\",\"width\":2433,\"height\":596,\"caption\":\"Ji-proequip\"},\"image\":{\"@id\":\"https:\/\/www.jiproequip.com\/#\/schema\/logo\/image\/\"}}]}<\/script>\n<!-- \/ Yoast SEO plugin. -->","yoast_head_json":{"title":"Bomba el\u00e9ctrica de di\u00e9sel, gasolina o queroseno con manguera y pistola - Ji-proequip","robots":{"index":"index","follow":"follow","max-snippet":"max-snippet:-1","max-image-preview":"max-image-preview:large","max-video-preview":"max-video-preview:-1"},"canonical":"https:\/\/www.jiproequip.com\/index.php\/producto\/bomba-electrica-diesel-gasolina-queroseno-con-manguera-pistola\/","og_locale":"es_ES","og_type":"article","og_title":"Bomba el\u00e9ctrica de di\u00e9sel, gasolina o queroseno con manguera y pistola - Ji-proequip","og_description":"Esta bomba est\u00e1ndar industrial distribuye hasta 15 GPM (57 LPM). Es ideal para bombear gran variedad de combustibles como gasolina, combustible di\u00e9sel y queroseno. Con una demanda de amperios baja y eficiente. Motor a prueba de explosiones y homologado. El sistema viene completo con una manguera con alambre est\u00e1tico de 12 pies, pistola manual y [&hellip;]","og_url":"https:\/\/www.jiproequip.com\/index.php\/producto\/bomba-electrica-diesel-gasolina-queroseno-con-manguera-pistola\/","og_site_name":"Ji-proequip","article_modified_time":"2023-10-27T03:46:01+00:00","og_image":[{"width":300,"height":200,"url":"https:\/\/www.jiproequip.com\/wp-content\/uploads\/2023\/10\/Bomba_automatica_alto_flujo_diseno_compacto_FillRite_Columbec_B.png","type":"image\/png"}],"twitter_card":"summary_large_image","twitter_misc":{"Tiempo de lectura":"1 minuto"},"schema":{"@context":"https:\/\/schema.org","@graph":[{"@type":"WebPage","@id":"https:\/\/www.jiproequip.com\/index.php\/producto\/bomba-electrica-diesel-gasolina-queroseno-con-manguera-pistola\/","url":"https:\/\/www.jiproequip.com\/index.php\/producto\/bomba-electrica-diesel-gasolina-queroseno-con-manguera-pistola\/","name":"Bomba el\u00e9ctrica de di\u00e9sel, gasolina o queroseno con manguera y pistola - Ji-proequip","isPartOf":{"@id":"https:\/\/www.jiproequip.com\/#website"},"primaryImageOfPage":{"@id":"https:\/\/www.jiproequip.com\/index.php\/producto\/bomba-electrica-diesel-gasolina-queroseno-con-manguera-pistola\/#primaryimage"},"image":{"@id":"https:\/\/www.jiproequip.com\/index.php\/producto\/bomba-electrica-diesel-gasolina-queroseno-con-manguera-pistola\/#primaryimage"},"thumbnailUrl":"https:\/\/www.jiproequip.com\/wp-content\/uploads\/2023\/10\/Bomba_automatica_alto_flujo_diseno_compacto_FillRite_Columbec_B.png","datePublished":"2023-10-27T03:41:09+00:00","dateModified":"2023-10-27T03:46:01+00:00","breadcrumb":{"@id":"https:\/\/www.jiproequip.com\/index.php\/producto\/bomba-electrica-diesel-gasolina-queroseno-con-manguera-pistola\/#breadcrumb"},"inLanguage":"es","potentialAction":[{"@type":"ReadAction","target":["https:\/\/www.jiproequip.com\/index.php\/producto\/bomba-electrica-diesel-gasolina-queroseno-con-manguera-pistola\/"]}]},{"@type":"ImageObject","inLanguage":"es","@id":"https:\/\/www.jiproequip.com\/index.php\/producto\/bomba-electrica-diesel-gasolina-queroseno-con-manguera-pistola\/#primaryimage","url":"https:\/\/www.jiproequip.com\/wp-content\/uploads\/2023\/10\/Bomba_automatica_alto_flujo_diseno_compacto_FillRite_Columbec_B.png","contentUrl":"https:\/\/www.jiproequip.com\/wp-content\/uploads\/2023\/10\/Bomba_automatica_alto_flujo_diseno_compacto_FillRite_Columbec_B.png","width":300,"height":200},{"@type":"BreadcrumbList","@id":"https:\/\/www.jiproequip.com\/index.php\/producto\/bomba-electrica-diesel-gasolina-queroseno-con-manguera-pistola\/#breadcrumb","itemListElement":[{"@type":"ListItem","position":1,"name":"Home","item":"https:\/\/www.jiproequip.com\/"},{"@type":"ListItem","position":2,"name":"Tienda","item":"https:\/\/www.jiproequip.com\/index.php\/tienda\/"},{"@type":"ListItem","position":3,"name":"Bomba el\u00e9ctrica de di\u00e9sel, gasolina o queroseno con manguera y pistola"}]},{"@type":"WebSite","@id":"https:\/\/www.jiproequip.com\/#website","url":"https:\/\/www.jiproequip.com\/","name":"Ji-proequip","description":"Venta de equipos industriales con servicio t\u00e9cnico especializado","publisher":{"@id":"https:\/\/www.jiproequip.com\/#organization"},"potentialAction":[{"@type":"SearchAction","target":{"@type":"EntryPoint","urlTemplate":"https:\/\/www.jiproequip.com\/?s={search_term_string}"},"query-input":{"@type":"PropertyValueSpecification","valueRequired":true,"valueName":"search_term_string"}}],"inLanguage":"es"},{"@type":"Organization","@id":"https:\/\/www.jiproequip.com\/#organization","name":"Ji-proequip","url":"https:\/\/www.jiproequip.com\/","logo":{"@type":"ImageObject","inLanguage":"es","@id":"https:\/\/www.jiproequip.com\/#\/schema\/logo\/image\/","url":"https:\/\/www.jiproequip.com\/wp-content\/uploads\/2025\/06\/LOGO-JIproequip-2025.png","contentUrl":"https:\/\/www.jiproequip.com\/wp-content\/uploads\/2025\/06\/LOGO-JIproequip-2025.png","width":2433,"height":596,"caption":"Ji-proequip"},"image":{"@id":"https:\/\/www.jiproequip.com\/#\/schema\/logo\/image\/"}}]}},"uagb_featured_image_src":{"full":["https:\/\/www.jiproequip.com\/wp-content\/uploads\/2023\/10\/Bomba_automatica_alto_flujo_diseno_compacto_FillRite_Columbec_B.png",300,200,false],"thumbnail":["https:\/\/www.jiproequip.com\/wp-content\/uploads\/2023\/10\/Bomba_automatica_alto_flujo_diseno_compacto_FillRite_Columbec_B.png",150,100,false],"medium":["https:\/\/www.jiproequip.com\/wp-content\/uploads\/2023\/10\/Bomba_automatica_alto_flujo_diseno_compacto_FillRite_Columbec_B.png",300,200,false],"medium_large":["https:\/\/www.jiproequip.com\/wp-content\/uploads\/2023\/10\/Bomba_automatica_alto_flujo_diseno_compacto_FillRite_Columbec_B.png",300,200,false],"large":["https:\/\/www.jiproequip.com\/wp-content\/uploads\/2023\/10\/Bomba_automatica_alto_flujo_diseno_compacto_FillRite_Columbec_B.png",300,200,false],"1536x1536":["https:\/\/www.jiproequip.com\/wp-content\/uploads\/2023\/10\/Bomba_automatica_alto_flujo_diseno_compacto_FillRite_Columbec_B.png",300,200,false],"2048x2048":["https:\/\/www.jiproequip.com\/wp-content\/uploads\/2023\/10\/Bomba_automatica_alto_flujo_diseno_compacto_FillRite_Columbec_B.png",300,200,false],"mailpoet_newsletter_max":["https:\/\/www.jiproequip.com\/wp-content\/uploads\/2023\/10\/Bomba_automatica_alto_flujo_diseno_compacto_FillRite_Columbec_B.png",300,200,false],"woocommerce_thumbnail":["https:\/\/www.jiproequip.com\/wp-content\/uploads\/2023\/10\/Bomba_automatica_alto_flujo_diseno_compacto_FillRite_Columbec_B.png",300,200,false],"woocommerce_single":["https:\/\/www.jiproequip.com\/wp-content\/uploads\/2023\/10\/Bomba_automatica_alto_flujo_diseno_compacto_FillRite_Columbec_B.png",300,200,false],"woocommerce_gallery_thumbnail":["https:\/\/www.jiproequip.com\/wp-content\/uploads\/2023\/10\/Bomba_automatica_alto_flujo_diseno_compacto_FillRite_Columbec_B-100x100.png",100,100,true]},"uagb_author_info":{"display_name":"admin_jiproeq","author_link":"https:\/\/www.jiproequip.com\/index.php\/author\/"},"uagb_comment_info":0,"uagb_excerpt":"Esta bomba est\u00e1ndar industrial distribuye hasta 15 GPM (57 LPM). Es ideal para bombear gran variedad de combustibles como gasolina, combustible di\u00e9sel y queroseno. Con una demanda de amperios baja y eficiente. Motor a prueba de explosiones y homologado. El sistema viene completo con una manguera con alambre est\u00e1tico de 12 pies, pistola manual y&hellip;","jetpack_sharing_enabled":true,"_links":{"self":[{"href":"https:\/\/www.jiproequip.com\/index.php\/wp-json\/wp\/v2\/product\/3771","targetHints":{"allow":["GET"]}}],"collection":[{"href":"https:\/\/www.jiproequip.com\/index.php\/wp-json\/wp\/v2\/product"}],"about":[{"href":"https:\/\/www.jiproequip.com\/index.php\/wp-json\/wp\/v2\/types\/product"}],"replies":[{"embeddable":true,"href":"https:\/\/www.jiproequip.com\/index.php\/wp-json\/wp\/v2\/comments?post=3771"}],"wp:featuredmedia":[{"embeddable":true,"href":"https:\/\/www.jiproequip.com\/index.php\/wp-json\/wp\/v2\/media\/3760"}],"wp:attachment":[{"href":"https:\/\/www.jiproequip.com\/index.php\/wp-json\/wp\/v2\/media?parent=3771"}],"wp:term":[{"taxonomy":"product_brand","embeddable":true,"href":"https:\/\/www.jiproequip.com\/index.php\/wp-json\/wp\/v2\/product_brand?post=3771"},{"taxonomy":"product_cat","embeddable":true,"href":"https:\/\/www.jiproequip.com\/index.php\/wp-json\/wp\/v2\/product_cat?post=3771"},{"taxonomy":"product_tag","embeddable":true,"href":"https:\/\/www.jiproequip.com\/index.php\/wp-json\/wp\/v2\/product_tag?post=3771"}],"curies":[{"name":"wp","href":"https:\/\/api.w.org\/{rel}","templated":true}]}}