{"id":3846,"date":"2023-10-28T13:21:15","date_gmt":"2023-10-28T18:21:15","guid":{"rendered":"https:\/\/www.jiproequip.com\/?post_type=product&#038;p=3846"},"modified":"2023-10-28T14:08:41","modified_gmt":"2023-10-28T19:08:41","slug":"puente-lavado-vehicular-compacto","status":"publish","type":"product","link":"https:\/\/www.jiproequip.com\/index.php\/producto\/puente-lavado-vehicular-compacto\/","title":{"rendered":"Puente de auto-lavado b\u00e1sico"},"content":{"rendered":"<div class=\"pl_i2c\">\n<div class=\"pl_i2c\">\n<div class=\"pl_i2c\">\n<div class=\"pl_i2c\">\n<div class=\"pl_i2c\">\n<div class=\"pl_i2c\">\n<div class=\"pl_i2c\">\n<div class=\"pl_i2c\">\n<div class=\"pl_i2c\">\n<div class=\"pl_i2c\">\n<div class=\"pl_i2c\">\n<div class=\"pl_i2c\">\n<div class=\"pl_i2c\">\n<p>Ofrece un lavado de veh\u00edculos profesional y con excelentes resultados, disponible en altura \u00fatil de hasta 2,9 metros y ancho hasta de 3,5 metros.<\/p>\n<div class=\"arprH0\">\n<p>Esta m\u00e1quina puede realizar funciones como prelavado, lavado con material de limpieza suave y secado. Posee un tablero electr\u00f3nico para regular la posici\u00f3n de los cepillos para un correcto acople de los mismos a la superficie del veh\u00edculo adem\u00e1s posee un sistema de dosificaci\u00f3n para los productos qu\u00edmicos asegurando siempre el mejor tratamiento para la superficie de los veh\u00edculos que sean lavados.<br \/>\nSi existe el requerimiento de realizar un tratamiento m\u00e1s suave para cuidar la superficie del veh\u00edculo pregunte por el cat\u00e1logo de cepillos de polietileno o en materiales especiales los mismos que si se acoplan a este modelo.<\/p>\n<p>La ventaja de adquirir una m\u00e1quina de autolavado es que por si sola es una forma muy llamativa de invitar a los clientes a participar de la experiencia de lavado, por ello este modelo esta disponible en los cuatro dise\u00f1os todos con la misma funcionalidad antes mencionada<\/p>\n<p>&nbsp;<\/p>\n<figure><\/figure>\n<\/div>\n<\/div>\n<\/div>\n<\/div>\n<\/div>\n<\/div>\n<\/div>\n<\/div>\n<\/div>\n<\/div>\n<\/div>\n<\/div>\n<\/div>\n<\/div>\n","protected":false},"excerpt":{"rendered":"<p>Ofrece un lavado de veh\u00edculos profesional y con excelentes resultados, disponible en altura \u00fatil de hasta 2,9 metros y ancho hasta de 3,5 metros. Esta m\u00e1quina puede realizar funciones como prelavado, lavado con material de limpieza suave y secado. Posee un tablero electr\u00f3nico para regular la posici\u00f3n de los cepillos para un correcto acople de [&hellip;]<\/p>\n","protected":false},"featured_media":3852,"comment_status":"open","ping_status":"closed","template":"","meta":{"_uag_custom_page_level_css":""},"product_brand":[],"product_cat":[71],"product_tag":[],"class_list":{"0":"post-3846","1":"product","2":"type-product","3":"status-publish","4":"has-post-thumbnail","6":"product_cat-tuneles-lavado-vehicular","8":"first","9":"instock","10":"shipping-taxable","11":"product-type-simple"},"yoast_head":"<!-- This site is optimized with the Yoast SEO plugin v25.2 - https:\/\/yoast.com\/wordpress\/plugins\/seo\/ -->\n<title>Puente de auto-lavado b\u00e1sico - Ji-proequip<\/title>\n<meta name=\"robots\" content=\"index, follow, max-snippet:-1, max-image-preview:large, max-video-preview:-1\" \/>\n<link rel=\"canonical\" href=\"https:\/\/www.jiproequip.com\/index.php\/producto\/puente-lavado-vehicular-compacto\/\" \/>\n<meta property=\"og:locale\" content=\"es_ES\" \/>\n<meta property=\"og:type\" content=\"article\" \/>\n<meta property=\"og:title\" content=\"Puente de auto-lavado b\u00e1sico - Ji-proequip\" \/>\n<meta property=\"og:description\" content=\"Ofrece un lavado de veh\u00edculos profesional y con excelentes resultados, disponible en altura \u00fatil de hasta 2,9 metros y ancho hasta de 3,5 metros. Esta m\u00e1quina puede realizar funciones como prelavado, lavado con material de limpieza suave y secado. Posee un tablero electr\u00f3nico para regular la posici\u00f3n de los cepillos para un correcto acople de [&hellip;]\" \/>\n<meta property=\"og:url\" content=\"https:\/\/www.jiproequip.com\/index.php\/producto\/puente-lavado-vehicular-compacto\/\" \/>\n<meta property=\"og:site_name\" content=\"Ji-proequip\" \/>\n<meta property=\"article:modified_time\" content=\"2023-10-28T19:08:41+00:00\" \/>\n<meta property=\"og:image\" content=\"https:\/\/www.jiproequip.com\/wp-content\/uploads\/2023\/10\/easywash_Columbec_01_B.png\" \/>\n\t<meta property=\"og:image:width\" content=\"600\" \/>\n\t<meta property=\"og:image:height\" content=\"600\" \/>\n\t<meta property=\"og:image:type\" content=\"image\/png\" \/>\n<meta name=\"twitter:card\" content=\"summary_large_image\" \/>\n<meta name=\"twitter:label1\" content=\"Tiempo de lectura\" \/>\n\t<meta name=\"twitter:data1\" content=\"1 minuto\" \/>\n<script type=\"application\/ld+json\" class=\"yoast-schema-graph\">{\"@context\":\"https:\/\/schema.org\",\"@graph\":[{\"@type\":\"WebPage\",\"@id\":\"https:\/\/www.jiproequip.com\/index.php\/producto\/puente-lavado-vehicular-compacto\/\",\"url\":\"https:\/\/www.jiproequip.com\/index.php\/producto\/puente-lavado-vehicular-compacto\/\",\"name\":\"Puente de auto-lavado b\u00e1sico - Ji-proequip\",\"isPartOf\":{\"@id\":\"https:\/\/www.jiproequip.com\/#website\"},\"primaryImageOfPage\":{\"@id\":\"https:\/\/www.jiproequip.com\/index.php\/producto\/puente-lavado-vehicular-compacto\/#primaryimage\"},\"image\":{\"@id\":\"https:\/\/www.jiproequip.com\/index.php\/producto\/puente-lavado-vehicular-compacto\/#primaryimage\"},\"thumbnailUrl\":\"https:\/\/www.jiproequip.com\/wp-content\/uploads\/2023\/10\/easywash_Columbec_01_B.png\",\"datePublished\":\"2023-10-28T18:21:15+00:00\",\"dateModified\":\"2023-10-28T19:08:41+00:00\",\"breadcrumb\":{\"@id\":\"https:\/\/www.jiproequip.com\/index.php\/producto\/puente-lavado-vehicular-compacto\/#breadcrumb\"},\"inLanguage\":\"es\",\"potentialAction\":[{\"@type\":\"ReadAction\",\"target\":[\"https:\/\/www.jiproequip.com\/index.php\/producto\/puente-lavado-vehicular-compacto\/\"]}]},{\"@type\":\"ImageObject\",\"inLanguage\":\"es\",\"@id\":\"https:\/\/www.jiproequip.com\/index.php\/producto\/puente-lavado-vehicular-compacto\/#primaryimage\",\"url\":\"https:\/\/www.jiproequip.com\/wp-content\/uploads\/2023\/10\/easywash_Columbec_01_B.png\",\"contentUrl\":\"https:\/\/www.jiproequip.com\/wp-content\/uploads\/2023\/10\/easywash_Columbec_01_B.png\",\"width\":600,\"height\":600},{\"@type\":\"BreadcrumbList\",\"@id\":\"https:\/\/www.jiproequip.com\/index.php\/producto\/puente-lavado-vehicular-compacto\/#breadcrumb\",\"itemListElement\":[{\"@type\":\"ListItem\",\"position\":1,\"name\":\"Home\",\"item\":\"https:\/\/www.jiproequip.com\/\"},{\"@type\":\"ListItem\",\"position\":2,\"name\":\"Tienda\",\"item\":\"https:\/\/www.jiproequip.com\/index.php\/tienda\/\"},{\"@type\":\"ListItem\",\"position\":3,\"name\":\"Puente de auto-lavado b\u00e1sico\"}]},{\"@type\":\"WebSite\",\"@id\":\"https:\/\/www.jiproequip.com\/#website\",\"url\":\"https:\/\/www.jiproequip.com\/\",\"name\":\"Ji-proequip\",\"description\":\"Venta de equipos industriales con servicio t\u00e9cnico especializado\",\"publisher\":{\"@id\":\"https:\/\/www.jiproequip.com\/#organization\"},\"potentialAction\":[{\"@type\":\"SearchAction\",\"target\":{\"@type\":\"EntryPoint\",\"urlTemplate\":\"https:\/\/www.jiproequip.com\/?s={search_term_string}\"},\"query-input\":{\"@type\":\"PropertyValueSpecification\",\"valueRequired\":true,\"valueName\":\"search_term_string\"}}],\"inLanguage\":\"es\"},{\"@type\":\"Organization\",\"@id\":\"https:\/\/www.jiproequip.com\/#organization\",\"name\":\"Ji-proequip\",\"url\":\"https:\/\/www.jiproequip.com\/\",\"logo\":{\"@type\":\"ImageObject\",\"inLanguage\":\"es\",\"@id\":\"https:\/\/www.jiproequip.com\/#\/schema\/logo\/image\/\",\"url\":\"https:\/\/www.jiproequip.com\/wp-content\/uploads\/2025\/06\/LOGO-JIproequip-2025.png\",\"contentUrl\":\"https:\/\/www.jiproequip.com\/wp-content\/uploads\/2025\/06\/LOGO-JIproequip-2025.png\",\"width\":2433,\"height\":596,\"caption\":\"Ji-proequip\"},\"image\":{\"@id\":\"https:\/\/www.jiproequip.com\/#\/schema\/logo\/image\/\"}}]}<\/script>\n<!-- \/ Yoast SEO plugin. -->","yoast_head_json":{"title":"Puente de auto-lavado b\u00e1sico - Ji-proequip","robots":{"index":"index","follow":"follow","max-snippet":"max-snippet:-1","max-image-preview":"max-image-preview:large","max-video-preview":"max-video-preview:-1"},"canonical":"https:\/\/www.jiproequip.com\/index.php\/producto\/puente-lavado-vehicular-compacto\/","og_locale":"es_ES","og_type":"article","og_title":"Puente de auto-lavado b\u00e1sico - Ji-proequip","og_description":"Ofrece un lavado de veh\u00edculos profesional y con excelentes resultados, disponible en altura \u00fatil de hasta 2,9 metros y ancho hasta de 3,5 metros. Esta m\u00e1quina puede realizar funciones como prelavado, lavado con material de limpieza suave y secado. Posee un tablero electr\u00f3nico para regular la posici\u00f3n de los cepillos para un correcto acople de [&hellip;]","og_url":"https:\/\/www.jiproequip.com\/index.php\/producto\/puente-lavado-vehicular-compacto\/","og_site_name":"Ji-proequip","article_modified_time":"2023-10-28T19:08:41+00:00","og_image":[{"width":600,"height":600,"url":"https:\/\/www.jiproequip.com\/wp-content\/uploads\/2023\/10\/easywash_Columbec_01_B.png","type":"image\/png"}],"twitter_card":"summary_large_image","twitter_misc":{"Tiempo de lectura":"1 minuto"},"schema":{"@context":"https:\/\/schema.org","@graph":[{"@type":"WebPage","@id":"https:\/\/www.jiproequip.com\/index.php\/producto\/puente-lavado-vehicular-compacto\/","url":"https:\/\/www.jiproequip.com\/index.php\/producto\/puente-lavado-vehicular-compacto\/","name":"Puente de auto-lavado b\u00e1sico - Ji-proequip","isPartOf":{"@id":"https:\/\/www.jiproequip.com\/#website"},"primaryImageOfPage":{"@id":"https:\/\/www.jiproequip.com\/index.php\/producto\/puente-lavado-vehicular-compacto\/#primaryimage"},"image":{"@id":"https:\/\/www.jiproequip.com\/index.php\/producto\/puente-lavado-vehicular-compacto\/#primaryimage"},"thumbnailUrl":"https:\/\/www.jiproequip.com\/wp-content\/uploads\/2023\/10\/easywash_Columbec_01_B.png","datePublished":"2023-10-28T18:21:15+00:00","dateModified":"2023-10-28T19:08:41+00:00","breadcrumb":{"@id":"https:\/\/www.jiproequip.com\/index.php\/producto\/puente-lavado-vehicular-compacto\/#breadcrumb"},"inLanguage":"es","potentialAction":[{"@type":"ReadAction","target":["https:\/\/www.jiproequip.com\/index.php\/producto\/puente-lavado-vehicular-compacto\/"]}]},{"@type":"ImageObject","inLanguage":"es","@id":"https:\/\/www.jiproequip.com\/index.php\/producto\/puente-lavado-vehicular-compacto\/#primaryimage","url":"https:\/\/www.jiproequip.com\/wp-content\/uploads\/2023\/10\/easywash_Columbec_01_B.png","contentUrl":"https:\/\/www.jiproequip.com\/wp-content\/uploads\/2023\/10\/easywash_Columbec_01_B.png","width":600,"height":600},{"@type":"BreadcrumbList","@id":"https:\/\/www.jiproequip.com\/index.php\/producto\/puente-lavado-vehicular-compacto\/#breadcrumb","itemListElement":[{"@type":"ListItem","position":1,"name":"Home","item":"https:\/\/www.jiproequip.com\/"},{"@type":"ListItem","position":2,"name":"Tienda","item":"https:\/\/www.jiproequip.com\/index.php\/tienda\/"},{"@type":"ListItem","position":3,"name":"Puente de auto-lavado b\u00e1sico"}]},{"@type":"WebSite","@id":"https:\/\/www.jiproequip.com\/#website","url":"https:\/\/www.jiproequip.com\/","name":"Ji-proequip","description":"Venta de equipos industriales con servicio t\u00e9cnico especializado","publisher":{"@id":"https:\/\/www.jiproequip.com\/#organization"},"potentialAction":[{"@type":"SearchAction","target":{"@type":"EntryPoint","urlTemplate":"https:\/\/www.jiproequip.com\/?s={search_term_string}"},"query-input":{"@type":"PropertyValueSpecification","valueRequired":true,"valueName":"search_term_string"}}],"inLanguage":"es"},{"@type":"Organization","@id":"https:\/\/www.jiproequip.com\/#organization","name":"Ji-proequip","url":"https:\/\/www.jiproequip.com\/","logo":{"@type":"ImageObject","inLanguage":"es","@id":"https:\/\/www.jiproequip.com\/#\/schema\/logo\/image\/","url":"https:\/\/www.jiproequip.com\/wp-content\/uploads\/2025\/06\/LOGO-JIproequip-2025.png","contentUrl":"https:\/\/www.jiproequip.com\/wp-content\/uploads\/2025\/06\/LOGO-JIproequip-2025.png","width":2433,"height":596,"caption":"Ji-proequip"},"image":{"@id":"https:\/\/www.jiproequip.com\/#\/schema\/logo\/image\/"}}]}},"uagb_featured_image_src":{"full":["https:\/\/www.jiproequip.com\/wp-content\/uploads\/2023\/10\/easywash_Columbec_01_B.png",600,600,false],"thumbnail":["https:\/\/www.jiproequip.com\/wp-content\/uploads\/2023\/10\/easywash_Columbec_01_B.png",150,150,false],"medium":["https:\/\/www.jiproequip.com\/wp-content\/uploads\/2023\/10\/easywash_Columbec_01_B.png",300,300,false],"medium_large":["https:\/\/www.jiproequip.com\/wp-content\/uploads\/2023\/10\/easywash_Columbec_01_B.png",600,600,false],"large":["https:\/\/www.jiproequip.com\/wp-content\/uploads\/2023\/10\/easywash_Columbec_01_B.png",600,600,false],"1536x1536":["https:\/\/www.jiproequip.com\/wp-content\/uploads\/2023\/10\/easywash_Columbec_01_B.png",600,600,false],"2048x2048":["https:\/\/www.jiproequip.com\/wp-content\/uploads\/2023\/10\/easywash_Columbec_01_B.png",600,600,false],"mailpoet_newsletter_max":["https:\/\/www.jiproequip.com\/wp-content\/uploads\/2023\/10\/easywash_Columbec_01_B.png",600,600,false],"woocommerce_thumbnail":["https:\/\/www.jiproequip.com\/wp-content\/uploads\/2023\/10\/easywash_Columbec_01_B.png",300,300,false],"woocommerce_single":["https:\/\/www.jiproequip.com\/wp-content\/uploads\/2023\/10\/easywash_Columbec_01_B.png",600,600,false],"woocommerce_gallery_thumbnail":["https:\/\/www.jiproequip.com\/wp-content\/uploads\/2023\/10\/easywash_Columbec_01_B.png",100,100,false]},"uagb_author_info":{"display_name":"admin_jiproeq","author_link":"https:\/\/www.jiproequip.com\/index.php\/author\/"},"uagb_comment_info":0,"uagb_excerpt":"Ofrece un lavado de veh\u00edculos profesional y con excelentes resultados, disponible en altura \u00fatil de hasta 2,9 metros y ancho hasta de 3,5 metros. Esta m\u00e1quina puede realizar funciones como prelavado, lavado con material de limpieza suave y secado. Posee un tablero electr\u00f3nico para regular la posici\u00f3n de los cepillos para un correcto acople de&hellip;","jetpack_sharing_enabled":true,"_links":{"self":[{"href":"https:\/\/www.jiproequip.com\/index.php\/wp-json\/wp\/v2\/product\/3846","targetHints":{"allow":["GET"]}}],"collection":[{"href":"https:\/\/www.jiproequip.com\/index.php\/wp-json\/wp\/v2\/product"}],"about":[{"href":"https:\/\/www.jiproequip.com\/index.php\/wp-json\/wp\/v2\/types\/product"}],"replies":[{"embeddable":true,"href":"https:\/\/www.jiproequip.com\/index.php\/wp-json\/wp\/v2\/comments?post=3846"}],"wp:featuredmedia":[{"embeddable":true,"href":"https:\/\/www.jiproequip.com\/index.php\/wp-json\/wp\/v2\/media\/3852"}],"wp:attachment":[{"href":"https:\/\/www.jiproequip.com\/index.php\/wp-json\/wp\/v2\/media?parent=3846"}],"wp:term":[{"taxonomy":"product_brand","embeddable":true,"href":"https:\/\/www.jiproequip.com\/index.php\/wp-json\/wp\/v2\/product_brand?post=3846"},{"taxonomy":"product_cat","embeddable":true,"href":"https:\/\/www.jiproequip.com\/index.php\/wp-json\/wp\/v2\/product_cat?post=3846"},{"taxonomy":"product_tag","embeddable":true,"href":"https:\/\/www.jiproequip.com\/index.php\/wp-json\/wp\/v2\/product_tag?post=3846"}],"curies":[{"name":"wp","href":"https:\/\/api.w.org\/{rel}","templated":true}]}}