{"id":3879,"date":"2023-10-29T14:36:59","date_gmt":"2023-10-29T19:36:59","guid":{"rendered":"https:\/\/www.jiproequip.com\/?post_type=product&#038;p=3879"},"modified":"2023-10-29T14:49:39","modified_gmt":"2023-10-29T19:49:39","slug":"llenadora-selladora-de-tarrinas","status":"publish","type":"product","link":"https:\/\/www.jiproequip.com\/index.php\/producto\/llenadora-selladora-de-tarrinas\/","title":{"rendered":"Llenadora y selladora de tarrinas"},"content":{"rendered":"<div class=\"pl_i2c\">\n<div class=\"pl_i2c\">\n<div class=\"pl_i2c\">\n<div class=\"pl_i2c\">\n<div class=\"pl_i2c\">\n<div class=\"pl_i2c\">\n<div class=\"pl_i2c\">\n<div class=\"pl_i2c\">\n<div class=\"pl_i2c\">\n<div class=\"pl_i2c\">\n<div class=\"pl_i2c\">\n<div class=\"pl_i2c\">\n<div class=\"pl_i2c\">\n<p>M\u00e1quina para la producci\u00f3n de envases personales de salsas, llenado de salsas y sellado autom\u00e1tico.<\/p>\n<p>Materias primas para operaci\u00f3n:<\/p>\n<ul>\n<li>L\u00e1mina pl\u00e1stica para formaci\u00f3n de envases (termoformado) (provisi\u00f3n local)<\/li>\n<li>Lamina de aluminio con empaque para sellado, con informaci\u00f3n de producto (provisi\u00f3n local)<\/li>\n<li>Producto a llenar.<\/li>\n<\/ul>\n<p>Calculo de producci\u00f3n.\u00a0Para contenedor de 4 cm x 5.5 cm x 2 cm la velocidad estimada de producci\u00f3n ser\u00eda.\u00a0Se considera un borde de sellado de 5mm a cada lado, resultando en un volumen del vaso de 27ml<\/p>\n<ul>\n<li>240 mm\/ 55 mm = 4.3<\/li>\n<li>160 mm \/ 40 mm = 4<\/li>\n<li>Unidades moldeadas = 4 x 4 =16 (100 unidades\u2044metro)<\/li>\n<li>Producci\u00f3n 20 golpes\u2044min\u2192320 contenedores\u2044minuto<\/li>\n<\/ul>\n<p>Se requiere dise\u00f1os de contenedores para configuraci\u00f3n del equipo<\/p>\n<\/div>\n<\/div>\n<\/div>\n<\/div>\n<\/div>\n<\/div>\n<\/div>\n<\/div>\n<\/div>\n<\/div>\n<\/div>\n<\/div>\n<\/div>\n","protected":false},"excerpt":{"rendered":"<p>M\u00e1quina para la producci\u00f3n de envases personales de salsas, llenado de salsas y sellado autom\u00e1tico. Materias primas para operaci\u00f3n: L\u00e1mina pl\u00e1stica para formaci\u00f3n de envases (termoformado) (provisi\u00f3n local) Lamina de aluminio con empaque para sellado, con informaci\u00f3n de producto (provisi\u00f3n local) Producto a llenar. Calculo de producci\u00f3n.\u00a0Para contenedor de 4 cm x 5.5 cm x [&hellip;]<\/p>\n","protected":false},"featured_media":3883,"comment_status":"open","ping_status":"closed","template":"","meta":{"_uag_custom_page_level_css":""},"product_brand":[],"product_cat":[72],"product_tag":[],"class_list":{"0":"post-3879","1":"product","2":"type-product","3":"status-publish","4":"has-post-thumbnail","6":"product_cat-maquinas-enasadp-empaque","8":"first","9":"instock","10":"shipping-taxable","11":"product-type-simple"},"yoast_head":"<!-- This site is optimized with the Yoast SEO plugin v25.2 - https:\/\/yoast.com\/wordpress\/plugins\/seo\/ -->\n<title>Llenadora y selladora de tarrinas - Ji-proequip<\/title>\n<meta name=\"robots\" content=\"index, follow, max-snippet:-1, max-image-preview:large, max-video-preview:-1\" \/>\n<link rel=\"canonical\" href=\"https:\/\/www.jiproequip.com\/index.php\/producto\/llenadora-selladora-de-tarrinas\/\" \/>\n<meta property=\"og:locale\" content=\"es_ES\" \/>\n<meta property=\"og:type\" content=\"article\" \/>\n<meta property=\"og:title\" content=\"Llenadora y selladora de tarrinas - Ji-proequip\" \/>\n<meta property=\"og:description\" content=\"M\u00e1quina para la producci\u00f3n de envases personales de salsas, llenado de salsas y sellado autom\u00e1tico. Materias primas para operaci\u00f3n: L\u00e1mina pl\u00e1stica para formaci\u00f3n de envases (termoformado) (provisi\u00f3n local) Lamina de aluminio con empaque para sellado, con informaci\u00f3n de producto (provisi\u00f3n local) Producto a llenar. Calculo de producci\u00f3n.\u00a0Para contenedor de 4 cm x 5.5 cm x [&hellip;]\" \/>\n<meta property=\"og:url\" content=\"https:\/\/www.jiproequip.com\/index.php\/producto\/llenadora-selladora-de-tarrinas\/\" \/>\n<meta property=\"og:site_name\" content=\"Ji-proequip\" \/>\n<meta property=\"article:modified_time\" content=\"2023-10-29T19:49:39+00:00\" \/>\n<meta property=\"og:image\" content=\"https:\/\/www.jiproequip.com\/wp-content\/uploads\/2023\/10\/Llenadora_selladora_tarrinas_Columbec_B.png\" \/>\n\t<meta property=\"og:image:width\" content=\"515\" \/>\n\t<meta property=\"og:image:height\" content=\"337\" \/>\n\t<meta property=\"og:image:type\" content=\"image\/png\" \/>\n<meta name=\"twitter:card\" content=\"summary_large_image\" \/>\n<meta name=\"twitter:label1\" content=\"Tiempo de lectura\" \/>\n\t<meta name=\"twitter:data1\" content=\"1 minuto\" \/>\n<script type=\"application\/ld+json\" class=\"yoast-schema-graph\">{\"@context\":\"https:\/\/schema.org\",\"@graph\":[{\"@type\":\"WebPage\",\"@id\":\"https:\/\/www.jiproequip.com\/index.php\/producto\/llenadora-selladora-de-tarrinas\/\",\"url\":\"https:\/\/www.jiproequip.com\/index.php\/producto\/llenadora-selladora-de-tarrinas\/\",\"name\":\"Llenadora y selladora de tarrinas - Ji-proequip\",\"isPartOf\":{\"@id\":\"https:\/\/www.jiproequip.com\/#website\"},\"primaryImageOfPage\":{\"@id\":\"https:\/\/www.jiproequip.com\/index.php\/producto\/llenadora-selladora-de-tarrinas\/#primaryimage\"},\"image\":{\"@id\":\"https:\/\/www.jiproequip.com\/index.php\/producto\/llenadora-selladora-de-tarrinas\/#primaryimage\"},\"thumbnailUrl\":\"https:\/\/www.jiproequip.com\/wp-content\/uploads\/2023\/10\/Llenadora_selladora_tarrinas_Columbec_B.png\",\"datePublished\":\"2023-10-29T19:36:59+00:00\",\"dateModified\":\"2023-10-29T19:49:39+00:00\",\"breadcrumb\":{\"@id\":\"https:\/\/www.jiproequip.com\/index.php\/producto\/llenadora-selladora-de-tarrinas\/#breadcrumb\"},\"inLanguage\":\"es\",\"potentialAction\":[{\"@type\":\"ReadAction\",\"target\":[\"https:\/\/www.jiproequip.com\/index.php\/producto\/llenadora-selladora-de-tarrinas\/\"]}]},{\"@type\":\"ImageObject\",\"inLanguage\":\"es\",\"@id\":\"https:\/\/www.jiproequip.com\/index.php\/producto\/llenadora-selladora-de-tarrinas\/#primaryimage\",\"url\":\"https:\/\/www.jiproequip.com\/wp-content\/uploads\/2023\/10\/Llenadora_selladora_tarrinas_Columbec_B.png\",\"contentUrl\":\"https:\/\/www.jiproequip.com\/wp-content\/uploads\/2023\/10\/Llenadora_selladora_tarrinas_Columbec_B.png\",\"width\":515,\"height\":337},{\"@type\":\"BreadcrumbList\",\"@id\":\"https:\/\/www.jiproequip.com\/index.php\/producto\/llenadora-selladora-de-tarrinas\/#breadcrumb\",\"itemListElement\":[{\"@type\":\"ListItem\",\"position\":1,\"name\":\"Home\",\"item\":\"https:\/\/www.jiproequip.com\/\"},{\"@type\":\"ListItem\",\"position\":2,\"name\":\"Tienda\",\"item\":\"https:\/\/www.jiproequip.com\/index.php\/tienda\/\"},{\"@type\":\"ListItem\",\"position\":3,\"name\":\"Llenadora y selladora de tarrinas\"}]},{\"@type\":\"WebSite\",\"@id\":\"https:\/\/www.jiproequip.com\/#website\",\"url\":\"https:\/\/www.jiproequip.com\/\",\"name\":\"Ji-proequip\",\"description\":\"Venta de equipos industriales con servicio t\u00e9cnico especializado\",\"publisher\":{\"@id\":\"https:\/\/www.jiproequip.com\/#organization\"},\"potentialAction\":[{\"@type\":\"SearchAction\",\"target\":{\"@type\":\"EntryPoint\",\"urlTemplate\":\"https:\/\/www.jiproequip.com\/?s={search_term_string}\"},\"query-input\":{\"@type\":\"PropertyValueSpecification\",\"valueRequired\":true,\"valueName\":\"search_term_string\"}}],\"inLanguage\":\"es\"},{\"@type\":\"Organization\",\"@id\":\"https:\/\/www.jiproequip.com\/#organization\",\"name\":\"Ji-proequip\",\"url\":\"https:\/\/www.jiproequip.com\/\",\"logo\":{\"@type\":\"ImageObject\",\"inLanguage\":\"es\",\"@id\":\"https:\/\/www.jiproequip.com\/#\/schema\/logo\/image\/\",\"url\":\"https:\/\/www.jiproequip.com\/wp-content\/uploads\/2025\/06\/LOGO-JIproequip-2025.png\",\"contentUrl\":\"https:\/\/www.jiproequip.com\/wp-content\/uploads\/2025\/06\/LOGO-JIproequip-2025.png\",\"width\":2433,\"height\":596,\"caption\":\"Ji-proequip\"},\"image\":{\"@id\":\"https:\/\/www.jiproequip.com\/#\/schema\/logo\/image\/\"}}]}<\/script>\n<!-- \/ Yoast SEO plugin. -->","yoast_head_json":{"title":"Llenadora y selladora de tarrinas - Ji-proequip","robots":{"index":"index","follow":"follow","max-snippet":"max-snippet:-1","max-image-preview":"max-image-preview:large","max-video-preview":"max-video-preview:-1"},"canonical":"https:\/\/www.jiproequip.com\/index.php\/producto\/llenadora-selladora-de-tarrinas\/","og_locale":"es_ES","og_type":"article","og_title":"Llenadora y selladora de tarrinas - Ji-proequip","og_description":"M\u00e1quina para la producci\u00f3n de envases personales de salsas, llenado de salsas y sellado autom\u00e1tico. Materias primas para operaci\u00f3n: L\u00e1mina pl\u00e1stica para formaci\u00f3n de envases (termoformado) (provisi\u00f3n local) Lamina de aluminio con empaque para sellado, con informaci\u00f3n de producto (provisi\u00f3n local) Producto a llenar. Calculo de producci\u00f3n.\u00a0Para contenedor de 4 cm x 5.5 cm x [&hellip;]","og_url":"https:\/\/www.jiproequip.com\/index.php\/producto\/llenadora-selladora-de-tarrinas\/","og_site_name":"Ji-proequip","article_modified_time":"2023-10-29T19:49:39+00:00","og_image":[{"width":515,"height":337,"url":"https:\/\/www.jiproequip.com\/wp-content\/uploads\/2023\/10\/Llenadora_selladora_tarrinas_Columbec_B.png","type":"image\/png"}],"twitter_card":"summary_large_image","twitter_misc":{"Tiempo de lectura":"1 minuto"},"schema":{"@context":"https:\/\/schema.org","@graph":[{"@type":"WebPage","@id":"https:\/\/www.jiproequip.com\/index.php\/producto\/llenadora-selladora-de-tarrinas\/","url":"https:\/\/www.jiproequip.com\/index.php\/producto\/llenadora-selladora-de-tarrinas\/","name":"Llenadora y selladora de tarrinas - Ji-proequip","isPartOf":{"@id":"https:\/\/www.jiproequip.com\/#website"},"primaryImageOfPage":{"@id":"https:\/\/www.jiproequip.com\/index.php\/producto\/llenadora-selladora-de-tarrinas\/#primaryimage"},"image":{"@id":"https:\/\/www.jiproequip.com\/index.php\/producto\/llenadora-selladora-de-tarrinas\/#primaryimage"},"thumbnailUrl":"https:\/\/www.jiproequip.com\/wp-content\/uploads\/2023\/10\/Llenadora_selladora_tarrinas_Columbec_B.png","datePublished":"2023-10-29T19:36:59+00:00","dateModified":"2023-10-29T19:49:39+00:00","breadcrumb":{"@id":"https:\/\/www.jiproequip.com\/index.php\/producto\/llenadora-selladora-de-tarrinas\/#breadcrumb"},"inLanguage":"es","potentialAction":[{"@type":"ReadAction","target":["https:\/\/www.jiproequip.com\/index.php\/producto\/llenadora-selladora-de-tarrinas\/"]}]},{"@type":"ImageObject","inLanguage":"es","@id":"https:\/\/www.jiproequip.com\/index.php\/producto\/llenadora-selladora-de-tarrinas\/#primaryimage","url":"https:\/\/www.jiproequip.com\/wp-content\/uploads\/2023\/10\/Llenadora_selladora_tarrinas_Columbec_B.png","contentUrl":"https:\/\/www.jiproequip.com\/wp-content\/uploads\/2023\/10\/Llenadora_selladora_tarrinas_Columbec_B.png","width":515,"height":337},{"@type":"BreadcrumbList","@id":"https:\/\/www.jiproequip.com\/index.php\/producto\/llenadora-selladora-de-tarrinas\/#breadcrumb","itemListElement":[{"@type":"ListItem","position":1,"name":"Home","item":"https:\/\/www.jiproequip.com\/"},{"@type":"ListItem","position":2,"name":"Tienda","item":"https:\/\/www.jiproequip.com\/index.php\/tienda\/"},{"@type":"ListItem","position":3,"name":"Llenadora y selladora de tarrinas"}]},{"@type":"WebSite","@id":"https:\/\/www.jiproequip.com\/#website","url":"https:\/\/www.jiproequip.com\/","name":"Ji-proequip","description":"Venta de equipos industriales con servicio t\u00e9cnico especializado","publisher":{"@id":"https:\/\/www.jiproequip.com\/#organization"},"potentialAction":[{"@type":"SearchAction","target":{"@type":"EntryPoint","urlTemplate":"https:\/\/www.jiproequip.com\/?s={search_term_string}"},"query-input":{"@type":"PropertyValueSpecification","valueRequired":true,"valueName":"search_term_string"}}],"inLanguage":"es"},{"@type":"Organization","@id":"https:\/\/www.jiproequip.com\/#organization","name":"Ji-proequip","url":"https:\/\/www.jiproequip.com\/","logo":{"@type":"ImageObject","inLanguage":"es","@id":"https:\/\/www.jiproequip.com\/#\/schema\/logo\/image\/","url":"https:\/\/www.jiproequip.com\/wp-content\/uploads\/2025\/06\/LOGO-JIproequip-2025.png","contentUrl":"https:\/\/www.jiproequip.com\/wp-content\/uploads\/2025\/06\/LOGO-JIproequip-2025.png","width":2433,"height":596,"caption":"Ji-proequip"},"image":{"@id":"https:\/\/www.jiproequip.com\/#\/schema\/logo\/image\/"}}]}},"uagb_featured_image_src":{"full":["https:\/\/www.jiproequip.com\/wp-content\/uploads\/2023\/10\/Llenadora_selladora_tarrinas_Columbec_B.png",515,337,false],"thumbnail":["https:\/\/www.jiproequip.com\/wp-content\/uploads\/2023\/10\/Llenadora_selladora_tarrinas_Columbec_B.png",150,98,false],"medium":["https:\/\/www.jiproequip.com\/wp-content\/uploads\/2023\/10\/Llenadora_selladora_tarrinas_Columbec_B.png",300,196,false],"medium_large":["https:\/\/www.jiproequip.com\/wp-content\/uploads\/2023\/10\/Llenadora_selladora_tarrinas_Columbec_B.png",515,337,false],"large":["https:\/\/www.jiproequip.com\/wp-content\/uploads\/2023\/10\/Llenadora_selladora_tarrinas_Columbec_B.png",515,337,false],"1536x1536":["https:\/\/www.jiproequip.com\/wp-content\/uploads\/2023\/10\/Llenadora_selladora_tarrinas_Columbec_B.png",515,337,false],"2048x2048":["https:\/\/www.jiproequip.com\/wp-content\/uploads\/2023\/10\/Llenadora_selladora_tarrinas_Columbec_B.png",515,337,false],"mailpoet_newsletter_max":["https:\/\/www.jiproequip.com\/wp-content\/uploads\/2023\/10\/Llenadora_selladora_tarrinas_Columbec_B.png",515,337,false],"woocommerce_thumbnail":["https:\/\/www.jiproequip.com\/wp-content\/uploads\/2023\/10\/Llenadora_selladora_tarrinas_Columbec_B.png",300,196,false],"woocommerce_single":["https:\/\/www.jiproequip.com\/wp-content\/uploads\/2023\/10\/Llenadora_selladora_tarrinas_Columbec_B.png",515,337,false],"woocommerce_gallery_thumbnail":["https:\/\/www.jiproequip.com\/wp-content\/uploads\/2023\/10\/Llenadora_selladora_tarrinas_Columbec_B-100x100.png",100,100,true]},"uagb_author_info":{"display_name":"admin_jiproeq","author_link":"https:\/\/www.jiproequip.com\/index.php\/author\/"},"uagb_comment_info":0,"uagb_excerpt":"M\u00e1quina para la producci\u00f3n de envases personales de salsas, llenado de salsas y sellado autom\u00e1tico. Materias primas para operaci\u00f3n: L\u00e1mina pl\u00e1stica para formaci\u00f3n de envases (termoformado) (provisi\u00f3n local) Lamina de aluminio con empaque para sellado, con informaci\u00f3n de producto (provisi\u00f3n local) Producto a llenar. Calculo de producci\u00f3n.\u00a0Para contenedor de 4 cm x 5.5 cm x&hellip;","jetpack_sharing_enabled":true,"_links":{"self":[{"href":"https:\/\/www.jiproequip.com\/index.php\/wp-json\/wp\/v2\/product\/3879","targetHints":{"allow":["GET"]}}],"collection":[{"href":"https:\/\/www.jiproequip.com\/index.php\/wp-json\/wp\/v2\/product"}],"about":[{"href":"https:\/\/www.jiproequip.com\/index.php\/wp-json\/wp\/v2\/types\/product"}],"replies":[{"embeddable":true,"href":"https:\/\/www.jiproequip.com\/index.php\/wp-json\/wp\/v2\/comments?post=3879"}],"wp:featuredmedia":[{"embeddable":true,"href":"https:\/\/www.jiproequip.com\/index.php\/wp-json\/wp\/v2\/media\/3883"}],"wp:attachment":[{"href":"https:\/\/www.jiproequip.com\/index.php\/wp-json\/wp\/v2\/media?parent=3879"}],"wp:term":[{"taxonomy":"product_brand","embeddable":true,"href":"https:\/\/www.jiproequip.com\/index.php\/wp-json\/wp\/v2\/product_brand?post=3879"},{"taxonomy":"product_cat","embeddable":true,"href":"https:\/\/www.jiproequip.com\/index.php\/wp-json\/wp\/v2\/product_cat?post=3879"},{"taxonomy":"product_tag","embeddable":true,"href":"https:\/\/www.jiproequip.com\/index.php\/wp-json\/wp\/v2\/product_tag?post=3879"}],"curies":[{"name":"wp","href":"https:\/\/api.w.org\/{rel}","templated":true}]}}