{"id":3891,"date":"2023-10-29T14:55:54","date_gmt":"2023-10-29T19:55:54","guid":{"rendered":"https:\/\/www.jiproequip.com\/?post_type=product&#038;p=3891"},"modified":"2023-10-29T15:04:09","modified_gmt":"2023-10-29T20:04:09","slug":"robot-para-embalaje-o-empaque-de-productos-de-pequeno-tamano-hasta-30-kg","status":"publish","type":"product","link":"https:\/\/www.jiproequip.com\/index.php\/producto\/robot-para-embalaje-o-empaque-de-productos-de-pequeno-tamano-hasta-30-kg\/","title":{"rendered":"Robot para embalaje o empaque de productos de peque\u00f1o tama\u00f1o hasta 30 kg"},"content":{"rendered":"<div class=\"pl_i2c\">\n<div class=\"pl_i2c\">\n<div class=\"pl_i2c\">\n<div class=\"pl_i2c\">\n<div class=\"pl_i2c\">\n<div class=\"pl_i2c\">\n<div class=\"pl_i2c\">\n<div class=\"pl_i2c\">\n<div class=\"pl_i2c\">\n<div class=\"pl_i2c\">\n<div class=\"pl_i2c\">\n<div class=\"pl_i2c\">\n<div class=\"pl_i2c\">\n<div class=\"pl_i2c\">\n<p>Robot industrial dise\u00f1ado para la optimizaci\u00f3n del proceso de empaque o embalaje, con la funci\u00f3n para controlar el movimiento del robot, se acorta considerablemente el tiempo empaque.<\/p>\n<p>El sistema puede ser integrado en una l\u00ednea de producci\u00f3n de mayor tama\u00f1o adapt\u00e1ndose a las necesidades de la industria.<\/p>\n<p>De f\u00e1cil transporte puede situarse pr\u00f3ximo a la zona de carga y descarga de la empresa para que el producto ya empaquetado se distribuya con la m\u00e1xima rapidez.<\/p>\n<p>Dise\u00f1ado espec\u00edficamente para aplicaciones de empaque, junto con diversas funciones de control de movimiento reduce considerablemente el ciclo de empaquetado.<\/p>\n<p>Adecuado para trabajar en ambientes duros, cuenta con grado de protecci\u00f3n IP67.<\/p>\n<\/div>\n<\/div>\n<\/div>\n<\/div>\n<\/div>\n<\/div>\n<\/div>\n<\/div>\n<\/div>\n<\/div>\n<\/div>\n<\/div>\n<\/div>\n<\/div>\n","protected":false},"excerpt":{"rendered":"<p>Robot industrial dise\u00f1ado para la optimizaci\u00f3n del proceso de empaque o embalaje, con la funci\u00f3n para controlar el movimiento del robot, se acorta considerablemente el tiempo empaque. El sistema puede ser integrado en una l\u00ednea de producci\u00f3n de mayor tama\u00f1o adapt\u00e1ndose a las necesidades de la industria. De f\u00e1cil transporte puede situarse pr\u00f3ximo a la [&hellip;]<\/p>\n","protected":false},"featured_media":3892,"comment_status":"open","ping_status":"closed","template":"","meta":{"_uag_custom_page_level_css":""},"product_brand":[],"product_cat":[72],"product_tag":[],"class_list":{"0":"post-3891","1":"product","2":"type-product","3":"status-publish","4":"has-post-thumbnail","6":"product_cat-maquinas-enasadp-empaque","8":"first","9":"instock","10":"shipping-taxable","11":"product-type-simple"},"yoast_head":"<!-- This site is optimized with the Yoast SEO plugin v25.2 - https:\/\/yoast.com\/wordpress\/plugins\/seo\/ -->\n<title>Robot para embalaje o empaque de productos de peque\u00f1o tama\u00f1o hasta 30 kg - Ji-proequip<\/title>\n<meta name=\"robots\" content=\"index, follow, max-snippet:-1, max-image-preview:large, max-video-preview:-1\" \/>\n<link rel=\"canonical\" href=\"https:\/\/www.jiproequip.com\/index.php\/producto\/robot-para-embalaje-o-empaque-de-productos-de-pequeno-tamano-hasta-30-kg\/\" \/>\n<meta property=\"og:locale\" content=\"es_ES\" \/>\n<meta property=\"og:type\" content=\"article\" \/>\n<meta property=\"og:title\" content=\"Robot para embalaje o empaque de productos de peque\u00f1o tama\u00f1o hasta 30 kg - Ji-proequip\" \/>\n<meta property=\"og:description\" content=\"Robot industrial dise\u00f1ado para la optimizaci\u00f3n del proceso de empaque o embalaje, con la funci\u00f3n para controlar el movimiento del robot, se acorta considerablemente el tiempo empaque. El sistema puede ser integrado en una l\u00ednea de producci\u00f3n de mayor tama\u00f1o adapt\u00e1ndose a las necesidades de la industria. De f\u00e1cil transporte puede situarse pr\u00f3ximo a la [&hellip;]\" \/>\n<meta property=\"og:url\" content=\"https:\/\/www.jiproequip.com\/index.php\/producto\/robot-para-embalaje-o-empaque-de-productos-de-pequeno-tamano-hasta-30-kg\/\" \/>\n<meta property=\"og:site_name\" content=\"Ji-proequip\" \/>\n<meta property=\"article:modified_time\" content=\"2023-10-29T20:04:09+00:00\" \/>\n<meta property=\"og:image\" content=\"https:\/\/www.jiproequip.com\/wp-content\/uploads\/2023\/10\/Robot_embalaje_empaque_productos_30_kg_Columbec_B.png\" \/>\n\t<meta property=\"og:image:width\" content=\"255\" \/>\n\t<meta property=\"og:image:height\" content=\"231\" \/>\n\t<meta property=\"og:image:type\" content=\"image\/png\" \/>\n<meta name=\"twitter:card\" content=\"summary_large_image\" \/>\n<meta name=\"twitter:label1\" content=\"Tiempo de lectura\" \/>\n\t<meta name=\"twitter:data1\" content=\"1 minuto\" \/>\n<script type=\"application\/ld+json\" class=\"yoast-schema-graph\">{\"@context\":\"https:\/\/schema.org\",\"@graph\":[{\"@type\":\"WebPage\",\"@id\":\"https:\/\/www.jiproequip.com\/index.php\/producto\/robot-para-embalaje-o-empaque-de-productos-de-pequeno-tamano-hasta-30-kg\/\",\"url\":\"https:\/\/www.jiproequip.com\/index.php\/producto\/robot-para-embalaje-o-empaque-de-productos-de-pequeno-tamano-hasta-30-kg\/\",\"name\":\"Robot para embalaje o empaque de productos de peque\u00f1o tama\u00f1o hasta 30 kg - Ji-proequip\",\"isPartOf\":{\"@id\":\"https:\/\/www.jiproequip.com\/#website\"},\"primaryImageOfPage\":{\"@id\":\"https:\/\/www.jiproequip.com\/index.php\/producto\/robot-para-embalaje-o-empaque-de-productos-de-pequeno-tamano-hasta-30-kg\/#primaryimage\"},\"image\":{\"@id\":\"https:\/\/www.jiproequip.com\/index.php\/producto\/robot-para-embalaje-o-empaque-de-productos-de-pequeno-tamano-hasta-30-kg\/#primaryimage\"},\"thumbnailUrl\":\"https:\/\/www.jiproequip.com\/wp-content\/uploads\/2023\/10\/Robot_embalaje_empaque_productos_30_kg_Columbec_B.png\",\"datePublished\":\"2023-10-29T19:55:54+00:00\",\"dateModified\":\"2023-10-29T20:04:09+00:00\",\"breadcrumb\":{\"@id\":\"https:\/\/www.jiproequip.com\/index.php\/producto\/robot-para-embalaje-o-empaque-de-productos-de-pequeno-tamano-hasta-30-kg\/#breadcrumb\"},\"inLanguage\":\"es\",\"potentialAction\":[{\"@type\":\"ReadAction\",\"target\":[\"https:\/\/www.jiproequip.com\/index.php\/producto\/robot-para-embalaje-o-empaque-de-productos-de-pequeno-tamano-hasta-30-kg\/\"]}]},{\"@type\":\"ImageObject\",\"inLanguage\":\"es\",\"@id\":\"https:\/\/www.jiproequip.com\/index.php\/producto\/robot-para-embalaje-o-empaque-de-productos-de-pequeno-tamano-hasta-30-kg\/#primaryimage\",\"url\":\"https:\/\/www.jiproequip.com\/wp-content\/uploads\/2023\/10\/Robot_embalaje_empaque_productos_30_kg_Columbec_B.png\",\"contentUrl\":\"https:\/\/www.jiproequip.com\/wp-content\/uploads\/2023\/10\/Robot_embalaje_empaque_productos_30_kg_Columbec_B.png\",\"width\":255,\"height\":231},{\"@type\":\"BreadcrumbList\",\"@id\":\"https:\/\/www.jiproequip.com\/index.php\/producto\/robot-para-embalaje-o-empaque-de-productos-de-pequeno-tamano-hasta-30-kg\/#breadcrumb\",\"itemListElement\":[{\"@type\":\"ListItem\",\"position\":1,\"name\":\"Home\",\"item\":\"https:\/\/www.jiproequip.com\/\"},{\"@type\":\"ListItem\",\"position\":2,\"name\":\"Tienda\",\"item\":\"https:\/\/www.jiproequip.com\/index.php\/tienda\/\"},{\"@type\":\"ListItem\",\"position\":3,\"name\":\"Robot para embalaje o empaque de productos de peque\u00f1o tama\u00f1o hasta 30 kg\"}]},{\"@type\":\"WebSite\",\"@id\":\"https:\/\/www.jiproequip.com\/#website\",\"url\":\"https:\/\/www.jiproequip.com\/\",\"name\":\"Ji-proequip\",\"description\":\"Venta de equipos industriales con servicio t\u00e9cnico especializado\",\"publisher\":{\"@id\":\"https:\/\/www.jiproequip.com\/#organization\"},\"potentialAction\":[{\"@type\":\"SearchAction\",\"target\":{\"@type\":\"EntryPoint\",\"urlTemplate\":\"https:\/\/www.jiproequip.com\/?s={search_term_string}\"},\"query-input\":{\"@type\":\"PropertyValueSpecification\",\"valueRequired\":true,\"valueName\":\"search_term_string\"}}],\"inLanguage\":\"es\"},{\"@type\":\"Organization\",\"@id\":\"https:\/\/www.jiproequip.com\/#organization\",\"name\":\"Ji-proequip\",\"url\":\"https:\/\/www.jiproequip.com\/\",\"logo\":{\"@type\":\"ImageObject\",\"inLanguage\":\"es\",\"@id\":\"https:\/\/www.jiproequip.com\/#\/schema\/logo\/image\/\",\"url\":\"https:\/\/www.jiproequip.com\/wp-content\/uploads\/2025\/06\/LOGO-JIproequip-2025.png\",\"contentUrl\":\"https:\/\/www.jiproequip.com\/wp-content\/uploads\/2025\/06\/LOGO-JIproequip-2025.png\",\"width\":2433,\"height\":596,\"caption\":\"Ji-proequip\"},\"image\":{\"@id\":\"https:\/\/www.jiproequip.com\/#\/schema\/logo\/image\/\"}}]}<\/script>\n<!-- \/ Yoast SEO plugin. -->","yoast_head_json":{"title":"Robot para embalaje o empaque de productos de peque\u00f1o tama\u00f1o hasta 30 kg - Ji-proequip","robots":{"index":"index","follow":"follow","max-snippet":"max-snippet:-1","max-image-preview":"max-image-preview:large","max-video-preview":"max-video-preview:-1"},"canonical":"https:\/\/www.jiproequip.com\/index.php\/producto\/robot-para-embalaje-o-empaque-de-productos-de-pequeno-tamano-hasta-30-kg\/","og_locale":"es_ES","og_type":"article","og_title":"Robot para embalaje o empaque de productos de peque\u00f1o tama\u00f1o hasta 30 kg - Ji-proequip","og_description":"Robot industrial dise\u00f1ado para la optimizaci\u00f3n del proceso de empaque o embalaje, con la funci\u00f3n para controlar el movimiento del robot, se acorta considerablemente el tiempo empaque. El sistema puede ser integrado en una l\u00ednea de producci\u00f3n de mayor tama\u00f1o adapt\u00e1ndose a las necesidades de la industria. De f\u00e1cil transporte puede situarse pr\u00f3ximo a la [&hellip;]","og_url":"https:\/\/www.jiproequip.com\/index.php\/producto\/robot-para-embalaje-o-empaque-de-productos-de-pequeno-tamano-hasta-30-kg\/","og_site_name":"Ji-proequip","article_modified_time":"2023-10-29T20:04:09+00:00","og_image":[{"width":255,"height":231,"url":"https:\/\/www.jiproequip.com\/wp-content\/uploads\/2023\/10\/Robot_embalaje_empaque_productos_30_kg_Columbec_B.png","type":"image\/png"}],"twitter_card":"summary_large_image","twitter_misc":{"Tiempo de lectura":"1 minuto"},"schema":{"@context":"https:\/\/schema.org","@graph":[{"@type":"WebPage","@id":"https:\/\/www.jiproequip.com\/index.php\/producto\/robot-para-embalaje-o-empaque-de-productos-de-pequeno-tamano-hasta-30-kg\/","url":"https:\/\/www.jiproequip.com\/index.php\/producto\/robot-para-embalaje-o-empaque-de-productos-de-pequeno-tamano-hasta-30-kg\/","name":"Robot para embalaje o empaque de productos de peque\u00f1o tama\u00f1o hasta 30 kg - Ji-proequip","isPartOf":{"@id":"https:\/\/www.jiproequip.com\/#website"},"primaryImageOfPage":{"@id":"https:\/\/www.jiproequip.com\/index.php\/producto\/robot-para-embalaje-o-empaque-de-productos-de-pequeno-tamano-hasta-30-kg\/#primaryimage"},"image":{"@id":"https:\/\/www.jiproequip.com\/index.php\/producto\/robot-para-embalaje-o-empaque-de-productos-de-pequeno-tamano-hasta-30-kg\/#primaryimage"},"thumbnailUrl":"https:\/\/www.jiproequip.com\/wp-content\/uploads\/2023\/10\/Robot_embalaje_empaque_productos_30_kg_Columbec_B.png","datePublished":"2023-10-29T19:55:54+00:00","dateModified":"2023-10-29T20:04:09+00:00","breadcrumb":{"@id":"https:\/\/www.jiproequip.com\/index.php\/producto\/robot-para-embalaje-o-empaque-de-productos-de-pequeno-tamano-hasta-30-kg\/#breadcrumb"},"inLanguage":"es","potentialAction":[{"@type":"ReadAction","target":["https:\/\/www.jiproequip.com\/index.php\/producto\/robot-para-embalaje-o-empaque-de-productos-de-pequeno-tamano-hasta-30-kg\/"]}]},{"@type":"ImageObject","inLanguage":"es","@id":"https:\/\/www.jiproequip.com\/index.php\/producto\/robot-para-embalaje-o-empaque-de-productos-de-pequeno-tamano-hasta-30-kg\/#primaryimage","url":"https:\/\/www.jiproequip.com\/wp-content\/uploads\/2023\/10\/Robot_embalaje_empaque_productos_30_kg_Columbec_B.png","contentUrl":"https:\/\/www.jiproequip.com\/wp-content\/uploads\/2023\/10\/Robot_embalaje_empaque_productos_30_kg_Columbec_B.png","width":255,"height":231},{"@type":"BreadcrumbList","@id":"https:\/\/www.jiproequip.com\/index.php\/producto\/robot-para-embalaje-o-empaque-de-productos-de-pequeno-tamano-hasta-30-kg\/#breadcrumb","itemListElement":[{"@type":"ListItem","position":1,"name":"Home","item":"https:\/\/www.jiproequip.com\/"},{"@type":"ListItem","position":2,"name":"Tienda","item":"https:\/\/www.jiproequip.com\/index.php\/tienda\/"},{"@type":"ListItem","position":3,"name":"Robot para embalaje o empaque de productos de peque\u00f1o tama\u00f1o hasta 30 kg"}]},{"@type":"WebSite","@id":"https:\/\/www.jiproequip.com\/#website","url":"https:\/\/www.jiproequip.com\/","name":"Ji-proequip","description":"Venta de equipos industriales con servicio t\u00e9cnico especializado","publisher":{"@id":"https:\/\/www.jiproequip.com\/#organization"},"potentialAction":[{"@type":"SearchAction","target":{"@type":"EntryPoint","urlTemplate":"https:\/\/www.jiproequip.com\/?s={search_term_string}"},"query-input":{"@type":"PropertyValueSpecification","valueRequired":true,"valueName":"search_term_string"}}],"inLanguage":"es"},{"@type":"Organization","@id":"https:\/\/www.jiproequip.com\/#organization","name":"Ji-proequip","url":"https:\/\/www.jiproequip.com\/","logo":{"@type":"ImageObject","inLanguage":"es","@id":"https:\/\/www.jiproequip.com\/#\/schema\/logo\/image\/","url":"https:\/\/www.jiproequip.com\/wp-content\/uploads\/2025\/06\/LOGO-JIproequip-2025.png","contentUrl":"https:\/\/www.jiproequip.com\/wp-content\/uploads\/2025\/06\/LOGO-JIproequip-2025.png","width":2433,"height":596,"caption":"Ji-proequip"},"image":{"@id":"https:\/\/www.jiproequip.com\/#\/schema\/logo\/image\/"}}]}},"uagb_featured_image_src":{"full":["https:\/\/www.jiproequip.com\/wp-content\/uploads\/2023\/10\/Robot_embalaje_empaque_productos_30_kg_Columbec_B.png",255,231,false],"thumbnail":["https:\/\/www.jiproequip.com\/wp-content\/uploads\/2023\/10\/Robot_embalaje_empaque_productos_30_kg_Columbec_B.png",150,136,false],"medium":["https:\/\/www.jiproequip.com\/wp-content\/uploads\/2023\/10\/Robot_embalaje_empaque_productos_30_kg_Columbec_B.png",255,231,false],"medium_large":["https:\/\/www.jiproequip.com\/wp-content\/uploads\/2023\/10\/Robot_embalaje_empaque_productos_30_kg_Columbec_B.png",255,231,false],"large":["https:\/\/www.jiproequip.com\/wp-content\/uploads\/2023\/10\/Robot_embalaje_empaque_productos_30_kg_Columbec_B.png",255,231,false],"1536x1536":["https:\/\/www.jiproequip.com\/wp-content\/uploads\/2023\/10\/Robot_embalaje_empaque_productos_30_kg_Columbec_B.png",255,231,false],"2048x2048":["https:\/\/www.jiproequip.com\/wp-content\/uploads\/2023\/10\/Robot_embalaje_empaque_productos_30_kg_Columbec_B.png",255,231,false],"mailpoet_newsletter_max":["https:\/\/www.jiproequip.com\/wp-content\/uploads\/2023\/10\/Robot_embalaje_empaque_productos_30_kg_Columbec_B.png",255,231,false],"woocommerce_thumbnail":["https:\/\/www.jiproequip.com\/wp-content\/uploads\/2023\/10\/Robot_embalaje_empaque_productos_30_kg_Columbec_B.png",255,231,false],"woocommerce_single":["https:\/\/www.jiproequip.com\/wp-content\/uploads\/2023\/10\/Robot_embalaje_empaque_productos_30_kg_Columbec_B.png",255,231,false],"woocommerce_gallery_thumbnail":["https:\/\/www.jiproequip.com\/wp-content\/uploads\/2023\/10\/Robot_embalaje_empaque_productos_30_kg_Columbec_B-100x100.png",100,100,true]},"uagb_author_info":{"display_name":"admin_jiproeq","author_link":"https:\/\/www.jiproequip.com\/index.php\/author\/"},"uagb_comment_info":0,"uagb_excerpt":"Robot industrial dise\u00f1ado para la optimizaci\u00f3n del proceso de empaque o embalaje, con la funci\u00f3n para controlar el movimiento del robot, se acorta considerablemente el tiempo empaque. El sistema puede ser integrado en una l\u00ednea de producci\u00f3n de mayor tama\u00f1o adapt\u00e1ndose a las necesidades de la industria. De f\u00e1cil transporte puede situarse pr\u00f3ximo a la&hellip;","jetpack_sharing_enabled":true,"_links":{"self":[{"href":"https:\/\/www.jiproequip.com\/index.php\/wp-json\/wp\/v2\/product\/3891","targetHints":{"allow":["GET"]}}],"collection":[{"href":"https:\/\/www.jiproequip.com\/index.php\/wp-json\/wp\/v2\/product"}],"about":[{"href":"https:\/\/www.jiproequip.com\/index.php\/wp-json\/wp\/v2\/types\/product"}],"replies":[{"embeddable":true,"href":"https:\/\/www.jiproequip.com\/index.php\/wp-json\/wp\/v2\/comments?post=3891"}],"wp:featuredmedia":[{"embeddable":true,"href":"https:\/\/www.jiproequip.com\/index.php\/wp-json\/wp\/v2\/media\/3892"}],"wp:attachment":[{"href":"https:\/\/www.jiproequip.com\/index.php\/wp-json\/wp\/v2\/media?parent=3891"}],"wp:term":[{"taxonomy":"product_brand","embeddable":true,"href":"https:\/\/www.jiproequip.com\/index.php\/wp-json\/wp\/v2\/product_brand?post=3891"},{"taxonomy":"product_cat","embeddable":true,"href":"https:\/\/www.jiproequip.com\/index.php\/wp-json\/wp\/v2\/product_cat?post=3891"},{"taxonomy":"product_tag","embeddable":true,"href":"https:\/\/www.jiproequip.com\/index.php\/wp-json\/wp\/v2\/product_tag?post=3891"}],"curies":[{"name":"wp","href":"https:\/\/api.w.org\/{rel}","templated":true}]}}