{"id":3911,"date":"2023-10-29T15:22:18","date_gmt":"2023-10-29T20:22:18","guid":{"rendered":"https:\/\/www.jiproequip.com\/?post_type=product&#038;p=3911"},"modified":"2023-10-29T15:25:28","modified_gmt":"2023-10-29T20:25:28","slug":"medidor-disco-nutante-aluminio","status":"publish","type":"product","link":"https:\/\/www.jiproequip.com\/index.php\/producto\/medidor-disco-nutante-aluminio\/","title":{"rendered":"MEDIDORES DE ALUMINIO CON DISCO OSCILANTE"},"content":{"rendered":"<div class=\"pl_i2c\">\n<div class=\"pl_i2c\">\n<div class=\"pl_i2c\">\n<div class=\"pl_i2c\">\n<div class=\"pl_i2c\">\n<div class=\"pl_i2c\">\n<div class=\"pl_i2c\">\n<div class=\"pl_i2c\">\n<div class=\"pl_i2c\">\n<div class=\"pl_i2c\">\n<div class=\"pl_i2c\">\n<div class=\"pl_i2c\">\n<div class=\"pl_i2c\">\n<div class=\"pl_i2c\">\n<div class=\"pl_i2c\">\n<div class=\"pl_i2c\">\n<p>Medidores de aluminio para alto flujo y alta presi\u00f3n de transferencia\u00a0con l\u00edquidos de alta viscosidad. Incorporan tecnolog\u00eda de disco nutante de desplazamiento positivo.<\/p>\n<p>Medidores para trabajar con flujos sobre los 60 galones por minuto, un rango de viscocidad desde 1 a 50,000 cSt, y pueden trabajar en temperaturas desde -15\u00b0 F to +180\u00b0 F.Medidores de alta presi\u00f3n para ser utilizados en los sistemas de distribuci\u00f3n de fluidos en la industria automotriz, en los camiones que transportan lubricantes y en servicios similares.<br \/>\nMedidores excelentes para fluidos pesados, tales como fuel oil y aceites hidr\u00e1ulicos y lubricantes. Dependiendo del modelo tambi\u00e9n puede trabajar con lauril sulfato de amonio, biodi\u00e9sel, fuel-oil N\u00b0 2, queroseno y agua no potable.<br \/>\nMedidores son compactos y confiables, por lo que son ideales para aplicaciones de transferencia sin custodia, tales como el control del inventario de productos de petroleo refinado y qu\u00edmicos no corrosivos.<\/p>\n<\/div>\n<\/div>\n<\/div>\n<\/div>\n<\/div>\n<\/div>\n<\/div>\n<\/div>\n<\/div>\n<\/div>\n<\/div>\n<\/div>\n<\/div>\n<\/div>\n<\/div>\n<\/div>\n","protected":false},"excerpt":{"rendered":"<p>Medidores de aluminio para alto flujo y alta presi\u00f3n de transferencia\u00a0con l\u00edquidos de alta viscosidad. Incorporan tecnolog\u00eda de disco nutante de desplazamiento positivo. Medidores para trabajar con flujos sobre los 60 galones por minuto, un rango de viscocidad desde 1 a 50,000 cSt, y pueden trabajar en temperaturas desde -15\u00b0 F to +180\u00b0 F.Medidores de [&hellip;]<\/p>\n","protected":false},"featured_media":3913,"comment_status":"open","ping_status":"closed","template":"","meta":{"_uag_custom_page_level_css":""},"product_brand":[],"product_cat":[73],"product_tag":[],"class_list":{"0":"post-3911","1":"product","2":"type-product","3":"status-publish","4":"has-post-thumbnail","6":"product_cat-accesorio-sistemas-bombeo","8":"first","9":"instock","10":"shipping-taxable","11":"product-type-simple"},"yoast_head":"<!-- This site is optimized with the Yoast SEO plugin v25.2 - https:\/\/yoast.com\/wordpress\/plugins\/seo\/ -->\n<title>MEDIDORES DE ALUMINIO CON DISCO OSCILANTE - Ji-proequip<\/title>\n<meta name=\"robots\" content=\"index, follow, max-snippet:-1, max-image-preview:large, max-video-preview:-1\" \/>\n<link rel=\"canonical\" href=\"https:\/\/www.jiproequip.com\/index.php\/producto\/medidor-disco-nutante-aluminio\/\" \/>\n<meta property=\"og:locale\" content=\"es_ES\" \/>\n<meta property=\"og:type\" content=\"article\" \/>\n<meta property=\"og:title\" content=\"MEDIDORES DE ALUMINIO CON DISCO OSCILANTE - Ji-proequip\" \/>\n<meta property=\"og:description\" content=\"Medidores de aluminio para alto flujo y alta presi\u00f3n de transferencia\u00a0con l\u00edquidos de alta viscosidad. Incorporan tecnolog\u00eda de disco nutante de desplazamiento positivo. Medidores para trabajar con flujos sobre los 60 galones por minuto, un rango de viscocidad desde 1 a 50,000 cSt, y pueden trabajar en temperaturas desde -15\u00b0 F to +180\u00b0 F.Medidores de [&hellip;]\" \/>\n<meta property=\"og:url\" content=\"https:\/\/www.jiproequip.com\/index.php\/producto\/medidor-disco-nutante-aluminio\/\" \/>\n<meta property=\"og:site_name\" content=\"Ji-proequip\" \/>\n<meta property=\"article:modified_time\" content=\"2023-10-29T20:25:28+00:00\" \/>\n<meta property=\"og:image\" content=\"https:\/\/www.jiproequip.com\/wp-content\/uploads\/2023\/10\/medidor_aluminio_altocaudal_Columbec_01_B.png\" \/>\n\t<meta property=\"og:image:width\" content=\"600\" \/>\n\t<meta property=\"og:image:height\" content=\"600\" \/>\n\t<meta property=\"og:image:type\" content=\"image\/png\" \/>\n<meta name=\"twitter:card\" content=\"summary_large_image\" \/>\n<meta name=\"twitter:label1\" content=\"Tiempo de lectura\" \/>\n\t<meta name=\"twitter:data1\" content=\"1 minuto\" \/>\n<script type=\"application\/ld+json\" class=\"yoast-schema-graph\">{\"@context\":\"https:\/\/schema.org\",\"@graph\":[{\"@type\":\"WebPage\",\"@id\":\"https:\/\/www.jiproequip.com\/index.php\/producto\/medidor-disco-nutante-aluminio\/\",\"url\":\"https:\/\/www.jiproequip.com\/index.php\/producto\/medidor-disco-nutante-aluminio\/\",\"name\":\"MEDIDORES DE ALUMINIO CON DISCO OSCILANTE - Ji-proequip\",\"isPartOf\":{\"@id\":\"https:\/\/www.jiproequip.com\/#website\"},\"primaryImageOfPage\":{\"@id\":\"https:\/\/www.jiproequip.com\/index.php\/producto\/medidor-disco-nutante-aluminio\/#primaryimage\"},\"image\":{\"@id\":\"https:\/\/www.jiproequip.com\/index.php\/producto\/medidor-disco-nutante-aluminio\/#primaryimage\"},\"thumbnailUrl\":\"https:\/\/www.jiproequip.com\/wp-content\/uploads\/2023\/10\/medidor_aluminio_altocaudal_Columbec_01_B.png\",\"datePublished\":\"2023-10-29T20:22:18+00:00\",\"dateModified\":\"2023-10-29T20:25:28+00:00\",\"breadcrumb\":{\"@id\":\"https:\/\/www.jiproequip.com\/index.php\/producto\/medidor-disco-nutante-aluminio\/#breadcrumb\"},\"inLanguage\":\"es\",\"potentialAction\":[{\"@type\":\"ReadAction\",\"target\":[\"https:\/\/www.jiproequip.com\/index.php\/producto\/medidor-disco-nutante-aluminio\/\"]}]},{\"@type\":\"ImageObject\",\"inLanguage\":\"es\",\"@id\":\"https:\/\/www.jiproequip.com\/index.php\/producto\/medidor-disco-nutante-aluminio\/#primaryimage\",\"url\":\"https:\/\/www.jiproequip.com\/wp-content\/uploads\/2023\/10\/medidor_aluminio_altocaudal_Columbec_01_B.png\",\"contentUrl\":\"https:\/\/www.jiproequip.com\/wp-content\/uploads\/2023\/10\/medidor_aluminio_altocaudal_Columbec_01_B.png\",\"width\":600,\"height\":600},{\"@type\":\"BreadcrumbList\",\"@id\":\"https:\/\/www.jiproequip.com\/index.php\/producto\/medidor-disco-nutante-aluminio\/#breadcrumb\",\"itemListElement\":[{\"@type\":\"ListItem\",\"position\":1,\"name\":\"Home\",\"item\":\"https:\/\/www.jiproequip.com\/\"},{\"@type\":\"ListItem\",\"position\":2,\"name\":\"Tienda\",\"item\":\"https:\/\/www.jiproequip.com\/index.php\/tienda\/\"},{\"@type\":\"ListItem\",\"position\":3,\"name\":\"MEDIDORES DE ALUMINIO CON DISCO OSCILANTE\"}]},{\"@type\":\"WebSite\",\"@id\":\"https:\/\/www.jiproequip.com\/#website\",\"url\":\"https:\/\/www.jiproequip.com\/\",\"name\":\"Ji-proequip\",\"description\":\"Venta de equipos industriales con servicio t\u00e9cnico especializado\",\"publisher\":{\"@id\":\"https:\/\/www.jiproequip.com\/#organization\"},\"potentialAction\":[{\"@type\":\"SearchAction\",\"target\":{\"@type\":\"EntryPoint\",\"urlTemplate\":\"https:\/\/www.jiproequip.com\/?s={search_term_string}\"},\"query-input\":{\"@type\":\"PropertyValueSpecification\",\"valueRequired\":true,\"valueName\":\"search_term_string\"}}],\"inLanguage\":\"es\"},{\"@type\":\"Organization\",\"@id\":\"https:\/\/www.jiproequip.com\/#organization\",\"name\":\"Ji-proequip\",\"url\":\"https:\/\/www.jiproequip.com\/\",\"logo\":{\"@type\":\"ImageObject\",\"inLanguage\":\"es\",\"@id\":\"https:\/\/www.jiproequip.com\/#\/schema\/logo\/image\/\",\"url\":\"https:\/\/www.jiproequip.com\/wp-content\/uploads\/2025\/06\/LOGO-JIproequip-2025.png\",\"contentUrl\":\"https:\/\/www.jiproequip.com\/wp-content\/uploads\/2025\/06\/LOGO-JIproequip-2025.png\",\"width\":2433,\"height\":596,\"caption\":\"Ji-proequip\"},\"image\":{\"@id\":\"https:\/\/www.jiproequip.com\/#\/schema\/logo\/image\/\"}}]}<\/script>\n<!-- \/ Yoast SEO plugin. -->","yoast_head_json":{"title":"MEDIDORES DE ALUMINIO CON DISCO OSCILANTE - Ji-proequip","robots":{"index":"index","follow":"follow","max-snippet":"max-snippet:-1","max-image-preview":"max-image-preview:large","max-video-preview":"max-video-preview:-1"},"canonical":"https:\/\/www.jiproequip.com\/index.php\/producto\/medidor-disco-nutante-aluminio\/","og_locale":"es_ES","og_type":"article","og_title":"MEDIDORES DE ALUMINIO CON DISCO OSCILANTE - Ji-proequip","og_description":"Medidores de aluminio para alto flujo y alta presi\u00f3n de transferencia\u00a0con l\u00edquidos de alta viscosidad. Incorporan tecnolog\u00eda de disco nutante de desplazamiento positivo. Medidores para trabajar con flujos sobre los 60 galones por minuto, un rango de viscocidad desde 1 a 50,000 cSt, y pueden trabajar en temperaturas desde -15\u00b0 F to +180\u00b0 F.Medidores de [&hellip;]","og_url":"https:\/\/www.jiproequip.com\/index.php\/producto\/medidor-disco-nutante-aluminio\/","og_site_name":"Ji-proequip","article_modified_time":"2023-10-29T20:25:28+00:00","og_image":[{"width":600,"height":600,"url":"https:\/\/www.jiproequip.com\/wp-content\/uploads\/2023\/10\/medidor_aluminio_altocaudal_Columbec_01_B.png","type":"image\/png"}],"twitter_card":"summary_large_image","twitter_misc":{"Tiempo de lectura":"1 minuto"},"schema":{"@context":"https:\/\/schema.org","@graph":[{"@type":"WebPage","@id":"https:\/\/www.jiproequip.com\/index.php\/producto\/medidor-disco-nutante-aluminio\/","url":"https:\/\/www.jiproequip.com\/index.php\/producto\/medidor-disco-nutante-aluminio\/","name":"MEDIDORES DE ALUMINIO CON DISCO OSCILANTE - Ji-proequip","isPartOf":{"@id":"https:\/\/www.jiproequip.com\/#website"},"primaryImageOfPage":{"@id":"https:\/\/www.jiproequip.com\/index.php\/producto\/medidor-disco-nutante-aluminio\/#primaryimage"},"image":{"@id":"https:\/\/www.jiproequip.com\/index.php\/producto\/medidor-disco-nutante-aluminio\/#primaryimage"},"thumbnailUrl":"https:\/\/www.jiproequip.com\/wp-content\/uploads\/2023\/10\/medidor_aluminio_altocaudal_Columbec_01_B.png","datePublished":"2023-10-29T20:22:18+00:00","dateModified":"2023-10-29T20:25:28+00:00","breadcrumb":{"@id":"https:\/\/www.jiproequip.com\/index.php\/producto\/medidor-disco-nutante-aluminio\/#breadcrumb"},"inLanguage":"es","potentialAction":[{"@type":"ReadAction","target":["https:\/\/www.jiproequip.com\/index.php\/producto\/medidor-disco-nutante-aluminio\/"]}]},{"@type":"ImageObject","inLanguage":"es","@id":"https:\/\/www.jiproequip.com\/index.php\/producto\/medidor-disco-nutante-aluminio\/#primaryimage","url":"https:\/\/www.jiproequip.com\/wp-content\/uploads\/2023\/10\/medidor_aluminio_altocaudal_Columbec_01_B.png","contentUrl":"https:\/\/www.jiproequip.com\/wp-content\/uploads\/2023\/10\/medidor_aluminio_altocaudal_Columbec_01_B.png","width":600,"height":600},{"@type":"BreadcrumbList","@id":"https:\/\/www.jiproequip.com\/index.php\/producto\/medidor-disco-nutante-aluminio\/#breadcrumb","itemListElement":[{"@type":"ListItem","position":1,"name":"Home","item":"https:\/\/www.jiproequip.com\/"},{"@type":"ListItem","position":2,"name":"Tienda","item":"https:\/\/www.jiproequip.com\/index.php\/tienda\/"},{"@type":"ListItem","position":3,"name":"MEDIDORES DE ALUMINIO CON DISCO OSCILANTE"}]},{"@type":"WebSite","@id":"https:\/\/www.jiproequip.com\/#website","url":"https:\/\/www.jiproequip.com\/","name":"Ji-proequip","description":"Venta de equipos industriales con servicio t\u00e9cnico especializado","publisher":{"@id":"https:\/\/www.jiproequip.com\/#organization"},"potentialAction":[{"@type":"SearchAction","target":{"@type":"EntryPoint","urlTemplate":"https:\/\/www.jiproequip.com\/?s={search_term_string}"},"query-input":{"@type":"PropertyValueSpecification","valueRequired":true,"valueName":"search_term_string"}}],"inLanguage":"es"},{"@type":"Organization","@id":"https:\/\/www.jiproequip.com\/#organization","name":"Ji-proequip","url":"https:\/\/www.jiproequip.com\/","logo":{"@type":"ImageObject","inLanguage":"es","@id":"https:\/\/www.jiproequip.com\/#\/schema\/logo\/image\/","url":"https:\/\/www.jiproequip.com\/wp-content\/uploads\/2025\/06\/LOGO-JIproequip-2025.png","contentUrl":"https:\/\/www.jiproequip.com\/wp-content\/uploads\/2025\/06\/LOGO-JIproequip-2025.png","width":2433,"height":596,"caption":"Ji-proequip"},"image":{"@id":"https:\/\/www.jiproequip.com\/#\/schema\/logo\/image\/"}}]}},"uagb_featured_image_src":{"full":["https:\/\/www.jiproequip.com\/wp-content\/uploads\/2023\/10\/medidor_aluminio_altocaudal_Columbec_01_B.png",600,600,false],"thumbnail":["https:\/\/www.jiproequip.com\/wp-content\/uploads\/2023\/10\/medidor_aluminio_altocaudal_Columbec_01_B.png",150,150,false],"medium":["https:\/\/www.jiproequip.com\/wp-content\/uploads\/2023\/10\/medidor_aluminio_altocaudal_Columbec_01_B.png",300,300,false],"medium_large":["https:\/\/www.jiproequip.com\/wp-content\/uploads\/2023\/10\/medidor_aluminio_altocaudal_Columbec_01_B.png",600,600,false],"large":["https:\/\/www.jiproequip.com\/wp-content\/uploads\/2023\/10\/medidor_aluminio_altocaudal_Columbec_01_B.png",600,600,false],"1536x1536":["https:\/\/www.jiproequip.com\/wp-content\/uploads\/2023\/10\/medidor_aluminio_altocaudal_Columbec_01_B.png",600,600,false],"2048x2048":["https:\/\/www.jiproequip.com\/wp-content\/uploads\/2023\/10\/medidor_aluminio_altocaudal_Columbec_01_B.png",600,600,false],"mailpoet_newsletter_max":["https:\/\/www.jiproequip.com\/wp-content\/uploads\/2023\/10\/medidor_aluminio_altocaudal_Columbec_01_B.png",600,600,false],"woocommerce_thumbnail":["https:\/\/www.jiproequip.com\/wp-content\/uploads\/2023\/10\/medidor_aluminio_altocaudal_Columbec_01_B.png",300,300,false],"woocommerce_single":["https:\/\/www.jiproequip.com\/wp-content\/uploads\/2023\/10\/medidor_aluminio_altocaudal_Columbec_01_B.png",600,600,false],"woocommerce_gallery_thumbnail":["https:\/\/www.jiproequip.com\/wp-content\/uploads\/2023\/10\/medidor_aluminio_altocaudal_Columbec_01_B.png",100,100,false]},"uagb_author_info":{"display_name":"admin_jiproeq","author_link":"https:\/\/www.jiproequip.com\/index.php\/author\/"},"uagb_comment_info":0,"uagb_excerpt":"Medidores de aluminio para alto flujo y alta presi\u00f3n de transferencia\u00a0con l\u00edquidos de alta viscosidad. Incorporan tecnolog\u00eda de disco nutante de desplazamiento positivo. Medidores para trabajar con flujos sobre los 60 galones por minuto, un rango de viscocidad desde 1 a 50,000 cSt, y pueden trabajar en temperaturas desde -15\u00b0 F to +180\u00b0 F.Medidores de&hellip;","jetpack_sharing_enabled":true,"_links":{"self":[{"href":"https:\/\/www.jiproequip.com\/index.php\/wp-json\/wp\/v2\/product\/3911","targetHints":{"allow":["GET"]}}],"collection":[{"href":"https:\/\/www.jiproequip.com\/index.php\/wp-json\/wp\/v2\/product"}],"about":[{"href":"https:\/\/www.jiproequip.com\/index.php\/wp-json\/wp\/v2\/types\/product"}],"replies":[{"embeddable":true,"href":"https:\/\/www.jiproequip.com\/index.php\/wp-json\/wp\/v2\/comments?post=3911"}],"wp:featuredmedia":[{"embeddable":true,"href":"https:\/\/www.jiproequip.com\/index.php\/wp-json\/wp\/v2\/media\/3913"}],"wp:attachment":[{"href":"https:\/\/www.jiproequip.com\/index.php\/wp-json\/wp\/v2\/media?parent=3911"}],"wp:term":[{"taxonomy":"product_brand","embeddable":true,"href":"https:\/\/www.jiproequip.com\/index.php\/wp-json\/wp\/v2\/product_brand?post=3911"},{"taxonomy":"product_cat","embeddable":true,"href":"https:\/\/www.jiproequip.com\/index.php\/wp-json\/wp\/v2\/product_cat?post=3911"},{"taxonomy":"product_tag","embeddable":true,"href":"https:\/\/www.jiproequip.com\/index.php\/wp-json\/wp\/v2\/product_tag?post=3911"}],"curies":[{"name":"wp","href":"https:\/\/api.w.org\/{rel}","templated":true}]}}