{"id":3938,"date":"2023-10-29T15:54:23","date_gmt":"2023-10-29T20:54:23","guid":{"rendered":"https:\/\/www.jiproequip.com\/?post_type=product&#038;p=3938"},"modified":"2023-10-29T15:57:52","modified_gmt":"2023-10-29T20:57:52","slug":"sistemas-de-grilla-fija","status":"publish","type":"product","link":"https:\/\/www.jiproequip.com\/index.php\/producto\/sistemas-de-grilla-fija\/","title":{"rendered":"Sistemas de grilla fija para oxigenaci\u00f3n de tanques"},"content":{"rendered":"<div class=\"pl_i2c\">\n<div class=\"pl_i2c\">\n<div class=\"pl_i2c\">\n<div class=\"pl_i2c\">\n<div class=\"pl_i2c\">\n<div class=\"pl_i2c\">\n<div class=\"pl_i2c\">\n<div class=\"pl_i2c\">\n<div class=\"pl_i2c\">\n<div class=\"pl_i2c\">\n<div class=\"pl_i2c\">\n<div class=\"pl_i2c\">\n<div class=\"pl_i2c\">\n<div class=\"pl_i2c\">\n<div class=\"pl_i2c\">\n<div class=\"pl_i2c\">\n<div class=\"pl_i2c\">\n<div class=\"pl_i2c\">\n<div class=\"pl_i2c\">\n<p>Existen distintas configuraciones de grillas que permiten adaptarse a todas las geometr\u00edas de tanques para operar de forma eficiente a\u00fan en procesos con demandas de ox\u00edgeno variables.Es el sistema m\u00e1s econ\u00f3mico para la instalaci\u00f3n de difusores de membrana. Suele utilizarse cuando existen dos o m\u00e1s reactores, de modo que se pueda realizar el mantenimiento programado en un tanque, mientras los otros contin\u00faan en operaci\u00f3n. Tambi\u00e9n se los puede utilizar en plantas medianas y peque\u00f1as con un solo reactor, siempre que se pueda vaciar sin mayores inconvenientes en paradas generales de planta programadas.<br \/>\nLos difusores son montados en ramales de PVC o PP y llevan soportes regulables de acero inoxidable para su vinculaci\u00f3n al fondo y su correcta nivelaci\u00f3n.<br \/>\nColumbec con amplia experiencia en el sector industrial en el momento de la instalaci\u00f3n verifica el arranque, pruebas y capacitaci\u00f3n a operadores y supervisor en caso de ser necesario.<\/p>\n<\/div>\n<\/div>\n<\/div>\n<\/div>\n<\/div>\n<\/div>\n<\/div>\n<\/div>\n<\/div>\n<\/div>\n<\/div>\n<\/div>\n<\/div>\n<\/div>\n<\/div>\n<\/div>\n<\/div>\n<\/div>\n<\/div>\n","protected":false},"excerpt":{"rendered":"<p>Existen distintas configuraciones de grillas que permiten adaptarse a todas las geometr\u00edas de tanques para operar de forma eficiente a\u00fan en procesos con demandas de ox\u00edgeno variables.Es el sistema m\u00e1s econ\u00f3mico para la instalaci\u00f3n de difusores de membrana. Suele utilizarse cuando existen dos o m\u00e1s reactores, de modo que se pueda realizar el mantenimiento programado [&hellip;]<\/p>\n","protected":false},"featured_media":3939,"comment_status":"open","ping_status":"closed","template":"","meta":{"_uag_custom_page_level_css":""},"product_brand":[],"product_cat":[73],"product_tag":[],"class_list":{"0":"post-3938","1":"product","2":"type-product","3":"status-publish","4":"has-post-thumbnail","6":"product_cat-accesorio-sistemas-bombeo","8":"first","9":"instock","10":"shipping-taxable","11":"product-type-simple"},"yoast_head":"<!-- This site is optimized with the Yoast SEO plugin v25.2 - https:\/\/yoast.com\/wordpress\/plugins\/seo\/ -->\n<title>Sistemas de grilla fija para oxigenaci\u00f3n de tanques - Ji-proequip<\/title>\n<meta name=\"robots\" content=\"index, follow, max-snippet:-1, max-image-preview:large, max-video-preview:-1\" \/>\n<link rel=\"canonical\" href=\"https:\/\/www.jiproequip.com\/index.php\/producto\/sistemas-de-grilla-fija\/\" \/>\n<meta property=\"og:locale\" content=\"es_ES\" \/>\n<meta property=\"og:type\" content=\"article\" \/>\n<meta property=\"og:title\" content=\"Sistemas de grilla fija para oxigenaci\u00f3n de tanques - Ji-proequip\" \/>\n<meta property=\"og:description\" content=\"Existen distintas configuraciones de grillas que permiten adaptarse a todas las geometr\u00edas de tanques para operar de forma eficiente a\u00fan en procesos con demandas de ox\u00edgeno variables.Es el sistema m\u00e1s econ\u00f3mico para la instalaci\u00f3n de difusores de membrana. Suele utilizarse cuando existen dos o m\u00e1s reactores, de modo que se pueda realizar el mantenimiento programado [&hellip;]\" \/>\n<meta property=\"og:url\" content=\"https:\/\/www.jiproequip.com\/index.php\/producto\/sistemas-de-grilla-fija\/\" \/>\n<meta property=\"og:site_name\" content=\"Ji-proequip\" \/>\n<meta property=\"article:modified_time\" content=\"2023-10-29T20:57:52+00:00\" \/>\n<meta property=\"og:image\" content=\"https:\/\/www.jiproequip.com\/wp-content\/uploads\/2023\/10\/Sistema_grilla_fija_Repicky_Columbec_B.png\" \/>\n\t<meta property=\"og:image:width\" content=\"599\" \/>\n\t<meta property=\"og:image:height\" content=\"533\" \/>\n\t<meta property=\"og:image:type\" content=\"image\/png\" \/>\n<meta name=\"twitter:card\" content=\"summary_large_image\" \/>\n<meta name=\"twitter:label1\" content=\"Tiempo de lectura\" \/>\n\t<meta name=\"twitter:data1\" content=\"1 minuto\" \/>\n<script type=\"application\/ld+json\" class=\"yoast-schema-graph\">{\"@context\":\"https:\/\/schema.org\",\"@graph\":[{\"@type\":\"WebPage\",\"@id\":\"https:\/\/www.jiproequip.com\/index.php\/producto\/sistemas-de-grilla-fija\/\",\"url\":\"https:\/\/www.jiproequip.com\/index.php\/producto\/sistemas-de-grilla-fija\/\",\"name\":\"Sistemas de grilla fija para oxigenaci\u00f3n de tanques - Ji-proequip\",\"isPartOf\":{\"@id\":\"https:\/\/www.jiproequip.com\/#website\"},\"primaryImageOfPage\":{\"@id\":\"https:\/\/www.jiproequip.com\/index.php\/producto\/sistemas-de-grilla-fija\/#primaryimage\"},\"image\":{\"@id\":\"https:\/\/www.jiproequip.com\/index.php\/producto\/sistemas-de-grilla-fija\/#primaryimage\"},\"thumbnailUrl\":\"https:\/\/www.jiproequip.com\/wp-content\/uploads\/2023\/10\/Sistema_grilla_fija_Repicky_Columbec_B.png\",\"datePublished\":\"2023-10-29T20:54:23+00:00\",\"dateModified\":\"2023-10-29T20:57:52+00:00\",\"breadcrumb\":{\"@id\":\"https:\/\/www.jiproequip.com\/index.php\/producto\/sistemas-de-grilla-fija\/#breadcrumb\"},\"inLanguage\":\"es\",\"potentialAction\":[{\"@type\":\"ReadAction\",\"target\":[\"https:\/\/www.jiproequip.com\/index.php\/producto\/sistemas-de-grilla-fija\/\"]}]},{\"@type\":\"ImageObject\",\"inLanguage\":\"es\",\"@id\":\"https:\/\/www.jiproequip.com\/index.php\/producto\/sistemas-de-grilla-fija\/#primaryimage\",\"url\":\"https:\/\/www.jiproequip.com\/wp-content\/uploads\/2023\/10\/Sistema_grilla_fija_Repicky_Columbec_B.png\",\"contentUrl\":\"https:\/\/www.jiproequip.com\/wp-content\/uploads\/2023\/10\/Sistema_grilla_fija_Repicky_Columbec_B.png\",\"width\":599,\"height\":533},{\"@type\":\"BreadcrumbList\",\"@id\":\"https:\/\/www.jiproequip.com\/index.php\/producto\/sistemas-de-grilla-fija\/#breadcrumb\",\"itemListElement\":[{\"@type\":\"ListItem\",\"position\":1,\"name\":\"Home\",\"item\":\"https:\/\/www.jiproequip.com\/\"},{\"@type\":\"ListItem\",\"position\":2,\"name\":\"Tienda\",\"item\":\"https:\/\/www.jiproequip.com\/index.php\/tienda\/\"},{\"@type\":\"ListItem\",\"position\":3,\"name\":\"Sistemas de grilla fija para oxigenaci\u00f3n de tanques\"}]},{\"@type\":\"WebSite\",\"@id\":\"https:\/\/www.jiproequip.com\/#website\",\"url\":\"https:\/\/www.jiproequip.com\/\",\"name\":\"Ji-proequip\",\"description\":\"Venta de equipos industriales con servicio t\u00e9cnico especializado\",\"publisher\":{\"@id\":\"https:\/\/www.jiproequip.com\/#organization\"},\"potentialAction\":[{\"@type\":\"SearchAction\",\"target\":{\"@type\":\"EntryPoint\",\"urlTemplate\":\"https:\/\/www.jiproequip.com\/?s={search_term_string}\"},\"query-input\":{\"@type\":\"PropertyValueSpecification\",\"valueRequired\":true,\"valueName\":\"search_term_string\"}}],\"inLanguage\":\"es\"},{\"@type\":\"Organization\",\"@id\":\"https:\/\/www.jiproequip.com\/#organization\",\"name\":\"Ji-proequip\",\"url\":\"https:\/\/www.jiproequip.com\/\",\"logo\":{\"@type\":\"ImageObject\",\"inLanguage\":\"es\",\"@id\":\"https:\/\/www.jiproequip.com\/#\/schema\/logo\/image\/\",\"url\":\"https:\/\/www.jiproequip.com\/wp-content\/uploads\/2025\/06\/LOGO-JIproequip-2025.png\",\"contentUrl\":\"https:\/\/www.jiproequip.com\/wp-content\/uploads\/2025\/06\/LOGO-JIproequip-2025.png\",\"width\":2433,\"height\":596,\"caption\":\"Ji-proequip\"},\"image\":{\"@id\":\"https:\/\/www.jiproequip.com\/#\/schema\/logo\/image\/\"}}]}<\/script>\n<!-- \/ Yoast SEO plugin. -->","yoast_head_json":{"title":"Sistemas de grilla fija para oxigenaci\u00f3n de tanques - Ji-proequip","robots":{"index":"index","follow":"follow","max-snippet":"max-snippet:-1","max-image-preview":"max-image-preview:large","max-video-preview":"max-video-preview:-1"},"canonical":"https:\/\/www.jiproequip.com\/index.php\/producto\/sistemas-de-grilla-fija\/","og_locale":"es_ES","og_type":"article","og_title":"Sistemas de grilla fija para oxigenaci\u00f3n de tanques - Ji-proequip","og_description":"Existen distintas configuraciones de grillas que permiten adaptarse a todas las geometr\u00edas de tanques para operar de forma eficiente a\u00fan en procesos con demandas de ox\u00edgeno variables.Es el sistema m\u00e1s econ\u00f3mico para la instalaci\u00f3n de difusores de membrana. Suele utilizarse cuando existen dos o m\u00e1s reactores, de modo que se pueda realizar el mantenimiento programado [&hellip;]","og_url":"https:\/\/www.jiproequip.com\/index.php\/producto\/sistemas-de-grilla-fija\/","og_site_name":"Ji-proequip","article_modified_time":"2023-10-29T20:57:52+00:00","og_image":[{"width":599,"height":533,"url":"https:\/\/www.jiproequip.com\/wp-content\/uploads\/2023\/10\/Sistema_grilla_fija_Repicky_Columbec_B.png","type":"image\/png"}],"twitter_card":"summary_large_image","twitter_misc":{"Tiempo de lectura":"1 minuto"},"schema":{"@context":"https:\/\/schema.org","@graph":[{"@type":"WebPage","@id":"https:\/\/www.jiproequip.com\/index.php\/producto\/sistemas-de-grilla-fija\/","url":"https:\/\/www.jiproequip.com\/index.php\/producto\/sistemas-de-grilla-fija\/","name":"Sistemas de grilla fija para oxigenaci\u00f3n de tanques - Ji-proequip","isPartOf":{"@id":"https:\/\/www.jiproequip.com\/#website"},"primaryImageOfPage":{"@id":"https:\/\/www.jiproequip.com\/index.php\/producto\/sistemas-de-grilla-fija\/#primaryimage"},"image":{"@id":"https:\/\/www.jiproequip.com\/index.php\/producto\/sistemas-de-grilla-fija\/#primaryimage"},"thumbnailUrl":"https:\/\/www.jiproequip.com\/wp-content\/uploads\/2023\/10\/Sistema_grilla_fija_Repicky_Columbec_B.png","datePublished":"2023-10-29T20:54:23+00:00","dateModified":"2023-10-29T20:57:52+00:00","breadcrumb":{"@id":"https:\/\/www.jiproequip.com\/index.php\/producto\/sistemas-de-grilla-fija\/#breadcrumb"},"inLanguage":"es","potentialAction":[{"@type":"ReadAction","target":["https:\/\/www.jiproequip.com\/index.php\/producto\/sistemas-de-grilla-fija\/"]}]},{"@type":"ImageObject","inLanguage":"es","@id":"https:\/\/www.jiproequip.com\/index.php\/producto\/sistemas-de-grilla-fija\/#primaryimage","url":"https:\/\/www.jiproequip.com\/wp-content\/uploads\/2023\/10\/Sistema_grilla_fija_Repicky_Columbec_B.png","contentUrl":"https:\/\/www.jiproequip.com\/wp-content\/uploads\/2023\/10\/Sistema_grilla_fija_Repicky_Columbec_B.png","width":599,"height":533},{"@type":"BreadcrumbList","@id":"https:\/\/www.jiproequip.com\/index.php\/producto\/sistemas-de-grilla-fija\/#breadcrumb","itemListElement":[{"@type":"ListItem","position":1,"name":"Home","item":"https:\/\/www.jiproequip.com\/"},{"@type":"ListItem","position":2,"name":"Tienda","item":"https:\/\/www.jiproequip.com\/index.php\/tienda\/"},{"@type":"ListItem","position":3,"name":"Sistemas de grilla fija para oxigenaci\u00f3n de tanques"}]},{"@type":"WebSite","@id":"https:\/\/www.jiproequip.com\/#website","url":"https:\/\/www.jiproequip.com\/","name":"Ji-proequip","description":"Venta de equipos industriales con servicio t\u00e9cnico especializado","publisher":{"@id":"https:\/\/www.jiproequip.com\/#organization"},"potentialAction":[{"@type":"SearchAction","target":{"@type":"EntryPoint","urlTemplate":"https:\/\/www.jiproequip.com\/?s={search_term_string}"},"query-input":{"@type":"PropertyValueSpecification","valueRequired":true,"valueName":"search_term_string"}}],"inLanguage":"es"},{"@type":"Organization","@id":"https:\/\/www.jiproequip.com\/#organization","name":"Ji-proequip","url":"https:\/\/www.jiproequip.com\/","logo":{"@type":"ImageObject","inLanguage":"es","@id":"https:\/\/www.jiproequip.com\/#\/schema\/logo\/image\/","url":"https:\/\/www.jiproequip.com\/wp-content\/uploads\/2025\/06\/LOGO-JIproequip-2025.png","contentUrl":"https:\/\/www.jiproequip.com\/wp-content\/uploads\/2025\/06\/LOGO-JIproequip-2025.png","width":2433,"height":596,"caption":"Ji-proequip"},"image":{"@id":"https:\/\/www.jiproequip.com\/#\/schema\/logo\/image\/"}}]}},"uagb_featured_image_src":{"full":["https:\/\/www.jiproequip.com\/wp-content\/uploads\/2023\/10\/Sistema_grilla_fija_Repicky_Columbec_B.png",599,533,false],"thumbnail":["https:\/\/www.jiproequip.com\/wp-content\/uploads\/2023\/10\/Sistema_grilla_fija_Repicky_Columbec_B.png",150,133,false],"medium":["https:\/\/www.jiproequip.com\/wp-content\/uploads\/2023\/10\/Sistema_grilla_fija_Repicky_Columbec_B.png",300,267,false],"medium_large":["https:\/\/www.jiproequip.com\/wp-content\/uploads\/2023\/10\/Sistema_grilla_fija_Repicky_Columbec_B.png",599,533,false],"large":["https:\/\/www.jiproequip.com\/wp-content\/uploads\/2023\/10\/Sistema_grilla_fija_Repicky_Columbec_B.png",599,533,false],"1536x1536":["https:\/\/www.jiproequip.com\/wp-content\/uploads\/2023\/10\/Sistema_grilla_fija_Repicky_Columbec_B.png",599,533,false],"2048x2048":["https:\/\/www.jiproequip.com\/wp-content\/uploads\/2023\/10\/Sistema_grilla_fija_Repicky_Columbec_B.png",599,533,false],"mailpoet_newsletter_max":["https:\/\/www.jiproequip.com\/wp-content\/uploads\/2023\/10\/Sistema_grilla_fija_Repicky_Columbec_B.png",599,533,false],"woocommerce_thumbnail":["https:\/\/www.jiproequip.com\/wp-content\/uploads\/2023\/10\/Sistema_grilla_fija_Repicky_Columbec_B.png",300,267,false],"woocommerce_single":["https:\/\/www.jiproequip.com\/wp-content\/uploads\/2023\/10\/Sistema_grilla_fija_Repicky_Columbec_B.png",599,533,false],"woocommerce_gallery_thumbnail":["https:\/\/www.jiproequip.com\/wp-content\/uploads\/2023\/10\/Sistema_grilla_fija_Repicky_Columbec_B-100x100.png",100,100,true]},"uagb_author_info":{"display_name":"admin_jiproeq","author_link":"https:\/\/www.jiproequip.com\/index.php\/author\/"},"uagb_comment_info":0,"uagb_excerpt":"Existen distintas configuraciones de grillas que permiten adaptarse a todas las geometr\u00edas de tanques para operar de forma eficiente a\u00fan en procesos con demandas de ox\u00edgeno variables.Es el sistema m\u00e1s econ\u00f3mico para la instalaci\u00f3n de difusores de membrana. Suele utilizarse cuando existen dos o m\u00e1s reactores, de modo que se pueda realizar el mantenimiento programado&hellip;","jetpack_sharing_enabled":true,"_links":{"self":[{"href":"https:\/\/www.jiproequip.com\/index.php\/wp-json\/wp\/v2\/product\/3938","targetHints":{"allow":["GET"]}}],"collection":[{"href":"https:\/\/www.jiproequip.com\/index.php\/wp-json\/wp\/v2\/product"}],"about":[{"href":"https:\/\/www.jiproequip.com\/index.php\/wp-json\/wp\/v2\/types\/product"}],"replies":[{"embeddable":true,"href":"https:\/\/www.jiproequip.com\/index.php\/wp-json\/wp\/v2\/comments?post=3938"}],"wp:featuredmedia":[{"embeddable":true,"href":"https:\/\/www.jiproequip.com\/index.php\/wp-json\/wp\/v2\/media\/3939"}],"wp:attachment":[{"href":"https:\/\/www.jiproequip.com\/index.php\/wp-json\/wp\/v2\/media?parent=3938"}],"wp:term":[{"taxonomy":"product_brand","embeddable":true,"href":"https:\/\/www.jiproequip.com\/index.php\/wp-json\/wp\/v2\/product_brand?post=3938"},{"taxonomy":"product_cat","embeddable":true,"href":"https:\/\/www.jiproequip.com\/index.php\/wp-json\/wp\/v2\/product_cat?post=3938"},{"taxonomy":"product_tag","embeddable":true,"href":"https:\/\/www.jiproequip.com\/index.php\/wp-json\/wp\/v2\/product_tag?post=3938"}],"curies":[{"name":"wp","href":"https:\/\/api.w.org\/{rel}","templated":true}]}}