{"id":3956,"date":"2023-10-29T16:19:06","date_gmt":"2023-10-29T21:19:06","guid":{"rendered":"https:\/\/www.jiproequip.com\/?post_type=product&#038;p=3956"},"modified":"2023-10-29T16:25:30","modified_gmt":"2023-10-29T21:25:30","slug":"bombas-de-aguas-residuales-antiatasco-para-transporte-de-solidos","status":"publish","type":"product","link":"https:\/\/www.jiproequip.com\/index.php\/producto\/bombas-de-aguas-residuales-antiatasco-para-transporte-de-solidos\/","title":{"rendered":"Bombas de aguas residuales, antiatasco para transporte de s\u00f3lidos"},"content":{"rendered":"<div class=\"pl_i2c\">\n<div class=\"pl_i2c\">\n<div class=\"pl_i2c\">\n<div class=\"pl_i2c\">\n<div class=\"pl_i2c\">\n<div class=\"pl_i2c\">\n<div class=\"pl_i2c\">\n<div class=\"pl_i2c\">\n<div class=\"pl_i2c\">\n<div class=\"pl_i2c\">\n<div class=\"pl_i2c\">\n<div class=\"pl_i2c\">\n<div class=\"pl_i2c\">\n<div class=\"pl_i2c\">\n<div class=\"pl_i2c\">\n<div class=\"pl_i2c\">\n<div class=\"pl_i2c\">\n<div class=\"pl_i2c\">\n<div class=\"pl_i2c\">\n<div class=\"pl_i2c\">\n<div class=\"pl_i2c\">\n<div class=\"pl_i2c\">\n<p>Electrobombas sumergibles de alta eficiencia para elevaci\u00f3n de aguas residuales. Dise\u00f1adas expresamente para el bombeo de aguas residuales urbanas e industriales, en estaciones de elevaci\u00f3n del alcantarillado p\u00fablico y en plantas de depuraci\u00f3n.Sistema hidr\u00e1ulico mono\/bicanal o con rodete abierto retrasado, ideal para transportar l\u00edquidos con alta concentraci\u00f3n de materia s\u00f3lida.<br \/>\nRodetes con dispositivo antiatasco, doble cierre mec\u00e1nico para protecci\u00f3n del motor, c\u00e1mara de aceite y sonda de seguridad.<br \/>\nMotores de alto rendimiento y baja temperatura, aptos tambi\u00e9n para el uso en c\u00e1mara seca. Una gama moderna y profesional para optimizar los costes de utilizaci\u00f3n y mantenimiento en instalaciones urbanas e industriales. Disponibles tambi\u00e9n en versi\u00f3n antideflagrante ATEX II 2G Exd IIB T4.<\/p>\n<p><img loading=\"lazy\" decoding=\"async\" class=\"alignnone size-medium wp-image-3966\" src=\"http:\/\/https:\/\/www.jiproequip.com\/wp-content\/uploads\/2023\/10\/Bombas_aguas_residuales_antiatasco_transporte_solidos_Caprari_Columbec_06_B.png\" alt=\"\" width=\"300\" height=\"290\" \/> <img loading=\"lazy\" decoding=\"async\" class=\"alignnone size-medium wp-image-3967\" src=\"http:\/\/https:\/\/www.jiproequip.com\/wp-content\/uploads\/2023\/10\/Bombas_aguas_residuales_antiatasco_transporte_solidos_Caprari_Columbec_07_B.png\" alt=\"\" width=\"300\" height=\"287\" \/> <img loading=\"lazy\" decoding=\"async\" class=\"alignnone size-medium wp-image-3969\" src=\"http:\/\/https:\/\/www.jiproequip.com\/wp-content\/uploads\/2023\/10\/Bombas_aguas_residuales_antiatasco_transporte_solidos_Caprari_Columbec_08_B.png\" alt=\"\" width=\"300\" height=\"288\" \/> <img loading=\"lazy\" decoding=\"async\" class=\"alignnone size-full wp-image-3970\" src=\"http:\/\/https:\/\/www.jiproequip.com\/wp-content\/uploads\/2023\/10\/Bombas_aguas_residuales_antiatasco_transporte_solidos_Caprari_Columbec_09_B.png\" alt=\"\" width=\"371\" height=\"354\" \/><\/p>\n<\/div>\n<\/div>\n<\/div>\n<\/div>\n<\/div>\n<\/div>\n<\/div>\n<\/div>\n<\/div>\n<\/div>\n<\/div>\n<\/div>\n<\/div>\n<\/div>\n<\/div>\n<\/div>\n<\/div>\n<\/div>\n<\/div>\n<\/div>\n<\/div>\n<\/div>\n","protected":false},"excerpt":{"rendered":"<p>Electrobombas sumergibles de alta eficiencia para elevaci\u00f3n de aguas residuales. Dise\u00f1adas expresamente para el bombeo de aguas residuales urbanas e industriales, en estaciones de elevaci\u00f3n del alcantarillado p\u00fablico y en plantas de depuraci\u00f3n.Sistema hidr\u00e1ulico mono\/bicanal o con rodete abierto retrasado, ideal para transportar l\u00edquidos con alta concentraci\u00f3n de materia s\u00f3lida. Rodetes con dispositivo antiatasco, doble [&hellip;]<\/p>\n","protected":false},"featured_media":3959,"comment_status":"open","ping_status":"closed","template":"","meta":{"_uag_custom_page_level_css":""},"product_brand":[],"product_cat":[74],"product_tag":[],"class_list":{"0":"post-3956","1":"product","2":"type-product","3":"status-publish","4":"has-post-thumbnail","6":"product_cat-bombas-centrifugas","8":"first","9":"instock","10":"shipping-taxable","11":"product-type-simple"},"yoast_head":"<!-- This site is optimized with the Yoast SEO plugin v25.2 - https:\/\/yoast.com\/wordpress\/plugins\/seo\/ -->\n<title>Bombas de aguas residuales, antiatasco para transporte de s\u00f3lidos - Ji-proequip<\/title>\n<meta name=\"robots\" content=\"index, follow, max-snippet:-1, max-image-preview:large, max-video-preview:-1\" \/>\n<link rel=\"canonical\" href=\"https:\/\/www.jiproequip.com\/index.php\/producto\/bombas-de-aguas-residuales-antiatasco-para-transporte-de-solidos\/\" \/>\n<meta property=\"og:locale\" content=\"es_ES\" \/>\n<meta property=\"og:type\" content=\"article\" \/>\n<meta property=\"og:title\" content=\"Bombas de aguas residuales, antiatasco para transporte de s\u00f3lidos - Ji-proequip\" \/>\n<meta property=\"og:description\" content=\"Electrobombas sumergibles de alta eficiencia para elevaci\u00f3n de aguas residuales. Dise\u00f1adas expresamente para el bombeo de aguas residuales urbanas e industriales, en estaciones de elevaci\u00f3n del alcantarillado p\u00fablico y en plantas de depuraci\u00f3n.Sistema hidr\u00e1ulico mono\/bicanal o con rodete abierto retrasado, ideal para transportar l\u00edquidos con alta concentraci\u00f3n de materia s\u00f3lida. Rodetes con dispositivo antiatasco, doble [&hellip;]\" \/>\n<meta property=\"og:url\" content=\"https:\/\/www.jiproequip.com\/index.php\/producto\/bombas-de-aguas-residuales-antiatasco-para-transporte-de-solidos\/\" \/>\n<meta property=\"og:site_name\" content=\"Ji-proequip\" \/>\n<meta property=\"article:modified_time\" content=\"2023-10-29T21:25:30+00:00\" \/>\n<meta property=\"og:image\" content=\"https:\/\/www.jiproequip.com\/wp-content\/uploads\/2023\/10\/Bombas_aguas_cargadas_residuales_Caprari_Columbec_04_B.png\" \/>\n\t<meta property=\"og:image:width\" content=\"222\" \/>\n\t<meta property=\"og:image:height\" content=\"345\" \/>\n\t<meta property=\"og:image:type\" content=\"image\/png\" \/>\n<meta name=\"twitter:card\" content=\"summary_large_image\" \/>\n<meta name=\"twitter:label1\" content=\"Tiempo de lectura\" \/>\n\t<meta name=\"twitter:data1\" content=\"2 minutos\" \/>\n<script type=\"application\/ld+json\" class=\"yoast-schema-graph\">{\"@context\":\"https:\/\/schema.org\",\"@graph\":[{\"@type\":\"WebPage\",\"@id\":\"https:\/\/www.jiproequip.com\/index.php\/producto\/bombas-de-aguas-residuales-antiatasco-para-transporte-de-solidos\/\",\"url\":\"https:\/\/www.jiproequip.com\/index.php\/producto\/bombas-de-aguas-residuales-antiatasco-para-transporte-de-solidos\/\",\"name\":\"Bombas de aguas residuales, antiatasco para transporte de s\u00f3lidos - Ji-proequip\",\"isPartOf\":{\"@id\":\"https:\/\/www.jiproequip.com\/#website\"},\"primaryImageOfPage\":{\"@id\":\"https:\/\/www.jiproequip.com\/index.php\/producto\/bombas-de-aguas-residuales-antiatasco-para-transporte-de-solidos\/#primaryimage\"},\"image\":{\"@id\":\"https:\/\/www.jiproequip.com\/index.php\/producto\/bombas-de-aguas-residuales-antiatasco-para-transporte-de-solidos\/#primaryimage\"},\"thumbnailUrl\":\"https:\/\/www.jiproequip.com\/wp-content\/uploads\/2023\/10\/Bombas_aguas_cargadas_residuales_Caprari_Columbec_04_B.png\",\"datePublished\":\"2023-10-29T21:19:06+00:00\",\"dateModified\":\"2023-10-29T21:25:30+00:00\",\"breadcrumb\":{\"@id\":\"https:\/\/www.jiproequip.com\/index.php\/producto\/bombas-de-aguas-residuales-antiatasco-para-transporte-de-solidos\/#breadcrumb\"},\"inLanguage\":\"es\",\"potentialAction\":[{\"@type\":\"ReadAction\",\"target\":[\"https:\/\/www.jiproequip.com\/index.php\/producto\/bombas-de-aguas-residuales-antiatasco-para-transporte-de-solidos\/\"]}]},{\"@type\":\"ImageObject\",\"inLanguage\":\"es\",\"@id\":\"https:\/\/www.jiproequip.com\/index.php\/producto\/bombas-de-aguas-residuales-antiatasco-para-transporte-de-solidos\/#primaryimage\",\"url\":\"https:\/\/www.jiproequip.com\/wp-content\/uploads\/2023\/10\/Bombas_aguas_cargadas_residuales_Caprari_Columbec_04_B.png\",\"contentUrl\":\"https:\/\/www.jiproequip.com\/wp-content\/uploads\/2023\/10\/Bombas_aguas_cargadas_residuales_Caprari_Columbec_04_B.png\",\"width\":222,\"height\":345},{\"@type\":\"BreadcrumbList\",\"@id\":\"https:\/\/www.jiproequip.com\/index.php\/producto\/bombas-de-aguas-residuales-antiatasco-para-transporte-de-solidos\/#breadcrumb\",\"itemListElement\":[{\"@type\":\"ListItem\",\"position\":1,\"name\":\"Home\",\"item\":\"https:\/\/www.jiproequip.com\/\"},{\"@type\":\"ListItem\",\"position\":2,\"name\":\"Tienda\",\"item\":\"https:\/\/www.jiproequip.com\/index.php\/tienda\/\"},{\"@type\":\"ListItem\",\"position\":3,\"name\":\"Bombas de aguas residuales, antiatasco para transporte de s\u00f3lidos\"}]},{\"@type\":\"WebSite\",\"@id\":\"https:\/\/www.jiproequip.com\/#website\",\"url\":\"https:\/\/www.jiproequip.com\/\",\"name\":\"Ji-proequip\",\"description\":\"Venta de equipos industriales con servicio t\u00e9cnico especializado\",\"publisher\":{\"@id\":\"https:\/\/www.jiproequip.com\/#organization\"},\"potentialAction\":[{\"@type\":\"SearchAction\",\"target\":{\"@type\":\"EntryPoint\",\"urlTemplate\":\"https:\/\/www.jiproequip.com\/?s={search_term_string}\"},\"query-input\":{\"@type\":\"PropertyValueSpecification\",\"valueRequired\":true,\"valueName\":\"search_term_string\"}}],\"inLanguage\":\"es\"},{\"@type\":\"Organization\",\"@id\":\"https:\/\/www.jiproequip.com\/#organization\",\"name\":\"Ji-proequip\",\"url\":\"https:\/\/www.jiproequip.com\/\",\"logo\":{\"@type\":\"ImageObject\",\"inLanguage\":\"es\",\"@id\":\"https:\/\/www.jiproequip.com\/#\/schema\/logo\/image\/\",\"url\":\"https:\/\/www.jiproequip.com\/wp-content\/uploads\/2025\/06\/LOGO-JIproequip-2025.png\",\"contentUrl\":\"https:\/\/www.jiproequip.com\/wp-content\/uploads\/2025\/06\/LOGO-JIproequip-2025.png\",\"width\":2433,\"height\":596,\"caption\":\"Ji-proequip\"},\"image\":{\"@id\":\"https:\/\/www.jiproequip.com\/#\/schema\/logo\/image\/\"}}]}<\/script>\n<!-- \/ Yoast SEO plugin. -->","yoast_head_json":{"title":"Bombas de aguas residuales, antiatasco para transporte de s\u00f3lidos - Ji-proequip","robots":{"index":"index","follow":"follow","max-snippet":"max-snippet:-1","max-image-preview":"max-image-preview:large","max-video-preview":"max-video-preview:-1"},"canonical":"https:\/\/www.jiproequip.com\/index.php\/producto\/bombas-de-aguas-residuales-antiatasco-para-transporte-de-solidos\/","og_locale":"es_ES","og_type":"article","og_title":"Bombas de aguas residuales, antiatasco para transporte de s\u00f3lidos - Ji-proequip","og_description":"Electrobombas sumergibles de alta eficiencia para elevaci\u00f3n de aguas residuales. Dise\u00f1adas expresamente para el bombeo de aguas residuales urbanas e industriales, en estaciones de elevaci\u00f3n del alcantarillado p\u00fablico y en plantas de depuraci\u00f3n.Sistema hidr\u00e1ulico mono\/bicanal o con rodete abierto retrasado, ideal para transportar l\u00edquidos con alta concentraci\u00f3n de materia s\u00f3lida. Rodetes con dispositivo antiatasco, doble [&hellip;]","og_url":"https:\/\/www.jiproequip.com\/index.php\/producto\/bombas-de-aguas-residuales-antiatasco-para-transporte-de-solidos\/","og_site_name":"Ji-proequip","article_modified_time":"2023-10-29T21:25:30+00:00","og_image":[{"width":222,"height":345,"url":"https:\/\/www.jiproequip.com\/wp-content\/uploads\/2023\/10\/Bombas_aguas_cargadas_residuales_Caprari_Columbec_04_B.png","type":"image\/png"}],"twitter_card":"summary_large_image","twitter_misc":{"Tiempo de lectura":"2 minutos"},"schema":{"@context":"https:\/\/schema.org","@graph":[{"@type":"WebPage","@id":"https:\/\/www.jiproequip.com\/index.php\/producto\/bombas-de-aguas-residuales-antiatasco-para-transporte-de-solidos\/","url":"https:\/\/www.jiproequip.com\/index.php\/producto\/bombas-de-aguas-residuales-antiatasco-para-transporte-de-solidos\/","name":"Bombas de aguas residuales, antiatasco para transporte de s\u00f3lidos - Ji-proequip","isPartOf":{"@id":"https:\/\/www.jiproequip.com\/#website"},"primaryImageOfPage":{"@id":"https:\/\/www.jiproequip.com\/index.php\/producto\/bombas-de-aguas-residuales-antiatasco-para-transporte-de-solidos\/#primaryimage"},"image":{"@id":"https:\/\/www.jiproequip.com\/index.php\/producto\/bombas-de-aguas-residuales-antiatasco-para-transporte-de-solidos\/#primaryimage"},"thumbnailUrl":"https:\/\/www.jiproequip.com\/wp-content\/uploads\/2023\/10\/Bombas_aguas_cargadas_residuales_Caprari_Columbec_04_B.png","datePublished":"2023-10-29T21:19:06+00:00","dateModified":"2023-10-29T21:25:30+00:00","breadcrumb":{"@id":"https:\/\/www.jiproequip.com\/index.php\/producto\/bombas-de-aguas-residuales-antiatasco-para-transporte-de-solidos\/#breadcrumb"},"inLanguage":"es","potentialAction":[{"@type":"ReadAction","target":["https:\/\/www.jiproequip.com\/index.php\/producto\/bombas-de-aguas-residuales-antiatasco-para-transporte-de-solidos\/"]}]},{"@type":"ImageObject","inLanguage":"es","@id":"https:\/\/www.jiproequip.com\/index.php\/producto\/bombas-de-aguas-residuales-antiatasco-para-transporte-de-solidos\/#primaryimage","url":"https:\/\/www.jiproequip.com\/wp-content\/uploads\/2023\/10\/Bombas_aguas_cargadas_residuales_Caprari_Columbec_04_B.png","contentUrl":"https:\/\/www.jiproequip.com\/wp-content\/uploads\/2023\/10\/Bombas_aguas_cargadas_residuales_Caprari_Columbec_04_B.png","width":222,"height":345},{"@type":"BreadcrumbList","@id":"https:\/\/www.jiproequip.com\/index.php\/producto\/bombas-de-aguas-residuales-antiatasco-para-transporte-de-solidos\/#breadcrumb","itemListElement":[{"@type":"ListItem","position":1,"name":"Home","item":"https:\/\/www.jiproequip.com\/"},{"@type":"ListItem","position":2,"name":"Tienda","item":"https:\/\/www.jiproequip.com\/index.php\/tienda\/"},{"@type":"ListItem","position":3,"name":"Bombas de aguas residuales, antiatasco para transporte de s\u00f3lidos"}]},{"@type":"WebSite","@id":"https:\/\/www.jiproequip.com\/#website","url":"https:\/\/www.jiproequip.com\/","name":"Ji-proequip","description":"Venta de equipos industriales con servicio t\u00e9cnico especializado","publisher":{"@id":"https:\/\/www.jiproequip.com\/#organization"},"potentialAction":[{"@type":"SearchAction","target":{"@type":"EntryPoint","urlTemplate":"https:\/\/www.jiproequip.com\/?s={search_term_string}"},"query-input":{"@type":"PropertyValueSpecification","valueRequired":true,"valueName":"search_term_string"}}],"inLanguage":"es"},{"@type":"Organization","@id":"https:\/\/www.jiproequip.com\/#organization","name":"Ji-proequip","url":"https:\/\/www.jiproequip.com\/","logo":{"@type":"ImageObject","inLanguage":"es","@id":"https:\/\/www.jiproequip.com\/#\/schema\/logo\/image\/","url":"https:\/\/www.jiproequip.com\/wp-content\/uploads\/2025\/06\/LOGO-JIproequip-2025.png","contentUrl":"https:\/\/www.jiproequip.com\/wp-content\/uploads\/2025\/06\/LOGO-JIproequip-2025.png","width":2433,"height":596,"caption":"Ji-proequip"},"image":{"@id":"https:\/\/www.jiproequip.com\/#\/schema\/logo\/image\/"}}]}},"uagb_featured_image_src":{"full":["https:\/\/www.jiproequip.com\/wp-content\/uploads\/2023\/10\/Bombas_aguas_cargadas_residuales_Caprari_Columbec_04_B.png",222,345,false],"thumbnail":["https:\/\/www.jiproequip.com\/wp-content\/uploads\/2023\/10\/Bombas_aguas_cargadas_residuales_Caprari_Columbec_04_B.png",97,150,false],"medium":["https:\/\/www.jiproequip.com\/wp-content\/uploads\/2023\/10\/Bombas_aguas_cargadas_residuales_Caprari_Columbec_04_B.png",193,300,false],"medium_large":["https:\/\/www.jiproequip.com\/wp-content\/uploads\/2023\/10\/Bombas_aguas_cargadas_residuales_Caprari_Columbec_04_B.png",222,345,false],"large":["https:\/\/www.jiproequip.com\/wp-content\/uploads\/2023\/10\/Bombas_aguas_cargadas_residuales_Caprari_Columbec_04_B.png",222,345,false],"1536x1536":["https:\/\/www.jiproequip.com\/wp-content\/uploads\/2023\/10\/Bombas_aguas_cargadas_residuales_Caprari_Columbec_04_B.png",222,345,false],"2048x2048":["https:\/\/www.jiproequip.com\/wp-content\/uploads\/2023\/10\/Bombas_aguas_cargadas_residuales_Caprari_Columbec_04_B.png",222,345,false],"mailpoet_newsletter_max":["https:\/\/www.jiproequip.com\/wp-content\/uploads\/2023\/10\/Bombas_aguas_cargadas_residuales_Caprari_Columbec_04_B.png",222,345,false],"woocommerce_thumbnail":["https:\/\/www.jiproequip.com\/wp-content\/uploads\/2023\/10\/Bombas_aguas_cargadas_residuales_Caprari_Columbec_04_B.png",222,345,false],"woocommerce_single":["https:\/\/www.jiproequip.com\/wp-content\/uploads\/2023\/10\/Bombas_aguas_cargadas_residuales_Caprari_Columbec_04_B.png",222,345,false],"woocommerce_gallery_thumbnail":["https:\/\/www.jiproequip.com\/wp-content\/uploads\/2023\/10\/Bombas_aguas_cargadas_residuales_Caprari_Columbec_04_B-100x100.png",100,100,true]},"uagb_author_info":{"display_name":"admin_jiproeq","author_link":"https:\/\/www.jiproequip.com\/index.php\/author\/"},"uagb_comment_info":0,"uagb_excerpt":"Electrobombas sumergibles de alta eficiencia para elevaci\u00f3n de aguas residuales. Dise\u00f1adas expresamente para el bombeo de aguas residuales urbanas e industriales, en estaciones de elevaci\u00f3n del alcantarillado p\u00fablico y en plantas de depuraci\u00f3n.Sistema hidr\u00e1ulico mono\/bicanal o con rodete abierto retrasado, ideal para transportar l\u00edquidos con alta concentraci\u00f3n de materia s\u00f3lida. Rodetes con dispositivo antiatasco, doble&hellip;","jetpack_sharing_enabled":true,"_links":{"self":[{"href":"https:\/\/www.jiproequip.com\/index.php\/wp-json\/wp\/v2\/product\/3956","targetHints":{"allow":["GET"]}}],"collection":[{"href":"https:\/\/www.jiproequip.com\/index.php\/wp-json\/wp\/v2\/product"}],"about":[{"href":"https:\/\/www.jiproequip.com\/index.php\/wp-json\/wp\/v2\/types\/product"}],"replies":[{"embeddable":true,"href":"https:\/\/www.jiproequip.com\/index.php\/wp-json\/wp\/v2\/comments?post=3956"}],"wp:featuredmedia":[{"embeddable":true,"href":"https:\/\/www.jiproequip.com\/index.php\/wp-json\/wp\/v2\/media\/3959"}],"wp:attachment":[{"href":"https:\/\/www.jiproequip.com\/index.php\/wp-json\/wp\/v2\/media?parent=3956"}],"wp:term":[{"taxonomy":"product_brand","embeddable":true,"href":"https:\/\/www.jiproequip.com\/index.php\/wp-json\/wp\/v2\/product_brand?post=3956"},{"taxonomy":"product_cat","embeddable":true,"href":"https:\/\/www.jiproequip.com\/index.php\/wp-json\/wp\/v2\/product_cat?post=3956"},{"taxonomy":"product_tag","embeddable":true,"href":"https:\/\/www.jiproequip.com\/index.php\/wp-json\/wp\/v2\/product_tag?post=3956"}],"curies":[{"name":"wp","href":"https:\/\/api.w.org\/{rel}","templated":true}]}}