{"id":4003,"date":"2023-10-29T16:54:45","date_gmt":"2023-10-29T21:54:45","guid":{"rendered":"https:\/\/www.jiproequip.com\/?post_type=product&#038;p=4003"},"modified":"2023-10-29T16:57:48","modified_gmt":"2023-10-29T21:57:48","slug":"bomba-neumatica-doble-diafragma-sanitaria","status":"publish","type":"product","link":"https:\/\/www.jiproequip.com\/index.php\/producto\/bomba-neumatica-doble-diafragma-sanitaria\/","title":{"rendered":"Bomba neum\u00e1tica, doble diafragma Sanitaria"},"content":{"rendered":"<div class=\"pl_i2c\">\n<div class=\"pl_i2c\">\n<div class=\"pl_i2c\">\n<div class=\"pl_i2c\">\n<div class=\"pl_i2c\">\n<div class=\"pl_i2c\">\n<div class=\"pl_i2c\">\n<div class=\"pl_i2c\">\n<div class=\"pl_i2c\">\n<div class=\"pl_i2c\">\n<div class=\"pl_i2c\">\n<div class=\"pl_i2c\">\n<div class=\"pl_i2c\">\n<div class=\"pl_i2c\">\n<div class=\"pl_i2c\">\n<div class=\"pl_i2c\">\n<div class=\"pl_i2c\">\n<div class=\"pl_i2c\">\n<div class=\"pl_i2c\">\n<div class=\"pl_i2c\">\n<div class=\"pl_i2c\">\n<div class=\"pl_i2c\">\n<div class=\"pl_i2c\">\n<div class=\"pl_i2c\">\n<div class=\"pl_i2c\">\n<p>Ensamblada con Tri-clamps, para facilitar las limpiezas peri\u00f3dicas en las aplicaciones cosm\u00e9ticas\/alimenticias\/farmac\u00e9uticas.<\/p>\n<div class=\"arprH0\">\n<p>Puede operar en seco.<\/p>\n<p>Resistencia Qu\u00edmica seg\u00fan materiales.<\/p>\n<p>Construida en Acero inoxidable A316. Certificada por la FDA.<\/p>\n<p>Aplicaci\u00f3nes comunes: Alimentos, l\u00edquidos concentrados, envasado, jugos, salsas, pastas, vino, mermeladas, aceites comestibles.<\/p>\n<p>Operaci\u00f3n libre de lubricaci\u00f3n para un trabajo sin contaminaciones limpio.\u00a0Construcci\u00f3n robusta y amplia gama de materiales de construcci\u00f3n para compatibilidad con los fluidos de trabajo.<\/p>\n<p>Caudal m\u00e1ximo de trabajo: 16 gpm (61 lpm) \u2013 150 gpm (568 lpm).<br \/>\nTerminales tri-clamp: de 1\u201d a 2.5\u201d.<br \/>\nDimensiones de solidos disueltos (m\u00e1ximas): 1.5mm \u2013 12.7mm (di\u00e1metro)<br \/>\nTemperatura m\u00e1xima de bombeo: 107\u2103 (depende de compatibilidad con el fluido<br \/>\nDiafragmas sobremoldeados: el fluido nunca entra en contacto con el plato donde se monta el diafragma, reduciendo al m\u00ednimo los puntos de posibles contaminaciones.<br \/>\nPTFE Sobre moldeado, Polycloropreno Sobremoldeado.<\/p>\n<\/div>\n<\/div>\n<\/div>\n<\/div>\n<\/div>\n<\/div>\n<\/div>\n<\/div>\n<\/div>\n<\/div>\n<\/div>\n<\/div>\n<\/div>\n<\/div>\n<\/div>\n<\/div>\n<\/div>\n<\/div>\n<\/div>\n<\/div>\n<\/div>\n<\/div>\n<\/div>\n<\/div>\n<\/div>\n<\/div>\n","protected":false},"excerpt":{"rendered":"<p>Ensamblada con Tri-clamps, para facilitar las limpiezas peri\u00f3dicas en las aplicaciones cosm\u00e9ticas\/alimenticias\/farmac\u00e9uticas. Puede operar en seco. Resistencia Qu\u00edmica seg\u00fan materiales. Construida en Acero inoxidable A316. Certificada por la FDA. Aplicaci\u00f3nes comunes: Alimentos, l\u00edquidos concentrados, envasado, jugos, salsas, pastas, vino, mermeladas, aceites comestibles. Operaci\u00f3n libre de lubricaci\u00f3n para un trabajo sin contaminaciones limpio.\u00a0Construcci\u00f3n robusta y amplia [&hellip;]<\/p>\n","protected":false},"featured_media":3995,"comment_status":"open","ping_status":"closed","template":"","meta":{"_uag_custom_page_level_css":""},"product_brand":[],"product_cat":[75],"product_tag":[],"class_list":{"0":"post-4003","1":"product","2":"type-product","3":"status-publish","4":"has-post-thumbnail","6":"product_cat-bombas-de-diafragma","8":"first","9":"instock","10":"shipping-taxable","11":"product-type-simple"},"yoast_head":"<!-- This site is optimized with the Yoast SEO plugin v25.2 - https:\/\/yoast.com\/wordpress\/plugins\/seo\/ -->\n<title>Bomba neum\u00e1tica, doble diafragma Sanitaria - Ji-proequip<\/title>\n<meta name=\"robots\" content=\"index, follow, max-snippet:-1, max-image-preview:large, max-video-preview:-1\" \/>\n<link rel=\"canonical\" href=\"https:\/\/www.jiproequip.com\/index.php\/producto\/bomba-neumatica-doble-diafragma-sanitaria\/\" \/>\n<meta property=\"og:locale\" content=\"es_ES\" \/>\n<meta property=\"og:type\" content=\"article\" \/>\n<meta property=\"og:title\" content=\"Bomba neum\u00e1tica, doble diafragma Sanitaria - Ji-proequip\" \/>\n<meta property=\"og:description\" content=\"Ensamblada con Tri-clamps, para facilitar las limpiezas peri\u00f3dicas en las aplicaciones cosm\u00e9ticas\/alimenticias\/farmac\u00e9uticas. Puede operar en seco. Resistencia Qu\u00edmica seg\u00fan materiales. Construida en Acero inoxidable A316. Certificada por la FDA. Aplicaci\u00f3nes comunes: Alimentos, l\u00edquidos concentrados, envasado, jugos, salsas, pastas, vino, mermeladas, aceites comestibles. Operaci\u00f3n libre de lubricaci\u00f3n para un trabajo sin contaminaciones limpio.\u00a0Construcci\u00f3n robusta y amplia [&hellip;]\" \/>\n<meta property=\"og:url\" content=\"https:\/\/www.jiproequip.com\/index.php\/producto\/bomba-neumatica-doble-diafragma-sanitaria\/\" \/>\n<meta property=\"og:site_name\" content=\"Ji-proequip\" \/>\n<meta property=\"article:modified_time\" content=\"2023-10-29T21:57:48+00:00\" \/>\n<meta property=\"og:image\" content=\"https:\/\/www.jiproequip.com\/wp-content\/uploads\/2023\/10\/Bomba_neumatica_doble_diafragma_Sanitaria_graco_Columbec_02_B.png\" \/>\n\t<meta property=\"og:image:width\" content=\"325\" \/>\n\t<meta property=\"og:image:height\" content=\"410\" \/>\n\t<meta property=\"og:image:type\" content=\"image\/png\" \/>\n<meta name=\"twitter:card\" content=\"summary_large_image\" \/>\n<meta name=\"twitter:label1\" content=\"Tiempo de lectura\" \/>\n\t<meta name=\"twitter:data1\" content=\"1 minuto\" \/>\n<script type=\"application\/ld+json\" class=\"yoast-schema-graph\">{\"@context\":\"https:\/\/schema.org\",\"@graph\":[{\"@type\":\"WebPage\",\"@id\":\"https:\/\/www.jiproequip.com\/index.php\/producto\/bomba-neumatica-doble-diafragma-sanitaria\/\",\"url\":\"https:\/\/www.jiproequip.com\/index.php\/producto\/bomba-neumatica-doble-diafragma-sanitaria\/\",\"name\":\"Bomba neum\u00e1tica, doble diafragma Sanitaria - Ji-proequip\",\"isPartOf\":{\"@id\":\"https:\/\/www.jiproequip.com\/#website\"},\"primaryImageOfPage\":{\"@id\":\"https:\/\/www.jiproequip.com\/index.php\/producto\/bomba-neumatica-doble-diafragma-sanitaria\/#primaryimage\"},\"image\":{\"@id\":\"https:\/\/www.jiproequip.com\/index.php\/producto\/bomba-neumatica-doble-diafragma-sanitaria\/#primaryimage\"},\"thumbnailUrl\":\"https:\/\/www.jiproequip.com\/wp-content\/uploads\/2023\/10\/Bomba_neumatica_doble_diafragma_Sanitaria_graco_Columbec_02_B.png\",\"datePublished\":\"2023-10-29T21:54:45+00:00\",\"dateModified\":\"2023-10-29T21:57:48+00:00\",\"breadcrumb\":{\"@id\":\"https:\/\/www.jiproequip.com\/index.php\/producto\/bomba-neumatica-doble-diafragma-sanitaria\/#breadcrumb\"},\"inLanguage\":\"es\",\"potentialAction\":[{\"@type\":\"ReadAction\",\"target\":[\"https:\/\/www.jiproequip.com\/index.php\/producto\/bomba-neumatica-doble-diafragma-sanitaria\/\"]}]},{\"@type\":\"ImageObject\",\"inLanguage\":\"es\",\"@id\":\"https:\/\/www.jiproequip.com\/index.php\/producto\/bomba-neumatica-doble-diafragma-sanitaria\/#primaryimage\",\"url\":\"https:\/\/www.jiproequip.com\/wp-content\/uploads\/2023\/10\/Bomba_neumatica_doble_diafragma_Sanitaria_graco_Columbec_02_B.png\",\"contentUrl\":\"https:\/\/www.jiproequip.com\/wp-content\/uploads\/2023\/10\/Bomba_neumatica_doble_diafragma_Sanitaria_graco_Columbec_02_B.png\",\"width\":325,\"height\":410},{\"@type\":\"BreadcrumbList\",\"@id\":\"https:\/\/www.jiproequip.com\/index.php\/producto\/bomba-neumatica-doble-diafragma-sanitaria\/#breadcrumb\",\"itemListElement\":[{\"@type\":\"ListItem\",\"position\":1,\"name\":\"Home\",\"item\":\"https:\/\/www.jiproequip.com\/\"},{\"@type\":\"ListItem\",\"position\":2,\"name\":\"Tienda\",\"item\":\"https:\/\/www.jiproequip.com\/index.php\/tienda\/\"},{\"@type\":\"ListItem\",\"position\":3,\"name\":\"Bomba neum\u00e1tica, doble diafragma Sanitaria\"}]},{\"@type\":\"WebSite\",\"@id\":\"https:\/\/www.jiproequip.com\/#website\",\"url\":\"https:\/\/www.jiproequip.com\/\",\"name\":\"Ji-proequip\",\"description\":\"Venta de equipos industriales con servicio t\u00e9cnico especializado\",\"publisher\":{\"@id\":\"https:\/\/www.jiproequip.com\/#organization\"},\"potentialAction\":[{\"@type\":\"SearchAction\",\"target\":{\"@type\":\"EntryPoint\",\"urlTemplate\":\"https:\/\/www.jiproequip.com\/?s={search_term_string}\"},\"query-input\":{\"@type\":\"PropertyValueSpecification\",\"valueRequired\":true,\"valueName\":\"search_term_string\"}}],\"inLanguage\":\"es\"},{\"@type\":\"Organization\",\"@id\":\"https:\/\/www.jiproequip.com\/#organization\",\"name\":\"Ji-proequip\",\"url\":\"https:\/\/www.jiproequip.com\/\",\"logo\":{\"@type\":\"ImageObject\",\"inLanguage\":\"es\",\"@id\":\"https:\/\/www.jiproequip.com\/#\/schema\/logo\/image\/\",\"url\":\"https:\/\/www.jiproequip.com\/wp-content\/uploads\/2025\/06\/LOGO-JIproequip-2025.png\",\"contentUrl\":\"https:\/\/www.jiproequip.com\/wp-content\/uploads\/2025\/06\/LOGO-JIproequip-2025.png\",\"width\":2433,\"height\":596,\"caption\":\"Ji-proequip\"},\"image\":{\"@id\":\"https:\/\/www.jiproequip.com\/#\/schema\/logo\/image\/\"}}]}<\/script>\n<!-- \/ Yoast SEO plugin. -->","yoast_head_json":{"title":"Bomba neum\u00e1tica, doble diafragma Sanitaria - Ji-proequip","robots":{"index":"index","follow":"follow","max-snippet":"max-snippet:-1","max-image-preview":"max-image-preview:large","max-video-preview":"max-video-preview:-1"},"canonical":"https:\/\/www.jiproequip.com\/index.php\/producto\/bomba-neumatica-doble-diafragma-sanitaria\/","og_locale":"es_ES","og_type":"article","og_title":"Bomba neum\u00e1tica, doble diafragma Sanitaria - Ji-proequip","og_description":"Ensamblada con Tri-clamps, para facilitar las limpiezas peri\u00f3dicas en las aplicaciones cosm\u00e9ticas\/alimenticias\/farmac\u00e9uticas. Puede operar en seco. Resistencia Qu\u00edmica seg\u00fan materiales. Construida en Acero inoxidable A316. Certificada por la FDA. Aplicaci\u00f3nes comunes: Alimentos, l\u00edquidos concentrados, envasado, jugos, salsas, pastas, vino, mermeladas, aceites comestibles. Operaci\u00f3n libre de lubricaci\u00f3n para un trabajo sin contaminaciones limpio.\u00a0Construcci\u00f3n robusta y amplia [&hellip;]","og_url":"https:\/\/www.jiproequip.com\/index.php\/producto\/bomba-neumatica-doble-diafragma-sanitaria\/","og_site_name":"Ji-proequip","article_modified_time":"2023-10-29T21:57:48+00:00","og_image":[{"width":325,"height":410,"url":"https:\/\/www.jiproequip.com\/wp-content\/uploads\/2023\/10\/Bomba_neumatica_doble_diafragma_Sanitaria_graco_Columbec_02_B.png","type":"image\/png"}],"twitter_card":"summary_large_image","twitter_misc":{"Tiempo de lectura":"1 minuto"},"schema":{"@context":"https:\/\/schema.org","@graph":[{"@type":"WebPage","@id":"https:\/\/www.jiproequip.com\/index.php\/producto\/bomba-neumatica-doble-diafragma-sanitaria\/","url":"https:\/\/www.jiproequip.com\/index.php\/producto\/bomba-neumatica-doble-diafragma-sanitaria\/","name":"Bomba neum\u00e1tica, doble diafragma Sanitaria - Ji-proequip","isPartOf":{"@id":"https:\/\/www.jiproequip.com\/#website"},"primaryImageOfPage":{"@id":"https:\/\/www.jiproequip.com\/index.php\/producto\/bomba-neumatica-doble-diafragma-sanitaria\/#primaryimage"},"image":{"@id":"https:\/\/www.jiproequip.com\/index.php\/producto\/bomba-neumatica-doble-diafragma-sanitaria\/#primaryimage"},"thumbnailUrl":"https:\/\/www.jiproequip.com\/wp-content\/uploads\/2023\/10\/Bomba_neumatica_doble_diafragma_Sanitaria_graco_Columbec_02_B.png","datePublished":"2023-10-29T21:54:45+00:00","dateModified":"2023-10-29T21:57:48+00:00","breadcrumb":{"@id":"https:\/\/www.jiproequip.com\/index.php\/producto\/bomba-neumatica-doble-diafragma-sanitaria\/#breadcrumb"},"inLanguage":"es","potentialAction":[{"@type":"ReadAction","target":["https:\/\/www.jiproequip.com\/index.php\/producto\/bomba-neumatica-doble-diafragma-sanitaria\/"]}]},{"@type":"ImageObject","inLanguage":"es","@id":"https:\/\/www.jiproequip.com\/index.php\/producto\/bomba-neumatica-doble-diafragma-sanitaria\/#primaryimage","url":"https:\/\/www.jiproequip.com\/wp-content\/uploads\/2023\/10\/Bomba_neumatica_doble_diafragma_Sanitaria_graco_Columbec_02_B.png","contentUrl":"https:\/\/www.jiproequip.com\/wp-content\/uploads\/2023\/10\/Bomba_neumatica_doble_diafragma_Sanitaria_graco_Columbec_02_B.png","width":325,"height":410},{"@type":"BreadcrumbList","@id":"https:\/\/www.jiproequip.com\/index.php\/producto\/bomba-neumatica-doble-diafragma-sanitaria\/#breadcrumb","itemListElement":[{"@type":"ListItem","position":1,"name":"Home","item":"https:\/\/www.jiproequip.com\/"},{"@type":"ListItem","position":2,"name":"Tienda","item":"https:\/\/www.jiproequip.com\/index.php\/tienda\/"},{"@type":"ListItem","position":3,"name":"Bomba neum\u00e1tica, doble diafragma Sanitaria"}]},{"@type":"WebSite","@id":"https:\/\/www.jiproequip.com\/#website","url":"https:\/\/www.jiproequip.com\/","name":"Ji-proequip","description":"Venta de equipos industriales con servicio t\u00e9cnico especializado","publisher":{"@id":"https:\/\/www.jiproequip.com\/#organization"},"potentialAction":[{"@type":"SearchAction","target":{"@type":"EntryPoint","urlTemplate":"https:\/\/www.jiproequip.com\/?s={search_term_string}"},"query-input":{"@type":"PropertyValueSpecification","valueRequired":true,"valueName":"search_term_string"}}],"inLanguage":"es"},{"@type":"Organization","@id":"https:\/\/www.jiproequip.com\/#organization","name":"Ji-proequip","url":"https:\/\/www.jiproequip.com\/","logo":{"@type":"ImageObject","inLanguage":"es","@id":"https:\/\/www.jiproequip.com\/#\/schema\/logo\/image\/","url":"https:\/\/www.jiproequip.com\/wp-content\/uploads\/2025\/06\/LOGO-JIproequip-2025.png","contentUrl":"https:\/\/www.jiproequip.com\/wp-content\/uploads\/2025\/06\/LOGO-JIproequip-2025.png","width":2433,"height":596,"caption":"Ji-proequip"},"image":{"@id":"https:\/\/www.jiproequip.com\/#\/schema\/logo\/image\/"}}]}},"uagb_featured_image_src":{"full":["https:\/\/www.jiproequip.com\/wp-content\/uploads\/2023\/10\/Bomba_neumatica_doble_diafragma_Sanitaria_graco_Columbec_02_B.png",325,410,false],"thumbnail":["https:\/\/www.jiproequip.com\/wp-content\/uploads\/2023\/10\/Bomba_neumatica_doble_diafragma_Sanitaria_graco_Columbec_02_B.png",119,150,false],"medium":["https:\/\/www.jiproequip.com\/wp-content\/uploads\/2023\/10\/Bomba_neumatica_doble_diafragma_Sanitaria_graco_Columbec_02_B.png",238,300,false],"medium_large":["https:\/\/www.jiproequip.com\/wp-content\/uploads\/2023\/10\/Bomba_neumatica_doble_diafragma_Sanitaria_graco_Columbec_02_B.png",325,410,false],"large":["https:\/\/www.jiproequip.com\/wp-content\/uploads\/2023\/10\/Bomba_neumatica_doble_diafragma_Sanitaria_graco_Columbec_02_B.png",325,410,false],"1536x1536":["https:\/\/www.jiproequip.com\/wp-content\/uploads\/2023\/10\/Bomba_neumatica_doble_diafragma_Sanitaria_graco_Columbec_02_B.png",325,410,false],"2048x2048":["https:\/\/www.jiproequip.com\/wp-content\/uploads\/2023\/10\/Bomba_neumatica_doble_diafragma_Sanitaria_graco_Columbec_02_B.png",325,410,false],"mailpoet_newsletter_max":["https:\/\/www.jiproequip.com\/wp-content\/uploads\/2023\/10\/Bomba_neumatica_doble_diafragma_Sanitaria_graco_Columbec_02_B.png",325,410,false],"woocommerce_thumbnail":["https:\/\/www.jiproequip.com\/wp-content\/uploads\/2023\/10\/Bomba_neumatica_doble_diafragma_Sanitaria_graco_Columbec_02_B.png",300,378,false],"woocommerce_single":["https:\/\/www.jiproequip.com\/wp-content\/uploads\/2023\/10\/Bomba_neumatica_doble_diafragma_Sanitaria_graco_Columbec_02_B.png",325,410,false],"woocommerce_gallery_thumbnail":["https:\/\/www.jiproequip.com\/wp-content\/uploads\/2023\/10\/Bomba_neumatica_doble_diafragma_Sanitaria_graco_Columbec_02_B-100x100.png",100,100,true]},"uagb_author_info":{"display_name":"admin_jiproeq","author_link":"https:\/\/www.jiproequip.com\/index.php\/author\/"},"uagb_comment_info":0,"uagb_excerpt":"Ensamblada con Tri-clamps, para facilitar las limpiezas peri\u00f3dicas en las aplicaciones cosm\u00e9ticas\/alimenticias\/farmac\u00e9uticas. Puede operar en seco. Resistencia Qu\u00edmica seg\u00fan materiales. Construida en Acero inoxidable A316. Certificada por la FDA. Aplicaci\u00f3nes comunes: Alimentos, l\u00edquidos concentrados, envasado, jugos, salsas, pastas, vino, mermeladas, aceites comestibles. Operaci\u00f3n libre de lubricaci\u00f3n para un trabajo sin contaminaciones limpio.\u00a0Construcci\u00f3n robusta y amplia&hellip;","jetpack_sharing_enabled":true,"_links":{"self":[{"href":"https:\/\/www.jiproequip.com\/index.php\/wp-json\/wp\/v2\/product\/4003","targetHints":{"allow":["GET"]}}],"collection":[{"href":"https:\/\/www.jiproequip.com\/index.php\/wp-json\/wp\/v2\/product"}],"about":[{"href":"https:\/\/www.jiproequip.com\/index.php\/wp-json\/wp\/v2\/types\/product"}],"replies":[{"embeddable":true,"href":"https:\/\/www.jiproequip.com\/index.php\/wp-json\/wp\/v2\/comments?post=4003"}],"wp:featuredmedia":[{"embeddable":true,"href":"https:\/\/www.jiproequip.com\/index.php\/wp-json\/wp\/v2\/media\/3995"}],"wp:attachment":[{"href":"https:\/\/www.jiproequip.com\/index.php\/wp-json\/wp\/v2\/media?parent=4003"}],"wp:term":[{"taxonomy":"product_brand","embeddable":true,"href":"https:\/\/www.jiproequip.com\/index.php\/wp-json\/wp\/v2\/product_brand?post=4003"},{"taxonomy":"product_cat","embeddable":true,"href":"https:\/\/www.jiproequip.com\/index.php\/wp-json\/wp\/v2\/product_cat?post=4003"},{"taxonomy":"product_tag","embeddable":true,"href":"https:\/\/www.jiproequip.com\/index.php\/wp-json\/wp\/v2\/product_tag?post=4003"}],"curies":[{"name":"wp","href":"https:\/\/api.w.org\/{rel}","templated":true}]}}